{"id":259,"date":"2015-10-14T10:45:15","date_gmt":"2015-10-14T07:45:15","guid":{"rendered":"http:\/\/tuberkuloosi.fi\/en\/?page_id=259"},"modified":"2025-03-13T15:08:33","modified_gmt":"2025-03-13T13:08:33","slug":"posters","status":"publish","type":"page","link":"https:\/\/tuberkuloosi.fi\/en\/materials\/posters\/","title":{"rendered":"Posters"},"content":{"rendered":"<span><span><a href=\"https:\/\/tuberkuloosi.fi\/en\/\">Home<\/a><\/span><\/span>\n<h2>Poster of the site tuberkuloosi.fi<\/h2>\n<p>&nbsp;<\/p>\n<p><a href=\"http:\/\/tuberkuloosi.fi\/en\/wp-content\/uploads\/sites\/2\/2015\/10\/tuberkuloosi.fi-juliste_EN.jpg\"><img fetchpriority=\"high\" decoding=\"async\" class=\"alignleft size-large wp-image-264\" src=\"http:\/\/tuberkuloosi.fi\/en\/wp-content\/uploads\/sites\/2\/2015\/10\/tuberkuloosi.fi-juliste_EN-768x1024.jpg\" alt=\"tuberkuloosi.fi juliste_EN\" width=\"223\" height=\"300\" \/><\/a><\/p>\n<p>tuberkuloosi.fi-poster can be used to spread information about this web site.<\/p>\n<p><a href=\"http:\/\/tuberkuloosi.fi\/en\/wp-content\/uploads\/sites\/2\/2015\/10\/tuberkuloosi.fi-juliste_EN.pdf\">Poster of tuberkuloosi.fi site (pdf)<\/a><\/p>\n<p>&nbsp;<\/p>\n<p>&nbsp;<\/p>\n<h2><\/h2>\n<h2><\/h2>\n<h2><\/h2>\n<h2><\/h2>\n<p>&nbsp;<\/p>\n<p>&nbsp;<\/p>\n<p>&nbsp;<\/p>\n<p>&nbsp;<\/p>\n<p>&nbsp;<\/p>\n<hr \/>\n<h2>Posters of the TIE Project<\/h2>\n<p>These posters were developed in the TIE-project (Prevention and early detection of TB and HIV among young asylum seekers) in 2014 together with the animations. Design by Constantinos \u201cGogi\u201d Mavromichalis. The European Refugee Fund participated in the funding of the TIE-project.<\/p>\n<p><img decoding=\"async\" class=\"alignleft wp-image-679 size-medium lazyload\" data-src=\"http:\/\/tuberkuloosi.fi\/wp-content\/uploads\/2014\/06\/TIE-TB-juliste-pikkukuva-217x300.png\" alt=\"TIE-hankkeen TB juliste pikkukuva\" width=\"217\" height=\"300\" src=\"data:image\/svg+xml;base64,PHN2ZyB3aWR0aD0iMSIgaGVpZ2h0PSIxIiB4bWxucz0iaHR0cDovL3d3dy53My5vcmcvMjAwMC9zdmciPjwvc3ZnPg==\" style=\"--smush-placeholder-width: 217px; --smush-placeholder-aspect-ratio: 217\/300;\" \/><\/p>\n<h2><\/h2>\n<h2><\/h2>\n<h2><\/h2>\n<h2><\/h2>\n<h2><\/h2>\n<h2><\/h2>\n<h2><\/h2>\n<h2><\/h2>\n<h2><\/h2>\n<h2><img decoding=\"async\" class=\"alignleft wp-image-678 size-medium lazyload\" data-src=\"http:\/\/tuberkuloosi.fi\/wp-content\/uploads\/2014\/06\/TIE-HIV-juliste-pikkukuva-216x300.png\" alt=\"TIE-hankkeen HIV juliste pikkukuva\" width=\"216\" height=\"300\" src=\"data:image\/svg+xml;base64,PHN2ZyB3aWR0aD0iMSIgaGVpZ2h0PSIxIiB4bWxucz0iaHR0cDovL3d3dy53My5vcmcvMjAwMC9zdmciPjwvc3ZnPg==\" style=\"--smush-placeholder-width: 216px; --smush-placeholder-aspect-ratio: 216\/300;\" \/><\/h2>\n<h2><\/h2>\n<h2><\/h2>\n<h2><\/h2>\n<h2><\/h2>\n<h2><\/h2>\n<h2><\/h2>\n<h2><\/h2>\n<h2><\/h2>\n<h2><\/h2>\n<p>&nbsp;<\/p>\n<p>&nbsp;<\/p>\n<p>&nbsp;<\/p>\n<p>&nbsp;<\/p>\n<p>&nbsp;<\/p>\n<p>&nbsp;<\/p>\n<p>&nbsp;<\/p>\n<p>&nbsp;<\/p>\n<p>&nbsp;<\/p>\n<p><a href=\"http:\/\/tuberkuloosi.fi\/wp-content\/uploads\/2014\/06\/Juliste_Tubi.pdf\">TB is curable &#8211; Poster of the TIE Project (pdf)<\/a><\/p>\n<p><a href=\"http:\/\/tuberkuloosi.fi\/wp-content\/uploads\/2014\/06\/Juliste_Hiv.pdf\">Full life with HIV \u2013 Poster of the TIE Project(pdf)<\/a><\/p>\n<p><img loading=\"lazy\" decoding=\"async\" class=\"alignleft wp-image-690 size-thumbnail\" src=\"http:\/\/tuberkuloosi.fi\/wp-content\/uploads\/2014\/06\/35166_erf_logo_doc_fin-150x150.jpg\" alt=\"Euroopan pakolaisrahaston logo\" width=\"150\" height=\"150\" \/><\/p>\n<p>&nbsp;<\/p>\n<p>&nbsp;<\/p>\n<p>&nbsp;<\/p>\n<p>&nbsp;<\/p>\n<p>&nbsp;<\/p>\n<hr \/>\n<h2><\/h2>\n<h2>Posters by Pirkanmaa health district<\/h2>\n<p><a href=\"http:\/\/tuberkuloosi.fi\/en\/wp-content\/uploads\/sites\/2\/2015\/10\/pirkanmaa-poster_en.jpg\"><img decoding=\"async\" class=\"alignleft size-full wp-image-290 lazyload\" data-src=\"http:\/\/tuberkuloosi.fi\/en\/wp-content\/uploads\/sites\/2\/2015\/10\/pirkanmaa-poster_en.jpg\" alt=\"pirkanmaa poster_en\" width=\"220\" height=\"303\" src=\"data:image\/svg+xml;base64,PHN2ZyB3aWR0aD0iMSIgaGVpZ2h0PSIxIiB4bWxucz0iaHR0cDovL3d3dy53My5vcmcvMjAwMC9zdmciPjwvc3ZnPg==\" style=\"--smush-placeholder-width: 220px; --smush-placeholder-aspect-ratio: 220\/303;\" \/><\/a>The Pirkanmaa health district has produced poster about tuberculosis in Finnish, Swedish, English and Russian languages. Design by Juha Harju.<\/p>\n<p><a href=\"http:\/\/tuberkuloosi.fi\/wp-content\/uploads\/2014\/03\/PHSP-TB-juliste_suomi.pdf\" target=\"_blank\" rel=\"noopener noreferrer\">Tuberculosis poster in Finnish (pdf)<\/a><\/p>\n<p><a href=\"http:\/\/tuberkuloosi.fi\/wp-content\/uploads\/2014\/03\/PHSP-TB-juliste_ruotsi.pdf\" target=\"_blank\" rel=\"noopener noreferrer\">Tuberculosis poster in Swedish (pdf)<\/a><\/p>\n<p><a href=\"http:\/\/tuberkuloosi.fi\/wp-content\/uploads\/2014\/03\/PHSP-TB-juliste_englanti.pdf\" target=\"_blank\" rel=\"noopener noreferrer\">Tuberculosis poster in English(pdf)<\/a><\/p>\n<p><a href=\"http:\/\/tuberkuloosi.fi\/wp-content\/uploads\/2014\/03\/PHSP-TB-juliste_ven\u00e4j\u00e4.pdf\" target=\"_blank\" rel=\"noopener noreferrer\">Tuberculosis poster in Russian (pdf)<\/a><\/p>\n<p>These posters and other materials also available <a href=\"http:\/\/www.pshp.fi\/default.aspx?nodeid=18490\" target=\"_blank\" rel=\"noopener noreferrer\">at the web site of the Pirkanmaa Health District<\/a>.<\/p>\n<p>&nbsp;<\/p>\n<p>&nbsp;<\/p>\n<h2><\/h2>\n<h2><\/h2>\n<hr \/>\n<h2><\/h2>\n<h2>Posters on TB produced in TUBIDU-project<\/h2>\n<p>The EU-funded TUBIDU Project has produced brochures and posters on the symptoms of tuberculosis in seven languages. Read more about the project on the web site of the Estonian National Institute for Health Development.<\/p>\n<p><img decoding=\"async\" class=\"wp-image-512 alignleft lazyload\" data-src=\"http:\/\/tuberkuloosi.fi\/wp-content\/uploads\/2014\/03\/TUBIDU_poster_ENG.jpg\" alt=\"TUBIDU_poster_ENG\" width=\"312\" height=\"429\" src=\"data:image\/svg+xml;base64,PHN2ZyB3aWR0aD0iMSIgaGVpZ2h0PSIxIiB4bWxucz0iaHR0cDovL3d3dy53My5vcmcvMjAwMC9zdmciPjwvc3ZnPg==\" style=\"--smush-placeholder-width: 312px; --smush-placeholder-aspect-ratio: 312\/429;\" \/><\/p>\n<p>Estonian:<b>\u00a0<a href=\"https:\/\/tuberkuloosi.fi\/ru\/wp-content\/uploads\/sites\/3\/2023\/08\/TUBIDU_leaflet_EST.pdf\" target=\"_blank\" rel=\"noopener\">Iga\u00fcks v\u00f5ib haigestuda tuberkuloosi!<\/a>\u00a0(pdf)<\/b><\/p>\n<p>Latvian (Lettish): <b><a href=\"https:\/\/tuberkuloosi.fi\/ru\/wp-content\/uploads\/sites\/3\/2023\/08\/TUBIDU_leaflet_LAT.pdf\" target=\"_blank\" rel=\"noopener\">Ar tuberkulozi var saslimt ikviens!<\/a>\u00a0(pdf)<\/b><\/p>\n<p>Lithuanian: <b><a href=\"https:\/\/tuberkuloosi.fi\/ru\/wp-content\/uploads\/sites\/3\/2023\/08\/TUBIDU_leaflet_LIT.pdf\" target=\"_blank\" rel=\"noopener\">Bet kas gali susirgti tuberkulioze!<\/a>\u00a0(pdf)<\/b><\/p>\n<p>English: <b><a href=\"https:\/\/tuberkuloosi.fi\/ru\/wp-content\/uploads\/sites\/3\/2023\/08\/TUBIDU_leaflet_ENG.pdf\" target=\"_blank\" rel=\"noopener\">Anyone can get tuberculosis!<\/a>\u00a0(pdf)<\/b><\/p>\n<p>Romanian: <b><a href=\"https:\/\/tuberkuloosi.fi\/ru\/wp-content\/uploads\/sites\/3\/2023\/08\/TUBIDU_leaflet_ROM.pdf\" target=\"_blank\" rel=\"noopener\">Oricine se poate \u00eemboln\u0103vi de Tuberculoz\u0103!<\/a>\u00a0(pdf)<\/b><\/p>\n<p>Bulgarian: <b><a href=\"https:\/\/tuberkuloosi.fi\/ru\/wp-content\/uploads\/sites\/3\/2023\/08\/TUBIDU_leaflet_BUL.pdf\" target=\"_blank\" rel=\"noopener\">\u0412\u0441\u0435\u043a\u0438 \u043c\u043e\u0436\u0435 \u0434\u0430 \u0441\u0435 \u0437\u0430\u0440\u0430\u0437\u0438 \u0441 \u0442\u0443\u0431\u0435\u0440\u043a\u0443\u043b\u043e\u0437\u0430!<\/a>\u00a0(pdf)<\/b><\/p>\n<p>Russian: <b><a href=\"https:\/\/tuberkuloosi.fi\/ru\/wp-content\/uploads\/sites\/3\/2023\/08\/TUBIDU_leaflet_RUS.pdf\" target=\"_blank\" rel=\"noopener\">\u0417\u0430\u0431\u043e\u043b\u0435\u0442\u044c \u0442\u0443\u0431\u0435\u0440\u043a\u0443\u043b\u0451\u0437\u043e\u043c \u043c\u043e\u0436\u0435\u0442 \u043a\u0430\u0436\u0434\u044b\u0439!<\/a>\u00a0(pdf)<\/b><\/p>\n<p><img loading=\"lazy\" decoding=\"async\" class=\" wp-image-510 alignleft\" src=\"http:\/\/tuberkuloosi.fi\/wp-content\/uploads\/2014\/03\/tubidu_logo.png\" alt=\"tubidu_logo\" width=\"263\" height=\"65\" \/> <img decoding=\"async\" class=\"alignright wp-image-519 lazyload\" data-src=\"http:\/\/tuberkuloosi.fi\/wp-content\/uploads\/2014\/03\/EU_flag_and_co-funded_by_health_programme.jpg\" alt=\"EU_flag_and_co-funded_by_health_programme\" width=\"341\" height=\"69\" src=\"data:image\/svg+xml;base64,PHN2ZyB3aWR0aD0iMSIgaGVpZ2h0PSIxIiB4bWxucz0iaHR0cDovL3d3dy53My5vcmcvMjAwMC9zdmciPjwvc3ZnPg==\" style=\"--smush-placeholder-width: 341px; --smush-placeholder-aspect-ratio: 341\/69;\" \/><\/p>\n","protected":false},"excerpt":{"rendered":"<p>Poster of the site tuberkuloosi.fi &nbsp; tuberkuloosi.fi-poster can be used to spread information about this web site. Poster of tuberkuloosi.fi site (pdf) &nbsp; &nbsp; &nbsp; &nbsp; &nbsp; &nbsp; &nbsp; Posters of the TIE Project These posters were developed in the TIE-project (Prevention and early detection of TB and HIV among young asylum seekers) in 2014 &#8230; <a title=\"Posters\" class=\"read-more\" href=\"https:\/\/tuberkuloosi.fi\/en\/materials\/posters\/\">Read more<span class=\"screen-reader-text\">Posters<\/span><\/a><\/p>\n","protected":false},"author":1,"featured_media":0,"parent":238,"menu_order":0,"comment_status":"closed","ping_status":"open","template":"","meta":{"footnotes":""},"class_list":["post-259","page","type-page","status-publish"],"yoast_head":"<!-- This site is optimized with the Yoast SEO plugin v27.4 - https:\/\/yoast.com\/product\/yoast-seo-wordpress\/ -->\n<title>Posters - tuberculosis<\/title>\n<meta name=\"robots\" content=\"index, follow, max-snippet:-1, max-image-preview:large, max-video-preview:-1\" \/>\n<link rel=\"canonical\" href=\"https:\/\/tuberkuloosi.fi\/en\/materials\/posters\/\" \/>\n<meta property=\"og:locale\" content=\"en_US\" \/>\n<meta property=\"og:type\" content=\"article\" \/>\n<meta property=\"og:title\" content=\"Posters - tuberculosis\" \/>\n<meta property=\"og:description\" content=\"Poster of the site tuberkuloosi.fi &nbsp; tuberkuloosi.fi-poster can be used to spread information about this web site. Poster of tuberkuloosi.fi site (pdf) &nbsp; &nbsp; &nbsp; &nbsp; &nbsp; &nbsp; &nbsp; Posters of the TIE Project These posters were developed in the TIE-project (Prevention and early detection of TB and HIV among young asylum seekers) in 2014 ... Read morePosters\" \/>\n<meta property=\"og:url\" content=\"https:\/\/tuberkuloosi.fi\/en\/materials\/posters\/\" \/>\n<meta property=\"og:site_name\" content=\"tuberculosis\" \/>\n<meta property=\"article:modified_time\" content=\"2025-03-13T13:08:33+00:00\" \/>\n<meta property=\"og:image\" content=\"http:\/\/tuberkuloosi.fi\/en\/wp-content\/uploads\/sites\/2\/2015\/10\/tuberkuloosi.fi-juliste_EN-768x1024.jpg\" \/>\n<meta name=\"twitter:card\" content=\"summary_large_image\" \/>\n<meta name=\"twitter:label1\" content=\"Est. reading time\" \/>\n\t<meta name=\"twitter:data1\" content=\"1 minute\" \/>\n<script type=\"application\/ld+json\" class=\"yoast-schema-graph\">{\"@context\":\"https:\\\/\\\/schema.org\",\"@graph\":[{\"@type\":\"WebPage\",\"@id\":\"https:\\\/\\\/tuberkuloosi.fi\\\/en\\\/materials\\\/posters\\\/\",\"url\":\"https:\\\/\\\/tuberkuloosi.fi\\\/en\\\/materials\\\/posters\\\/\",\"name\":\"Posters - tuberculosis\",\"isPartOf\":{\"@id\":\"https:\\\/\\\/tuberkuloosi.fi\\\/en\\\/#website\"},\"primaryImageOfPage\":{\"@id\":\"https:\\\/\\\/tuberkuloosi.fi\\\/en\\\/materials\\\/posters\\\/#primaryimage\"},\"image\":{\"@id\":\"https:\\\/\\\/tuberkuloosi.fi\\\/en\\\/materials\\\/posters\\\/#primaryimage\"},\"thumbnailUrl\":\"http:\\\/\\\/tuberkuloosi.fi\\\/en\\\/wp-content\\\/uploads\\\/sites\\\/2\\\/2015\\\/10\\\/tuberkuloosi.fi-juliste_EN-768x1024.jpg\",\"datePublished\":\"2015-10-14T07:45:15+00:00\",\"dateModified\":\"2025-03-13T13:08:33+00:00\",\"breadcrumb\":{\"@id\":\"https:\\\/\\\/tuberkuloosi.fi\\\/en\\\/materials\\\/posters\\\/#breadcrumb\"},\"inLanguage\":\"en-US\",\"potentialAction\":[{\"@type\":\"ReadAction\",\"target\":[\"https:\\\/\\\/tuberkuloosi.fi\\\/en\\\/materials\\\/posters\\\/\"]}]},{\"@type\":\"ImageObject\",\"inLanguage\":\"en-US\",\"@id\":\"https:\\\/\\\/tuberkuloosi.fi\\\/en\\\/materials\\\/posters\\\/#primaryimage\",\"url\":\"https:\\\/\\\/tuberkuloosi.fi\\\/en\\\/wp-content\\\/uploads\\\/sites\\\/2\\\/2015\\\/10\\\/tuberkuloosi.fi-juliste_EN.jpg\",\"contentUrl\":\"https:\\\/\\\/tuberkuloosi.fi\\\/en\\\/wp-content\\\/uploads\\\/sites\\\/2\\\/2015\\\/10\\\/tuberkuloosi.fi-juliste_EN.jpg\",\"width\":1008,\"height\":1344},{\"@type\":\"BreadcrumbList\",\"@id\":\"https:\\\/\\\/tuberkuloosi.fi\\\/en\\\/materials\\\/posters\\\/#breadcrumb\",\"itemListElement\":[{\"@type\":\"ListItem\",\"position\":1,\"name\":\"Home\",\"item\":\"https:\\\/\\\/tuberkuloosi.fi\\\/en\\\/\"},{\"@type\":\"ListItem\",\"position\":2,\"name\":\"Materials\",\"item\":\"https:\\\/\\\/tuberkuloosi.fi\\\/en\\\/materials\\\/\"},{\"@type\":\"ListItem\",\"position\":3,\"name\":\"Posters\"}]},{\"@type\":\"WebSite\",\"@id\":\"https:\\\/\\\/tuberkuloosi.fi\\\/en\\\/#website\",\"url\":\"https:\\\/\\\/tuberkuloosi.fi\\\/en\\\/\",\"name\":\"tuberculosis\",\"description\":\"TB can be cured, let\u2019s do it together.\",\"publisher\":{\"@id\":\"https:\\\/\\\/tuberkuloosi.fi\\\/en\\\/#organization\"},\"potentialAction\":[{\"@type\":\"SearchAction\",\"target\":{\"@type\":\"EntryPoint\",\"urlTemplate\":\"https:\\\/\\\/tuberkuloosi.fi\\\/en\\\/?s={search_term_string}\"},\"query-input\":{\"@type\":\"PropertyValueSpecification\",\"valueRequired\":true,\"valueName\":\"search_term_string\"}}],\"inLanguage\":\"en-US\"},{\"@type\":\"Organization\",\"@id\":\"https:\\\/\\\/tuberkuloosi.fi\\\/en\\\/#organization\",\"name\":\"tuberculosis\",\"url\":\"https:\\\/\\\/tuberkuloosi.fi\\\/en\\\/\",\"logo\":{\"@type\":\"ImageObject\",\"inLanguage\":\"en-US\",\"@id\":\"https:\\\/\\\/tuberkuloosi.fi\\\/en\\\/#\\\/schema\\\/logo\\\/image\\\/\",\"url\":\"https:\\\/\\\/tuberkuloosi.fi\\\/en\\\/wp-content\\\/uploads\\\/sites\\\/2\\\/2019\\\/08\\\/cropped-tuberkuloosi.fi-logo1.jpg\",\"contentUrl\":\"https:\\\/\\\/tuberkuloosi.fi\\\/en\\\/wp-content\\\/uploads\\\/sites\\\/2\\\/2019\\\/08\\\/cropped-tuberkuloosi.fi-logo1.jpg\",\"width\":1598,\"height\":321,\"caption\":\"tuberculosis\"},\"image\":{\"@id\":\"https:\\\/\\\/tuberkuloosi.fi\\\/en\\\/#\\\/schema\\\/logo\\\/image\\\/\"}}]}<\/script>\n<!-- \/ Yoast SEO plugin. -->","yoast_head_json":{"title":"Posters - tuberculosis","robots":{"index":"index","follow":"follow","max-snippet":"max-snippet:-1","max-image-preview":"max-image-preview:large","max-video-preview":"max-video-preview:-1"},"canonical":"https:\/\/tuberkuloosi.fi\/en\/materials\/posters\/","og_locale":"en_US","og_type":"article","og_title":"Posters - tuberculosis","og_description":"Poster of the site tuberkuloosi.fi &nbsp; tuberkuloosi.fi-poster can be used to spread information about this web site. Poster of tuberkuloosi.fi site (pdf) &nbsp; &nbsp; &nbsp; &nbsp; &nbsp; &nbsp; &nbsp; Posters of the TIE Project These posters were developed in the TIE-project (Prevention and early detection of TB and HIV among young asylum seekers) in 2014 ... Read morePosters","og_url":"https:\/\/tuberkuloosi.fi\/en\/materials\/posters\/","og_site_name":"tuberculosis","article_modified_time":"2025-03-13T13:08:33+00:00","og_image":[{"url":"http:\/\/tuberkuloosi.fi\/en\/wp-content\/uploads\/sites\/2\/2015\/10\/tuberkuloosi.fi-juliste_EN-768x1024.jpg","type":"","width":"","height":""}],"twitter_card":"summary_large_image","twitter_misc":{"Est. reading time":"1 minute"},"schema":{"@context":"https:\/\/schema.org","@graph":[{"@type":"WebPage","@id":"https:\/\/tuberkuloosi.fi\/en\/materials\/posters\/","url":"https:\/\/tuberkuloosi.fi\/en\/materials\/posters\/","name":"Posters - tuberculosis","isPartOf":{"@id":"https:\/\/tuberkuloosi.fi\/en\/#website"},"primaryImageOfPage":{"@id":"https:\/\/tuberkuloosi.fi\/en\/materials\/posters\/#primaryimage"},"image":{"@id":"https:\/\/tuberkuloosi.fi\/en\/materials\/posters\/#primaryimage"},"thumbnailUrl":"http:\/\/tuberkuloosi.fi\/en\/wp-content\/uploads\/sites\/2\/2015\/10\/tuberkuloosi.fi-juliste_EN-768x1024.jpg","datePublished":"2015-10-14T07:45:15+00:00","dateModified":"2025-03-13T13:08:33+00:00","breadcrumb":{"@id":"https:\/\/tuberkuloosi.fi\/en\/materials\/posters\/#breadcrumb"},"inLanguage":"en-US","potentialAction":[{"@type":"ReadAction","target":["https:\/\/tuberkuloosi.fi\/en\/materials\/posters\/"]}]},{"@type":"ImageObject","inLanguage":"en-US","@id":"https:\/\/tuberkuloosi.fi\/en\/materials\/posters\/#primaryimage","url":"https:\/\/tuberkuloosi.fi\/en\/wp-content\/uploads\/sites\/2\/2015\/10\/tuberkuloosi.fi-juliste_EN.jpg","contentUrl":"https:\/\/tuberkuloosi.fi\/en\/wp-content\/uploads\/sites\/2\/2015\/10\/tuberkuloosi.fi-juliste_EN.jpg","width":1008,"height":1344},{"@type":"BreadcrumbList","@id":"https:\/\/tuberkuloosi.fi\/en\/materials\/posters\/#breadcrumb","itemListElement":[{"@type":"ListItem","position":1,"name":"Home","item":"https:\/\/tuberkuloosi.fi\/en\/"},{"@type":"ListItem","position":2,"name":"Materials","item":"https:\/\/tuberkuloosi.fi\/en\/materials\/"},{"@type":"ListItem","position":3,"name":"Posters"}]},{"@type":"WebSite","@id":"https:\/\/tuberkuloosi.fi\/en\/#website","url":"https:\/\/tuberkuloosi.fi\/en\/","name":"tuberculosis","description":"TB can be cured, let\u2019s do it together.","publisher":{"@id":"https:\/\/tuberkuloosi.fi\/en\/#organization"},"potentialAction":[{"@type":"SearchAction","target":{"@type":"EntryPoint","urlTemplate":"https:\/\/tuberkuloosi.fi\/en\/?s={search_term_string}"},"query-input":{"@type":"PropertyValueSpecification","valueRequired":true,"valueName":"search_term_string"}}],"inLanguage":"en-US"},{"@type":"Organization","@id":"https:\/\/tuberkuloosi.fi\/en\/#organization","name":"tuberculosis","url":"https:\/\/tuberkuloosi.fi\/en\/","logo":{"@type":"ImageObject","inLanguage":"en-US","@id":"https:\/\/tuberkuloosi.fi\/en\/#\/schema\/logo\/image\/","url":"https:\/\/tuberkuloosi.fi\/en\/wp-content\/uploads\/sites\/2\/2019\/08\/cropped-tuberkuloosi.fi-logo1.jpg","contentUrl":"https:\/\/tuberkuloosi.fi\/en\/wp-content\/uploads\/sites\/2\/2019\/08\/cropped-tuberkuloosi.fi-logo1.jpg","width":1598,"height":321,"caption":"tuberculosis"},"image":{"@id":"https:\/\/tuberkuloosi.fi\/en\/#\/schema\/logo\/image\/"}}]}},"_links":{"self":[{"href":"https:\/\/tuberkuloosi.fi\/en\/wp-json\/wp\/v2\/pages\/259","targetHints":{"allow":["GET"]}}],"collection":[{"href":"https:\/\/tuberkuloosi.fi\/en\/wp-json\/wp\/v2\/pages"}],"about":[{"href":"https:\/\/tuberkuloosi.fi\/en\/wp-json\/wp\/v2\/types\/page"}],"author":[{"embeddable":true,"href":"https:\/\/tuberkuloosi.fi\/en\/wp-json\/wp\/v2\/users\/1"}],"replies":[{"embeddable":true,"href":"https:\/\/tuberkuloosi.fi\/en\/wp-json\/wp\/v2\/comments?post=259"}],"version-history":[{"count":15,"href":"https:\/\/tuberkuloosi.fi\/en\/wp-json\/wp\/v2\/pages\/259\/revisions"}],"predecessor-version":[{"id":778,"href":"https:\/\/tuberkuloosi.fi\/en\/wp-json\/wp\/v2\/pages\/259\/revisions\/778"}],"up":[{"embeddable":true,"href":"https:\/\/tuberkuloosi.fi\/en\/wp-json\/wp\/v2\/pages\/238"}],"wp:attachment":[{"href":"https:\/\/tuberkuloosi.fi\/en\/wp-json\/wp\/v2\/media?parent=259"}],"curies":[{"name":"wp","href":"https:\/\/api.w.org\/{rel}","templated":true}]}}