{"id":117,"date":"2016-10-16T19:42:14","date_gmt":"2016-10-16T19:42:14","guid":{"rendered":"http:\/\/tuberkuloosi.fi\/et\/?page_id=117"},"modified":"2022-11-24T13:35:22","modified_gmt":"2022-11-24T13:35:22","slug":"kas-mina-olen-ohus","status":"publish","type":"page","link":"https:\/\/tuberkuloosi.fi\/et\/kas-mina-olen-ohus\/","title":{"rendered":"Kas mina olen ohus?"},"content":{"rendered":"<p>Sellest jaotisest leiate teavet tuberkuloosi riskir\u00fchmade kohta.<\/p>\n<p>Kas peaksite tuberkuloosi nakatumist kartma? Enamikele Soomes elavatele inimestele v\u00f5ime \u00f6elda, et t\u00f5en\u00e4oliselt ei pea Te muretsema. Tuberkuloos on Soomes haruldane haigus. Enamik inimesi ei pea selle p\u00e4rast muretsema.<\/p>\n<p>K\u00f5ige suurem oht tuberkuloosi nakatuda on inimestel, kes on veetnud palju aega koos kopsutuberkuloosi p\u00f5deva inimesega. See r\u00fchm h\u00f5lmab n\u00e4iteks samas majapidamises elavaid inimesi.<\/p>\n<p>Riski m\u00f5jutavad n\u00e4iteks ka j\u00e4rgmised tegurid.<\/p>\n<ul>\n<li>Kas olete pikalt elanud riigis, kus tuberkuloos on sage?<\/li>\n<li>Kas tuberkuloos on Teie kodumaal laialt levinud?<\/li>\n<li>Kas olete elanud \u00fclerahvastatud tingimustes?<\/li>\n<li>Milline on Teie tervis ja immuuns\u00fcsteem?<\/li>\n<\/ul>\n<p>Sellest jaotisest leiate teavet suure riskiga r\u00fchmade kohta ja eraldi jaotise tuberkuloosi kohta varjupaigataotlejatele.<\/p>\n<p>[qa cat=&#8221;tb-disease&#8221;]<\/p>\n<p>&nbsp;<\/p>\n","protected":false},"excerpt":{"rendered":"<p>Sellest jaotisest leiate teavet tuberkuloosi riskir\u00fchmade kohta. Kas peaksite tuberkuloosi nakatumist kartma? Enamikele Soomes elavatele inimestele v\u00f5ime \u00f6elda, et t\u00f5en\u00e4oliselt ei pea Te muretsema. Tuberkuloos on Soomes haruldane haigus. Enamik inimesi ei pea selle p\u00e4rast muretsema. K\u00f5ige suurem oht tuberkuloosi nakatuda on inimestel, kes on veetnud palju aega koos kopsutuberkuloosi p\u00f5deva inimesega. See r\u00fchm h\u00f5lmab &#8230; <a title=\"Kas mina olen ohus?\" class=\"read-more\" href=\"https:\/\/tuberkuloosi.fi\/et\/kas-mina-olen-ohus\/\">Read more<span class=\"screen-reader-text\">Kas mina olen ohus?<\/span><\/a><\/p>\n","protected":false},"author":1,"featured_media":0,"parent":0,"menu_order":0,"comment_status":"closed","ping_status":"open","template":"","meta":{"footnotes":""},"class_list":["post-117","page","type-page","status-publish"],"yoast_head":"<!-- This site is optimized with the Yoast SEO plugin v27.5 - https:\/\/yoast.com\/product\/yoast-seo-wordpress\/ -->\n<title>Kas mina olen ohus? - viro<\/title>\n<meta name=\"robots\" content=\"index, follow, max-snippet:-1, max-image-preview:large, max-video-preview:-1\" \/>\n<link rel=\"canonical\" href=\"https:\/\/tuberkuloosi.fi\/et\/kas-mina-olen-ohus\/\" \/>\n<meta property=\"og:locale\" content=\"en_US\" \/>\n<meta property=\"og:type\" content=\"article\" \/>\n<meta property=\"og:title\" content=\"Kas mina olen ohus? - viro\" \/>\n<meta property=\"og:description\" content=\"Sellest jaotisest leiate teavet tuberkuloosi riskir\u00fchmade kohta. Kas peaksite tuberkuloosi nakatumist kartma? Enamikele Soomes elavatele inimestele v\u00f5ime \u00f6elda, et t\u00f5en\u00e4oliselt ei pea Te muretsema. Tuberkuloos on Soomes haruldane haigus. Enamik inimesi ei pea selle p\u00e4rast muretsema. K\u00f5ige suurem oht tuberkuloosi nakatuda on inimestel, kes on veetnud palju aega koos kopsutuberkuloosi p\u00f5deva inimesega. See r\u00fchm h\u00f5lmab ... Read moreKas mina olen ohus?\" \/>\n<meta property=\"og:url\" content=\"https:\/\/tuberkuloosi.fi\/et\/kas-mina-olen-ohus\/\" \/>\n<meta property=\"og:site_name\" content=\"viro\" \/>\n<meta property=\"article:modified_time\" content=\"2022-11-24T13:35:22+00:00\" \/>\n<meta name=\"twitter:card\" content=\"summary_large_image\" \/>\n<meta name=\"twitter:label1\" content=\"Est. reading time\" \/>\n\t<meta name=\"twitter:data1\" content=\"1 minute\" \/>\n<script type=\"application\/ld+json\" class=\"yoast-schema-graph\">{\"@context\":\"https:\\\/\\\/schema.org\",\"@graph\":[{\"@type\":\"WebPage\",\"@id\":\"https:\\\/\\\/tuberkuloosi.fi\\\/et\\\/kas-mina-olen-ohus\\\/\",\"url\":\"https:\\\/\\\/tuberkuloosi.fi\\\/et\\\/kas-mina-olen-ohus\\\/\",\"name\":\"Kas mina olen ohus? - viro\",\"isPartOf\":{\"@id\":\"https:\\\/\\\/tuberkuloosi.fi\\\/et\\\/#website\"},\"datePublished\":\"2016-10-16T19:42:14+00:00\",\"dateModified\":\"2022-11-24T13:35:22+00:00\",\"breadcrumb\":{\"@id\":\"https:\\\/\\\/tuberkuloosi.fi\\\/et\\\/kas-mina-olen-ohus\\\/#breadcrumb\"},\"inLanguage\":\"en-US\",\"potentialAction\":[{\"@type\":\"ReadAction\",\"target\":[\"https:\\\/\\\/tuberkuloosi.fi\\\/et\\\/kas-mina-olen-ohus\\\/\"]}]},{\"@type\":\"BreadcrumbList\",\"@id\":\"https:\\\/\\\/tuberkuloosi.fi\\\/et\\\/kas-mina-olen-ohus\\\/#breadcrumb\",\"itemListElement\":[{\"@type\":\"ListItem\",\"position\":1,\"name\":\"Etusivu\",\"item\":\"https:\\\/\\\/tuberkuloosi.fi\\\/et\\\/\"},{\"@type\":\"ListItem\",\"position\":2,\"name\":\"Kas mina olen ohus?\"}]},{\"@type\":\"WebSite\",\"@id\":\"https:\\\/\\\/tuberkuloosi.fi\\\/et\\\/#website\",\"url\":\"https:\\\/\\\/tuberkuloosi.fi\\\/et\\\/\",\"name\":\"viro\",\"description\":\"Tuberkuloos on ravitav, teeme koos!\",\"publisher\":{\"@id\":\"https:\\\/\\\/tuberkuloosi.fi\\\/et\\\/#organization\"},\"potentialAction\":[{\"@type\":\"SearchAction\",\"target\":{\"@type\":\"EntryPoint\",\"urlTemplate\":\"https:\\\/\\\/tuberkuloosi.fi\\\/et\\\/?s={search_term_string}\"},\"query-input\":{\"@type\":\"PropertyValueSpecification\",\"valueRequired\":true,\"valueName\":\"search_term_string\"}}],\"inLanguage\":\"en-US\"},{\"@type\":\"Organization\",\"@id\":\"https:\\\/\\\/tuberkuloosi.fi\\\/et\\\/#organization\",\"name\":\"viro\",\"url\":\"https:\\\/\\\/tuberkuloosi.fi\\\/et\\\/\",\"logo\":{\"@type\":\"ImageObject\",\"inLanguage\":\"en-US\",\"@id\":\"https:\\\/\\\/tuberkuloosi.fi\\\/et\\\/#\\\/schema\\\/logo\\\/image\\\/\",\"url\":\"https:\\\/\\\/tuberkuloosi.fi\\\/et\\\/wp-content\\\/uploads\\\/sites\\\/7\\\/2019\\\/08\\\/cropped-tuberkuloosi.fi-logo1.jpg\",\"contentUrl\":\"https:\\\/\\\/tuberkuloosi.fi\\\/et\\\/wp-content\\\/uploads\\\/sites\\\/7\\\/2019\\\/08\\\/cropped-tuberkuloosi.fi-logo1.jpg\",\"width\":1598,\"height\":321,\"caption\":\"viro\"},\"image\":{\"@id\":\"https:\\\/\\\/tuberkuloosi.fi\\\/et\\\/#\\\/schema\\\/logo\\\/image\\\/\"}}]}<\/script>\n<!-- \/ Yoast SEO plugin. -->","yoast_head_json":{"title":"Kas mina olen ohus? - viro","robots":{"index":"index","follow":"follow","max-snippet":"max-snippet:-1","max-image-preview":"max-image-preview:large","max-video-preview":"max-video-preview:-1"},"canonical":"https:\/\/tuberkuloosi.fi\/et\/kas-mina-olen-ohus\/","og_locale":"en_US","og_type":"article","og_title":"Kas mina olen ohus? - viro","og_description":"Sellest jaotisest leiate teavet tuberkuloosi riskir\u00fchmade kohta. Kas peaksite tuberkuloosi nakatumist kartma? Enamikele Soomes elavatele inimestele v\u00f5ime \u00f6elda, et t\u00f5en\u00e4oliselt ei pea Te muretsema. Tuberkuloos on Soomes haruldane haigus. Enamik inimesi ei pea selle p\u00e4rast muretsema. K\u00f5ige suurem oht tuberkuloosi nakatuda on inimestel, kes on veetnud palju aega koos kopsutuberkuloosi p\u00f5deva inimesega. See r\u00fchm h\u00f5lmab ... Read moreKas mina olen ohus?","og_url":"https:\/\/tuberkuloosi.fi\/et\/kas-mina-olen-ohus\/","og_site_name":"viro","article_modified_time":"2022-11-24T13:35:22+00:00","twitter_card":"summary_large_image","twitter_misc":{"Est. reading time":"1 minute"},"schema":{"@context":"https:\/\/schema.org","@graph":[{"@type":"WebPage","@id":"https:\/\/tuberkuloosi.fi\/et\/kas-mina-olen-ohus\/","url":"https:\/\/tuberkuloosi.fi\/et\/kas-mina-olen-ohus\/","name":"Kas mina olen ohus? - viro","isPartOf":{"@id":"https:\/\/tuberkuloosi.fi\/et\/#website"},"datePublished":"2016-10-16T19:42:14+00:00","dateModified":"2022-11-24T13:35:22+00:00","breadcrumb":{"@id":"https:\/\/tuberkuloosi.fi\/et\/kas-mina-olen-ohus\/#breadcrumb"},"inLanguage":"en-US","potentialAction":[{"@type":"ReadAction","target":["https:\/\/tuberkuloosi.fi\/et\/kas-mina-olen-ohus\/"]}]},{"@type":"BreadcrumbList","@id":"https:\/\/tuberkuloosi.fi\/et\/kas-mina-olen-ohus\/#breadcrumb","itemListElement":[{"@type":"ListItem","position":1,"name":"Etusivu","item":"https:\/\/tuberkuloosi.fi\/et\/"},{"@type":"ListItem","position":2,"name":"Kas mina olen ohus?"}]},{"@type":"WebSite","@id":"https:\/\/tuberkuloosi.fi\/et\/#website","url":"https:\/\/tuberkuloosi.fi\/et\/","name":"viro","description":"Tuberkuloos on ravitav, teeme koos!","publisher":{"@id":"https:\/\/tuberkuloosi.fi\/et\/#organization"},"potentialAction":[{"@type":"SearchAction","target":{"@type":"EntryPoint","urlTemplate":"https:\/\/tuberkuloosi.fi\/et\/?s={search_term_string}"},"query-input":{"@type":"PropertyValueSpecification","valueRequired":true,"valueName":"search_term_string"}}],"inLanguage":"en-US"},{"@type":"Organization","@id":"https:\/\/tuberkuloosi.fi\/et\/#organization","name":"viro","url":"https:\/\/tuberkuloosi.fi\/et\/","logo":{"@type":"ImageObject","inLanguage":"en-US","@id":"https:\/\/tuberkuloosi.fi\/et\/#\/schema\/logo\/image\/","url":"https:\/\/tuberkuloosi.fi\/et\/wp-content\/uploads\/sites\/7\/2019\/08\/cropped-tuberkuloosi.fi-logo1.jpg","contentUrl":"https:\/\/tuberkuloosi.fi\/et\/wp-content\/uploads\/sites\/7\/2019\/08\/cropped-tuberkuloosi.fi-logo1.jpg","width":1598,"height":321,"caption":"viro"},"image":{"@id":"https:\/\/tuberkuloosi.fi\/et\/#\/schema\/logo\/image\/"}}]}},"_links":{"self":[{"href":"https:\/\/tuberkuloosi.fi\/et\/wp-json\/wp\/v2\/pages\/117","targetHints":{"allow":["GET"]}}],"collection":[{"href":"https:\/\/tuberkuloosi.fi\/et\/wp-json\/wp\/v2\/pages"}],"about":[{"href":"https:\/\/tuberkuloosi.fi\/et\/wp-json\/wp\/v2\/types\/page"}],"author":[{"embeddable":true,"href":"https:\/\/tuberkuloosi.fi\/et\/wp-json\/wp\/v2\/users\/1"}],"replies":[{"embeddable":true,"href":"https:\/\/tuberkuloosi.fi\/et\/wp-json\/wp\/v2\/comments?post=117"}],"version-history":[{"count":4,"href":"https:\/\/tuberkuloosi.fi\/et\/wp-json\/wp\/v2\/pages\/117\/revisions"}],"predecessor-version":[{"id":273,"href":"https:\/\/tuberkuloosi.fi\/et\/wp-json\/wp\/v2\/pages\/117\/revisions\/273"}],"wp:attachment":[{"href":"https:\/\/tuberkuloosi.fi\/et\/wp-json\/wp\/v2\/media?parent=117"}],"curies":[{"name":"wp","href":"https:\/\/api.w.org\/{rel}","templated":true}]}}