{"id":119,"date":"2016-10-16T19:46:14","date_gmt":"2016-10-16T19:46:14","guid":{"rendered":"http:\/\/tuberkuloosi.fi\/et\/?page_id=119"},"modified":"2022-11-24T13:38:24","modified_gmt":"2022-11-24T13:38:24","slug":"suure-riskiga-ruhmad","status":"publish","type":"page","link":"https:\/\/tuberkuloosi.fi\/et\/kas-mina-olen-ohus\/suure-riskiga-ruhmad\/","title":{"rendered":"Suure riskiga r\u00fchmad"},"content":{"rendered":"<p>Suure riskiga r\u00fchmades esineb tuberkuloosi sagedamini kui \u00fcldpopulatsioonis. Neid suure riskiga r\u00fchmi saab jagada kahte kategooriasse:<\/p>\n<ol>\n<li>inimesed, kel on suurem oht tuberkuloosiga kokku puutuda ja sellesse nakatuda;<\/li>\n<li>inimesed, kel on suurem oht p\u00e4rast nakatumist aktiivse tuberkuloosi tekkeks.<\/li>\n<\/ol>\n<p>Tuberkuloosi edasikandumise ohtu m\u00f5jutab tuberkuloosikolde asukoht kehas ja haiguse raskusaste, keskkonnatingimused ning haigusega kokkupuute kestus.<\/p>\n<p>Tavaliselt levitavad tuberkuloosi inimesed, kellel on nakkusohtlik kopsutuberkuloos, sest nende kopsudes on suur hulk tuberkuloosibaktereid. Kui haige inimene k\u00f6hib v\u00f5i k\u00f5neleb, v\u00f5ivad tuberkuloosibakterid paiskuda \u00f5hku. Kui teised inimesed on samas ruumis, puutuvad nad kokku tuberkuloosibakteriga. Nad v\u00f5ivad baktereid sisse hingata ja nakatuda. See juhtub suurema t\u00f5en\u00e4osusega siis, kui nad viibivad seal kaua v\u00f5i tihti.<\/p>\n<p>Nakatumine tuberkuloosi on t\u00f5en\u00e4olisem, kui ruum on v\u00e4ike ja \u00fclerahvastatud ning ruumi ventilatsioon pole piisav. Sellises olukorras v\u00f5ib bakterite kontsentratsioon \u00f5hus olla suur. N\u00e4iteks on nakatumine t\u00f5en\u00e4olisem kodutute varjupaigas, kus paljud inimesed magavad halva ventilatsiooniga v\u00e4ikeses ruumis k\u00f5rvuti, kui varjupaigas, kus tavap\u00e4rase suurusega tuba jagavad ainult kaks inimest ja kus aknaid avatakse regulaarselt.<\/p>\n<p>Tuberkuloos ei kandu \u00fcle kergesti. Ainult kolmandik tuberkuloosiga kokkupuutunutest nakatuvad. Ainult \u00fchel k\u00fcmnest normaalse immuuns\u00fcsteemiga nakatunud t\u00e4iskasvanust tekib aktiivne tuberkuloos. Umbes pooltel neist avaldub haigus kahe aasta jooksul.<\/p>\n<p>M\u00f5nel r\u00fchmal on suurem oht haiguse tekkeks. Teatud seisundid, haigused ja ravimid n\u00f5rgestavad immuuns\u00fcsteemi, mis suurendab aktiivse tuberkuloosi tekkeriski. Nende haiguste hulka kuuluvad HIV, diabeet, reumatoidartriit, raske neerupuudulikkus, leukeemia, l\u00fcmfoom, kopsuv\u00e4hk, pea- ja kaelapiirkonna pahaloomulised kasvajad ning kopsude silikoos.<\/p>\n<p>Soomes on praegu j\u00e4rgmised tuberkuloosi riskir\u00fchmad:<\/p>\n<ul>\n<li>Nakkusohtliku\/positiivse r\u00f6ga mikroskoopilise uuringuga kopsutuberkuloosiga inimese l\u00e4hikontaktsed &#8211; samas majapidamises elavad inimesed, sugulased ja teised inimesed (t\u00f6\u00f6kaaslased, s\u00f5brad), kes veedavad haigega koos palju aega. Tuberkuloosiga kokku puutunud v\u00e4ikelastel on suur risk haiguse tekkeks.<\/li>\n<li>Eakad<\/li>\n<li>Narkootiliste ainete ja alkoholi kuritarvitajad ning sotsiaalselt t\u00f5rjutud inimesed<\/li>\n<li>Immigrandid riikidest, kus tuberkuloos on laialt levinud<\/li>\n<li>Inimesed, kes on pikka aega v\u00f5i sageli viibinud (t\u00f6\u00f6tanud, \u00f5ppinud v\u00f5i elanud) riigis, kus tuberkuloos on levinud<\/li>\n<li>Inimesed, kelle tervislik seisund, haigus v\u00f5i ravimid n\u00f5rgestavad immuuns\u00fcsteemi, eriti HIV-infektsioon<\/li>\n<li>Inimesed, kes puutuvad t\u00f6\u00f6l kokku tuberkuloosiga<\/li>\n<\/ul>\n","protected":false},"excerpt":{"rendered":"<p>Suure riskiga r\u00fchmades esineb tuberkuloosi sagedamini kui \u00fcldpopulatsioonis. Neid suure riskiga r\u00fchmi saab jagada kahte kategooriasse: inimesed, kel on suurem oht tuberkuloosiga kokku puutuda ja sellesse nakatuda; inimesed, kel on suurem oht p\u00e4rast nakatumist aktiivse tuberkuloosi tekkeks. Tuberkuloosi edasikandumise ohtu m\u00f5jutab tuberkuloosikolde asukoht kehas ja haiguse raskusaste, keskkonnatingimused ning haigusega kokkupuute kestus. Tavaliselt levitavad tuberkuloosi &#8230; <a title=\"Suure riskiga r\u00fchmad\" class=\"read-more\" href=\"https:\/\/tuberkuloosi.fi\/et\/kas-mina-olen-ohus\/suure-riskiga-ruhmad\/\">Read more<span class=\"screen-reader-text\">Suure riskiga r\u00fchmad<\/span><\/a><\/p>\n","protected":false},"author":1,"featured_media":0,"parent":117,"menu_order":1,"comment_status":"closed","ping_status":"open","template":"","meta":{"footnotes":""},"class_list":["post-119","page","type-page","status-publish"],"yoast_head":"<!-- This site is optimized with the Yoast SEO plugin v27.5 - https:\/\/yoast.com\/product\/yoast-seo-wordpress\/ -->\n<title>Suure riskiga r\u00fchmad - viro<\/title>\n<meta name=\"description\" content=\"Suure riskiga r\u00fchmades esineb tuberkuloosi sagedamini kui \u00fcldpopulatsioonis.\" \/>\n<meta name=\"robots\" content=\"index, follow, max-snippet:-1, max-image-preview:large, max-video-preview:-1\" \/>\n<link rel=\"canonical\" href=\"https:\/\/tuberkuloosi.fi\/et\/kas-mina-olen-ohus\/suure-riskiga-ruhmad\/\" \/>\n<meta property=\"og:locale\" content=\"en_US\" \/>\n<meta property=\"og:type\" content=\"article\" \/>\n<meta property=\"og:title\" content=\"Suure riskiga r\u00fchmad - viro\" \/>\n<meta property=\"og:description\" content=\"Suure riskiga r\u00fchmades esineb tuberkuloosi sagedamini kui \u00fcldpopulatsioonis.\" \/>\n<meta property=\"og:url\" content=\"https:\/\/tuberkuloosi.fi\/et\/kas-mina-olen-ohus\/suure-riskiga-ruhmad\/\" \/>\n<meta property=\"og:site_name\" content=\"viro\" \/>\n<meta property=\"article:modified_time\" content=\"2022-11-24T13:38:24+00:00\" \/>\n<meta name=\"twitter:card\" content=\"summary_large_image\" \/>\n<meta name=\"twitter:label1\" content=\"Est. reading time\" \/>\n\t<meta name=\"twitter:data1\" content=\"2 minutes\" \/>\n<script type=\"application\/ld+json\" class=\"yoast-schema-graph\">{\"@context\":\"https:\\\/\\\/schema.org\",\"@graph\":[{\"@type\":\"WebPage\",\"@id\":\"https:\\\/\\\/tuberkuloosi.fi\\\/et\\\/kas-mina-olen-ohus\\\/suure-riskiga-ruhmad\\\/\",\"url\":\"https:\\\/\\\/tuberkuloosi.fi\\\/et\\\/kas-mina-olen-ohus\\\/suure-riskiga-ruhmad\\\/\",\"name\":\"Suure riskiga r\u00fchmad - viro\",\"isPartOf\":{\"@id\":\"https:\\\/\\\/tuberkuloosi.fi\\\/et\\\/#website\"},\"datePublished\":\"2016-10-16T19:46:14+00:00\",\"dateModified\":\"2022-11-24T13:38:24+00:00\",\"description\":\"Suure riskiga r\u00fchmades esineb tuberkuloosi sagedamini kui \u00fcldpopulatsioonis.\",\"breadcrumb\":{\"@id\":\"https:\\\/\\\/tuberkuloosi.fi\\\/et\\\/kas-mina-olen-ohus\\\/suure-riskiga-ruhmad\\\/#breadcrumb\"},\"inLanguage\":\"en-US\",\"potentialAction\":[{\"@type\":\"ReadAction\",\"target\":[\"https:\\\/\\\/tuberkuloosi.fi\\\/et\\\/kas-mina-olen-ohus\\\/suure-riskiga-ruhmad\\\/\"]}]},{\"@type\":\"BreadcrumbList\",\"@id\":\"https:\\\/\\\/tuberkuloosi.fi\\\/et\\\/kas-mina-olen-ohus\\\/suure-riskiga-ruhmad\\\/#breadcrumb\",\"itemListElement\":[{\"@type\":\"ListItem\",\"position\":1,\"name\":\"Etusivu\",\"item\":\"https:\\\/\\\/tuberkuloosi.fi\\\/et\\\/\"},{\"@type\":\"ListItem\",\"position\":2,\"name\":\"Kas mina olen ohus?\",\"item\":\"https:\\\/\\\/tuberkuloosi.fi\\\/et\\\/kas-mina-olen-ohus\\\/\"},{\"@type\":\"ListItem\",\"position\":3,\"name\":\"Suure riskiga r\u00fchmad\"}]},{\"@type\":\"WebSite\",\"@id\":\"https:\\\/\\\/tuberkuloosi.fi\\\/et\\\/#website\",\"url\":\"https:\\\/\\\/tuberkuloosi.fi\\\/et\\\/\",\"name\":\"viro\",\"description\":\"Tuberkuloos on ravitav, teeme koos!\",\"publisher\":{\"@id\":\"https:\\\/\\\/tuberkuloosi.fi\\\/et\\\/#organization\"},\"potentialAction\":[{\"@type\":\"SearchAction\",\"target\":{\"@type\":\"EntryPoint\",\"urlTemplate\":\"https:\\\/\\\/tuberkuloosi.fi\\\/et\\\/?s={search_term_string}\"},\"query-input\":{\"@type\":\"PropertyValueSpecification\",\"valueRequired\":true,\"valueName\":\"search_term_string\"}}],\"inLanguage\":\"en-US\"},{\"@type\":\"Organization\",\"@id\":\"https:\\\/\\\/tuberkuloosi.fi\\\/et\\\/#organization\",\"name\":\"viro\",\"url\":\"https:\\\/\\\/tuberkuloosi.fi\\\/et\\\/\",\"logo\":{\"@type\":\"ImageObject\",\"inLanguage\":\"en-US\",\"@id\":\"https:\\\/\\\/tuberkuloosi.fi\\\/et\\\/#\\\/schema\\\/logo\\\/image\\\/\",\"url\":\"https:\\\/\\\/tuberkuloosi.fi\\\/et\\\/wp-content\\\/uploads\\\/sites\\\/7\\\/2019\\\/08\\\/cropped-tuberkuloosi.fi-logo1.jpg\",\"contentUrl\":\"https:\\\/\\\/tuberkuloosi.fi\\\/et\\\/wp-content\\\/uploads\\\/sites\\\/7\\\/2019\\\/08\\\/cropped-tuberkuloosi.fi-logo1.jpg\",\"width\":1598,\"height\":321,\"caption\":\"viro\"},\"image\":{\"@id\":\"https:\\\/\\\/tuberkuloosi.fi\\\/et\\\/#\\\/schema\\\/logo\\\/image\\\/\"}}]}<\/script>\n<!-- \/ Yoast SEO plugin. -->","yoast_head_json":{"title":"Suure riskiga r\u00fchmad - viro","description":"Suure riskiga r\u00fchmades esineb tuberkuloosi sagedamini kui \u00fcldpopulatsioonis.","robots":{"index":"index","follow":"follow","max-snippet":"max-snippet:-1","max-image-preview":"max-image-preview:large","max-video-preview":"max-video-preview:-1"},"canonical":"https:\/\/tuberkuloosi.fi\/et\/kas-mina-olen-ohus\/suure-riskiga-ruhmad\/","og_locale":"en_US","og_type":"article","og_title":"Suure riskiga r\u00fchmad - viro","og_description":"Suure riskiga r\u00fchmades esineb tuberkuloosi sagedamini kui \u00fcldpopulatsioonis.","og_url":"https:\/\/tuberkuloosi.fi\/et\/kas-mina-olen-ohus\/suure-riskiga-ruhmad\/","og_site_name":"viro","article_modified_time":"2022-11-24T13:38:24+00:00","twitter_card":"summary_large_image","twitter_misc":{"Est. reading time":"2 minutes"},"schema":{"@context":"https:\/\/schema.org","@graph":[{"@type":"WebPage","@id":"https:\/\/tuberkuloosi.fi\/et\/kas-mina-olen-ohus\/suure-riskiga-ruhmad\/","url":"https:\/\/tuberkuloosi.fi\/et\/kas-mina-olen-ohus\/suure-riskiga-ruhmad\/","name":"Suure riskiga r\u00fchmad - viro","isPartOf":{"@id":"https:\/\/tuberkuloosi.fi\/et\/#website"},"datePublished":"2016-10-16T19:46:14+00:00","dateModified":"2022-11-24T13:38:24+00:00","description":"Suure riskiga r\u00fchmades esineb tuberkuloosi sagedamini kui \u00fcldpopulatsioonis.","breadcrumb":{"@id":"https:\/\/tuberkuloosi.fi\/et\/kas-mina-olen-ohus\/suure-riskiga-ruhmad\/#breadcrumb"},"inLanguage":"en-US","potentialAction":[{"@type":"ReadAction","target":["https:\/\/tuberkuloosi.fi\/et\/kas-mina-olen-ohus\/suure-riskiga-ruhmad\/"]}]},{"@type":"BreadcrumbList","@id":"https:\/\/tuberkuloosi.fi\/et\/kas-mina-olen-ohus\/suure-riskiga-ruhmad\/#breadcrumb","itemListElement":[{"@type":"ListItem","position":1,"name":"Etusivu","item":"https:\/\/tuberkuloosi.fi\/et\/"},{"@type":"ListItem","position":2,"name":"Kas mina olen ohus?","item":"https:\/\/tuberkuloosi.fi\/et\/kas-mina-olen-ohus\/"},{"@type":"ListItem","position":3,"name":"Suure riskiga r\u00fchmad"}]},{"@type":"WebSite","@id":"https:\/\/tuberkuloosi.fi\/et\/#website","url":"https:\/\/tuberkuloosi.fi\/et\/","name":"viro","description":"Tuberkuloos on ravitav, teeme koos!","publisher":{"@id":"https:\/\/tuberkuloosi.fi\/et\/#organization"},"potentialAction":[{"@type":"SearchAction","target":{"@type":"EntryPoint","urlTemplate":"https:\/\/tuberkuloosi.fi\/et\/?s={search_term_string}"},"query-input":{"@type":"PropertyValueSpecification","valueRequired":true,"valueName":"search_term_string"}}],"inLanguage":"en-US"},{"@type":"Organization","@id":"https:\/\/tuberkuloosi.fi\/et\/#organization","name":"viro","url":"https:\/\/tuberkuloosi.fi\/et\/","logo":{"@type":"ImageObject","inLanguage":"en-US","@id":"https:\/\/tuberkuloosi.fi\/et\/#\/schema\/logo\/image\/","url":"https:\/\/tuberkuloosi.fi\/et\/wp-content\/uploads\/sites\/7\/2019\/08\/cropped-tuberkuloosi.fi-logo1.jpg","contentUrl":"https:\/\/tuberkuloosi.fi\/et\/wp-content\/uploads\/sites\/7\/2019\/08\/cropped-tuberkuloosi.fi-logo1.jpg","width":1598,"height":321,"caption":"viro"},"image":{"@id":"https:\/\/tuberkuloosi.fi\/et\/#\/schema\/logo\/image\/"}}]}},"_links":{"self":[{"href":"https:\/\/tuberkuloosi.fi\/et\/wp-json\/wp\/v2\/pages\/119","targetHints":{"allow":["GET"]}}],"collection":[{"href":"https:\/\/tuberkuloosi.fi\/et\/wp-json\/wp\/v2\/pages"}],"about":[{"href":"https:\/\/tuberkuloosi.fi\/et\/wp-json\/wp\/v2\/types\/page"}],"author":[{"embeddable":true,"href":"https:\/\/tuberkuloosi.fi\/et\/wp-json\/wp\/v2\/users\/1"}],"replies":[{"embeddable":true,"href":"https:\/\/tuberkuloosi.fi\/et\/wp-json\/wp\/v2\/comments?post=119"}],"version-history":[{"count":4,"href":"https:\/\/tuberkuloosi.fi\/et\/wp-json\/wp\/v2\/pages\/119\/revisions"}],"predecessor-version":[{"id":276,"href":"https:\/\/tuberkuloosi.fi\/et\/wp-json\/wp\/v2\/pages\/119\/revisions\/276"}],"up":[{"embeddable":true,"href":"https:\/\/tuberkuloosi.fi\/et\/wp-json\/wp\/v2\/pages\/117"}],"wp:attachment":[{"href":"https:\/\/tuberkuloosi.fi\/et\/wp-json\/wp\/v2\/media?parent=119"}],"curies":[{"name":"wp","href":"https:\/\/api.w.org\/{rel}","templated":true}]}}