{"id":12,"date":"2016-06-28T08:02:37","date_gmt":"2016-06-28T08:02:37","guid":{"rendered":"http:\/\/tuberkuloosi.fi\/et\/?page_id=12"},"modified":"2022-11-17T12:48:47","modified_gmt":"2022-11-17T12:48:47","slug":"mis-on-tuberkuloos","status":"publish","type":"page","link":"https:\/\/tuberkuloosi.fi\/et\/tuberkuloos\/mis-on-tuberkuloos\/","title":{"rendered":"Mis on tuberkuloos?"},"content":{"rendered":"<p><a href=\"https:\/\/www.filha.fi\/filha\/joulumerkkikodit\/\"><img fetchpriority=\"high\" decoding=\"async\" class=\"alignright wp-image-392 size-medium\" src=\"https:\/\/tuberkuloosi.fi\/wp-content\/uploads\/2014\/03\/1951-204x300.jpg\" alt=\"tuberkuloos, mis on tuberkuloos\" width=\"204\" height=\"300\" \/><\/a>Tuberkuloos on nakkushaigus. Seda p\u00f5hjustab bakter <em>Mycobacterium tuberculosis<\/em>. Tuberkuloos levib inimeselt inimesele \u00f5hu kaudu. K\u00f5ige sagedamini on tuberkuloosist haaratud kopsud, kus bakterid paljunevad ja p\u00f5hjustavad p\u00f5letikku. Sealt v\u00f5ivad bakterid vere- v\u00f5i l\u00fcmfiringe kaudu levida organismi teistesse osadesse. Seet\u00f5ttu v\u00f5ib tuberkuloos haarata ka n\u00e4iteks l\u00fcmfis\u00f5lmi, luid, kuse- ja suguelundeid, keskn\u00e4rvis\u00fcsteemi, nahka v\u00f5i p\u00f5hjustada generaliseerunud infektsiooni. Tuberkuloos on ravitav.\u00a0 Tuberkuloosi diagnostika ja ravi on patsiendi jaoks tasuta.<\/p>\n<p>Loe tuberkuloosiravi kohta <a href=\"https:\/\/tuberkuloosi.fi\/et\/abi\/tuberkuloosi-ravi\/\">t\u00e4psemalt siit<\/a>.<\/p>\n<p>Tuberkuloos on levinud peaaegu kogu Aasias, Aafrikas, L\u00f5una- ja Kesk-Ameerikas ning veelgi laiemalt. Aastas haigestub tuberkuloosi umbes 10 miljonit inimest ning 1,5 miljonit sureb.<\/p>\n<p>\u00dclerahvastatus, alatoitumus, HIV-epideemia ja puudulik tervishoid suurendavad nakkuse edasikandumist. Tuberkuloos levib ka riikides, kus infrastruktuuri on m\u00f5jutanud looduskatastroofid, s\u00f5jad v\u00f5i \u00fchiskonnap\u00f6\u00f6rded.<\/p>\n<p>Soomes oli tuberkuloos 1930. aastatel endiselt rahvatervise probleemiks. Sel ajal suri tuberkuloosi igas tunnis \u00fcks soomlane. T\u00e4nap\u00e4eval diagnoositakse aastas v\u00e4hem kui 250 uut tuberkuloosijuhtu. Umbes pooled juhud esinevad v\u00e4lismaal s\u00fcndinute hulgas. Peamised riskir\u00fchmad tuberkuloosi haigestumiseks Soomes on vanurid, kes on s\u00fcndinud enne 1950. aastat, suure tuberkuloosi levimusega riikidest p\u00e4rit immigrandid ja alkoholi- v\u00f5i narkos\u00f5ltuvusega inimesed. Tuberkuloos on endiselt haigus, mida tuleks v\u00f5tta t\u00f5siselt.<\/p>\n","protected":false},"excerpt":{"rendered":"<p>Tuberkuloos on nakkushaigus. Seda p\u00f5hjustab bakter Mycobacterium tuberculosis. Tuberkuloos levib inimeselt inimesele \u00f5hu kaudu. K\u00f5ige sagedamini on tuberkuloosist haaratud kopsud, kus bakterid paljunevad ja p\u00f5hjustavad p\u00f5letikku. Sealt v\u00f5ivad bakterid vere- v\u00f5i l\u00fcmfiringe kaudu levida organismi teistesse osadesse. Seet\u00f5ttu v\u00f5ib tuberkuloos haarata ka n\u00e4iteks l\u00fcmfis\u00f5lmi, luid, kuse- ja suguelundeid, keskn\u00e4rvis\u00fcsteemi, nahka v\u00f5i p\u00f5hjustada generaliseerunud infektsiooni. Tuberkuloos &#8230; <a title=\"Mis on tuberkuloos?\" class=\"read-more\" href=\"https:\/\/tuberkuloosi.fi\/et\/tuberkuloos\/mis-on-tuberkuloos\/\">Read more<span class=\"screen-reader-text\">Mis on tuberkuloos?<\/span><\/a><\/p>\n","protected":false},"author":1,"featured_media":0,"parent":10,"menu_order":0,"comment_status":"closed","ping_status":"open","template":"","meta":{"footnotes":""},"class_list":["post-12","page","type-page","status-publish"],"yoast_head":"<!-- This site is optimized with the Yoast SEO plugin v27.5 - https:\/\/yoast.com\/product\/yoast-seo-wordpress\/ -->\n<title>Mis on tuberkuloos? - viro<\/title>\n<meta name=\"description\" content=\"Tuberkuloos on nakkushaigus. Seda p\u00f5hjustab bakter Mycobacterium tuberculosis. Tuberkuloos levib inimeselt inimesele \u00f5hu kaudu.\" \/>\n<meta name=\"robots\" content=\"index, follow, max-snippet:-1, max-image-preview:large, max-video-preview:-1\" \/>\n<link rel=\"canonical\" href=\"https:\/\/tuberkuloosi.fi\/et\/tuberkuloos\/mis-on-tuberkuloos\/\" \/>\n<meta property=\"og:locale\" content=\"en_US\" \/>\n<meta property=\"og:type\" content=\"article\" \/>\n<meta property=\"og:title\" content=\"Mis on tuberkuloos? - viro\" \/>\n<meta property=\"og:description\" content=\"Tuberkuloos on nakkushaigus. Seda p\u00f5hjustab bakter Mycobacterium tuberculosis. Tuberkuloos levib inimeselt inimesele \u00f5hu kaudu.\" \/>\n<meta property=\"og:url\" content=\"https:\/\/tuberkuloosi.fi\/et\/tuberkuloos\/mis-on-tuberkuloos\/\" \/>\n<meta property=\"og:site_name\" content=\"viro\" \/>\n<meta property=\"article:modified_time\" content=\"2022-11-17T12:48:47+00:00\" \/>\n<meta property=\"og:image\" content=\"https:\/\/tuberkuloosi.fi\/wp-content\/uploads\/2014\/03\/1951-204x300.jpg\" \/>\n<meta name=\"twitter:card\" content=\"summary_large_image\" \/>\n<meta name=\"twitter:label1\" content=\"Est. reading time\" \/>\n\t<meta name=\"twitter:data1\" content=\"1 minute\" \/>\n<script type=\"application\/ld+json\" class=\"yoast-schema-graph\">{\"@context\":\"https:\\\/\\\/schema.org\",\"@graph\":[{\"@type\":\"WebPage\",\"@id\":\"https:\\\/\\\/tuberkuloosi.fi\\\/et\\\/tuberkuloos\\\/mis-on-tuberkuloos\\\/\",\"url\":\"https:\\\/\\\/tuberkuloosi.fi\\\/et\\\/tuberkuloos\\\/mis-on-tuberkuloos\\\/\",\"name\":\"Mis on tuberkuloos? - viro\",\"isPartOf\":{\"@id\":\"https:\\\/\\\/tuberkuloosi.fi\\\/et\\\/#website\"},\"primaryImageOfPage\":{\"@id\":\"https:\\\/\\\/tuberkuloosi.fi\\\/et\\\/tuberkuloos\\\/mis-on-tuberkuloos\\\/#primaryimage\"},\"image\":{\"@id\":\"https:\\\/\\\/tuberkuloosi.fi\\\/et\\\/tuberkuloos\\\/mis-on-tuberkuloos\\\/#primaryimage\"},\"thumbnailUrl\":\"https:\\\/\\\/tuberkuloosi.fi\\\/wp-content\\\/uploads\\\/2014\\\/03\\\/1951-204x300.jpg\",\"datePublished\":\"2016-06-28T08:02:37+00:00\",\"dateModified\":\"2022-11-17T12:48:47+00:00\",\"description\":\"Tuberkuloos on nakkushaigus. Seda p\u00f5hjustab bakter Mycobacterium tuberculosis. Tuberkuloos levib inimeselt inimesele \u00f5hu kaudu.\",\"breadcrumb\":{\"@id\":\"https:\\\/\\\/tuberkuloosi.fi\\\/et\\\/tuberkuloos\\\/mis-on-tuberkuloos\\\/#breadcrumb\"},\"inLanguage\":\"en-US\",\"potentialAction\":[{\"@type\":\"ReadAction\",\"target\":[\"https:\\\/\\\/tuberkuloosi.fi\\\/et\\\/tuberkuloos\\\/mis-on-tuberkuloos\\\/\"]}]},{\"@type\":\"ImageObject\",\"inLanguage\":\"en-US\",\"@id\":\"https:\\\/\\\/tuberkuloosi.fi\\\/et\\\/tuberkuloos\\\/mis-on-tuberkuloos\\\/#primaryimage\",\"url\":\"https:\\\/\\\/tuberkuloosi.fi\\\/wp-content\\\/uploads\\\/2014\\\/03\\\/1951-204x300.jpg\",\"contentUrl\":\"https:\\\/\\\/tuberkuloosi.fi\\\/wp-content\\\/uploads\\\/2014\\\/03\\\/1951-204x300.jpg\"},{\"@type\":\"BreadcrumbList\",\"@id\":\"https:\\\/\\\/tuberkuloosi.fi\\\/et\\\/tuberkuloos\\\/mis-on-tuberkuloos\\\/#breadcrumb\",\"itemListElement\":[{\"@type\":\"ListItem\",\"position\":1,\"name\":\"Etusivu\",\"item\":\"https:\\\/\\\/tuberkuloosi.fi\\\/et\\\/\"},{\"@type\":\"ListItem\",\"position\":2,\"name\":\"Tuberkuloos\",\"item\":\"https:\\\/\\\/tuberkuloosi.fi\\\/et\\\/tuberkuloos\\\/\"},{\"@type\":\"ListItem\",\"position\":3,\"name\":\"Mis on tuberkuloos?\"}]},{\"@type\":\"WebSite\",\"@id\":\"https:\\\/\\\/tuberkuloosi.fi\\\/et\\\/#website\",\"url\":\"https:\\\/\\\/tuberkuloosi.fi\\\/et\\\/\",\"name\":\"viro\",\"description\":\"Tuberkuloos on ravitav, teeme koos!\",\"publisher\":{\"@id\":\"https:\\\/\\\/tuberkuloosi.fi\\\/et\\\/#organization\"},\"potentialAction\":[{\"@type\":\"SearchAction\",\"target\":{\"@type\":\"EntryPoint\",\"urlTemplate\":\"https:\\\/\\\/tuberkuloosi.fi\\\/et\\\/?s={search_term_string}\"},\"query-input\":{\"@type\":\"PropertyValueSpecification\",\"valueRequired\":true,\"valueName\":\"search_term_string\"}}],\"inLanguage\":\"en-US\"},{\"@type\":\"Organization\",\"@id\":\"https:\\\/\\\/tuberkuloosi.fi\\\/et\\\/#organization\",\"name\":\"viro\",\"url\":\"https:\\\/\\\/tuberkuloosi.fi\\\/et\\\/\",\"logo\":{\"@type\":\"ImageObject\",\"inLanguage\":\"en-US\",\"@id\":\"https:\\\/\\\/tuberkuloosi.fi\\\/et\\\/#\\\/schema\\\/logo\\\/image\\\/\",\"url\":\"https:\\\/\\\/tuberkuloosi.fi\\\/et\\\/wp-content\\\/uploads\\\/sites\\\/7\\\/2019\\\/08\\\/cropped-tuberkuloosi.fi-logo1.jpg\",\"contentUrl\":\"https:\\\/\\\/tuberkuloosi.fi\\\/et\\\/wp-content\\\/uploads\\\/sites\\\/7\\\/2019\\\/08\\\/cropped-tuberkuloosi.fi-logo1.jpg\",\"width\":1598,\"height\":321,\"caption\":\"viro\"},\"image\":{\"@id\":\"https:\\\/\\\/tuberkuloosi.fi\\\/et\\\/#\\\/schema\\\/logo\\\/image\\\/\"}}]}<\/script>\n<!-- \/ Yoast SEO plugin. -->","yoast_head_json":{"title":"Mis on tuberkuloos? - viro","description":"Tuberkuloos on nakkushaigus. Seda p\u00f5hjustab bakter Mycobacterium tuberculosis. Tuberkuloos levib inimeselt inimesele \u00f5hu kaudu.","robots":{"index":"index","follow":"follow","max-snippet":"max-snippet:-1","max-image-preview":"max-image-preview:large","max-video-preview":"max-video-preview:-1"},"canonical":"https:\/\/tuberkuloosi.fi\/et\/tuberkuloos\/mis-on-tuberkuloos\/","og_locale":"en_US","og_type":"article","og_title":"Mis on tuberkuloos? - viro","og_description":"Tuberkuloos on nakkushaigus. Seda p\u00f5hjustab bakter Mycobacterium tuberculosis. Tuberkuloos levib inimeselt inimesele \u00f5hu kaudu.","og_url":"https:\/\/tuberkuloosi.fi\/et\/tuberkuloos\/mis-on-tuberkuloos\/","og_site_name":"viro","article_modified_time":"2022-11-17T12:48:47+00:00","og_image":[{"url":"https:\/\/tuberkuloosi.fi\/wp-content\/uploads\/2014\/03\/1951-204x300.jpg","type":"","width":"","height":""}],"twitter_card":"summary_large_image","twitter_misc":{"Est. reading time":"1 minute"},"schema":{"@context":"https:\/\/schema.org","@graph":[{"@type":"WebPage","@id":"https:\/\/tuberkuloosi.fi\/et\/tuberkuloos\/mis-on-tuberkuloos\/","url":"https:\/\/tuberkuloosi.fi\/et\/tuberkuloos\/mis-on-tuberkuloos\/","name":"Mis on tuberkuloos? - viro","isPartOf":{"@id":"https:\/\/tuberkuloosi.fi\/et\/#website"},"primaryImageOfPage":{"@id":"https:\/\/tuberkuloosi.fi\/et\/tuberkuloos\/mis-on-tuberkuloos\/#primaryimage"},"image":{"@id":"https:\/\/tuberkuloosi.fi\/et\/tuberkuloos\/mis-on-tuberkuloos\/#primaryimage"},"thumbnailUrl":"https:\/\/tuberkuloosi.fi\/wp-content\/uploads\/2014\/03\/1951-204x300.jpg","datePublished":"2016-06-28T08:02:37+00:00","dateModified":"2022-11-17T12:48:47+00:00","description":"Tuberkuloos on nakkushaigus. Seda p\u00f5hjustab bakter Mycobacterium tuberculosis. Tuberkuloos levib inimeselt inimesele \u00f5hu kaudu.","breadcrumb":{"@id":"https:\/\/tuberkuloosi.fi\/et\/tuberkuloos\/mis-on-tuberkuloos\/#breadcrumb"},"inLanguage":"en-US","potentialAction":[{"@type":"ReadAction","target":["https:\/\/tuberkuloosi.fi\/et\/tuberkuloos\/mis-on-tuberkuloos\/"]}]},{"@type":"ImageObject","inLanguage":"en-US","@id":"https:\/\/tuberkuloosi.fi\/et\/tuberkuloos\/mis-on-tuberkuloos\/#primaryimage","url":"https:\/\/tuberkuloosi.fi\/wp-content\/uploads\/2014\/03\/1951-204x300.jpg","contentUrl":"https:\/\/tuberkuloosi.fi\/wp-content\/uploads\/2014\/03\/1951-204x300.jpg"},{"@type":"BreadcrumbList","@id":"https:\/\/tuberkuloosi.fi\/et\/tuberkuloos\/mis-on-tuberkuloos\/#breadcrumb","itemListElement":[{"@type":"ListItem","position":1,"name":"Etusivu","item":"https:\/\/tuberkuloosi.fi\/et\/"},{"@type":"ListItem","position":2,"name":"Tuberkuloos","item":"https:\/\/tuberkuloosi.fi\/et\/tuberkuloos\/"},{"@type":"ListItem","position":3,"name":"Mis on tuberkuloos?"}]},{"@type":"WebSite","@id":"https:\/\/tuberkuloosi.fi\/et\/#website","url":"https:\/\/tuberkuloosi.fi\/et\/","name":"viro","description":"Tuberkuloos on ravitav, teeme koos!","publisher":{"@id":"https:\/\/tuberkuloosi.fi\/et\/#organization"},"potentialAction":[{"@type":"SearchAction","target":{"@type":"EntryPoint","urlTemplate":"https:\/\/tuberkuloosi.fi\/et\/?s={search_term_string}"},"query-input":{"@type":"PropertyValueSpecification","valueRequired":true,"valueName":"search_term_string"}}],"inLanguage":"en-US"},{"@type":"Organization","@id":"https:\/\/tuberkuloosi.fi\/et\/#organization","name":"viro","url":"https:\/\/tuberkuloosi.fi\/et\/","logo":{"@type":"ImageObject","inLanguage":"en-US","@id":"https:\/\/tuberkuloosi.fi\/et\/#\/schema\/logo\/image\/","url":"https:\/\/tuberkuloosi.fi\/et\/wp-content\/uploads\/sites\/7\/2019\/08\/cropped-tuberkuloosi.fi-logo1.jpg","contentUrl":"https:\/\/tuberkuloosi.fi\/et\/wp-content\/uploads\/sites\/7\/2019\/08\/cropped-tuberkuloosi.fi-logo1.jpg","width":1598,"height":321,"caption":"viro"},"image":{"@id":"https:\/\/tuberkuloosi.fi\/et\/#\/schema\/logo\/image\/"}}]}},"_links":{"self":[{"href":"https:\/\/tuberkuloosi.fi\/et\/wp-json\/wp\/v2\/pages\/12","targetHints":{"allow":["GET"]}}],"collection":[{"href":"https:\/\/tuberkuloosi.fi\/et\/wp-json\/wp\/v2\/pages"}],"about":[{"href":"https:\/\/tuberkuloosi.fi\/et\/wp-json\/wp\/v2\/types\/page"}],"author":[{"embeddable":true,"href":"https:\/\/tuberkuloosi.fi\/et\/wp-json\/wp\/v2\/users\/1"}],"replies":[{"embeddable":true,"href":"https:\/\/tuberkuloosi.fi\/et\/wp-json\/wp\/v2\/comments?post=12"}],"version-history":[{"count":4,"href":"https:\/\/tuberkuloosi.fi\/et\/wp-json\/wp\/v2\/pages\/12\/revisions"}],"predecessor-version":[{"id":226,"href":"https:\/\/tuberkuloosi.fi\/et\/wp-json\/wp\/v2\/pages\/12\/revisions\/226"}],"up":[{"embeddable":true,"href":"https:\/\/tuberkuloosi.fi\/et\/wp-json\/wp\/v2\/pages\/10"}],"wp:attachment":[{"href":"https:\/\/tuberkuloosi.fi\/et\/wp-json\/wp\/v2\/media?parent=12"}],"curies":[{"name":"wp","href":"https:\/\/api.w.org\/{rel}","templated":true}]}}