{"id":123,"date":"2016-10-16T19:52:04","date_gmt":"2016-10-16T19:52:04","guid":{"rendered":"http:\/\/tuberkuloosi.fi\/et\/?page_id=123"},"modified":"2022-11-25T09:01:43","modified_gmt":"2022-11-25T09:01:43","slug":"brosuurid","status":"publish","type":"page","link":"https:\/\/tuberkuloosi.fi\/et\/materjalid\/brosuurid\/","title":{"rendered":"Bro\u0161\u00fc\u00fcrid"},"content":{"rendered":"<p><a href=\"https:\/\/tuberkuloosi.fi\/wp-content\/uploads\/2022\/11\/TB-what-is-it_EE.pdf\" target=\"_blank\" rel=\"noopener\">Tuberkuloos \u2012 mis see on? (eesti)<\/a><\/p>\n<p><img fetchpriority=\"high\" decoding=\"async\" class=\"alignnone wp-image-291 size-medium\" src=\"https:\/\/tuberkuloosi.fi\/et\/wp-content\/uploads\/sites\/7\/2022\/11\/Tuberkuloos-mis-see-on-208x300.jpg\" alt=\"Tuberkuloos - mis see on\" width=\"208\" height=\"300\" srcset=\"https:\/\/tuberkuloosi.fi\/et\/wp-content\/uploads\/sites\/7\/2022\/11\/Tuberkuloos-mis-see-on-208x300.jpg 208w, https:\/\/tuberkuloosi.fi\/et\/wp-content\/uploads\/sites\/7\/2022\/11\/Tuberkuloos-mis-see-on.jpg 541w\" sizes=\"(max-width: 208px) 100vw, 208px\" \/><br \/>\nFilha ja hingamisteede tervise organisatsioon avaldasid 2008. aastal koost\u00f6\u00f6s Soome siseministeeriumiga \u00fcldise teabevoldiku tuberkuloosi kohta koos juhistega seda p\u00f5devatele patsientidele.<\/p>\n<p><a href=\"http:\/\/tuberkuloosi.fi\/et\/wp-content\/uploads\/sites\/7\/2016\/11\/tuberkuloosi_potilasohje_viro.pdf\">Tuberkuloos. Juhend patsiendile (pdf)<\/a><\/p>\n<p>Need bro\u0161\u00fc\u00fcrid on saadaval ka 16 teises keeles <a href=\"http:\/\/tuberkuloosi.fi\/en\/materials\/brochures\/\">veebisaidi ingliskeelsel versioonil<\/a>.<\/p>\n","protected":false},"excerpt":{"rendered":"<p>Tuberkuloos \u2012 mis see on? (eesti) Filha ja hingamisteede tervise organisatsioon avaldasid 2008. aastal koost\u00f6\u00f6s Soome siseministeeriumiga \u00fcldise teabevoldiku tuberkuloosi kohta koos juhistega seda p\u00f5devatele patsientidele. Tuberkuloos. Juhend patsiendile (pdf) Need bro\u0161\u00fc\u00fcrid on saadaval ka 16 teises keeles veebisaidi ingliskeelsel versioonil.<\/p>\n","protected":false},"author":1,"featured_media":0,"parent":121,"menu_order":1,"comment_status":"closed","ping_status":"open","template":"","meta":{"footnotes":""},"class_list":["post-123","page","type-page","status-publish"],"yoast_head":"<!-- This site is optimized with the Yoast SEO plugin v27.5 - https:\/\/yoast.com\/product\/yoast-seo-wordpress\/ -->\n<title>Bro\u0161\u00fc\u00fcrid - viro<\/title>\n<meta name=\"robots\" content=\"index, follow, max-snippet:-1, max-image-preview:large, max-video-preview:-1\" \/>\n<link rel=\"canonical\" href=\"https:\/\/tuberkuloosi.fi\/et\/materjalid\/brosuurid\/\" \/>\n<meta property=\"og:locale\" content=\"en_US\" \/>\n<meta property=\"og:type\" content=\"article\" \/>\n<meta property=\"og:title\" content=\"Bro\u0161\u00fc\u00fcrid - viro\" \/>\n<meta property=\"og:description\" content=\"Tuberkuloos \u2012 mis see on? (eesti) Filha ja hingamisteede tervise organisatsioon avaldasid 2008. aastal koost\u00f6\u00f6s Soome siseministeeriumiga \u00fcldise teabevoldiku tuberkuloosi kohta koos juhistega seda p\u00f5devatele patsientidele. Tuberkuloos. Juhend patsiendile (pdf) Need bro\u0161\u00fc\u00fcrid on saadaval ka 16 teises keeles veebisaidi ingliskeelsel versioonil.\" \/>\n<meta property=\"og:url\" content=\"https:\/\/tuberkuloosi.fi\/et\/materjalid\/brosuurid\/\" \/>\n<meta property=\"og:site_name\" content=\"viro\" \/>\n<meta property=\"article:modified_time\" content=\"2022-11-25T09:01:43+00:00\" \/>\n<meta property=\"og:image\" content=\"https:\/\/tuberkuloosi.fi\/et\/wp-content\/uploads\/sites\/7\/2022\/11\/Tuberkuloos-mis-see-on-208x300.jpg\" \/>\n<meta name=\"twitter:card\" content=\"summary_large_image\" \/>\n<script type=\"application\/ld+json\" class=\"yoast-schema-graph\">{\"@context\":\"https:\\\/\\\/schema.org\",\"@graph\":[{\"@type\":\"WebPage\",\"@id\":\"https:\\\/\\\/tuberkuloosi.fi\\\/et\\\/materjalid\\\/brosuurid\\\/\",\"url\":\"https:\\\/\\\/tuberkuloosi.fi\\\/et\\\/materjalid\\\/brosuurid\\\/\",\"name\":\"Bro\u0161\u00fc\u00fcrid - viro\",\"isPartOf\":{\"@id\":\"https:\\\/\\\/tuberkuloosi.fi\\\/et\\\/#website\"},\"primaryImageOfPage\":{\"@id\":\"https:\\\/\\\/tuberkuloosi.fi\\\/et\\\/materjalid\\\/brosuurid\\\/#primaryimage\"},\"image\":{\"@id\":\"https:\\\/\\\/tuberkuloosi.fi\\\/et\\\/materjalid\\\/brosuurid\\\/#primaryimage\"},\"thumbnailUrl\":\"https:\\\/\\\/tuberkuloosi.fi\\\/et\\\/wp-content\\\/uploads\\\/sites\\\/7\\\/2022\\\/11\\\/Tuberkuloos-mis-see-on-208x300.jpg\",\"datePublished\":\"2016-10-16T19:52:04+00:00\",\"dateModified\":\"2022-11-25T09:01:43+00:00\",\"breadcrumb\":{\"@id\":\"https:\\\/\\\/tuberkuloosi.fi\\\/et\\\/materjalid\\\/brosuurid\\\/#breadcrumb\"},\"inLanguage\":\"en-US\",\"potentialAction\":[{\"@type\":\"ReadAction\",\"target\":[\"https:\\\/\\\/tuberkuloosi.fi\\\/et\\\/materjalid\\\/brosuurid\\\/\"]}]},{\"@type\":\"ImageObject\",\"inLanguage\":\"en-US\",\"@id\":\"https:\\\/\\\/tuberkuloosi.fi\\\/et\\\/materjalid\\\/brosuurid\\\/#primaryimage\",\"url\":\"https:\\\/\\\/tuberkuloosi.fi\\\/et\\\/wp-content\\\/uploads\\\/sites\\\/7\\\/2022\\\/11\\\/Tuberkuloos-mis-see-on.jpg\",\"contentUrl\":\"https:\\\/\\\/tuberkuloosi.fi\\\/et\\\/wp-content\\\/uploads\\\/sites\\\/7\\\/2022\\\/11\\\/Tuberkuloos-mis-see-on.jpg\",\"width\":541,\"height\":781,\"caption\":\"Tuberkuloos - mis see on\"},{\"@type\":\"BreadcrumbList\",\"@id\":\"https:\\\/\\\/tuberkuloosi.fi\\\/et\\\/materjalid\\\/brosuurid\\\/#breadcrumb\",\"itemListElement\":[{\"@type\":\"ListItem\",\"position\":1,\"name\":\"Etusivu\",\"item\":\"https:\\\/\\\/tuberkuloosi.fi\\\/et\\\/\"},{\"@type\":\"ListItem\",\"position\":2,\"name\":\"Materjalid\",\"item\":\"https:\\\/\\\/tuberkuloosi.fi\\\/et\\\/materjalid\\\/\"},{\"@type\":\"ListItem\",\"position\":3,\"name\":\"Bro\u0161\u00fc\u00fcrid\"}]},{\"@type\":\"WebSite\",\"@id\":\"https:\\\/\\\/tuberkuloosi.fi\\\/et\\\/#website\",\"url\":\"https:\\\/\\\/tuberkuloosi.fi\\\/et\\\/\",\"name\":\"viro\",\"description\":\"Tuberkuloos on ravitav, teeme koos!\",\"publisher\":{\"@id\":\"https:\\\/\\\/tuberkuloosi.fi\\\/et\\\/#organization\"},\"potentialAction\":[{\"@type\":\"SearchAction\",\"target\":{\"@type\":\"EntryPoint\",\"urlTemplate\":\"https:\\\/\\\/tuberkuloosi.fi\\\/et\\\/?s={search_term_string}\"},\"query-input\":{\"@type\":\"PropertyValueSpecification\",\"valueRequired\":true,\"valueName\":\"search_term_string\"}}],\"inLanguage\":\"en-US\"},{\"@type\":\"Organization\",\"@id\":\"https:\\\/\\\/tuberkuloosi.fi\\\/et\\\/#organization\",\"name\":\"viro\",\"url\":\"https:\\\/\\\/tuberkuloosi.fi\\\/et\\\/\",\"logo\":{\"@type\":\"ImageObject\",\"inLanguage\":\"en-US\",\"@id\":\"https:\\\/\\\/tuberkuloosi.fi\\\/et\\\/#\\\/schema\\\/logo\\\/image\\\/\",\"url\":\"https:\\\/\\\/tuberkuloosi.fi\\\/et\\\/wp-content\\\/uploads\\\/sites\\\/7\\\/2019\\\/08\\\/cropped-tuberkuloosi.fi-logo1.jpg\",\"contentUrl\":\"https:\\\/\\\/tuberkuloosi.fi\\\/et\\\/wp-content\\\/uploads\\\/sites\\\/7\\\/2019\\\/08\\\/cropped-tuberkuloosi.fi-logo1.jpg\",\"width\":1598,\"height\":321,\"caption\":\"viro\"},\"image\":{\"@id\":\"https:\\\/\\\/tuberkuloosi.fi\\\/et\\\/#\\\/schema\\\/logo\\\/image\\\/\"}}]}<\/script>\n<!-- \/ Yoast SEO plugin. -->","yoast_head_json":{"title":"Bro\u0161\u00fc\u00fcrid - viro","robots":{"index":"index","follow":"follow","max-snippet":"max-snippet:-1","max-image-preview":"max-image-preview:large","max-video-preview":"max-video-preview:-1"},"canonical":"https:\/\/tuberkuloosi.fi\/et\/materjalid\/brosuurid\/","og_locale":"en_US","og_type":"article","og_title":"Bro\u0161\u00fc\u00fcrid - viro","og_description":"Tuberkuloos \u2012 mis see on? (eesti) Filha ja hingamisteede tervise organisatsioon avaldasid 2008. aastal koost\u00f6\u00f6s Soome siseministeeriumiga \u00fcldise teabevoldiku tuberkuloosi kohta koos juhistega seda p\u00f5devatele patsientidele. Tuberkuloos. Juhend patsiendile (pdf) Need bro\u0161\u00fc\u00fcrid on saadaval ka 16 teises keeles veebisaidi ingliskeelsel versioonil.","og_url":"https:\/\/tuberkuloosi.fi\/et\/materjalid\/brosuurid\/","og_site_name":"viro","article_modified_time":"2022-11-25T09:01:43+00:00","og_image":[{"url":"https:\/\/tuberkuloosi.fi\/et\/wp-content\/uploads\/sites\/7\/2022\/11\/Tuberkuloos-mis-see-on-208x300.jpg","type":"","width":"","height":""}],"twitter_card":"summary_large_image","schema":{"@context":"https:\/\/schema.org","@graph":[{"@type":"WebPage","@id":"https:\/\/tuberkuloosi.fi\/et\/materjalid\/brosuurid\/","url":"https:\/\/tuberkuloosi.fi\/et\/materjalid\/brosuurid\/","name":"Bro\u0161\u00fc\u00fcrid - viro","isPartOf":{"@id":"https:\/\/tuberkuloosi.fi\/et\/#website"},"primaryImageOfPage":{"@id":"https:\/\/tuberkuloosi.fi\/et\/materjalid\/brosuurid\/#primaryimage"},"image":{"@id":"https:\/\/tuberkuloosi.fi\/et\/materjalid\/brosuurid\/#primaryimage"},"thumbnailUrl":"https:\/\/tuberkuloosi.fi\/et\/wp-content\/uploads\/sites\/7\/2022\/11\/Tuberkuloos-mis-see-on-208x300.jpg","datePublished":"2016-10-16T19:52:04+00:00","dateModified":"2022-11-25T09:01:43+00:00","breadcrumb":{"@id":"https:\/\/tuberkuloosi.fi\/et\/materjalid\/brosuurid\/#breadcrumb"},"inLanguage":"en-US","potentialAction":[{"@type":"ReadAction","target":["https:\/\/tuberkuloosi.fi\/et\/materjalid\/brosuurid\/"]}]},{"@type":"ImageObject","inLanguage":"en-US","@id":"https:\/\/tuberkuloosi.fi\/et\/materjalid\/brosuurid\/#primaryimage","url":"https:\/\/tuberkuloosi.fi\/et\/wp-content\/uploads\/sites\/7\/2022\/11\/Tuberkuloos-mis-see-on.jpg","contentUrl":"https:\/\/tuberkuloosi.fi\/et\/wp-content\/uploads\/sites\/7\/2022\/11\/Tuberkuloos-mis-see-on.jpg","width":541,"height":781,"caption":"Tuberkuloos - mis see on"},{"@type":"BreadcrumbList","@id":"https:\/\/tuberkuloosi.fi\/et\/materjalid\/brosuurid\/#breadcrumb","itemListElement":[{"@type":"ListItem","position":1,"name":"Etusivu","item":"https:\/\/tuberkuloosi.fi\/et\/"},{"@type":"ListItem","position":2,"name":"Materjalid","item":"https:\/\/tuberkuloosi.fi\/et\/materjalid\/"},{"@type":"ListItem","position":3,"name":"Bro\u0161\u00fc\u00fcrid"}]},{"@type":"WebSite","@id":"https:\/\/tuberkuloosi.fi\/et\/#website","url":"https:\/\/tuberkuloosi.fi\/et\/","name":"viro","description":"Tuberkuloos on ravitav, teeme koos!","publisher":{"@id":"https:\/\/tuberkuloosi.fi\/et\/#organization"},"potentialAction":[{"@type":"SearchAction","target":{"@type":"EntryPoint","urlTemplate":"https:\/\/tuberkuloosi.fi\/et\/?s={search_term_string}"},"query-input":{"@type":"PropertyValueSpecification","valueRequired":true,"valueName":"search_term_string"}}],"inLanguage":"en-US"},{"@type":"Organization","@id":"https:\/\/tuberkuloosi.fi\/et\/#organization","name":"viro","url":"https:\/\/tuberkuloosi.fi\/et\/","logo":{"@type":"ImageObject","inLanguage":"en-US","@id":"https:\/\/tuberkuloosi.fi\/et\/#\/schema\/logo\/image\/","url":"https:\/\/tuberkuloosi.fi\/et\/wp-content\/uploads\/sites\/7\/2019\/08\/cropped-tuberkuloosi.fi-logo1.jpg","contentUrl":"https:\/\/tuberkuloosi.fi\/et\/wp-content\/uploads\/sites\/7\/2019\/08\/cropped-tuberkuloosi.fi-logo1.jpg","width":1598,"height":321,"caption":"viro"},"image":{"@id":"https:\/\/tuberkuloosi.fi\/et\/#\/schema\/logo\/image\/"}}]}},"_links":{"self":[{"href":"https:\/\/tuberkuloosi.fi\/et\/wp-json\/wp\/v2\/pages\/123","targetHints":{"allow":["GET"]}}],"collection":[{"href":"https:\/\/tuberkuloosi.fi\/et\/wp-json\/wp\/v2\/pages"}],"about":[{"href":"https:\/\/tuberkuloosi.fi\/et\/wp-json\/wp\/v2\/types\/page"}],"author":[{"embeddable":true,"href":"https:\/\/tuberkuloosi.fi\/et\/wp-json\/wp\/v2\/users\/1"}],"replies":[{"embeddable":true,"href":"https:\/\/tuberkuloosi.fi\/et\/wp-json\/wp\/v2\/comments?post=123"}],"version-history":[{"count":9,"href":"https:\/\/tuberkuloosi.fi\/et\/wp-json\/wp\/v2\/pages\/123\/revisions"}],"predecessor-version":[{"id":296,"href":"https:\/\/tuberkuloosi.fi\/et\/wp-json\/wp\/v2\/pages\/123\/revisions\/296"}],"up":[{"embeddable":true,"href":"https:\/\/tuberkuloosi.fi\/et\/wp-json\/wp\/v2\/pages\/121"}],"wp:attachment":[{"href":"https:\/\/tuberkuloosi.fi\/et\/wp-json\/wp\/v2\/media?parent=123"}],"curies":[{"name":"wp","href":"https:\/\/api.w.org\/{rel}","templated":true}]}}