{"id":14,"date":"2016-06-28T08:04:21","date_gmt":"2016-06-28T08:04:21","guid":{"rendered":"http:\/\/tuberkuloosi.fi\/et\/?page_id=14"},"modified":"2022-11-17T14:19:47","modified_gmt":"2022-11-17T14:19:47","slug":"tuberkuloosi-levimine","status":"publish","type":"page","link":"https:\/\/tuberkuloosi.fi\/et\/tuberkuloos\/tuberkuloosi-levimine\/","title":{"rendered":"Tuberkuloosi levimine"},"content":{"rendered":"<p><img fetchpriority=\"high\" decoding=\"async\" class=\"alignright size-full wp-image-67\" src=\"http:\/\/tuberkuloosi.fi\/en\/wp-content\/uploads\/sites\/2\/2015\/08\/pappa.jpg\" alt=\"Tuberkuloosi levimine\" width=\"264\" height=\"504\" \/><\/p>\n<blockquote><p>Tuberkuloos levib inimeselt inimesele \u00f5hu kaudu. \u00d5nneks ei kandu tuberkuloos edasi kergelt. \u00d5ige tuberkuloosivastane ravi v\u00e4hendab haiguse levikut teistele inimestele.<\/p><\/blockquote>\n<p>Tuberkuloosibakter satub \u00f5hku, kui kopsu- v\u00f5i k\u00f5rituberkuloosi p\u00f5dev inimene k\u00f5neleb, laulab, k\u00f6hib v\u00f5i aevastab. Inimene, kes viibib samas siseruumis, v\u00f5ib saada nakkuse \u00f5hu kaudu sissehingamise teel. <\/p>\n<p>Tuberkuloos ei ole kergesti \u00fclekanduv. K\u00f5ige suurem oht on koos elavatel pereliikmetel. P\u00f5gusal kokkupuutel haigestunud inimesega on oht haiguse edasikandmiseks v\u00e4ga v\u00e4ike. Ainult kolmandikul inimestest, kes on haigustekitajaga kokku puutunud, nakatub. <\/p>\n<p>Loe tuberkuloosi nakatumise riski kohta <a href=\"https:\/\/tuberkuloosi.fi\/et\/tuberkuloos\/tuberkuloosi-nakatumine-ja-podemine\/\">t\u00e4psemalt siit<\/a>.<\/p>\n<p>Tuberkuloos ei kandu edasi s\u00f6\u00f6gin\u00f5ude, jookide, toidu, riiete v\u00f5i pindadega.<\/p>\n<p>Haiguse edasikandumise riski saab v\u00e4hendada j\u00e4rgmiselt:<br \/>\nHaige inimene peaks p\u00f6\u00f6rduma koheselt arstiabi saamiseks.<br \/>\nNad peaksid hoolega j\u00e4rgima ravisoovitusi. Ohutu k\u00f6himisviisi \u00f5ppimine ennetab bakterite paiskumist \u00f5hku.<\/p>\n<p>Regulaarne ruumide \u00f5hutamine v\u00e4hendab efektiivselt bakterite hulka siseruumide \u00f5hus. V\u00e4listingimustes on risk nakatumiseks praktiliselt olematu. <\/p>\n","protected":false},"excerpt":{"rendered":"<p>Tuberkuloos levib inimeselt inimesele \u00f5hu kaudu. \u00d5nneks ei kandu tuberkuloos edasi kergelt. \u00d5ige tuberkuloosivastane ravi v\u00e4hendab haiguse levikut teistele inimestele. Tuberkuloosibakter satub \u00f5hku, kui kopsu- v\u00f5i k\u00f5rituberkuloosi p\u00f5dev inimene k\u00f5neleb, laulab, k\u00f6hib v\u00f5i aevastab. Inimene, kes viibib samas siseruumis, v\u00f5ib saada nakkuse \u00f5hu kaudu sissehingamise teel. Tuberkuloos ei ole kergesti \u00fclekanduv. K\u00f5ige suurem oht on &#8230; <a title=\"Tuberkuloosi levimine\" class=\"read-more\" href=\"https:\/\/tuberkuloosi.fi\/et\/tuberkuloos\/tuberkuloosi-levimine\/\">Read more<span class=\"screen-reader-text\">Tuberkuloosi levimine<\/span><\/a><\/p>\n","protected":false},"author":1,"featured_media":0,"parent":10,"menu_order":0,"comment_status":"closed","ping_status":"open","template":"","meta":{"footnotes":""},"class_list":["post-14","page","type-page","status-publish"],"yoast_head":"<!-- This site is optimized with the Yoast SEO plugin v27.5 - https:\/\/yoast.com\/product\/yoast-seo-wordpress\/ -->\n<title>Tuberkuloosi levimine - viro<\/title>\n<meta name=\"description\" content=\"Tuberkuloos levib inimeselt inimesele \u00f5hu kaudu. \u00d5nneks ei kandu tuberkuloos edasi kergelt. \u00d5ige tuberkuloosivastane ravi v\u00e4hendab haiguse levikut teistele inimestele.\" \/>\n<meta name=\"robots\" content=\"index, follow, max-snippet:-1, max-image-preview:large, max-video-preview:-1\" \/>\n<link rel=\"canonical\" href=\"https:\/\/tuberkuloosi.fi\/et\/tuberkuloos\/tuberkuloosi-levimine\/\" \/>\n<meta property=\"og:locale\" content=\"en_US\" \/>\n<meta property=\"og:type\" content=\"article\" \/>\n<meta property=\"og:title\" content=\"Tuberkuloosi levimine - viro\" \/>\n<meta property=\"og:description\" content=\"Tuberkuloos levib inimeselt inimesele \u00f5hu kaudu. \u00d5nneks ei kandu tuberkuloos edasi kergelt. \u00d5ige tuberkuloosivastane ravi v\u00e4hendab haiguse levikut teistele inimestele.\" \/>\n<meta property=\"og:url\" content=\"https:\/\/tuberkuloosi.fi\/et\/tuberkuloos\/tuberkuloosi-levimine\/\" \/>\n<meta property=\"og:site_name\" content=\"viro\" \/>\n<meta property=\"article:modified_time\" content=\"2022-11-17T14:19:47+00:00\" \/>\n<meta property=\"og:image\" content=\"http:\/\/tuberkuloosi.fi\/en\/wp-content\/uploads\/sites\/2\/2015\/08\/pappa.jpg\" \/>\n<meta name=\"twitter:card\" content=\"summary_large_image\" \/>\n<meta name=\"twitter:label1\" content=\"Est. reading time\" \/>\n\t<meta name=\"twitter:data1\" content=\"1 minute\" \/>\n<script type=\"application\/ld+json\" class=\"yoast-schema-graph\">{\"@context\":\"https:\\\/\\\/schema.org\",\"@graph\":[{\"@type\":\"WebPage\",\"@id\":\"https:\\\/\\\/tuberkuloosi.fi\\\/et\\\/tuberkuloos\\\/tuberkuloosi-levimine\\\/\",\"url\":\"https:\\\/\\\/tuberkuloosi.fi\\\/et\\\/tuberkuloos\\\/tuberkuloosi-levimine\\\/\",\"name\":\"Tuberkuloosi levimine - viro\",\"isPartOf\":{\"@id\":\"https:\\\/\\\/tuberkuloosi.fi\\\/et\\\/#website\"},\"primaryImageOfPage\":{\"@id\":\"https:\\\/\\\/tuberkuloosi.fi\\\/et\\\/tuberkuloos\\\/tuberkuloosi-levimine\\\/#primaryimage\"},\"image\":{\"@id\":\"https:\\\/\\\/tuberkuloosi.fi\\\/et\\\/tuberkuloos\\\/tuberkuloosi-levimine\\\/#primaryimage\"},\"thumbnailUrl\":\"http:\\\/\\\/tuberkuloosi.fi\\\/en\\\/wp-content\\\/uploads\\\/sites\\\/2\\\/2015\\\/08\\\/pappa.jpg\",\"datePublished\":\"2016-06-28T08:04:21+00:00\",\"dateModified\":\"2022-11-17T14:19:47+00:00\",\"description\":\"Tuberkuloos levib inimeselt inimesele \u00f5hu kaudu. \u00d5nneks ei kandu tuberkuloos edasi kergelt. \u00d5ige tuberkuloosivastane ravi v\u00e4hendab haiguse levikut teistele inimestele.\",\"breadcrumb\":{\"@id\":\"https:\\\/\\\/tuberkuloosi.fi\\\/et\\\/tuberkuloos\\\/tuberkuloosi-levimine\\\/#breadcrumb\"},\"inLanguage\":\"en-US\",\"potentialAction\":[{\"@type\":\"ReadAction\",\"target\":[\"https:\\\/\\\/tuberkuloosi.fi\\\/et\\\/tuberkuloos\\\/tuberkuloosi-levimine\\\/\"]}]},{\"@type\":\"ImageObject\",\"inLanguage\":\"en-US\",\"@id\":\"https:\\\/\\\/tuberkuloosi.fi\\\/et\\\/tuberkuloos\\\/tuberkuloosi-levimine\\\/#primaryimage\",\"url\":\"http:\\\/\\\/tuberkuloosi.fi\\\/en\\\/wp-content\\\/uploads\\\/sites\\\/2\\\/2015\\\/08\\\/pappa.jpg\",\"contentUrl\":\"http:\\\/\\\/tuberkuloosi.fi\\\/en\\\/wp-content\\\/uploads\\\/sites\\\/2\\\/2015\\\/08\\\/pappa.jpg\"},{\"@type\":\"BreadcrumbList\",\"@id\":\"https:\\\/\\\/tuberkuloosi.fi\\\/et\\\/tuberkuloos\\\/tuberkuloosi-levimine\\\/#breadcrumb\",\"itemListElement\":[{\"@type\":\"ListItem\",\"position\":1,\"name\":\"Etusivu\",\"item\":\"https:\\\/\\\/tuberkuloosi.fi\\\/et\\\/\"},{\"@type\":\"ListItem\",\"position\":2,\"name\":\"Tuberkuloos\",\"item\":\"https:\\\/\\\/tuberkuloosi.fi\\\/et\\\/tuberkuloos\\\/\"},{\"@type\":\"ListItem\",\"position\":3,\"name\":\"Tuberkuloosi levimine\"}]},{\"@type\":\"WebSite\",\"@id\":\"https:\\\/\\\/tuberkuloosi.fi\\\/et\\\/#website\",\"url\":\"https:\\\/\\\/tuberkuloosi.fi\\\/et\\\/\",\"name\":\"viro\",\"description\":\"Tuberkuloos on ravitav, teeme koos!\",\"publisher\":{\"@id\":\"https:\\\/\\\/tuberkuloosi.fi\\\/et\\\/#organization\"},\"potentialAction\":[{\"@type\":\"SearchAction\",\"target\":{\"@type\":\"EntryPoint\",\"urlTemplate\":\"https:\\\/\\\/tuberkuloosi.fi\\\/et\\\/?s={search_term_string}\"},\"query-input\":{\"@type\":\"PropertyValueSpecification\",\"valueRequired\":true,\"valueName\":\"search_term_string\"}}],\"inLanguage\":\"en-US\"},{\"@type\":\"Organization\",\"@id\":\"https:\\\/\\\/tuberkuloosi.fi\\\/et\\\/#organization\",\"name\":\"viro\",\"url\":\"https:\\\/\\\/tuberkuloosi.fi\\\/et\\\/\",\"logo\":{\"@type\":\"ImageObject\",\"inLanguage\":\"en-US\",\"@id\":\"https:\\\/\\\/tuberkuloosi.fi\\\/et\\\/#\\\/schema\\\/logo\\\/image\\\/\",\"url\":\"https:\\\/\\\/tuberkuloosi.fi\\\/et\\\/wp-content\\\/uploads\\\/sites\\\/7\\\/2019\\\/08\\\/cropped-tuberkuloosi.fi-logo1.jpg\",\"contentUrl\":\"https:\\\/\\\/tuberkuloosi.fi\\\/et\\\/wp-content\\\/uploads\\\/sites\\\/7\\\/2019\\\/08\\\/cropped-tuberkuloosi.fi-logo1.jpg\",\"width\":1598,\"height\":321,\"caption\":\"viro\"},\"image\":{\"@id\":\"https:\\\/\\\/tuberkuloosi.fi\\\/et\\\/#\\\/schema\\\/logo\\\/image\\\/\"}}]}<\/script>\n<!-- \/ Yoast SEO plugin. -->","yoast_head_json":{"title":"Tuberkuloosi levimine - viro","description":"Tuberkuloos levib inimeselt inimesele \u00f5hu kaudu. \u00d5nneks ei kandu tuberkuloos edasi kergelt. \u00d5ige tuberkuloosivastane ravi v\u00e4hendab haiguse levikut teistele inimestele.","robots":{"index":"index","follow":"follow","max-snippet":"max-snippet:-1","max-image-preview":"max-image-preview:large","max-video-preview":"max-video-preview:-1"},"canonical":"https:\/\/tuberkuloosi.fi\/et\/tuberkuloos\/tuberkuloosi-levimine\/","og_locale":"en_US","og_type":"article","og_title":"Tuberkuloosi levimine - viro","og_description":"Tuberkuloos levib inimeselt inimesele \u00f5hu kaudu. \u00d5nneks ei kandu tuberkuloos edasi kergelt. \u00d5ige tuberkuloosivastane ravi v\u00e4hendab haiguse levikut teistele inimestele.","og_url":"https:\/\/tuberkuloosi.fi\/et\/tuberkuloos\/tuberkuloosi-levimine\/","og_site_name":"viro","article_modified_time":"2022-11-17T14:19:47+00:00","og_image":[{"url":"http:\/\/tuberkuloosi.fi\/en\/wp-content\/uploads\/sites\/2\/2015\/08\/pappa.jpg","type":"","width":"","height":""}],"twitter_card":"summary_large_image","twitter_misc":{"Est. reading time":"1 minute"},"schema":{"@context":"https:\/\/schema.org","@graph":[{"@type":"WebPage","@id":"https:\/\/tuberkuloosi.fi\/et\/tuberkuloos\/tuberkuloosi-levimine\/","url":"https:\/\/tuberkuloosi.fi\/et\/tuberkuloos\/tuberkuloosi-levimine\/","name":"Tuberkuloosi levimine - viro","isPartOf":{"@id":"https:\/\/tuberkuloosi.fi\/et\/#website"},"primaryImageOfPage":{"@id":"https:\/\/tuberkuloosi.fi\/et\/tuberkuloos\/tuberkuloosi-levimine\/#primaryimage"},"image":{"@id":"https:\/\/tuberkuloosi.fi\/et\/tuberkuloos\/tuberkuloosi-levimine\/#primaryimage"},"thumbnailUrl":"http:\/\/tuberkuloosi.fi\/en\/wp-content\/uploads\/sites\/2\/2015\/08\/pappa.jpg","datePublished":"2016-06-28T08:04:21+00:00","dateModified":"2022-11-17T14:19:47+00:00","description":"Tuberkuloos levib inimeselt inimesele \u00f5hu kaudu. \u00d5nneks ei kandu tuberkuloos edasi kergelt. \u00d5ige tuberkuloosivastane ravi v\u00e4hendab haiguse levikut teistele inimestele.","breadcrumb":{"@id":"https:\/\/tuberkuloosi.fi\/et\/tuberkuloos\/tuberkuloosi-levimine\/#breadcrumb"},"inLanguage":"en-US","potentialAction":[{"@type":"ReadAction","target":["https:\/\/tuberkuloosi.fi\/et\/tuberkuloos\/tuberkuloosi-levimine\/"]}]},{"@type":"ImageObject","inLanguage":"en-US","@id":"https:\/\/tuberkuloosi.fi\/et\/tuberkuloos\/tuberkuloosi-levimine\/#primaryimage","url":"http:\/\/tuberkuloosi.fi\/en\/wp-content\/uploads\/sites\/2\/2015\/08\/pappa.jpg","contentUrl":"http:\/\/tuberkuloosi.fi\/en\/wp-content\/uploads\/sites\/2\/2015\/08\/pappa.jpg"},{"@type":"BreadcrumbList","@id":"https:\/\/tuberkuloosi.fi\/et\/tuberkuloos\/tuberkuloosi-levimine\/#breadcrumb","itemListElement":[{"@type":"ListItem","position":1,"name":"Etusivu","item":"https:\/\/tuberkuloosi.fi\/et\/"},{"@type":"ListItem","position":2,"name":"Tuberkuloos","item":"https:\/\/tuberkuloosi.fi\/et\/tuberkuloos\/"},{"@type":"ListItem","position":3,"name":"Tuberkuloosi levimine"}]},{"@type":"WebSite","@id":"https:\/\/tuberkuloosi.fi\/et\/#website","url":"https:\/\/tuberkuloosi.fi\/et\/","name":"viro","description":"Tuberkuloos on ravitav, teeme koos!","publisher":{"@id":"https:\/\/tuberkuloosi.fi\/et\/#organization"},"potentialAction":[{"@type":"SearchAction","target":{"@type":"EntryPoint","urlTemplate":"https:\/\/tuberkuloosi.fi\/et\/?s={search_term_string}"},"query-input":{"@type":"PropertyValueSpecification","valueRequired":true,"valueName":"search_term_string"}}],"inLanguage":"en-US"},{"@type":"Organization","@id":"https:\/\/tuberkuloosi.fi\/et\/#organization","name":"viro","url":"https:\/\/tuberkuloosi.fi\/et\/","logo":{"@type":"ImageObject","inLanguage":"en-US","@id":"https:\/\/tuberkuloosi.fi\/et\/#\/schema\/logo\/image\/","url":"https:\/\/tuberkuloosi.fi\/et\/wp-content\/uploads\/sites\/7\/2019\/08\/cropped-tuberkuloosi.fi-logo1.jpg","contentUrl":"https:\/\/tuberkuloosi.fi\/et\/wp-content\/uploads\/sites\/7\/2019\/08\/cropped-tuberkuloosi.fi-logo1.jpg","width":1598,"height":321,"caption":"viro"},"image":{"@id":"https:\/\/tuberkuloosi.fi\/et\/#\/schema\/logo\/image\/"}}]}},"_links":{"self":[{"href":"https:\/\/tuberkuloosi.fi\/et\/wp-json\/wp\/v2\/pages\/14","targetHints":{"allow":["GET"]}}],"collection":[{"href":"https:\/\/tuberkuloosi.fi\/et\/wp-json\/wp\/v2\/pages"}],"about":[{"href":"https:\/\/tuberkuloosi.fi\/et\/wp-json\/wp\/v2\/types\/page"}],"author":[{"embeddable":true,"href":"https:\/\/tuberkuloosi.fi\/et\/wp-json\/wp\/v2\/users\/1"}],"replies":[{"embeddable":true,"href":"https:\/\/tuberkuloosi.fi\/et\/wp-json\/wp\/v2\/comments?post=14"}],"version-history":[{"count":5,"href":"https:\/\/tuberkuloosi.fi\/et\/wp-json\/wp\/v2\/pages\/14\/revisions"}],"predecessor-version":[{"id":236,"href":"https:\/\/tuberkuloosi.fi\/et\/wp-json\/wp\/v2\/pages\/14\/revisions\/236"}],"up":[{"embeddable":true,"href":"https:\/\/tuberkuloosi.fi\/et\/wp-json\/wp\/v2\/pages\/10"}],"wp:attachment":[{"href":"https:\/\/tuberkuloosi.fi\/et\/wp-json\/wp\/v2\/media?parent=14"}],"curies":[{"name":"wp","href":"https:\/\/api.w.org\/{rel}","templated":true}]}}