{"id":145,"date":"2016-11-16T20:25:24","date_gmt":"2016-11-16T20:25:24","guid":{"rendered":"http:\/\/tuberkuloosi.fi\/et\/?page_id=145"},"modified":"2019-09-02T08:29:23","modified_gmt":"2019-09-02T08:29:23","slug":"plakatid","status":"publish","type":"page","link":"https:\/\/tuberkuloosi.fi\/et\/materjalid\/plakatid\/","title":{"rendered":"Plakatid"},"content":{"rendered":"<h2>Veebisaidi tuberkuloosi.fi plakat<\/h2>\n<p><a href=\"http:\/\/tuberkuloosi.fi\/et\/wp-content\/uploads\/sites\/7\/2016\/11\/tuberkuloosi.fi-juliste_ET.jpg\"><img fetchpriority=\"high\" decoding=\"async\" class=\"alignleft  wp-image-154\" src=\"http:\/\/tuberkuloosi.fi\/et\/wp-content\/uploads\/sites\/7\/2016\/11\/tuberkuloosi.fi-juliste_ET.jpg\" alt=\"tuberkuloosi-fi-juliste_et\" width=\"264\" height=\"358\" srcset=\"https:\/\/tuberkuloosi.fi\/et\/wp-content\/uploads\/sites\/7\/2016\/11\/tuberkuloosi.fi-juliste_ET.jpg 663w, https:\/\/tuberkuloosi.fi\/et\/wp-content\/uploads\/sites\/7\/2016\/11\/tuberkuloosi.fi-juliste_ET-221x300.jpg 221w\" sizes=\"(max-width: 264px) 100vw, 264px\" \/><\/a><\/p>\n<p>&nbsp;<\/p>\n<p>tuberkuloosi.fi plakatit saab kasutada selle veebisaidi kohta teabe jagamiseks.<\/p>\n<p><a href=\"http:\/\/tuberkuloosi.fi\/et\/wp-content\/uploads\/sites\/7\/2016\/11\/tuberkuloosi.fi-juliste_ET.pdf\">Veebisaidi tuberkuloosi-fi plakat (pdf)<\/a><\/p>\n<p>&nbsp;<\/p>\n<p>&nbsp;<\/p>\n<h2><\/h2>\n<h2><\/h2>\n<h2><\/h2>\n<h2><\/h2>\n<p>&nbsp;<\/p>\n<p>&nbsp;<\/p>\n<p>&nbsp;<\/p>\n<p>&nbsp;<\/p>\n<p>&nbsp;<\/p>\n<hr \/>\n<h2>TIE-projekti plakatid<\/h2>\n<p>Need plakatid kujundati TIE-projektiga (tuberkuloosi ja HIV-i ennetamine ning varane avastamine varjupaigataotlejate seas) 2014. aastal koos animatsioonidega. Need kujundas Constantinos \u201eGogi\u201d Mavromichalis. TIE-projekti rahastamises osales Euroopa pagulaste fond.<\/p>\n<p><img decoding=\"async\" class=\"alignleft wp-image-679 size-medium lazyload\" data-src=\"http:\/\/tuberkuloosi.fi\/wp-content\/uploads\/2014\/06\/TIE-TB-juliste-pikkukuva-217x300.png\" alt=\"\" width=\"217\" height=\"300\" src=\"data:image\/svg+xml;base64,PHN2ZyB3aWR0aD0iMSIgaGVpZ2h0PSIxIiB4bWxucz0iaHR0cDovL3d3dy53My5vcmcvMjAwMC9zdmciPjwvc3ZnPg==\" style=\"--smush-placeholder-width: 217px; --smush-placeholder-aspect-ratio: 217\/300;\" \/><\/p>\n<h2><\/h2>\n<h2><\/h2>\n<h2><\/h2>\n<h2><\/h2>\n<h2><\/h2>\n<h2><\/h2>\n<h2><\/h2>\n<h2><\/h2>\n<h2><\/h2>\n<h2><img decoding=\"async\" class=\"alignleft wp-image-678 size-medium lazyload\" data-src=\"http:\/\/tuberkuloosi.fi\/wp-content\/uploads\/2014\/06\/TIE-HIV-juliste-pikkukuva-216x300.png\" alt=\"\" width=\"216\" height=\"300\" src=\"data:image\/svg+xml;base64,PHN2ZyB3aWR0aD0iMSIgaGVpZ2h0PSIxIiB4bWxucz0iaHR0cDovL3d3dy53My5vcmcvMjAwMC9zdmciPjwvc3ZnPg==\" style=\"--smush-placeholder-width: 216px; --smush-placeholder-aspect-ratio: 216\/300;\" \/><\/h2>\n<h2><\/h2>\n<h2><\/h2>\n<h2><\/h2>\n<h2><\/h2>\n<h2><\/h2>\n<h2><\/h2>\n<h2><\/h2>\n<h2><\/h2>\n<h2><\/h2>\n<p>&nbsp;<\/p>\n<p>&nbsp;<\/p>\n<p>&nbsp;<\/p>\n<p>&nbsp;<\/p>\n<p>&nbsp;<\/p>\n<p>&nbsp;<\/p>\n<p>&nbsp;<\/p>\n<p>&nbsp;<\/p>\n<p>&nbsp;<\/p>\n<p><a href=\"http:\/\/tuberkuloosi.fi\/wp-content\/uploads\/2014\/06\/Juliste_Tubi.pdf\">TB is curable &#8211; Poster of the TIE Project (pdf)<\/a><\/p>\n<p><a href=\"http:\/\/tuberkuloosi.fi\/wp-content\/uploads\/2014\/06\/Juliste_Hiv.pdf\">Full life with HIV \u2013 Poster of the TIE Project(pdf)<\/a><\/p>\n<p><img loading=\"lazy\" decoding=\"async\" class=\"alignleft wp-image-690 size-thumbnail\" src=\"http:\/\/tuberkuloosi.fi\/wp-content\/uploads\/2014\/06\/35166_erf_logo_doc_fin-150x150.jpg\" alt=\"Euroopan pakolaisrahaston logo\" width=\"150\" height=\"150\" \/><\/p>\n<p>&nbsp;<\/p>\n<p>&nbsp;<\/p>\n<p>&nbsp;<\/p>\n<p>&nbsp;<\/p>\n<p>&nbsp;<\/p>\n<hr \/>\n<h2><\/h2>\n<h2>Pirkanmaa terviserajooni plakatid<\/h2>\n<p><a href=\"http:\/\/tuberkuloosi.fi\/en\/wp-content\/uploads\/sites\/2\/2015\/10\/pirkanmaa-poster_en.jpg\"><img decoding=\"async\" class=\"alignleft size-full wp-image-290 lazyload\" data-src=\"http:\/\/tuberkuloosi.fi\/en\/wp-content\/uploads\/sites\/2\/2015\/10\/pirkanmaa-poster_en.jpg\" alt=\"pirkanmaa poster_en\" width=\"220\" height=\"303\" src=\"data:image\/svg+xml;base64,PHN2ZyB3aWR0aD0iMSIgaGVpZ2h0PSIxIiB4bWxucz0iaHR0cDovL3d3dy53My5vcmcvMjAwMC9zdmciPjwvc3ZnPg==\" style=\"--smush-placeholder-width: 220px; --smush-placeholder-aspect-ratio: 220\/303;\" \/><\/a>Pirkanmaa terviserajoon on valmistanud plakati tuberkuloosi kohta soome, rootsi, inglise ja vene keeles. Kujundajaks oli Juha Harju.<\/p>\n<p><a href=\"http:\/\/tuberkuloosi.fi\/wp-content\/uploads\/2014\/03\/PHSP-TB-juliste_suomi.pdf\" target=\"_blank\" rel=\"noopener noreferrer\">Tuberculosis poster in Finnish (pdf)<\/a><\/p>\n<p><a href=\"http:\/\/tuberkuloosi.fi\/wp-content\/uploads\/2014\/03\/PHSP-TB-juliste_ruotsi.pdf\" target=\"_blank\" rel=\"noopener noreferrer\">Tuberculosis poster in Swedish (pdf)<\/a><\/p>\n<p><a href=\"http:\/\/tuberkuloosi.fi\/wp-content\/uploads\/2014\/03\/PHSP-TB-juliste_englanti.pdf\" target=\"_blank\" rel=\"noopener noreferrer\">Tuberculosis poster in English(pdf)<\/a><\/p>\n<p><a href=\"http:\/\/tuberkuloosi.fi\/wp-content\/uploads\/2014\/03\/PHSP-TB-juliste_ven\u00e4j\u00e4.pdf\" target=\"_blank\" rel=\"noopener noreferrer\">Tuberculosis poster in Russian (pdf)<\/a><\/p>\n<p>&nbsp;<\/p>\n<p>&nbsp;<\/p>\n<p>&nbsp;<\/p>\n<p>&nbsp;<\/p>\n<hr \/>\n<h2>TUBIDU-projekti plakatid<\/h2>\n<p>EL rahastatud TUBIDU projekt on toodetud bro\u0161\u00fc\u00fcre ja plakateid s\u00fcmptomid tuberkuloosi seitsmes keeles. Loe l\u00e4hemalt projekti<br \/>\n<a href=\"http:\/\/www.tai.ee\/en\/tubidu\" target=\"_blank\" rel=\"noopener noreferrer\">kodulehel Eesti Tervise Arengu Instituut<\/a>.<\/p>\n<p><img decoding=\"async\" class=\"wp-image-512 alignleft lazyload\" data-src=\"http:\/\/tuberkuloosi.fi\/wp-content\/uploads\/2014\/03\/TUBIDU_poster_ENG.jpg\" alt=\"TUBIDU_poster_ENG\" width=\"312\" height=\"429\" src=\"data:image\/svg+xml;base64,PHN2ZyB3aWR0aD0iMSIgaGVpZ2h0PSIxIiB4bWxucz0iaHR0cDovL3d3dy53My5vcmcvMjAwMC9zdmciPjwvc3ZnPg==\" style=\"--smush-placeholder-width: 312px; --smush-placeholder-aspect-ratio: 312\/429;\" \/>Eesti:<b>\u00a0<a href=\"http:\/\/www.tai.ee\/en\/publications\/publications\/download\/481\">Iga\u00fcks v\u00f5ib haigestuda tuberkuloosi!<\/a>\u00a0(pdf)<\/b><\/p>\n<p>L\u00e4ti:\u00a0<b><a href=\"http:\/\/www.tai.ee\/en\/publications\/publications\/download\/495\">Ar tuberkulozi var saslimt ikviens!<\/a>\u00a0(pdf)<\/b><\/p>\n<p>Leedu:\u00a0<b><a href=\"http:\/\/www.tai.ee\/en\/publications\/publications\/download\/487\">Bet kas gali susirgti tuberkulioze!<\/a>\u00a0(pdf)<\/b><\/p>\n<p>Inglise:\u00a0<b><a href=\"http:\/\/www.tai.ee\/en\/publications\/publications\/download\/484\">Anyone can get tuberculosis!<\/a>\u00a0(pdf)<\/b><\/p>\n<p>Rumeenia:\u00a0<b><a href=\"http:\/\/www.tai.ee\/en\/publications\/publications\/download\/490\">Oricine se poate \u00eemboln\u0103vi de Tuberculoz\u0103!<\/a>\u00a0(pdf)<\/b><\/p>\n<p>Bulgaaria:\u00a0<b><a href=\"http:\/\/www.tai.ee\/en\/publications\/publications\/download\/478\">\u0412\u0441\u0435\u043a\u0438 \u043c\u043e\u0436\u0435 \u0434\u0430 \u0441\u0435 \u0437\u0430\u0440\u0430\u0437\u0438 \u0441 \u0442\u0443\u0431\u0435\u0440\u043a\u0443\u043b\u043e\u0437\u0430!<\/a>\u00a0(pdf)<\/b><\/p>\n<p>Vene: <b><a href=\"http:\/\/www.tai.ee\/en\/publications\/publications\/download\/492\">\u0417\u0430\u0431\u043e\u043b\u0435\u0442\u044c \u0442\u0443\u0431\u0435\u0440\u043a\u0443\u043b\u0451\u0437\u043e\u043c \u043c\u043e\u0436\u0435\u0442 \u043a\u0430\u0436\u0434\u044b\u0439!<\/a>\u00a0(pdf)<\/b><\/p>\n<p>&nbsp;<\/p>\n<p><img loading=\"lazy\" decoding=\"async\" class=\" wp-image-510 alignleft\" src=\"http:\/\/tuberkuloosi.fi\/wp-content\/uploads\/2014\/03\/tubidu_logo.png\" alt=\"tubidu_logo\" width=\"263\" height=\"65\" \/> <img decoding=\"async\" class=\"alignright  wp-image-519 lazyload\" data-src=\"http:\/\/tuberkuloosi.fi\/wp-content\/uploads\/2014\/03\/EU_flag_and_co-funded_by_health_programme.jpg\" alt=\"EU_flag_and_co-funded_by_health_programme\" width=\"341\" height=\"69\" src=\"data:image\/svg+xml;base64,PHN2ZyB3aWR0aD0iMSIgaGVpZ2h0PSIxIiB4bWxucz0iaHR0cDovL3d3dy53My5vcmcvMjAwMC9zdmciPjwvc3ZnPg==\" style=\"--smush-placeholder-width: 341px; --smush-placeholder-aspect-ratio: 341\/69;\" \/><\/p>\n","protected":false},"excerpt":{"rendered":"<p>Veebisaidi tuberkuloosi.fi plakat &nbsp; tuberkuloosi.fi plakatit saab kasutada selle veebisaidi kohta teabe jagamiseks. Veebisaidi tuberkuloosi-fi plakat (pdf) &nbsp; &nbsp; &nbsp; &nbsp; &nbsp; &nbsp; &nbsp; TIE-projekti plakatid Need plakatid kujundati TIE-projektiga (tuberkuloosi ja HIV-i ennetamine ning varane avastamine varjupaigataotlejate seas) 2014. aastal koos animatsioonidega. Need kujundas Constantinos \u201eGogi\u201d Mavromichalis. TIE-projekti rahastamises osales Euroopa pagulaste fond. &nbsp; &#8230; <a title=\"Plakatid\" class=\"read-more\" href=\"https:\/\/tuberkuloosi.fi\/et\/materjalid\/plakatid\/\">Read more<span class=\"screen-reader-text\">Plakatid<\/span><\/a><\/p>\n","protected":false},"author":2,"featured_media":0,"parent":121,"menu_order":8,"comment_status":"closed","ping_status":"open","template":"","meta":{"footnotes":""},"class_list":["post-145","page","type-page","status-publish"],"yoast_head":"<!-- This site is optimized with the Yoast SEO plugin v27.4 - https:\/\/yoast.com\/product\/yoast-seo-wordpress\/ -->\n<title>Plakatid - viro<\/title>\n<meta name=\"robots\" content=\"index, follow, max-snippet:-1, max-image-preview:large, max-video-preview:-1\" \/>\n<link rel=\"canonical\" href=\"https:\/\/tuberkuloosi.fi\/et\/materjalid\/plakatid\/\" \/>\n<meta property=\"og:locale\" content=\"en_US\" \/>\n<meta property=\"og:type\" content=\"article\" \/>\n<meta property=\"og:title\" content=\"Plakatid - viro\" \/>\n<meta property=\"og:description\" content=\"Veebisaidi tuberkuloosi.fi plakat &nbsp; tuberkuloosi.fi plakatit saab kasutada selle veebisaidi kohta teabe jagamiseks. Veebisaidi tuberkuloosi-fi plakat (pdf) &nbsp; &nbsp; &nbsp; &nbsp; &nbsp; &nbsp; &nbsp; TIE-projekti plakatid Need plakatid kujundati TIE-projektiga (tuberkuloosi ja HIV-i ennetamine ning varane avastamine varjupaigataotlejate seas) 2014. aastal koos animatsioonidega. Need kujundas Constantinos \u201eGogi\u201d Mavromichalis. TIE-projekti rahastamises osales Euroopa pagulaste fond. &nbsp; ... Read morePlakatid\" \/>\n<meta property=\"og:url\" content=\"https:\/\/tuberkuloosi.fi\/et\/materjalid\/plakatid\/\" \/>\n<meta property=\"og:site_name\" content=\"viro\" \/>\n<meta property=\"article:modified_time\" content=\"2019-09-02T08:29:23+00:00\" \/>\n<meta property=\"og:image\" content=\"http:\/\/tuberkuloosi.fi\/et\/wp-content\/uploads\/sites\/7\/2016\/11\/tuberkuloosi.fi-juliste_ET.jpg\" \/>\n<meta name=\"twitter:card\" content=\"summary_large_image\" \/>\n<meta name=\"twitter:label1\" content=\"Est. reading time\" \/>\n\t<meta name=\"twitter:data1\" content=\"1 minute\" \/>\n<script type=\"application\/ld+json\" class=\"yoast-schema-graph\">{\"@context\":\"https:\\\/\\\/schema.org\",\"@graph\":[{\"@type\":\"WebPage\",\"@id\":\"https:\\\/\\\/tuberkuloosi.fi\\\/et\\\/materjalid\\\/plakatid\\\/\",\"url\":\"https:\\\/\\\/tuberkuloosi.fi\\\/et\\\/materjalid\\\/plakatid\\\/\",\"name\":\"Plakatid - viro\",\"isPartOf\":{\"@id\":\"https:\\\/\\\/tuberkuloosi.fi\\\/et\\\/#website\"},\"primaryImageOfPage\":{\"@id\":\"https:\\\/\\\/tuberkuloosi.fi\\\/et\\\/materjalid\\\/plakatid\\\/#primaryimage\"},\"image\":{\"@id\":\"https:\\\/\\\/tuberkuloosi.fi\\\/et\\\/materjalid\\\/plakatid\\\/#primaryimage\"},\"thumbnailUrl\":\"http:\\\/\\\/tuberkuloosi.fi\\\/et\\\/wp-content\\\/uploads\\\/sites\\\/7\\\/2016\\\/11\\\/tuberkuloosi.fi-juliste_ET.jpg\",\"datePublished\":\"2016-11-16T20:25:24+00:00\",\"dateModified\":\"2019-09-02T08:29:23+00:00\",\"breadcrumb\":{\"@id\":\"https:\\\/\\\/tuberkuloosi.fi\\\/et\\\/materjalid\\\/plakatid\\\/#breadcrumb\"},\"inLanguage\":\"en-US\",\"potentialAction\":[{\"@type\":\"ReadAction\",\"target\":[\"https:\\\/\\\/tuberkuloosi.fi\\\/et\\\/materjalid\\\/plakatid\\\/\"]}]},{\"@type\":\"ImageObject\",\"inLanguage\":\"en-US\",\"@id\":\"https:\\\/\\\/tuberkuloosi.fi\\\/et\\\/materjalid\\\/plakatid\\\/#primaryimage\",\"url\":\"http:\\\/\\\/tuberkuloosi.fi\\\/et\\\/wp-content\\\/uploads\\\/sites\\\/7\\\/2016\\\/11\\\/tuberkuloosi.fi-juliste_ET.jpg\",\"contentUrl\":\"http:\\\/\\\/tuberkuloosi.fi\\\/et\\\/wp-content\\\/uploads\\\/sites\\\/7\\\/2016\\\/11\\\/tuberkuloosi.fi-juliste_ET.jpg\"},{\"@type\":\"BreadcrumbList\",\"@id\":\"https:\\\/\\\/tuberkuloosi.fi\\\/et\\\/materjalid\\\/plakatid\\\/#breadcrumb\",\"itemListElement\":[{\"@type\":\"ListItem\",\"position\":1,\"name\":\"Etusivu\",\"item\":\"https:\\\/\\\/tuberkuloosi.fi\\\/et\\\/\"},{\"@type\":\"ListItem\",\"position\":2,\"name\":\"Materjalid\",\"item\":\"https:\\\/\\\/tuberkuloosi.fi\\\/et\\\/materjalid\\\/\"},{\"@type\":\"ListItem\",\"position\":3,\"name\":\"Plakatid\"}]},{\"@type\":\"WebSite\",\"@id\":\"https:\\\/\\\/tuberkuloosi.fi\\\/et\\\/#website\",\"url\":\"https:\\\/\\\/tuberkuloosi.fi\\\/et\\\/\",\"name\":\"viro\",\"description\":\"Tuberkuloos on ravitav, teeme koos!\",\"publisher\":{\"@id\":\"https:\\\/\\\/tuberkuloosi.fi\\\/et\\\/#organization\"},\"potentialAction\":[{\"@type\":\"SearchAction\",\"target\":{\"@type\":\"EntryPoint\",\"urlTemplate\":\"https:\\\/\\\/tuberkuloosi.fi\\\/et\\\/?s={search_term_string}\"},\"query-input\":{\"@type\":\"PropertyValueSpecification\",\"valueRequired\":true,\"valueName\":\"search_term_string\"}}],\"inLanguage\":\"en-US\"},{\"@type\":\"Organization\",\"@id\":\"https:\\\/\\\/tuberkuloosi.fi\\\/et\\\/#organization\",\"name\":\"viro\",\"url\":\"https:\\\/\\\/tuberkuloosi.fi\\\/et\\\/\",\"logo\":{\"@type\":\"ImageObject\",\"inLanguage\":\"en-US\",\"@id\":\"https:\\\/\\\/tuberkuloosi.fi\\\/et\\\/#\\\/schema\\\/logo\\\/image\\\/\",\"url\":\"https:\\\/\\\/tuberkuloosi.fi\\\/et\\\/wp-content\\\/uploads\\\/sites\\\/7\\\/2019\\\/08\\\/cropped-tuberkuloosi.fi-logo1.jpg\",\"contentUrl\":\"https:\\\/\\\/tuberkuloosi.fi\\\/et\\\/wp-content\\\/uploads\\\/sites\\\/7\\\/2019\\\/08\\\/cropped-tuberkuloosi.fi-logo1.jpg\",\"width\":1598,\"height\":321,\"caption\":\"viro\"},\"image\":{\"@id\":\"https:\\\/\\\/tuberkuloosi.fi\\\/et\\\/#\\\/schema\\\/logo\\\/image\\\/\"}}]}<\/script>\n<!-- \/ Yoast SEO plugin. -->","yoast_head_json":{"title":"Plakatid - viro","robots":{"index":"index","follow":"follow","max-snippet":"max-snippet:-1","max-image-preview":"max-image-preview:large","max-video-preview":"max-video-preview:-1"},"canonical":"https:\/\/tuberkuloosi.fi\/et\/materjalid\/plakatid\/","og_locale":"en_US","og_type":"article","og_title":"Plakatid - viro","og_description":"Veebisaidi tuberkuloosi.fi plakat &nbsp; tuberkuloosi.fi plakatit saab kasutada selle veebisaidi kohta teabe jagamiseks. Veebisaidi tuberkuloosi-fi plakat (pdf) &nbsp; &nbsp; &nbsp; &nbsp; &nbsp; &nbsp; &nbsp; TIE-projekti plakatid Need plakatid kujundati TIE-projektiga (tuberkuloosi ja HIV-i ennetamine ning varane avastamine varjupaigataotlejate seas) 2014. aastal koos animatsioonidega. Need kujundas Constantinos \u201eGogi\u201d Mavromichalis. TIE-projekti rahastamises osales Euroopa pagulaste fond. &nbsp; ... Read morePlakatid","og_url":"https:\/\/tuberkuloosi.fi\/et\/materjalid\/plakatid\/","og_site_name":"viro","article_modified_time":"2019-09-02T08:29:23+00:00","og_image":[{"url":"http:\/\/tuberkuloosi.fi\/et\/wp-content\/uploads\/sites\/7\/2016\/11\/tuberkuloosi.fi-juliste_ET.jpg","type":"","width":"","height":""}],"twitter_card":"summary_large_image","twitter_misc":{"Est. reading time":"1 minute"},"schema":{"@context":"https:\/\/schema.org","@graph":[{"@type":"WebPage","@id":"https:\/\/tuberkuloosi.fi\/et\/materjalid\/plakatid\/","url":"https:\/\/tuberkuloosi.fi\/et\/materjalid\/plakatid\/","name":"Plakatid - viro","isPartOf":{"@id":"https:\/\/tuberkuloosi.fi\/et\/#website"},"primaryImageOfPage":{"@id":"https:\/\/tuberkuloosi.fi\/et\/materjalid\/plakatid\/#primaryimage"},"image":{"@id":"https:\/\/tuberkuloosi.fi\/et\/materjalid\/plakatid\/#primaryimage"},"thumbnailUrl":"http:\/\/tuberkuloosi.fi\/et\/wp-content\/uploads\/sites\/7\/2016\/11\/tuberkuloosi.fi-juliste_ET.jpg","datePublished":"2016-11-16T20:25:24+00:00","dateModified":"2019-09-02T08:29:23+00:00","breadcrumb":{"@id":"https:\/\/tuberkuloosi.fi\/et\/materjalid\/plakatid\/#breadcrumb"},"inLanguage":"en-US","potentialAction":[{"@type":"ReadAction","target":["https:\/\/tuberkuloosi.fi\/et\/materjalid\/plakatid\/"]}]},{"@type":"ImageObject","inLanguage":"en-US","@id":"https:\/\/tuberkuloosi.fi\/et\/materjalid\/plakatid\/#primaryimage","url":"http:\/\/tuberkuloosi.fi\/et\/wp-content\/uploads\/sites\/7\/2016\/11\/tuberkuloosi.fi-juliste_ET.jpg","contentUrl":"http:\/\/tuberkuloosi.fi\/et\/wp-content\/uploads\/sites\/7\/2016\/11\/tuberkuloosi.fi-juliste_ET.jpg"},{"@type":"BreadcrumbList","@id":"https:\/\/tuberkuloosi.fi\/et\/materjalid\/plakatid\/#breadcrumb","itemListElement":[{"@type":"ListItem","position":1,"name":"Etusivu","item":"https:\/\/tuberkuloosi.fi\/et\/"},{"@type":"ListItem","position":2,"name":"Materjalid","item":"https:\/\/tuberkuloosi.fi\/et\/materjalid\/"},{"@type":"ListItem","position":3,"name":"Plakatid"}]},{"@type":"WebSite","@id":"https:\/\/tuberkuloosi.fi\/et\/#website","url":"https:\/\/tuberkuloosi.fi\/et\/","name":"viro","description":"Tuberkuloos on ravitav, teeme koos!","publisher":{"@id":"https:\/\/tuberkuloosi.fi\/et\/#organization"},"potentialAction":[{"@type":"SearchAction","target":{"@type":"EntryPoint","urlTemplate":"https:\/\/tuberkuloosi.fi\/et\/?s={search_term_string}"},"query-input":{"@type":"PropertyValueSpecification","valueRequired":true,"valueName":"search_term_string"}}],"inLanguage":"en-US"},{"@type":"Organization","@id":"https:\/\/tuberkuloosi.fi\/et\/#organization","name":"viro","url":"https:\/\/tuberkuloosi.fi\/et\/","logo":{"@type":"ImageObject","inLanguage":"en-US","@id":"https:\/\/tuberkuloosi.fi\/et\/#\/schema\/logo\/image\/","url":"https:\/\/tuberkuloosi.fi\/et\/wp-content\/uploads\/sites\/7\/2019\/08\/cropped-tuberkuloosi.fi-logo1.jpg","contentUrl":"https:\/\/tuberkuloosi.fi\/et\/wp-content\/uploads\/sites\/7\/2019\/08\/cropped-tuberkuloosi.fi-logo1.jpg","width":1598,"height":321,"caption":"viro"},"image":{"@id":"https:\/\/tuberkuloosi.fi\/et\/#\/schema\/logo\/image\/"}}]}},"_links":{"self":[{"href":"https:\/\/tuberkuloosi.fi\/et\/wp-json\/wp\/v2\/pages\/145","targetHints":{"allow":["GET"]}}],"collection":[{"href":"https:\/\/tuberkuloosi.fi\/et\/wp-json\/wp\/v2\/pages"}],"about":[{"href":"https:\/\/tuberkuloosi.fi\/et\/wp-json\/wp\/v2\/types\/page"}],"author":[{"embeddable":true,"href":"https:\/\/tuberkuloosi.fi\/et\/wp-json\/wp\/v2\/users\/2"}],"replies":[{"embeddable":true,"href":"https:\/\/tuberkuloosi.fi\/et\/wp-json\/wp\/v2\/comments?post=145"}],"version-history":[{"count":9,"href":"https:\/\/tuberkuloosi.fi\/et\/wp-json\/wp\/v2\/pages\/145\/revisions"}],"predecessor-version":[{"id":212,"href":"https:\/\/tuberkuloosi.fi\/et\/wp-json\/wp\/v2\/pages\/145\/revisions\/212"}],"up":[{"embeddable":true,"href":"https:\/\/tuberkuloosi.fi\/et\/wp-json\/wp\/v2\/pages\/121"}],"wp:attachment":[{"href":"https:\/\/tuberkuloosi.fi\/et\/wp-json\/wp\/v2\/media?parent=145"}],"curies":[{"name":"wp","href":"https:\/\/api.w.org\/{rel}","templated":true}]}}