{"id":148,"date":"2016-11-16T20:28:16","date_gmt":"2016-11-16T20:28:16","guid":{"rendered":"http:\/\/tuberkuloosi.fi\/et\/?page_id=148"},"modified":"2019-09-03T12:53:25","modified_gmt":"2019-09-03T12:53:25","slug":"tuberkuloosi-fi","status":"publish","type":"page","link":"https:\/\/tuberkuloosi.fi\/et\/tuberkuloosi-fi\/","title":{"rendered":"tuberkuloosi.fi"},"content":{"rendered":"<p><strong>Veebisaidi rahastaja<\/strong><br \/>\n<em>Filha (Finnish Lung Health Association)<\/em><br \/>\n<em> Sibeliuksenkatu 11 A 1,<br \/>\n00250 Helsinki, Finland<\/em><br \/>\n<em> Tel. +358 44 566 9034<\/em><br \/>\n<em> <a title=\"www.filha.fi\" href=\"http:\/\/www.filha.fi\" target=\"_blank\" rel=\"noopener noreferrer\">www.filha.fi<\/a><\/em><\/p>\n<p>Selle veebisaidi on loonud Filha ja Soome hingamisteede tervise organisatsioon, seda on toetanud Soome tuberkuloosi sihtasutused ning Soome sotsiaal- ja tervishoiuministeerium.<\/p>\n<p>Filha (Finnish Lung Health Association \u2013 Soome kopsutervise \u00fching) asutati 1907. aastal Soome tuberkuloosivastase \u00fchinguna. \u00dching sai oma praeguse nime 2003. aastal. Filha on tuberkuloosi ja kopsuhaiguste valdkonna ekspertidele m\u00f5eldud organisatsioon ning koolituskeskus. Filha t\u00f6\u00f6tab WHO koost\u00f6\u00f6keskusena tuberkuloosi ennetamise, kontrolli all hoidmise ja ravimise puhul Soomes ja selle naaberaladel.<br \/>\n<a title=\"Filha\" href=\"http:\/\/www.filha.fi\/in_english\/\" target=\"_blank\" rel=\"noopener noreferrer\">www.filha.fi<\/a><\/p>\n<p>Soome hingamisteede organisatsioon on patsiendiorganisatsioon, mis edendab hingamisteede haigustega patsientide kopsutervist ja head elukvaliteeti. Organisatsioon kaitseb hingamisteede haigustega patsientide huve ja toetab heaolu ning tervist. Organisatsiooni kohalikesse \u00fcksustesse kuuluvad Soome eri piirkondade patsiendid ja nende l\u00e4hedased inimesed. Peale selle pakub organisatsioon k\u00f5igile Soomes elavatele inimestele taastusravi, koolitusi ja t\u00f6\u00f6h\u00f5iveteenuseid.<br \/>\n<a title=\"www.hengitysliitto.fi\" href=\"http:\/\/www.hengitysliitto.fi\/en\/organisation-respiratory-health-finland\" target=\"_blank\" rel=\"noopener noreferrer\">www.hengitysliitto.fi<\/a><\/p>\n<figure id=\"attachment_502\" aria-describedby=\"caption-attachment-502\" style=\"width: 182px\" class=\"wp-caption alignleft\"><a href=\"http:\/\/tuberkuloosi.fi\/wp-content\/uploads\/2014\/03\/tuberkuloosi.fi-logo.jpg\" target=\"_blank\" rel=\"noopener noreferrer\"><img decoding=\"async\" class=\"wp-image-502 \" src=\"http:\/\/tuberkuloosi.fi\/wp-content\/uploads\/2014\/03\/tuberkuloosi.fi-logo.jpg\" alt=\"tuberkuloosi.fi -logo (jpg)\" width=\"192\" height=\"43\" \/><\/a><figcaption id=\"caption-attachment-502\" class=\"wp-caption-text\">tuberkuloosi.fi -logo (jpg)<\/figcaption><\/figure>\n<p>&nbsp;<\/p>\n<p>&nbsp;<\/p>\n<p>&nbsp;<\/p>\n<p>&nbsp;<\/p>\n","protected":false},"excerpt":{"rendered":"<p>Veebisaidi rahastaja Filha (Finnish Lung Health Association) Sibeliuksenkatu 11 A 1, 00250 Helsinki, Finland Tel. +358 44 566 9034 www.filha.fi Selle veebisaidi on loonud Filha ja Soome hingamisteede tervise organisatsioon, seda on toetanud Soome tuberkuloosi sihtasutused ning Soome sotsiaal- ja tervishoiuministeerium. Filha (Finnish Lung Health Association \u2013 Soome kopsutervise \u00fching) asutati 1907. aastal Soome tuberkuloosivastase &#8230; <a title=\"tuberkuloosi.fi\" class=\"read-more\" href=\"https:\/\/tuberkuloosi.fi\/et\/tuberkuloosi-fi\/\">Read more<span class=\"screen-reader-text\">tuberkuloosi.fi<\/span><\/a><\/p>\n","protected":false},"author":1,"featured_media":0,"parent":0,"menu_order":0,"comment_status":"closed","ping_status":"open","template":"","meta":{"footnotes":""},"class_list":["post-148","page","type-page","status-publish"],"yoast_head":"<!-- This site is optimized with the Yoast SEO plugin v27.5 - https:\/\/yoast.com\/product\/yoast-seo-wordpress\/ -->\n<title>tuberkuloosi.fi - viro<\/title>\n<meta name=\"robots\" content=\"index, follow, max-snippet:-1, max-image-preview:large, max-video-preview:-1\" \/>\n<link rel=\"canonical\" href=\"https:\/\/tuberkuloosi.fi\/et\/tuberkuloosi-fi\/\" \/>\n<meta property=\"og:locale\" content=\"en_US\" \/>\n<meta property=\"og:type\" content=\"article\" \/>\n<meta property=\"og:title\" content=\"tuberkuloosi.fi - viro\" \/>\n<meta property=\"og:description\" content=\"Veebisaidi rahastaja Filha (Finnish Lung Health Association) Sibeliuksenkatu 11 A 1, 00250 Helsinki, Finland Tel. +358 44 566 9034 www.filha.fi Selle veebisaidi on loonud Filha ja Soome hingamisteede tervise organisatsioon, seda on toetanud Soome tuberkuloosi sihtasutused ning Soome sotsiaal- ja tervishoiuministeerium. Filha (Finnish Lung Health Association \u2013 Soome kopsutervise \u00fching) asutati 1907. aastal Soome tuberkuloosivastase ... Read moretuberkuloosi.fi\" \/>\n<meta property=\"og:url\" content=\"https:\/\/tuberkuloosi.fi\/et\/tuberkuloosi-fi\/\" \/>\n<meta property=\"og:site_name\" content=\"viro\" \/>\n<meta property=\"article:modified_time\" content=\"2019-09-03T12:53:25+00:00\" \/>\n<meta property=\"og:image\" content=\"http:\/\/tuberkuloosi.fi\/wp-content\/uploads\/2014\/03\/tuberkuloosi.fi-logo.jpg\" \/>\n<meta name=\"twitter:card\" content=\"summary_large_image\" \/>\n<meta name=\"twitter:label1\" content=\"Est. reading time\" \/>\n\t<meta name=\"twitter:data1\" content=\"1 minute\" \/>\n<script type=\"application\/ld+json\" class=\"yoast-schema-graph\">{\"@context\":\"https:\\\/\\\/schema.org\",\"@graph\":[{\"@type\":\"WebPage\",\"@id\":\"https:\\\/\\\/tuberkuloosi.fi\\\/et\\\/tuberkuloosi-fi\\\/\",\"url\":\"https:\\\/\\\/tuberkuloosi.fi\\\/et\\\/tuberkuloosi-fi\\\/\",\"name\":\"tuberkuloosi.fi - viro\",\"isPartOf\":{\"@id\":\"https:\\\/\\\/tuberkuloosi.fi\\\/et\\\/#website\"},\"primaryImageOfPage\":{\"@id\":\"https:\\\/\\\/tuberkuloosi.fi\\\/et\\\/tuberkuloosi-fi\\\/#primaryimage\"},\"image\":{\"@id\":\"https:\\\/\\\/tuberkuloosi.fi\\\/et\\\/tuberkuloosi-fi\\\/#primaryimage\"},\"thumbnailUrl\":\"http:\\\/\\\/tuberkuloosi.fi\\\/wp-content\\\/uploads\\\/2014\\\/03\\\/tuberkuloosi.fi-logo.jpg\",\"datePublished\":\"2016-11-16T20:28:16+00:00\",\"dateModified\":\"2019-09-03T12:53:25+00:00\",\"breadcrumb\":{\"@id\":\"https:\\\/\\\/tuberkuloosi.fi\\\/et\\\/tuberkuloosi-fi\\\/#breadcrumb\"},\"inLanguage\":\"en-US\",\"potentialAction\":[{\"@type\":\"ReadAction\",\"target\":[\"https:\\\/\\\/tuberkuloosi.fi\\\/et\\\/tuberkuloosi-fi\\\/\"]}]},{\"@type\":\"ImageObject\",\"inLanguage\":\"en-US\",\"@id\":\"https:\\\/\\\/tuberkuloosi.fi\\\/et\\\/tuberkuloosi-fi\\\/#primaryimage\",\"url\":\"http:\\\/\\\/tuberkuloosi.fi\\\/wp-content\\\/uploads\\\/2014\\\/03\\\/tuberkuloosi.fi-logo.jpg\",\"contentUrl\":\"http:\\\/\\\/tuberkuloosi.fi\\\/wp-content\\\/uploads\\\/2014\\\/03\\\/tuberkuloosi.fi-logo.jpg\"},{\"@type\":\"BreadcrumbList\",\"@id\":\"https:\\\/\\\/tuberkuloosi.fi\\\/et\\\/tuberkuloosi-fi\\\/#breadcrumb\",\"itemListElement\":[{\"@type\":\"ListItem\",\"position\":1,\"name\":\"Etusivu\",\"item\":\"https:\\\/\\\/tuberkuloosi.fi\\\/et\\\/\"},{\"@type\":\"ListItem\",\"position\":2,\"name\":\"tuberkuloosi.fi\"}]},{\"@type\":\"WebSite\",\"@id\":\"https:\\\/\\\/tuberkuloosi.fi\\\/et\\\/#website\",\"url\":\"https:\\\/\\\/tuberkuloosi.fi\\\/et\\\/\",\"name\":\"viro\",\"description\":\"Tuberkuloos on ravitav, teeme koos!\",\"publisher\":{\"@id\":\"https:\\\/\\\/tuberkuloosi.fi\\\/et\\\/#organization\"},\"potentialAction\":[{\"@type\":\"SearchAction\",\"target\":{\"@type\":\"EntryPoint\",\"urlTemplate\":\"https:\\\/\\\/tuberkuloosi.fi\\\/et\\\/?s={search_term_string}\"},\"query-input\":{\"@type\":\"PropertyValueSpecification\",\"valueRequired\":true,\"valueName\":\"search_term_string\"}}],\"inLanguage\":\"en-US\"},{\"@type\":\"Organization\",\"@id\":\"https:\\\/\\\/tuberkuloosi.fi\\\/et\\\/#organization\",\"name\":\"viro\",\"url\":\"https:\\\/\\\/tuberkuloosi.fi\\\/et\\\/\",\"logo\":{\"@type\":\"ImageObject\",\"inLanguage\":\"en-US\",\"@id\":\"https:\\\/\\\/tuberkuloosi.fi\\\/et\\\/#\\\/schema\\\/logo\\\/image\\\/\",\"url\":\"https:\\\/\\\/tuberkuloosi.fi\\\/et\\\/wp-content\\\/uploads\\\/sites\\\/7\\\/2019\\\/08\\\/cropped-tuberkuloosi.fi-logo1.jpg\",\"contentUrl\":\"https:\\\/\\\/tuberkuloosi.fi\\\/et\\\/wp-content\\\/uploads\\\/sites\\\/7\\\/2019\\\/08\\\/cropped-tuberkuloosi.fi-logo1.jpg\",\"width\":1598,\"height\":321,\"caption\":\"viro\"},\"image\":{\"@id\":\"https:\\\/\\\/tuberkuloosi.fi\\\/et\\\/#\\\/schema\\\/logo\\\/image\\\/\"}}]}<\/script>\n<!-- \/ Yoast SEO plugin. -->","yoast_head_json":{"title":"tuberkuloosi.fi - viro","robots":{"index":"index","follow":"follow","max-snippet":"max-snippet:-1","max-image-preview":"max-image-preview:large","max-video-preview":"max-video-preview:-1"},"canonical":"https:\/\/tuberkuloosi.fi\/et\/tuberkuloosi-fi\/","og_locale":"en_US","og_type":"article","og_title":"tuberkuloosi.fi - viro","og_description":"Veebisaidi rahastaja Filha (Finnish Lung Health Association) Sibeliuksenkatu 11 A 1, 00250 Helsinki, Finland Tel. +358 44 566 9034 www.filha.fi Selle veebisaidi on loonud Filha ja Soome hingamisteede tervise organisatsioon, seda on toetanud Soome tuberkuloosi sihtasutused ning Soome sotsiaal- ja tervishoiuministeerium. Filha (Finnish Lung Health Association \u2013 Soome kopsutervise \u00fching) asutati 1907. aastal Soome tuberkuloosivastase ... Read moretuberkuloosi.fi","og_url":"https:\/\/tuberkuloosi.fi\/et\/tuberkuloosi-fi\/","og_site_name":"viro","article_modified_time":"2019-09-03T12:53:25+00:00","og_image":[{"url":"http:\/\/tuberkuloosi.fi\/wp-content\/uploads\/2014\/03\/tuberkuloosi.fi-logo.jpg","type":"","width":"","height":""}],"twitter_card":"summary_large_image","twitter_misc":{"Est. reading time":"1 minute"},"schema":{"@context":"https:\/\/schema.org","@graph":[{"@type":"WebPage","@id":"https:\/\/tuberkuloosi.fi\/et\/tuberkuloosi-fi\/","url":"https:\/\/tuberkuloosi.fi\/et\/tuberkuloosi-fi\/","name":"tuberkuloosi.fi - viro","isPartOf":{"@id":"https:\/\/tuberkuloosi.fi\/et\/#website"},"primaryImageOfPage":{"@id":"https:\/\/tuberkuloosi.fi\/et\/tuberkuloosi-fi\/#primaryimage"},"image":{"@id":"https:\/\/tuberkuloosi.fi\/et\/tuberkuloosi-fi\/#primaryimage"},"thumbnailUrl":"http:\/\/tuberkuloosi.fi\/wp-content\/uploads\/2014\/03\/tuberkuloosi.fi-logo.jpg","datePublished":"2016-11-16T20:28:16+00:00","dateModified":"2019-09-03T12:53:25+00:00","breadcrumb":{"@id":"https:\/\/tuberkuloosi.fi\/et\/tuberkuloosi-fi\/#breadcrumb"},"inLanguage":"en-US","potentialAction":[{"@type":"ReadAction","target":["https:\/\/tuberkuloosi.fi\/et\/tuberkuloosi-fi\/"]}]},{"@type":"ImageObject","inLanguage":"en-US","@id":"https:\/\/tuberkuloosi.fi\/et\/tuberkuloosi-fi\/#primaryimage","url":"http:\/\/tuberkuloosi.fi\/wp-content\/uploads\/2014\/03\/tuberkuloosi.fi-logo.jpg","contentUrl":"http:\/\/tuberkuloosi.fi\/wp-content\/uploads\/2014\/03\/tuberkuloosi.fi-logo.jpg"},{"@type":"BreadcrumbList","@id":"https:\/\/tuberkuloosi.fi\/et\/tuberkuloosi-fi\/#breadcrumb","itemListElement":[{"@type":"ListItem","position":1,"name":"Etusivu","item":"https:\/\/tuberkuloosi.fi\/et\/"},{"@type":"ListItem","position":2,"name":"tuberkuloosi.fi"}]},{"@type":"WebSite","@id":"https:\/\/tuberkuloosi.fi\/et\/#website","url":"https:\/\/tuberkuloosi.fi\/et\/","name":"viro","description":"Tuberkuloos on ravitav, teeme koos!","publisher":{"@id":"https:\/\/tuberkuloosi.fi\/et\/#organization"},"potentialAction":[{"@type":"SearchAction","target":{"@type":"EntryPoint","urlTemplate":"https:\/\/tuberkuloosi.fi\/et\/?s={search_term_string}"},"query-input":{"@type":"PropertyValueSpecification","valueRequired":true,"valueName":"search_term_string"}}],"inLanguage":"en-US"},{"@type":"Organization","@id":"https:\/\/tuberkuloosi.fi\/et\/#organization","name":"viro","url":"https:\/\/tuberkuloosi.fi\/et\/","logo":{"@type":"ImageObject","inLanguage":"en-US","@id":"https:\/\/tuberkuloosi.fi\/et\/#\/schema\/logo\/image\/","url":"https:\/\/tuberkuloosi.fi\/et\/wp-content\/uploads\/sites\/7\/2019\/08\/cropped-tuberkuloosi.fi-logo1.jpg","contentUrl":"https:\/\/tuberkuloosi.fi\/et\/wp-content\/uploads\/sites\/7\/2019\/08\/cropped-tuberkuloosi.fi-logo1.jpg","width":1598,"height":321,"caption":"viro"},"image":{"@id":"https:\/\/tuberkuloosi.fi\/et\/#\/schema\/logo\/image\/"}}]}},"_links":{"self":[{"href":"https:\/\/tuberkuloosi.fi\/et\/wp-json\/wp\/v2\/pages\/148","targetHints":{"allow":["GET"]}}],"collection":[{"href":"https:\/\/tuberkuloosi.fi\/et\/wp-json\/wp\/v2\/pages"}],"about":[{"href":"https:\/\/tuberkuloosi.fi\/et\/wp-json\/wp\/v2\/types\/page"}],"author":[{"embeddable":true,"href":"https:\/\/tuberkuloosi.fi\/et\/wp-json\/wp\/v2\/users\/1"}],"replies":[{"embeddable":true,"href":"https:\/\/tuberkuloosi.fi\/et\/wp-json\/wp\/v2\/comments?post=148"}],"version-history":[{"count":3,"href":"https:\/\/tuberkuloosi.fi\/et\/wp-json\/wp\/v2\/pages\/148\/revisions"}],"predecessor-version":[{"id":217,"href":"https:\/\/tuberkuloosi.fi\/et\/wp-json\/wp\/v2\/pages\/148\/revisions\/217"}],"wp:attachment":[{"href":"https:\/\/tuberkuloosi.fi\/et\/wp-json\/wp\/v2\/media?parent=148"}],"curies":[{"name":"wp","href":"https:\/\/api.w.org\/{rel}","templated":true}]}}