{"id":16,"date":"2016-06-28T08:06:10","date_gmt":"2016-06-28T08:06:10","guid":{"rendered":"http:\/\/tuberkuloosi.fi\/et\/?page_id=16"},"modified":"2022-11-17T13:17:01","modified_gmt":"2022-11-17T13:17:01","slug":"tuberkuloosi-nakatumine-ja-podemine","status":"publish","type":"page","link":"https:\/\/tuberkuloosi.fi\/et\/tuberkuloos\/tuberkuloosi-nakatumine-ja-podemine\/","title":{"rendered":"Tuberkuloosi nakatumine ja p\u00f5demine"},"content":{"rendered":"<p><img fetchpriority=\"high\" decoding=\"async\" class=\"alignright size-full wp-image-74\" src=\"http:\/\/tuberkuloosi.fi\/en\/wp-content\/uploads\/sites\/2\/2015\/08\/mimmi.jpg\" alt=\"Tuberkuloosi nakatumine ja p\u00f5demine\" width=\"264\" height=\"504\" \/><\/p>\n<blockquote><p>K\u00f5ik inimesed, kes on kokku puutunud tuberkuloosi p\u00f5deva inimesega, ei haigestu ise tuberkuloosi.<\/p><\/blockquote>\n<p>Tuberkuloos ei ole kergesti \u00fclekanduv. Ainult kolmandik nendest, kes on olnud l\u00e4hikontaktis tuberkuloosi p\u00f5deva inimesega, nakatuvad ise.<\/p>\n<p>Mitte k\u00f5ik inimesed, kes on nakatunud tuberkuloosibakteriga, ei haigestu tuberkuloosi.<\/p>\n<p>Enamikul nakatunud inimestest, nii \u00fcheksal inimesel k\u00fcmnest, ei teki aktiivset tuberkuloosi haigust. Tuberkuloosi tekitav bakter p\u00fcsib nende kehas uinunud olekus (seda nimetatakse latetntseks tuberkuloosi infektsiooniks, LTBI). Neil ei teki s\u00fcmptome, nad ei nakata teisi ja bakterite levimine teistele ei ole v\u00f5imalik. <\/p>\n<p>Juhul kui tuberkuloosi p\u00f5hjustav bakter aktiveerub ja hakkab paljunema, v\u00f5ib latentsest tuberkuloosi nakkusest tekkida aktiivne haigus.<\/p>\n<p>Sellisel juhul on inimene haige ja haigus v\u00f5ib kanduda inimestele, kellega haige veedab koos \u00fchiselt palju aega.<\/p>\n<p>Ainult \u00fchel k\u00fcmnest tuberkuloosi nakatunud tervest t\u00e4iskasvanust tekib aktiivne tuberkuloos. Umbes pooltel neist tekivad s\u00fcmptomid kahe aasta jooksul nakatumisest. Teisel poolel kujuneb haiguspilt hilisema elu jooksul.<\/p>\n<p>Suurenenud risk tuberkuloosi v\u00e4ljakujunemiseks on v\u00e4ikelastel, vanuritel ja neil, kel haiguse v\u00f5i ravimite t\u00f5ttu on n\u00f5rgestatud immuuns\u00fcsteem.<\/p>\n<figure id=\"attachment_75\" aria-describedby=\"caption-attachment-75\" style=\"width: 540px\" class=\"wp-caption alignright\"><a href=\"http:\/\/tuberkuloosi.fi\/en\/wp-content\/uploads\/sites\/2\/2015\/08\/tartuntakaavio_12.png\"><img decoding=\"async\" class=\"size-full wp-image-75 lazyload\" data-src=\"http:\/\/tuberkuloosi.fi\/en\/wp-content\/uploads\/sites\/2\/2015\/08\/tartuntakaavio_12.png\" alt=\"100\/30 LTBI\/ 3 develop TB disease\" width=\"550\" height=\"592\" src=\"data:image\/svg+xml;base64,PHN2ZyB3aWR0aD0iMSIgaGVpZ2h0PSIxIiB4bWxucz0iaHR0cDovL3d3dy53My5vcmcvMjAwMC9zdmciPjwvc3ZnPg==\" style=\"--smush-placeholder-width: 550px; --smush-placeholder-aspect-ratio: 550\/592;\" \/><\/a><figcaption id=\"caption-attachment-75\" class=\"wp-caption-text\">100 \/ 30 LTBI \/ 3 tekib aktiivne tuberkuloos<\/figcaption><\/figure>\n","protected":false},"excerpt":{"rendered":"<p>K\u00f5ik inimesed, kes on kokku puutunud tuberkuloosi p\u00f5deva inimesega, ei haigestu ise tuberkuloosi. Tuberkuloos ei ole kergesti \u00fclekanduv. Ainult kolmandik nendest, kes on olnud l\u00e4hikontaktis tuberkuloosi p\u00f5deva inimesega, nakatuvad ise. Mitte k\u00f5ik inimesed, kes on nakatunud tuberkuloosibakteriga, ei haigestu tuberkuloosi. Enamikul nakatunud inimestest, nii \u00fcheksal inimesel k\u00fcmnest, ei teki aktiivset tuberkuloosi haigust. Tuberkuloosi tekitav bakter &#8230; <a title=\"Tuberkuloosi nakatumine ja p\u00f5demine\" class=\"read-more\" href=\"https:\/\/tuberkuloosi.fi\/et\/tuberkuloos\/tuberkuloosi-nakatumine-ja-podemine\/\">Read more<span class=\"screen-reader-text\">Tuberkuloosi nakatumine ja p\u00f5demine<\/span><\/a><\/p>\n","protected":false},"author":1,"featured_media":0,"parent":10,"menu_order":0,"comment_status":"closed","ping_status":"open","template":"","meta":{"footnotes":""},"class_list":["post-16","page","type-page","status-publish"],"yoast_head":"<!-- This site is optimized with the Yoast SEO plugin v27.5 - https:\/\/yoast.com\/product\/yoast-seo-wordpress\/ -->\n<title>Tuberkuloosi nakatumine ja p\u00f5demine - viro<\/title>\n<meta name=\"description\" content=\"Tuberkuloos ei ole kergesti \u00fclekanduv. Ainult kolmandik nendest, kes on olnud l\u00e4hikontaktis tuberkuloosi p\u00f5deva inimesega, nakatuvad ise.\" \/>\n<meta name=\"robots\" content=\"index, follow, max-snippet:-1, max-image-preview:large, max-video-preview:-1\" \/>\n<link rel=\"canonical\" href=\"https:\/\/tuberkuloosi.fi\/et\/tuberkuloos\/tuberkuloosi-nakatumine-ja-podemine\/\" \/>\n<meta property=\"og:locale\" content=\"en_US\" \/>\n<meta property=\"og:type\" content=\"article\" \/>\n<meta property=\"og:title\" content=\"Tuberkuloosi nakatumine ja p\u00f5demine - viro\" \/>\n<meta property=\"og:description\" content=\"Tuberkuloos ei ole kergesti \u00fclekanduv. Ainult kolmandik nendest, kes on olnud l\u00e4hikontaktis tuberkuloosi p\u00f5deva inimesega, nakatuvad ise.\" \/>\n<meta property=\"og:url\" content=\"https:\/\/tuberkuloosi.fi\/et\/tuberkuloos\/tuberkuloosi-nakatumine-ja-podemine\/\" \/>\n<meta property=\"og:site_name\" content=\"viro\" \/>\n<meta property=\"article:modified_time\" content=\"2022-11-17T13:17:01+00:00\" \/>\n<meta property=\"og:image\" content=\"http:\/\/tuberkuloosi.fi\/en\/wp-content\/uploads\/sites\/2\/2015\/08\/mimmi.jpg\" \/>\n<meta name=\"twitter:card\" content=\"summary_large_image\" \/>\n<meta name=\"twitter:label1\" content=\"Est. reading time\" \/>\n\t<meta name=\"twitter:data1\" content=\"1 minute\" \/>\n<script type=\"application\/ld+json\" class=\"yoast-schema-graph\">{\"@context\":\"https:\\\/\\\/schema.org\",\"@graph\":[{\"@type\":\"WebPage\",\"@id\":\"https:\\\/\\\/tuberkuloosi.fi\\\/et\\\/tuberkuloos\\\/tuberkuloosi-nakatumine-ja-podemine\\\/\",\"url\":\"https:\\\/\\\/tuberkuloosi.fi\\\/et\\\/tuberkuloos\\\/tuberkuloosi-nakatumine-ja-podemine\\\/\",\"name\":\"Tuberkuloosi nakatumine ja p\u00f5demine - viro\",\"isPartOf\":{\"@id\":\"https:\\\/\\\/tuberkuloosi.fi\\\/et\\\/#website\"},\"primaryImageOfPage\":{\"@id\":\"https:\\\/\\\/tuberkuloosi.fi\\\/et\\\/tuberkuloos\\\/tuberkuloosi-nakatumine-ja-podemine\\\/#primaryimage\"},\"image\":{\"@id\":\"https:\\\/\\\/tuberkuloosi.fi\\\/et\\\/tuberkuloos\\\/tuberkuloosi-nakatumine-ja-podemine\\\/#primaryimage\"},\"thumbnailUrl\":\"http:\\\/\\\/tuberkuloosi.fi\\\/en\\\/wp-content\\\/uploads\\\/sites\\\/2\\\/2015\\\/08\\\/mimmi.jpg\",\"datePublished\":\"2016-06-28T08:06:10+00:00\",\"dateModified\":\"2022-11-17T13:17:01+00:00\",\"description\":\"Tuberkuloos ei ole kergesti \u00fclekanduv. Ainult kolmandik nendest, kes on olnud l\u00e4hikontaktis tuberkuloosi p\u00f5deva inimesega, nakatuvad ise.\",\"breadcrumb\":{\"@id\":\"https:\\\/\\\/tuberkuloosi.fi\\\/et\\\/tuberkuloos\\\/tuberkuloosi-nakatumine-ja-podemine\\\/#breadcrumb\"},\"inLanguage\":\"en-US\",\"potentialAction\":[{\"@type\":\"ReadAction\",\"target\":[\"https:\\\/\\\/tuberkuloosi.fi\\\/et\\\/tuberkuloos\\\/tuberkuloosi-nakatumine-ja-podemine\\\/\"]}]},{\"@type\":\"ImageObject\",\"inLanguage\":\"en-US\",\"@id\":\"https:\\\/\\\/tuberkuloosi.fi\\\/et\\\/tuberkuloos\\\/tuberkuloosi-nakatumine-ja-podemine\\\/#primaryimage\",\"url\":\"http:\\\/\\\/tuberkuloosi.fi\\\/en\\\/wp-content\\\/uploads\\\/sites\\\/2\\\/2015\\\/08\\\/mimmi.jpg\",\"contentUrl\":\"http:\\\/\\\/tuberkuloosi.fi\\\/en\\\/wp-content\\\/uploads\\\/sites\\\/2\\\/2015\\\/08\\\/mimmi.jpg\"},{\"@type\":\"BreadcrumbList\",\"@id\":\"https:\\\/\\\/tuberkuloosi.fi\\\/et\\\/tuberkuloos\\\/tuberkuloosi-nakatumine-ja-podemine\\\/#breadcrumb\",\"itemListElement\":[{\"@type\":\"ListItem\",\"position\":1,\"name\":\"Etusivu\",\"item\":\"https:\\\/\\\/tuberkuloosi.fi\\\/et\\\/\"},{\"@type\":\"ListItem\",\"position\":2,\"name\":\"Tuberkuloos\",\"item\":\"https:\\\/\\\/tuberkuloosi.fi\\\/et\\\/tuberkuloos\\\/\"},{\"@type\":\"ListItem\",\"position\":3,\"name\":\"Tuberkuloosi nakatumine ja p\u00f5demine\"}]},{\"@type\":\"WebSite\",\"@id\":\"https:\\\/\\\/tuberkuloosi.fi\\\/et\\\/#website\",\"url\":\"https:\\\/\\\/tuberkuloosi.fi\\\/et\\\/\",\"name\":\"viro\",\"description\":\"Tuberkuloos on ravitav, teeme koos!\",\"publisher\":{\"@id\":\"https:\\\/\\\/tuberkuloosi.fi\\\/et\\\/#organization\"},\"potentialAction\":[{\"@type\":\"SearchAction\",\"target\":{\"@type\":\"EntryPoint\",\"urlTemplate\":\"https:\\\/\\\/tuberkuloosi.fi\\\/et\\\/?s={search_term_string}\"},\"query-input\":{\"@type\":\"PropertyValueSpecification\",\"valueRequired\":true,\"valueName\":\"search_term_string\"}}],\"inLanguage\":\"en-US\"},{\"@type\":\"Organization\",\"@id\":\"https:\\\/\\\/tuberkuloosi.fi\\\/et\\\/#organization\",\"name\":\"viro\",\"url\":\"https:\\\/\\\/tuberkuloosi.fi\\\/et\\\/\",\"logo\":{\"@type\":\"ImageObject\",\"inLanguage\":\"en-US\",\"@id\":\"https:\\\/\\\/tuberkuloosi.fi\\\/et\\\/#\\\/schema\\\/logo\\\/image\\\/\",\"url\":\"https:\\\/\\\/tuberkuloosi.fi\\\/et\\\/wp-content\\\/uploads\\\/sites\\\/7\\\/2019\\\/08\\\/cropped-tuberkuloosi.fi-logo1.jpg\",\"contentUrl\":\"https:\\\/\\\/tuberkuloosi.fi\\\/et\\\/wp-content\\\/uploads\\\/sites\\\/7\\\/2019\\\/08\\\/cropped-tuberkuloosi.fi-logo1.jpg\",\"width\":1598,\"height\":321,\"caption\":\"viro\"},\"image\":{\"@id\":\"https:\\\/\\\/tuberkuloosi.fi\\\/et\\\/#\\\/schema\\\/logo\\\/image\\\/\"}}]}<\/script>\n<!-- \/ Yoast SEO plugin. -->","yoast_head_json":{"title":"Tuberkuloosi nakatumine ja p\u00f5demine - viro","description":"Tuberkuloos ei ole kergesti \u00fclekanduv. Ainult kolmandik nendest, kes on olnud l\u00e4hikontaktis tuberkuloosi p\u00f5deva inimesega, nakatuvad ise.","robots":{"index":"index","follow":"follow","max-snippet":"max-snippet:-1","max-image-preview":"max-image-preview:large","max-video-preview":"max-video-preview:-1"},"canonical":"https:\/\/tuberkuloosi.fi\/et\/tuberkuloos\/tuberkuloosi-nakatumine-ja-podemine\/","og_locale":"en_US","og_type":"article","og_title":"Tuberkuloosi nakatumine ja p\u00f5demine - viro","og_description":"Tuberkuloos ei ole kergesti \u00fclekanduv. Ainult kolmandik nendest, kes on olnud l\u00e4hikontaktis tuberkuloosi p\u00f5deva inimesega, nakatuvad ise.","og_url":"https:\/\/tuberkuloosi.fi\/et\/tuberkuloos\/tuberkuloosi-nakatumine-ja-podemine\/","og_site_name":"viro","article_modified_time":"2022-11-17T13:17:01+00:00","og_image":[{"url":"http:\/\/tuberkuloosi.fi\/en\/wp-content\/uploads\/sites\/2\/2015\/08\/mimmi.jpg","type":"","width":"","height":""}],"twitter_card":"summary_large_image","twitter_misc":{"Est. reading time":"1 minute"},"schema":{"@context":"https:\/\/schema.org","@graph":[{"@type":"WebPage","@id":"https:\/\/tuberkuloosi.fi\/et\/tuberkuloos\/tuberkuloosi-nakatumine-ja-podemine\/","url":"https:\/\/tuberkuloosi.fi\/et\/tuberkuloos\/tuberkuloosi-nakatumine-ja-podemine\/","name":"Tuberkuloosi nakatumine ja p\u00f5demine - viro","isPartOf":{"@id":"https:\/\/tuberkuloosi.fi\/et\/#website"},"primaryImageOfPage":{"@id":"https:\/\/tuberkuloosi.fi\/et\/tuberkuloos\/tuberkuloosi-nakatumine-ja-podemine\/#primaryimage"},"image":{"@id":"https:\/\/tuberkuloosi.fi\/et\/tuberkuloos\/tuberkuloosi-nakatumine-ja-podemine\/#primaryimage"},"thumbnailUrl":"http:\/\/tuberkuloosi.fi\/en\/wp-content\/uploads\/sites\/2\/2015\/08\/mimmi.jpg","datePublished":"2016-06-28T08:06:10+00:00","dateModified":"2022-11-17T13:17:01+00:00","description":"Tuberkuloos ei ole kergesti \u00fclekanduv. Ainult kolmandik nendest, kes on olnud l\u00e4hikontaktis tuberkuloosi p\u00f5deva inimesega, nakatuvad ise.","breadcrumb":{"@id":"https:\/\/tuberkuloosi.fi\/et\/tuberkuloos\/tuberkuloosi-nakatumine-ja-podemine\/#breadcrumb"},"inLanguage":"en-US","potentialAction":[{"@type":"ReadAction","target":["https:\/\/tuberkuloosi.fi\/et\/tuberkuloos\/tuberkuloosi-nakatumine-ja-podemine\/"]}]},{"@type":"ImageObject","inLanguage":"en-US","@id":"https:\/\/tuberkuloosi.fi\/et\/tuberkuloos\/tuberkuloosi-nakatumine-ja-podemine\/#primaryimage","url":"http:\/\/tuberkuloosi.fi\/en\/wp-content\/uploads\/sites\/2\/2015\/08\/mimmi.jpg","contentUrl":"http:\/\/tuberkuloosi.fi\/en\/wp-content\/uploads\/sites\/2\/2015\/08\/mimmi.jpg"},{"@type":"BreadcrumbList","@id":"https:\/\/tuberkuloosi.fi\/et\/tuberkuloos\/tuberkuloosi-nakatumine-ja-podemine\/#breadcrumb","itemListElement":[{"@type":"ListItem","position":1,"name":"Etusivu","item":"https:\/\/tuberkuloosi.fi\/et\/"},{"@type":"ListItem","position":2,"name":"Tuberkuloos","item":"https:\/\/tuberkuloosi.fi\/et\/tuberkuloos\/"},{"@type":"ListItem","position":3,"name":"Tuberkuloosi nakatumine ja p\u00f5demine"}]},{"@type":"WebSite","@id":"https:\/\/tuberkuloosi.fi\/et\/#website","url":"https:\/\/tuberkuloosi.fi\/et\/","name":"viro","description":"Tuberkuloos on ravitav, teeme koos!","publisher":{"@id":"https:\/\/tuberkuloosi.fi\/et\/#organization"},"potentialAction":[{"@type":"SearchAction","target":{"@type":"EntryPoint","urlTemplate":"https:\/\/tuberkuloosi.fi\/et\/?s={search_term_string}"},"query-input":{"@type":"PropertyValueSpecification","valueRequired":true,"valueName":"search_term_string"}}],"inLanguage":"en-US"},{"@type":"Organization","@id":"https:\/\/tuberkuloosi.fi\/et\/#organization","name":"viro","url":"https:\/\/tuberkuloosi.fi\/et\/","logo":{"@type":"ImageObject","inLanguage":"en-US","@id":"https:\/\/tuberkuloosi.fi\/et\/#\/schema\/logo\/image\/","url":"https:\/\/tuberkuloosi.fi\/et\/wp-content\/uploads\/sites\/7\/2019\/08\/cropped-tuberkuloosi.fi-logo1.jpg","contentUrl":"https:\/\/tuberkuloosi.fi\/et\/wp-content\/uploads\/sites\/7\/2019\/08\/cropped-tuberkuloosi.fi-logo1.jpg","width":1598,"height":321,"caption":"viro"},"image":{"@id":"https:\/\/tuberkuloosi.fi\/et\/#\/schema\/logo\/image\/"}}]}},"_links":{"self":[{"href":"https:\/\/tuberkuloosi.fi\/et\/wp-json\/wp\/v2\/pages\/16","targetHints":{"allow":["GET"]}}],"collection":[{"href":"https:\/\/tuberkuloosi.fi\/et\/wp-json\/wp\/v2\/pages"}],"about":[{"href":"https:\/\/tuberkuloosi.fi\/et\/wp-json\/wp\/v2\/types\/page"}],"author":[{"embeddable":true,"href":"https:\/\/tuberkuloosi.fi\/et\/wp-json\/wp\/v2\/users\/1"}],"replies":[{"embeddable":true,"href":"https:\/\/tuberkuloosi.fi\/et\/wp-json\/wp\/v2\/comments?post=16"}],"version-history":[{"count":3,"href":"https:\/\/tuberkuloosi.fi\/et\/wp-json\/wp\/v2\/pages\/16\/revisions"}],"predecessor-version":[{"id":231,"href":"https:\/\/tuberkuloosi.fi\/et\/wp-json\/wp\/v2\/pages\/16\/revisions\/231"}],"up":[{"embeddable":true,"href":"https:\/\/tuberkuloosi.fi\/et\/wp-json\/wp\/v2\/pages\/10"}],"wp:attachment":[{"href":"https:\/\/tuberkuloosi.fi\/et\/wp-json\/wp\/v2\/media?parent=16"}],"curies":[{"name":"wp","href":"https:\/\/api.w.org\/{rel}","templated":true}]}}