{"id":18,"date":"2016-06-28T08:07:32","date_gmt":"2016-06-28T08:07:32","guid":{"rendered":"http:\/\/tuberkuloosi.fi\/et\/?page_id=18"},"modified":"2022-11-17T14:20:29","modified_gmt":"2022-11-17T14:20:29","slug":"tuberkuloosi-sumptomid","status":"publish","type":"page","link":"https:\/\/tuberkuloosi.fi\/et\/tuberkuloos\/tuberkuloosi-sumptomid\/","title":{"rendered":"Tuberkuloosi s\u00fcmptomid"},"content":{"rendered":"<p><img fetchpriority=\"high\" decoding=\"async\" class=\"alignright size-full wp-image-78\" src=\"http:\/\/tuberkuloosi.fi\/en\/wp-content\/uploads\/sites\/2\/2015\/08\/somali.jpg\" alt=\"Tuberkuloosi s\u00fcmptomid \" width=\"264\" height=\"504\" \/><\/p>\n<blockquote><p>Tuberkuloosi s\u00fcmptomid v\u00f5ivad suurel m\u00e4\u00e4ral varieeruda.<\/p><\/blockquote>\n<p>K\u00f5ige sagedamini esinevateks tuberkuloosi s\u00fcmtomiteks on k\u00f6ha, mis kestab \u00fcle 3 n\u00e4dala, ning r\u00f6gaeritus (lima hingamisteedest). Haigestunud inimesel v\u00f5ib olla palavikku, kaalukaotust ja tugevat \u00f6ist higistamist. Haigestunud inimene v\u00f5ib tunda ennast v\u00e4sinuna ja kaotada s\u00f6\u00f6giisu. Olenevalt haaratud organismi piirkonnast, v\u00f5ib esineda ka teisi s\u00fcmptomeid. <\/p>\n<p>Tavaliselt tekivad tuberkuloosi haigestumise korral s\u00fcmptomid aeglaselt. Alguses v\u00f5ivad s\u00fcmptomid olla ebam\u00e4\u00e4rased ja kerged. M\u00f5nel inimesel ei esine mitte \u00fchtegi s\u00fcmptomit. V\u00e4ikelapsed v\u00f5ivad raskelt haigestuda v\u00e4ga kiiresti.<\/p>\n<p>Need s\u00fcmptomid v\u00f5ivad olla tingitud ka teistest haigustest. Diagnostilised uuringud v\u00f5imaldavad kindlaks teha, kas s\u00fcmptomid on tingitud tuberkuloosist. \u00dche v\u00f5i enama s\u00fcmptomiga isik peaks minema arsti vastuv\u00f5tule.<\/p>\n","protected":false},"excerpt":{"rendered":"<p>Tuberkuloosi s\u00fcmptomid v\u00f5ivad suurel m\u00e4\u00e4ral varieeruda. K\u00f5ige sagedamini esinevateks tuberkuloosi s\u00fcmtomiteks on k\u00f6ha, mis kestab \u00fcle 3 n\u00e4dala, ning r\u00f6gaeritus (lima hingamisteedest). Haigestunud inimesel v\u00f5ib olla palavikku, kaalukaotust ja tugevat \u00f6ist higistamist. Haigestunud inimene v\u00f5ib tunda ennast v\u00e4sinuna ja kaotada s\u00f6\u00f6giisu. Olenevalt haaratud organismi piirkonnast, v\u00f5ib esineda ka teisi s\u00fcmptomeid. Tavaliselt tekivad tuberkuloosi haigestumise korral &#8230; <a title=\"Tuberkuloosi s\u00fcmptomid\" class=\"read-more\" href=\"https:\/\/tuberkuloosi.fi\/et\/tuberkuloos\/tuberkuloosi-sumptomid\/\">Read more<span class=\"screen-reader-text\">Tuberkuloosi s\u00fcmptomid<\/span><\/a><\/p>\n","protected":false},"author":1,"featured_media":0,"parent":10,"menu_order":0,"comment_status":"closed","ping_status":"open","template":"","meta":{"footnotes":""},"class_list":["post-18","page","type-page","status-publish"],"yoast_head":"<!-- This site is optimized with the Yoast SEO plugin v27.4 - https:\/\/yoast.com\/product\/yoast-seo-wordpress\/ -->\n<title>Tuberkuloosi s\u00fcmptomid - viro<\/title>\n<meta name=\"description\" content=\"K\u00f5ige sagedamini esinevateks tuberkuloosi s\u00fcmtomiteks on k\u00f6ha, mis kestab \u00fcle 3 n\u00e4dala, ning r\u00f6gaeritus (lima hingamisteedest).\" \/>\n<meta name=\"robots\" content=\"index, follow, max-snippet:-1, max-image-preview:large, max-video-preview:-1\" \/>\n<link rel=\"canonical\" href=\"https:\/\/tuberkuloosi.fi\/et\/tuberkuloos\/tuberkuloosi-sumptomid\/\" \/>\n<meta property=\"og:locale\" content=\"en_US\" \/>\n<meta property=\"og:type\" content=\"article\" \/>\n<meta property=\"og:title\" content=\"Tuberkuloosi s\u00fcmptomid - viro\" \/>\n<meta property=\"og:description\" content=\"K\u00f5ige sagedamini esinevateks tuberkuloosi s\u00fcmtomiteks on k\u00f6ha, mis kestab \u00fcle 3 n\u00e4dala, ning r\u00f6gaeritus (lima hingamisteedest).\" \/>\n<meta property=\"og:url\" content=\"https:\/\/tuberkuloosi.fi\/et\/tuberkuloos\/tuberkuloosi-sumptomid\/\" \/>\n<meta property=\"og:site_name\" content=\"viro\" \/>\n<meta property=\"article:modified_time\" content=\"2022-11-17T14:20:29+00:00\" \/>\n<meta property=\"og:image\" content=\"http:\/\/tuberkuloosi.fi\/en\/wp-content\/uploads\/sites\/2\/2015\/08\/somali.jpg\" \/>\n<meta name=\"twitter:card\" content=\"summary_large_image\" \/>\n<meta name=\"twitter:label1\" content=\"Est. reading time\" \/>\n\t<meta name=\"twitter:data1\" content=\"1 minute\" \/>\n<script type=\"application\/ld+json\" class=\"yoast-schema-graph\">{\"@context\":\"https:\\\/\\\/schema.org\",\"@graph\":[{\"@type\":\"WebPage\",\"@id\":\"https:\\\/\\\/tuberkuloosi.fi\\\/et\\\/tuberkuloos\\\/tuberkuloosi-sumptomid\\\/\",\"url\":\"https:\\\/\\\/tuberkuloosi.fi\\\/et\\\/tuberkuloos\\\/tuberkuloosi-sumptomid\\\/\",\"name\":\"Tuberkuloosi s\u00fcmptomid - viro\",\"isPartOf\":{\"@id\":\"https:\\\/\\\/tuberkuloosi.fi\\\/et\\\/#website\"},\"primaryImageOfPage\":{\"@id\":\"https:\\\/\\\/tuberkuloosi.fi\\\/et\\\/tuberkuloos\\\/tuberkuloosi-sumptomid\\\/#primaryimage\"},\"image\":{\"@id\":\"https:\\\/\\\/tuberkuloosi.fi\\\/et\\\/tuberkuloos\\\/tuberkuloosi-sumptomid\\\/#primaryimage\"},\"thumbnailUrl\":\"http:\\\/\\\/tuberkuloosi.fi\\\/en\\\/wp-content\\\/uploads\\\/sites\\\/2\\\/2015\\\/08\\\/somali.jpg\",\"datePublished\":\"2016-06-28T08:07:32+00:00\",\"dateModified\":\"2022-11-17T14:20:29+00:00\",\"description\":\"K\u00f5ige sagedamini esinevateks tuberkuloosi s\u00fcmtomiteks on k\u00f6ha, mis kestab \u00fcle 3 n\u00e4dala, ning r\u00f6gaeritus (lima hingamisteedest).\",\"breadcrumb\":{\"@id\":\"https:\\\/\\\/tuberkuloosi.fi\\\/et\\\/tuberkuloos\\\/tuberkuloosi-sumptomid\\\/#breadcrumb\"},\"inLanguage\":\"en-US\",\"potentialAction\":[{\"@type\":\"ReadAction\",\"target\":[\"https:\\\/\\\/tuberkuloosi.fi\\\/et\\\/tuberkuloos\\\/tuberkuloosi-sumptomid\\\/\"]}]},{\"@type\":\"ImageObject\",\"inLanguage\":\"en-US\",\"@id\":\"https:\\\/\\\/tuberkuloosi.fi\\\/et\\\/tuberkuloos\\\/tuberkuloosi-sumptomid\\\/#primaryimage\",\"url\":\"http:\\\/\\\/tuberkuloosi.fi\\\/en\\\/wp-content\\\/uploads\\\/sites\\\/2\\\/2015\\\/08\\\/somali.jpg\",\"contentUrl\":\"http:\\\/\\\/tuberkuloosi.fi\\\/en\\\/wp-content\\\/uploads\\\/sites\\\/2\\\/2015\\\/08\\\/somali.jpg\"},{\"@type\":\"BreadcrumbList\",\"@id\":\"https:\\\/\\\/tuberkuloosi.fi\\\/et\\\/tuberkuloos\\\/tuberkuloosi-sumptomid\\\/#breadcrumb\",\"itemListElement\":[{\"@type\":\"ListItem\",\"position\":1,\"name\":\"Etusivu\",\"item\":\"https:\\\/\\\/tuberkuloosi.fi\\\/et\\\/\"},{\"@type\":\"ListItem\",\"position\":2,\"name\":\"Tuberkuloos\",\"item\":\"https:\\\/\\\/tuberkuloosi.fi\\\/et\\\/tuberkuloos\\\/\"},{\"@type\":\"ListItem\",\"position\":3,\"name\":\"Tuberkuloosi s\u00fcmptomid\"}]},{\"@type\":\"WebSite\",\"@id\":\"https:\\\/\\\/tuberkuloosi.fi\\\/et\\\/#website\",\"url\":\"https:\\\/\\\/tuberkuloosi.fi\\\/et\\\/\",\"name\":\"viro\",\"description\":\"Tuberkuloos on ravitav, teeme koos!\",\"publisher\":{\"@id\":\"https:\\\/\\\/tuberkuloosi.fi\\\/et\\\/#organization\"},\"potentialAction\":[{\"@type\":\"SearchAction\",\"target\":{\"@type\":\"EntryPoint\",\"urlTemplate\":\"https:\\\/\\\/tuberkuloosi.fi\\\/et\\\/?s={search_term_string}\"},\"query-input\":{\"@type\":\"PropertyValueSpecification\",\"valueRequired\":true,\"valueName\":\"search_term_string\"}}],\"inLanguage\":\"en-US\"},{\"@type\":\"Organization\",\"@id\":\"https:\\\/\\\/tuberkuloosi.fi\\\/et\\\/#organization\",\"name\":\"viro\",\"url\":\"https:\\\/\\\/tuberkuloosi.fi\\\/et\\\/\",\"logo\":{\"@type\":\"ImageObject\",\"inLanguage\":\"en-US\",\"@id\":\"https:\\\/\\\/tuberkuloosi.fi\\\/et\\\/#\\\/schema\\\/logo\\\/image\\\/\",\"url\":\"https:\\\/\\\/tuberkuloosi.fi\\\/et\\\/wp-content\\\/uploads\\\/sites\\\/7\\\/2019\\\/08\\\/cropped-tuberkuloosi.fi-logo1.jpg\",\"contentUrl\":\"https:\\\/\\\/tuberkuloosi.fi\\\/et\\\/wp-content\\\/uploads\\\/sites\\\/7\\\/2019\\\/08\\\/cropped-tuberkuloosi.fi-logo1.jpg\",\"width\":1598,\"height\":321,\"caption\":\"viro\"},\"image\":{\"@id\":\"https:\\\/\\\/tuberkuloosi.fi\\\/et\\\/#\\\/schema\\\/logo\\\/image\\\/\"}}]}<\/script>\n<!-- \/ Yoast SEO plugin. -->","yoast_head_json":{"title":"Tuberkuloosi s\u00fcmptomid - viro","description":"K\u00f5ige sagedamini esinevateks tuberkuloosi s\u00fcmtomiteks on k\u00f6ha, mis kestab \u00fcle 3 n\u00e4dala, ning r\u00f6gaeritus (lima hingamisteedest).","robots":{"index":"index","follow":"follow","max-snippet":"max-snippet:-1","max-image-preview":"max-image-preview:large","max-video-preview":"max-video-preview:-1"},"canonical":"https:\/\/tuberkuloosi.fi\/et\/tuberkuloos\/tuberkuloosi-sumptomid\/","og_locale":"en_US","og_type":"article","og_title":"Tuberkuloosi s\u00fcmptomid - viro","og_description":"K\u00f5ige sagedamini esinevateks tuberkuloosi s\u00fcmtomiteks on k\u00f6ha, mis kestab \u00fcle 3 n\u00e4dala, ning r\u00f6gaeritus (lima hingamisteedest).","og_url":"https:\/\/tuberkuloosi.fi\/et\/tuberkuloos\/tuberkuloosi-sumptomid\/","og_site_name":"viro","article_modified_time":"2022-11-17T14:20:29+00:00","og_image":[{"url":"http:\/\/tuberkuloosi.fi\/en\/wp-content\/uploads\/sites\/2\/2015\/08\/somali.jpg","type":"","width":"","height":""}],"twitter_card":"summary_large_image","twitter_misc":{"Est. reading time":"1 minute"},"schema":{"@context":"https:\/\/schema.org","@graph":[{"@type":"WebPage","@id":"https:\/\/tuberkuloosi.fi\/et\/tuberkuloos\/tuberkuloosi-sumptomid\/","url":"https:\/\/tuberkuloosi.fi\/et\/tuberkuloos\/tuberkuloosi-sumptomid\/","name":"Tuberkuloosi s\u00fcmptomid - viro","isPartOf":{"@id":"https:\/\/tuberkuloosi.fi\/et\/#website"},"primaryImageOfPage":{"@id":"https:\/\/tuberkuloosi.fi\/et\/tuberkuloos\/tuberkuloosi-sumptomid\/#primaryimage"},"image":{"@id":"https:\/\/tuberkuloosi.fi\/et\/tuberkuloos\/tuberkuloosi-sumptomid\/#primaryimage"},"thumbnailUrl":"http:\/\/tuberkuloosi.fi\/en\/wp-content\/uploads\/sites\/2\/2015\/08\/somali.jpg","datePublished":"2016-06-28T08:07:32+00:00","dateModified":"2022-11-17T14:20:29+00:00","description":"K\u00f5ige sagedamini esinevateks tuberkuloosi s\u00fcmtomiteks on k\u00f6ha, mis kestab \u00fcle 3 n\u00e4dala, ning r\u00f6gaeritus (lima hingamisteedest).","breadcrumb":{"@id":"https:\/\/tuberkuloosi.fi\/et\/tuberkuloos\/tuberkuloosi-sumptomid\/#breadcrumb"},"inLanguage":"en-US","potentialAction":[{"@type":"ReadAction","target":["https:\/\/tuberkuloosi.fi\/et\/tuberkuloos\/tuberkuloosi-sumptomid\/"]}]},{"@type":"ImageObject","inLanguage":"en-US","@id":"https:\/\/tuberkuloosi.fi\/et\/tuberkuloos\/tuberkuloosi-sumptomid\/#primaryimage","url":"http:\/\/tuberkuloosi.fi\/en\/wp-content\/uploads\/sites\/2\/2015\/08\/somali.jpg","contentUrl":"http:\/\/tuberkuloosi.fi\/en\/wp-content\/uploads\/sites\/2\/2015\/08\/somali.jpg"},{"@type":"BreadcrumbList","@id":"https:\/\/tuberkuloosi.fi\/et\/tuberkuloos\/tuberkuloosi-sumptomid\/#breadcrumb","itemListElement":[{"@type":"ListItem","position":1,"name":"Etusivu","item":"https:\/\/tuberkuloosi.fi\/et\/"},{"@type":"ListItem","position":2,"name":"Tuberkuloos","item":"https:\/\/tuberkuloosi.fi\/et\/tuberkuloos\/"},{"@type":"ListItem","position":3,"name":"Tuberkuloosi s\u00fcmptomid"}]},{"@type":"WebSite","@id":"https:\/\/tuberkuloosi.fi\/et\/#website","url":"https:\/\/tuberkuloosi.fi\/et\/","name":"viro","description":"Tuberkuloos on ravitav, teeme koos!","publisher":{"@id":"https:\/\/tuberkuloosi.fi\/et\/#organization"},"potentialAction":[{"@type":"SearchAction","target":{"@type":"EntryPoint","urlTemplate":"https:\/\/tuberkuloosi.fi\/et\/?s={search_term_string}"},"query-input":{"@type":"PropertyValueSpecification","valueRequired":true,"valueName":"search_term_string"}}],"inLanguage":"en-US"},{"@type":"Organization","@id":"https:\/\/tuberkuloosi.fi\/et\/#organization","name":"viro","url":"https:\/\/tuberkuloosi.fi\/et\/","logo":{"@type":"ImageObject","inLanguage":"en-US","@id":"https:\/\/tuberkuloosi.fi\/et\/#\/schema\/logo\/image\/","url":"https:\/\/tuberkuloosi.fi\/et\/wp-content\/uploads\/sites\/7\/2019\/08\/cropped-tuberkuloosi.fi-logo1.jpg","contentUrl":"https:\/\/tuberkuloosi.fi\/et\/wp-content\/uploads\/sites\/7\/2019\/08\/cropped-tuberkuloosi.fi-logo1.jpg","width":1598,"height":321,"caption":"viro"},"image":{"@id":"https:\/\/tuberkuloosi.fi\/et\/#\/schema\/logo\/image\/"}}]}},"_links":{"self":[{"href":"https:\/\/tuberkuloosi.fi\/et\/wp-json\/wp\/v2\/pages\/18","targetHints":{"allow":["GET"]}}],"collection":[{"href":"https:\/\/tuberkuloosi.fi\/et\/wp-json\/wp\/v2\/pages"}],"about":[{"href":"https:\/\/tuberkuloosi.fi\/et\/wp-json\/wp\/v2\/types\/page"}],"author":[{"embeddable":true,"href":"https:\/\/tuberkuloosi.fi\/et\/wp-json\/wp\/v2\/users\/1"}],"replies":[{"embeddable":true,"href":"https:\/\/tuberkuloosi.fi\/et\/wp-json\/wp\/v2\/comments?post=18"}],"version-history":[{"count":3,"href":"https:\/\/tuberkuloosi.fi\/et\/wp-json\/wp\/v2\/pages\/18\/revisions"}],"predecessor-version":[{"id":233,"href":"https:\/\/tuberkuloosi.fi\/et\/wp-json\/wp\/v2\/pages\/18\/revisions\/233"}],"up":[{"embeddable":true,"href":"https:\/\/tuberkuloosi.fi\/et\/wp-json\/wp\/v2\/pages\/10"}],"wp:attachment":[{"href":"https:\/\/tuberkuloosi.fi\/et\/wp-json\/wp\/v2\/media?parent=18"}],"curies":[{"name":"wp","href":"https:\/\/api.w.org\/{rel}","templated":true}]}}