{"id":20,"date":"2016-06-28T08:09:03","date_gmt":"2016-06-28T08:09:03","guid":{"rendered":"http:\/\/tuberkuloosi.fi\/et\/?page_id=20"},"modified":"2022-11-17T14:17:07","modified_gmt":"2022-11-17T14:17:07","slug":"tuberkuloosi-diagnoos","status":"publish","type":"page","link":"https:\/\/tuberkuloosi.fi\/et\/tuberkuloos\/tuberkuloosi-diagnoos\/","title":{"rendered":"Tuberkuloosi diagnoos"},"content":{"rendered":"<p><img fetchpriority=\"high\" decoding=\"async\" class=\"alignright size-full wp-image-81\" src=\"http:\/\/tuberkuloosi.fi\/en\/wp-content\/uploads\/sites\/2\/2015\/08\/juippi.jpg\" alt=\"tuberkuloosi diagnoos\" width=\"264\" height=\"504\" \/><\/p>\n<blockquote><p>Kopsutuberkuloosi saab kindlaks teha kopsude r\u00f6ntgenuuringu ja r\u00f6gaanal\u00fc\u00fcsi abil.<\/p><\/blockquote>\n<p>Kopsutuberkuloos tuvastatakse tavaliselt kopsude r\u00f6ntgeni\u00fclesv\u00f5ttel. R\u00f6ntgenipildi tegemine on ohutu. <\/p>\n<p>Rasedad naised peaksid meditsiinit\u00f6\u00f6tajat teavitama oma seisundist enne r\u00f6ntgeni\u00fclesv\u00f5tte tegemist.<\/p>\n<p>Loe rasedusaegse tuberkuloosi diagnoosimisest t\u00e4psemalt siit.<\/p>\n<p>Patsiendilt kogutakse tuberkuloosi diagnoosimiseks r\u00f6gaanal\u00fc\u00fcsid.<\/p>\n<p>R\u00f6gaanal\u00fc\u00fcsides hinnatakse m\u00fckobakterite olemasolu, kasutades mikroskoopiat, k\u00fclve ja molekulaarseid teste. R\u00f6ga mikroskoopia ja molekulaarsete testide vastused valmivad m\u00f5ne t\u00f6\u00f6p\u00e4evaga.<\/p>\n<p>Risk haiguse \u00fclekandumiseks on k\u00f5rge, kui r\u00f6ga mikroskoopial n\u00e4hakse happekindlaid pulkbaktereid. Molekulaarsed testid annavad kiirelt informatsiooni tuberkuloosi bakterite tundlikkuse osas rifampitsiinile. <\/p>\n<p>K\u00fclvimeetodeid kasutatakse, et kinnitada, kas leitud bakter on tuberkuloositekitaja. K\u00fclvide vastused tulevad tavaliselt umbes 2-8 n\u00e4dala jooksul. Tuberkuloosi t\u00fcve hinnatakse ravimite tundlikkuse osas ja genot\u00fcpiseeritakse.<\/p>\n","protected":false},"excerpt":{"rendered":"<p>Kopsutuberkuloosi saab kindlaks teha kopsude r\u00f6ntgenuuringu ja r\u00f6gaanal\u00fc\u00fcsi abil. Kopsutuberkuloos tuvastatakse tavaliselt kopsude r\u00f6ntgeni\u00fclesv\u00f5ttel. R\u00f6ntgenipildi tegemine on ohutu. Rasedad naised peaksid meditsiinit\u00f6\u00f6tajat teavitama oma seisundist enne r\u00f6ntgeni\u00fclesv\u00f5tte tegemist. Loe rasedusaegse tuberkuloosi diagnoosimisest t\u00e4psemalt siit. Patsiendilt kogutakse tuberkuloosi diagnoosimiseks r\u00f6gaanal\u00fc\u00fcsid. R\u00f6gaanal\u00fc\u00fcsides hinnatakse m\u00fckobakterite olemasolu, kasutades mikroskoopiat, k\u00fclve ja molekulaarseid teste. R\u00f6ga mikroskoopia ja molekulaarsete testide vastused &#8230; <a title=\"Tuberkuloosi diagnoos\" class=\"read-more\" href=\"https:\/\/tuberkuloosi.fi\/et\/tuberkuloos\/tuberkuloosi-diagnoos\/\">Read more<span class=\"screen-reader-text\">Tuberkuloosi diagnoos<\/span><\/a><\/p>\n","protected":false},"author":1,"featured_media":0,"parent":10,"menu_order":0,"comment_status":"closed","ping_status":"open","template":"","meta":{"footnotes":""},"class_list":["post-20","page","type-page","status-publish"],"yoast_head":"<!-- This site is optimized with the Yoast SEO plugin v27.4 - https:\/\/yoast.com\/product\/yoast-seo-wordpress\/ -->\n<title>Tuberkuloosi diagnoos - viro<\/title>\n<meta name=\"description\" content=\"Kopsutuberkuloosi saab kindlaks teha kopsude r\u00f6ntgenuuringu ja r\u00f6gaanal\u00fc\u00fcsi abil.\" \/>\n<meta name=\"robots\" content=\"index, follow, max-snippet:-1, max-image-preview:large, max-video-preview:-1\" \/>\n<link rel=\"canonical\" href=\"https:\/\/tuberkuloosi.fi\/et\/tuberkuloos\/tuberkuloosi-diagnoos\/\" \/>\n<meta property=\"og:locale\" content=\"en_US\" \/>\n<meta property=\"og:type\" content=\"article\" \/>\n<meta property=\"og:title\" content=\"Tuberkuloosi diagnoos - viro\" \/>\n<meta property=\"og:description\" content=\"Kopsutuberkuloosi saab kindlaks teha kopsude r\u00f6ntgenuuringu ja r\u00f6gaanal\u00fc\u00fcsi abil.\" \/>\n<meta property=\"og:url\" content=\"https:\/\/tuberkuloosi.fi\/et\/tuberkuloos\/tuberkuloosi-diagnoos\/\" \/>\n<meta property=\"og:site_name\" content=\"viro\" \/>\n<meta property=\"article:modified_time\" content=\"2022-11-17T14:17:07+00:00\" \/>\n<meta property=\"og:image\" content=\"http:\/\/tuberkuloosi.fi\/en\/wp-content\/uploads\/sites\/2\/2015\/08\/juippi.jpg\" \/>\n<meta name=\"twitter:card\" content=\"summary_large_image\" \/>\n<meta name=\"twitter:label1\" content=\"Est. reading time\" \/>\n\t<meta name=\"twitter:data1\" content=\"1 minute\" \/>\n<script type=\"application\/ld+json\" class=\"yoast-schema-graph\">{\"@context\":\"https:\\\/\\\/schema.org\",\"@graph\":[{\"@type\":\"WebPage\",\"@id\":\"https:\\\/\\\/tuberkuloosi.fi\\\/et\\\/tuberkuloos\\\/tuberkuloosi-diagnoos\\\/\",\"url\":\"https:\\\/\\\/tuberkuloosi.fi\\\/et\\\/tuberkuloos\\\/tuberkuloosi-diagnoos\\\/\",\"name\":\"Tuberkuloosi diagnoos - viro\",\"isPartOf\":{\"@id\":\"https:\\\/\\\/tuberkuloosi.fi\\\/et\\\/#website\"},\"primaryImageOfPage\":{\"@id\":\"https:\\\/\\\/tuberkuloosi.fi\\\/et\\\/tuberkuloos\\\/tuberkuloosi-diagnoos\\\/#primaryimage\"},\"image\":{\"@id\":\"https:\\\/\\\/tuberkuloosi.fi\\\/et\\\/tuberkuloos\\\/tuberkuloosi-diagnoos\\\/#primaryimage\"},\"thumbnailUrl\":\"http:\\\/\\\/tuberkuloosi.fi\\\/en\\\/wp-content\\\/uploads\\\/sites\\\/2\\\/2015\\\/08\\\/juippi.jpg\",\"datePublished\":\"2016-06-28T08:09:03+00:00\",\"dateModified\":\"2022-11-17T14:17:07+00:00\",\"description\":\"Kopsutuberkuloosi saab kindlaks teha kopsude r\u00f6ntgenuuringu ja r\u00f6gaanal\u00fc\u00fcsi abil.\",\"breadcrumb\":{\"@id\":\"https:\\\/\\\/tuberkuloosi.fi\\\/et\\\/tuberkuloos\\\/tuberkuloosi-diagnoos\\\/#breadcrumb\"},\"inLanguage\":\"en-US\",\"potentialAction\":[{\"@type\":\"ReadAction\",\"target\":[\"https:\\\/\\\/tuberkuloosi.fi\\\/et\\\/tuberkuloos\\\/tuberkuloosi-diagnoos\\\/\"]}]},{\"@type\":\"ImageObject\",\"inLanguage\":\"en-US\",\"@id\":\"https:\\\/\\\/tuberkuloosi.fi\\\/et\\\/tuberkuloos\\\/tuberkuloosi-diagnoos\\\/#primaryimage\",\"url\":\"http:\\\/\\\/tuberkuloosi.fi\\\/en\\\/wp-content\\\/uploads\\\/sites\\\/2\\\/2015\\\/08\\\/juippi.jpg\",\"contentUrl\":\"http:\\\/\\\/tuberkuloosi.fi\\\/en\\\/wp-content\\\/uploads\\\/sites\\\/2\\\/2015\\\/08\\\/juippi.jpg\"},{\"@type\":\"BreadcrumbList\",\"@id\":\"https:\\\/\\\/tuberkuloosi.fi\\\/et\\\/tuberkuloos\\\/tuberkuloosi-diagnoos\\\/#breadcrumb\",\"itemListElement\":[{\"@type\":\"ListItem\",\"position\":1,\"name\":\"Etusivu\",\"item\":\"https:\\\/\\\/tuberkuloosi.fi\\\/et\\\/\"},{\"@type\":\"ListItem\",\"position\":2,\"name\":\"Tuberkuloos\",\"item\":\"https:\\\/\\\/tuberkuloosi.fi\\\/et\\\/tuberkuloos\\\/\"},{\"@type\":\"ListItem\",\"position\":3,\"name\":\"Tuberkuloosi diagnoos\"}]},{\"@type\":\"WebSite\",\"@id\":\"https:\\\/\\\/tuberkuloosi.fi\\\/et\\\/#website\",\"url\":\"https:\\\/\\\/tuberkuloosi.fi\\\/et\\\/\",\"name\":\"viro\",\"description\":\"Tuberkuloos on ravitav, teeme koos!\",\"publisher\":{\"@id\":\"https:\\\/\\\/tuberkuloosi.fi\\\/et\\\/#organization\"},\"potentialAction\":[{\"@type\":\"SearchAction\",\"target\":{\"@type\":\"EntryPoint\",\"urlTemplate\":\"https:\\\/\\\/tuberkuloosi.fi\\\/et\\\/?s={search_term_string}\"},\"query-input\":{\"@type\":\"PropertyValueSpecification\",\"valueRequired\":true,\"valueName\":\"search_term_string\"}}],\"inLanguage\":\"en-US\"},{\"@type\":\"Organization\",\"@id\":\"https:\\\/\\\/tuberkuloosi.fi\\\/et\\\/#organization\",\"name\":\"viro\",\"url\":\"https:\\\/\\\/tuberkuloosi.fi\\\/et\\\/\",\"logo\":{\"@type\":\"ImageObject\",\"inLanguage\":\"en-US\",\"@id\":\"https:\\\/\\\/tuberkuloosi.fi\\\/et\\\/#\\\/schema\\\/logo\\\/image\\\/\",\"url\":\"https:\\\/\\\/tuberkuloosi.fi\\\/et\\\/wp-content\\\/uploads\\\/sites\\\/7\\\/2019\\\/08\\\/cropped-tuberkuloosi.fi-logo1.jpg\",\"contentUrl\":\"https:\\\/\\\/tuberkuloosi.fi\\\/et\\\/wp-content\\\/uploads\\\/sites\\\/7\\\/2019\\\/08\\\/cropped-tuberkuloosi.fi-logo1.jpg\",\"width\":1598,\"height\":321,\"caption\":\"viro\"},\"image\":{\"@id\":\"https:\\\/\\\/tuberkuloosi.fi\\\/et\\\/#\\\/schema\\\/logo\\\/image\\\/\"}}]}<\/script>\n<!-- \/ Yoast SEO plugin. -->","yoast_head_json":{"title":"Tuberkuloosi diagnoos - viro","description":"Kopsutuberkuloosi saab kindlaks teha kopsude r\u00f6ntgenuuringu ja r\u00f6gaanal\u00fc\u00fcsi abil.","robots":{"index":"index","follow":"follow","max-snippet":"max-snippet:-1","max-image-preview":"max-image-preview:large","max-video-preview":"max-video-preview:-1"},"canonical":"https:\/\/tuberkuloosi.fi\/et\/tuberkuloos\/tuberkuloosi-diagnoos\/","og_locale":"en_US","og_type":"article","og_title":"Tuberkuloosi diagnoos - viro","og_description":"Kopsutuberkuloosi saab kindlaks teha kopsude r\u00f6ntgenuuringu ja r\u00f6gaanal\u00fc\u00fcsi abil.","og_url":"https:\/\/tuberkuloosi.fi\/et\/tuberkuloos\/tuberkuloosi-diagnoos\/","og_site_name":"viro","article_modified_time":"2022-11-17T14:17:07+00:00","og_image":[{"url":"http:\/\/tuberkuloosi.fi\/en\/wp-content\/uploads\/sites\/2\/2015\/08\/juippi.jpg","type":"","width":"","height":""}],"twitter_card":"summary_large_image","twitter_misc":{"Est. reading time":"1 minute"},"schema":{"@context":"https:\/\/schema.org","@graph":[{"@type":"WebPage","@id":"https:\/\/tuberkuloosi.fi\/et\/tuberkuloos\/tuberkuloosi-diagnoos\/","url":"https:\/\/tuberkuloosi.fi\/et\/tuberkuloos\/tuberkuloosi-diagnoos\/","name":"Tuberkuloosi diagnoos - viro","isPartOf":{"@id":"https:\/\/tuberkuloosi.fi\/et\/#website"},"primaryImageOfPage":{"@id":"https:\/\/tuberkuloosi.fi\/et\/tuberkuloos\/tuberkuloosi-diagnoos\/#primaryimage"},"image":{"@id":"https:\/\/tuberkuloosi.fi\/et\/tuberkuloos\/tuberkuloosi-diagnoos\/#primaryimage"},"thumbnailUrl":"http:\/\/tuberkuloosi.fi\/en\/wp-content\/uploads\/sites\/2\/2015\/08\/juippi.jpg","datePublished":"2016-06-28T08:09:03+00:00","dateModified":"2022-11-17T14:17:07+00:00","description":"Kopsutuberkuloosi saab kindlaks teha kopsude r\u00f6ntgenuuringu ja r\u00f6gaanal\u00fc\u00fcsi abil.","breadcrumb":{"@id":"https:\/\/tuberkuloosi.fi\/et\/tuberkuloos\/tuberkuloosi-diagnoos\/#breadcrumb"},"inLanguage":"en-US","potentialAction":[{"@type":"ReadAction","target":["https:\/\/tuberkuloosi.fi\/et\/tuberkuloos\/tuberkuloosi-diagnoos\/"]}]},{"@type":"ImageObject","inLanguage":"en-US","@id":"https:\/\/tuberkuloosi.fi\/et\/tuberkuloos\/tuberkuloosi-diagnoos\/#primaryimage","url":"http:\/\/tuberkuloosi.fi\/en\/wp-content\/uploads\/sites\/2\/2015\/08\/juippi.jpg","contentUrl":"http:\/\/tuberkuloosi.fi\/en\/wp-content\/uploads\/sites\/2\/2015\/08\/juippi.jpg"},{"@type":"BreadcrumbList","@id":"https:\/\/tuberkuloosi.fi\/et\/tuberkuloos\/tuberkuloosi-diagnoos\/#breadcrumb","itemListElement":[{"@type":"ListItem","position":1,"name":"Etusivu","item":"https:\/\/tuberkuloosi.fi\/et\/"},{"@type":"ListItem","position":2,"name":"Tuberkuloos","item":"https:\/\/tuberkuloosi.fi\/et\/tuberkuloos\/"},{"@type":"ListItem","position":3,"name":"Tuberkuloosi diagnoos"}]},{"@type":"WebSite","@id":"https:\/\/tuberkuloosi.fi\/et\/#website","url":"https:\/\/tuberkuloosi.fi\/et\/","name":"viro","description":"Tuberkuloos on ravitav, teeme koos!","publisher":{"@id":"https:\/\/tuberkuloosi.fi\/et\/#organization"},"potentialAction":[{"@type":"SearchAction","target":{"@type":"EntryPoint","urlTemplate":"https:\/\/tuberkuloosi.fi\/et\/?s={search_term_string}"},"query-input":{"@type":"PropertyValueSpecification","valueRequired":true,"valueName":"search_term_string"}}],"inLanguage":"en-US"},{"@type":"Organization","@id":"https:\/\/tuberkuloosi.fi\/et\/#organization","name":"viro","url":"https:\/\/tuberkuloosi.fi\/et\/","logo":{"@type":"ImageObject","inLanguage":"en-US","@id":"https:\/\/tuberkuloosi.fi\/et\/#\/schema\/logo\/image\/","url":"https:\/\/tuberkuloosi.fi\/et\/wp-content\/uploads\/sites\/7\/2019\/08\/cropped-tuberkuloosi.fi-logo1.jpg","contentUrl":"https:\/\/tuberkuloosi.fi\/et\/wp-content\/uploads\/sites\/7\/2019\/08\/cropped-tuberkuloosi.fi-logo1.jpg","width":1598,"height":321,"caption":"viro"},"image":{"@id":"https:\/\/tuberkuloosi.fi\/et\/#\/schema\/logo\/image\/"}}]}},"_links":{"self":[{"href":"https:\/\/tuberkuloosi.fi\/et\/wp-json\/wp\/v2\/pages\/20","targetHints":{"allow":["GET"]}}],"collection":[{"href":"https:\/\/tuberkuloosi.fi\/et\/wp-json\/wp\/v2\/pages"}],"about":[{"href":"https:\/\/tuberkuloosi.fi\/et\/wp-json\/wp\/v2\/types\/page"}],"author":[{"embeddable":true,"href":"https:\/\/tuberkuloosi.fi\/et\/wp-json\/wp\/v2\/users\/1"}],"replies":[{"embeddable":true,"href":"https:\/\/tuberkuloosi.fi\/et\/wp-json\/wp\/v2\/comments?post=20"}],"version-history":[{"count":3,"href":"https:\/\/tuberkuloosi.fi\/et\/wp-json\/wp\/v2\/pages\/20\/revisions"}],"predecessor-version":[{"id":235,"href":"https:\/\/tuberkuloosi.fi\/et\/wp-json\/wp\/v2\/pages\/20\/revisions\/235"}],"up":[{"embeddable":true,"href":"https:\/\/tuberkuloosi.fi\/et\/wp-json\/wp\/v2\/pages\/10"}],"wp:attachment":[{"href":"https:\/\/tuberkuloosi.fi\/et\/wp-json\/wp\/v2\/media?parent=20"}],"curies":[{"name":"wp","href":"https:\/\/api.w.org\/{rel}","templated":true}]}}