{"id":24,"date":"2016-06-28T08:13:47","date_gmt":"2016-06-28T08:13:47","guid":{"rendered":"http:\/\/tuberkuloosi.fi\/et\/?page_id=24"},"modified":"2022-11-17T14:53:47","modified_gmt":"2022-11-17T14:53:47","slug":"tuberkuloosivaktsiin","status":"publish","type":"page","link":"https:\/\/tuberkuloosi.fi\/et\/tuberkuloos\/tuberkuloosivaktsiin\/","title":{"rendered":"Tuberkuloosivaktsiin"},"content":{"rendered":"<p><img fetchpriority=\"high\" decoding=\"async\" class=\"alignright size-full wp-image-87\" src=\"http:\/\/tuberkuloosi.fi\/en\/wp-content\/uploads\/sites\/2\/2015\/08\/vauva.jpg\" alt=\"tuberkuloosivaktsiin\" width=\"264\" height=\"504\" \/><\/p>\n<blockquote><p>Tuberkuloosivaktsiin kaitseb vasts\u00fcndinuid ja v\u00e4ikelapsi tuberkuloosi raskete vormide eest.<\/p><\/blockquote>\n<p>BCG (mis t\u00e4hendab Bacillus Calmette-Gu\u00e9rin) vaktsiin sisaldab elus-n\u00f5rgestatud baktereid. Tuberkuloosivaktsiin ei kaitse infektsiooni eest, kuid ennetab rasket haigestumist. Vasts\u00fcndinud ja v\u00e4ikelapsed on tuberkuloosi osas vastuv\u00f5tlikud. BCG vaktsiin on m\u00f5eldud kaitsmaks vasts\u00fcndinuid ja v\u00e4ikelapsi tuberkuloosi raskete vormide eest, nagu tuberkuloosne ajukelmep\u00f5letik ja generaliseerunud tuberkuloos.<\/p>\n<p>Vaktsiini efektiivsus kopsutuberkuloosi haigestumise eest varieerub erinevate uuringute alusel.<br \/>\nKaitse n\u00f5rgeneb aja jooksul, kuid osaline kaitse v\u00f5ib j\u00e4\u00e4da k\u00fcmnendikeks.<\/p>\n<p>Varem vaktsineeriti Soomes k\u00f5iki lapsi tuberkuloosi vastu. Alates 2006. aastast manustatakse BCG vaktsiini ainult lastele, keda peetakse tuberkuloosi nakatumise ja haigestumise riskir\u00fchma kuuluvaks. Enam ei vaktsineerita k\u00f5iki lapsi t\u00e4nu tuberkuloosi esinemise v\u00e4henemisele Soomes.<\/p>\n<p>Tuberkuloosivaktsiin tehakse tavaliselt vasts\u00fcndinutele. \u00dcle seitsmeaastaseid lapsi ei vaktsineerita. Vaktsineerimise vajaduse \u00fcle otsustab arst. Vaktsineerimine on tasuta.<\/p>\n<p>BCG vaktsiin on soovitatav lastele,<\/p>\n<ul>\n<li>kes elavad koos pereliikme v\u00f5i muu isikuga, kes on p\u00f5denud tuberkuloosi;<\/li>\n<li>kes s\u00fcndisid riigis, kus tuberkuloos on laialt levinud v\u00f5i kes elavad koos pereliikme v\u00f5i isikuga, kes on s\u00fcndinud riigis, kus tuberkuloos on laialt levinud;<\/li>\n<li>kes l\u00e4hima aasta jooksul reisivad riiki, kus tuberkuloos on levinud ja elavad seal \u00fcle \u00fche kuu.<\/li>\n<\/ul>\n<p>BCG vaktsiin on soovitatud ka juhul, kui laps puutub regulaarselt ja l\u00e4hedalt kokku:<\/p>\n<ul>\n<li>isikuga, kes on tulnud riigist, kus tuberkuloos on levinud;<\/li>\n<li>isikuga, kel on tuberkuloos;<\/li>\n<li>isikuga, kes kuulub muul viisil tuberkuloosi riskir\u00fchma.<\/li>\n<\/ul>\n<p>Lastele manustatud BCG vaktsiin ei kaitse neid t\u00e4iskasvanueas.<\/p>\n<p>Lisateavet BCG vaktsiini kohta leiate Soome riikliku tervise- ja sotsiaalameti kodulehelt (ainult soome keeles).<br \/>\nLisateavet BCG kohta leiate <a href=\"https:\/\/thl.fi\/fi\/web\/infektiotaudit-ja-rokotukset\/rokotteet-a-o\/bcg-eli-tuberkuloosirokote\" target=\"_blank\" rel=\"noopener\">Soome riikliku tervis- ja sotsiaalameti kodulehelt<\/a> (ainult soome keeles)<\/p>\n<p>\u00dclemaailmselt t\u00f6\u00f6tatakse v\u00e4lja uusi, ohutumaid ja paremaid vaktsiine.<\/p>\n","protected":false},"excerpt":{"rendered":"<p>Tuberkuloosivaktsiin kaitseb vasts\u00fcndinuid ja v\u00e4ikelapsi tuberkuloosi raskete vormide eest. BCG (mis t\u00e4hendab Bacillus Calmette-Gu\u00e9rin) vaktsiin sisaldab elus-n\u00f5rgestatud baktereid. Tuberkuloosivaktsiin ei kaitse infektsiooni eest, kuid ennetab rasket haigestumist. Vasts\u00fcndinud ja v\u00e4ikelapsed on tuberkuloosi osas vastuv\u00f5tlikud. BCG vaktsiin on m\u00f5eldud kaitsmaks vasts\u00fcndinuid ja v\u00e4ikelapsi tuberkuloosi raskete vormide eest, nagu tuberkuloosne ajukelmep\u00f5letik ja generaliseerunud tuberkuloos. Vaktsiini efektiivsus kopsutuberkuloosi &#8230; <a title=\"Tuberkuloosivaktsiin\" class=\"read-more\" href=\"https:\/\/tuberkuloosi.fi\/et\/tuberkuloos\/tuberkuloosivaktsiin\/\">Read more<span class=\"screen-reader-text\">Tuberkuloosivaktsiin<\/span><\/a><\/p>\n","protected":false},"author":1,"featured_media":0,"parent":10,"menu_order":0,"comment_status":"closed","ping_status":"open","template":"","meta":{"footnotes":""},"class_list":["post-24","page","type-page","status-publish"],"yoast_head":"<!-- This site is optimized with the Yoast SEO plugin v27.4 - https:\/\/yoast.com\/product\/yoast-seo-wordpress\/ -->\n<title>Tuberkuloosivaktsiin - viro<\/title>\n<meta name=\"description\" content=\"Tuberkuloosivaktsiin ei kaitse infektsiooni eest, kuid ennetab rasket haigestumist. Vasts\u00fcndinud ja v\u00e4ikelapsed on tuberkuloosi osas vastuv\u00f5tlikud.\" \/>\n<meta name=\"robots\" content=\"index, follow, max-snippet:-1, max-image-preview:large, max-video-preview:-1\" \/>\n<link rel=\"canonical\" href=\"https:\/\/tuberkuloosi.fi\/et\/tuberkuloos\/tuberkuloosivaktsiin\/\" \/>\n<meta property=\"og:locale\" content=\"en_US\" \/>\n<meta property=\"og:type\" content=\"article\" \/>\n<meta property=\"og:title\" content=\"Tuberkuloosivaktsiin - viro\" \/>\n<meta property=\"og:description\" content=\"Tuberkuloosivaktsiin ei kaitse infektsiooni eest, kuid ennetab rasket haigestumist. Vasts\u00fcndinud ja v\u00e4ikelapsed on tuberkuloosi osas vastuv\u00f5tlikud.\" \/>\n<meta property=\"og:url\" content=\"https:\/\/tuberkuloosi.fi\/et\/tuberkuloos\/tuberkuloosivaktsiin\/\" \/>\n<meta property=\"og:site_name\" content=\"viro\" \/>\n<meta property=\"article:modified_time\" content=\"2022-11-17T14:53:47+00:00\" \/>\n<meta property=\"og:image\" content=\"http:\/\/tuberkuloosi.fi\/en\/wp-content\/uploads\/sites\/2\/2015\/08\/vauva.jpg\" \/>\n<meta name=\"twitter:card\" content=\"summary_large_image\" \/>\n<meta name=\"twitter:label1\" content=\"Est. reading time\" \/>\n\t<meta name=\"twitter:data1\" content=\"1 minute\" \/>\n<script type=\"application\/ld+json\" class=\"yoast-schema-graph\">{\"@context\":\"https:\\\/\\\/schema.org\",\"@graph\":[{\"@type\":\"WebPage\",\"@id\":\"https:\\\/\\\/tuberkuloosi.fi\\\/et\\\/tuberkuloos\\\/tuberkuloosivaktsiin\\\/\",\"url\":\"https:\\\/\\\/tuberkuloosi.fi\\\/et\\\/tuberkuloos\\\/tuberkuloosivaktsiin\\\/\",\"name\":\"Tuberkuloosivaktsiin - viro\",\"isPartOf\":{\"@id\":\"https:\\\/\\\/tuberkuloosi.fi\\\/et\\\/#website\"},\"primaryImageOfPage\":{\"@id\":\"https:\\\/\\\/tuberkuloosi.fi\\\/et\\\/tuberkuloos\\\/tuberkuloosivaktsiin\\\/#primaryimage\"},\"image\":{\"@id\":\"https:\\\/\\\/tuberkuloosi.fi\\\/et\\\/tuberkuloos\\\/tuberkuloosivaktsiin\\\/#primaryimage\"},\"thumbnailUrl\":\"http:\\\/\\\/tuberkuloosi.fi\\\/en\\\/wp-content\\\/uploads\\\/sites\\\/2\\\/2015\\\/08\\\/vauva.jpg\",\"datePublished\":\"2016-06-28T08:13:47+00:00\",\"dateModified\":\"2022-11-17T14:53:47+00:00\",\"description\":\"Tuberkuloosivaktsiin ei kaitse infektsiooni eest, kuid ennetab rasket haigestumist. Vasts\u00fcndinud ja v\u00e4ikelapsed on tuberkuloosi osas vastuv\u00f5tlikud.\",\"breadcrumb\":{\"@id\":\"https:\\\/\\\/tuberkuloosi.fi\\\/et\\\/tuberkuloos\\\/tuberkuloosivaktsiin\\\/#breadcrumb\"},\"inLanguage\":\"en-US\",\"potentialAction\":[{\"@type\":\"ReadAction\",\"target\":[\"https:\\\/\\\/tuberkuloosi.fi\\\/et\\\/tuberkuloos\\\/tuberkuloosivaktsiin\\\/\"]}]},{\"@type\":\"ImageObject\",\"inLanguage\":\"en-US\",\"@id\":\"https:\\\/\\\/tuberkuloosi.fi\\\/et\\\/tuberkuloos\\\/tuberkuloosivaktsiin\\\/#primaryimage\",\"url\":\"http:\\\/\\\/tuberkuloosi.fi\\\/en\\\/wp-content\\\/uploads\\\/sites\\\/2\\\/2015\\\/08\\\/vauva.jpg\",\"contentUrl\":\"http:\\\/\\\/tuberkuloosi.fi\\\/en\\\/wp-content\\\/uploads\\\/sites\\\/2\\\/2015\\\/08\\\/vauva.jpg\"},{\"@type\":\"BreadcrumbList\",\"@id\":\"https:\\\/\\\/tuberkuloosi.fi\\\/et\\\/tuberkuloos\\\/tuberkuloosivaktsiin\\\/#breadcrumb\",\"itemListElement\":[{\"@type\":\"ListItem\",\"position\":1,\"name\":\"Etusivu\",\"item\":\"https:\\\/\\\/tuberkuloosi.fi\\\/et\\\/\"},{\"@type\":\"ListItem\",\"position\":2,\"name\":\"Tuberkuloos\",\"item\":\"https:\\\/\\\/tuberkuloosi.fi\\\/et\\\/tuberkuloos\\\/\"},{\"@type\":\"ListItem\",\"position\":3,\"name\":\"Tuberkuloosivaktsiin\"}]},{\"@type\":\"WebSite\",\"@id\":\"https:\\\/\\\/tuberkuloosi.fi\\\/et\\\/#website\",\"url\":\"https:\\\/\\\/tuberkuloosi.fi\\\/et\\\/\",\"name\":\"viro\",\"description\":\"Tuberkuloos on ravitav, teeme koos!\",\"publisher\":{\"@id\":\"https:\\\/\\\/tuberkuloosi.fi\\\/et\\\/#organization\"},\"potentialAction\":[{\"@type\":\"SearchAction\",\"target\":{\"@type\":\"EntryPoint\",\"urlTemplate\":\"https:\\\/\\\/tuberkuloosi.fi\\\/et\\\/?s={search_term_string}\"},\"query-input\":{\"@type\":\"PropertyValueSpecification\",\"valueRequired\":true,\"valueName\":\"search_term_string\"}}],\"inLanguage\":\"en-US\"},{\"@type\":\"Organization\",\"@id\":\"https:\\\/\\\/tuberkuloosi.fi\\\/et\\\/#organization\",\"name\":\"viro\",\"url\":\"https:\\\/\\\/tuberkuloosi.fi\\\/et\\\/\",\"logo\":{\"@type\":\"ImageObject\",\"inLanguage\":\"en-US\",\"@id\":\"https:\\\/\\\/tuberkuloosi.fi\\\/et\\\/#\\\/schema\\\/logo\\\/image\\\/\",\"url\":\"https:\\\/\\\/tuberkuloosi.fi\\\/et\\\/wp-content\\\/uploads\\\/sites\\\/7\\\/2019\\\/08\\\/cropped-tuberkuloosi.fi-logo1.jpg\",\"contentUrl\":\"https:\\\/\\\/tuberkuloosi.fi\\\/et\\\/wp-content\\\/uploads\\\/sites\\\/7\\\/2019\\\/08\\\/cropped-tuberkuloosi.fi-logo1.jpg\",\"width\":1598,\"height\":321,\"caption\":\"viro\"},\"image\":{\"@id\":\"https:\\\/\\\/tuberkuloosi.fi\\\/et\\\/#\\\/schema\\\/logo\\\/image\\\/\"}}]}<\/script>\n<!-- \/ Yoast SEO plugin. -->","yoast_head_json":{"title":"Tuberkuloosivaktsiin - viro","description":"Tuberkuloosivaktsiin ei kaitse infektsiooni eest, kuid ennetab rasket haigestumist. Vasts\u00fcndinud ja v\u00e4ikelapsed on tuberkuloosi osas vastuv\u00f5tlikud.","robots":{"index":"index","follow":"follow","max-snippet":"max-snippet:-1","max-image-preview":"max-image-preview:large","max-video-preview":"max-video-preview:-1"},"canonical":"https:\/\/tuberkuloosi.fi\/et\/tuberkuloos\/tuberkuloosivaktsiin\/","og_locale":"en_US","og_type":"article","og_title":"Tuberkuloosivaktsiin - viro","og_description":"Tuberkuloosivaktsiin ei kaitse infektsiooni eest, kuid ennetab rasket haigestumist. Vasts\u00fcndinud ja v\u00e4ikelapsed on tuberkuloosi osas vastuv\u00f5tlikud.","og_url":"https:\/\/tuberkuloosi.fi\/et\/tuberkuloos\/tuberkuloosivaktsiin\/","og_site_name":"viro","article_modified_time":"2022-11-17T14:53:47+00:00","og_image":[{"url":"http:\/\/tuberkuloosi.fi\/en\/wp-content\/uploads\/sites\/2\/2015\/08\/vauva.jpg","type":"","width":"","height":""}],"twitter_card":"summary_large_image","twitter_misc":{"Est. reading time":"1 minute"},"schema":{"@context":"https:\/\/schema.org","@graph":[{"@type":"WebPage","@id":"https:\/\/tuberkuloosi.fi\/et\/tuberkuloos\/tuberkuloosivaktsiin\/","url":"https:\/\/tuberkuloosi.fi\/et\/tuberkuloos\/tuberkuloosivaktsiin\/","name":"Tuberkuloosivaktsiin - viro","isPartOf":{"@id":"https:\/\/tuberkuloosi.fi\/et\/#website"},"primaryImageOfPage":{"@id":"https:\/\/tuberkuloosi.fi\/et\/tuberkuloos\/tuberkuloosivaktsiin\/#primaryimage"},"image":{"@id":"https:\/\/tuberkuloosi.fi\/et\/tuberkuloos\/tuberkuloosivaktsiin\/#primaryimage"},"thumbnailUrl":"http:\/\/tuberkuloosi.fi\/en\/wp-content\/uploads\/sites\/2\/2015\/08\/vauva.jpg","datePublished":"2016-06-28T08:13:47+00:00","dateModified":"2022-11-17T14:53:47+00:00","description":"Tuberkuloosivaktsiin ei kaitse infektsiooni eest, kuid ennetab rasket haigestumist. Vasts\u00fcndinud ja v\u00e4ikelapsed on tuberkuloosi osas vastuv\u00f5tlikud.","breadcrumb":{"@id":"https:\/\/tuberkuloosi.fi\/et\/tuberkuloos\/tuberkuloosivaktsiin\/#breadcrumb"},"inLanguage":"en-US","potentialAction":[{"@type":"ReadAction","target":["https:\/\/tuberkuloosi.fi\/et\/tuberkuloos\/tuberkuloosivaktsiin\/"]}]},{"@type":"ImageObject","inLanguage":"en-US","@id":"https:\/\/tuberkuloosi.fi\/et\/tuberkuloos\/tuberkuloosivaktsiin\/#primaryimage","url":"http:\/\/tuberkuloosi.fi\/en\/wp-content\/uploads\/sites\/2\/2015\/08\/vauva.jpg","contentUrl":"http:\/\/tuberkuloosi.fi\/en\/wp-content\/uploads\/sites\/2\/2015\/08\/vauva.jpg"},{"@type":"BreadcrumbList","@id":"https:\/\/tuberkuloosi.fi\/et\/tuberkuloos\/tuberkuloosivaktsiin\/#breadcrumb","itemListElement":[{"@type":"ListItem","position":1,"name":"Etusivu","item":"https:\/\/tuberkuloosi.fi\/et\/"},{"@type":"ListItem","position":2,"name":"Tuberkuloos","item":"https:\/\/tuberkuloosi.fi\/et\/tuberkuloos\/"},{"@type":"ListItem","position":3,"name":"Tuberkuloosivaktsiin"}]},{"@type":"WebSite","@id":"https:\/\/tuberkuloosi.fi\/et\/#website","url":"https:\/\/tuberkuloosi.fi\/et\/","name":"viro","description":"Tuberkuloos on ravitav, teeme koos!","publisher":{"@id":"https:\/\/tuberkuloosi.fi\/et\/#organization"},"potentialAction":[{"@type":"SearchAction","target":{"@type":"EntryPoint","urlTemplate":"https:\/\/tuberkuloosi.fi\/et\/?s={search_term_string}"},"query-input":{"@type":"PropertyValueSpecification","valueRequired":true,"valueName":"search_term_string"}}],"inLanguage":"en-US"},{"@type":"Organization","@id":"https:\/\/tuberkuloosi.fi\/et\/#organization","name":"viro","url":"https:\/\/tuberkuloosi.fi\/et\/","logo":{"@type":"ImageObject","inLanguage":"en-US","@id":"https:\/\/tuberkuloosi.fi\/et\/#\/schema\/logo\/image\/","url":"https:\/\/tuberkuloosi.fi\/et\/wp-content\/uploads\/sites\/7\/2019\/08\/cropped-tuberkuloosi.fi-logo1.jpg","contentUrl":"https:\/\/tuberkuloosi.fi\/et\/wp-content\/uploads\/sites\/7\/2019\/08\/cropped-tuberkuloosi.fi-logo1.jpg","width":1598,"height":321,"caption":"viro"},"image":{"@id":"https:\/\/tuberkuloosi.fi\/et\/#\/schema\/logo\/image\/"}}]}},"_links":{"self":[{"href":"https:\/\/tuberkuloosi.fi\/et\/wp-json\/wp\/v2\/pages\/24","targetHints":{"allow":["GET"]}}],"collection":[{"href":"https:\/\/tuberkuloosi.fi\/et\/wp-json\/wp\/v2\/pages"}],"about":[{"href":"https:\/\/tuberkuloosi.fi\/et\/wp-json\/wp\/v2\/types\/page"}],"author":[{"embeddable":true,"href":"https:\/\/tuberkuloosi.fi\/et\/wp-json\/wp\/v2\/users\/1"}],"replies":[{"embeddable":true,"href":"https:\/\/tuberkuloosi.fi\/et\/wp-json\/wp\/v2\/comments?post=24"}],"version-history":[{"count":6,"href":"https:\/\/tuberkuloosi.fi\/et\/wp-json\/wp\/v2\/pages\/24\/revisions"}],"predecessor-version":[{"id":246,"href":"https:\/\/tuberkuloosi.fi\/et\/wp-json\/wp\/v2\/pages\/24\/revisions\/246"}],"up":[{"embeddable":true,"href":"https:\/\/tuberkuloosi.fi\/et\/wp-json\/wp\/v2\/pages\/10"}],"wp:attachment":[{"href":"https:\/\/tuberkuloosi.fi\/et\/wp-json\/wp\/v2\/media?parent=24"}],"curies":[{"name":"wp","href":"https:\/\/api.w.org\/{rel}","templated":true}]}}