{"id":240,"date":"2022-11-17T14:41:55","date_gmt":"2022-11-17T14:41:55","guid":{"rendered":"https:\/\/tuberkuloosi.fi\/et\/?page_id=240"},"modified":"2022-11-18T10:25:16","modified_gmt":"2022-11-18T10:25:16","slug":"multiravimiresistentne-tuberkuloos","status":"publish","type":"page","link":"https:\/\/tuberkuloosi.fi\/et\/tuberkuloos\/multiravimiresistentne-tuberkuloos\/","title":{"rendered":"Multiravimiresistentne tuberkuloos"},"content":{"rendered":"<h3>Mis on multiravimiresistentne tuberkuloos?<\/h3>\n<p>Multiravimiresistentne tuberkuloos on tekitatud m\u00fckobakterite poolt, mis on mitmetele ravimitele resistentsed. Multiravimiresistentse tuberkuloosi l\u00fchend on MDR (ingl <em>multidrug-resistant tuberculosis<\/em>). K\u00f5ige sagedamini kasutatavaid ja efektiivsemaid tuberkuloosiravimeid, nagu rifampitsiin ja isoniasiid, ei saa multiravimiresistentse tuberkuloosi korral kasutada.<\/p>\n<p>Kui tuberkuloos on resistentne ka fluorokinoloonidele, nimetatakse seda preekstensiivselt resistentseks tuberkuloosiks (pre-XDR-tuberkuloos).<\/p>\n<p>Eriti resistentse tuberkuloosi l\u00fchend on XDR (ingl <em>extensively drug-resistant tuberculosis<\/em>). Selle korral on m\u00fckobakteritel resistentsus bedakviliinile ja\/v\u00f5i linesoliidile lisaks teistele \u00fclalmainitud ravimitele.<\/p>\n<h3>Kust ma v\u00f5in saada multiraviresistentne tuberkuloosi?<\/h3>\n<p>Tuberkuloosi \u00fclekandumine on alati sama &#8211; \u00f5hu kaudu. Infektsioon levib MDR-tuberkuloosi p\u00f5devalt inimeselt.<\/p>\n<p>MDR-tuberkuloos on sagedasem riikides, kus tuberkuloosi diagnostika ja ravimite k\u00e4ttesaadavus on halb (puudulikud oskused v\u00f5i vahendid).<\/p>\n<p>Samuti v\u00f5ivad olla raviskeemid ebaadekvaatsed.<\/p>\n<p>Vahel algselt ravimitundlik tuberkuloos muutub ravi k\u00e4igus rifampitsiinile ja isoniasiidile resistentseks. See v\u00f5ib juhtuda, kui tuberkuloosiravi on ebaregulaarne v\u00f5i ravi jooksul tekivad korduvad v\u00f5i pikad pausid.<\/p>\n<p>MDR-tuberkuloosi leidub kogu maailmas. Umbes pooled MDR-tuberkuloosi haigetest elavad Indias, Hiinas ja Venemaal. MDR-tuberkuloosi juhtude arv on eriti k\u00f5rge WHO Euroopa regioonis, peamiselt v\u00e4ljaspool Euroopa Liitu \/ Euroopa Majanduspiirkonda.<\/p>\n<p>Soomes on ravimiresistentne tuberkuloos harv. Igal aastal diagnoositakse vaid m\u00f5ned MDR-tuberkuloosi juhud. 2010.-2020. aastatel on olnud vaid \u00fcksikuid XDR-tuberkuloosi juhte.<\/p>\n<h3>Kuidas multiraviresistentne tuberkuloosi ravitakse?<\/h3>\n<p>MDR-tuberkuloosi ravitakse mitmete ravimite kombinatsiooniga ja ravi kestab pikka aega.<\/p>\n<p>Algselt on vajalik 5-7 ravimi kombinatsioon, ravi hilisemas faasis v\u00f5ib ravimite hulka v\u00e4hendada 4-5-ni.<\/p>\n<p>Eesm\u00e4rk on leida igale patsiendile k\u00f5ige efektiivsem ravimikombinatsioon.<\/p>\n<p>Riiklik tuberkuloosiravi ekspertkomisjon annab raviarstile ravimikombinatsiooni osas soovitusi.<\/p>\n<p>MDR-tuberkuloosi ravi k\u00e4igus v\u00f5ib esineda k\u00f5rvaltoimeid. Patsiendile antakse informatsiooni ja juhiseid enda seisundi j\u00e4lgimiseks.<\/p>\n<p>K\u00f5rvaltoimeid on v\u00f5imalik leevendada. Vahel tuleb raskeid k\u00f5rvaltoimeid p\u00f5hjustav ravim l\u00f5petada.<\/p>\n<p>Tavap\u00e4raselt kestab MDR-tuberkuloosi ravi 2 aastat. Vahel ei piisa vaid ravimitest ning paranemiseks on vaja kirurgilist ravi.<\/p>\n<h3>Kas multiraviresistentne tuberkuloosi on v\u00f5imalik v\u00e4lja ravida?<\/h3>\n<p>Ainus viis, kuidas MDR-tuberkuloosist terveneda, on p\u00fchendumine raviskeemi j\u00e4rgimisele. Seda toetavad v\u00e4lja\u00f5ppinud meditsiinit\u00f6\u00f6tajad, kes j\u00e4lgivad tuberkuloosiravimite v\u00f5tmist ja v\u00f5imalikke k\u00f5rvaltoimeid.<\/p>\n<p>MDR-tuberkuloosi ravi tulemuslikkus s\u00f5ltub mitmetest teguritest. Peamiselt m\u00f5jutavad seda haiguse raskusaste, tuberkuloosit\u00fcve resistentsus, patsiendi vanus ja kaasuvad haigused ning kui h\u00e4sti patsient talub tuberkuloosiravimeid.<\/p>\n<p>MDR-tuberkuloosi ravi eba\u00f5nnestub sagedamini, kui ravimitundliku tuberkuloosi ravi, sest ravimid on v\u00e4hemefektiivsed ja pikem ravikuur on seotud suurema t\u00f5en\u00e4osusega saada k\u00f5rvaltoimeid.<\/p>\n<p>MDR-tuberkuloosi raviks on vajalikud uued ja suurema efektiivsusega ravimid, mida arendatakse \u00fclemaailmselt.<\/p>\n","protected":false},"excerpt":{"rendered":"<p>Mis on multiravimiresistentne tuberkuloos? Multiravimiresistentne tuberkuloos on tekitatud m\u00fckobakterite poolt, mis on mitmetele ravimitele resistentsed. Multiravimiresistentse tuberkuloosi l\u00fchend on MDR (ingl multidrug-resistant tuberculosis). K\u00f5ige sagedamini kasutatavaid ja efektiivsemaid tuberkuloosiravimeid, nagu rifampitsiin ja isoniasiid, ei saa multiravimiresistentse tuberkuloosi korral kasutada. Kui tuberkuloos on resistentne ka fluorokinoloonidele, nimetatakse seda preekstensiivselt resistentseks tuberkuloosiks (pre-XDR-tuberkuloos). Eriti resistentse tuberkuloosi l\u00fchend &#8230; <a title=\"Multiravimiresistentne tuberkuloos\" class=\"read-more\" href=\"https:\/\/tuberkuloosi.fi\/et\/tuberkuloos\/multiravimiresistentne-tuberkuloos\/\">Read more<span class=\"screen-reader-text\">Multiravimiresistentne tuberkuloos<\/span><\/a><\/p>\n","protected":false},"author":1,"featured_media":0,"parent":10,"menu_order":0,"comment_status":"closed","ping_status":"closed","template":"","meta":{"footnotes":""},"class_list":["post-240","page","type-page","status-publish"],"yoast_head":"<!-- This site is optimized with the Yoast SEO plugin v27.5 - https:\/\/yoast.com\/product\/yoast-seo-wordpress\/ -->\n<title>Multiravimiresistentne tuberkuloos - viro<\/title>\n<meta name=\"description\" content=\"Multiravimiresistentne tuberkuloos on tekitatud m\u00fckobakterite poolt, mis on mitmetele ravimitele resistentsed.\" \/>\n<meta name=\"robots\" content=\"index, follow, max-snippet:-1, max-image-preview:large, max-video-preview:-1\" \/>\n<link rel=\"canonical\" href=\"https:\/\/tuberkuloosi.fi\/et\/tuberkuloos\/multiravimiresistentne-tuberkuloos\/\" \/>\n<meta property=\"og:locale\" content=\"en_US\" \/>\n<meta property=\"og:type\" content=\"article\" \/>\n<meta property=\"og:title\" content=\"Multiravimiresistentne tuberkuloos - viro\" \/>\n<meta property=\"og:description\" content=\"Multiravimiresistentne tuberkuloos on tekitatud m\u00fckobakterite poolt, mis on mitmetele ravimitele resistentsed.\" \/>\n<meta property=\"og:url\" content=\"https:\/\/tuberkuloosi.fi\/et\/tuberkuloos\/multiravimiresistentne-tuberkuloos\/\" \/>\n<meta property=\"og:site_name\" content=\"viro\" \/>\n<meta property=\"article:modified_time\" content=\"2022-11-18T10:25:16+00:00\" \/>\n<meta name=\"twitter:card\" content=\"summary_large_image\" \/>\n<meta name=\"twitter:label1\" content=\"Est. reading time\" \/>\n\t<meta name=\"twitter:data1\" content=\"2 minutes\" \/>\n<script type=\"application\/ld+json\" class=\"yoast-schema-graph\">{\"@context\":\"https:\\\/\\\/schema.org\",\"@graph\":[{\"@type\":\"WebPage\",\"@id\":\"https:\\\/\\\/tuberkuloosi.fi\\\/et\\\/tuberkuloos\\\/multiravimiresistentne-tuberkuloos\\\/\",\"url\":\"https:\\\/\\\/tuberkuloosi.fi\\\/et\\\/tuberkuloos\\\/multiravimiresistentne-tuberkuloos\\\/\",\"name\":\"Multiravimiresistentne tuberkuloos - viro\",\"isPartOf\":{\"@id\":\"https:\\\/\\\/tuberkuloosi.fi\\\/et\\\/#website\"},\"datePublished\":\"2022-11-17T14:41:55+00:00\",\"dateModified\":\"2022-11-18T10:25:16+00:00\",\"description\":\"Multiravimiresistentne tuberkuloos on tekitatud m\u00fckobakterite poolt, mis on mitmetele ravimitele resistentsed.\",\"breadcrumb\":{\"@id\":\"https:\\\/\\\/tuberkuloosi.fi\\\/et\\\/tuberkuloos\\\/multiravimiresistentne-tuberkuloos\\\/#breadcrumb\"},\"inLanguage\":\"en-US\",\"potentialAction\":[{\"@type\":\"ReadAction\",\"target\":[\"https:\\\/\\\/tuberkuloosi.fi\\\/et\\\/tuberkuloos\\\/multiravimiresistentne-tuberkuloos\\\/\"]}]},{\"@type\":\"BreadcrumbList\",\"@id\":\"https:\\\/\\\/tuberkuloosi.fi\\\/et\\\/tuberkuloos\\\/multiravimiresistentne-tuberkuloos\\\/#breadcrumb\",\"itemListElement\":[{\"@type\":\"ListItem\",\"position\":1,\"name\":\"Etusivu\",\"item\":\"https:\\\/\\\/tuberkuloosi.fi\\\/et\\\/\"},{\"@type\":\"ListItem\",\"position\":2,\"name\":\"Tuberkuloos\",\"item\":\"https:\\\/\\\/tuberkuloosi.fi\\\/et\\\/tuberkuloos\\\/\"},{\"@type\":\"ListItem\",\"position\":3,\"name\":\"Multiravimiresistentne tuberkuloos\"}]},{\"@type\":\"WebSite\",\"@id\":\"https:\\\/\\\/tuberkuloosi.fi\\\/et\\\/#website\",\"url\":\"https:\\\/\\\/tuberkuloosi.fi\\\/et\\\/\",\"name\":\"viro\",\"description\":\"Tuberkuloos on ravitav, teeme koos!\",\"publisher\":{\"@id\":\"https:\\\/\\\/tuberkuloosi.fi\\\/et\\\/#organization\"},\"potentialAction\":[{\"@type\":\"SearchAction\",\"target\":{\"@type\":\"EntryPoint\",\"urlTemplate\":\"https:\\\/\\\/tuberkuloosi.fi\\\/et\\\/?s={search_term_string}\"},\"query-input\":{\"@type\":\"PropertyValueSpecification\",\"valueRequired\":true,\"valueName\":\"search_term_string\"}}],\"inLanguage\":\"en-US\"},{\"@type\":\"Organization\",\"@id\":\"https:\\\/\\\/tuberkuloosi.fi\\\/et\\\/#organization\",\"name\":\"viro\",\"url\":\"https:\\\/\\\/tuberkuloosi.fi\\\/et\\\/\",\"logo\":{\"@type\":\"ImageObject\",\"inLanguage\":\"en-US\",\"@id\":\"https:\\\/\\\/tuberkuloosi.fi\\\/et\\\/#\\\/schema\\\/logo\\\/image\\\/\",\"url\":\"https:\\\/\\\/tuberkuloosi.fi\\\/et\\\/wp-content\\\/uploads\\\/sites\\\/7\\\/2019\\\/08\\\/cropped-tuberkuloosi.fi-logo1.jpg\",\"contentUrl\":\"https:\\\/\\\/tuberkuloosi.fi\\\/et\\\/wp-content\\\/uploads\\\/sites\\\/7\\\/2019\\\/08\\\/cropped-tuberkuloosi.fi-logo1.jpg\",\"width\":1598,\"height\":321,\"caption\":\"viro\"},\"image\":{\"@id\":\"https:\\\/\\\/tuberkuloosi.fi\\\/et\\\/#\\\/schema\\\/logo\\\/image\\\/\"}}]}<\/script>\n<!-- \/ Yoast SEO plugin. -->","yoast_head_json":{"title":"Multiravimiresistentne tuberkuloos - viro","description":"Multiravimiresistentne tuberkuloos on tekitatud m\u00fckobakterite poolt, mis on mitmetele ravimitele resistentsed.","robots":{"index":"index","follow":"follow","max-snippet":"max-snippet:-1","max-image-preview":"max-image-preview:large","max-video-preview":"max-video-preview:-1"},"canonical":"https:\/\/tuberkuloosi.fi\/et\/tuberkuloos\/multiravimiresistentne-tuberkuloos\/","og_locale":"en_US","og_type":"article","og_title":"Multiravimiresistentne tuberkuloos - viro","og_description":"Multiravimiresistentne tuberkuloos on tekitatud m\u00fckobakterite poolt, mis on mitmetele ravimitele resistentsed.","og_url":"https:\/\/tuberkuloosi.fi\/et\/tuberkuloos\/multiravimiresistentne-tuberkuloos\/","og_site_name":"viro","article_modified_time":"2022-11-18T10:25:16+00:00","twitter_card":"summary_large_image","twitter_misc":{"Est. reading time":"2 minutes"},"schema":{"@context":"https:\/\/schema.org","@graph":[{"@type":"WebPage","@id":"https:\/\/tuberkuloosi.fi\/et\/tuberkuloos\/multiravimiresistentne-tuberkuloos\/","url":"https:\/\/tuberkuloosi.fi\/et\/tuberkuloos\/multiravimiresistentne-tuberkuloos\/","name":"Multiravimiresistentne tuberkuloos - viro","isPartOf":{"@id":"https:\/\/tuberkuloosi.fi\/et\/#website"},"datePublished":"2022-11-17T14:41:55+00:00","dateModified":"2022-11-18T10:25:16+00:00","description":"Multiravimiresistentne tuberkuloos on tekitatud m\u00fckobakterite poolt, mis on mitmetele ravimitele resistentsed.","breadcrumb":{"@id":"https:\/\/tuberkuloosi.fi\/et\/tuberkuloos\/multiravimiresistentne-tuberkuloos\/#breadcrumb"},"inLanguage":"en-US","potentialAction":[{"@type":"ReadAction","target":["https:\/\/tuberkuloosi.fi\/et\/tuberkuloos\/multiravimiresistentne-tuberkuloos\/"]}]},{"@type":"BreadcrumbList","@id":"https:\/\/tuberkuloosi.fi\/et\/tuberkuloos\/multiravimiresistentne-tuberkuloos\/#breadcrumb","itemListElement":[{"@type":"ListItem","position":1,"name":"Etusivu","item":"https:\/\/tuberkuloosi.fi\/et\/"},{"@type":"ListItem","position":2,"name":"Tuberkuloos","item":"https:\/\/tuberkuloosi.fi\/et\/tuberkuloos\/"},{"@type":"ListItem","position":3,"name":"Multiravimiresistentne tuberkuloos"}]},{"@type":"WebSite","@id":"https:\/\/tuberkuloosi.fi\/et\/#website","url":"https:\/\/tuberkuloosi.fi\/et\/","name":"viro","description":"Tuberkuloos on ravitav, teeme koos!","publisher":{"@id":"https:\/\/tuberkuloosi.fi\/et\/#organization"},"potentialAction":[{"@type":"SearchAction","target":{"@type":"EntryPoint","urlTemplate":"https:\/\/tuberkuloosi.fi\/et\/?s={search_term_string}"},"query-input":{"@type":"PropertyValueSpecification","valueRequired":true,"valueName":"search_term_string"}}],"inLanguage":"en-US"},{"@type":"Organization","@id":"https:\/\/tuberkuloosi.fi\/et\/#organization","name":"viro","url":"https:\/\/tuberkuloosi.fi\/et\/","logo":{"@type":"ImageObject","inLanguage":"en-US","@id":"https:\/\/tuberkuloosi.fi\/et\/#\/schema\/logo\/image\/","url":"https:\/\/tuberkuloosi.fi\/et\/wp-content\/uploads\/sites\/7\/2019\/08\/cropped-tuberkuloosi.fi-logo1.jpg","contentUrl":"https:\/\/tuberkuloosi.fi\/et\/wp-content\/uploads\/sites\/7\/2019\/08\/cropped-tuberkuloosi.fi-logo1.jpg","width":1598,"height":321,"caption":"viro"},"image":{"@id":"https:\/\/tuberkuloosi.fi\/et\/#\/schema\/logo\/image\/"}}]}},"_links":{"self":[{"href":"https:\/\/tuberkuloosi.fi\/et\/wp-json\/wp\/v2\/pages\/240","targetHints":{"allow":["GET"]}}],"collection":[{"href":"https:\/\/tuberkuloosi.fi\/et\/wp-json\/wp\/v2\/pages"}],"about":[{"href":"https:\/\/tuberkuloosi.fi\/et\/wp-json\/wp\/v2\/types\/page"}],"author":[{"embeddable":true,"href":"https:\/\/tuberkuloosi.fi\/et\/wp-json\/wp\/v2\/users\/1"}],"replies":[{"embeddable":true,"href":"https:\/\/tuberkuloosi.fi\/et\/wp-json\/wp\/v2\/comments?post=240"}],"version-history":[{"count":2,"href":"https:\/\/tuberkuloosi.fi\/et\/wp-json\/wp\/v2\/pages\/240\/revisions"}],"predecessor-version":[{"id":249,"href":"https:\/\/tuberkuloosi.fi\/et\/wp-json\/wp\/v2\/pages\/240\/revisions\/249"}],"up":[{"embeddable":true,"href":"https:\/\/tuberkuloosi.fi\/et\/wp-json\/wp\/v2\/pages\/10"}],"wp:attachment":[{"href":"https:\/\/tuberkuloosi.fi\/et\/wp-json\/wp\/v2\/media?parent=240"}],"curies":[{"name":"wp","href":"https:\/\/api.w.org\/{rel}","templated":true}]}}