{"id":256,"date":"2022-11-24T12:27:39","date_gmt":"2022-11-24T12:27:39","guid":{"rendered":"https:\/\/tuberkuloosi.fi\/et\/?page_id=256"},"modified":"2022-11-24T12:29:26","modified_gmt":"2022-11-24T12:29:26","slug":"rontgeniulesvote-rindkerest","status":"publish","type":"page","link":"https:\/\/tuberkuloosi.fi\/et\/abi\/rontgeniulesvote-rindkerest\/","title":{"rendered":"R\u00f6ntgeni\u00fclesv\u00f5te rindkerest"},"content":{"rendered":"<p>Sellelt lehek\u00fcljelt on v\u00f5imalik leida illustratiivseid juhiseid rindkere r\u00f6ntgeni\u00fclesv\u00f5tte kohta PDF-vormis.<\/p>\n<p><a href=\"http:\/\/tuberkuloosi.fi\/et\/wp-content\/uploads\/sites\/7\/2016\/11\/Collection-of-sputum-samples-for-TB_ET.pdf\" target=\"_blank\" rel=\"noopener\">R\u00f6gaproovide v\u00f5tmine tuberkuloosi anal\u00fc\u00fcsideks<\/a><\/p>\n","protected":false},"excerpt":{"rendered":"<p>Sellelt lehek\u00fcljelt on v\u00f5imalik leida illustratiivseid juhiseid rindkere r\u00f6ntgeni\u00fclesv\u00f5tte kohta PDF-vormis. R\u00f6gaproovide v\u00f5tmine tuberkuloosi anal\u00fc\u00fcsideks<\/p>\n","protected":false},"author":1,"featured_media":0,"parent":50,"menu_order":0,"comment_status":"closed","ping_status":"closed","template":"","meta":{"footnotes":""},"class_list":["post-256","page","type-page","status-publish"],"yoast_head":"<!-- This site is optimized with the Yoast SEO plugin v27.5 - https:\/\/yoast.com\/product\/yoast-seo-wordpress\/ -->\n<title>R\u00f6ntgeni\u00fclesv\u00f5te rindkerest - viro<\/title>\n<meta name=\"robots\" content=\"index, follow, max-snippet:-1, max-image-preview:large, max-video-preview:-1\" \/>\n<link rel=\"canonical\" href=\"https:\/\/tuberkuloosi.fi\/et\/abi\/rontgeniulesvote-rindkerest\/\" \/>\n<meta property=\"og:locale\" content=\"en_US\" \/>\n<meta property=\"og:type\" content=\"article\" \/>\n<meta property=\"og:title\" content=\"R\u00f6ntgeni\u00fclesv\u00f5te rindkerest - viro\" \/>\n<meta property=\"og:description\" content=\"Sellelt lehek\u00fcljelt on v\u00f5imalik leida illustratiivseid juhiseid rindkere r\u00f6ntgeni\u00fclesv\u00f5tte kohta PDF-vormis. R\u00f6gaproovide v\u00f5tmine tuberkuloosi anal\u00fc\u00fcsideks\" \/>\n<meta property=\"og:url\" content=\"https:\/\/tuberkuloosi.fi\/et\/abi\/rontgeniulesvote-rindkerest\/\" \/>\n<meta property=\"og:site_name\" content=\"viro\" \/>\n<meta property=\"article:modified_time\" content=\"2022-11-24T12:29:26+00:00\" \/>\n<meta name=\"twitter:card\" content=\"summary_large_image\" \/>\n<script type=\"application\/ld+json\" class=\"yoast-schema-graph\">{\"@context\":\"https:\\\/\\\/schema.org\",\"@graph\":[{\"@type\":\"WebPage\",\"@id\":\"https:\\\/\\\/tuberkuloosi.fi\\\/et\\\/abi\\\/rontgeniulesvote-rindkerest\\\/\",\"url\":\"https:\\\/\\\/tuberkuloosi.fi\\\/et\\\/abi\\\/rontgeniulesvote-rindkerest\\\/\",\"name\":\"R\u00f6ntgeni\u00fclesv\u00f5te rindkerest - viro\",\"isPartOf\":{\"@id\":\"https:\\\/\\\/tuberkuloosi.fi\\\/et\\\/#website\"},\"datePublished\":\"2022-11-24T12:27:39+00:00\",\"dateModified\":\"2022-11-24T12:29:26+00:00\",\"breadcrumb\":{\"@id\":\"https:\\\/\\\/tuberkuloosi.fi\\\/et\\\/abi\\\/rontgeniulesvote-rindkerest\\\/#breadcrumb\"},\"inLanguage\":\"en-US\",\"potentialAction\":[{\"@type\":\"ReadAction\",\"target\":[\"https:\\\/\\\/tuberkuloosi.fi\\\/et\\\/abi\\\/rontgeniulesvote-rindkerest\\\/\"]}]},{\"@type\":\"BreadcrumbList\",\"@id\":\"https:\\\/\\\/tuberkuloosi.fi\\\/et\\\/abi\\\/rontgeniulesvote-rindkerest\\\/#breadcrumb\",\"itemListElement\":[{\"@type\":\"ListItem\",\"position\":1,\"name\":\"Etusivu\",\"item\":\"https:\\\/\\\/tuberkuloosi.fi\\\/et\\\/\"},{\"@type\":\"ListItem\",\"position\":2,\"name\":\"Abi\",\"item\":\"https:\\\/\\\/tuberkuloosi.fi\\\/et\\\/abi\\\/\"},{\"@type\":\"ListItem\",\"position\":3,\"name\":\"R\u00f6ntgeni\u00fclesv\u00f5te rindkerest\"}]},{\"@type\":\"WebSite\",\"@id\":\"https:\\\/\\\/tuberkuloosi.fi\\\/et\\\/#website\",\"url\":\"https:\\\/\\\/tuberkuloosi.fi\\\/et\\\/\",\"name\":\"viro\",\"description\":\"Tuberkuloos on ravitav, teeme koos!\",\"publisher\":{\"@id\":\"https:\\\/\\\/tuberkuloosi.fi\\\/et\\\/#organization\"},\"potentialAction\":[{\"@type\":\"SearchAction\",\"target\":{\"@type\":\"EntryPoint\",\"urlTemplate\":\"https:\\\/\\\/tuberkuloosi.fi\\\/et\\\/?s={search_term_string}\"},\"query-input\":{\"@type\":\"PropertyValueSpecification\",\"valueRequired\":true,\"valueName\":\"search_term_string\"}}],\"inLanguage\":\"en-US\"},{\"@type\":\"Organization\",\"@id\":\"https:\\\/\\\/tuberkuloosi.fi\\\/et\\\/#organization\",\"name\":\"viro\",\"url\":\"https:\\\/\\\/tuberkuloosi.fi\\\/et\\\/\",\"logo\":{\"@type\":\"ImageObject\",\"inLanguage\":\"en-US\",\"@id\":\"https:\\\/\\\/tuberkuloosi.fi\\\/et\\\/#\\\/schema\\\/logo\\\/image\\\/\",\"url\":\"https:\\\/\\\/tuberkuloosi.fi\\\/et\\\/wp-content\\\/uploads\\\/sites\\\/7\\\/2019\\\/08\\\/cropped-tuberkuloosi.fi-logo1.jpg\",\"contentUrl\":\"https:\\\/\\\/tuberkuloosi.fi\\\/et\\\/wp-content\\\/uploads\\\/sites\\\/7\\\/2019\\\/08\\\/cropped-tuberkuloosi.fi-logo1.jpg\",\"width\":1598,\"height\":321,\"caption\":\"viro\"},\"image\":{\"@id\":\"https:\\\/\\\/tuberkuloosi.fi\\\/et\\\/#\\\/schema\\\/logo\\\/image\\\/\"}}]}<\/script>\n<!-- \/ Yoast SEO plugin. -->","yoast_head_json":{"title":"R\u00f6ntgeni\u00fclesv\u00f5te rindkerest - viro","robots":{"index":"index","follow":"follow","max-snippet":"max-snippet:-1","max-image-preview":"max-image-preview:large","max-video-preview":"max-video-preview:-1"},"canonical":"https:\/\/tuberkuloosi.fi\/et\/abi\/rontgeniulesvote-rindkerest\/","og_locale":"en_US","og_type":"article","og_title":"R\u00f6ntgeni\u00fclesv\u00f5te rindkerest - viro","og_description":"Sellelt lehek\u00fcljelt on v\u00f5imalik leida illustratiivseid juhiseid rindkere r\u00f6ntgeni\u00fclesv\u00f5tte kohta PDF-vormis. R\u00f6gaproovide v\u00f5tmine tuberkuloosi anal\u00fc\u00fcsideks","og_url":"https:\/\/tuberkuloosi.fi\/et\/abi\/rontgeniulesvote-rindkerest\/","og_site_name":"viro","article_modified_time":"2022-11-24T12:29:26+00:00","twitter_card":"summary_large_image","schema":{"@context":"https:\/\/schema.org","@graph":[{"@type":"WebPage","@id":"https:\/\/tuberkuloosi.fi\/et\/abi\/rontgeniulesvote-rindkerest\/","url":"https:\/\/tuberkuloosi.fi\/et\/abi\/rontgeniulesvote-rindkerest\/","name":"R\u00f6ntgeni\u00fclesv\u00f5te rindkerest - viro","isPartOf":{"@id":"https:\/\/tuberkuloosi.fi\/et\/#website"},"datePublished":"2022-11-24T12:27:39+00:00","dateModified":"2022-11-24T12:29:26+00:00","breadcrumb":{"@id":"https:\/\/tuberkuloosi.fi\/et\/abi\/rontgeniulesvote-rindkerest\/#breadcrumb"},"inLanguage":"en-US","potentialAction":[{"@type":"ReadAction","target":["https:\/\/tuberkuloosi.fi\/et\/abi\/rontgeniulesvote-rindkerest\/"]}]},{"@type":"BreadcrumbList","@id":"https:\/\/tuberkuloosi.fi\/et\/abi\/rontgeniulesvote-rindkerest\/#breadcrumb","itemListElement":[{"@type":"ListItem","position":1,"name":"Etusivu","item":"https:\/\/tuberkuloosi.fi\/et\/"},{"@type":"ListItem","position":2,"name":"Abi","item":"https:\/\/tuberkuloosi.fi\/et\/abi\/"},{"@type":"ListItem","position":3,"name":"R\u00f6ntgeni\u00fclesv\u00f5te rindkerest"}]},{"@type":"WebSite","@id":"https:\/\/tuberkuloosi.fi\/et\/#website","url":"https:\/\/tuberkuloosi.fi\/et\/","name":"viro","description":"Tuberkuloos on ravitav, teeme koos!","publisher":{"@id":"https:\/\/tuberkuloosi.fi\/et\/#organization"},"potentialAction":[{"@type":"SearchAction","target":{"@type":"EntryPoint","urlTemplate":"https:\/\/tuberkuloosi.fi\/et\/?s={search_term_string}"},"query-input":{"@type":"PropertyValueSpecification","valueRequired":true,"valueName":"search_term_string"}}],"inLanguage":"en-US"},{"@type":"Organization","@id":"https:\/\/tuberkuloosi.fi\/et\/#organization","name":"viro","url":"https:\/\/tuberkuloosi.fi\/et\/","logo":{"@type":"ImageObject","inLanguage":"en-US","@id":"https:\/\/tuberkuloosi.fi\/et\/#\/schema\/logo\/image\/","url":"https:\/\/tuberkuloosi.fi\/et\/wp-content\/uploads\/sites\/7\/2019\/08\/cropped-tuberkuloosi.fi-logo1.jpg","contentUrl":"https:\/\/tuberkuloosi.fi\/et\/wp-content\/uploads\/sites\/7\/2019\/08\/cropped-tuberkuloosi.fi-logo1.jpg","width":1598,"height":321,"caption":"viro"},"image":{"@id":"https:\/\/tuberkuloosi.fi\/et\/#\/schema\/logo\/image\/"}}]}},"_links":{"self":[{"href":"https:\/\/tuberkuloosi.fi\/et\/wp-json\/wp\/v2\/pages\/256","targetHints":{"allow":["GET"]}}],"collection":[{"href":"https:\/\/tuberkuloosi.fi\/et\/wp-json\/wp\/v2\/pages"}],"about":[{"href":"https:\/\/tuberkuloosi.fi\/et\/wp-json\/wp\/v2\/types\/page"}],"author":[{"embeddable":true,"href":"https:\/\/tuberkuloosi.fi\/et\/wp-json\/wp\/v2\/users\/1"}],"replies":[{"embeddable":true,"href":"https:\/\/tuberkuloosi.fi\/et\/wp-json\/wp\/v2\/comments?post=256"}],"version-history":[{"count":4,"href":"https:\/\/tuberkuloosi.fi\/et\/wp-json\/wp\/v2\/pages\/256\/revisions"}],"predecessor-version":[{"id":260,"href":"https:\/\/tuberkuloosi.fi\/et\/wp-json\/wp\/v2\/pages\/256\/revisions\/260"}],"up":[{"embeddable":true,"href":"https:\/\/tuberkuloosi.fi\/et\/wp-json\/wp\/v2\/pages\/50"}],"wp:attachment":[{"href":"https:\/\/tuberkuloosi.fi\/et\/wp-json\/wp\/v2\/media?parent=256"}],"curies":[{"name":"wp","href":"https:\/\/api.w.org\/{rel}","templated":true}]}}