{"id":277,"date":"2022-11-24T13:47:04","date_gmt":"2022-11-24T13:47:04","guid":{"rendered":"https:\/\/tuberkuloosi.fi\/et\/?page_id=277"},"modified":"2022-11-24T13:51:00","modified_gmt":"2022-11-24T13:51:00","slug":"kontaktsete-valjaselgitamine","status":"publish","type":"page","link":"https:\/\/tuberkuloosi.fi\/et\/kas-mina-olen-ohus\/kontaktsete-valjaselgitamine\/","title":{"rendered":"Kontaktsete v\u00e4ljaselgitamine"},"content":{"rendered":"<h3>Kontaktsete v\u00e4ljaselgitamine &#8211; mida see t\u00e4hendab?<\/h3>\n<p>Tuberkuloos on \u00fcldiselt ohtlik nakkushaigus. See ei tohi levida. Nakkushaiguste seadus s\u00e4testab, et tervishoiuspetsialistid peavad ennetama tuberkuloosi levikut rahva seas. Seda viiakse l\u00e4bi kontaktsete v\u00e4ljaselgitamisega. Kontaktsete v\u00e4ljaselgitamist alustatakse haiglas ja j\u00e4tkatakse tervisekeskuses. Kohalike omavalitsuste ja haiglapiirkondade nakkushaiguste eest vastutavad arstid j\u00e4lgivad kontaktsete v\u00e4ljaselgitamise tulemusi ning kui vaja, siis v\u00f5tavad selleks kasutusele t\u00e4iendavaid meetmeid.<\/p>\n<p>Kontaktsete v\u00e4ljaselgitamise eesm\u00e4rk on leida \u00fcles teised tuberkuloosihaiged ja ka need, kes <a href=\"https:\/\/tuberkuloosi.fi\/et\/tuberkuloos\/tuberkuloosi-nakatumine-ja-podemine\/\">on nakatunud<\/a> ning saaksid kasu prof\u00fclaktilisest ravist. Juhul kui haigestub laps v\u00f5i noor t\u00e4iskasvanu, siis otsitakse \u00fcles nakkusallikas.<\/p>\n<h3>Kuidas kontaktsete v\u00e4ljaselgitamist l\u00e4bi viiakse?<\/h3>\n<p>Tavaliselt algatatakse kontaktsete v\u00e4ljaselgitamist siis, kui patsiendil diagnoositakse kopsutuberkuloos.<\/p>\n<p>Tuberkuloosihaige kontaktsete v\u00e4ljaselgitamise meetodid valitakse vastavalt haiguse nakatumisv\u00f5imelisusele.<\/p>\n<p>Nakkusohtliku perioodi kestus s\u00f5ltub sellest, kui kui kaua on haigel esinenud hingamiselundite poolseid kaebuseid ja kui ulatuslikud on muutused kopsude r\u00f6ntgeni\u00fclesv\u00f5ttel. Nakkusohtliku perioodi pikkus v\u00f5ib varieeruda m\u00f5nest n\u00e4dalast m\u00f5ne aastani. Tavaliselt on see umbes kolm kuud.<\/p>\n<p>Vastavalt <a href=\"https:\/\/finlex.fi\/en\/laki\/kaannokset\/2016\/en20161227?search%5Btype%5D=pika&amp;search%5Bkieli%5D%5B0%5D=en&amp;search%5Bpika%5D=communicable\" target=\"_blank\" rel=\"noopener\">nakkushaiguste seadusele (<\/a><a href=\"https:\/\/finlex.fi\/en\/laki\/kaannokset\/2016\/en20161227?search%5Btype%5D=pika&amp;search%5Bkieli%5D%5B0%5D=en&amp;search%5Bpika%5D=communicable\">\u00a722)<\/a> peab haigestunud inimene avaldama isikute nimed, kes v\u00f5ivad olla nakkusallikaks v\u00f5i v\u00f5ivad olla saanud nakkuse. Haigla meditsiinipersonal k\u00fcsitleb patsienti selle suhtes, kes v\u00f5ivad olla haigega kokku puutunud inimesed. Kogutakse nende nimed ja kontaktandmed. Kontaktsed on need inimesed, kellel on olnud haigega palju kokkupuudet nakkusohtliku perioodi ajal.<\/p>\n<ul>\n<li>Tuberkuloosihaige pereliikmed ja inimesed, kes elavad temaga samas majapidamises<\/li>\n<li>Teised inimesed ja r\u00fchmad, nagu s\u00f5brad, sugulased, t\u00f6\u00f6- ja koolikaaslased ning inimesed huviringidest<\/li>\n<\/ul>\n<p>Nende isikute nimede avaldamisega aitab tuberkuloosihaige neil j\u00e4\u00e4da terveks. Need andmed on konfidentsiaalsed. Haige nime ei avaldata nendele inimestele, kes kutsutakse kontrolli.<\/p>\n<p>Ei ole vajalik uurida k\u00f5iki haigega kokku puutunud inimesi. Pereliikmeid kontrollitakse alati. Teiste puhul hinnatakse kontrolli vajadust juhup\u00f5hiselt siseruumides kokkupuute aja j\u00e4rgi.<\/p>\n<p>Inimesed, kes kutsutakse kontrolli:<\/p>\n<p>Alati<\/p>\n<ul>\n<li>Tuberkuloosihaige pereliikmed ja teised samas majapidamises elavad inimesed. Pereliikmetena peetakse silmas ka vanavanemaid ja teisi l\u00e4hedasi, kes veedavad perega palju aega koos. Alla 7-aastased lapsed kutsutakse kontrolli nii kiiresti kui v\u00f5imalik. Alla 5-aastased vaktsineerimata lapsed on enim ohustatud tuberkuloosi haigestumisest p\u00e4rast v\u00f5imalikku nakatumist. Neil v\u00f5ib tekkida ka tuberkuloosi raskeid vorme.<\/li>\n<\/ul>\n<p>Lisaks<\/p>\n<ul>\n<li>Juhul kui nakatumise risk on suur, kutsutakse uuringuteks j\u00e4rgmised mitte-pereliikmed: alla 7-aastased, kes on tuberkuloosihaigega kokku puutunud v\u00e4hemalt 8 tundi, ja need \u00fcle 7-aasta vanused inimesed, kes on kokku puutunud v\u00e4hemalt 40 tundi.<\/li>\n<\/ul>\n<p>Kui nakkuse \u00fclekandumise risk on madal, kutsutakse uuringutele alla 7-aastased perekonda mittekuuluvad lapsed, kes on kokku puutunud v\u00e4hemalt 40 tundi.<\/p>\n<p>Selgitatakse v\u00e4lja, milliseid meditsiinilisi toiminguid on tehtud tuberkuloosi haigestunul nakkusohtliku perioodi ajal, ning hinnatakse, kas esines olukordi (nt operatsioon) v\u00f5i riskiprotseduure (nt bronhoskoopia, taaselustamine, intubeerimine, indutseeritud r\u00f6gaproovi v\u00f5tmine, hingamisteede aspiratsioon, lahang, spiromeetria ja hambaravi), mis p\u00f5hjustavad nakkusohtu meditsiinit\u00f6\u00f6tajale.<\/p>\n<h3>Kuidas edastatakse tuberkuloosiga kokkupuutunute andmeid?<\/h3>\n<p>Kontaktsete nimed ja kontaktandmed talletatakse haiglas kontaksete v\u00e4ljaselgitamise kaardile ja saadetakse elukohaj\u00e4rgse tervisekeskuse nakkushaiguste eest vastutavale arstile. Nendest, kes on tuberkuloosiga kokku puutunud t\u00f6\u00f6kohal, antakse samal viisil teada t\u00f6\u00f6tervishoiuasutusele.<\/p>\n<h3>Kus uuritakse kontaktseid ja mis uuringuid tehakse?<\/h3>\n<p>Uuringute kord varieerub omavalitsuste vahel. Tavaliselt saadetakse kontaktsetele haiglast v\u00f5i tervisekeskusest kiri ja k\u00fcsimustik ning palutakse registreerida vastuv\u00f5tu v\u00f5i telefonik\u00f5ne aeg\u00a0 tervise- v\u00f5i t\u00f6\u00f6tervishoiu keskusesse.<\/p>\n<p>T\u00e4iskasvanute uurimine viiakse l\u00e4bi tavaliselt tervisekeskuses. Eelkooliealised ja v\u00e4ikelapsed ning teatud haigustega v\u00f5i tuberkuloosi haigestumise riski t\u00f5stvaid ravimeid kasutavad inimesed uuritakse haiglas.<\/p>\n<p>K\u00f5igile kontaktsetele tehakse rindkere r\u00f6ntgenuuring ja antakse teavet tuberkuloosi kohta. Tuberkuloosile viitavate s\u00fcmptomite olemasolul tehakse t\u00e4psustavad uuringud esimesel v\u00f5imalusel.<\/p>\n<p>Alla 35-aastastele\u00a0 tehakse vereanal\u00fc\u00fcs (IGRA, B-TbIFNg) 2 kuud p\u00e4rast viimast kokkupuudet tuberkuloosihaigega. See anal\u00fc\u00fcs n\u00e4itab, kas organism on kokku puutunud tuberkuloosibakteriga. Tervetel inimestel viitab v\u00e4\u00e4rtus \u2265 1 IU\/ml tuberkuloosibakteriga nakatumisele. Nendele inimestele v\u00f5ib m\u00e4\u00e4rata haigestumist ennetavat ravi (latentse tuberkuloosi ravi). Selle anal\u00fc\u00fcsiga ei saa ennustada, kes haigestuvad tuberkuloosi. Ravi alustamise suhtes hindamine ja otsus tehakse haiglas eriarsti poolt.<\/p>\n<h3>Miks ei tehta IGRA-testi k\u00f5igile kokkupuutunutele?<\/h3>\n<p>IGRA-testi tehakse ainult neile, kellele planeeritakse haigestumist ennetavat ravi.<\/p>\n<p>\u00dcle 35-aastastele ei soovitata prof\u00fclaktilist ravi, kuna neil on suurem risk ravimitest p\u00f5hjustatud hepatiidi tekkeks, kui noorematel inimestel. Ravi alustatakse siiski nendel \u00fcle 35-aastastel, kellel on muu tuberkuloosi haigestumise riski t\u00f5stev haigus v\u00f5i ravi. Sellisel juhul on latentse tuberkuloosi raviga kaasnev v\u00f5imalik kahju aktsepteeritav.<\/p>\n<h3>Miks on terve inimese IGRA-testi tulemuse piir, millega alustatakse latentse tuberkuloosi ravi, 1.0, kuigi labor annab positiivse tulemuse v\u00e4\u00e4rtusega 0.35?<\/h3>\n<p>Negatiivne testi tulemus (&lt;0.35) v\u00e4listab tervel tuberkuloosiga kokku puutunud inimesel usaldusv\u00e4\u00e4rselt tuberkuloosinakkuse. Positiivse testi tulemuse t\u00f5lgendamine on keerulisem. Teadaolevalt on testi tootja piirv\u00e4\u00e4rtusele l\u00e4hedal olevad tulemused v\u00e4ga varieeruvad mitmel p\u00f5hjusel. Seep\u00e4rast on valepositiivne tulemus v\u00f5imalik. Uuringud on n\u00e4idanud suurenenud riski tuberkuloosi tekkeks vahemikus 1.0-4.0.<\/p>\n<p>Soomes on tuberkuloosiekspertide meeskond andnud sellise soovituse, et latentse tuberkuloosi ravi saaksid suurema t\u00f5en\u00e4osusega need inimesed, kes p\u00e4riselt on tuberkuloosiga nakatunud ja saaksid ennetavast ravist kasu. Inimestel, kellel on suurem risk tuberkuloosi haigestumiseks (immuuns\u00fcsteemi n\u00f5rgestavad haigused ja ravi), on positiivse tulemuse piiriks 0.35.<\/p>\n<h3>Kuidas ravitakse latentset tuberkuloosi?<\/h3>\n<p>Latentse tuberkuloosi ravimisel saab enamikul juhtudest \u00e4ra hoida selle arenemist aktiivseks tuberkuloosiks. Ravimisel kasutatakse 1-2 tuberkuloosivastast ravimit. Ravi kestab tavaliselt 3 kuud (2 ravimiga) v\u00f5i 6-9 kuud (\u00fche ravimiga).<\/p>\n<p>Raviotsus tehakse p\u00e4rast individuaalset kaalutlust ja arutelu. Ravi m\u00e4\u00e4ratakse ainult inimesele, kes seda soovib ja kes on valmis ravisse t\u00f5siselt suhtuma. Ravi alustamise otsust m\u00f5jutab oluliselt individuaalne riskihinnang ravimite k\u00f5rvaltoimete tekke suhtes. Ravi alustatakse ja j\u00e4lgitakse eriarsti juures ning on patsiendile tasuta.<\/p>\n<h3>Kes vajavad korduvat r\u00f6ntgenuuringut?<\/h3>\n<p>Korduv r\u00f6ntgenipilt tehakse p\u00e4rast \u00fchte aastat ainult j\u00e4rgmistel juhtudel:<\/p>\n<ul>\n<li>tuberkuloosiga kokku puutunud inimene on \u00fcle 35-aastane ja on pereliige v\u00f5i osalenud riskiprotseduuril,<\/li>\n<li>inimesel on diagnoositud latentne tuberkuloos ja erinevatel asjaoludel ei ole saanud ravi. Kui inimene on puutunud kokku ravimiresistentse tuberkuloosiga v\u00f5i tal on s\u00f5ltuvusprobleem, j\u00e4lgitakse teda rindkere r\u00f6ntgeni\u00fclesv\u00f5tetega 2 aastat.<\/li>\n<\/ul>\n<h3>Kui palju uuringud maksavad?<\/h3>\n<p>K\u00f5ik tuberkuloosi t\u00f5ttu tehtud uuringud ja ravi on vastavalt Soome sotsiaalhoolekande ja tervishoiu klienditasude seadusele patsiendile tasuta. Tegelik kulu ambulatoorsetele visiitidele, uuringutele ja ravimitele on umbes 1 400\u20ac.<\/p>\n<h3>Mida veel peaks kontaktne meeles pidama?<\/h3>\n<p>T\u00e4htis on meeles pidada, et te olete tuberkuloosiga kokku puutunud. Tulevikus mainige seda teid ravivatele\u00a0 tervishoiut\u00f6\u00f6tajatele. On v\u00f5imalik haigestuda tuberkuloosi alles aastak\u00fcmneid hiljem p\u00e4rast kokkupuudet. V\u00f5tke \u00fchendust arstiga, et uurida end v\u00f5imaliku tuberkuloosi suhtes, kui Teil esineb j\u00e4rgmisi s\u00fcmptomeid:<\/p>\n<ul>\n<li>pikaajaline k\u00f6ha, r\u00f6gaeritus, mis kestab \u00fcle 3 n\u00e4dala,<\/li>\n<li>madal v\u00f5i k\u00f5rge palavik, millele ei leidu seletust,<\/li>\n<li>isu kadumine, tahtmatu kaalulangus,<\/li>\n<li>tavatult tugev v\u00e4simus,<\/li>\n<li>ebatavaline \u00f6ine higistamine.<\/li>\n<\/ul>\n<p>&nbsp;<\/p>\n","protected":false},"excerpt":{"rendered":"<p>Kontaktsete v\u00e4ljaselgitamine &#8211; mida see t\u00e4hendab? Tuberkuloos on \u00fcldiselt ohtlik nakkushaigus. See ei tohi levida. Nakkushaiguste seadus s\u00e4testab, et tervishoiuspetsialistid peavad ennetama tuberkuloosi levikut rahva seas. Seda viiakse l\u00e4bi kontaktsete v\u00e4ljaselgitamisega. Kontaktsete v\u00e4ljaselgitamist alustatakse haiglas ja j\u00e4tkatakse tervisekeskuses. Kohalike omavalitsuste ja haiglapiirkondade nakkushaiguste eest vastutavad arstid j\u00e4lgivad kontaktsete v\u00e4ljaselgitamise tulemusi ning kui vaja, siis v\u00f5tavad &#8230; <a title=\"Kontaktsete v\u00e4ljaselgitamine\" class=\"read-more\" href=\"https:\/\/tuberkuloosi.fi\/et\/kas-mina-olen-ohus\/kontaktsete-valjaselgitamine\/\">Read more<span class=\"screen-reader-text\">Kontaktsete v\u00e4ljaselgitamine<\/span><\/a><\/p>\n","protected":false},"author":1,"featured_media":0,"parent":117,"menu_order":0,"comment_status":"closed","ping_status":"closed","template":"","meta":{"footnotes":""},"class_list":["post-277","page","type-page","status-publish"],"yoast_head":"<!-- This site is optimized with the Yoast SEO plugin v27.5 - https:\/\/yoast.com\/product\/yoast-seo-wordpress\/ -->\n<title>Kontaktsete v\u00e4ljaselgitamine - viro<\/title>\n<meta name=\"description\" content=\"Kontaktsete v\u00e4ljaselgitamise eesm\u00e4rk on leida \u00fcles teised tuberkuloosihaiged ja ka need, kes on nakatunud ning saaksid kasu prof\u00fclaktilisest ravist.\" \/>\n<meta name=\"robots\" content=\"index, follow, max-snippet:-1, max-image-preview:large, max-video-preview:-1\" \/>\n<link rel=\"canonical\" href=\"https:\/\/tuberkuloosi.fi\/et\/kas-mina-olen-ohus\/kontaktsete-valjaselgitamine\/\" \/>\n<meta property=\"og:locale\" content=\"en_US\" \/>\n<meta property=\"og:type\" content=\"article\" \/>\n<meta property=\"og:title\" content=\"Kontaktsete v\u00e4ljaselgitamine - viro\" \/>\n<meta property=\"og:description\" content=\"Kontaktsete v\u00e4ljaselgitamise eesm\u00e4rk on leida \u00fcles teised tuberkuloosihaiged ja ka need, kes on nakatunud ning saaksid kasu prof\u00fclaktilisest ravist.\" \/>\n<meta property=\"og:url\" content=\"https:\/\/tuberkuloosi.fi\/et\/kas-mina-olen-ohus\/kontaktsete-valjaselgitamine\/\" \/>\n<meta property=\"og:site_name\" content=\"viro\" \/>\n<meta property=\"article:modified_time\" content=\"2022-11-24T13:51:00+00:00\" \/>\n<meta name=\"twitter:card\" content=\"summary_large_image\" \/>\n<meta name=\"twitter:label1\" content=\"Est. reading time\" \/>\n\t<meta name=\"twitter:data1\" content=\"6 minutes\" \/>\n<script type=\"application\/ld+json\" class=\"yoast-schema-graph\">{\"@context\":\"https:\\\/\\\/schema.org\",\"@graph\":[{\"@type\":\"WebPage\",\"@id\":\"https:\\\/\\\/tuberkuloosi.fi\\\/et\\\/kas-mina-olen-ohus\\\/kontaktsete-valjaselgitamine\\\/\",\"url\":\"https:\\\/\\\/tuberkuloosi.fi\\\/et\\\/kas-mina-olen-ohus\\\/kontaktsete-valjaselgitamine\\\/\",\"name\":\"Kontaktsete v\u00e4ljaselgitamine - viro\",\"isPartOf\":{\"@id\":\"https:\\\/\\\/tuberkuloosi.fi\\\/et\\\/#website\"},\"datePublished\":\"2022-11-24T13:47:04+00:00\",\"dateModified\":\"2022-11-24T13:51:00+00:00\",\"description\":\"Kontaktsete v\u00e4ljaselgitamise eesm\u00e4rk on leida \u00fcles teised tuberkuloosihaiged ja ka need, kes on nakatunud ning saaksid kasu prof\u00fclaktilisest ravist.\",\"breadcrumb\":{\"@id\":\"https:\\\/\\\/tuberkuloosi.fi\\\/et\\\/kas-mina-olen-ohus\\\/kontaktsete-valjaselgitamine\\\/#breadcrumb\"},\"inLanguage\":\"en-US\",\"potentialAction\":[{\"@type\":\"ReadAction\",\"target\":[\"https:\\\/\\\/tuberkuloosi.fi\\\/et\\\/kas-mina-olen-ohus\\\/kontaktsete-valjaselgitamine\\\/\"]}]},{\"@type\":\"BreadcrumbList\",\"@id\":\"https:\\\/\\\/tuberkuloosi.fi\\\/et\\\/kas-mina-olen-ohus\\\/kontaktsete-valjaselgitamine\\\/#breadcrumb\",\"itemListElement\":[{\"@type\":\"ListItem\",\"position\":1,\"name\":\"Etusivu\",\"item\":\"https:\\\/\\\/tuberkuloosi.fi\\\/et\\\/\"},{\"@type\":\"ListItem\",\"position\":2,\"name\":\"Kas mina olen ohus?\",\"item\":\"https:\\\/\\\/tuberkuloosi.fi\\\/et\\\/kas-mina-olen-ohus\\\/\"},{\"@type\":\"ListItem\",\"position\":3,\"name\":\"Kontaktsete v\u00e4ljaselgitamine\"}]},{\"@type\":\"WebSite\",\"@id\":\"https:\\\/\\\/tuberkuloosi.fi\\\/et\\\/#website\",\"url\":\"https:\\\/\\\/tuberkuloosi.fi\\\/et\\\/\",\"name\":\"viro\",\"description\":\"Tuberkuloos on ravitav, teeme koos!\",\"publisher\":{\"@id\":\"https:\\\/\\\/tuberkuloosi.fi\\\/et\\\/#organization\"},\"potentialAction\":[{\"@type\":\"SearchAction\",\"target\":{\"@type\":\"EntryPoint\",\"urlTemplate\":\"https:\\\/\\\/tuberkuloosi.fi\\\/et\\\/?s={search_term_string}\"},\"query-input\":{\"@type\":\"PropertyValueSpecification\",\"valueRequired\":true,\"valueName\":\"search_term_string\"}}],\"inLanguage\":\"en-US\"},{\"@type\":\"Organization\",\"@id\":\"https:\\\/\\\/tuberkuloosi.fi\\\/et\\\/#organization\",\"name\":\"viro\",\"url\":\"https:\\\/\\\/tuberkuloosi.fi\\\/et\\\/\",\"logo\":{\"@type\":\"ImageObject\",\"inLanguage\":\"en-US\",\"@id\":\"https:\\\/\\\/tuberkuloosi.fi\\\/et\\\/#\\\/schema\\\/logo\\\/image\\\/\",\"url\":\"https:\\\/\\\/tuberkuloosi.fi\\\/et\\\/wp-content\\\/uploads\\\/sites\\\/7\\\/2019\\\/08\\\/cropped-tuberkuloosi.fi-logo1.jpg\",\"contentUrl\":\"https:\\\/\\\/tuberkuloosi.fi\\\/et\\\/wp-content\\\/uploads\\\/sites\\\/7\\\/2019\\\/08\\\/cropped-tuberkuloosi.fi-logo1.jpg\",\"width\":1598,\"height\":321,\"caption\":\"viro\"},\"image\":{\"@id\":\"https:\\\/\\\/tuberkuloosi.fi\\\/et\\\/#\\\/schema\\\/logo\\\/image\\\/\"}}]}<\/script>\n<!-- \/ Yoast SEO plugin. -->","yoast_head_json":{"title":"Kontaktsete v\u00e4ljaselgitamine - viro","description":"Kontaktsete v\u00e4ljaselgitamise eesm\u00e4rk on leida \u00fcles teised tuberkuloosihaiged ja ka need, kes on nakatunud ning saaksid kasu prof\u00fclaktilisest ravist.","robots":{"index":"index","follow":"follow","max-snippet":"max-snippet:-1","max-image-preview":"max-image-preview:large","max-video-preview":"max-video-preview:-1"},"canonical":"https:\/\/tuberkuloosi.fi\/et\/kas-mina-olen-ohus\/kontaktsete-valjaselgitamine\/","og_locale":"en_US","og_type":"article","og_title":"Kontaktsete v\u00e4ljaselgitamine - viro","og_description":"Kontaktsete v\u00e4ljaselgitamise eesm\u00e4rk on leida \u00fcles teised tuberkuloosihaiged ja ka need, kes on nakatunud ning saaksid kasu prof\u00fclaktilisest ravist.","og_url":"https:\/\/tuberkuloosi.fi\/et\/kas-mina-olen-ohus\/kontaktsete-valjaselgitamine\/","og_site_name":"viro","article_modified_time":"2022-11-24T13:51:00+00:00","twitter_card":"summary_large_image","twitter_misc":{"Est. reading time":"6 minutes"},"schema":{"@context":"https:\/\/schema.org","@graph":[{"@type":"WebPage","@id":"https:\/\/tuberkuloosi.fi\/et\/kas-mina-olen-ohus\/kontaktsete-valjaselgitamine\/","url":"https:\/\/tuberkuloosi.fi\/et\/kas-mina-olen-ohus\/kontaktsete-valjaselgitamine\/","name":"Kontaktsete v\u00e4ljaselgitamine - viro","isPartOf":{"@id":"https:\/\/tuberkuloosi.fi\/et\/#website"},"datePublished":"2022-11-24T13:47:04+00:00","dateModified":"2022-11-24T13:51:00+00:00","description":"Kontaktsete v\u00e4ljaselgitamise eesm\u00e4rk on leida \u00fcles teised tuberkuloosihaiged ja ka need, kes on nakatunud ning saaksid kasu prof\u00fclaktilisest ravist.","breadcrumb":{"@id":"https:\/\/tuberkuloosi.fi\/et\/kas-mina-olen-ohus\/kontaktsete-valjaselgitamine\/#breadcrumb"},"inLanguage":"en-US","potentialAction":[{"@type":"ReadAction","target":["https:\/\/tuberkuloosi.fi\/et\/kas-mina-olen-ohus\/kontaktsete-valjaselgitamine\/"]}]},{"@type":"BreadcrumbList","@id":"https:\/\/tuberkuloosi.fi\/et\/kas-mina-olen-ohus\/kontaktsete-valjaselgitamine\/#breadcrumb","itemListElement":[{"@type":"ListItem","position":1,"name":"Etusivu","item":"https:\/\/tuberkuloosi.fi\/et\/"},{"@type":"ListItem","position":2,"name":"Kas mina olen ohus?","item":"https:\/\/tuberkuloosi.fi\/et\/kas-mina-olen-ohus\/"},{"@type":"ListItem","position":3,"name":"Kontaktsete v\u00e4ljaselgitamine"}]},{"@type":"WebSite","@id":"https:\/\/tuberkuloosi.fi\/et\/#website","url":"https:\/\/tuberkuloosi.fi\/et\/","name":"viro","description":"Tuberkuloos on ravitav, teeme koos!","publisher":{"@id":"https:\/\/tuberkuloosi.fi\/et\/#organization"},"potentialAction":[{"@type":"SearchAction","target":{"@type":"EntryPoint","urlTemplate":"https:\/\/tuberkuloosi.fi\/et\/?s={search_term_string}"},"query-input":{"@type":"PropertyValueSpecification","valueRequired":true,"valueName":"search_term_string"}}],"inLanguage":"en-US"},{"@type":"Organization","@id":"https:\/\/tuberkuloosi.fi\/et\/#organization","name":"viro","url":"https:\/\/tuberkuloosi.fi\/et\/","logo":{"@type":"ImageObject","inLanguage":"en-US","@id":"https:\/\/tuberkuloosi.fi\/et\/#\/schema\/logo\/image\/","url":"https:\/\/tuberkuloosi.fi\/et\/wp-content\/uploads\/sites\/7\/2019\/08\/cropped-tuberkuloosi.fi-logo1.jpg","contentUrl":"https:\/\/tuberkuloosi.fi\/et\/wp-content\/uploads\/sites\/7\/2019\/08\/cropped-tuberkuloosi.fi-logo1.jpg","width":1598,"height":321,"caption":"viro"},"image":{"@id":"https:\/\/tuberkuloosi.fi\/et\/#\/schema\/logo\/image\/"}}]}},"_links":{"self":[{"href":"https:\/\/tuberkuloosi.fi\/et\/wp-json\/wp\/v2\/pages\/277","targetHints":{"allow":["GET"]}}],"collection":[{"href":"https:\/\/tuberkuloosi.fi\/et\/wp-json\/wp\/v2\/pages"}],"about":[{"href":"https:\/\/tuberkuloosi.fi\/et\/wp-json\/wp\/v2\/types\/page"}],"author":[{"embeddable":true,"href":"https:\/\/tuberkuloosi.fi\/et\/wp-json\/wp\/v2\/users\/1"}],"replies":[{"embeddable":true,"href":"https:\/\/tuberkuloosi.fi\/et\/wp-json\/wp\/v2\/comments?post=277"}],"version-history":[{"count":2,"href":"https:\/\/tuberkuloosi.fi\/et\/wp-json\/wp\/v2\/pages\/277\/revisions"}],"predecessor-version":[{"id":279,"href":"https:\/\/tuberkuloosi.fi\/et\/wp-json\/wp\/v2\/pages\/277\/revisions\/279"}],"up":[{"embeddable":true,"href":"https:\/\/tuberkuloosi.fi\/et\/wp-json\/wp\/v2\/pages\/117"}],"wp:attachment":[{"href":"https:\/\/tuberkuloosi.fi\/et\/wp-json\/wp\/v2\/media?parent=277"}],"curies":[{"name":"wp","href":"https:\/\/api.w.org\/{rel}","templated":true}]}}