{"id":281,"date":"2022-11-25T08:34:02","date_gmt":"2022-11-25T08:34:02","guid":{"rendered":"https:\/\/tuberkuloosi.fi\/et\/?page_id=281"},"modified":"2022-11-25T08:34:54","modified_gmt":"2022-11-25T08:34:54","slug":"tuberkuloos-haridusasutuses","status":"publish","type":"page","link":"https:\/\/tuberkuloosi.fi\/et\/kas-mina-olen-ohus\/tuberkuloos-haridusasutuses\/","title":{"rendered":"Tuberkuloos haridusasutuses"},"content":{"rendered":"<p>Teile on antud teada, et Teie \u00f5ppeasutuses on kopsutuberkuloosiga inimene. V\u00f5ib-olla muretsete Te oma tervise p\u00e4rast ja m\u00f5tlete, kas v\u00f5iksite olla nakatunud, ning kardate, et haigestute tuberkuloosi.<\/p>\n<p><em>Esiteks<\/em>, paanikaks ei ole p\u00f5hjust, kuna tuberkuloos ei levi kergesti. Ainult kolmandikul tuberkuloosiga kokkupuutunutest nakatuvad. Kokkupuute olulisus s\u00f5ltub haiguse iseloomust, kokkupuute kestusest ja tingimustest. Lugege lisaks <a href=\"https:\/\/tuberkuloosi.fi\/et\/kas-mina-olen-ohus\/kontaktsete-valjaselgitamine\/\">kontaktsete v\u00e4ljaselgitamises<\/a>t.<\/p>\n<p>Sellistes rohkete kontaktsetega olukordades on haiguse edasikandumise risk tavaliselt v\u00e4ike, palju madalam kui samas majapidamises elavatele inimestele.<\/p>\n<p><em>Teiseks<\/em>, ainult \u00fcks k\u00fcmnest nakatunud normaalse immuuns\u00fcsteemiga t\u00e4iskasvanust haigestub tuberkuloosi. Risk selleks, et tuberkuloosi nakatumise j\u00e4rel areneb aktiivne tuberkuloos, on k\u00f5rgeim esimeste aastate jooksul p\u00e4rast nakatumist, aga haigestumine v\u00f5ib toimuda ka aastak\u00fcmneid hiljem. Teismelised ja noorukid on \u00f5pilaste seas suurema riskiga haiguse tekkeks v\u00f5rreldes vanemate inimestega. Seet\u00f5ttu testitakse alla 35-aastaseid \u00f5pilasi tuberkuloosi nakatumise suhtes vereanal\u00fc\u00fcsiga (IGRA). Neile, kes on nakatunud, pakutakse 3-9-kuulist latentse tuberkuloosi ravi.<\/p>\n<p><em>Kolmandaks<\/em>, kohalikud infektsioonhaigustega tegelevad ametnikud koos haridusasutuse t\u00f6\u00f6tajatega uurivad olukorda ja seda, millised \u00f5pilased on kokku puutunud tuberkuloosiga. Neid \u00f5pilasi ja t\u00f6\u00f6tajaid, kes leitakse olevat kontaktsed, informeeritakse juhtunust ja neile antakse edasised suunised infotunnis v\u00f5i muul sobilikul viisil. Palun oodake teavet v\u00f5i infotundi ja j\u00e4rgige edasisi juhiseid.<\/p>\n<p><em>Neljandaks<\/em>, rohkete kokkupuutunutega juhtumid \u00fcletavad kergelt uudisek\u00fcnnise ja nakkushaiguste ametiasutused peavad tihtipeale tegema avalikke p\u00f6\u00f6rdumisi. \u00c4rge k\u00fclvake paanikat ning \u00e4rge levitage avalikult v\u00f5i sotsiaalmeedias oletusi tuberkuloosihaige isiku v\u00f5i haiguse kohta. Keegi ei ole s\u00fc\u00fcdi, et tal on tuberkuloos ega ka selle, et tuberkuloosijuhtum on haridusasutuses.<\/p>\n<p><em>Viiendaks<\/em>, toetage patsienti haiglas oleku ja pika ravi ajal. Patsient tunneb tihti paanikat, hirmu, segadust, s\u00fc\u00fcd v\u00f5i muret l\u00e4hedaste s\u00f5prade ja kaas\u00f5pilaste nakatumise ning haigestumise v\u00f5imaluse p\u00e4rast. Haige olemine on \u00fcksildane ja hirmutav. Pakkuge oma toetust telefoni, kirja, e-maili teel v\u00f5i k\u00fclastage patsienti siis, kui tema seisund seda lubab.<\/p>\n<p><em>Kuuendaks<\/em>, v\u00f5ite oma immuuns\u00fcsteemi tugevdada elustiili kaudu. Hoolitsege enese eest. S\u00f6\u00f6ge h\u00e4sti, tehke trenni ja magage piisavalt. L\u00f5petage suitsetamine ja tarbige alkoholi m\u00f5\u00f5dukalt. V\u00e4ltige stressi. V\u00f5tke vitamiin D lisandeid &#8211; heledanahalised v\u00e4hemalt pimedal poolaastal oktoobrist aprillini, tumedanahalised igal aastaajal.<\/p>\n<p><em>Seitsmendaks<\/em>, pidage meeles, et olete kokku puutunud tuberkuloosiga, kuid \u00e4rge muretsege selle p\u00e4rast. V\u00f5tke \u00fchendust oma arstiga tuberkuloosi v\u00f5imaluse suhtes siis, kui teil tekib mistahes j\u00e4rgmine s\u00fcmptom:<\/p>\n<ul>\n<li>pikaajaline k\u00f6ha, r\u00f6gaeritus, mis kestab \u00fcle 3 n\u00e4dala,<\/li>\n<li>madal v\u00f5i k\u00f5rge palavik, millele ei leidu seletust,<\/li>\n<li>isu kadumine, tahtmatu kaalulangus,<\/li>\n<li>tavatult tugev v\u00e4simus,<\/li>\n<li>ebatavaline \u00f6ine higistamine.<\/li>\n<\/ul>\n","protected":false},"excerpt":{"rendered":"<p>Teile on antud teada, et Teie \u00f5ppeasutuses on kopsutuberkuloosiga inimene. V\u00f5ib-olla muretsete Te oma tervise p\u00e4rast ja m\u00f5tlete, kas v\u00f5iksite olla nakatunud, ning kardate, et haigestute tuberkuloosi. Esiteks, paanikaks ei ole p\u00f5hjust, kuna tuberkuloos ei levi kergesti. Ainult kolmandikul tuberkuloosiga kokkupuutunutest nakatuvad. Kokkupuute olulisus s\u00f5ltub haiguse iseloomust, kokkupuute kestusest ja tingimustest. Lugege lisaks kontaktsete v\u00e4ljaselgitamisest. &#8230; <a title=\"Tuberkuloos haridusasutuses\" class=\"read-more\" href=\"https:\/\/tuberkuloosi.fi\/et\/kas-mina-olen-ohus\/tuberkuloos-haridusasutuses\/\">Read more<span class=\"screen-reader-text\">Tuberkuloos haridusasutuses<\/span><\/a><\/p>\n","protected":false},"author":1,"featured_media":0,"parent":117,"menu_order":0,"comment_status":"closed","ping_status":"closed","template":"","meta":{"footnotes":""},"class_list":["post-281","page","type-page","status-publish"],"yoast_head":"<!-- This site is optimized with the Yoast SEO plugin v27.4 - https:\/\/yoast.com\/product\/yoast-seo-wordpress\/ -->\n<title>Tuberkuloos haridusasutuses - viro<\/title>\n<meta name=\"description\" content=\"Tuberkuloos haridusasutuses. Esiteks, paanikaks ei ole p\u00f5hjust, kuna tuberkuloos ei levi kergesti.\" \/>\n<meta name=\"robots\" content=\"index, follow, max-snippet:-1, max-image-preview:large, max-video-preview:-1\" \/>\n<link rel=\"canonical\" href=\"https:\/\/tuberkuloosi.fi\/et\/kas-mina-olen-ohus\/tuberkuloos-haridusasutuses\/\" \/>\n<meta property=\"og:locale\" content=\"en_US\" \/>\n<meta property=\"og:type\" content=\"article\" \/>\n<meta property=\"og:title\" content=\"Tuberkuloos haridusasutuses - viro\" \/>\n<meta property=\"og:description\" content=\"Tuberkuloos haridusasutuses. Esiteks, paanikaks ei ole p\u00f5hjust, kuna tuberkuloos ei levi kergesti.\" \/>\n<meta property=\"og:url\" content=\"https:\/\/tuberkuloosi.fi\/et\/kas-mina-olen-ohus\/tuberkuloos-haridusasutuses\/\" \/>\n<meta property=\"og:site_name\" content=\"viro\" \/>\n<meta property=\"article:modified_time\" content=\"2022-11-25T08:34:54+00:00\" \/>\n<meta name=\"twitter:card\" content=\"summary_large_image\" \/>\n<meta name=\"twitter:label1\" content=\"Est. reading time\" \/>\n\t<meta name=\"twitter:data1\" content=\"2 minutes\" \/>\n<script type=\"application\/ld+json\" class=\"yoast-schema-graph\">{\"@context\":\"https:\\\/\\\/schema.org\",\"@graph\":[{\"@type\":\"WebPage\",\"@id\":\"https:\\\/\\\/tuberkuloosi.fi\\\/et\\\/kas-mina-olen-ohus\\\/tuberkuloos-haridusasutuses\\\/\",\"url\":\"https:\\\/\\\/tuberkuloosi.fi\\\/et\\\/kas-mina-olen-ohus\\\/tuberkuloos-haridusasutuses\\\/\",\"name\":\"Tuberkuloos haridusasutuses - viro\",\"isPartOf\":{\"@id\":\"https:\\\/\\\/tuberkuloosi.fi\\\/et\\\/#website\"},\"datePublished\":\"2022-11-25T08:34:02+00:00\",\"dateModified\":\"2022-11-25T08:34:54+00:00\",\"description\":\"Tuberkuloos haridusasutuses. Esiteks, paanikaks ei ole p\u00f5hjust, kuna tuberkuloos ei levi kergesti.\",\"breadcrumb\":{\"@id\":\"https:\\\/\\\/tuberkuloosi.fi\\\/et\\\/kas-mina-olen-ohus\\\/tuberkuloos-haridusasutuses\\\/#breadcrumb\"},\"inLanguage\":\"en-US\",\"potentialAction\":[{\"@type\":\"ReadAction\",\"target\":[\"https:\\\/\\\/tuberkuloosi.fi\\\/et\\\/kas-mina-olen-ohus\\\/tuberkuloos-haridusasutuses\\\/\"]}]},{\"@type\":\"BreadcrumbList\",\"@id\":\"https:\\\/\\\/tuberkuloosi.fi\\\/et\\\/kas-mina-olen-ohus\\\/tuberkuloos-haridusasutuses\\\/#breadcrumb\",\"itemListElement\":[{\"@type\":\"ListItem\",\"position\":1,\"name\":\"Etusivu\",\"item\":\"https:\\\/\\\/tuberkuloosi.fi\\\/et\\\/\"},{\"@type\":\"ListItem\",\"position\":2,\"name\":\"Kas mina olen ohus?\",\"item\":\"https:\\\/\\\/tuberkuloosi.fi\\\/et\\\/kas-mina-olen-ohus\\\/\"},{\"@type\":\"ListItem\",\"position\":3,\"name\":\"Tuberkuloos haridusasutuses\"}]},{\"@type\":\"WebSite\",\"@id\":\"https:\\\/\\\/tuberkuloosi.fi\\\/et\\\/#website\",\"url\":\"https:\\\/\\\/tuberkuloosi.fi\\\/et\\\/\",\"name\":\"viro\",\"description\":\"Tuberkuloos on ravitav, teeme koos!\",\"publisher\":{\"@id\":\"https:\\\/\\\/tuberkuloosi.fi\\\/et\\\/#organization\"},\"potentialAction\":[{\"@type\":\"SearchAction\",\"target\":{\"@type\":\"EntryPoint\",\"urlTemplate\":\"https:\\\/\\\/tuberkuloosi.fi\\\/et\\\/?s={search_term_string}\"},\"query-input\":{\"@type\":\"PropertyValueSpecification\",\"valueRequired\":true,\"valueName\":\"search_term_string\"}}],\"inLanguage\":\"en-US\"},{\"@type\":\"Organization\",\"@id\":\"https:\\\/\\\/tuberkuloosi.fi\\\/et\\\/#organization\",\"name\":\"viro\",\"url\":\"https:\\\/\\\/tuberkuloosi.fi\\\/et\\\/\",\"logo\":{\"@type\":\"ImageObject\",\"inLanguage\":\"en-US\",\"@id\":\"https:\\\/\\\/tuberkuloosi.fi\\\/et\\\/#\\\/schema\\\/logo\\\/image\\\/\",\"url\":\"https:\\\/\\\/tuberkuloosi.fi\\\/et\\\/wp-content\\\/uploads\\\/sites\\\/7\\\/2019\\\/08\\\/cropped-tuberkuloosi.fi-logo1.jpg\",\"contentUrl\":\"https:\\\/\\\/tuberkuloosi.fi\\\/et\\\/wp-content\\\/uploads\\\/sites\\\/7\\\/2019\\\/08\\\/cropped-tuberkuloosi.fi-logo1.jpg\",\"width\":1598,\"height\":321,\"caption\":\"viro\"},\"image\":{\"@id\":\"https:\\\/\\\/tuberkuloosi.fi\\\/et\\\/#\\\/schema\\\/logo\\\/image\\\/\"}}]}<\/script>\n<!-- \/ Yoast SEO plugin. -->","yoast_head_json":{"title":"Tuberkuloos haridusasutuses - viro","description":"Tuberkuloos haridusasutuses. Esiteks, paanikaks ei ole p\u00f5hjust, kuna tuberkuloos ei levi kergesti.","robots":{"index":"index","follow":"follow","max-snippet":"max-snippet:-1","max-image-preview":"max-image-preview:large","max-video-preview":"max-video-preview:-1"},"canonical":"https:\/\/tuberkuloosi.fi\/et\/kas-mina-olen-ohus\/tuberkuloos-haridusasutuses\/","og_locale":"en_US","og_type":"article","og_title":"Tuberkuloos haridusasutuses - viro","og_description":"Tuberkuloos haridusasutuses. Esiteks, paanikaks ei ole p\u00f5hjust, kuna tuberkuloos ei levi kergesti.","og_url":"https:\/\/tuberkuloosi.fi\/et\/kas-mina-olen-ohus\/tuberkuloos-haridusasutuses\/","og_site_name":"viro","article_modified_time":"2022-11-25T08:34:54+00:00","twitter_card":"summary_large_image","twitter_misc":{"Est. reading time":"2 minutes"},"schema":{"@context":"https:\/\/schema.org","@graph":[{"@type":"WebPage","@id":"https:\/\/tuberkuloosi.fi\/et\/kas-mina-olen-ohus\/tuberkuloos-haridusasutuses\/","url":"https:\/\/tuberkuloosi.fi\/et\/kas-mina-olen-ohus\/tuberkuloos-haridusasutuses\/","name":"Tuberkuloos haridusasutuses - viro","isPartOf":{"@id":"https:\/\/tuberkuloosi.fi\/et\/#website"},"datePublished":"2022-11-25T08:34:02+00:00","dateModified":"2022-11-25T08:34:54+00:00","description":"Tuberkuloos haridusasutuses. Esiteks, paanikaks ei ole p\u00f5hjust, kuna tuberkuloos ei levi kergesti.","breadcrumb":{"@id":"https:\/\/tuberkuloosi.fi\/et\/kas-mina-olen-ohus\/tuberkuloos-haridusasutuses\/#breadcrumb"},"inLanguage":"en-US","potentialAction":[{"@type":"ReadAction","target":["https:\/\/tuberkuloosi.fi\/et\/kas-mina-olen-ohus\/tuberkuloos-haridusasutuses\/"]}]},{"@type":"BreadcrumbList","@id":"https:\/\/tuberkuloosi.fi\/et\/kas-mina-olen-ohus\/tuberkuloos-haridusasutuses\/#breadcrumb","itemListElement":[{"@type":"ListItem","position":1,"name":"Etusivu","item":"https:\/\/tuberkuloosi.fi\/et\/"},{"@type":"ListItem","position":2,"name":"Kas mina olen ohus?","item":"https:\/\/tuberkuloosi.fi\/et\/kas-mina-olen-ohus\/"},{"@type":"ListItem","position":3,"name":"Tuberkuloos haridusasutuses"}]},{"@type":"WebSite","@id":"https:\/\/tuberkuloosi.fi\/et\/#website","url":"https:\/\/tuberkuloosi.fi\/et\/","name":"viro","description":"Tuberkuloos on ravitav, teeme koos!","publisher":{"@id":"https:\/\/tuberkuloosi.fi\/et\/#organization"},"potentialAction":[{"@type":"SearchAction","target":{"@type":"EntryPoint","urlTemplate":"https:\/\/tuberkuloosi.fi\/et\/?s={search_term_string}"},"query-input":{"@type":"PropertyValueSpecification","valueRequired":true,"valueName":"search_term_string"}}],"inLanguage":"en-US"},{"@type":"Organization","@id":"https:\/\/tuberkuloosi.fi\/et\/#organization","name":"viro","url":"https:\/\/tuberkuloosi.fi\/et\/","logo":{"@type":"ImageObject","inLanguage":"en-US","@id":"https:\/\/tuberkuloosi.fi\/et\/#\/schema\/logo\/image\/","url":"https:\/\/tuberkuloosi.fi\/et\/wp-content\/uploads\/sites\/7\/2019\/08\/cropped-tuberkuloosi.fi-logo1.jpg","contentUrl":"https:\/\/tuberkuloosi.fi\/et\/wp-content\/uploads\/sites\/7\/2019\/08\/cropped-tuberkuloosi.fi-logo1.jpg","width":1598,"height":321,"caption":"viro"},"image":{"@id":"https:\/\/tuberkuloosi.fi\/et\/#\/schema\/logo\/image\/"}}]}},"_links":{"self":[{"href":"https:\/\/tuberkuloosi.fi\/et\/wp-json\/wp\/v2\/pages\/281","targetHints":{"allow":["GET"]}}],"collection":[{"href":"https:\/\/tuberkuloosi.fi\/et\/wp-json\/wp\/v2\/pages"}],"about":[{"href":"https:\/\/tuberkuloosi.fi\/et\/wp-json\/wp\/v2\/types\/page"}],"author":[{"embeddable":true,"href":"https:\/\/tuberkuloosi.fi\/et\/wp-json\/wp\/v2\/users\/1"}],"replies":[{"embeddable":true,"href":"https:\/\/tuberkuloosi.fi\/et\/wp-json\/wp\/v2\/comments?post=281"}],"version-history":[{"count":1,"href":"https:\/\/tuberkuloosi.fi\/et\/wp-json\/wp\/v2\/pages\/281\/revisions"}],"predecessor-version":[{"id":282,"href":"https:\/\/tuberkuloosi.fi\/et\/wp-json\/wp\/v2\/pages\/281\/revisions\/282"}],"up":[{"embeddable":true,"href":"https:\/\/tuberkuloosi.fi\/et\/wp-json\/wp\/v2\/pages\/117"}],"wp:attachment":[{"href":"https:\/\/tuberkuloosi.fi\/et\/wp-json\/wp\/v2\/media?parent=281"}],"curies":[{"name":"wp","href":"https:\/\/api.w.org\/{rel}","templated":true}]}}