{"id":284,"date":"2022-11-25T08:36:35","date_gmt":"2022-11-25T08:36:35","guid":{"rendered":"https:\/\/tuberkuloosi.fi\/et\/?page_id=284"},"modified":"2022-11-25T08:39:13","modified_gmt":"2022-11-25T08:39:13","slug":"rasedus","status":"publish","type":"page","link":"https:\/\/tuberkuloosi.fi\/et\/kas-mina-olen-ohus\/rasedus\/","title":{"rendered":"Rasedus"},"content":{"rendered":"<p>Tuberkuloosi haigestumine raseduse ajal v\u00f5i p\u00e4rast s\u00fcnnitust on Soomes haruldane t\u00e4nu heale tuberkuloosi epidemioloogilisele olukorrale Soomes. Oht haigestuda tuberkuloosi on nendel emadel suurem, kes s\u00fcndisid riigis, kus tuberkuloos on tavaline v\u00f5i on nendes riikides viibinud pikalt v\u00f5i korduvalt. Ka Soomes tuberkuloosiga kokku puutunud rasedatel v\u00f5i v\u00e4rsketel emadal on suurem oht haigestuda. Kui Te teate, et olete veetnud palju aega koos inimesega, kelle on tuberkuloos, v\u00f5i tuberkuloosiga kokku puutunud t\u00f6\u00f6kohal, andke sellest teada rasedust j\u00e4lgivale kliinikule. Seal hinnatakse teie olukorda ja vajadusel korraldatakse <a href=\"https:\/\/tuberkuloosi.fi\/et\/tuberkuloos\/tuberkuloosi-diagnoos\/\">skriininguuringud<\/a>.<\/p>\n<p>Lugege rohkem <a href=\"https:\/\/www.filha.fi\/wp-content\/uploads\/2021\/03\/Odottavan-aidin-ohje-Raskaana-olevan-tuberkuloosiseulonta_EE.pdf\" target=\"_blank\" rel=\"noopener\">Filha juhistest rasedatele<\/a>.<\/p>\n","protected":false},"excerpt":{"rendered":"<p>Tuberkuloosi haigestumine raseduse ajal v\u00f5i p\u00e4rast s\u00fcnnitust on Soomes haruldane t\u00e4nu heale tuberkuloosi epidemioloogilisele olukorrale Soomes. Oht haigestuda tuberkuloosi on nendel emadel suurem, kes s\u00fcndisid riigis, kus tuberkuloos on tavaline v\u00f5i on nendes riikides viibinud pikalt v\u00f5i korduvalt. Ka Soomes tuberkuloosiga kokku puutunud rasedatel v\u00f5i v\u00e4rsketel emadal on suurem oht haigestuda. Kui Te teate, et &#8230; <a title=\"Rasedus\" class=\"read-more\" href=\"https:\/\/tuberkuloosi.fi\/et\/kas-mina-olen-ohus\/rasedus\/\">Read more<span class=\"screen-reader-text\">Rasedus<\/span><\/a><\/p>\n","protected":false},"author":1,"featured_media":0,"parent":117,"menu_order":0,"comment_status":"closed","ping_status":"closed","template":"","meta":{"footnotes":""},"class_list":["post-284","page","type-page","status-publish"],"yoast_head":"<!-- This site is optimized with the Yoast SEO plugin v27.5 - https:\/\/yoast.com\/product\/yoast-seo-wordpress\/ -->\n<title>Rasedus - viro<\/title>\n<meta name=\"description\" content=\"Tuberkuloosi haigestumine raseduse ajal v\u00f5i p\u00e4rast s\u00fcnnitust on Soomes haruldane t\u00e4nu heale tuberkuloosi epidemioloogilisele olukorrale Soomes.\" \/>\n<meta name=\"robots\" content=\"index, follow, max-snippet:-1, max-image-preview:large, max-video-preview:-1\" \/>\n<link rel=\"canonical\" href=\"https:\/\/tuberkuloosi.fi\/et\/kas-mina-olen-ohus\/rasedus\/\" \/>\n<meta property=\"og:locale\" content=\"en_US\" \/>\n<meta property=\"og:type\" content=\"article\" \/>\n<meta property=\"og:title\" content=\"Rasedus - viro\" \/>\n<meta property=\"og:description\" content=\"Tuberkuloosi haigestumine raseduse ajal v\u00f5i p\u00e4rast s\u00fcnnitust on Soomes haruldane t\u00e4nu heale tuberkuloosi epidemioloogilisele olukorrale Soomes.\" \/>\n<meta property=\"og:url\" content=\"https:\/\/tuberkuloosi.fi\/et\/kas-mina-olen-ohus\/rasedus\/\" \/>\n<meta property=\"og:site_name\" content=\"viro\" \/>\n<meta property=\"article:modified_time\" content=\"2022-11-25T08:39:13+00:00\" \/>\n<meta name=\"twitter:card\" content=\"summary_large_image\" \/>\n<meta name=\"twitter:label1\" content=\"Est. reading time\" \/>\n\t<meta name=\"twitter:data1\" content=\"1 minute\" \/>\n<script type=\"application\/ld+json\" class=\"yoast-schema-graph\">{\"@context\":\"https:\\\/\\\/schema.org\",\"@graph\":[{\"@type\":\"WebPage\",\"@id\":\"https:\\\/\\\/tuberkuloosi.fi\\\/et\\\/kas-mina-olen-ohus\\\/rasedus\\\/\",\"url\":\"https:\\\/\\\/tuberkuloosi.fi\\\/et\\\/kas-mina-olen-ohus\\\/rasedus\\\/\",\"name\":\"Rasedus - viro\",\"isPartOf\":{\"@id\":\"https:\\\/\\\/tuberkuloosi.fi\\\/et\\\/#website\"},\"datePublished\":\"2022-11-25T08:36:35+00:00\",\"dateModified\":\"2022-11-25T08:39:13+00:00\",\"description\":\"Tuberkuloosi haigestumine raseduse ajal v\u00f5i p\u00e4rast s\u00fcnnitust on Soomes haruldane t\u00e4nu heale tuberkuloosi epidemioloogilisele olukorrale Soomes.\",\"breadcrumb\":{\"@id\":\"https:\\\/\\\/tuberkuloosi.fi\\\/et\\\/kas-mina-olen-ohus\\\/rasedus\\\/#breadcrumb\"},\"inLanguage\":\"en-US\",\"potentialAction\":[{\"@type\":\"ReadAction\",\"target\":[\"https:\\\/\\\/tuberkuloosi.fi\\\/et\\\/kas-mina-olen-ohus\\\/rasedus\\\/\"]}]},{\"@type\":\"BreadcrumbList\",\"@id\":\"https:\\\/\\\/tuberkuloosi.fi\\\/et\\\/kas-mina-olen-ohus\\\/rasedus\\\/#breadcrumb\",\"itemListElement\":[{\"@type\":\"ListItem\",\"position\":1,\"name\":\"Etusivu\",\"item\":\"https:\\\/\\\/tuberkuloosi.fi\\\/et\\\/\"},{\"@type\":\"ListItem\",\"position\":2,\"name\":\"Kas mina olen ohus?\",\"item\":\"https:\\\/\\\/tuberkuloosi.fi\\\/et\\\/kas-mina-olen-ohus\\\/\"},{\"@type\":\"ListItem\",\"position\":3,\"name\":\"Rasedus\"}]},{\"@type\":\"WebSite\",\"@id\":\"https:\\\/\\\/tuberkuloosi.fi\\\/et\\\/#website\",\"url\":\"https:\\\/\\\/tuberkuloosi.fi\\\/et\\\/\",\"name\":\"viro\",\"description\":\"Tuberkuloos on ravitav, teeme koos!\",\"publisher\":{\"@id\":\"https:\\\/\\\/tuberkuloosi.fi\\\/et\\\/#organization\"},\"potentialAction\":[{\"@type\":\"SearchAction\",\"target\":{\"@type\":\"EntryPoint\",\"urlTemplate\":\"https:\\\/\\\/tuberkuloosi.fi\\\/et\\\/?s={search_term_string}\"},\"query-input\":{\"@type\":\"PropertyValueSpecification\",\"valueRequired\":true,\"valueName\":\"search_term_string\"}}],\"inLanguage\":\"en-US\"},{\"@type\":\"Organization\",\"@id\":\"https:\\\/\\\/tuberkuloosi.fi\\\/et\\\/#organization\",\"name\":\"viro\",\"url\":\"https:\\\/\\\/tuberkuloosi.fi\\\/et\\\/\",\"logo\":{\"@type\":\"ImageObject\",\"inLanguage\":\"en-US\",\"@id\":\"https:\\\/\\\/tuberkuloosi.fi\\\/et\\\/#\\\/schema\\\/logo\\\/image\\\/\",\"url\":\"https:\\\/\\\/tuberkuloosi.fi\\\/et\\\/wp-content\\\/uploads\\\/sites\\\/7\\\/2019\\\/08\\\/cropped-tuberkuloosi.fi-logo1.jpg\",\"contentUrl\":\"https:\\\/\\\/tuberkuloosi.fi\\\/et\\\/wp-content\\\/uploads\\\/sites\\\/7\\\/2019\\\/08\\\/cropped-tuberkuloosi.fi-logo1.jpg\",\"width\":1598,\"height\":321,\"caption\":\"viro\"},\"image\":{\"@id\":\"https:\\\/\\\/tuberkuloosi.fi\\\/et\\\/#\\\/schema\\\/logo\\\/image\\\/\"}}]}<\/script>\n<!-- \/ Yoast SEO plugin. -->","yoast_head_json":{"title":"Rasedus - viro","description":"Tuberkuloosi haigestumine raseduse ajal v\u00f5i p\u00e4rast s\u00fcnnitust on Soomes haruldane t\u00e4nu heale tuberkuloosi epidemioloogilisele olukorrale Soomes.","robots":{"index":"index","follow":"follow","max-snippet":"max-snippet:-1","max-image-preview":"max-image-preview:large","max-video-preview":"max-video-preview:-1"},"canonical":"https:\/\/tuberkuloosi.fi\/et\/kas-mina-olen-ohus\/rasedus\/","og_locale":"en_US","og_type":"article","og_title":"Rasedus - viro","og_description":"Tuberkuloosi haigestumine raseduse ajal v\u00f5i p\u00e4rast s\u00fcnnitust on Soomes haruldane t\u00e4nu heale tuberkuloosi epidemioloogilisele olukorrale Soomes.","og_url":"https:\/\/tuberkuloosi.fi\/et\/kas-mina-olen-ohus\/rasedus\/","og_site_name":"viro","article_modified_time":"2022-11-25T08:39:13+00:00","twitter_card":"summary_large_image","twitter_misc":{"Est. reading time":"1 minute"},"schema":{"@context":"https:\/\/schema.org","@graph":[{"@type":"WebPage","@id":"https:\/\/tuberkuloosi.fi\/et\/kas-mina-olen-ohus\/rasedus\/","url":"https:\/\/tuberkuloosi.fi\/et\/kas-mina-olen-ohus\/rasedus\/","name":"Rasedus - viro","isPartOf":{"@id":"https:\/\/tuberkuloosi.fi\/et\/#website"},"datePublished":"2022-11-25T08:36:35+00:00","dateModified":"2022-11-25T08:39:13+00:00","description":"Tuberkuloosi haigestumine raseduse ajal v\u00f5i p\u00e4rast s\u00fcnnitust on Soomes haruldane t\u00e4nu heale tuberkuloosi epidemioloogilisele olukorrale Soomes.","breadcrumb":{"@id":"https:\/\/tuberkuloosi.fi\/et\/kas-mina-olen-ohus\/rasedus\/#breadcrumb"},"inLanguage":"en-US","potentialAction":[{"@type":"ReadAction","target":["https:\/\/tuberkuloosi.fi\/et\/kas-mina-olen-ohus\/rasedus\/"]}]},{"@type":"BreadcrumbList","@id":"https:\/\/tuberkuloosi.fi\/et\/kas-mina-olen-ohus\/rasedus\/#breadcrumb","itemListElement":[{"@type":"ListItem","position":1,"name":"Etusivu","item":"https:\/\/tuberkuloosi.fi\/et\/"},{"@type":"ListItem","position":2,"name":"Kas mina olen ohus?","item":"https:\/\/tuberkuloosi.fi\/et\/kas-mina-olen-ohus\/"},{"@type":"ListItem","position":3,"name":"Rasedus"}]},{"@type":"WebSite","@id":"https:\/\/tuberkuloosi.fi\/et\/#website","url":"https:\/\/tuberkuloosi.fi\/et\/","name":"viro","description":"Tuberkuloos on ravitav, teeme koos!","publisher":{"@id":"https:\/\/tuberkuloosi.fi\/et\/#organization"},"potentialAction":[{"@type":"SearchAction","target":{"@type":"EntryPoint","urlTemplate":"https:\/\/tuberkuloosi.fi\/et\/?s={search_term_string}"},"query-input":{"@type":"PropertyValueSpecification","valueRequired":true,"valueName":"search_term_string"}}],"inLanguage":"en-US"},{"@type":"Organization","@id":"https:\/\/tuberkuloosi.fi\/et\/#organization","name":"viro","url":"https:\/\/tuberkuloosi.fi\/et\/","logo":{"@type":"ImageObject","inLanguage":"en-US","@id":"https:\/\/tuberkuloosi.fi\/et\/#\/schema\/logo\/image\/","url":"https:\/\/tuberkuloosi.fi\/et\/wp-content\/uploads\/sites\/7\/2019\/08\/cropped-tuberkuloosi.fi-logo1.jpg","contentUrl":"https:\/\/tuberkuloosi.fi\/et\/wp-content\/uploads\/sites\/7\/2019\/08\/cropped-tuberkuloosi.fi-logo1.jpg","width":1598,"height":321,"caption":"viro"},"image":{"@id":"https:\/\/tuberkuloosi.fi\/et\/#\/schema\/logo\/image\/"}}]}},"_links":{"self":[{"href":"https:\/\/tuberkuloosi.fi\/et\/wp-json\/wp\/v2\/pages\/284","targetHints":{"allow":["GET"]}}],"collection":[{"href":"https:\/\/tuberkuloosi.fi\/et\/wp-json\/wp\/v2\/pages"}],"about":[{"href":"https:\/\/tuberkuloosi.fi\/et\/wp-json\/wp\/v2\/types\/page"}],"author":[{"embeddable":true,"href":"https:\/\/tuberkuloosi.fi\/et\/wp-json\/wp\/v2\/users\/1"}],"replies":[{"embeddable":true,"href":"https:\/\/tuberkuloosi.fi\/et\/wp-json\/wp\/v2\/comments?post=284"}],"version-history":[{"count":4,"href":"https:\/\/tuberkuloosi.fi\/et\/wp-json\/wp\/v2\/pages\/284\/revisions"}],"predecessor-version":[{"id":288,"href":"https:\/\/tuberkuloosi.fi\/et\/wp-json\/wp\/v2\/pages\/284\/revisions\/288"}],"up":[{"embeddable":true,"href":"https:\/\/tuberkuloosi.fi\/et\/wp-json\/wp\/v2\/pages\/117"}],"wp:attachment":[{"href":"https:\/\/tuberkuloosi.fi\/et\/wp-json\/wp\/v2\/media?parent=284"}],"curies":[{"name":"wp","href":"https:\/\/api.w.org\/{rel}","templated":true}]}}