{"id":52,"date":"2016-06-29T08:04:10","date_gmt":"2016-06-29T08:04:10","guid":{"rendered":"http:\/\/tuberkuloosi.fi\/et\/?page_id=52"},"modified":"2022-11-24T12:32:50","modified_gmt":"2022-11-24T12:32:50","slug":"tervishoiuteenused","status":"publish","type":"page","link":"https:\/\/tuberkuloosi.fi\/et\/abi\/tervishoiuteenused\/","title":{"rendered":"Tervishoiuteenused"},"content":{"rendered":"<p>Kui kahtlustate, et Teil on tuberkuloos, v\u00f5tke \u00fchendust<\/p>\n<ul>\n<li>elukohaj\u00e4rgse tervisekeskusega;<\/li>\n<li>t\u00f6\u00f6tervishoiuteenuse osutajaga;<\/li>\n<li>\u00f5pilane &#8211; elukohaj\u00e4rgse tervisekeskusega v\u00f5i \u00f5pilaste tervisekeskusega;<\/li>\n<li>as\u00fc\u00fclitaotlejad &#8211; vastuv\u00f5tukeskuse meditsiini\u00f5e kabinetiga.<\/li>\n<\/ul>\n<p>Tervisekeskus peaks andma Teile \u00f5e v\u00f5i arsti vastuv\u00f5tule aja 1-2 p\u00e4eva p\u00e4rast, v\u00f5i juhised edasiseks k\u00e4itumiseks.<\/p>\n<p>Meditsiinilise l\u00e4bivaatuse alguses k\u00fcsitakse teilt tuberkuloosi s\u00fcmptomite ja tuberkuloosi riskifaktorite kohta. Lisaks k\u00fcsitakse, kas olete varem tuberkuloosi p\u00f5denud v\u00f5i kas olete olnud vahetus kokkupuutes tuberkuloosihaigega.<\/p>\n<p>Tuberkuloosi kahtluse korral tehakse alati <a href=\"https:\/\/tuberkuloosi.fi\/et\/abi\/rontgeniulesvote-rindkerest\/\">r\u00f6ntgeni\u00fclesv\u00f5te rindkerest<\/a> ja v\u00f5etakse <a href=\"https:\/\/tuberkuloosi.fi\/et\/abi\/rogaanaluusi-kogumine\/\">r\u00f6gaproov m\u00fckobakterite olemasolu hindamiseks<\/a>, kasutades mikroskoopiat ja k\u00fclve.<\/p>\n<p>Lisaks teeb arst \u00fcldise l\u00e4bivaatuse.<\/p>\n<p>Esialgsed tuberkuloosi uuringud tehakse t\u00e4iskasvanute puhul tavaliselt tervisekeskuses. Olenevalt patsiendi seisundist ja s\u00fcmptomaatikast v\u00f5idakse l\u00e4bivaatus teha ka haiglas.<\/p>\n<p>Kui esineb tugev kahtlus tuberkuloosile v\u00f5i diagnoos kinnitub, saadetakse Teid esimesel v\u00f5imalusel lisauuringuteks ja raviks haiglasse. Kui on v\u00f5imalik, et Teil on tuberkuloosivorm, mis v\u00f5ib teistele levida, on vajalik kohene hospitaliseerimine (m\u00f5ne p\u00e4eva jooksul). Muul juhul v\u00f5ib hospitaliseerimine v\u00f5tta aega kauem.<\/p>\n<p>Tuberkuloosi ravi alustatakse haiglas ja seda j\u00e4tkatakse kodus j\u00e4relevalve all.<\/p>\n<p>Kuigi tavaliselt korraldab tervisekeskus patsiendi jaoks ravimid, vastutab haiglas olev arst Teie ravi eest ja teeb raviotsused ravikuuri l\u00f5puni. J\u00e4relkontrollid haigla ambulatoorses vastuv\u00f5tus toimuvad igal kuul v\u00f5i \u00fcle \u00fche kuu.<\/p>\n<p>Tuberkuloosi diagnoosimine lastel on keeruline. P\u00e4rast tuberkuloosi haigestumist v\u00f5ib lapse seisund v\u00e4ga kiiresti halveneda. Sel p\u00f5hjusel toimuvad k\u00f5igi alla 16-aastaste laste uuringud lastehaiglas.<\/p>\n<p>Tuberkuloosiravimid, haiglaravi ja j\u00e4relkontrollid on tasuta.<\/p>\n<p>Teavet ja tuge saate Teid ravivalt personalilt. Haigla sotsiaalt\u00f6\u00f6taja aitab Teid sotsiaalkindlustusega seotud probleemide korral. Samuti on ligip\u00e4\u00e4s kaaspatsientide toetusele.<\/p>\n<h2>\u00dcldine meditsiiniline l\u00e4bivaatus<\/h2>\n<ol>\n<li>vestluse k\u00e4igus kogutud anamnees<\/li>\n<li>arstlik l\u00e4bivaatus<\/li>\n<li>r\u00f6ntgeniuuring rindkerest<\/li>\n<li>r\u00f6gaproovide mikroskoopiline uuring,\u00a0 r\u00f6gak\u00fclvid ja molekulaaruuring<\/li>\n<\/ol>\n<h2>Lisauuringud (kui vajalik)<\/h2>\n<ul>\n<li>vereanal\u00fc\u00fcsid<\/li>\n<li>bronhoskoopia<\/li>\n<li>koeproovide v\u00f5i biopsiat\u00fckkide v\u00f5tmine<\/li>\n<li>k\u00f5rgtehnoloogilised radioloogilised uuringud, n\u00e4iteks kopsude kompuutertomograafiline uuring v\u00f5i magnetuuring<\/li>\n<\/ul>\n","protected":false},"excerpt":{"rendered":"<p>Kui kahtlustate, et Teil on tuberkuloos, v\u00f5tke \u00fchendust elukohaj\u00e4rgse tervisekeskusega; t\u00f6\u00f6tervishoiuteenuse osutajaga; \u00f5pilane &#8211; elukohaj\u00e4rgse tervisekeskusega v\u00f5i \u00f5pilaste tervisekeskusega; as\u00fc\u00fclitaotlejad &#8211; vastuv\u00f5tukeskuse meditsiini\u00f5e kabinetiga. Tervisekeskus peaks andma Teile \u00f5e v\u00f5i arsti vastuv\u00f5tule aja 1-2 p\u00e4eva p\u00e4rast, v\u00f5i juhised edasiseks k\u00e4itumiseks. Meditsiinilise l\u00e4bivaatuse alguses k\u00fcsitakse teilt tuberkuloosi s\u00fcmptomite ja tuberkuloosi riskifaktorite kohta. Lisaks k\u00fcsitakse, kas olete &#8230; <a title=\"Tervishoiuteenused\" class=\"read-more\" href=\"https:\/\/tuberkuloosi.fi\/et\/abi\/tervishoiuteenused\/\">Read more<span class=\"screen-reader-text\">Tervishoiuteenused<\/span><\/a><\/p>\n","protected":false},"author":1,"featured_media":0,"parent":50,"menu_order":0,"comment_status":"closed","ping_status":"open","template":"","meta":{"footnotes":""},"class_list":["post-52","page","type-page","status-publish"],"yoast_head":"<!-- This site is optimized with the Yoast SEO plugin v27.5 - https:\/\/yoast.com\/product\/yoast-seo-wordpress\/ -->\n<title>Tervishoiuteenused - viro<\/title>\n<meta name=\"description\" content=\"Kui kahtlustate, et Teil on tuberkuloos, v\u00f5tke \u00fchendust elukohaj\u00e4rgse tervisekeskusega\" \/>\n<meta name=\"robots\" content=\"index, follow, max-snippet:-1, max-image-preview:large, max-video-preview:-1\" \/>\n<link rel=\"canonical\" href=\"https:\/\/tuberkuloosi.fi\/et\/abi\/tervishoiuteenused\/\" \/>\n<meta property=\"og:locale\" content=\"en_US\" \/>\n<meta property=\"og:type\" content=\"article\" \/>\n<meta property=\"og:title\" content=\"Tervishoiuteenused - viro\" \/>\n<meta property=\"og:description\" content=\"Kui kahtlustate, et Teil on tuberkuloos, v\u00f5tke \u00fchendust elukohaj\u00e4rgse tervisekeskusega\" \/>\n<meta property=\"og:url\" content=\"https:\/\/tuberkuloosi.fi\/et\/abi\/tervishoiuteenused\/\" \/>\n<meta property=\"og:site_name\" content=\"viro\" \/>\n<meta property=\"article:modified_time\" content=\"2022-11-24T12:32:50+00:00\" \/>\n<meta name=\"twitter:card\" content=\"summary_large_image\" \/>\n<meta name=\"twitter:label1\" content=\"Est. reading time\" \/>\n\t<meta name=\"twitter:data1\" content=\"2 minutes\" \/>\n<script type=\"application\/ld+json\" class=\"yoast-schema-graph\">{\"@context\":\"https:\\\/\\\/schema.org\",\"@graph\":[{\"@type\":\"WebPage\",\"@id\":\"https:\\\/\\\/tuberkuloosi.fi\\\/et\\\/abi\\\/tervishoiuteenused\\\/\",\"url\":\"https:\\\/\\\/tuberkuloosi.fi\\\/et\\\/abi\\\/tervishoiuteenused\\\/\",\"name\":\"Tervishoiuteenused - viro\",\"isPartOf\":{\"@id\":\"https:\\\/\\\/tuberkuloosi.fi\\\/et\\\/#website\"},\"datePublished\":\"2016-06-29T08:04:10+00:00\",\"dateModified\":\"2022-11-24T12:32:50+00:00\",\"description\":\"Kui kahtlustate, et Teil on tuberkuloos, v\u00f5tke \u00fchendust elukohaj\u00e4rgse tervisekeskusega\",\"breadcrumb\":{\"@id\":\"https:\\\/\\\/tuberkuloosi.fi\\\/et\\\/abi\\\/tervishoiuteenused\\\/#breadcrumb\"},\"inLanguage\":\"en-US\",\"potentialAction\":[{\"@type\":\"ReadAction\",\"target\":[\"https:\\\/\\\/tuberkuloosi.fi\\\/et\\\/abi\\\/tervishoiuteenused\\\/\"]}]},{\"@type\":\"BreadcrumbList\",\"@id\":\"https:\\\/\\\/tuberkuloosi.fi\\\/et\\\/abi\\\/tervishoiuteenused\\\/#breadcrumb\",\"itemListElement\":[{\"@type\":\"ListItem\",\"position\":1,\"name\":\"Etusivu\",\"item\":\"https:\\\/\\\/tuberkuloosi.fi\\\/et\\\/\"},{\"@type\":\"ListItem\",\"position\":2,\"name\":\"Abi\",\"item\":\"https:\\\/\\\/tuberkuloosi.fi\\\/et\\\/abi\\\/\"},{\"@type\":\"ListItem\",\"position\":3,\"name\":\"Tervishoiuteenused\"}]},{\"@type\":\"WebSite\",\"@id\":\"https:\\\/\\\/tuberkuloosi.fi\\\/et\\\/#website\",\"url\":\"https:\\\/\\\/tuberkuloosi.fi\\\/et\\\/\",\"name\":\"viro\",\"description\":\"Tuberkuloos on ravitav, teeme koos!\",\"publisher\":{\"@id\":\"https:\\\/\\\/tuberkuloosi.fi\\\/et\\\/#organization\"},\"potentialAction\":[{\"@type\":\"SearchAction\",\"target\":{\"@type\":\"EntryPoint\",\"urlTemplate\":\"https:\\\/\\\/tuberkuloosi.fi\\\/et\\\/?s={search_term_string}\"},\"query-input\":{\"@type\":\"PropertyValueSpecification\",\"valueRequired\":true,\"valueName\":\"search_term_string\"}}],\"inLanguage\":\"en-US\"},{\"@type\":\"Organization\",\"@id\":\"https:\\\/\\\/tuberkuloosi.fi\\\/et\\\/#organization\",\"name\":\"viro\",\"url\":\"https:\\\/\\\/tuberkuloosi.fi\\\/et\\\/\",\"logo\":{\"@type\":\"ImageObject\",\"inLanguage\":\"en-US\",\"@id\":\"https:\\\/\\\/tuberkuloosi.fi\\\/et\\\/#\\\/schema\\\/logo\\\/image\\\/\",\"url\":\"https:\\\/\\\/tuberkuloosi.fi\\\/et\\\/wp-content\\\/uploads\\\/sites\\\/7\\\/2019\\\/08\\\/cropped-tuberkuloosi.fi-logo1.jpg\",\"contentUrl\":\"https:\\\/\\\/tuberkuloosi.fi\\\/et\\\/wp-content\\\/uploads\\\/sites\\\/7\\\/2019\\\/08\\\/cropped-tuberkuloosi.fi-logo1.jpg\",\"width\":1598,\"height\":321,\"caption\":\"viro\"},\"image\":{\"@id\":\"https:\\\/\\\/tuberkuloosi.fi\\\/et\\\/#\\\/schema\\\/logo\\\/image\\\/\"}}]}<\/script>\n<!-- \/ Yoast SEO plugin. -->","yoast_head_json":{"title":"Tervishoiuteenused - viro","description":"Kui kahtlustate, et Teil on tuberkuloos, v\u00f5tke \u00fchendust elukohaj\u00e4rgse tervisekeskusega","robots":{"index":"index","follow":"follow","max-snippet":"max-snippet:-1","max-image-preview":"max-image-preview:large","max-video-preview":"max-video-preview:-1"},"canonical":"https:\/\/tuberkuloosi.fi\/et\/abi\/tervishoiuteenused\/","og_locale":"en_US","og_type":"article","og_title":"Tervishoiuteenused - viro","og_description":"Kui kahtlustate, et Teil on tuberkuloos, v\u00f5tke \u00fchendust elukohaj\u00e4rgse tervisekeskusega","og_url":"https:\/\/tuberkuloosi.fi\/et\/abi\/tervishoiuteenused\/","og_site_name":"viro","article_modified_time":"2022-11-24T12:32:50+00:00","twitter_card":"summary_large_image","twitter_misc":{"Est. reading time":"2 minutes"},"schema":{"@context":"https:\/\/schema.org","@graph":[{"@type":"WebPage","@id":"https:\/\/tuberkuloosi.fi\/et\/abi\/tervishoiuteenused\/","url":"https:\/\/tuberkuloosi.fi\/et\/abi\/tervishoiuteenused\/","name":"Tervishoiuteenused - viro","isPartOf":{"@id":"https:\/\/tuberkuloosi.fi\/et\/#website"},"datePublished":"2016-06-29T08:04:10+00:00","dateModified":"2022-11-24T12:32:50+00:00","description":"Kui kahtlustate, et Teil on tuberkuloos, v\u00f5tke \u00fchendust elukohaj\u00e4rgse tervisekeskusega","breadcrumb":{"@id":"https:\/\/tuberkuloosi.fi\/et\/abi\/tervishoiuteenused\/#breadcrumb"},"inLanguage":"en-US","potentialAction":[{"@type":"ReadAction","target":["https:\/\/tuberkuloosi.fi\/et\/abi\/tervishoiuteenused\/"]}]},{"@type":"BreadcrumbList","@id":"https:\/\/tuberkuloosi.fi\/et\/abi\/tervishoiuteenused\/#breadcrumb","itemListElement":[{"@type":"ListItem","position":1,"name":"Etusivu","item":"https:\/\/tuberkuloosi.fi\/et\/"},{"@type":"ListItem","position":2,"name":"Abi","item":"https:\/\/tuberkuloosi.fi\/et\/abi\/"},{"@type":"ListItem","position":3,"name":"Tervishoiuteenused"}]},{"@type":"WebSite","@id":"https:\/\/tuberkuloosi.fi\/et\/#website","url":"https:\/\/tuberkuloosi.fi\/et\/","name":"viro","description":"Tuberkuloos on ravitav, teeme koos!","publisher":{"@id":"https:\/\/tuberkuloosi.fi\/et\/#organization"},"potentialAction":[{"@type":"SearchAction","target":{"@type":"EntryPoint","urlTemplate":"https:\/\/tuberkuloosi.fi\/et\/?s={search_term_string}"},"query-input":{"@type":"PropertyValueSpecification","valueRequired":true,"valueName":"search_term_string"}}],"inLanguage":"en-US"},{"@type":"Organization","@id":"https:\/\/tuberkuloosi.fi\/et\/#organization","name":"viro","url":"https:\/\/tuberkuloosi.fi\/et\/","logo":{"@type":"ImageObject","inLanguage":"en-US","@id":"https:\/\/tuberkuloosi.fi\/et\/#\/schema\/logo\/image\/","url":"https:\/\/tuberkuloosi.fi\/et\/wp-content\/uploads\/sites\/7\/2019\/08\/cropped-tuberkuloosi.fi-logo1.jpg","contentUrl":"https:\/\/tuberkuloosi.fi\/et\/wp-content\/uploads\/sites\/7\/2019\/08\/cropped-tuberkuloosi.fi-logo1.jpg","width":1598,"height":321,"caption":"viro"},"image":{"@id":"https:\/\/tuberkuloosi.fi\/et\/#\/schema\/logo\/image\/"}}]}},"_links":{"self":[{"href":"https:\/\/tuberkuloosi.fi\/et\/wp-json\/wp\/v2\/pages\/52","targetHints":{"allow":["GET"]}}],"collection":[{"href":"https:\/\/tuberkuloosi.fi\/et\/wp-json\/wp\/v2\/pages"}],"about":[{"href":"https:\/\/tuberkuloosi.fi\/et\/wp-json\/wp\/v2\/types\/page"}],"author":[{"embeddable":true,"href":"https:\/\/tuberkuloosi.fi\/et\/wp-json\/wp\/v2\/users\/1"}],"replies":[{"embeddable":true,"href":"https:\/\/tuberkuloosi.fi\/et\/wp-json\/wp\/v2\/comments?post=52"}],"version-history":[{"count":7,"href":"https:\/\/tuberkuloosi.fi\/et\/wp-json\/wp\/v2\/pages\/52\/revisions"}],"predecessor-version":[{"id":264,"href":"https:\/\/tuberkuloosi.fi\/et\/wp-json\/wp\/v2\/pages\/52\/revisions\/264"}],"up":[{"embeddable":true,"href":"https:\/\/tuberkuloosi.fi\/et\/wp-json\/wp\/v2\/pages\/50"}],"wp:attachment":[{"href":"https:\/\/tuberkuloosi.fi\/et\/wp-json\/wp\/v2\/media?parent=52"}],"curies":[{"name":"wp","href":"https:\/\/api.w.org\/{rel}","templated":true}]}}