{"id":58,"date":"2016-10-12T18:17:32","date_gmt":"2016-10-12T18:17:32","guid":{"rendered":"http:\/\/tuberkuloosi.fi\/et\/?page_id=58"},"modified":"2022-11-24T12:51:38","modified_gmt":"2022-11-24T12:51:38","slug":"tuberkuloosi-ravi","status":"publish","type":"page","link":"https:\/\/tuberkuloosi.fi\/et\/abi\/tuberkuloosi-ravi\/","title":{"rendered":"Tuberkuloosi ravi"},"content":{"rendered":"<p><img fetchpriority=\"high\" decoding=\"async\" class=\"alignright wp-image-124 size-full\" src=\"http:\/\/tuberkuloosi.fi\/wp-content\/uploads\/2014\/03\/mummo.jpg\" alt=\"Tuberkuloosi saab ravimitega ravida, v\u00e4lja arvatud \u00fcksikute eranditega.\" width=\"264\" height=\"504\" \/><\/p>\n<blockquote><p>Muretsemiseks ei ole p\u00f5hjust. Tuberkuloosi saab ravimitega ravida, v\u00e4lja arvatud \u00fcksikute eranditega. Siiski peate tingimata v\u00f5tma ravimeid hoolikalt arsti v\u00f5i \u00f5e ettekirjutuste j\u00e4rgi.<\/p><\/blockquote>\n<p>Tuberkuloosibakter on aeglaselt paljunev ja osad bakterid v\u00f5ivad j\u00e4\u00e4da mitte-paljunevasse staadiumisse pikaks ajaks. Antibiootikumid on k\u00f5ige efektiivsemad jagunevate bakterite suhtes. Lisaks v\u00f5ib esineda suure arvu tuberkuloosibakterite hulgas \u00fcksikuid baktereid, millesse osad ravimid ei toimi.<\/p>\n<p>Seet\u00f5ttu alustatakse ravi mitme erineva ravimiga samaaegselt. See on t\u00f5husam, h\u00e4vitamaks k\u00f5iki tuberkuloosibaktereid ja ennetamaks nende ravimiresistentseks muutumist.<\/p>\n<p>K\u00f5ige levinumad tuberkuloosiravimid on:<\/p>\n<ul>\n<li>rifampitsiin;<\/li>\n<li>isoniasiid;<\/li>\n<li>p\u00fcrasinamiid;<\/li>\n<li>etambutool.<\/li>\n<\/ul>\n<p style=\"text-align: center;\"><img decoding=\"async\" class=\"aligncenter wp-image-442 lazyload\" title=\"tuberkuloosil\u00e4\u00e4kkeit\u00e4\" data-src=\"http:\/\/tuberkuloosi.fi\/wp-content\/uploads\/2014\/03\/Tubil\u00e4\u00e4kkeet4web-600px.jpg\" alt=\"tuberkuloosi ravi\" width=\"360\" height=\"245\" src=\"data:image\/svg+xml;base64,PHN2ZyB3aWR0aD0iMSIgaGVpZ2h0PSIxIiB4bWxucz0iaHR0cDovL3d3dy53My5vcmcvMjAwMC9zdmciPjwvc3ZnPg==\" style=\"--smush-placeholder-width: 360px; --smush-placeholder-aspect-ratio: 360\/245;\" \/><\/p>\n<p>K\u00f5igi tuberkuloosibakterite h\u00e4vitamine v\u00f5tab v\u00e4ga kaua aega. Sellep\u00e4rast on vajalik ravimeid v\u00f5tta v\u00e4hemalt kuus kuud, sageli ka kauem. Tavaliselt kasutatakse esimese kahe kuu jooksul nelja erinevat ravimit ja p\u00e4rast seda j\u00e4tkub ravi kahe ravimiga.<\/p>\n<p>Tavaliselt tunnete end paremini juba p\u00e4rast m\u00f5nen\u00e4dalast ravimite v\u00f5tmist. Siiski on elusaid tuberkuloosibaktereid veel organismis alles. Isegi kui Teil pole enam s\u00fcmptome, on oluline j\u00e4tkata ravimite v\u00f5tmist, kuni k\u00f5ik bakterid on h\u00e4vitatud.<\/p>\n<p>Tuberkuloosiravi alustatakse haiglas. Teie raviarst teeb Teile individuaalse raviskeemi &#8211; ravimite ja annuste valiku ning ravikuuri pikkuse. Teie ravi puudutavate \u00fcksikasjade kohta saate lisateavet oma arstilt.<\/p>\n<h2 id=\"DOT\">Otseselt kontrollitud ravi<\/h2>\n<p>Tuberkuloosiravimeid antakse j\u00e4relvalve all.<\/p>\n<p>Tuberkuloosiravi vaatlemist nimetatakse otseselt kontrollitud raviks (DOT, Directly observed treatment). Osadel juhtudel on v\u00f5imalik j\u00e4lgida ravi ka video teel. Seda kutsutakse video-j\u00e4lgitud raviks. Patsient salvestab endast video, kuidas ta v\u00f5tab ravimeid, ning saadab selle \u00f5ele \u00fclevaatamiseks.<\/p>\n<p>Teil on \u00f5igus saada toetust ja n\u00f5ustamist ravipersonalilt kogu raviperioodi v\u00e4ltel. Kuna tuberkuloosiravi kestab kaua ja ravimite hulk on suur, v\u00f5ib olla igap\u00e4evane suure hulga ravimite v\u00f5tmine v\u00e4ljakutset pakkuv.<\/p>\n<p>Ravi j\u00e4lgimise eesm\u00e4rk on aidata patsiendil v\u00f5tta ravimeid regulaarselt ning aidata Teil v\u00f5imalikult kiiresti paraneda.<\/p>\n<p>Ravimeid v\u00f5etakse nii, et \u00f5de v\u00f5i muu meditsiinit\u00f6\u00f6taja j\u00e4lgib iga ravimiannuse neelamist.<\/p>\n<p>Samal ajal kontrollitakse Teid ravimite v\u00f5imalike <a href=\"https:\/\/tuberkuloosi.fi\/et\/abi\/tuberkuloosi-ravimite-korvaltoimed\/\">k\u00f5rvaltoimete suhtes<\/a>, j\u00e4lgitakse Teie paranemist ja vastatakse Teie k\u00fcsimustele. V\u00e4ikelaste puhul v\u00f5ivad vanemad lapsele ravimeid ise anda tervishoiut\u00f6\u00f6taja j\u00e4lgimisel.<\/p>\n<p>Teie raviarst otsustab, millal otseselt kontrollitud ravi alustada, muuta ja l\u00f5petada. Haiglas viibides j\u00e4lgib \u00f5de, et Te oma ravimeid v\u00f5taksite. Enne ravi j\u00e4tkamist kodus lepitakse kokku, kuidas Te saate ravimid p\u00e4rast haiglaravi. Ravimeid saab v\u00f5tta haigla ambulatoorses vastuv\u00f5tus, tervisekeskuses, t\u00f6\u00f6tervishoiukeskuses, koolis v\u00f5i varjupaigataotlejate vastuv\u00f5tukeskuses. Kui see on Teie seisundi t\u00f5ttu vajalik, saab \u00f5de kontrollida ravi Teie kodus v\u00f5i muus elukohas. Ravimeid antakse otsese kontrolli all 5-7 p\u00e4eval n\u00e4dalas, olenevalt Teie seisundist. Otseselt kontrollitud ravi organiseerimine erineb piirkonniti.<\/p>\n<p>Tuberkuloosiravimite v\u00f5tmise omaalgatuslik l\u00f5petamine v\u00f5i nende ebaregulaarselt v\u00f5tmine v\u00f5ib olla ohtlik. Tuberkuloosi p\u00f5hjustavad bakterid v\u00f5ivad paljuneda ja Teie ravi pikeneb. Tuberkuloosi p\u00f5hjustavad bakterid v\u00f5ivad muutuda saadud ravimitele resistentseks. Kui varem v\u00f5etud ravimid enam ei toimi, peate v\u00f5tma uusi ravimeid. Uusi ravimeid tuleb v\u00f5tta kauem ja tavaliselt p\u00f5hjustavad need rohkem k\u00f5rvaltoimeid.<\/p>\n<ul>\n<li>Tuberkuloosibaktereid on v\u00f5imalik likvideerida ainult regulaarselt tuberkuloosiravimeid v\u00f5ttes.<\/li>\n<li>Kui v\u00f5tate ravimeid juhiste kohaselt, saate tuberkuloosist terveks.<\/li>\n<li>\u00c4rge ise muutke v\u00f5i katkestage oma ravi.<\/li>\n<li>J\u00e4tkake ravimite v\u00f5tmist isegi siis, kui tunnete end paremini.<\/li>\n<li>Ravimite v\u00f5tmisega k\u00f5rvaldate haiguse levimise ohu.<\/li>\n<\/ul>\n<h3>Tuberkuloosi ravi j\u00e4lgimine<\/h3>\n<p>Teie paranemist j\u00e4lgitakse hoolikalt haigla ambulatoorses vastuv\u00f5tus 1\u20132 kuu pikkuste intervallide j\u00e4rel. J\u00e4relkontrollides tehakse tavaliselt r\u00f6ntgeni\u00fclesv\u00f5tteid rindkerest, v\u00f5etakse vere- ja r\u00f6gaanal\u00fc\u00fcse. Visiitide ajal saate esitada arstile k\u00fcsimusi.<\/p>\n","protected":false},"excerpt":{"rendered":"<p>Muretsemiseks ei ole p\u00f5hjust. Tuberkuloosi saab ravimitega ravida, v\u00e4lja arvatud \u00fcksikute eranditega. Siiski peate tingimata v\u00f5tma ravimeid hoolikalt arsti v\u00f5i \u00f5e ettekirjutuste j\u00e4rgi. Tuberkuloosibakter on aeglaselt paljunev ja osad bakterid v\u00f5ivad j\u00e4\u00e4da mitte-paljunevasse staadiumisse pikaks ajaks. Antibiootikumid on k\u00f5ige efektiivsemad jagunevate bakterite suhtes. Lisaks v\u00f5ib esineda suure arvu tuberkuloosibakterite hulgas \u00fcksikuid baktereid, millesse osad ravimid &#8230; <a title=\"Tuberkuloosi ravi\" class=\"read-more\" href=\"https:\/\/tuberkuloosi.fi\/et\/abi\/tuberkuloosi-ravi\/\">Read more<span class=\"screen-reader-text\">Tuberkuloosi ravi<\/span><\/a><\/p>\n","protected":false},"author":1,"featured_media":0,"parent":50,"menu_order":3,"comment_status":"closed","ping_status":"open","template":"","meta":{"footnotes":""},"class_list":["post-58","page","type-page","status-publish"],"yoast_head":"<!-- This site is optimized with the Yoast SEO plugin v27.5 - https:\/\/yoast.com\/product\/yoast-seo-wordpress\/ -->\n<title>Tuberkuloosi ravi - viro<\/title>\n<meta name=\"description\" content=\"Alustatakse tuberkuloosi ravi mitme erineva ravimiga samaaegselt. See on t\u00f5husam, h\u00e4vitamaks k\u00f5iki tuberkuloosibaktereid.\" \/>\n<meta name=\"robots\" content=\"index, follow, max-snippet:-1, max-image-preview:large, max-video-preview:-1\" \/>\n<link rel=\"canonical\" href=\"https:\/\/tuberkuloosi.fi\/et\/abi\/tuberkuloosi-ravi\/\" \/>\n<meta property=\"og:locale\" content=\"en_US\" \/>\n<meta property=\"og:type\" content=\"article\" \/>\n<meta property=\"og:title\" content=\"Tuberkuloosi ravi - viro\" \/>\n<meta property=\"og:description\" content=\"Alustatakse tuberkuloosi ravi mitme erineva ravimiga samaaegselt. See on t\u00f5husam, h\u00e4vitamaks k\u00f5iki tuberkuloosibaktereid.\" \/>\n<meta property=\"og:url\" content=\"https:\/\/tuberkuloosi.fi\/et\/abi\/tuberkuloosi-ravi\/\" \/>\n<meta property=\"og:site_name\" content=\"viro\" \/>\n<meta property=\"article:modified_time\" content=\"2022-11-24T12:51:38+00:00\" \/>\n<meta property=\"og:image\" content=\"http:\/\/tuberkuloosi.fi\/wp-content\/uploads\/2014\/03\/mummo.jpg\" \/>\n<meta name=\"twitter:card\" content=\"summary_large_image\" \/>\n<meta name=\"twitter:label1\" content=\"Est. reading time\" \/>\n\t<meta name=\"twitter:data1\" content=\"3 minutes\" \/>\n<script type=\"application\/ld+json\" class=\"yoast-schema-graph\">{\"@context\":\"https:\\\/\\\/schema.org\",\"@graph\":[{\"@type\":\"WebPage\",\"@id\":\"https:\\\/\\\/tuberkuloosi.fi\\\/et\\\/abi\\\/tuberkuloosi-ravi\\\/\",\"url\":\"https:\\\/\\\/tuberkuloosi.fi\\\/et\\\/abi\\\/tuberkuloosi-ravi\\\/\",\"name\":\"Tuberkuloosi ravi - viro\",\"isPartOf\":{\"@id\":\"https:\\\/\\\/tuberkuloosi.fi\\\/et\\\/#website\"},\"primaryImageOfPage\":{\"@id\":\"https:\\\/\\\/tuberkuloosi.fi\\\/et\\\/abi\\\/tuberkuloosi-ravi\\\/#primaryimage\"},\"image\":{\"@id\":\"https:\\\/\\\/tuberkuloosi.fi\\\/et\\\/abi\\\/tuberkuloosi-ravi\\\/#primaryimage\"},\"thumbnailUrl\":\"http:\\\/\\\/tuberkuloosi.fi\\\/wp-content\\\/uploads\\\/2014\\\/03\\\/mummo.jpg\",\"datePublished\":\"2016-10-12T18:17:32+00:00\",\"dateModified\":\"2022-11-24T12:51:38+00:00\",\"description\":\"Alustatakse tuberkuloosi ravi mitme erineva ravimiga samaaegselt. See on t\u00f5husam, h\u00e4vitamaks k\u00f5iki tuberkuloosibaktereid.\",\"breadcrumb\":{\"@id\":\"https:\\\/\\\/tuberkuloosi.fi\\\/et\\\/abi\\\/tuberkuloosi-ravi\\\/#breadcrumb\"},\"inLanguage\":\"en-US\",\"potentialAction\":[{\"@type\":\"ReadAction\",\"target\":[\"https:\\\/\\\/tuberkuloosi.fi\\\/et\\\/abi\\\/tuberkuloosi-ravi\\\/\"]}]},{\"@type\":\"ImageObject\",\"inLanguage\":\"en-US\",\"@id\":\"https:\\\/\\\/tuberkuloosi.fi\\\/et\\\/abi\\\/tuberkuloosi-ravi\\\/#primaryimage\",\"url\":\"http:\\\/\\\/tuberkuloosi.fi\\\/wp-content\\\/uploads\\\/2014\\\/03\\\/mummo.jpg\",\"contentUrl\":\"http:\\\/\\\/tuberkuloosi.fi\\\/wp-content\\\/uploads\\\/2014\\\/03\\\/mummo.jpg\"},{\"@type\":\"BreadcrumbList\",\"@id\":\"https:\\\/\\\/tuberkuloosi.fi\\\/et\\\/abi\\\/tuberkuloosi-ravi\\\/#breadcrumb\",\"itemListElement\":[{\"@type\":\"ListItem\",\"position\":1,\"name\":\"Etusivu\",\"item\":\"https:\\\/\\\/tuberkuloosi.fi\\\/et\\\/\"},{\"@type\":\"ListItem\",\"position\":2,\"name\":\"Abi\",\"item\":\"https:\\\/\\\/tuberkuloosi.fi\\\/et\\\/abi\\\/\"},{\"@type\":\"ListItem\",\"position\":3,\"name\":\"Tuberkuloosi ravi\"}]},{\"@type\":\"WebSite\",\"@id\":\"https:\\\/\\\/tuberkuloosi.fi\\\/et\\\/#website\",\"url\":\"https:\\\/\\\/tuberkuloosi.fi\\\/et\\\/\",\"name\":\"viro\",\"description\":\"Tuberkuloos on ravitav, teeme koos!\",\"publisher\":{\"@id\":\"https:\\\/\\\/tuberkuloosi.fi\\\/et\\\/#organization\"},\"potentialAction\":[{\"@type\":\"SearchAction\",\"target\":{\"@type\":\"EntryPoint\",\"urlTemplate\":\"https:\\\/\\\/tuberkuloosi.fi\\\/et\\\/?s={search_term_string}\"},\"query-input\":{\"@type\":\"PropertyValueSpecification\",\"valueRequired\":true,\"valueName\":\"search_term_string\"}}],\"inLanguage\":\"en-US\"},{\"@type\":\"Organization\",\"@id\":\"https:\\\/\\\/tuberkuloosi.fi\\\/et\\\/#organization\",\"name\":\"viro\",\"url\":\"https:\\\/\\\/tuberkuloosi.fi\\\/et\\\/\",\"logo\":{\"@type\":\"ImageObject\",\"inLanguage\":\"en-US\",\"@id\":\"https:\\\/\\\/tuberkuloosi.fi\\\/et\\\/#\\\/schema\\\/logo\\\/image\\\/\",\"url\":\"https:\\\/\\\/tuberkuloosi.fi\\\/et\\\/wp-content\\\/uploads\\\/sites\\\/7\\\/2019\\\/08\\\/cropped-tuberkuloosi.fi-logo1.jpg\",\"contentUrl\":\"https:\\\/\\\/tuberkuloosi.fi\\\/et\\\/wp-content\\\/uploads\\\/sites\\\/7\\\/2019\\\/08\\\/cropped-tuberkuloosi.fi-logo1.jpg\",\"width\":1598,\"height\":321,\"caption\":\"viro\"},\"image\":{\"@id\":\"https:\\\/\\\/tuberkuloosi.fi\\\/et\\\/#\\\/schema\\\/logo\\\/image\\\/\"}}]}<\/script>\n<!-- \/ Yoast SEO plugin. -->","yoast_head_json":{"title":"Tuberkuloosi ravi - viro","description":"Alustatakse tuberkuloosi ravi mitme erineva ravimiga samaaegselt. See on t\u00f5husam, h\u00e4vitamaks k\u00f5iki tuberkuloosibaktereid.","robots":{"index":"index","follow":"follow","max-snippet":"max-snippet:-1","max-image-preview":"max-image-preview:large","max-video-preview":"max-video-preview:-1"},"canonical":"https:\/\/tuberkuloosi.fi\/et\/abi\/tuberkuloosi-ravi\/","og_locale":"en_US","og_type":"article","og_title":"Tuberkuloosi ravi - viro","og_description":"Alustatakse tuberkuloosi ravi mitme erineva ravimiga samaaegselt. See on t\u00f5husam, h\u00e4vitamaks k\u00f5iki tuberkuloosibaktereid.","og_url":"https:\/\/tuberkuloosi.fi\/et\/abi\/tuberkuloosi-ravi\/","og_site_name":"viro","article_modified_time":"2022-11-24T12:51:38+00:00","og_image":[{"url":"http:\/\/tuberkuloosi.fi\/wp-content\/uploads\/2014\/03\/mummo.jpg","type":"","width":"","height":""}],"twitter_card":"summary_large_image","twitter_misc":{"Est. reading time":"3 minutes"},"schema":{"@context":"https:\/\/schema.org","@graph":[{"@type":"WebPage","@id":"https:\/\/tuberkuloosi.fi\/et\/abi\/tuberkuloosi-ravi\/","url":"https:\/\/tuberkuloosi.fi\/et\/abi\/tuberkuloosi-ravi\/","name":"Tuberkuloosi ravi - viro","isPartOf":{"@id":"https:\/\/tuberkuloosi.fi\/et\/#website"},"primaryImageOfPage":{"@id":"https:\/\/tuberkuloosi.fi\/et\/abi\/tuberkuloosi-ravi\/#primaryimage"},"image":{"@id":"https:\/\/tuberkuloosi.fi\/et\/abi\/tuberkuloosi-ravi\/#primaryimage"},"thumbnailUrl":"http:\/\/tuberkuloosi.fi\/wp-content\/uploads\/2014\/03\/mummo.jpg","datePublished":"2016-10-12T18:17:32+00:00","dateModified":"2022-11-24T12:51:38+00:00","description":"Alustatakse tuberkuloosi ravi mitme erineva ravimiga samaaegselt. See on t\u00f5husam, h\u00e4vitamaks k\u00f5iki tuberkuloosibaktereid.","breadcrumb":{"@id":"https:\/\/tuberkuloosi.fi\/et\/abi\/tuberkuloosi-ravi\/#breadcrumb"},"inLanguage":"en-US","potentialAction":[{"@type":"ReadAction","target":["https:\/\/tuberkuloosi.fi\/et\/abi\/tuberkuloosi-ravi\/"]}]},{"@type":"ImageObject","inLanguage":"en-US","@id":"https:\/\/tuberkuloosi.fi\/et\/abi\/tuberkuloosi-ravi\/#primaryimage","url":"http:\/\/tuberkuloosi.fi\/wp-content\/uploads\/2014\/03\/mummo.jpg","contentUrl":"http:\/\/tuberkuloosi.fi\/wp-content\/uploads\/2014\/03\/mummo.jpg"},{"@type":"BreadcrumbList","@id":"https:\/\/tuberkuloosi.fi\/et\/abi\/tuberkuloosi-ravi\/#breadcrumb","itemListElement":[{"@type":"ListItem","position":1,"name":"Etusivu","item":"https:\/\/tuberkuloosi.fi\/et\/"},{"@type":"ListItem","position":2,"name":"Abi","item":"https:\/\/tuberkuloosi.fi\/et\/abi\/"},{"@type":"ListItem","position":3,"name":"Tuberkuloosi ravi"}]},{"@type":"WebSite","@id":"https:\/\/tuberkuloosi.fi\/et\/#website","url":"https:\/\/tuberkuloosi.fi\/et\/","name":"viro","description":"Tuberkuloos on ravitav, teeme koos!","publisher":{"@id":"https:\/\/tuberkuloosi.fi\/et\/#organization"},"potentialAction":[{"@type":"SearchAction","target":{"@type":"EntryPoint","urlTemplate":"https:\/\/tuberkuloosi.fi\/et\/?s={search_term_string}"},"query-input":{"@type":"PropertyValueSpecification","valueRequired":true,"valueName":"search_term_string"}}],"inLanguage":"en-US"},{"@type":"Organization","@id":"https:\/\/tuberkuloosi.fi\/et\/#organization","name":"viro","url":"https:\/\/tuberkuloosi.fi\/et\/","logo":{"@type":"ImageObject","inLanguage":"en-US","@id":"https:\/\/tuberkuloosi.fi\/et\/#\/schema\/logo\/image\/","url":"https:\/\/tuberkuloosi.fi\/et\/wp-content\/uploads\/sites\/7\/2019\/08\/cropped-tuberkuloosi.fi-logo1.jpg","contentUrl":"https:\/\/tuberkuloosi.fi\/et\/wp-content\/uploads\/sites\/7\/2019\/08\/cropped-tuberkuloosi.fi-logo1.jpg","width":1598,"height":321,"caption":"viro"},"image":{"@id":"https:\/\/tuberkuloosi.fi\/et\/#\/schema\/logo\/image\/"}}]}},"_links":{"self":[{"href":"https:\/\/tuberkuloosi.fi\/et\/wp-json\/wp\/v2\/pages\/58","targetHints":{"allow":["GET"]}}],"collection":[{"href":"https:\/\/tuberkuloosi.fi\/et\/wp-json\/wp\/v2\/pages"}],"about":[{"href":"https:\/\/tuberkuloosi.fi\/et\/wp-json\/wp\/v2\/types\/page"}],"author":[{"embeddable":true,"href":"https:\/\/tuberkuloosi.fi\/et\/wp-json\/wp\/v2\/users\/1"}],"replies":[{"embeddable":true,"href":"https:\/\/tuberkuloosi.fi\/et\/wp-json\/wp\/v2\/comments?post=58"}],"version-history":[{"count":3,"href":"https:\/\/tuberkuloosi.fi\/et\/wp-json\/wp\/v2\/pages\/58\/revisions"}],"predecessor-version":[{"id":266,"href":"https:\/\/tuberkuloosi.fi\/et\/wp-json\/wp\/v2\/pages\/58\/revisions\/266"}],"up":[{"embeddable":true,"href":"https:\/\/tuberkuloosi.fi\/et\/wp-json\/wp\/v2\/pages\/50"}],"wp:attachment":[{"href":"https:\/\/tuberkuloosi.fi\/et\/wp-json\/wp\/v2\/media?parent=58"}],"curies":[{"name":"wp","href":"https:\/\/api.w.org\/{rel}","templated":true}]}}