{"id":60,"date":"2016-10-12T18:25:06","date_gmt":"2016-10-12T18:25:06","guid":{"rendered":"http:\/\/tuberkuloosi.fi\/et\/?page_id=60"},"modified":"2022-11-24T13:15:31","modified_gmt":"2022-11-24T13:15:31","slug":"tuberkuloosiravimite-korvaltoimed","status":"publish","type":"page","link":"https:\/\/tuberkuloosi.fi\/et\/abi\/tuberkuloosiravimite-korvaltoimed\/","title":{"rendered":"Tuberkuloosiravimite k\u00f5rvaltoimed"},"content":{"rendered":"<p>Tuberkuloosiravimitel v\u00f5ib olla\u00a0 k\u00f5rvaltoimeid. Kui Te kahtlustate k\u00f5rvaltoimeid, andke sellest oma arstile v\u00f5i \u00f5ele teada.<\/p>\n<p>Enamik tuberkuloosiravimite k\u00f5rvaltoimeid on kerged ja kaovad, kui j\u00e4tkata ravimite v\u00f5tmist, v\u00f5i neid on v\u00f5imalik leevendada. Keskmiselt tekib tuberkuloosiravimite v\u00f5tmisel raskemaid k\u00f5rvaltoimeid \u00fchel inimesel k\u00fcmnest. Sellisel juhul v\u00f5ib olla vajalik ravimite v\u00f5tmine ajutiselt peatada.<\/p>\n<p>Arst peab arvestama tuberkuloosiravimite ja m\u00f5ningate teiste ravimite samaaegse v\u00f5tmisega. Sellep\u00e4rast on oluline, et Teie arst teaks k\u00f5iki ravimeid, mida Te v\u00f5tate (diabeediravimid, trombide teket ennetavad ravimid, rasestumisvastased vahendid jt). Samuti r\u00e4\u00e4kige arstile, kui Te v\u00f5tate taimseid preparaate v\u00f5i toidulisandeid, kuna ka nendel v\u00f5ib esineda koostoimeid tuberkuloosiravimitega.<\/p>\n<p><strong>Kerged k\u00f5rvaltoimed<\/strong> esinevad sageli ja on ebameeldivad, kuid need ei tohiks takistada ravimite v\u00f5tmise j\u00e4tkamist. R\u00e4\u00e4kige oma s\u00fcmptomitest Teie ravi eest vastutavatele isikutele ja nad p\u00fc\u00fcavad leida viisi nende leevendamiseks. Kergete k\u00f5rvaltoimete hulka kuuluvad:<\/p>\n<ul>\n<li>Oran\u017ei v\u00e4rvi uriin, s\u00fclg v\u00f5i pisarad. Seda p\u00f5hjustab rifampitsiin. V\u00e4rvuda v\u00f5ivad ka kontaktl\u00e4\u00e4tsed, seep\u00e4rast ei tohi neid rifampitsiini v\u00f5tmise ajal kasutada.<\/li>\n<li>Naha punetus ja s\u00fcgelemine kokkupuutel p\u00e4ikesevalgusega. M\u00f5ned tuberkuloosiravimid, nt p\u00fcrasiinamiid, teevad naha p\u00e4ikesevalgusele tundlikuks. Teie arst soovitab Teil kasutada p\u00e4ikesekaitsekreemi v\u00f5i kaitsta oma nahka riietega.<\/li>\n<li>Akne v\u00f5ib \u00e4geneda isoniasiidravi ajal. Seda saab ravida toopilise akneravimiga.<\/li>\n<li>Juuste v\u00e4ljalangemist v\u00f5ib esineda isoniasiidravi ajal. See m\u00f6\u00f6dub p\u00e4rast ravi l\u00f5ppu.<\/li>\n<li>2 kuni 3 tundi p\u00e4rast p\u00e4rast rifampitsiini v\u00f5i p\u00fcrasiinamiidi v\u00f5tmist v\u00f5ib esineda episoodilist n\u00e4o v\u00f5i peanaha punetust v\u00f5i s\u00fcgelust. Neid s\u00fcmptomeid saab ravida antihistamiinikumidega.<\/li>\n<li>Hootine n\u00e4o punetus koos peavalu, s\u00fcdamekloppimise, verer\u00f5hu t\u00f5usu v\u00f5i langusega, (mis v\u00f5ib p\u00f5hjustada minestust) on seotud t\u00fcramiini ja histamiini sisaldavate toitude tarbimisega isoniasiidravi ajal. Selle reaktsiooni teke on individuaalne. Seda reaktsiooni saab ennetada isoniasiidravi ajal j\u00e4rgmiste toitude v\u00e4ltimisega:\n<ul>\n<li>laagerdunud juustud<\/li>\n<li>punane vein<\/li>\n<li>tuunikala<\/li>\n<li>vinnutatud vorstid<\/li>\n<\/ul>\n<\/li>\n<li>V\u00e4simus, keskendumisraskused, kergesti \u00e4rritumine, meeleolu k\u00f5ikumised &#8211; need vajavad kaaslastega r\u00e4\u00e4kimist ja l\u00e4hedaste poolt toetamist.<\/li>\n<li>Uneh\u00e4ired. Neid saab leevendada treeninguga, kofeiini tarbimise v\u00e4hendamisega ning melatoniini kasutamisega.<\/li>\n<li>Pidage kinni heast suuh\u00fcgieenist ja jooge piisavalt vett (t\u00e4iskasvanu v\u00e4hemalt 1,5 liitrit p\u00e4evas). Proovige suukuivusele m\u00f5eldud toopilisi k\u00e4sim\u00fc\u00fcgiravimeid v\u00f5i m\u00e4\u00e4rige limaskestadele k\u00fcpsetus- v\u00f5i oliivi\u00f5li.<\/li>\n<li>Metallimaitse suus. Ks\u00fclitooli sisaldavate n\u00e4rimiskummide v\u00f5i kurgupastillide kasutamine v\u00f5ib seda leevendada.<\/li>\n<\/ul>\n<p><strong>T\u00f5sised k\u00f5rvaltoimed<\/strong> on haruldased, kuid nende tekkimisel peab v\u00e4hemalt ajutiselt katkestama neid p\u00f5hjustavate ravimite manustamise. V\u00f5tke kohe \u00fchendust Teie ravi eest vastutava isikuga, kui Teil esineb j\u00e4rgmisi s\u00fcmptomeid:<\/p>\n<ul>\n<li>Oksendamine ja tugev k\u00f5huvalu<\/li>\n<li>Nahk v\u00f5i silmavalged muutuvad kollakaks\n<ul>\n<li>Nende s\u00fcmptomite p\u00f5hjuseks v\u00f5ib olla tuberkuloosiravimitest p\u00f5hjustatud hepatiit. Ravi saamise ajal j\u00e4lgitakse maksafunktsiooni regulaarselt vereanal\u00fc\u00fcsidega.<\/li>\n<\/ul>\n<\/li>\n<li>Palavik, s\u00fcgelev nahal\u00f6\u00f6ve ja nahavillide teke<\/li>\n<li>Igemete, huulte v\u00f5i silmalaugude turse ja \u00f5hupuudus<\/li>\n<li>Tugev valu liigestes v\u00f5i lihastes, mis takistab liikumist<\/li>\n<li>Peap\u00f6\u00f6ritus<\/li>\n<li>Kohin k\u00f5rvus v\u00f5i kuulmislangus<\/li>\n<li>Uriini hulga v\u00e4henemine, uriini v\u00e4rvi muutumine v\u00e4ga tumedaks<\/li>\n<li>N\u00e4gemislangus<\/li>\n<li>Krambihoog<\/li>\n<li>Hallutsinatsioonid (veidrate asjade n\u00e4gemine v\u00f5i kuulmine)<\/li>\n<li>Enesetapum\u00f5tted, tugevad meeleolumuutused<\/li>\n<\/ul>\n<p>Teatud m\u00e4\u00e4ral saab tuberkuloosi ravimite k\u00f5rvaltoimeid v\u00e4ltida. Nt isoniasiid p\u00f5hjustab tihti perifeerset neuropaatiat, millele on omane k\u00e4te ja jalgade tuimus, valu ja surin. Neid k\u00f5rvaltoimeid saab v\u00e4ltida B<sub>6<\/sub>&#8211; vitamiini manustamisega.<\/p>\n<p>Alkoholi tarvitamine tuberkuloosi ravi ajal suurendab hepatiidi tekkeohtu. Sel p\u00f5hjusel on oluline ravi ajal alkoholist t\u00e4ielikult loobuda.<\/p>\n","protected":false},"excerpt":{"rendered":"<p>Tuberkuloosiravimitel v\u00f5ib olla\u00a0 k\u00f5rvaltoimeid. Kui Te kahtlustate k\u00f5rvaltoimeid, andke sellest oma arstile v\u00f5i \u00f5ele teada. Enamik tuberkuloosiravimite k\u00f5rvaltoimeid on kerged ja kaovad, kui j\u00e4tkata ravimite v\u00f5tmist, v\u00f5i neid on v\u00f5imalik leevendada. Keskmiselt tekib tuberkuloosiravimite v\u00f5tmisel raskemaid k\u00f5rvaltoimeid \u00fchel inimesel k\u00fcmnest. Sellisel juhul v\u00f5ib olla vajalik ravimite v\u00f5tmine ajutiselt peatada. Arst peab arvestama tuberkuloosiravimite ja m\u00f5ningate &#8230; <a title=\"Tuberkuloosiravimite k\u00f5rvaltoimed\" class=\"read-more\" href=\"https:\/\/tuberkuloosi.fi\/et\/abi\/tuberkuloosiravimite-korvaltoimed\/\">Read more<span class=\"screen-reader-text\">Tuberkuloosiravimite k\u00f5rvaltoimed<\/span><\/a><\/p>\n","protected":false},"author":1,"featured_media":0,"parent":50,"menu_order":4,"comment_status":"closed","ping_status":"open","template":"","meta":{"footnotes":""},"class_list":["post-60","page","type-page","status-publish"],"yoast_head":"<!-- This site is optimized with the Yoast SEO plugin v27.5 - https:\/\/yoast.com\/product\/yoast-seo-wordpress\/ -->\n<title>Tuberkuloosiravimite k\u00f5rvaltoimed - viro<\/title>\n<meta name=\"description\" content=\"Tuberkuloosiravimitel v\u00f5ib olla k\u00f5rvaltoimeid. Kui Te kahtlustate k\u00f5rvaltoimeid, andke sellest oma arstile v\u00f5i \u00f5ele teada.\" \/>\n<meta name=\"robots\" content=\"index, follow, max-snippet:-1, max-image-preview:large, max-video-preview:-1\" \/>\n<link rel=\"canonical\" href=\"https:\/\/tuberkuloosi.fi\/et\/abi\/tuberkuloosiravimite-korvaltoimed\/\" \/>\n<meta property=\"og:locale\" content=\"en_US\" \/>\n<meta property=\"og:type\" content=\"article\" \/>\n<meta property=\"og:title\" content=\"Tuberkuloosiravimite k\u00f5rvaltoimed - viro\" \/>\n<meta property=\"og:description\" content=\"Tuberkuloosiravimitel v\u00f5ib olla k\u00f5rvaltoimeid. Kui Te kahtlustate k\u00f5rvaltoimeid, andke sellest oma arstile v\u00f5i \u00f5ele teada.\" \/>\n<meta property=\"og:url\" content=\"https:\/\/tuberkuloosi.fi\/et\/abi\/tuberkuloosiravimite-korvaltoimed\/\" \/>\n<meta property=\"og:site_name\" content=\"viro\" \/>\n<meta property=\"article:modified_time\" content=\"2022-11-24T13:15:31+00:00\" \/>\n<meta name=\"twitter:card\" content=\"summary_large_image\" \/>\n<meta name=\"twitter:label1\" content=\"Est. reading time\" \/>\n\t<meta name=\"twitter:data1\" content=\"3 minutes\" \/>\n<script type=\"application\/ld+json\" class=\"yoast-schema-graph\">{\"@context\":\"https:\\\/\\\/schema.org\",\"@graph\":[{\"@type\":\"WebPage\",\"@id\":\"https:\\\/\\\/tuberkuloosi.fi\\\/et\\\/abi\\\/tuberkuloosiravimite-korvaltoimed\\\/\",\"url\":\"https:\\\/\\\/tuberkuloosi.fi\\\/et\\\/abi\\\/tuberkuloosiravimite-korvaltoimed\\\/\",\"name\":\"Tuberkuloosiravimite k\u00f5rvaltoimed - viro\",\"isPartOf\":{\"@id\":\"https:\\\/\\\/tuberkuloosi.fi\\\/et\\\/#website\"},\"datePublished\":\"2016-10-12T18:25:06+00:00\",\"dateModified\":\"2022-11-24T13:15:31+00:00\",\"description\":\"Tuberkuloosiravimitel v\u00f5ib olla k\u00f5rvaltoimeid. Kui Te kahtlustate k\u00f5rvaltoimeid, andke sellest oma arstile v\u00f5i \u00f5ele teada.\",\"breadcrumb\":{\"@id\":\"https:\\\/\\\/tuberkuloosi.fi\\\/et\\\/abi\\\/tuberkuloosiravimite-korvaltoimed\\\/#breadcrumb\"},\"inLanguage\":\"en-US\",\"potentialAction\":[{\"@type\":\"ReadAction\",\"target\":[\"https:\\\/\\\/tuberkuloosi.fi\\\/et\\\/abi\\\/tuberkuloosiravimite-korvaltoimed\\\/\"]}]},{\"@type\":\"BreadcrumbList\",\"@id\":\"https:\\\/\\\/tuberkuloosi.fi\\\/et\\\/abi\\\/tuberkuloosiravimite-korvaltoimed\\\/#breadcrumb\",\"itemListElement\":[{\"@type\":\"ListItem\",\"position\":1,\"name\":\"Etusivu\",\"item\":\"https:\\\/\\\/tuberkuloosi.fi\\\/et\\\/\"},{\"@type\":\"ListItem\",\"position\":2,\"name\":\"Abi\",\"item\":\"https:\\\/\\\/tuberkuloosi.fi\\\/et\\\/abi\\\/\"},{\"@type\":\"ListItem\",\"position\":3,\"name\":\"Tuberkuloosiravimite k\u00f5rvaltoimed\"}]},{\"@type\":\"WebSite\",\"@id\":\"https:\\\/\\\/tuberkuloosi.fi\\\/et\\\/#website\",\"url\":\"https:\\\/\\\/tuberkuloosi.fi\\\/et\\\/\",\"name\":\"viro\",\"description\":\"Tuberkuloos on ravitav, teeme koos!\",\"publisher\":{\"@id\":\"https:\\\/\\\/tuberkuloosi.fi\\\/et\\\/#organization\"},\"potentialAction\":[{\"@type\":\"SearchAction\",\"target\":{\"@type\":\"EntryPoint\",\"urlTemplate\":\"https:\\\/\\\/tuberkuloosi.fi\\\/et\\\/?s={search_term_string}\"},\"query-input\":{\"@type\":\"PropertyValueSpecification\",\"valueRequired\":true,\"valueName\":\"search_term_string\"}}],\"inLanguage\":\"en-US\"},{\"@type\":\"Organization\",\"@id\":\"https:\\\/\\\/tuberkuloosi.fi\\\/et\\\/#organization\",\"name\":\"viro\",\"url\":\"https:\\\/\\\/tuberkuloosi.fi\\\/et\\\/\",\"logo\":{\"@type\":\"ImageObject\",\"inLanguage\":\"en-US\",\"@id\":\"https:\\\/\\\/tuberkuloosi.fi\\\/et\\\/#\\\/schema\\\/logo\\\/image\\\/\",\"url\":\"https:\\\/\\\/tuberkuloosi.fi\\\/et\\\/wp-content\\\/uploads\\\/sites\\\/7\\\/2019\\\/08\\\/cropped-tuberkuloosi.fi-logo1.jpg\",\"contentUrl\":\"https:\\\/\\\/tuberkuloosi.fi\\\/et\\\/wp-content\\\/uploads\\\/sites\\\/7\\\/2019\\\/08\\\/cropped-tuberkuloosi.fi-logo1.jpg\",\"width\":1598,\"height\":321,\"caption\":\"viro\"},\"image\":{\"@id\":\"https:\\\/\\\/tuberkuloosi.fi\\\/et\\\/#\\\/schema\\\/logo\\\/image\\\/\"}}]}<\/script>\n<!-- \/ Yoast SEO plugin. -->","yoast_head_json":{"title":"Tuberkuloosiravimite k\u00f5rvaltoimed - viro","description":"Tuberkuloosiravimitel v\u00f5ib olla k\u00f5rvaltoimeid. Kui Te kahtlustate k\u00f5rvaltoimeid, andke sellest oma arstile v\u00f5i \u00f5ele teada.","robots":{"index":"index","follow":"follow","max-snippet":"max-snippet:-1","max-image-preview":"max-image-preview:large","max-video-preview":"max-video-preview:-1"},"canonical":"https:\/\/tuberkuloosi.fi\/et\/abi\/tuberkuloosiravimite-korvaltoimed\/","og_locale":"en_US","og_type":"article","og_title":"Tuberkuloosiravimite k\u00f5rvaltoimed - viro","og_description":"Tuberkuloosiravimitel v\u00f5ib olla k\u00f5rvaltoimeid. Kui Te kahtlustate k\u00f5rvaltoimeid, andke sellest oma arstile v\u00f5i \u00f5ele teada.","og_url":"https:\/\/tuberkuloosi.fi\/et\/abi\/tuberkuloosiravimite-korvaltoimed\/","og_site_name":"viro","article_modified_time":"2022-11-24T13:15:31+00:00","twitter_card":"summary_large_image","twitter_misc":{"Est. reading time":"3 minutes"},"schema":{"@context":"https:\/\/schema.org","@graph":[{"@type":"WebPage","@id":"https:\/\/tuberkuloosi.fi\/et\/abi\/tuberkuloosiravimite-korvaltoimed\/","url":"https:\/\/tuberkuloosi.fi\/et\/abi\/tuberkuloosiravimite-korvaltoimed\/","name":"Tuberkuloosiravimite k\u00f5rvaltoimed - viro","isPartOf":{"@id":"https:\/\/tuberkuloosi.fi\/et\/#website"},"datePublished":"2016-10-12T18:25:06+00:00","dateModified":"2022-11-24T13:15:31+00:00","description":"Tuberkuloosiravimitel v\u00f5ib olla k\u00f5rvaltoimeid. Kui Te kahtlustate k\u00f5rvaltoimeid, andke sellest oma arstile v\u00f5i \u00f5ele teada.","breadcrumb":{"@id":"https:\/\/tuberkuloosi.fi\/et\/abi\/tuberkuloosiravimite-korvaltoimed\/#breadcrumb"},"inLanguage":"en-US","potentialAction":[{"@type":"ReadAction","target":["https:\/\/tuberkuloosi.fi\/et\/abi\/tuberkuloosiravimite-korvaltoimed\/"]}]},{"@type":"BreadcrumbList","@id":"https:\/\/tuberkuloosi.fi\/et\/abi\/tuberkuloosiravimite-korvaltoimed\/#breadcrumb","itemListElement":[{"@type":"ListItem","position":1,"name":"Etusivu","item":"https:\/\/tuberkuloosi.fi\/et\/"},{"@type":"ListItem","position":2,"name":"Abi","item":"https:\/\/tuberkuloosi.fi\/et\/abi\/"},{"@type":"ListItem","position":3,"name":"Tuberkuloosiravimite k\u00f5rvaltoimed"}]},{"@type":"WebSite","@id":"https:\/\/tuberkuloosi.fi\/et\/#website","url":"https:\/\/tuberkuloosi.fi\/et\/","name":"viro","description":"Tuberkuloos on ravitav, teeme koos!","publisher":{"@id":"https:\/\/tuberkuloosi.fi\/et\/#organization"},"potentialAction":[{"@type":"SearchAction","target":{"@type":"EntryPoint","urlTemplate":"https:\/\/tuberkuloosi.fi\/et\/?s={search_term_string}"},"query-input":{"@type":"PropertyValueSpecification","valueRequired":true,"valueName":"search_term_string"}}],"inLanguage":"en-US"},{"@type":"Organization","@id":"https:\/\/tuberkuloosi.fi\/et\/#organization","name":"viro","url":"https:\/\/tuberkuloosi.fi\/et\/","logo":{"@type":"ImageObject","inLanguage":"en-US","@id":"https:\/\/tuberkuloosi.fi\/et\/#\/schema\/logo\/image\/","url":"https:\/\/tuberkuloosi.fi\/et\/wp-content\/uploads\/sites\/7\/2019\/08\/cropped-tuberkuloosi.fi-logo1.jpg","contentUrl":"https:\/\/tuberkuloosi.fi\/et\/wp-content\/uploads\/sites\/7\/2019\/08\/cropped-tuberkuloosi.fi-logo1.jpg","width":1598,"height":321,"caption":"viro"},"image":{"@id":"https:\/\/tuberkuloosi.fi\/et\/#\/schema\/logo\/image\/"}}]}},"_links":{"self":[{"href":"https:\/\/tuberkuloosi.fi\/et\/wp-json\/wp\/v2\/pages\/60","targetHints":{"allow":["GET"]}}],"collection":[{"href":"https:\/\/tuberkuloosi.fi\/et\/wp-json\/wp\/v2\/pages"}],"about":[{"href":"https:\/\/tuberkuloosi.fi\/et\/wp-json\/wp\/v2\/types\/page"}],"author":[{"embeddable":true,"href":"https:\/\/tuberkuloosi.fi\/et\/wp-json\/wp\/v2\/users\/1"}],"replies":[{"embeddable":true,"href":"https:\/\/tuberkuloosi.fi\/et\/wp-json\/wp\/v2\/comments?post=60"}],"version-history":[{"count":3,"href":"https:\/\/tuberkuloosi.fi\/et\/wp-json\/wp\/v2\/pages\/60\/revisions"}],"predecessor-version":[{"id":268,"href":"https:\/\/tuberkuloosi.fi\/et\/wp-json\/wp\/v2\/pages\/60\/revisions\/268"}],"up":[{"embeddable":true,"href":"https:\/\/tuberkuloosi.fi\/et\/wp-json\/wp\/v2\/pages\/50"}],"wp:attachment":[{"href":"https:\/\/tuberkuloosi.fi\/et\/wp-json\/wp\/v2\/media?parent=60"}],"curies":[{"name":"wp","href":"https:\/\/api.w.org\/{rel}","templated":true}]}}