{"id":10,"date":"2016-11-19T23:22:46","date_gmt":"2016-11-19T23:22:46","guid":{"rendered":"http:\/\/tuberkuloosi.fi\/se\/?page_id=10"},"modified":"2023-01-04T09:03:10","modified_gmt":"2023-01-04T09:03:10","slug":"vad-ar-tuberkulos","status":"publish","type":"page","link":"https:\/\/tuberkuloosi.fi\/se\/tuberkulos\/vad-ar-tuberkulos\/","title":{"rendered":"Vad \u00e4r tuberkulos?"},"content":{"rendered":"<p><img fetchpriority=\"high\" decoding=\"async\" class=\"alignright wp-image-392 size-medium\" src=\"http:\/\/tuberkuloosi.fi\/wp-content\/uploads\/2014\/03\/1951-204x300.jpg\" alt=\"vad \u00e4r tuberkulos, julm\u00e4rke, 1951\" width=\"204\" height=\"300\" \/>Tuberkulos \u00e4r en infektionssjukdom. Sjukdomen orsakas av <em>Mycobacterium tuberculosis<\/em> -bakterien. Tuberkulos sprids via luften fr\u00e5n person till person.<\/p>\n<p>Tuberkulosen angriper vanligast lungorna (lungtuberkulos), d\u00e4r en inflammationsh\u00e4rd kan bildas. D\u00e4rifr\u00e5n kan bakterier spridas genom blodet eller lymfv\u00e4tskan till andra delar av kroppen. D\u00e4rf\u00f6r kan tuberkulos \u00e4ven f\u00f6rekomma till exempel i lymfk\u00f6rtlar, i skelettet, urogenitalt, i det centrala nervsystemet, i huden eller som en allm\u00e4nt utbredd infektion. Tuberkulos kan botas och utredning och v\u00e5rd av tuberkulos \u00e4r gratis f\u00f6r patienten.<\/p>\n<p>Tuberkulos \u00e4r vanlig i n\u00e4stan hela Asien, i Afrika, i Syd- och Centralamerika och i en stor del av \u00d6steuropa. \u00c5rligen insjuknar cirka 10 miljoner m\u00e4nniskor. Av de drabbade d\u00f6r cirka 1,5 miljoner. Spridning av sjukdomen f\u00f6rv\u00e4rras av tr\u00e5nga bost\u00e4der, undern\u00e4ring, hivepidemin och d\u00e5lig h\u00e4lsov\u00e5rd. Tuberkulosen sprider sig ocks\u00e5 i l\u00e4nder d\u00e4r infrastrukturen har drabbats av naturkatastrofer, krig eller sociala omv\u00e4lvningar.<\/p>\n<p>I Finland var tuberkulosen \u00e4nnu p\u00e5 1930-talet en folksjukdom; den kallades f\u00f6r lungsot. D\u00e5 dog en finl\u00e4ndare i tuberkulos varje timme. Nu diagnostiseras i Finland bara cirka 250 nya fall av tuberkulos per \u00e5r. Ungef\u00e4r h\u00e4lften av de insjuknade \u00e4r f\u00f6dda utrikes. De st\u00f6rsta <a href=\"https:\/\/tuberkuloosi.fi\/se\/ar-jag-i-fara\/riskgrupper\/\">riskgrupperna<\/a> i Finland \u00e4r personer f\u00f6dda f\u00f6re 1950, \u00e4ldre finnar, invandrare fr\u00e5n l\u00e4nder med h\u00f6g tuberkulosincidens och personer med missbrukarproblem. Tuberkulosen \u00e4r fortfarande en allvarlig sjukdom.<\/p>\n","protected":false},"excerpt":{"rendered":"<p>Tuberkulos \u00e4r en infektionssjukdom. Sjukdomen orsakas av Mycobacterium tuberculosis -bakterien. Tuberkulos sprids via luften fr\u00e5n person till person. Tuberkulosen angriper vanligast lungorna (lungtuberkulos), d\u00e4r en inflammationsh\u00e4rd kan bildas. D\u00e4rifr\u00e5n kan bakterier spridas genom blodet eller lymfv\u00e4tskan till andra delar av kroppen. D\u00e4rf\u00f6r kan tuberkulos \u00e4ven f\u00f6rekomma till exempel i lymfk\u00f6rtlar, i skelettet, urogenitalt, i det &#8230; <a title=\"Vad \u00e4r tuberkulos?\" class=\"read-more\" href=\"https:\/\/tuberkuloosi.fi\/se\/tuberkulos\/vad-ar-tuberkulos\/\">L\u00e4s mer<span class=\"screen-reader-text\">Vad \u00e4r tuberkulos?<\/span><\/a><\/p>\n","protected":false},"author":1,"featured_media":0,"parent":5,"menu_order":2,"comment_status":"closed","ping_status":"closed","template":"","meta":{"footnotes":""},"class_list":["post-10","page","type-page","status-publish"],"yoast_head":"<!-- This site is optimized with the Yoast SEO plugin v27.4 - https:\/\/yoast.com\/product\/yoast-seo-wordpress\/ -->\n<title>Vad \u00e4r tuberkulos? - Tuberkulos - tuberkuloosi.fi<\/title>\n<meta name=\"description\" content=\"Tuberkulos \u00e4r en infektionssjukdom. Sjukdomen orsakas av bakterien. Tuberkulos sprids via luften fr\u00e5n person till person.\" \/>\n<meta name=\"robots\" content=\"index, follow, max-snippet:-1, max-image-preview:large, max-video-preview:-1\" \/>\n<link rel=\"canonical\" href=\"https:\/\/tuberkuloosi.fi\/se\/tuberkulos\/vad-ar-tuberkulos\/\" \/>\n<meta property=\"og:locale\" content=\"sv_SE\" \/>\n<meta property=\"og:type\" content=\"article\" \/>\n<meta property=\"og:title\" content=\"Vad \u00e4r tuberkulos? - Tuberkulos - tuberkuloosi.fi\" \/>\n<meta property=\"og:description\" content=\"Tuberkulos \u00e4r en infektionssjukdom. Sjukdomen orsakas av bakterien. Tuberkulos sprids via luften fr\u00e5n person till person.\" \/>\n<meta property=\"og:url\" content=\"https:\/\/tuberkuloosi.fi\/se\/tuberkulos\/vad-ar-tuberkulos\/\" \/>\n<meta property=\"og:site_name\" content=\"Tuberkulos - tuberkuloosi.fi\" \/>\n<meta property=\"article:modified_time\" content=\"2023-01-04T09:03:10+00:00\" \/>\n<meta property=\"og:image\" content=\"http:\/\/tuberkuloosi.fi\/wp-content\/uploads\/2014\/03\/1951-204x300.jpg\" \/>\n<meta name=\"twitter:card\" content=\"summary_large_image\" \/>\n<meta name=\"twitter:label1\" content=\"Ber\u00e4knad l\u00e4stid\" \/>\n\t<meta name=\"twitter:data1\" content=\"1 minut\" \/>\n<script type=\"application\/ld+json\" class=\"yoast-schema-graph\">{\"@context\":\"https:\\\/\\\/schema.org\",\"@graph\":[{\"@type\":\"WebPage\",\"@id\":\"https:\\\/\\\/tuberkuloosi.fi\\\/se\\\/tuberkulos\\\/vad-ar-tuberkulos\\\/\",\"url\":\"https:\\\/\\\/tuberkuloosi.fi\\\/se\\\/tuberkulos\\\/vad-ar-tuberkulos\\\/\",\"name\":\"Vad \u00e4r tuberkulos? - Tuberkulos - tuberkuloosi.fi\",\"isPartOf\":{\"@id\":\"https:\\\/\\\/tuberkuloosi.fi\\\/se\\\/#website\"},\"primaryImageOfPage\":{\"@id\":\"https:\\\/\\\/tuberkuloosi.fi\\\/se\\\/tuberkulos\\\/vad-ar-tuberkulos\\\/#primaryimage\"},\"image\":{\"@id\":\"https:\\\/\\\/tuberkuloosi.fi\\\/se\\\/tuberkulos\\\/vad-ar-tuberkulos\\\/#primaryimage\"},\"thumbnailUrl\":\"http:\\\/\\\/tuberkuloosi.fi\\\/wp-content\\\/uploads\\\/2014\\\/03\\\/1951-204x300.jpg\",\"datePublished\":\"2016-11-19T23:22:46+00:00\",\"dateModified\":\"2023-01-04T09:03:10+00:00\",\"description\":\"Tuberkulos \u00e4r en infektionssjukdom. Sjukdomen orsakas av bakterien. Tuberkulos sprids via luften fr\u00e5n person till person.\",\"breadcrumb\":{\"@id\":\"https:\\\/\\\/tuberkuloosi.fi\\\/se\\\/tuberkulos\\\/vad-ar-tuberkulos\\\/#breadcrumb\"},\"inLanguage\":\"sv-SE\",\"potentialAction\":[{\"@type\":\"ReadAction\",\"target\":[\"https:\\\/\\\/tuberkuloosi.fi\\\/se\\\/tuberkulos\\\/vad-ar-tuberkulos\\\/\"]}]},{\"@type\":\"ImageObject\",\"inLanguage\":\"sv-SE\",\"@id\":\"https:\\\/\\\/tuberkuloosi.fi\\\/se\\\/tuberkulos\\\/vad-ar-tuberkulos\\\/#primaryimage\",\"url\":\"http:\\\/\\\/tuberkuloosi.fi\\\/wp-content\\\/uploads\\\/2014\\\/03\\\/1951-204x300.jpg\",\"contentUrl\":\"http:\\\/\\\/tuberkuloosi.fi\\\/wp-content\\\/uploads\\\/2014\\\/03\\\/1951-204x300.jpg\"},{\"@type\":\"BreadcrumbList\",\"@id\":\"https:\\\/\\\/tuberkuloosi.fi\\\/se\\\/tuberkulos\\\/vad-ar-tuberkulos\\\/#breadcrumb\",\"itemListElement\":[{\"@type\":\"ListItem\",\"position\":1,\"name\":\"Etusivu\",\"item\":\"https:\\\/\\\/tuberkuloosi.fi\\\/se\\\/\"},{\"@type\":\"ListItem\",\"position\":2,\"name\":\"Tuberkulos\",\"item\":\"https:\\\/\\\/tuberkuloosi.fi\\\/se\\\/tuberkulos\\\/\"},{\"@type\":\"ListItem\",\"position\":3,\"name\":\"Vad \u00e4r tuberkulos?\"}]},{\"@type\":\"WebSite\",\"@id\":\"https:\\\/\\\/tuberkuloosi.fi\\\/se\\\/#website\",\"url\":\"https:\\\/\\\/tuberkuloosi.fi\\\/se\\\/\",\"name\":\"Tuberkulos - tuberkuloosi.fi\",\"description\":\"Tuberkulos kan botas \u2013 det klarar vi tillsammans\",\"publisher\":{\"@id\":\"https:\\\/\\\/tuberkuloosi.fi\\\/se\\\/#organization\"},\"potentialAction\":[{\"@type\":\"SearchAction\",\"target\":{\"@type\":\"EntryPoint\",\"urlTemplate\":\"https:\\\/\\\/tuberkuloosi.fi\\\/se\\\/?s={search_term_string}\"},\"query-input\":{\"@type\":\"PropertyValueSpecification\",\"valueRequired\":true,\"valueName\":\"search_term_string\"}}],\"inLanguage\":\"sv-SE\"},{\"@type\":\"Organization\",\"@id\":\"https:\\\/\\\/tuberkuloosi.fi\\\/se\\\/#organization\",\"name\":\"Tuberkulos - tuberkuloosi.fi\",\"url\":\"https:\\\/\\\/tuberkuloosi.fi\\\/se\\\/\",\"logo\":{\"@type\":\"ImageObject\",\"inLanguage\":\"sv-SE\",\"@id\":\"https:\\\/\\\/tuberkuloosi.fi\\\/se\\\/#\\\/schema\\\/logo\\\/image\\\/\",\"url\":\"https:\\\/\\\/tuberkuloosi.fi\\\/se\\\/wp-content\\\/uploads\\\/sites\\\/9\\\/2019\\\/08\\\/cropped-tuberkuloosi.fi-logo1.jpg\",\"contentUrl\":\"https:\\\/\\\/tuberkuloosi.fi\\\/se\\\/wp-content\\\/uploads\\\/sites\\\/9\\\/2019\\\/08\\\/cropped-tuberkuloosi.fi-logo1.jpg\",\"width\":1598,\"height\":321,\"caption\":\"Tuberkulos - tuberkuloosi.fi\"},\"image\":{\"@id\":\"https:\\\/\\\/tuberkuloosi.fi\\\/se\\\/#\\\/schema\\\/logo\\\/image\\\/\"}}]}<\/script>\n<!-- \/ Yoast SEO plugin. -->","yoast_head_json":{"title":"Vad \u00e4r tuberkulos? - Tuberkulos - tuberkuloosi.fi","description":"Tuberkulos \u00e4r en infektionssjukdom. Sjukdomen orsakas av bakterien. Tuberkulos sprids via luften fr\u00e5n person till person.","robots":{"index":"index","follow":"follow","max-snippet":"max-snippet:-1","max-image-preview":"max-image-preview:large","max-video-preview":"max-video-preview:-1"},"canonical":"https:\/\/tuberkuloosi.fi\/se\/tuberkulos\/vad-ar-tuberkulos\/","og_locale":"sv_SE","og_type":"article","og_title":"Vad \u00e4r tuberkulos? - Tuberkulos - tuberkuloosi.fi","og_description":"Tuberkulos \u00e4r en infektionssjukdom. Sjukdomen orsakas av bakterien. Tuberkulos sprids via luften fr\u00e5n person till person.","og_url":"https:\/\/tuberkuloosi.fi\/se\/tuberkulos\/vad-ar-tuberkulos\/","og_site_name":"Tuberkulos - tuberkuloosi.fi","article_modified_time":"2023-01-04T09:03:10+00:00","og_image":[{"url":"http:\/\/tuberkuloosi.fi\/wp-content\/uploads\/2014\/03\/1951-204x300.jpg","type":"","width":"","height":""}],"twitter_card":"summary_large_image","twitter_misc":{"Ber\u00e4knad l\u00e4stid":"1 minut"},"schema":{"@context":"https:\/\/schema.org","@graph":[{"@type":"WebPage","@id":"https:\/\/tuberkuloosi.fi\/se\/tuberkulos\/vad-ar-tuberkulos\/","url":"https:\/\/tuberkuloosi.fi\/se\/tuberkulos\/vad-ar-tuberkulos\/","name":"Vad \u00e4r tuberkulos? - Tuberkulos - tuberkuloosi.fi","isPartOf":{"@id":"https:\/\/tuberkuloosi.fi\/se\/#website"},"primaryImageOfPage":{"@id":"https:\/\/tuberkuloosi.fi\/se\/tuberkulos\/vad-ar-tuberkulos\/#primaryimage"},"image":{"@id":"https:\/\/tuberkuloosi.fi\/se\/tuberkulos\/vad-ar-tuberkulos\/#primaryimage"},"thumbnailUrl":"http:\/\/tuberkuloosi.fi\/wp-content\/uploads\/2014\/03\/1951-204x300.jpg","datePublished":"2016-11-19T23:22:46+00:00","dateModified":"2023-01-04T09:03:10+00:00","description":"Tuberkulos \u00e4r en infektionssjukdom. Sjukdomen orsakas av bakterien. Tuberkulos sprids via luften fr\u00e5n person till person.","breadcrumb":{"@id":"https:\/\/tuberkuloosi.fi\/se\/tuberkulos\/vad-ar-tuberkulos\/#breadcrumb"},"inLanguage":"sv-SE","potentialAction":[{"@type":"ReadAction","target":["https:\/\/tuberkuloosi.fi\/se\/tuberkulos\/vad-ar-tuberkulos\/"]}]},{"@type":"ImageObject","inLanguage":"sv-SE","@id":"https:\/\/tuberkuloosi.fi\/se\/tuberkulos\/vad-ar-tuberkulos\/#primaryimage","url":"http:\/\/tuberkuloosi.fi\/wp-content\/uploads\/2014\/03\/1951-204x300.jpg","contentUrl":"http:\/\/tuberkuloosi.fi\/wp-content\/uploads\/2014\/03\/1951-204x300.jpg"},{"@type":"BreadcrumbList","@id":"https:\/\/tuberkuloosi.fi\/se\/tuberkulos\/vad-ar-tuberkulos\/#breadcrumb","itemListElement":[{"@type":"ListItem","position":1,"name":"Etusivu","item":"https:\/\/tuberkuloosi.fi\/se\/"},{"@type":"ListItem","position":2,"name":"Tuberkulos","item":"https:\/\/tuberkuloosi.fi\/se\/tuberkulos\/"},{"@type":"ListItem","position":3,"name":"Vad \u00e4r tuberkulos?"}]},{"@type":"WebSite","@id":"https:\/\/tuberkuloosi.fi\/se\/#website","url":"https:\/\/tuberkuloosi.fi\/se\/","name":"Tuberkulos - tuberkuloosi.fi","description":"Tuberkulos kan botas \u2013 det klarar vi tillsammans","publisher":{"@id":"https:\/\/tuberkuloosi.fi\/se\/#organization"},"potentialAction":[{"@type":"SearchAction","target":{"@type":"EntryPoint","urlTemplate":"https:\/\/tuberkuloosi.fi\/se\/?s={search_term_string}"},"query-input":{"@type":"PropertyValueSpecification","valueRequired":true,"valueName":"search_term_string"}}],"inLanguage":"sv-SE"},{"@type":"Organization","@id":"https:\/\/tuberkuloosi.fi\/se\/#organization","name":"Tuberkulos - tuberkuloosi.fi","url":"https:\/\/tuberkuloosi.fi\/se\/","logo":{"@type":"ImageObject","inLanguage":"sv-SE","@id":"https:\/\/tuberkuloosi.fi\/se\/#\/schema\/logo\/image\/","url":"https:\/\/tuberkuloosi.fi\/se\/wp-content\/uploads\/sites\/9\/2019\/08\/cropped-tuberkuloosi.fi-logo1.jpg","contentUrl":"https:\/\/tuberkuloosi.fi\/se\/wp-content\/uploads\/sites\/9\/2019\/08\/cropped-tuberkuloosi.fi-logo1.jpg","width":1598,"height":321,"caption":"Tuberkulos - tuberkuloosi.fi"},"image":{"@id":"https:\/\/tuberkuloosi.fi\/se\/#\/schema\/logo\/image\/"}}]}},"_links":{"self":[{"href":"https:\/\/tuberkuloosi.fi\/se\/wp-json\/wp\/v2\/pages\/10","targetHints":{"allow":["GET"]}}],"collection":[{"href":"https:\/\/tuberkuloosi.fi\/se\/wp-json\/wp\/v2\/pages"}],"about":[{"href":"https:\/\/tuberkuloosi.fi\/se\/wp-json\/wp\/v2\/types\/page"}],"author":[{"embeddable":true,"href":"https:\/\/tuberkuloosi.fi\/se\/wp-json\/wp\/v2\/users\/1"}],"replies":[{"embeddable":true,"href":"https:\/\/tuberkuloosi.fi\/se\/wp-json\/wp\/v2\/comments?post=10"}],"version-history":[{"count":3,"href":"https:\/\/tuberkuloosi.fi\/se\/wp-json\/wp\/v2\/pages\/10\/revisions"}],"predecessor-version":[{"id":564,"href":"https:\/\/tuberkuloosi.fi\/se\/wp-json\/wp\/v2\/pages\/10\/revisions\/564"}],"up":[{"embeddable":true,"href":"https:\/\/tuberkuloosi.fi\/se\/wp-json\/wp\/v2\/pages\/5"}],"wp:attachment":[{"href":"https:\/\/tuberkuloosi.fi\/se\/wp-json\/wp\/v2\/media?parent=10"}],"curies":[{"name":"wp","href":"https:\/\/api.w.org\/{rel}","templated":true}]}}