{"id":214,"date":"2016-11-23T22:02:22","date_gmt":"2016-11-23T22:02:22","guid":{"rendered":"http:\/\/tuberkuloosi.fi\/se\/?page_id=214"},"modified":"2025-10-17T08:25:42","modified_gmt":"2025-10-17T08:25:42","slug":"utlandsresor","status":"publish","type":"page","link":"https:\/\/tuberkuloosi.fi\/se\/ar-jag-i-fara\/utlandsresor\/","title":{"rendered":"Utlandsresor"},"content":{"rendered":"<p>Skall du arbeta eller studera i ett land d\u00e4r tuberkulosen \u00e4r vanlig? Bekanta dig med Arbetsh\u00e4lsoinstitutets webbsidor, d\u00e4r du finner information om h\u00e4lsokontroll med h\u00e4nsyn till tuberkulos f\u00f6r personer som reser utrikes f\u00f6r att arbeta eller \u00e5terv\u00e4nder till hemlandet. D\u00e4r hittar du \u00e4ven anvisningar f\u00f6r personer som skall vistas en l\u00e4ngre tid i l\u00e4nder med h\u00f6g tuberkulosrisk och separat f\u00f6r dem som skall arbeta inom h\u00e4lso- och socialv\u00e5rden.<\/p>\n<p>H\u00e4lsokontroll med h\u00e4nsyn till tuberkulos f\u00f6r personer som reser utrikes f\u00f6r att arbeta eller \u00e5terv\u00e4nder, <a href=\"https:\/\/www.ttl.fi\/sv\/teman\/arbetshalsa\/pandemier-och-epidemier\/halsoundersokningar-i-anslutning-till-tuberkulos\" target=\"_blank\" rel=\"noopener noreferrer\">l\u00e4s mera p\u00e5 Arbetsh\u00e4lsoinstitutet webbsidor<\/a>.<\/p>\n","protected":false},"excerpt":{"rendered":"<p>Skall du arbeta eller studera i ett land d\u00e4r tuberkulosen \u00e4r vanlig? Bekanta dig med Arbetsh\u00e4lsoinstitutets webbsidor, d\u00e4r du finner information om h\u00e4lsokontroll med h\u00e4nsyn till tuberkulos f\u00f6r personer som reser utrikes f\u00f6r att arbeta eller \u00e5terv\u00e4nder till hemlandet. D\u00e4r hittar du \u00e4ven anvisningar f\u00f6r personer som skall vistas en l\u00e4ngre tid i l\u00e4nder med &#8230; <a title=\"Utlandsresor\" class=\"read-more\" href=\"https:\/\/tuberkuloosi.fi\/se\/ar-jag-i-fara\/utlandsresor\/\">L\u00e4s mer<span class=\"screen-reader-text\">Utlandsresor<\/span><\/a><\/p>\n","protected":false},"author":1,"featured_media":0,"parent":159,"menu_order":12,"comment_status":"closed","ping_status":"open","template":"","meta":{"footnotes":""},"class_list":["post-214","page","type-page","status-publish"],"yoast_head":"<!-- This site is optimized with the Yoast SEO plugin v27.5 - https:\/\/yoast.com\/product\/yoast-seo-wordpress\/ -->\n<title>Utlandsresor - Tuberkulos - tuberkuloosi.fi<\/title>\n<meta name=\"robots\" content=\"index, follow, max-snippet:-1, max-image-preview:large, max-video-preview:-1\" \/>\n<link rel=\"canonical\" href=\"https:\/\/tuberkuloosi.fi\/se\/ar-jag-i-fara\/utlandsresor\/\" \/>\n<meta property=\"og:locale\" content=\"sv_SE\" \/>\n<meta property=\"og:type\" content=\"article\" \/>\n<meta property=\"og:title\" content=\"Utlandsresor - Tuberkulos - tuberkuloosi.fi\" \/>\n<meta property=\"og:description\" content=\"Skall du arbeta eller studera i ett land d\u00e4r tuberkulosen \u00e4r vanlig? Bekanta dig med Arbetsh\u00e4lsoinstitutets webbsidor, d\u00e4r du finner information om h\u00e4lsokontroll med h\u00e4nsyn till tuberkulos f\u00f6r personer som reser utrikes f\u00f6r att arbeta eller \u00e5terv\u00e4nder till hemlandet. D\u00e4r hittar du \u00e4ven anvisningar f\u00f6r personer som skall vistas en l\u00e4ngre tid i l\u00e4nder med ... L\u00e4s merUtlandsresor\" \/>\n<meta property=\"og:url\" content=\"https:\/\/tuberkuloosi.fi\/se\/ar-jag-i-fara\/utlandsresor\/\" \/>\n<meta property=\"og:site_name\" content=\"Tuberkulos - tuberkuloosi.fi\" \/>\n<meta property=\"article:modified_time\" content=\"2025-10-17T08:25:42+00:00\" \/>\n<meta name=\"twitter:card\" content=\"summary_large_image\" \/>\n<meta name=\"twitter:label1\" content=\"Ber\u00e4knad l\u00e4stid\" \/>\n\t<meta name=\"twitter:data1\" content=\"1 minut\" \/>\n<script type=\"application\/ld+json\" class=\"yoast-schema-graph\">{\"@context\":\"https:\\\/\\\/schema.org\",\"@graph\":[{\"@type\":\"WebPage\",\"@id\":\"https:\\\/\\\/tuberkuloosi.fi\\\/se\\\/ar-jag-i-fara\\\/utlandsresor\\\/\",\"url\":\"https:\\\/\\\/tuberkuloosi.fi\\\/se\\\/ar-jag-i-fara\\\/utlandsresor\\\/\",\"name\":\"Utlandsresor - Tuberkulos - tuberkuloosi.fi\",\"isPartOf\":{\"@id\":\"https:\\\/\\\/tuberkuloosi.fi\\\/se\\\/#website\"},\"datePublished\":\"2016-11-23T22:02:22+00:00\",\"dateModified\":\"2025-10-17T08:25:42+00:00\",\"breadcrumb\":{\"@id\":\"https:\\\/\\\/tuberkuloosi.fi\\\/se\\\/ar-jag-i-fara\\\/utlandsresor\\\/#breadcrumb\"},\"inLanguage\":\"sv-SE\",\"potentialAction\":[{\"@type\":\"ReadAction\",\"target\":[\"https:\\\/\\\/tuberkuloosi.fi\\\/se\\\/ar-jag-i-fara\\\/utlandsresor\\\/\"]}]},{\"@type\":\"BreadcrumbList\",\"@id\":\"https:\\\/\\\/tuberkuloosi.fi\\\/se\\\/ar-jag-i-fara\\\/utlandsresor\\\/#breadcrumb\",\"itemListElement\":[{\"@type\":\"ListItem\",\"position\":1,\"name\":\"Etusivu\",\"item\":\"https:\\\/\\\/tuberkuloosi.fi\\\/se\\\/\"},{\"@type\":\"ListItem\",\"position\":2,\"name\":\"\u00c4r jag i fara?\",\"item\":\"https:\\\/\\\/tuberkuloosi.fi\\\/se\\\/ar-jag-i-fara\\\/\"},{\"@type\":\"ListItem\",\"position\":3,\"name\":\"Utlandsresor\"}]},{\"@type\":\"WebSite\",\"@id\":\"https:\\\/\\\/tuberkuloosi.fi\\\/se\\\/#website\",\"url\":\"https:\\\/\\\/tuberkuloosi.fi\\\/se\\\/\",\"name\":\"Tuberkulos - tuberkuloosi.fi\",\"description\":\"Tuberkulos kan botas \u2013 det klarar vi tillsammans\",\"publisher\":{\"@id\":\"https:\\\/\\\/tuberkuloosi.fi\\\/se\\\/#organization\"},\"potentialAction\":[{\"@type\":\"SearchAction\",\"target\":{\"@type\":\"EntryPoint\",\"urlTemplate\":\"https:\\\/\\\/tuberkuloosi.fi\\\/se\\\/?s={search_term_string}\"},\"query-input\":{\"@type\":\"PropertyValueSpecification\",\"valueRequired\":true,\"valueName\":\"search_term_string\"}}],\"inLanguage\":\"sv-SE\"},{\"@type\":\"Organization\",\"@id\":\"https:\\\/\\\/tuberkuloosi.fi\\\/se\\\/#organization\",\"name\":\"Tuberkulos - tuberkuloosi.fi\",\"url\":\"https:\\\/\\\/tuberkuloosi.fi\\\/se\\\/\",\"logo\":{\"@type\":\"ImageObject\",\"inLanguage\":\"sv-SE\",\"@id\":\"https:\\\/\\\/tuberkuloosi.fi\\\/se\\\/#\\\/schema\\\/logo\\\/image\\\/\",\"url\":\"https:\\\/\\\/tuberkuloosi.fi\\\/se\\\/wp-content\\\/uploads\\\/sites\\\/9\\\/2019\\\/08\\\/cropped-tuberkuloosi.fi-logo1.jpg\",\"contentUrl\":\"https:\\\/\\\/tuberkuloosi.fi\\\/se\\\/wp-content\\\/uploads\\\/sites\\\/9\\\/2019\\\/08\\\/cropped-tuberkuloosi.fi-logo1.jpg\",\"width\":1598,\"height\":321,\"caption\":\"Tuberkulos - tuberkuloosi.fi\"},\"image\":{\"@id\":\"https:\\\/\\\/tuberkuloosi.fi\\\/se\\\/#\\\/schema\\\/logo\\\/image\\\/\"}}]}<\/script>\n<!-- \/ Yoast SEO plugin. -->","yoast_head_json":{"title":"Utlandsresor - Tuberkulos - tuberkuloosi.fi","robots":{"index":"index","follow":"follow","max-snippet":"max-snippet:-1","max-image-preview":"max-image-preview:large","max-video-preview":"max-video-preview:-1"},"canonical":"https:\/\/tuberkuloosi.fi\/se\/ar-jag-i-fara\/utlandsresor\/","og_locale":"sv_SE","og_type":"article","og_title":"Utlandsresor - Tuberkulos - tuberkuloosi.fi","og_description":"Skall du arbeta eller studera i ett land d\u00e4r tuberkulosen \u00e4r vanlig? Bekanta dig med Arbetsh\u00e4lsoinstitutets webbsidor, d\u00e4r du finner information om h\u00e4lsokontroll med h\u00e4nsyn till tuberkulos f\u00f6r personer som reser utrikes f\u00f6r att arbeta eller \u00e5terv\u00e4nder till hemlandet. D\u00e4r hittar du \u00e4ven anvisningar f\u00f6r personer som skall vistas en l\u00e4ngre tid i l\u00e4nder med ... L\u00e4s merUtlandsresor","og_url":"https:\/\/tuberkuloosi.fi\/se\/ar-jag-i-fara\/utlandsresor\/","og_site_name":"Tuberkulos - tuberkuloosi.fi","article_modified_time":"2025-10-17T08:25:42+00:00","twitter_card":"summary_large_image","twitter_misc":{"Ber\u00e4knad l\u00e4stid":"1 minut"},"schema":{"@context":"https:\/\/schema.org","@graph":[{"@type":"WebPage","@id":"https:\/\/tuberkuloosi.fi\/se\/ar-jag-i-fara\/utlandsresor\/","url":"https:\/\/tuberkuloosi.fi\/se\/ar-jag-i-fara\/utlandsresor\/","name":"Utlandsresor - Tuberkulos - tuberkuloosi.fi","isPartOf":{"@id":"https:\/\/tuberkuloosi.fi\/se\/#website"},"datePublished":"2016-11-23T22:02:22+00:00","dateModified":"2025-10-17T08:25:42+00:00","breadcrumb":{"@id":"https:\/\/tuberkuloosi.fi\/se\/ar-jag-i-fara\/utlandsresor\/#breadcrumb"},"inLanguage":"sv-SE","potentialAction":[{"@type":"ReadAction","target":["https:\/\/tuberkuloosi.fi\/se\/ar-jag-i-fara\/utlandsresor\/"]}]},{"@type":"BreadcrumbList","@id":"https:\/\/tuberkuloosi.fi\/se\/ar-jag-i-fara\/utlandsresor\/#breadcrumb","itemListElement":[{"@type":"ListItem","position":1,"name":"Etusivu","item":"https:\/\/tuberkuloosi.fi\/se\/"},{"@type":"ListItem","position":2,"name":"\u00c4r jag i fara?","item":"https:\/\/tuberkuloosi.fi\/se\/ar-jag-i-fara\/"},{"@type":"ListItem","position":3,"name":"Utlandsresor"}]},{"@type":"WebSite","@id":"https:\/\/tuberkuloosi.fi\/se\/#website","url":"https:\/\/tuberkuloosi.fi\/se\/","name":"Tuberkulos - tuberkuloosi.fi","description":"Tuberkulos kan botas \u2013 det klarar vi tillsammans","publisher":{"@id":"https:\/\/tuberkuloosi.fi\/se\/#organization"},"potentialAction":[{"@type":"SearchAction","target":{"@type":"EntryPoint","urlTemplate":"https:\/\/tuberkuloosi.fi\/se\/?s={search_term_string}"},"query-input":{"@type":"PropertyValueSpecification","valueRequired":true,"valueName":"search_term_string"}}],"inLanguage":"sv-SE"},{"@type":"Organization","@id":"https:\/\/tuberkuloosi.fi\/se\/#organization","name":"Tuberkulos - tuberkuloosi.fi","url":"https:\/\/tuberkuloosi.fi\/se\/","logo":{"@type":"ImageObject","inLanguage":"sv-SE","@id":"https:\/\/tuberkuloosi.fi\/se\/#\/schema\/logo\/image\/","url":"https:\/\/tuberkuloosi.fi\/se\/wp-content\/uploads\/sites\/9\/2019\/08\/cropped-tuberkuloosi.fi-logo1.jpg","contentUrl":"https:\/\/tuberkuloosi.fi\/se\/wp-content\/uploads\/sites\/9\/2019\/08\/cropped-tuberkuloosi.fi-logo1.jpg","width":1598,"height":321,"caption":"Tuberkulos - tuberkuloosi.fi"},"image":{"@id":"https:\/\/tuberkuloosi.fi\/se\/#\/schema\/logo\/image\/"}}]}},"_links":{"self":[{"href":"https:\/\/tuberkuloosi.fi\/se\/wp-json\/wp\/v2\/pages\/214","targetHints":{"allow":["GET"]}}],"collection":[{"href":"https:\/\/tuberkuloosi.fi\/se\/wp-json\/wp\/v2\/pages"}],"about":[{"href":"https:\/\/tuberkuloosi.fi\/se\/wp-json\/wp\/v2\/types\/page"}],"author":[{"embeddable":true,"href":"https:\/\/tuberkuloosi.fi\/se\/wp-json\/wp\/v2\/users\/1"}],"replies":[{"embeddable":true,"href":"https:\/\/tuberkuloosi.fi\/se\/wp-json\/wp\/v2\/comments?post=214"}],"version-history":[{"count":9,"href":"https:\/\/tuberkuloosi.fi\/se\/wp-json\/wp\/v2\/pages\/214\/revisions"}],"predecessor-version":[{"id":933,"href":"https:\/\/tuberkuloosi.fi\/se\/wp-json\/wp\/v2\/pages\/214\/revisions\/933"}],"up":[{"embeddable":true,"href":"https:\/\/tuberkuloosi.fi\/se\/wp-json\/wp\/v2\/pages\/159"}],"wp:attachment":[{"href":"https:\/\/tuberkuloosi.fi\/se\/wp-json\/wp\/v2\/media?parent=214"}],"curies":[{"name":"wp","href":"https:\/\/api.w.org\/{rel}","templated":true}]}}