{"id":220,"date":"2016-11-23T22:11:36","date_gmt":"2016-11-23T22:11:36","guid":{"rendered":"http:\/\/tuberkuloosi.fi\/se\/?page_id=220"},"modified":"2019-08-29T07:44:55","modified_gmt":"2019-08-29T07:44:55","slug":"videor","status":"publish","type":"page","link":"https:\/\/tuberkuloosi.fi\/se\/material\/videor\/","title":{"rendered":"Videor"},"content":{"rendered":"<p>Birkalands sjukv\u00e5rdsdistrikt har producerat en serie p\u00e5 tre dramatiserade videor i samarbete med   utbildningsprogrammet Film- och television vid Tammerfors yrkesh\u00f6gskola. Manuset f\u00f6r videorna skrev medianom-studeranden Ulpu-Maria Lehtinen. De producerades och regisserades av medianom Priscilla Ruotsalainen.<\/p>\n<p><div class=\"lazyload smush-lazyload-video smush-lazyload-youtube\" style=\"--smush-video-aspect-ratio: 400\/250\" data-bg-image=\"url(https:\/\/tuberkuloosi.fi\/se\/wp-admin\/admin-ajax.php?action=smush_video_thumbnail&#038;url=%2F%2Fwww.youtube.com%2Fembed%2FzbcUtVj8KQM%3Fwmode%3Dopaque&#038;video_width=400&#038;video_height=250)\" ><iframe data-src=\"\/\/www.youtube.com\/embed\/zbcUtVj8KQM?wmode=opaque\" height=\"250\" width=\"400\" allowfullscreen=\"\" frameborder=\"0\" src=\"data:image\/svg+xml;base64,PHN2ZyB3aWR0aD0iMSIgaGVpZ2h0PSIxIiB4bWxucz0iaHR0cDovL3d3dy53My5vcmcvMjAwMC9zdmciPjwvc3ZnPg==\"><\/iframe><span class=\"smush-play-btn\" role=\"button\" aria-label=\"Spela video\">\n\t\t\t\t<span tabindex=\"0\" class=\"smush-play-btn-inner\">\n\t\t\t\t\t<span>Spela<\/span>\n\t\t\t\t<\/span>\n\t\t\t<\/span><\/div><\/p>\n<p><div class=\"lazyload smush-lazyload-video smush-lazyload-youtube\" style=\"--smush-video-aspect-ratio: 400\/250\" data-bg-image=\"url(https:\/\/tuberkuloosi.fi\/se\/wp-admin\/admin-ajax.php?action=smush_video_thumbnail&#038;url=%2F%2Fwww.youtube.com%2Fembed%2FSd-AVnZIQ1U%3Fwmode%3Dopaque&#038;video_width=400&#038;video_height=250)\" ><iframe data-src=\"\/\/www.youtube.com\/embed\/Sd-AVnZIQ1U?wmode=opaque\" height=\"250\" width=\"400\" allowfullscreen=\"\" frameborder=\"0\" src=\"data:image\/svg+xml;base64,PHN2ZyB3aWR0aD0iMSIgaGVpZ2h0PSIxIiB4bWxucz0iaHR0cDovL3d3dy53My5vcmcvMjAwMC9zdmciPjwvc3ZnPg==\"><\/iframe><span class=\"smush-play-btn\" role=\"button\" aria-label=\"Spela video\">\n\t\t\t\t<span tabindex=\"0\" class=\"smush-play-btn-inner\">\n\t\t\t\t\t<span>Spela<\/span>\n\t\t\t\t<\/span>\n\t\t\t<\/span><\/div><\/p>\n<p><div class=\"lazyload smush-lazyload-video smush-lazyload-youtube\" style=\"--smush-video-aspect-ratio: 400\/250\" data-bg-image=\"url(https:\/\/tuberkuloosi.fi\/se\/wp-admin\/admin-ajax.php?action=smush_video_thumbnail&#038;url=%2F%2Fwww.youtube.com%2Fembed%2Fu5f6YF3uFdM%3Fwmode%3Dopaque&#038;video_width=400&#038;video_height=250)\" ><iframe data-src=\"\/\/www.youtube.com\/embed\/u5f6YF3uFdM?wmode=opaque\" height=\"250\" width=\"400\" allowfullscreen=\"\" frameborder=\"0\" src=\"data:image\/svg+xml;base64,PHN2ZyB3aWR0aD0iMSIgaGVpZ2h0PSIxIiB4bWxucz0iaHR0cDovL3d3dy53My5vcmcvMjAwMC9zdmciPjwvc3ZnPg==\"><\/iframe><span class=\"smush-play-btn\" role=\"button\" aria-label=\"Spela video\">\n\t\t\t\t<span tabindex=\"0\" class=\"smush-play-btn-inner\">\n\t\t\t\t\t<span>Spela<\/span>\n\t\t\t\t<\/span>\n\t\t\t<\/span><\/div><\/p>\n<h1>\u00d6vriga videor<\/h1>\n<p><div class=\"lazyload smush-lazyload-video smush-lazyload-vimeo\" style=\"--smush-video-aspect-ratio: 400\/250\" data-bg-image=\"url(https:\/\/tuberkuloosi.fi\/se\/wp-admin\/admin-ajax.php?action=smush_video_thumbnail&#038;url=%2F%2Fplayer.vimeo.com%2Fvideo%2F89530327&#038;video_width=400&#038;video_height=250)\" ><iframe data-src=\"\/\/player.vimeo.com\/video\/89530327\" height=\"250\" width=\"400\" allowfullscreen=\"\" frameborder=\"0\" src=\"data:image\/svg+xml;base64,PHN2ZyB3aWR0aD0iMSIgaGVpZ2h0PSIxIiB4bWxucz0iaHR0cDovL3d3dy53My5vcmcvMjAwMC9zdmciPjwvc3ZnPg==\"><\/iframe><span class=\"smush-play-btn\" role=\"button\" aria-label=\"Spela video\">\n\t\t\t\t<span tabindex=\"0\" class=\"smush-play-btn-inner\">\n\t\t\t\t\t<span>Spela<\/span>\n\t\t\t\t<\/span>\n\t\t\t<\/span><\/div><\/p>\n","protected":false},"excerpt":{"rendered":"<p>Birkalands sjukv\u00e5rdsdistrikt har producerat en serie p\u00e5 tre dramatiserade videor i samarbete med utbildningsprogrammet Film- och television vid Tammerfors yrkesh\u00f6gskola. Manuset f\u00f6r videorna skrev medianom-studeranden Ulpu-Maria Lehtinen. De producerades och regisserades av medianom Priscilla Ruotsalainen. \u00d6vriga videor<\/p>\n","protected":false},"author":2,"featured_media":0,"parent":197,"menu_order":6,"comment_status":"closed","ping_status":"open","template":"","meta":{"footnotes":""},"class_list":["post-220","page","type-page","status-publish"],"yoast_head":"<!-- This site is optimized with the Yoast SEO plugin v27.5 - https:\/\/yoast.com\/product\/yoast-seo-wordpress\/ -->\n<title>Videor - Tuberkulos - tuberkuloosi.fi<\/title>\n<meta name=\"robots\" content=\"index, follow, max-snippet:-1, max-image-preview:large, max-video-preview:-1\" \/>\n<link rel=\"canonical\" href=\"https:\/\/tuberkuloosi.fi\/se\/material\/videor\/\" \/>\n<meta property=\"og:locale\" content=\"sv_SE\" \/>\n<meta property=\"og:type\" content=\"article\" \/>\n<meta property=\"og:title\" content=\"Videor - Tuberkulos - tuberkuloosi.fi\" \/>\n<meta property=\"og:description\" content=\"Birkalands sjukv\u00e5rdsdistrikt har producerat en serie p\u00e5 tre dramatiserade videor i samarbete med utbildningsprogrammet Film- och television vid Tammerfors yrkesh\u00f6gskola. Manuset f\u00f6r videorna skrev medianom-studeranden Ulpu-Maria Lehtinen. De producerades och regisserades av medianom Priscilla Ruotsalainen. \u00d6vriga videor\" \/>\n<meta property=\"og:url\" content=\"https:\/\/tuberkuloosi.fi\/se\/material\/videor\/\" \/>\n<meta property=\"og:site_name\" content=\"Tuberkulos - tuberkuloosi.fi\" \/>\n<meta property=\"article:modified_time\" content=\"2019-08-29T07:44:55+00:00\" \/>\n<meta name=\"twitter:card\" content=\"summary_large_image\" \/>\n<script type=\"application\/ld+json\" class=\"yoast-schema-graph\">{\"@context\":\"https:\\\/\\\/schema.org\",\"@graph\":[{\"@type\":\"WebPage\",\"@id\":\"https:\\\/\\\/tuberkuloosi.fi\\\/se\\\/material\\\/videor\\\/\",\"url\":\"https:\\\/\\\/tuberkuloosi.fi\\\/se\\\/material\\\/videor\\\/\",\"name\":\"Videor - Tuberkulos - tuberkuloosi.fi\",\"isPartOf\":{\"@id\":\"https:\\\/\\\/tuberkuloosi.fi\\\/se\\\/#website\"},\"datePublished\":\"2016-11-23T22:11:36+00:00\",\"dateModified\":\"2019-08-29T07:44:55+00:00\",\"breadcrumb\":{\"@id\":\"https:\\\/\\\/tuberkuloosi.fi\\\/se\\\/material\\\/videor\\\/#breadcrumb\"},\"inLanguage\":\"sv-SE\",\"potentialAction\":[{\"@type\":\"ReadAction\",\"target\":[\"https:\\\/\\\/tuberkuloosi.fi\\\/se\\\/material\\\/videor\\\/\"]}]},{\"@type\":\"BreadcrumbList\",\"@id\":\"https:\\\/\\\/tuberkuloosi.fi\\\/se\\\/material\\\/videor\\\/#breadcrumb\",\"itemListElement\":[{\"@type\":\"ListItem\",\"position\":1,\"name\":\"Etusivu\",\"item\":\"https:\\\/\\\/tuberkuloosi.fi\\\/se\\\/\"},{\"@type\":\"ListItem\",\"position\":2,\"name\":\"Material\",\"item\":\"https:\\\/\\\/tuberkuloosi.fi\\\/se\\\/material\\\/\"},{\"@type\":\"ListItem\",\"position\":3,\"name\":\"Videor\"}]},{\"@type\":\"WebSite\",\"@id\":\"https:\\\/\\\/tuberkuloosi.fi\\\/se\\\/#website\",\"url\":\"https:\\\/\\\/tuberkuloosi.fi\\\/se\\\/\",\"name\":\"Tuberkulos - tuberkuloosi.fi\",\"description\":\"Tuberkulos kan botas \u2013 det klarar vi tillsammans\",\"publisher\":{\"@id\":\"https:\\\/\\\/tuberkuloosi.fi\\\/se\\\/#organization\"},\"potentialAction\":[{\"@type\":\"SearchAction\",\"target\":{\"@type\":\"EntryPoint\",\"urlTemplate\":\"https:\\\/\\\/tuberkuloosi.fi\\\/se\\\/?s={search_term_string}\"},\"query-input\":{\"@type\":\"PropertyValueSpecification\",\"valueRequired\":true,\"valueName\":\"search_term_string\"}}],\"inLanguage\":\"sv-SE\"},{\"@type\":\"Organization\",\"@id\":\"https:\\\/\\\/tuberkuloosi.fi\\\/se\\\/#organization\",\"name\":\"Tuberkulos - tuberkuloosi.fi\",\"url\":\"https:\\\/\\\/tuberkuloosi.fi\\\/se\\\/\",\"logo\":{\"@type\":\"ImageObject\",\"inLanguage\":\"sv-SE\",\"@id\":\"https:\\\/\\\/tuberkuloosi.fi\\\/se\\\/#\\\/schema\\\/logo\\\/image\\\/\",\"url\":\"https:\\\/\\\/tuberkuloosi.fi\\\/se\\\/wp-content\\\/uploads\\\/sites\\\/9\\\/2019\\\/08\\\/cropped-tuberkuloosi.fi-logo1.jpg\",\"contentUrl\":\"https:\\\/\\\/tuberkuloosi.fi\\\/se\\\/wp-content\\\/uploads\\\/sites\\\/9\\\/2019\\\/08\\\/cropped-tuberkuloosi.fi-logo1.jpg\",\"width\":1598,\"height\":321,\"caption\":\"Tuberkulos - tuberkuloosi.fi\"},\"image\":{\"@id\":\"https:\\\/\\\/tuberkuloosi.fi\\\/se\\\/#\\\/schema\\\/logo\\\/image\\\/\"}}]}<\/script>\n<!-- \/ Yoast SEO plugin. -->","yoast_head_json":{"title":"Videor - Tuberkulos - tuberkuloosi.fi","robots":{"index":"index","follow":"follow","max-snippet":"max-snippet:-1","max-image-preview":"max-image-preview:large","max-video-preview":"max-video-preview:-1"},"canonical":"https:\/\/tuberkuloosi.fi\/se\/material\/videor\/","og_locale":"sv_SE","og_type":"article","og_title":"Videor - Tuberkulos - tuberkuloosi.fi","og_description":"Birkalands sjukv\u00e5rdsdistrikt har producerat en serie p\u00e5 tre dramatiserade videor i samarbete med utbildningsprogrammet Film- och television vid Tammerfors yrkesh\u00f6gskola. Manuset f\u00f6r videorna skrev medianom-studeranden Ulpu-Maria Lehtinen. De producerades och regisserades av medianom Priscilla Ruotsalainen. \u00d6vriga videor","og_url":"https:\/\/tuberkuloosi.fi\/se\/material\/videor\/","og_site_name":"Tuberkulos - tuberkuloosi.fi","article_modified_time":"2019-08-29T07:44:55+00:00","twitter_card":"summary_large_image","schema":{"@context":"https:\/\/schema.org","@graph":[{"@type":"WebPage","@id":"https:\/\/tuberkuloosi.fi\/se\/material\/videor\/","url":"https:\/\/tuberkuloosi.fi\/se\/material\/videor\/","name":"Videor - Tuberkulos - tuberkuloosi.fi","isPartOf":{"@id":"https:\/\/tuberkuloosi.fi\/se\/#website"},"datePublished":"2016-11-23T22:11:36+00:00","dateModified":"2019-08-29T07:44:55+00:00","breadcrumb":{"@id":"https:\/\/tuberkuloosi.fi\/se\/material\/videor\/#breadcrumb"},"inLanguage":"sv-SE","potentialAction":[{"@type":"ReadAction","target":["https:\/\/tuberkuloosi.fi\/se\/material\/videor\/"]}]},{"@type":"BreadcrumbList","@id":"https:\/\/tuberkuloosi.fi\/se\/material\/videor\/#breadcrumb","itemListElement":[{"@type":"ListItem","position":1,"name":"Etusivu","item":"https:\/\/tuberkuloosi.fi\/se\/"},{"@type":"ListItem","position":2,"name":"Material","item":"https:\/\/tuberkuloosi.fi\/se\/material\/"},{"@type":"ListItem","position":3,"name":"Videor"}]},{"@type":"WebSite","@id":"https:\/\/tuberkuloosi.fi\/se\/#website","url":"https:\/\/tuberkuloosi.fi\/se\/","name":"Tuberkulos - tuberkuloosi.fi","description":"Tuberkulos kan botas \u2013 det klarar vi tillsammans","publisher":{"@id":"https:\/\/tuberkuloosi.fi\/se\/#organization"},"potentialAction":[{"@type":"SearchAction","target":{"@type":"EntryPoint","urlTemplate":"https:\/\/tuberkuloosi.fi\/se\/?s={search_term_string}"},"query-input":{"@type":"PropertyValueSpecification","valueRequired":true,"valueName":"search_term_string"}}],"inLanguage":"sv-SE"},{"@type":"Organization","@id":"https:\/\/tuberkuloosi.fi\/se\/#organization","name":"Tuberkulos - tuberkuloosi.fi","url":"https:\/\/tuberkuloosi.fi\/se\/","logo":{"@type":"ImageObject","inLanguage":"sv-SE","@id":"https:\/\/tuberkuloosi.fi\/se\/#\/schema\/logo\/image\/","url":"https:\/\/tuberkuloosi.fi\/se\/wp-content\/uploads\/sites\/9\/2019\/08\/cropped-tuberkuloosi.fi-logo1.jpg","contentUrl":"https:\/\/tuberkuloosi.fi\/se\/wp-content\/uploads\/sites\/9\/2019\/08\/cropped-tuberkuloosi.fi-logo1.jpg","width":1598,"height":321,"caption":"Tuberkulos - tuberkuloosi.fi"},"image":{"@id":"https:\/\/tuberkuloosi.fi\/se\/#\/schema\/logo\/image\/"}}]}},"_links":{"self":[{"href":"https:\/\/tuberkuloosi.fi\/se\/wp-json\/wp\/v2\/pages\/220","targetHints":{"allow":["GET"]}}],"collection":[{"href":"https:\/\/tuberkuloosi.fi\/se\/wp-json\/wp\/v2\/pages"}],"about":[{"href":"https:\/\/tuberkuloosi.fi\/se\/wp-json\/wp\/v2\/types\/page"}],"author":[{"embeddable":true,"href":"https:\/\/tuberkuloosi.fi\/se\/wp-json\/wp\/v2\/users\/2"}],"replies":[{"embeddable":true,"href":"https:\/\/tuberkuloosi.fi\/se\/wp-json\/wp\/v2\/comments?post=220"}],"version-history":[{"count":2,"href":"https:\/\/tuberkuloosi.fi\/se\/wp-json\/wp\/v2\/pages\/220\/revisions"}],"predecessor-version":[{"id":312,"href":"https:\/\/tuberkuloosi.fi\/se\/wp-json\/wp\/v2\/pages\/220\/revisions\/312"}],"up":[{"embeddable":true,"href":"https:\/\/tuberkuloosi.fi\/se\/wp-json\/wp\/v2\/pages\/197"}],"wp:attachment":[{"href":"https:\/\/tuberkuloosi.fi\/se\/wp-json\/wp\/v2\/media?parent=220"}],"curies":[{"name":"wp","href":"https:\/\/api.w.org\/{rel}","templated":true}]}}