{"id":222,"date":"2016-11-23T22:12:55","date_gmt":"2016-11-23T22:12:55","guid":{"rendered":"http:\/\/tuberkuloosi.fi\/se\/?page_id=222"},"modified":"2019-08-29T07:44:55","modified_gmt":"2019-08-29T07:44:55","slug":"berattelser","status":"publish","type":"page","link":"https:\/\/tuberkuloosi.fi\/se\/material\/berattelser\/","title":{"rendered":"Ber\u00e4ttelser"},"content":{"rendered":"<p>H\u00e4r finner du olika ber\u00e4ttelser. Niinas skildring \u00e4r ovanlig. Hon insjuknade i en mycket resistent tuberkulos. V\u00e5rden var mer utmanande \u00e4n vanligt .<\/p>\n<p><div class=\"lazyload smush-lazyload-video smush-lazyload-vimeo\" style=\"--smush-video-aspect-ratio: 640\/360\" data-bg-image=\"url(https:\/\/tuberkuloosi.fi\/se\/wp-admin\/admin-ajax.php?action=smush_video_thumbnail&#038;url=%2F%2Fplayer.vimeo.com%2Fvideo%2F89090949%3Ftitle%3D0%26amp%3Bbyline%3D0%26amp%3Bportrait%3D0&#038;video_width=640&#038;video_height=360)\" ><iframe data-src=\"\/\/player.vimeo.com\/video\/89090949?title=0&amp;byline=0&amp;portrait=0\" width=\"640\" height=\"360\" frameborder=\"0\" allowfullscreen=\"allowfullscreen\" src=\"data:image\/svg+xml;base64,PHN2ZyB3aWR0aD0iMSIgaGVpZ2h0PSIxIiB4bWxucz0iaHR0cDovL3d3dy53My5vcmcvMjAwMC9zdmciPjwvc3ZnPg==\"><\/iframe><span class=\"smush-play-btn\" role=\"button\" aria-label=\"Spela video\">\n\t\t\t\t<span tabindex=\"0\" class=\"smush-play-btn-inner\">\n\t\t\t\t\t<span>Spela<\/span>\n\t\t\t\t<\/span>\n\t\t\t<\/span><\/div><\/p>\n<p><div class=\"lazyload smush-lazyload-video smush-lazyload-vimeo\" style=\"--smush-video-aspect-ratio: 640\/360\" data-bg-image=\"url(https:\/\/tuberkuloosi.fi\/se\/wp-admin\/admin-ajax.php?action=smush_video_thumbnail&#038;url=%2F%2Fplayer.vimeo.com%2Fvideo%2F89185957%3Ftitle%3D0%26amp%3Bbyline%3D0%26amp%3Bportrait%3D0&#038;video_width=640&#038;video_height=360)\" ><iframe data-src=\"\/\/player.vimeo.com\/video\/89185957?title=0&amp;byline=0&amp;portrait=0\" width=\"640\" height=\"360\" frameborder=\"0\" allowfullscreen=\"allowfullscreen\" src=\"data:image\/svg+xml;base64,PHN2ZyB3aWR0aD0iMSIgaGVpZ2h0PSIxIiB4bWxucz0iaHR0cDovL3d3dy53My5vcmcvMjAwMC9zdmciPjwvc3ZnPg==\"><\/iframe><span class=\"smush-play-btn\" role=\"button\" aria-label=\"Spela video\">\n\t\t\t\t<span tabindex=\"0\" class=\"smush-play-btn-inner\">\n\t\t\t\t\t<span>Spela<\/span>\n\t\t\t\t<\/span>\n\t\t\t<\/span><\/div><\/p>\n<p>Mera ber\u00e4ttelser <a href=\"http:\/\/tuberkuloosi.fi\/materiaali\/tarinat\/\">kan du hitta p\u00e5 v\u00e5ra finskspr\u00e5kiga sidor<\/a>.<\/p>\n","protected":false},"excerpt":{"rendered":"<p>H\u00e4r finner du olika ber\u00e4ttelser. Niinas skildring \u00e4r ovanlig. Hon insjuknade i en mycket resistent tuberkulos. V\u00e5rden var mer utmanande \u00e4n vanligt . Mera ber\u00e4ttelser kan du hitta p\u00e5 v\u00e5ra finskspr\u00e5kiga sidor.<\/p>\n","protected":false},"author":2,"featured_media":0,"parent":197,"menu_order":8,"comment_status":"closed","ping_status":"open","template":"","meta":{"footnotes":""},"class_list":["post-222","page","type-page","status-publish"],"yoast_head":"<!-- This site is optimized with the Yoast SEO plugin v27.4 - https:\/\/yoast.com\/product\/yoast-seo-wordpress\/ -->\n<title>Ber\u00e4ttelser - Tuberkulos - tuberkuloosi.fi<\/title>\n<meta name=\"robots\" content=\"index, follow, max-snippet:-1, max-image-preview:large, max-video-preview:-1\" \/>\n<link rel=\"canonical\" href=\"https:\/\/tuberkuloosi.fi\/se\/material\/berattelser\/\" \/>\n<meta property=\"og:locale\" content=\"sv_SE\" \/>\n<meta property=\"og:type\" content=\"article\" \/>\n<meta property=\"og:title\" content=\"Ber\u00e4ttelser - Tuberkulos - tuberkuloosi.fi\" \/>\n<meta property=\"og:description\" content=\"H\u00e4r finner du olika ber\u00e4ttelser. Niinas skildring \u00e4r ovanlig. Hon insjuknade i en mycket resistent tuberkulos. V\u00e5rden var mer utmanande \u00e4n vanligt . Mera ber\u00e4ttelser kan du hitta p\u00e5 v\u00e5ra finskspr\u00e5kiga sidor.\" \/>\n<meta property=\"og:url\" content=\"https:\/\/tuberkuloosi.fi\/se\/material\/berattelser\/\" \/>\n<meta property=\"og:site_name\" content=\"Tuberkulos - tuberkuloosi.fi\" \/>\n<meta property=\"article:modified_time\" content=\"2019-08-29T07:44:55+00:00\" \/>\n<meta name=\"twitter:card\" content=\"summary_large_image\" \/>\n<script type=\"application\/ld+json\" class=\"yoast-schema-graph\">{\"@context\":\"https:\\\/\\\/schema.org\",\"@graph\":[{\"@type\":\"WebPage\",\"@id\":\"https:\\\/\\\/tuberkuloosi.fi\\\/se\\\/material\\\/berattelser\\\/\",\"url\":\"https:\\\/\\\/tuberkuloosi.fi\\\/se\\\/material\\\/berattelser\\\/\",\"name\":\"Ber\u00e4ttelser - Tuberkulos - tuberkuloosi.fi\",\"isPartOf\":{\"@id\":\"https:\\\/\\\/tuberkuloosi.fi\\\/se\\\/#website\"},\"datePublished\":\"2016-11-23T22:12:55+00:00\",\"dateModified\":\"2019-08-29T07:44:55+00:00\",\"breadcrumb\":{\"@id\":\"https:\\\/\\\/tuberkuloosi.fi\\\/se\\\/material\\\/berattelser\\\/#breadcrumb\"},\"inLanguage\":\"sv-SE\",\"potentialAction\":[{\"@type\":\"ReadAction\",\"target\":[\"https:\\\/\\\/tuberkuloosi.fi\\\/se\\\/material\\\/berattelser\\\/\"]}]},{\"@type\":\"BreadcrumbList\",\"@id\":\"https:\\\/\\\/tuberkuloosi.fi\\\/se\\\/material\\\/berattelser\\\/#breadcrumb\",\"itemListElement\":[{\"@type\":\"ListItem\",\"position\":1,\"name\":\"Etusivu\",\"item\":\"https:\\\/\\\/tuberkuloosi.fi\\\/se\\\/\"},{\"@type\":\"ListItem\",\"position\":2,\"name\":\"Material\",\"item\":\"https:\\\/\\\/tuberkuloosi.fi\\\/se\\\/material\\\/\"},{\"@type\":\"ListItem\",\"position\":3,\"name\":\"Ber\u00e4ttelser\"}]},{\"@type\":\"WebSite\",\"@id\":\"https:\\\/\\\/tuberkuloosi.fi\\\/se\\\/#website\",\"url\":\"https:\\\/\\\/tuberkuloosi.fi\\\/se\\\/\",\"name\":\"Tuberkulos - tuberkuloosi.fi\",\"description\":\"Tuberkulos kan botas \u2013 det klarar vi tillsammans\",\"publisher\":{\"@id\":\"https:\\\/\\\/tuberkuloosi.fi\\\/se\\\/#organization\"},\"potentialAction\":[{\"@type\":\"SearchAction\",\"target\":{\"@type\":\"EntryPoint\",\"urlTemplate\":\"https:\\\/\\\/tuberkuloosi.fi\\\/se\\\/?s={search_term_string}\"},\"query-input\":{\"@type\":\"PropertyValueSpecification\",\"valueRequired\":true,\"valueName\":\"search_term_string\"}}],\"inLanguage\":\"sv-SE\"},{\"@type\":\"Organization\",\"@id\":\"https:\\\/\\\/tuberkuloosi.fi\\\/se\\\/#organization\",\"name\":\"Tuberkulos - tuberkuloosi.fi\",\"url\":\"https:\\\/\\\/tuberkuloosi.fi\\\/se\\\/\",\"logo\":{\"@type\":\"ImageObject\",\"inLanguage\":\"sv-SE\",\"@id\":\"https:\\\/\\\/tuberkuloosi.fi\\\/se\\\/#\\\/schema\\\/logo\\\/image\\\/\",\"url\":\"https:\\\/\\\/tuberkuloosi.fi\\\/se\\\/wp-content\\\/uploads\\\/sites\\\/9\\\/2019\\\/08\\\/cropped-tuberkuloosi.fi-logo1.jpg\",\"contentUrl\":\"https:\\\/\\\/tuberkuloosi.fi\\\/se\\\/wp-content\\\/uploads\\\/sites\\\/9\\\/2019\\\/08\\\/cropped-tuberkuloosi.fi-logo1.jpg\",\"width\":1598,\"height\":321,\"caption\":\"Tuberkulos - tuberkuloosi.fi\"},\"image\":{\"@id\":\"https:\\\/\\\/tuberkuloosi.fi\\\/se\\\/#\\\/schema\\\/logo\\\/image\\\/\"}}]}<\/script>\n<!-- \/ Yoast SEO plugin. -->","yoast_head_json":{"title":"Ber\u00e4ttelser - Tuberkulos - tuberkuloosi.fi","robots":{"index":"index","follow":"follow","max-snippet":"max-snippet:-1","max-image-preview":"max-image-preview:large","max-video-preview":"max-video-preview:-1"},"canonical":"https:\/\/tuberkuloosi.fi\/se\/material\/berattelser\/","og_locale":"sv_SE","og_type":"article","og_title":"Ber\u00e4ttelser - Tuberkulos - tuberkuloosi.fi","og_description":"H\u00e4r finner du olika ber\u00e4ttelser. Niinas skildring \u00e4r ovanlig. Hon insjuknade i en mycket resistent tuberkulos. V\u00e5rden var mer utmanande \u00e4n vanligt . Mera ber\u00e4ttelser kan du hitta p\u00e5 v\u00e5ra finskspr\u00e5kiga sidor.","og_url":"https:\/\/tuberkuloosi.fi\/se\/material\/berattelser\/","og_site_name":"Tuberkulos - tuberkuloosi.fi","article_modified_time":"2019-08-29T07:44:55+00:00","twitter_card":"summary_large_image","schema":{"@context":"https:\/\/schema.org","@graph":[{"@type":"WebPage","@id":"https:\/\/tuberkuloosi.fi\/se\/material\/berattelser\/","url":"https:\/\/tuberkuloosi.fi\/se\/material\/berattelser\/","name":"Ber\u00e4ttelser - Tuberkulos - tuberkuloosi.fi","isPartOf":{"@id":"https:\/\/tuberkuloosi.fi\/se\/#website"},"datePublished":"2016-11-23T22:12:55+00:00","dateModified":"2019-08-29T07:44:55+00:00","breadcrumb":{"@id":"https:\/\/tuberkuloosi.fi\/se\/material\/berattelser\/#breadcrumb"},"inLanguage":"sv-SE","potentialAction":[{"@type":"ReadAction","target":["https:\/\/tuberkuloosi.fi\/se\/material\/berattelser\/"]}]},{"@type":"BreadcrumbList","@id":"https:\/\/tuberkuloosi.fi\/se\/material\/berattelser\/#breadcrumb","itemListElement":[{"@type":"ListItem","position":1,"name":"Etusivu","item":"https:\/\/tuberkuloosi.fi\/se\/"},{"@type":"ListItem","position":2,"name":"Material","item":"https:\/\/tuberkuloosi.fi\/se\/material\/"},{"@type":"ListItem","position":3,"name":"Ber\u00e4ttelser"}]},{"@type":"WebSite","@id":"https:\/\/tuberkuloosi.fi\/se\/#website","url":"https:\/\/tuberkuloosi.fi\/se\/","name":"Tuberkulos - tuberkuloosi.fi","description":"Tuberkulos kan botas \u2013 det klarar vi tillsammans","publisher":{"@id":"https:\/\/tuberkuloosi.fi\/se\/#organization"},"potentialAction":[{"@type":"SearchAction","target":{"@type":"EntryPoint","urlTemplate":"https:\/\/tuberkuloosi.fi\/se\/?s={search_term_string}"},"query-input":{"@type":"PropertyValueSpecification","valueRequired":true,"valueName":"search_term_string"}}],"inLanguage":"sv-SE"},{"@type":"Organization","@id":"https:\/\/tuberkuloosi.fi\/se\/#organization","name":"Tuberkulos - tuberkuloosi.fi","url":"https:\/\/tuberkuloosi.fi\/se\/","logo":{"@type":"ImageObject","inLanguage":"sv-SE","@id":"https:\/\/tuberkuloosi.fi\/se\/#\/schema\/logo\/image\/","url":"https:\/\/tuberkuloosi.fi\/se\/wp-content\/uploads\/sites\/9\/2019\/08\/cropped-tuberkuloosi.fi-logo1.jpg","contentUrl":"https:\/\/tuberkuloosi.fi\/se\/wp-content\/uploads\/sites\/9\/2019\/08\/cropped-tuberkuloosi.fi-logo1.jpg","width":1598,"height":321,"caption":"Tuberkulos - tuberkuloosi.fi"},"image":{"@id":"https:\/\/tuberkuloosi.fi\/se\/#\/schema\/logo\/image\/"}}]}},"_links":{"self":[{"href":"https:\/\/tuberkuloosi.fi\/se\/wp-json\/wp\/v2\/pages\/222","targetHints":{"allow":["GET"]}}],"collection":[{"href":"https:\/\/tuberkuloosi.fi\/se\/wp-json\/wp\/v2\/pages"}],"about":[{"href":"https:\/\/tuberkuloosi.fi\/se\/wp-json\/wp\/v2\/types\/page"}],"author":[{"embeddable":true,"href":"https:\/\/tuberkuloosi.fi\/se\/wp-json\/wp\/v2\/users\/2"}],"replies":[{"embeddable":true,"href":"https:\/\/tuberkuloosi.fi\/se\/wp-json\/wp\/v2\/comments?post=222"}],"version-history":[{"count":3,"href":"https:\/\/tuberkuloosi.fi\/se\/wp-json\/wp\/v2\/pages\/222\/revisions"}],"predecessor-version":[{"id":427,"href":"https:\/\/tuberkuloosi.fi\/se\/wp-json\/wp\/v2\/pages\/222\/revisions\/427"}],"up":[{"embeddable":true,"href":"https:\/\/tuberkuloosi.fi\/se\/wp-json\/wp\/v2\/pages\/197"}],"wp:attachment":[{"href":"https:\/\/tuberkuloosi.fi\/se\/wp-json\/wp\/v2\/media?parent=222"}],"curies":[{"name":"wp","href":"https:\/\/api.w.org\/{rel}","templated":true}]}}