{"id":226,"date":"2016-11-23T22:20:32","date_gmt":"2016-11-23T22:20:32","guid":{"rendered":"http:\/\/tuberkuloosi.fi\/se\/?page_id=226"},"modified":"2025-10-17T08:42:45","modified_gmt":"2025-10-17T08:42:45","slug":"affischer","status":"publish","type":"page","link":"https:\/\/tuberkuloosi.fi\/se\/material\/affischer\/","title":{"rendered":"Affischer"},"content":{"rendered":"<h2>Affischen f\u00f6r webbsidan tuberkuloosi.fi<\/h2>\n<p><a href=\"http:\/\/tuberkuloosi.fi\/se\/wp-content\/uploads\/sites\/9\/2017\/03\/tuberkuloosi.fi-juliste_SE.png\"><img fetchpriority=\"high\" decoding=\"async\" class=\"alignleft wp-image-334\" src=\"http:\/\/tuberkuloosi.fi\/se\/wp-content\/uploads\/sites\/9\/2017\/03\/tuberkuloosi.fi-juliste_SE-768x1024.png\" alt=\"tuberkuloosi.fi juliste_SE\" width=\"256\" height=\"341\" srcset=\"https:\/\/tuberkuloosi.fi\/se\/wp-content\/uploads\/sites\/9\/2017\/03\/tuberkuloosi.fi-juliste_SE-768x1024.png 768w, https:\/\/tuberkuloosi.fi\/se\/wp-content\/uploads\/sites\/9\/2017\/03\/tuberkuloosi.fi-juliste_SE-225x300.png 225w, https:\/\/tuberkuloosi.fi\/se\/wp-content\/uploads\/sites\/9\/2017\/03\/tuberkuloosi.fi-juliste_SE.png 1008w\" sizes=\"(max-width: 256px) 100vw, 256px\" \/><\/a><\/p>\n<p>&nbsp;<\/p>\n<p>Avsikten med affischen p\u00e5 tuberkuloosi.fi webbsidan \u00e4r att sprida information om webbplatsen.<\/p>\n<p><a href=\"http:\/\/tuberkuloosi.fi\/se\/wp-content\/uploads\/sites\/9\/2017\/03\/tuberkuloosi.fi-juliste_SE.pdf\" target=\"_blank\" rel=\"noopener noreferrer\">Affischen p\u00e5 tuberkuloosi.fi webbsidan (pdf)<\/a><\/p>\n<p>&nbsp;<\/p>\n<h2><\/h2>\n<h2><\/h2>\n<h2><\/h2>\n<h2><\/h2>\n<p>&nbsp;<\/p>\n<p>&nbsp;<\/p>\n<p>&nbsp;<\/p>\n<p>&nbsp;<\/p>\n<p>&nbsp;<\/p>\n<hr \/>\n<h2>TIE-projektets affischer<\/h2>\n<p>I samband med det av Filha samordnade TIE-projektet (f\u00f6rebyggande och tidig diagnos av tuberkulos och hiv bland unga asyls\u00f6kande) har 2014 f\u00e4rdigst\u00e4llts tv\u00e5 animationer som ber\u00e4ttar om tuberkulos och hiv samt tillh\u00f6rande affischer. Producent var Constantinos &#8221;Gogi&#8221; Mavromichalis. Europeiska flyktingfonden deltar i finansieringen av projektet.<\/p>\n<p><img decoding=\"async\" class=\"alignleft wp-image-679 size-medium lazyload\" data-src=\"http:\/\/tuberkuloosi.fi\/wp-content\/uploads\/2014\/06\/TIE-TB-juliste-pikkukuva-217x300.png\" alt=\"TIE-hankkeen TB juliste pikkukuva\" width=\"217\" height=\"300\" src=\"data:image\/svg+xml;base64,PHN2ZyB3aWR0aD0iMSIgaGVpZ2h0PSIxIiB4bWxucz0iaHR0cDovL3d3dy53My5vcmcvMjAwMC9zdmciPjwvc3ZnPg==\" style=\"--smush-placeholder-width: 217px; --smush-placeholder-aspect-ratio: 217\/300;\" \/><\/p>\n<h2><\/h2>\n<h2><\/h2>\n<h2><\/h2>\n<h2><\/h2>\n<h2><\/h2>\n<h2><\/h2>\n<h2><\/h2>\n<h2><\/h2>\n<h2><\/h2>\n<h2><img decoding=\"async\" class=\"alignleft wp-image-678 size-medium lazyload\" data-src=\"http:\/\/tuberkuloosi.fi\/wp-content\/uploads\/2014\/06\/TIE-HIV-juliste-pikkukuva-216x300.png\" alt=\"TIE-hankkeen HIV juliste pikkukuva\" width=\"216\" height=\"300\" src=\"data:image\/svg+xml;base64,PHN2ZyB3aWR0aD0iMSIgaGVpZ2h0PSIxIiB4bWxucz0iaHR0cDovL3d3dy53My5vcmcvMjAwMC9zdmciPjwvc3ZnPg==\" style=\"--smush-placeholder-width: 216px; --smush-placeholder-aspect-ratio: 216\/300;\" \/><\/h2>\n<h2><\/h2>\n<h2><\/h2>\n<h2><\/h2>\n<h2><\/h2>\n<h2><\/h2>\n<h2><\/h2>\n<h2><\/h2>\n<h2><\/h2>\n<h2><\/h2>\n<p>&nbsp;<\/p>\n<p>&nbsp;<\/p>\n<p>&nbsp;<\/p>\n<p>&nbsp;<\/p>\n<p>&nbsp;<\/p>\n<p>&nbsp;<\/p>\n<p>&nbsp;<\/p>\n<p>&nbsp;<\/p>\n<p>&nbsp;<\/p>\n<p><a href=\"http:\/\/tuberkuloosi.fi\/wp-content\/uploads\/2014\/06\/Juliste_Tubi.pdf\" target=\"_blank\" rel=\"noopener noreferrer\">Tuberkulos kan botas \u2013 TIE-projektets affisch (pdf)<\/a><\/p>\n<p><a href=\"http:\/\/tuberkuloosi.fi\/wp-content\/uploads\/2014\/06\/Juliste_Hiv.pdf\" target=\"_blank\" rel=\"noopener noreferrer\">Ett fullv\u00e4rdigt liv med hiv \u2013 TIE-projektets affisch (pdf)<\/a><\/p>\n<p><img loading=\"lazy\" decoding=\"async\" class=\"alignleft wp-image-690 size-thumbnail\" src=\"http:\/\/tuberkuloosi.fi\/wp-content\/uploads\/2014\/06\/35166_erf_logo_doc_fin-150x150.jpg\" alt=\"Euroopan pakolaisrahaston logo\" width=\"150\" height=\"150\" \/><\/p>\n<p>&nbsp;<\/p>\n<p>&nbsp;<\/p>\n<p>&nbsp;<\/p>\n<p>&nbsp;<\/p>\n<p>&nbsp;<\/p>\n<hr \/>\n<h2><\/h2>\n<h2>Birkalands sjukv\u00e5rdsdistrikts affischer<\/h2>\n<p><img decoding=\"async\" class=\"size-full wp-image-464 alignleft lazyload\" data-src=\"http:\/\/tuberkuloosi.fi\/wp-content\/uploads\/2014\/03\/tb_juliste.jpg\" alt=\"pshp tuberkuloosijuliste, tuberkuloosi\" width=\"220\" height=\"303\" src=\"data:image\/svg+xml;base64,PHN2ZyB3aWR0aD0iMSIgaGVpZ2h0PSIxIiB4bWxucz0iaHR0cDovL3d3dy53My5vcmcvMjAwMC9zdmciPjwvc3ZnPg==\" style=\"--smush-placeholder-width: 220px; --smush-placeholder-aspect-ratio: 220\/303;\" \/>Birkalands sjukv\u00e5rdsdistrikt har producerat tuberkulosinformationsaffischer p\u00e5 finska, svenska, engelska och ryska. Trycksakerna har utformats av grafikern Juha Harju i \u00c5bo.<\/p>\n<p><a href=\"http:\/\/tuberkuloosi.fi\/wp-content\/uploads\/2014\/03\/PHSP-TB-juliste_suomi.pdf\" target=\"_blank\" rel=\"noopener noreferrer\">Tuberkulosinformationsaffisch p\u00e5 finska (pdf)<\/a><\/p>\n<p><a href=\"http:\/\/tuberkuloosi.fi\/wp-content\/uploads\/2014\/03\/PHSP-TB-juliste_ruotsi.pdf\" target=\"_blank\" rel=\"noopener noreferrer\">Tuberkulosinformationsaffisch p\u00e5 svenska (pdf)<\/a><\/p>\n<p>&nbsp;<\/p>\n<p><a href=\"http:\/\/tuberkuloosi.fi\/wp-content\/uploads\/2014\/03\/PHSP-TB-juliste_ven\u00e4j\u00e4.pdf\" target=\"_blank\" rel=\"noopener noreferrer\">Tuberkulosinformationsaffisch p\u00e5 ryska (pdf)<\/a><\/p>\n<p>Affischer och annat material finns ocks\u00e5 tillg\u00e4ngliga p\u00e5 webbplatsen f\u00f6r <a href=\"http:\/\/www.pshp.fi\/fi-FI\/Ohjeet\/Infektioohjeet\/Tuberkuloosiohjeet\/Tuberkuloosista_voi_ja_pitaa_puhua(50126)\" target=\"_blank\" rel=\"noopener noreferrer\">Birkalands sjukv\u00e5rdsdistrikt<\/a>.<\/p>\n<p>&nbsp;<\/p>\n<p>&nbsp;<\/p>\n<h2><\/h2>\n<h2><\/h2>\n<hr \/>\n<h2><\/h2>\n<h2>TUBIDU-projektets affischer<\/h2>\n<p>Det EU-finansierade TUBIDU-projektet har producerat broschyrer och affischer med fokus p\u00e5 symtomen p\u00e5 tuberkulos p\u00e5 sju spr\u00e5k. L\u00e4s mer om projektet p\u00e5 webbplatsen f\u00f6r <a href=\"http:\/\/www.tai.ee\/en\" target=\"_blank\" rel=\"noopener\">Estlands nationella folkh\u00e4lsoinstitut (p\u00e5 engelska)<\/a>.<\/p>\n<p>&nbsp;<\/p>\n<p><img decoding=\"async\" class=\"wp-image-512 alignleft lazyload\" data-src=\"http:\/\/tuberkuloosi.fi\/wp-content\/uploads\/2014\/03\/TUBIDU_poster_ENG.jpg\" alt=\"TUBIDU_poster_ENG\" width=\"312\" height=\"429\" src=\"data:image\/svg+xml;base64,PHN2ZyB3aWR0aD0iMSIgaGVpZ2h0PSIxIiB4bWxucz0iaHR0cDovL3d3dy53My5vcmcvMjAwMC9zdmciPjwvc3ZnPg==\" style=\"--smush-placeholder-width: 312px; --smush-placeholder-aspect-ratio: 312\/429;\" \/>Estniska:<b>\u00a0<a href=\"https:\/\/tuberkuloosi.fi\/ru\/wp-content\/uploads\/sites\/3\/2023\/08\/TUBIDU_leaflet_EST.pdf\" target=\"_blank\" rel=\"noopener\">Iga\u00fcks v\u00f5ib haigestuda tuberkuloosi!<\/a>\u00a0(pdf)<\/b><\/p>\n<p>Lettiska: <b><a href=\"https:\/\/tuberkuloosi.fi\/ru\/wp-content\/uploads\/sites\/3\/2023\/08\/TUBIDU_leaflet_LAT.pdf\" target=\"_blank\" rel=\"noopener\">Ar tuberkulozi var saslimt ikviens!<\/a>\u00a0(pdf)<\/b><\/p>\n<p>Litauska: <b><a href=\"https:\/\/tuberkuloosi.fi\/ru\/wp-content\/uploads\/sites\/3\/2023\/08\/TUBIDU_leaflet_LIT.pdf\" target=\"_blank\" rel=\"noopener\">Bet kas gali susirgti tuberkulioze!<\/a>\u00a0(pdf)<\/b><\/p>\n<p>Engelska: <b><a href=\"https:\/\/tuberkuloosi.fi\/ru\/wp-content\/uploads\/sites\/3\/2023\/08\/TUBIDU_leaflet_ENG.pdf\" target=\"_blank\" rel=\"noopener\">Anyone can get tuberculosis!<\/a>\u00a0(pdf)<\/b><\/p>\n<p>Rom\u00e4nska: <b><a href=\"https:\/\/tuberkuloosi.fi\/ru\/wp-content\/uploads\/sites\/3\/2023\/08\/TUBIDU_leaflet_ROM.pdf\" target=\"_blank\" rel=\"noopener\">Oricine se poate \u00eemboln\u0103vi de Tuberculoz\u0103!<\/a>\u00a0(pdf)<\/b><\/p>\n<p>Bulgariska: <b><a href=\"https:\/\/tuberkuloosi.fi\/ru\/wp-content\/uploads\/sites\/3\/2023\/08\/TUBIDU_leaflet_BUL.pdf\" target=\"_blank\" rel=\"noopener\">\u0412\u0441\u0435\u043a\u0438 \u043c\u043e\u0436\u0435 \u0434\u0430 \u0441\u0435 \u0437\u0430\u0440\u0430\u0437\u0438 \u0441 \u0442\u0443\u0431\u0435\u0440\u043a\u0443\u043b\u043e\u0437\u0430!<\/a>\u00a0(pdf)<\/b><\/p>\n<p>Ryska: <b><a href=\"https:\/\/tuberkuloosi.fi\/ru\/wp-content\/uploads\/sites\/3\/2023\/08\/TUBIDU_leaflet_RUS.pdf\" target=\"_blank\" rel=\"noopener\">\u0417\u0430\u0431\u043e\u043b\u0435\u0442\u044c \u0442\u0443\u0431\u0435\u0440\u043a\u0443\u043b\u0451\u0437\u043e\u043c \u043c\u043e\u0436\u0435\u0442 \u043a\u0430\u0436\u0434\u044b\u0439!<\/a>\u00a0(pdf)<\/b><\/p>\n<p>&nbsp;<\/p>\n<p>&nbsp;<\/p>\n<p>&nbsp;<\/p>\n<p>&nbsp;<\/p>\n<p>&nbsp;<\/p>\n<p><img loading=\"lazy\" decoding=\"async\" class=\" wp-image-510 alignleft\" src=\"http:\/\/tuberkuloosi.fi\/wp-content\/uploads\/2014\/03\/tubidu_logo.png\" alt=\"tubidu_logo\" width=\"263\" height=\"65\" \/> <img decoding=\"async\" class=\"alignright wp-image-519 lazyload\" data-src=\"http:\/\/tuberkuloosi.fi\/wp-content\/uploads\/2014\/03\/EU_flag_and_co-funded_by_health_programme.jpg\" alt=\"EU_flag_and_co-funded_by_health_programme\" width=\"341\" height=\"69\" src=\"data:image\/svg+xml;base64,PHN2ZyB3aWR0aD0iMSIgaGVpZ2h0PSIxIiB4bWxucz0iaHR0cDovL3d3dy53My5vcmcvMjAwMC9zdmciPjwvc3ZnPg==\" style=\"--smush-placeholder-width: 341px; --smush-placeholder-aspect-ratio: 341\/69;\" \/><\/p>\n","protected":false},"excerpt":{"rendered":"<p>Affischen f\u00f6r webbsidan tuberkuloosi.fi &nbsp; Avsikten med affischen p\u00e5 tuberkuloosi.fi webbsidan \u00e4r att sprida information om webbplatsen. Affischen p\u00e5 tuberkuloosi.fi webbsidan (pdf) &nbsp; &nbsp; &nbsp; &nbsp; &nbsp; &nbsp; TIE-projektets affischer I samband med det av Filha samordnade TIE-projektet (f\u00f6rebyggande och tidig diagnos av tuberkulos och hiv bland unga asyls\u00f6kande) har 2014 f\u00e4rdigst\u00e4llts tv\u00e5 animationer som &#8230; <a title=\"Affischer\" class=\"read-more\" href=\"https:\/\/tuberkuloosi.fi\/se\/material\/affischer\/\">L\u00e4s mer<span class=\"screen-reader-text\">Affischer<\/span><\/a><\/p>\n","protected":false},"author":1,"featured_media":0,"parent":197,"menu_order":12,"comment_status":"closed","ping_status":"open","template":"","meta":{"footnotes":""},"class_list":["post-226","page","type-page","status-publish"],"yoast_head":"<!-- This site is optimized with the Yoast SEO plugin v27.5 - https:\/\/yoast.com\/product\/yoast-seo-wordpress\/ -->\n<title>Affischer - Tuberkulos - tuberkuloosi.fi<\/title>\n<meta name=\"robots\" content=\"index, follow, max-snippet:-1, max-image-preview:large, max-video-preview:-1\" \/>\n<link rel=\"canonical\" href=\"https:\/\/tuberkuloosi.fi\/se\/material\/affischer\/\" \/>\n<meta property=\"og:locale\" content=\"sv_SE\" \/>\n<meta property=\"og:type\" content=\"article\" \/>\n<meta property=\"og:title\" content=\"Affischer - Tuberkulos - tuberkuloosi.fi\" \/>\n<meta property=\"og:description\" content=\"Affischen f\u00f6r webbsidan tuberkuloosi.fi &nbsp; Avsikten med affischen p\u00e5 tuberkuloosi.fi webbsidan \u00e4r att sprida information om webbplatsen. Affischen p\u00e5 tuberkuloosi.fi webbsidan (pdf) &nbsp; &nbsp; &nbsp; &nbsp; &nbsp; &nbsp; TIE-projektets affischer I samband med det av Filha samordnade TIE-projektet (f\u00f6rebyggande och tidig diagnos av tuberkulos och hiv bland unga asyls\u00f6kande) har 2014 f\u00e4rdigst\u00e4llts tv\u00e5 animationer som ... L\u00e4s merAffischer\" \/>\n<meta property=\"og:url\" content=\"https:\/\/tuberkuloosi.fi\/se\/material\/affischer\/\" \/>\n<meta property=\"og:site_name\" content=\"Tuberkulos - tuberkuloosi.fi\" \/>\n<meta property=\"article:modified_time\" content=\"2025-10-17T08:42:45+00:00\" \/>\n<meta property=\"og:image\" content=\"https:\/\/tuberkuloosi.fi\/se\/wp-content\/uploads\/sites\/9\/2017\/03\/tuberkuloosi.fi-juliste_SE.png\" \/>\n\t<meta property=\"og:image:width\" content=\"1008\" \/>\n\t<meta property=\"og:image:height\" content=\"1344\" \/>\n\t<meta property=\"og:image:type\" content=\"image\/png\" \/>\n<meta name=\"twitter:card\" content=\"summary_large_image\" \/>\n<meta name=\"twitter:label1\" content=\"Ber\u00e4knad l\u00e4stid\" \/>\n\t<meta name=\"twitter:data1\" content=\"1 minut\" \/>\n<script type=\"application\/ld+json\" class=\"yoast-schema-graph\">{\"@context\":\"https:\\\/\\\/schema.org\",\"@graph\":[{\"@type\":\"WebPage\",\"@id\":\"https:\\\/\\\/tuberkuloosi.fi\\\/se\\\/material\\\/affischer\\\/\",\"url\":\"https:\\\/\\\/tuberkuloosi.fi\\\/se\\\/material\\\/affischer\\\/\",\"name\":\"Affischer - Tuberkulos - tuberkuloosi.fi\",\"isPartOf\":{\"@id\":\"https:\\\/\\\/tuberkuloosi.fi\\\/se\\\/#website\"},\"primaryImageOfPage\":{\"@id\":\"https:\\\/\\\/tuberkuloosi.fi\\\/se\\\/material\\\/affischer\\\/#primaryimage\"},\"image\":{\"@id\":\"https:\\\/\\\/tuberkuloosi.fi\\\/se\\\/material\\\/affischer\\\/#primaryimage\"},\"thumbnailUrl\":\"http:\\\/\\\/tuberkuloosi.fi\\\/se\\\/wp-content\\\/uploads\\\/sites\\\/9\\\/2017\\\/03\\\/tuberkuloosi.fi-juliste_SE-768x1024.png\",\"datePublished\":\"2016-11-23T22:20:32+00:00\",\"dateModified\":\"2025-10-17T08:42:45+00:00\",\"breadcrumb\":{\"@id\":\"https:\\\/\\\/tuberkuloosi.fi\\\/se\\\/material\\\/affischer\\\/#breadcrumb\"},\"inLanguage\":\"sv-SE\",\"potentialAction\":[{\"@type\":\"ReadAction\",\"target\":[\"https:\\\/\\\/tuberkuloosi.fi\\\/se\\\/material\\\/affischer\\\/\"]}]},{\"@type\":\"ImageObject\",\"inLanguage\":\"sv-SE\",\"@id\":\"https:\\\/\\\/tuberkuloosi.fi\\\/se\\\/material\\\/affischer\\\/#primaryimage\",\"url\":\"https:\\\/\\\/tuberkuloosi.fi\\\/se\\\/wp-content\\\/uploads\\\/sites\\\/9\\\/2017\\\/03\\\/tuberkuloosi.fi-juliste_SE.png\",\"contentUrl\":\"https:\\\/\\\/tuberkuloosi.fi\\\/se\\\/wp-content\\\/uploads\\\/sites\\\/9\\\/2017\\\/03\\\/tuberkuloosi.fi-juliste_SE.png\",\"width\":1008,\"height\":1344},{\"@type\":\"BreadcrumbList\",\"@id\":\"https:\\\/\\\/tuberkuloosi.fi\\\/se\\\/material\\\/affischer\\\/#breadcrumb\",\"itemListElement\":[{\"@type\":\"ListItem\",\"position\":1,\"name\":\"Etusivu\",\"item\":\"https:\\\/\\\/tuberkuloosi.fi\\\/se\\\/\"},{\"@type\":\"ListItem\",\"position\":2,\"name\":\"Material\",\"item\":\"https:\\\/\\\/tuberkuloosi.fi\\\/se\\\/material\\\/\"},{\"@type\":\"ListItem\",\"position\":3,\"name\":\"Affischer\"}]},{\"@type\":\"WebSite\",\"@id\":\"https:\\\/\\\/tuberkuloosi.fi\\\/se\\\/#website\",\"url\":\"https:\\\/\\\/tuberkuloosi.fi\\\/se\\\/\",\"name\":\"Tuberkulos - tuberkuloosi.fi\",\"description\":\"Tuberkulos kan botas \u2013 det klarar vi tillsammans\",\"publisher\":{\"@id\":\"https:\\\/\\\/tuberkuloosi.fi\\\/se\\\/#organization\"},\"potentialAction\":[{\"@type\":\"SearchAction\",\"target\":{\"@type\":\"EntryPoint\",\"urlTemplate\":\"https:\\\/\\\/tuberkuloosi.fi\\\/se\\\/?s={search_term_string}\"},\"query-input\":{\"@type\":\"PropertyValueSpecification\",\"valueRequired\":true,\"valueName\":\"search_term_string\"}}],\"inLanguage\":\"sv-SE\"},{\"@type\":\"Organization\",\"@id\":\"https:\\\/\\\/tuberkuloosi.fi\\\/se\\\/#organization\",\"name\":\"Tuberkulos - tuberkuloosi.fi\",\"url\":\"https:\\\/\\\/tuberkuloosi.fi\\\/se\\\/\",\"logo\":{\"@type\":\"ImageObject\",\"inLanguage\":\"sv-SE\",\"@id\":\"https:\\\/\\\/tuberkuloosi.fi\\\/se\\\/#\\\/schema\\\/logo\\\/image\\\/\",\"url\":\"https:\\\/\\\/tuberkuloosi.fi\\\/se\\\/wp-content\\\/uploads\\\/sites\\\/9\\\/2019\\\/08\\\/cropped-tuberkuloosi.fi-logo1.jpg\",\"contentUrl\":\"https:\\\/\\\/tuberkuloosi.fi\\\/se\\\/wp-content\\\/uploads\\\/sites\\\/9\\\/2019\\\/08\\\/cropped-tuberkuloosi.fi-logo1.jpg\",\"width\":1598,\"height\":321,\"caption\":\"Tuberkulos - tuberkuloosi.fi\"},\"image\":{\"@id\":\"https:\\\/\\\/tuberkuloosi.fi\\\/se\\\/#\\\/schema\\\/logo\\\/image\\\/\"}}]}<\/script>\n<!-- \/ Yoast SEO plugin. -->","yoast_head_json":{"title":"Affischer - Tuberkulos - tuberkuloosi.fi","robots":{"index":"index","follow":"follow","max-snippet":"max-snippet:-1","max-image-preview":"max-image-preview:large","max-video-preview":"max-video-preview:-1"},"canonical":"https:\/\/tuberkuloosi.fi\/se\/material\/affischer\/","og_locale":"sv_SE","og_type":"article","og_title":"Affischer - Tuberkulos - tuberkuloosi.fi","og_description":"Affischen f\u00f6r webbsidan tuberkuloosi.fi &nbsp; Avsikten med affischen p\u00e5 tuberkuloosi.fi webbsidan \u00e4r att sprida information om webbplatsen. Affischen p\u00e5 tuberkuloosi.fi webbsidan (pdf) &nbsp; &nbsp; &nbsp; &nbsp; &nbsp; &nbsp; TIE-projektets affischer I samband med det av Filha samordnade TIE-projektet (f\u00f6rebyggande och tidig diagnos av tuberkulos och hiv bland unga asyls\u00f6kande) har 2014 f\u00e4rdigst\u00e4llts tv\u00e5 animationer som ... L\u00e4s merAffischer","og_url":"https:\/\/tuberkuloosi.fi\/se\/material\/affischer\/","og_site_name":"Tuberkulos - tuberkuloosi.fi","article_modified_time":"2025-10-17T08:42:45+00:00","og_image":[{"width":1008,"height":1344,"url":"https:\/\/tuberkuloosi.fi\/se\/wp-content\/uploads\/sites\/9\/2017\/03\/tuberkuloosi.fi-juliste_SE.png","type":"image\/png"}],"twitter_card":"summary_large_image","twitter_misc":{"Ber\u00e4knad l\u00e4stid":"1 minut"},"schema":{"@context":"https:\/\/schema.org","@graph":[{"@type":"WebPage","@id":"https:\/\/tuberkuloosi.fi\/se\/material\/affischer\/","url":"https:\/\/tuberkuloosi.fi\/se\/material\/affischer\/","name":"Affischer - Tuberkulos - tuberkuloosi.fi","isPartOf":{"@id":"https:\/\/tuberkuloosi.fi\/se\/#website"},"primaryImageOfPage":{"@id":"https:\/\/tuberkuloosi.fi\/se\/material\/affischer\/#primaryimage"},"image":{"@id":"https:\/\/tuberkuloosi.fi\/se\/material\/affischer\/#primaryimage"},"thumbnailUrl":"http:\/\/tuberkuloosi.fi\/se\/wp-content\/uploads\/sites\/9\/2017\/03\/tuberkuloosi.fi-juliste_SE-768x1024.png","datePublished":"2016-11-23T22:20:32+00:00","dateModified":"2025-10-17T08:42:45+00:00","breadcrumb":{"@id":"https:\/\/tuberkuloosi.fi\/se\/material\/affischer\/#breadcrumb"},"inLanguage":"sv-SE","potentialAction":[{"@type":"ReadAction","target":["https:\/\/tuberkuloosi.fi\/se\/material\/affischer\/"]}]},{"@type":"ImageObject","inLanguage":"sv-SE","@id":"https:\/\/tuberkuloosi.fi\/se\/material\/affischer\/#primaryimage","url":"https:\/\/tuberkuloosi.fi\/se\/wp-content\/uploads\/sites\/9\/2017\/03\/tuberkuloosi.fi-juliste_SE.png","contentUrl":"https:\/\/tuberkuloosi.fi\/se\/wp-content\/uploads\/sites\/9\/2017\/03\/tuberkuloosi.fi-juliste_SE.png","width":1008,"height":1344},{"@type":"BreadcrumbList","@id":"https:\/\/tuberkuloosi.fi\/se\/material\/affischer\/#breadcrumb","itemListElement":[{"@type":"ListItem","position":1,"name":"Etusivu","item":"https:\/\/tuberkuloosi.fi\/se\/"},{"@type":"ListItem","position":2,"name":"Material","item":"https:\/\/tuberkuloosi.fi\/se\/material\/"},{"@type":"ListItem","position":3,"name":"Affischer"}]},{"@type":"WebSite","@id":"https:\/\/tuberkuloosi.fi\/se\/#website","url":"https:\/\/tuberkuloosi.fi\/se\/","name":"Tuberkulos - tuberkuloosi.fi","description":"Tuberkulos kan botas \u2013 det klarar vi tillsammans","publisher":{"@id":"https:\/\/tuberkuloosi.fi\/se\/#organization"},"potentialAction":[{"@type":"SearchAction","target":{"@type":"EntryPoint","urlTemplate":"https:\/\/tuberkuloosi.fi\/se\/?s={search_term_string}"},"query-input":{"@type":"PropertyValueSpecification","valueRequired":true,"valueName":"search_term_string"}}],"inLanguage":"sv-SE"},{"@type":"Organization","@id":"https:\/\/tuberkuloosi.fi\/se\/#organization","name":"Tuberkulos - tuberkuloosi.fi","url":"https:\/\/tuberkuloosi.fi\/se\/","logo":{"@type":"ImageObject","inLanguage":"sv-SE","@id":"https:\/\/tuberkuloosi.fi\/se\/#\/schema\/logo\/image\/","url":"https:\/\/tuberkuloosi.fi\/se\/wp-content\/uploads\/sites\/9\/2019\/08\/cropped-tuberkuloosi.fi-logo1.jpg","contentUrl":"https:\/\/tuberkuloosi.fi\/se\/wp-content\/uploads\/sites\/9\/2019\/08\/cropped-tuberkuloosi.fi-logo1.jpg","width":1598,"height":321,"caption":"Tuberkulos - tuberkuloosi.fi"},"image":{"@id":"https:\/\/tuberkuloosi.fi\/se\/#\/schema\/logo\/image\/"}}]}},"_links":{"self":[{"href":"https:\/\/tuberkuloosi.fi\/se\/wp-json\/wp\/v2\/pages\/226","targetHints":{"allow":["GET"]}}],"collection":[{"href":"https:\/\/tuberkuloosi.fi\/se\/wp-json\/wp\/v2\/pages"}],"about":[{"href":"https:\/\/tuberkuloosi.fi\/se\/wp-json\/wp\/v2\/types\/page"}],"author":[{"embeddable":true,"href":"https:\/\/tuberkuloosi.fi\/se\/wp-json\/wp\/v2\/users\/1"}],"replies":[{"embeddable":true,"href":"https:\/\/tuberkuloosi.fi\/se\/wp-json\/wp\/v2\/comments?post=226"}],"version-history":[{"count":11,"href":"https:\/\/tuberkuloosi.fi\/se\/wp-json\/wp\/v2\/pages\/226\/revisions"}],"predecessor-version":[{"id":942,"href":"https:\/\/tuberkuloosi.fi\/se\/wp-json\/wp\/v2\/pages\/226\/revisions\/942"}],"up":[{"embeddable":true,"href":"https:\/\/tuberkuloosi.fi\/se\/wp-json\/wp\/v2\/pages\/197"}],"wp:attachment":[{"href":"https:\/\/tuberkuloosi.fi\/se\/wp-json\/wp\/v2\/media?parent=226"}],"curies":[{"name":"wp","href":"https:\/\/api.w.org\/{rel}","templated":true}]}}