{"id":228,"date":"2016-11-23T22:24:33","date_gmt":"2016-11-23T22:24:33","guid":{"rendered":"http:\/\/tuberkuloosi.fi\/se\/?page_id=228"},"modified":"2025-10-17T08:24:29","modified_gmt":"2025-10-17T08:24:29","slug":"lankar","status":"publish","type":"page","link":"https:\/\/tuberkuloosi.fi\/se\/material\/lankar\/","title":{"rendered":"L\u00e4nkar"},"content":{"rendered":"<p>Filhas tuberkulossidor f\u00f6r v\u00e5rdpersonal:<br \/>\n<a href=\"https:\/\/www.filha.fi\/tuberkuloosi\/\" target=\"_blank\" rel=\"noopener\">www.filha.fi\/tuberkuloosi\/<\/a><\/p>\n<p>Institutets f\u00f6r h\u00e4lsa och v\u00e4lf\u00e4rd (THL) webbsidor om tuberkulos: :<br \/>\n<a href=\"https:\/\/thl.fi\/sv\/teman\/infektionssjukdomar-och-vaccinationer\/sjukdomar-och-bekampning\/sjukdomar-och-sjukdomsalstrare-a-o\/tuberkulos\" target=\"_blank\" rel=\"noopener noreferrer\">www.thl.fi\/sv\/web\/infektionssjukdomar\/sjukdomar-och-mikrober\/bakteriesjukdomar\/tuberkulos<\/a><\/p>\n<p>Lunghuset: unders\u00f6kt information och st\u00f6d samt tips f\u00f6r egenv\u00e5rd.<br \/>\n<a title=\"Keuhkotalo\" href=\"https:\/\/www.terveyskyla.fi\/keuhkotalo\/sv\" target=\"_blank\" rel=\"noopener\">www.terveyskyla.fi\/keuhkotalo\/sv<\/a><\/p>\n<p>V\u00e4rldsh\u00e4lsoorganisationens (WHO), webbsidor om tuberkulos:<br \/>\n<a href=\"https:\/\/www.who.int\/health-topics\/tuberculosis#tab=tab_1\" target=\"_blank\" rel=\"noopener noreferrer\">www.who.int\/health-topics\/tuberculosis<\/a><\/p>\n<p><span style=\"line-height: 1.5em;\">Europeiska centrumets f\u00f6r f\u00f6rebyggande och kontroll av sjukdomar (ECDC) webbsidor om tuberkulos:<br \/>\n<\/span><a href=\"https:\/\/www.ecdc.europa.eu\/en\/tuberculosis\" target=\"_blank\" rel=\"noopener\">www.ecdc.europa.eu\/en\/tuberculosis<\/a><\/p>\n<p>Den internationalla unionens mot tuberkulos och lungsjukdomar webbsidor:<br \/>\n<a href=\"http:\/\/www.theunion.org\/\" target=\"_blank\" rel=\"noopener noreferrer\">www.theunion.org<\/a><\/p>\n<p><span style=\"line-height: 1.5em;\">TB Alert: The Truth about TB<br \/>\n<\/span><a style=\"line-height: 1.5em;\" href=\"http:\/\/www.thetruthabouttb.org\/\" target=\"_blank\" rel=\"noopener noreferrer\">www.thetruthabouttb.org<\/a><\/p>\n<h2><span style=\"line-height: 1.5em;\">Till\u00e4gsuppgifter om hiv<\/span><\/h2>\n<p>Hivpoint<br \/>\n<a href=\"https:\/\/hivpoint.fi\/sv\/\" target=\"_blank\" rel=\"noopener noreferrer\">hivpoint.fi<\/a><\/p>\n<p>Positiiviset ry<br \/>\n<a href=\"http:\/\/www.positiiviset.fi\/\" target=\"_blank\" rel=\"noopener noreferrer\">www.positiiviset.fi<\/a><\/p>\n","protected":false},"excerpt":{"rendered":"<p>Filhas tuberkulossidor f\u00f6r v\u00e5rdpersonal: www.filha.fi\/tuberkuloosi\/ Institutets f\u00f6r h\u00e4lsa och v\u00e4lf\u00e4rd (THL) webbsidor om tuberkulos: : www.thl.fi\/sv\/web\/infektionssjukdomar\/sjukdomar-och-mikrober\/bakteriesjukdomar\/tuberkulos Lunghuset: unders\u00f6kt information och st\u00f6d samt tips f\u00f6r egenv\u00e5rd. www.terveyskyla.fi\/keuhkotalo\/sv V\u00e4rldsh\u00e4lsoorganisationens (WHO), webbsidor om tuberkulos: www.who.int\/health-topics\/tuberculosis Europeiska centrumets f\u00f6r f\u00f6rebyggande och kontroll av sjukdomar (ECDC) webbsidor om tuberkulos: www.ecdc.europa.eu\/en\/tuberculosis Den internationalla unionens mot tuberkulos och lungsjukdomar webbsidor: www.theunion.org TB &#8230; <a title=\"L\u00e4nkar\" class=\"read-more\" href=\"https:\/\/tuberkuloosi.fi\/se\/material\/lankar\/\">L\u00e4s mer<span class=\"screen-reader-text\">L\u00e4nkar<\/span><\/a><\/p>\n","protected":false},"author":1,"featured_media":0,"parent":197,"menu_order":16,"comment_status":"closed","ping_status":"open","template":"","meta":{"footnotes":""},"class_list":["post-228","page","type-page","status-publish"],"yoast_head":"<!-- This site is optimized with the Yoast SEO plugin v27.5 - https:\/\/yoast.com\/product\/yoast-seo-wordpress\/ -->\n<title>L\u00e4nkar - Tuberkulos - tuberkuloosi.fi<\/title>\n<meta name=\"robots\" content=\"index, follow, max-snippet:-1, max-image-preview:large, max-video-preview:-1\" \/>\n<link rel=\"canonical\" href=\"https:\/\/tuberkuloosi.fi\/se\/material\/lankar\/\" \/>\n<meta property=\"og:locale\" content=\"sv_SE\" \/>\n<meta property=\"og:type\" content=\"article\" \/>\n<meta property=\"og:title\" content=\"L\u00e4nkar - Tuberkulos - tuberkuloosi.fi\" \/>\n<meta property=\"og:description\" content=\"Filhas tuberkulossidor f\u00f6r v\u00e5rdpersonal: www.filha.fi\/tuberkuloosi\/ Institutets f\u00f6r h\u00e4lsa och v\u00e4lf\u00e4rd (THL) webbsidor om tuberkulos: : www.thl.fi\/sv\/web\/infektionssjukdomar\/sjukdomar-och-mikrober\/bakteriesjukdomar\/tuberkulos Lunghuset: unders\u00f6kt information och st\u00f6d samt tips f\u00f6r egenv\u00e5rd. www.terveyskyla.fi\/keuhkotalo\/sv V\u00e4rldsh\u00e4lsoorganisationens (WHO), webbsidor om tuberkulos: www.who.int\/health-topics\/tuberculosis Europeiska centrumets f\u00f6r f\u00f6rebyggande och kontroll av sjukdomar (ECDC) webbsidor om tuberkulos: www.ecdc.europa.eu\/en\/tuberculosis Den internationalla unionens mot tuberkulos och lungsjukdomar webbsidor: www.theunion.org TB ... L\u00e4s merL\u00e4nkar\" \/>\n<meta property=\"og:url\" content=\"https:\/\/tuberkuloosi.fi\/se\/material\/lankar\/\" \/>\n<meta property=\"og:site_name\" content=\"Tuberkulos - tuberkuloosi.fi\" \/>\n<meta property=\"article:modified_time\" content=\"2025-10-17T08:24:29+00:00\" \/>\n<meta name=\"twitter:card\" content=\"summary_large_image\" \/>\n<meta name=\"twitter:label1\" content=\"Ber\u00e4knad l\u00e4stid\" \/>\n\t<meta name=\"twitter:data1\" content=\"1 minut\" \/>\n<script type=\"application\/ld+json\" class=\"yoast-schema-graph\">{\"@context\":\"https:\\\/\\\/schema.org\",\"@graph\":[{\"@type\":\"WebPage\",\"@id\":\"https:\\\/\\\/tuberkuloosi.fi\\\/se\\\/material\\\/lankar\\\/\",\"url\":\"https:\\\/\\\/tuberkuloosi.fi\\\/se\\\/material\\\/lankar\\\/\",\"name\":\"L\u00e4nkar - Tuberkulos - tuberkuloosi.fi\",\"isPartOf\":{\"@id\":\"https:\\\/\\\/tuberkuloosi.fi\\\/se\\\/#website\"},\"datePublished\":\"2016-11-23T22:24:33+00:00\",\"dateModified\":\"2025-10-17T08:24:29+00:00\",\"breadcrumb\":{\"@id\":\"https:\\\/\\\/tuberkuloosi.fi\\\/se\\\/material\\\/lankar\\\/#breadcrumb\"},\"inLanguage\":\"sv-SE\",\"potentialAction\":[{\"@type\":\"ReadAction\",\"target\":[\"https:\\\/\\\/tuberkuloosi.fi\\\/se\\\/material\\\/lankar\\\/\"]}]},{\"@type\":\"BreadcrumbList\",\"@id\":\"https:\\\/\\\/tuberkuloosi.fi\\\/se\\\/material\\\/lankar\\\/#breadcrumb\",\"itemListElement\":[{\"@type\":\"ListItem\",\"position\":1,\"name\":\"Etusivu\",\"item\":\"https:\\\/\\\/tuberkuloosi.fi\\\/se\\\/\"},{\"@type\":\"ListItem\",\"position\":2,\"name\":\"Material\",\"item\":\"https:\\\/\\\/tuberkuloosi.fi\\\/se\\\/material\\\/\"},{\"@type\":\"ListItem\",\"position\":3,\"name\":\"L\u00e4nkar\"}]},{\"@type\":\"WebSite\",\"@id\":\"https:\\\/\\\/tuberkuloosi.fi\\\/se\\\/#website\",\"url\":\"https:\\\/\\\/tuberkuloosi.fi\\\/se\\\/\",\"name\":\"Tuberkulos - tuberkuloosi.fi\",\"description\":\"Tuberkulos kan botas \u2013 det klarar vi tillsammans\",\"publisher\":{\"@id\":\"https:\\\/\\\/tuberkuloosi.fi\\\/se\\\/#organization\"},\"potentialAction\":[{\"@type\":\"SearchAction\",\"target\":{\"@type\":\"EntryPoint\",\"urlTemplate\":\"https:\\\/\\\/tuberkuloosi.fi\\\/se\\\/?s={search_term_string}\"},\"query-input\":{\"@type\":\"PropertyValueSpecification\",\"valueRequired\":true,\"valueName\":\"search_term_string\"}}],\"inLanguage\":\"sv-SE\"},{\"@type\":\"Organization\",\"@id\":\"https:\\\/\\\/tuberkuloosi.fi\\\/se\\\/#organization\",\"name\":\"Tuberkulos - tuberkuloosi.fi\",\"url\":\"https:\\\/\\\/tuberkuloosi.fi\\\/se\\\/\",\"logo\":{\"@type\":\"ImageObject\",\"inLanguage\":\"sv-SE\",\"@id\":\"https:\\\/\\\/tuberkuloosi.fi\\\/se\\\/#\\\/schema\\\/logo\\\/image\\\/\",\"url\":\"https:\\\/\\\/tuberkuloosi.fi\\\/se\\\/wp-content\\\/uploads\\\/sites\\\/9\\\/2019\\\/08\\\/cropped-tuberkuloosi.fi-logo1.jpg\",\"contentUrl\":\"https:\\\/\\\/tuberkuloosi.fi\\\/se\\\/wp-content\\\/uploads\\\/sites\\\/9\\\/2019\\\/08\\\/cropped-tuberkuloosi.fi-logo1.jpg\",\"width\":1598,\"height\":321,\"caption\":\"Tuberkulos - tuberkuloosi.fi\"},\"image\":{\"@id\":\"https:\\\/\\\/tuberkuloosi.fi\\\/se\\\/#\\\/schema\\\/logo\\\/image\\\/\"}}]}<\/script>\n<!-- \/ Yoast SEO plugin. -->","yoast_head_json":{"title":"L\u00e4nkar - Tuberkulos - tuberkuloosi.fi","robots":{"index":"index","follow":"follow","max-snippet":"max-snippet:-1","max-image-preview":"max-image-preview:large","max-video-preview":"max-video-preview:-1"},"canonical":"https:\/\/tuberkuloosi.fi\/se\/material\/lankar\/","og_locale":"sv_SE","og_type":"article","og_title":"L\u00e4nkar - Tuberkulos - tuberkuloosi.fi","og_description":"Filhas tuberkulossidor f\u00f6r v\u00e5rdpersonal: www.filha.fi\/tuberkuloosi\/ Institutets f\u00f6r h\u00e4lsa och v\u00e4lf\u00e4rd (THL) webbsidor om tuberkulos: : www.thl.fi\/sv\/web\/infektionssjukdomar\/sjukdomar-och-mikrober\/bakteriesjukdomar\/tuberkulos Lunghuset: unders\u00f6kt information och st\u00f6d samt tips f\u00f6r egenv\u00e5rd. www.terveyskyla.fi\/keuhkotalo\/sv V\u00e4rldsh\u00e4lsoorganisationens (WHO), webbsidor om tuberkulos: www.who.int\/health-topics\/tuberculosis Europeiska centrumets f\u00f6r f\u00f6rebyggande och kontroll av sjukdomar (ECDC) webbsidor om tuberkulos: www.ecdc.europa.eu\/en\/tuberculosis Den internationalla unionens mot tuberkulos och lungsjukdomar webbsidor: www.theunion.org TB ... L\u00e4s merL\u00e4nkar","og_url":"https:\/\/tuberkuloosi.fi\/se\/material\/lankar\/","og_site_name":"Tuberkulos - tuberkuloosi.fi","article_modified_time":"2025-10-17T08:24:29+00:00","twitter_card":"summary_large_image","twitter_misc":{"Ber\u00e4knad l\u00e4stid":"1 minut"},"schema":{"@context":"https:\/\/schema.org","@graph":[{"@type":"WebPage","@id":"https:\/\/tuberkuloosi.fi\/se\/material\/lankar\/","url":"https:\/\/tuberkuloosi.fi\/se\/material\/lankar\/","name":"L\u00e4nkar - Tuberkulos - tuberkuloosi.fi","isPartOf":{"@id":"https:\/\/tuberkuloosi.fi\/se\/#website"},"datePublished":"2016-11-23T22:24:33+00:00","dateModified":"2025-10-17T08:24:29+00:00","breadcrumb":{"@id":"https:\/\/tuberkuloosi.fi\/se\/material\/lankar\/#breadcrumb"},"inLanguage":"sv-SE","potentialAction":[{"@type":"ReadAction","target":["https:\/\/tuberkuloosi.fi\/se\/material\/lankar\/"]}]},{"@type":"BreadcrumbList","@id":"https:\/\/tuberkuloosi.fi\/se\/material\/lankar\/#breadcrumb","itemListElement":[{"@type":"ListItem","position":1,"name":"Etusivu","item":"https:\/\/tuberkuloosi.fi\/se\/"},{"@type":"ListItem","position":2,"name":"Material","item":"https:\/\/tuberkuloosi.fi\/se\/material\/"},{"@type":"ListItem","position":3,"name":"L\u00e4nkar"}]},{"@type":"WebSite","@id":"https:\/\/tuberkuloosi.fi\/se\/#website","url":"https:\/\/tuberkuloosi.fi\/se\/","name":"Tuberkulos - tuberkuloosi.fi","description":"Tuberkulos kan botas \u2013 det klarar vi tillsammans","publisher":{"@id":"https:\/\/tuberkuloosi.fi\/se\/#organization"},"potentialAction":[{"@type":"SearchAction","target":{"@type":"EntryPoint","urlTemplate":"https:\/\/tuberkuloosi.fi\/se\/?s={search_term_string}"},"query-input":{"@type":"PropertyValueSpecification","valueRequired":true,"valueName":"search_term_string"}}],"inLanguage":"sv-SE"},{"@type":"Organization","@id":"https:\/\/tuberkuloosi.fi\/se\/#organization","name":"Tuberkulos - tuberkuloosi.fi","url":"https:\/\/tuberkuloosi.fi\/se\/","logo":{"@type":"ImageObject","inLanguage":"sv-SE","@id":"https:\/\/tuberkuloosi.fi\/se\/#\/schema\/logo\/image\/","url":"https:\/\/tuberkuloosi.fi\/se\/wp-content\/uploads\/sites\/9\/2019\/08\/cropped-tuberkuloosi.fi-logo1.jpg","contentUrl":"https:\/\/tuberkuloosi.fi\/se\/wp-content\/uploads\/sites\/9\/2019\/08\/cropped-tuberkuloosi.fi-logo1.jpg","width":1598,"height":321,"caption":"Tuberkulos - tuberkuloosi.fi"},"image":{"@id":"https:\/\/tuberkuloosi.fi\/se\/#\/schema\/logo\/image\/"}}]}},"_links":{"self":[{"href":"https:\/\/tuberkuloosi.fi\/se\/wp-json\/wp\/v2\/pages\/228","targetHints":{"allow":["GET"]}}],"collection":[{"href":"https:\/\/tuberkuloosi.fi\/se\/wp-json\/wp\/v2\/pages"}],"about":[{"href":"https:\/\/tuberkuloosi.fi\/se\/wp-json\/wp\/v2\/types\/page"}],"author":[{"embeddable":true,"href":"https:\/\/tuberkuloosi.fi\/se\/wp-json\/wp\/v2\/users\/1"}],"replies":[{"embeddable":true,"href":"https:\/\/tuberkuloosi.fi\/se\/wp-json\/wp\/v2\/comments?post=228"}],"version-history":[{"count":11,"href":"https:\/\/tuberkuloosi.fi\/se\/wp-json\/wp\/v2\/pages\/228\/revisions"}],"predecessor-version":[{"id":931,"href":"https:\/\/tuberkuloosi.fi\/se\/wp-json\/wp\/v2\/pages\/228\/revisions\/931"}],"up":[{"embeddable":true,"href":"https:\/\/tuberkuloosi.fi\/se\/wp-json\/wp\/v2\/pages\/197"}],"wp:attachment":[{"href":"https:\/\/tuberkuloosi.fi\/se\/wp-json\/wp\/v2\/media?parent=228"}],"curies":[{"name":"wp","href":"https:\/\/api.w.org\/{rel}","templated":true}]}}