{"id":271,"date":"2016-12-19T09:02:42","date_gmt":"2016-12-19T09:02:42","guid":{"rendered":"http:\/\/tuberkuloosi.fi\/se\/?page_id=271"},"modified":"2023-03-01T12:13:46","modified_gmt":"2023-03-01T12:13:46","slug":"tuberkuloosi-fi","status":"publish","type":"page","link":"https:\/\/tuberkuloosi.fi\/se\/tuberkuloosi-fi\/","title":{"rendered":"tuberkuloosi.fi"},"content":{"rendered":"<p><strong>Webbplatsen uppeh\u00e5lls av<\/strong><br \/>\n<em>Filha rf<\/em><br \/>\n<em> Sibeliusgatan 11 A 1<br \/>\n<\/em><em>00250 Helsingfors, Finland<\/em><br \/>\n<em> tel 044 566 9034<\/em><br \/>\n<em> <a title=\"www.filha.fi\" href=\"http:\/\/www.filha.fi\" target=\"_blank\" rel=\"noopener\">www.filha.fi<\/a><\/em><\/p>\n<p>Webbplatsen har skapats av Filha rf och Andningsf\u00f6rbundet rf med st\u00f6d fr\u00e5n Tampereen tuberkuloosis\u00e4\u00e4ti\u00f6, Nummela Sanatoriums stiftelse f\u00f6r medicinsk forskning och Social- och h\u00e4lsov\u00e5rdministeriet.<\/p>\n<p>Filha ry grundades \u00e5r 1907 under namnet F\u00f6reningen f\u00f6r tuberkulosens bek\u00e4mpande i Finland. Sedan 2003, har f\u00f6reningens namn varit Filha ry, som st\u00e5r f\u00f6r Finnish Lung Health Association. Filha tillhandah\u00e5ller expertis och skolning f\u00f6r bek\u00e4mpandet av tuberkulos och lungsjukdomar. Filha \u00e4r WHO:s samarbetscentrum f\u00f6r motarbetandet av tuberkulos i n\u00e4rliggande omr\u00e5den.<\/p>\n<p>Andningsf\u00f6rbundet rf \u00e4r en organisation inom social- och h\u00e4lsofacket med uppgift att fr\u00e4mja luftv\u00e4gsh\u00e4lsa och andningsv\u00e4gssjukas v\u00e4lf\u00e4rd. Andningsf\u00f6rbundet s\u00f6ker fr\u00e4mja de andningssjukas intressen och deras v\u00e4lbefinnande och h\u00e4lsa. Andningssjuka och deras anh\u00f6riga deltar i lokalf\u00f6reningarnas verksamhet runtom i Finland. F\u00f6rbundet tillhandah\u00e5ller \u00e4ven rehabiliterings-, utbildnings- och arbetsf\u00f6rmedlingshj\u00e4lp f\u00f6r alla finl\u00e4ndare.<br \/>\n<a title=\"www.hengitysliitto.fi\" href=\"http:\/\/www.hengitysliitto.fi\/sv\" rel=\"nofollow noopener\" target=\"_blank\">www.hengitysliitto.fi\/sv<\/a><\/p>\n<figure id=\"attachment_502\" aria-describedby=\"caption-attachment-502\" style=\"width: 182px\" class=\"wp-caption alignleft\"><a href=\"http:\/\/tuberkuloosi.fi\/wp-content\/uploads\/2014\/03\/tuberkuloosi.fi-logo.jpg\" target=\"_blank\" rel=\"noopener noreferrer\"><img decoding=\"async\" class=\"wp-image-502 \" src=\"http:\/\/tuberkuloosi.fi\/wp-content\/uploads\/2014\/03\/tuberkuloosi.fi-logo.jpg\" alt=\"tuberkuloosi.fi -logo (jpg)\" width=\"192\" height=\"43\" \/><\/a><figcaption id=\"caption-attachment-502\" class=\"wp-caption-text\">tuberkuloosi.fi logo (jpg)<\/figcaption><\/figure>\n<p>&nbsp;<\/p>\n<p>&nbsp;<\/p>\n<p>&nbsp;<\/p>\n<h1>Ge respons<\/h1>\n\n<div class=\"wpcf7 no-js\" id=\"wpcf7-f274-o1\" lang=\"sv-SE\" dir=\"ltr\" data-wpcf7-id=\"274\">\n<div class=\"screen-reader-response\"><p role=\"status\" aria-live=\"polite\" aria-atomic=\"true\"><\/p> <ul><\/ul><\/div>\n<form action=\"\/se\/wp-json\/wp\/v2\/pages\/271#wpcf7-f274-o1\" method=\"post\" class=\"wpcf7-form init\" aria-label=\"Kontaktformul\u00e4r\" novalidate=\"novalidate\" data-status=\"init\">\n<fieldset class=\"hidden-fields-container\"><input type=\"hidden\" name=\"_wpcf7\" value=\"274\" \/><input type=\"hidden\" name=\"_wpcf7_version\" value=\"6.1.5\" \/><input type=\"hidden\" name=\"_wpcf7_locale\" value=\"sv_SE\" \/><input type=\"hidden\" name=\"_wpcf7_unit_tag\" value=\"wpcf7-f274-o1\" \/><input type=\"hidden\" name=\"_wpcf7_container_post\" value=\"0\" \/><input type=\"hidden\" name=\"_wpcf7_posted_data_hash\" value=\"\" \/>\n<\/fieldset>\n<p>Ditt namn (obligatorisk)\n<\/p>\n<p><span class=\"wpcf7-form-control-wrap\" data-name=\"your-name\"><input size=\"40\" maxlength=\"400\" class=\"wpcf7-form-control wpcf7-text wpcf7-validates-as-required\" aria-required=\"true\" aria-invalid=\"false\" value=\"\" type=\"text\" name=\"your-name\" \/><\/span>\n<\/p>\n<p><img decoding=\"async\" class=\"size-full wp-image-213 alignright lazyload\" style=\"--smush-placeholder-width: 151px; --smush-placeholder-aspect-ratio: 151\/182;line-height: 1.5em;\" alt=\"postimerkki\" data-src=\"http:\/\/tuberkuloosi.fi\/wp-content\/themes\/tuberkuloosi\/img\/postimerkki.png\" width=\"151\" height=\"182\" src=\"data:image\/svg+xml;base64,PHN2ZyB3aWR0aD0iMSIgaGVpZ2h0PSIxIiB4bWxucz0iaHR0cDovL3d3dy53My5vcmcvMjAwMC9zdmciPjwvc3ZnPg==\" \/>\n<\/p>\n<p>Din epost (obligatorisk)\n<\/p>\n<p><span class=\"wpcf7-form-control-wrap\" data-name=\"your-email\"><input size=\"40\" maxlength=\"400\" class=\"wpcf7-form-control wpcf7-email wpcf7-validates-as-required wpcf7-text wpcf7-validates-as-email\" aria-required=\"true\" aria-invalid=\"false\" value=\"\" type=\"email\" name=\"your-email\" \/><\/span>\n<\/p>\n<p>\u00c4mne\n<\/p>\n<p><span class=\"wpcf7-form-control-wrap\" data-name=\"your-subject\"><input size=\"40\" maxlength=\"400\" class=\"wpcf7-form-control wpcf7-text\" aria-invalid=\"false\" value=\"\" type=\"text\" name=\"your-subject\" \/><\/span>\n<\/p>\n<p>Ditt meddelande\n<\/p>\n<p><span class=\"wpcf7-form-control-wrap\" data-name=\"your-message\"><textarea cols=\"40\" rows=\"10\" maxlength=\"2000\" class=\"wpcf7-form-control wpcf7-textarea\" aria-invalid=\"false\" name=\"your-message\"><\/textarea><\/span>\n<\/p>\n<p><input class=\"wpcf7-form-control wpcf7-submit has-spinner\" type=\"submit\" value=\"Skicka\" \/>\n<\/p><input type='hidden' class='wpcf7-pum' value='{\"closepopup\":false,\"closedelay\":0,\"openpopup\":false,\"openpopup_id\":0}' \/><div class=\"wpcf7-response-output\" aria-hidden=\"true\"><\/div>\n<\/form>\n<\/div>\n\n<!--[wpforms id=\"743\"]--><\/p>\n<p>&nbsp;<\/p>\n","protected":false},"excerpt":{"rendered":"<p>Webbplatsen uppeh\u00e5lls av Filha rf Sibeliusgatan 11 A 1 00250 Helsingfors, Finland tel 044 566 9034 www.filha.fi Webbplatsen har skapats av Filha rf och Andningsf\u00f6rbundet rf med st\u00f6d fr\u00e5n Tampereen tuberkuloosis\u00e4\u00e4ti\u00f6, Nummela Sanatoriums stiftelse f\u00f6r medicinsk forskning och Social- och h\u00e4lsov\u00e5rdministeriet. Filha ry grundades \u00e5r 1907 under namnet F\u00f6reningen f\u00f6r tuberkulosens bek\u00e4mpande i Finland. Sedan &#8230; <a title=\"tuberkuloosi.fi\" class=\"read-more\" href=\"https:\/\/tuberkuloosi.fi\/se\/tuberkuloosi-fi\/\">L\u00e4s mer<span class=\"screen-reader-text\">tuberkuloosi.fi<\/span><\/a><\/p>\n","protected":false},"author":1,"featured_media":0,"parent":0,"menu_order":0,"comment_status":"closed","ping_status":"open","template":"","meta":{"footnotes":""},"class_list":["post-271","page","type-page","status-publish"],"yoast_head":"<!-- This site is optimized with the Yoast SEO plugin v27.5 - https:\/\/yoast.com\/product\/yoast-seo-wordpress\/ -->\n<title>tuberkuloosi.fi - Tuberkulos - tuberkuloosi.fi<\/title>\n<meta name=\"description\" content=\"tuberkuloosi.fi webbplatsen har skapats av Filha rf och Andningsf\u00f6rbundet rf med st\u00f6d fr\u00e5n Tampereen tuberkuloosis\u00e4\u00e4ti\u00f6, Nummela Sanatoriums stiftelse f\u00f6r medicinsk forskning och Social- och h\u00e4lsov\u00e5rdministeriet.\" \/>\n<meta name=\"robots\" content=\"index, follow, max-snippet:-1, max-image-preview:large, max-video-preview:-1\" \/>\n<link rel=\"canonical\" href=\"https:\/\/tuberkuloosi.fi\/se\/tuberkuloosi-fi\/\" \/>\n<meta property=\"og:locale\" content=\"sv_SE\" \/>\n<meta property=\"og:type\" content=\"article\" \/>\n<meta property=\"og:title\" content=\"tuberkuloosi.fi - Tuberkulos - tuberkuloosi.fi\" \/>\n<meta property=\"og:description\" content=\"tuberkuloosi.fi webbplatsen har skapats av Filha rf och Andningsf\u00f6rbundet rf med st\u00f6d fr\u00e5n Tampereen tuberkuloosis\u00e4\u00e4ti\u00f6, Nummela Sanatoriums stiftelse f\u00f6r medicinsk forskning och Social- och h\u00e4lsov\u00e5rdministeriet.\" \/>\n<meta property=\"og:url\" content=\"https:\/\/tuberkuloosi.fi\/se\/tuberkuloosi-fi\/\" \/>\n<meta property=\"og:site_name\" content=\"Tuberkulos - tuberkuloosi.fi\" \/>\n<meta property=\"article:modified_time\" content=\"2023-03-01T12:13:46+00:00\" \/>\n<meta property=\"og:image\" content=\"http:\/\/tuberkuloosi.fi\/wp-content\/uploads\/2014\/03\/tuberkuloosi.fi-logo.jpg\" \/>\n<meta name=\"twitter:card\" content=\"summary_large_image\" \/>\n<meta name=\"twitter:label1\" content=\"Ber\u00e4knad l\u00e4stid\" \/>\n\t<meta name=\"twitter:data1\" content=\"1 minut\" \/>\n<script type=\"application\/ld+json\" class=\"yoast-schema-graph\">{\"@context\":\"https:\\\/\\\/schema.org\",\"@graph\":[{\"@type\":\"WebPage\",\"@id\":\"https:\\\/\\\/tuberkuloosi.fi\\\/se\\\/tuberkuloosi-fi\\\/\",\"url\":\"https:\\\/\\\/tuberkuloosi.fi\\\/se\\\/tuberkuloosi-fi\\\/\",\"name\":\"tuberkuloosi.fi - Tuberkulos - tuberkuloosi.fi\",\"isPartOf\":{\"@id\":\"https:\\\/\\\/tuberkuloosi.fi\\\/se\\\/#website\"},\"primaryImageOfPage\":{\"@id\":\"https:\\\/\\\/tuberkuloosi.fi\\\/se\\\/tuberkuloosi-fi\\\/#primaryimage\"},\"image\":{\"@id\":\"https:\\\/\\\/tuberkuloosi.fi\\\/se\\\/tuberkuloosi-fi\\\/#primaryimage\"},\"thumbnailUrl\":\"http:\\\/\\\/tuberkuloosi.fi\\\/wp-content\\\/uploads\\\/2014\\\/03\\\/tuberkuloosi.fi-logo.jpg\",\"datePublished\":\"2016-12-19T09:02:42+00:00\",\"dateModified\":\"2023-03-01T12:13:46+00:00\",\"description\":\"tuberkuloosi.fi webbplatsen har skapats av Filha rf och Andningsf\u00f6rbundet rf med st\u00f6d fr\u00e5n Tampereen tuberkuloosis\u00e4\u00e4ti\u00f6, Nummela Sanatoriums stiftelse f\u00f6r medicinsk forskning och Social- och h\u00e4lsov\u00e5rdministeriet.\",\"breadcrumb\":{\"@id\":\"https:\\\/\\\/tuberkuloosi.fi\\\/se\\\/tuberkuloosi-fi\\\/#breadcrumb\"},\"inLanguage\":\"sv-SE\",\"potentialAction\":[{\"@type\":\"ReadAction\",\"target\":[\"https:\\\/\\\/tuberkuloosi.fi\\\/se\\\/tuberkuloosi-fi\\\/\"]}]},{\"@type\":\"ImageObject\",\"inLanguage\":\"sv-SE\",\"@id\":\"https:\\\/\\\/tuberkuloosi.fi\\\/se\\\/tuberkuloosi-fi\\\/#primaryimage\",\"url\":\"http:\\\/\\\/tuberkuloosi.fi\\\/wp-content\\\/uploads\\\/2014\\\/03\\\/tuberkuloosi.fi-logo.jpg\",\"contentUrl\":\"http:\\\/\\\/tuberkuloosi.fi\\\/wp-content\\\/uploads\\\/2014\\\/03\\\/tuberkuloosi.fi-logo.jpg\"},{\"@type\":\"BreadcrumbList\",\"@id\":\"https:\\\/\\\/tuberkuloosi.fi\\\/se\\\/tuberkuloosi-fi\\\/#breadcrumb\",\"itemListElement\":[{\"@type\":\"ListItem\",\"position\":1,\"name\":\"Etusivu\",\"item\":\"https:\\\/\\\/tuberkuloosi.fi\\\/se\\\/\"},{\"@type\":\"ListItem\",\"position\":2,\"name\":\"tuberkuloosi.fi\"}]},{\"@type\":\"WebSite\",\"@id\":\"https:\\\/\\\/tuberkuloosi.fi\\\/se\\\/#website\",\"url\":\"https:\\\/\\\/tuberkuloosi.fi\\\/se\\\/\",\"name\":\"Tuberkulos - tuberkuloosi.fi\",\"description\":\"Tuberkulos kan botas \u2013 det klarar vi tillsammans\",\"publisher\":{\"@id\":\"https:\\\/\\\/tuberkuloosi.fi\\\/se\\\/#organization\"},\"potentialAction\":[{\"@type\":\"SearchAction\",\"target\":{\"@type\":\"EntryPoint\",\"urlTemplate\":\"https:\\\/\\\/tuberkuloosi.fi\\\/se\\\/?s={search_term_string}\"},\"query-input\":{\"@type\":\"PropertyValueSpecification\",\"valueRequired\":true,\"valueName\":\"search_term_string\"}}],\"inLanguage\":\"sv-SE\"},{\"@type\":\"Organization\",\"@id\":\"https:\\\/\\\/tuberkuloosi.fi\\\/se\\\/#organization\",\"name\":\"Tuberkulos - tuberkuloosi.fi\",\"url\":\"https:\\\/\\\/tuberkuloosi.fi\\\/se\\\/\",\"logo\":{\"@type\":\"ImageObject\",\"inLanguage\":\"sv-SE\",\"@id\":\"https:\\\/\\\/tuberkuloosi.fi\\\/se\\\/#\\\/schema\\\/logo\\\/image\\\/\",\"url\":\"https:\\\/\\\/tuberkuloosi.fi\\\/se\\\/wp-content\\\/uploads\\\/sites\\\/9\\\/2019\\\/08\\\/cropped-tuberkuloosi.fi-logo1.jpg\",\"contentUrl\":\"https:\\\/\\\/tuberkuloosi.fi\\\/se\\\/wp-content\\\/uploads\\\/sites\\\/9\\\/2019\\\/08\\\/cropped-tuberkuloosi.fi-logo1.jpg\",\"width\":1598,\"height\":321,\"caption\":\"Tuberkulos - tuberkuloosi.fi\"},\"image\":{\"@id\":\"https:\\\/\\\/tuberkuloosi.fi\\\/se\\\/#\\\/schema\\\/logo\\\/image\\\/\"}}]}<\/script>\n<!-- \/ Yoast SEO plugin. -->","yoast_head_json":{"title":"tuberkuloosi.fi - Tuberkulos - tuberkuloosi.fi","description":"tuberkuloosi.fi webbplatsen har skapats av Filha rf och Andningsf\u00f6rbundet rf med st\u00f6d fr\u00e5n Tampereen tuberkuloosis\u00e4\u00e4ti\u00f6, Nummela Sanatoriums stiftelse f\u00f6r medicinsk forskning och Social- och h\u00e4lsov\u00e5rdministeriet.","robots":{"index":"index","follow":"follow","max-snippet":"max-snippet:-1","max-image-preview":"max-image-preview:large","max-video-preview":"max-video-preview:-1"},"canonical":"https:\/\/tuberkuloosi.fi\/se\/tuberkuloosi-fi\/","og_locale":"sv_SE","og_type":"article","og_title":"tuberkuloosi.fi - Tuberkulos - tuberkuloosi.fi","og_description":"tuberkuloosi.fi webbplatsen har skapats av Filha rf och Andningsf\u00f6rbundet rf med st\u00f6d fr\u00e5n Tampereen tuberkuloosis\u00e4\u00e4ti\u00f6, Nummela Sanatoriums stiftelse f\u00f6r medicinsk forskning och Social- och h\u00e4lsov\u00e5rdministeriet.","og_url":"https:\/\/tuberkuloosi.fi\/se\/tuberkuloosi-fi\/","og_site_name":"Tuberkulos - tuberkuloosi.fi","article_modified_time":"2023-03-01T12:13:46+00:00","og_image":[{"url":"http:\/\/tuberkuloosi.fi\/wp-content\/uploads\/2014\/03\/tuberkuloosi.fi-logo.jpg","type":"","width":"","height":""}],"twitter_card":"summary_large_image","twitter_misc":{"Ber\u00e4knad l\u00e4stid":"1 minut"},"schema":{"@context":"https:\/\/schema.org","@graph":[{"@type":"WebPage","@id":"https:\/\/tuberkuloosi.fi\/se\/tuberkuloosi-fi\/","url":"https:\/\/tuberkuloosi.fi\/se\/tuberkuloosi-fi\/","name":"tuberkuloosi.fi - Tuberkulos - tuberkuloosi.fi","isPartOf":{"@id":"https:\/\/tuberkuloosi.fi\/se\/#website"},"primaryImageOfPage":{"@id":"https:\/\/tuberkuloosi.fi\/se\/tuberkuloosi-fi\/#primaryimage"},"image":{"@id":"https:\/\/tuberkuloosi.fi\/se\/tuberkuloosi-fi\/#primaryimage"},"thumbnailUrl":"http:\/\/tuberkuloosi.fi\/wp-content\/uploads\/2014\/03\/tuberkuloosi.fi-logo.jpg","datePublished":"2016-12-19T09:02:42+00:00","dateModified":"2023-03-01T12:13:46+00:00","description":"tuberkuloosi.fi webbplatsen har skapats av Filha rf och Andningsf\u00f6rbundet rf med st\u00f6d fr\u00e5n Tampereen tuberkuloosis\u00e4\u00e4ti\u00f6, Nummela Sanatoriums stiftelse f\u00f6r medicinsk forskning och Social- och h\u00e4lsov\u00e5rdministeriet.","breadcrumb":{"@id":"https:\/\/tuberkuloosi.fi\/se\/tuberkuloosi-fi\/#breadcrumb"},"inLanguage":"sv-SE","potentialAction":[{"@type":"ReadAction","target":["https:\/\/tuberkuloosi.fi\/se\/tuberkuloosi-fi\/"]}]},{"@type":"ImageObject","inLanguage":"sv-SE","@id":"https:\/\/tuberkuloosi.fi\/se\/tuberkuloosi-fi\/#primaryimage","url":"http:\/\/tuberkuloosi.fi\/wp-content\/uploads\/2014\/03\/tuberkuloosi.fi-logo.jpg","contentUrl":"http:\/\/tuberkuloosi.fi\/wp-content\/uploads\/2014\/03\/tuberkuloosi.fi-logo.jpg"},{"@type":"BreadcrumbList","@id":"https:\/\/tuberkuloosi.fi\/se\/tuberkuloosi-fi\/#breadcrumb","itemListElement":[{"@type":"ListItem","position":1,"name":"Etusivu","item":"https:\/\/tuberkuloosi.fi\/se\/"},{"@type":"ListItem","position":2,"name":"tuberkuloosi.fi"}]},{"@type":"WebSite","@id":"https:\/\/tuberkuloosi.fi\/se\/#website","url":"https:\/\/tuberkuloosi.fi\/se\/","name":"Tuberkulos - tuberkuloosi.fi","description":"Tuberkulos kan botas \u2013 det klarar vi tillsammans","publisher":{"@id":"https:\/\/tuberkuloosi.fi\/se\/#organization"},"potentialAction":[{"@type":"SearchAction","target":{"@type":"EntryPoint","urlTemplate":"https:\/\/tuberkuloosi.fi\/se\/?s={search_term_string}"},"query-input":{"@type":"PropertyValueSpecification","valueRequired":true,"valueName":"search_term_string"}}],"inLanguage":"sv-SE"},{"@type":"Organization","@id":"https:\/\/tuberkuloosi.fi\/se\/#organization","name":"Tuberkulos - tuberkuloosi.fi","url":"https:\/\/tuberkuloosi.fi\/se\/","logo":{"@type":"ImageObject","inLanguage":"sv-SE","@id":"https:\/\/tuberkuloosi.fi\/se\/#\/schema\/logo\/image\/","url":"https:\/\/tuberkuloosi.fi\/se\/wp-content\/uploads\/sites\/9\/2019\/08\/cropped-tuberkuloosi.fi-logo1.jpg","contentUrl":"https:\/\/tuberkuloosi.fi\/se\/wp-content\/uploads\/sites\/9\/2019\/08\/cropped-tuberkuloosi.fi-logo1.jpg","width":1598,"height":321,"caption":"Tuberkulos - tuberkuloosi.fi"},"image":{"@id":"https:\/\/tuberkuloosi.fi\/se\/#\/schema\/logo\/image\/"}}]}},"_links":{"self":[{"href":"https:\/\/tuberkuloosi.fi\/se\/wp-json\/wp\/v2\/pages\/271","targetHints":{"allow":["GET"]}}],"collection":[{"href":"https:\/\/tuberkuloosi.fi\/se\/wp-json\/wp\/v2\/pages"}],"about":[{"href":"https:\/\/tuberkuloosi.fi\/se\/wp-json\/wp\/v2\/types\/page"}],"author":[{"embeddable":true,"href":"https:\/\/tuberkuloosi.fi\/se\/wp-json\/wp\/v2\/users\/1"}],"replies":[{"embeddable":true,"href":"https:\/\/tuberkuloosi.fi\/se\/wp-json\/wp\/v2\/comments?post=271"}],"version-history":[{"count":16,"href":"https:\/\/tuberkuloosi.fi\/se\/wp-json\/wp\/v2\/pages\/271\/revisions"}],"predecessor-version":[{"id":808,"href":"https:\/\/tuberkuloosi.fi\/se\/wp-json\/wp\/v2\/pages\/271\/revisions\/808"}],"wp:attachment":[{"href":"https:\/\/tuberkuloosi.fi\/se\/wp-json\/wp\/v2\/media?parent=271"}],"curies":[{"name":"wp","href":"https:\/\/api.w.org\/{rel}","templated":true}]}}