{"id":282,"date":"2016-12-19T09:20:46","date_gmt":"2016-12-19T09:20:46","guid":{"rendered":"http:\/\/tuberkuloosi.fi\/se\/?page_id=282"},"modified":"2025-02-18T10:43:27","modified_gmt":"2025-02-18T10:43:27","slug":"julmarken","status":"publish","type":"page","link":"https:\/\/tuberkuloosi.fi\/se\/annat\/julmarken\/","title":{"rendered":"Julm\u00e4rken"},"content":{"rendered":"\n\t\t\t\t<div class=\"nemus-slider animation-slide controls-inside  fit \" id=\"nemus-slider-285\" data-autoplay=\"1\" data-autoplay-delay=\"4000\" style=\"height:500px\" data-animation=\"slide\" data-autoheight=\"\" data-orientation=\"\" data-advanced=\"\" data-content_width=\"1200\">\n\t\t\t<ul class=\"slides\">\n\t\t\t\t\t\t\t\n\t\t\t\t\t\t\t\t\t<li class=\"slide slide-1\">\n\t\t\t\t\t\t\t\t\t\t\t\t\t\t\t\t\t\t\t\t\t\t\t\t\t\t\t<div class=\"slide-image lazyload\" style=\"background-image:inherit;height: 500px;\" data-bg-image=\"url(https:\/\/tuberkuloosi.fi\/se\/wp-content\/uploads\/sites\/9\/2016\/12\/Merkki1908_500px.jpg)\"><\/div>\n\t\t\t\t\t\t\t\t\t\t\t\t\t\n\t\t\t\t\t\t\t\t\t\t\t\t\t\t\t\t\t\t\t\t\t\t\t\t\t\t\t<div class=\"caption caption cl anim-right\">\n\t\t\t\t\t\t\t\t\t\t\t\t\t\t\t\tDet f\u00f6rsta sk. brevslutarm\u00e4rket ritades av Akseli Gall\u00e9n-Kallela.\t\t\t\t\t\t\t\t\t\t\t\t\t\t\t<\/div>\n\t\t\t\t\t\t\t\t\t\t\t\t\t\n\t\t\t\t\t\t\t\t\t\t\t\t\t\t\t\t\t\t\t\t\t\t\t\t<\/li>\n\t\t\t\t\t\t\t\t\t\t\t\n\t\t\t\t\t\t\t\t\t<li class=\"slide slide-2\">\n\t\t\t\t\t\t\t\t\t\t\t\t\t\t\t\t\t\t\t\t\t\t\t\t\t\t\t<div class=\"slide-image lazyload\" style=\"background-image:inherit;height: 500px;\" data-bg-image=\"url(https:\/\/tuberkuloosi.fi\/se\/wp-content\/uploads\/sites\/9\/2016\/12\/1932-1933_500px.jpg)\"><\/div>\n\t\t\t\t\t\t\t\t\t\t\t\t\t\n\t\t\t\t\t\t\t\t\t\t\t\t\t\t\t\t\t\t\t\t\t\t\t\t\t\t\t<div class=\"caption caption cl anim-right\">\n\t\t\t\t\t\t\t\t\t\t\t\t\t\t\t\tDet r\u00f6da dubbelkorset har anv\u00e4nts i m\u00e4rkena fr\u00e5n \u00e5r 1927. Konstn\u00e4r \u00e4r Martta Wendelin.\t\t\t\t\t\t\t\t\t\t\t\t\t\t\t<\/div>\n\t\t\t\t\t\t\t\t\t\t\t\t\t\n\t\t\t\t\t\t\t\t\t\t\t\t\t\t\t\t\t\t\t\t\t\t\t\t<\/li>\n\t\t\t\t\t\t\t\t\t\t\t\n\t\t\t\t\t\t\t\t\t<li class=\"slide slide-3\">\n\t\t\t\t\t\t\t\t\t\t\t\t\t\t\t\t\t\t\t\t\t\t\t\t\t\t\t<div class=\"slide-image lazyload\" style=\"background-image:inherit;height: 500px;\" data-bg-image=\"url(https:\/\/tuberkuloosi.fi\/se\/wp-content\/uploads\/sites\/9\/2016\/12\/1952_500px.jpg)\"><\/div>\n\t\t\t\t\t\t\t\t\t\t\t\t\t\n\t\t\t\t\t\t\t\t\t\t\t\t\t\t\t\t\t\t\t\n\t\t\t\t\t\t\t\t\t\t\t\t\t\t\t\t\t\t\t\t\t\t\t\t<\/li>\n\t\t\t\t\t\t\t\t\t\t\t\n\t\t\t\t\t\t\t\t\t<li class=\"slide slide-4\">\n\t\t\t\t\t\t\t\t\t\t\t\t\t\t\t\t\t\t\t\t\t\t\t\t\t\t\t<div class=\"slide-image lazyload\" style=\"background-image:inherit;height: 500px;\" data-bg-image=\"url(https:\/\/tuberkuloosi.fi\/se\/wp-content\/uploads\/sites\/9\/2016\/12\/1955_500px.jpg)\"><\/div>\n\t\t\t\t\t\t\t\t\t\t\t\t\t\n\t\t\t\t\t\t\t\t\t\t\t\t\t\t\t\t\t\t\t\n\t\t\t\t\t\t\t\t\t\t\t\t\t\t\t\t\t\t\t\t\t\t\t\t<\/li>\n\t\t\t\t\t\t\t\t\t\t\t\n\t\t\t\t\t\t\t\t\t<li class=\"slide slide-5\">\n\t\t\t\t\t\t\t\t\t\t\t\t\t\t\t\t\t\t\t\t\t\t\t\t\t\t\t<div class=\"slide-image lazyload\" style=\"background-image:inherit;height: 500px;\" data-bg-image=\"url(https:\/\/tuberkuloosi.fi\/se\/wp-content\/uploads\/sites\/9\/2016\/12\/1965_500px.jpg)\"><\/div>\n\t\t\t\t\t\t\t\t\t\t\t\t\t\n\t\t\t\t\t\t\t\t\t\t\t\t\t\t\t\t\t\t\t\n\t\t\t\t\t\t\t\t\t\t\t\t\t\t\t\t\t\t\t\t\t\t\t\t<\/li>\n\t\t\t\t\t\t\t\t\t\t<\/ul>\n\t\t<\/div>\n\t\t\t\t\n<p>Julm\u00e4rken var en g\u00e5ng ett viktigt medel f\u00f6r att samla in pengar till tuberkulosarbetet. Den danska posttj\u00e4nsteman Einar Holb\u00f8l kom 1903 p\u00e5 id\u00e9n med julm\u00e4rkena \u2013 ett v\u00e4lg\u00f6renhetsm\u00e4rke som s\u00e5ldes separat f\u00f6r att klistras p\u00e5 julh\u00e4lsningar. Det Kongelige Post publicerade det f\u00f6rsta julm\u00e4rket 1904, och int\u00e4kterna fr\u00e5n f\u00f6rs\u00e4ljningen anv\u00e4ndes f\u00f6r v\u00e5rden av sv\u00e5rt sjuka, i synnerhet tuberkulossjuka barn. F\u00f6rs\u00e4ljningen av julm\u00e4rken visade sig snabbt vara en inbringande finansieringsmetod f\u00f6r nationella f\u00f6reningar, som grundats f\u00f6r bek\u00e4mpande av tuberkulos . Id\u00e9n med m\u00e4rkena spred sig snabbt f\u00f6rst till de nordiska l\u00e4nderna och sm\u00e5ningom till olika delar av v\u00e4rlden.<\/p>\n<p>I Finland publicerade F\u00f6reningen f\u00f6r tuberkulosens bek\u00e4mpande (numera <a href=\"https:\/\/www.filha.fi\/\" target=\"_blank\" rel=\"noopener\">Filha rf<\/a>) det f\u00f6rsta julm\u00e4rket 1912 och d\u00e4refter varje \u00e5r fr\u00e5n 1926 till 2001. Fr\u00e5n och med 1927 hade julm\u00e4rkena som emblem det r\u00f6da dubbelkorset, som antogs som internationellt emblem f\u00f6r tuberkulosens bek\u00e4mpande vid en internationell konferens i Berlin 1902. Julm\u00e4rken tecknades av m\u00e5nga k\u00e4nda konsn\u00e4rer, bl.a. V\u00e4in\u00f6 Blomstedt , Martta Wendelin, Signe Hammarsten-Jansson och Erik Bruun.<\/p>\n<p>Speciella m\u00e4rken f\u00f6r underst\u00f6dandet av tuberkulosarbetet hade publicerats i Finland \u00e4ven tidigare. F\u00f6reningen f\u00f6r underst\u00f6dandet av mindre bemedlade lungsiktiga publicerade det f\u00f6rsta m\u00e4rket, som ritats av Akseli Gall\u00e9n-Kallela, \u00e5r 1908. \u00c4ven m\u00e4rken, som s\u00e5ldes \u00e5ret om f\u00f6r bek\u00e4mpandet av tuberkulosen, publicerades \u00e5ren 1908, 1910, 1915 och 1921.<\/p>\n<p>Med julm\u00e4rkena samlade man i Finland pengar f\u00f6r bek\u00e4mpandet av tuberkulosen och sedan 1930-talet s\u00e4rskilt f\u00f6r underh\u00e5llet av julm\u00e4rkeshem f\u00f6r barn. I julm\u00e4rkeshemmen placerades nyf\u00f6dda, vars m\u00f6drar eller andra familjemedlemmar hade smittsam lungtuberkulos . De nyf\u00f6dda isolerades genast efter f\u00f6dseln fr\u00e5n sin tuberkulossjuka mor och placerades i ett julm\u00e4rkeshem f\u00f6r de f\u00f6rsta levnads\u00e5ren. F\u00f6re uppt\u00e4ckten av effektiv tuberkulosmedicinering, var detta det enda effektiva s\u00e4ttet att skydda sp\u00e4dbarn fr\u00e5n <a href=\"https:\/\/tuberkuloosi.fi\/se\/tuberkulos\/smitta\/\">tuberkulossmitta<\/a> och en mycket sannolik d\u00f6d.<\/p>\n<p>F\u00f6reningen f\u00f6r tuberkulosens bek\u00e4mpande i Finland uppr\u00e4tth\u00f6ll julm\u00e4rkeshem i Tammerfors 1936-1973, Ule\u00e5borg 1945-1969 och Kuopio 1954-1964. Dessutom uppr\u00e4tth\u00f6lls en filial till Tammerfors julm\u00e4rkeshem i P\u00e4lk\u00e4ne \u00e5ren 1939-1948. Sammanlagt 5 335 barn v\u00e5rdades vid julm\u00e4rkeshemmen under dessa \u00e5r. Julm\u00e4rkeshemmen beh\u00f6vdes inte l\u00e4ngre n\u00e4r tuberkulossituationen f\u00f6rb\u00e4ttrades i Finland. Julm\u00e4rkeshembarn har sin egen <a href=\"https:\/\/www.joulumerkkikotilapset.fi\/\" target=\"_blank\" rel=\"nofollow noopener\">f\u00f6rening<\/a>.<\/p>\n<p>Jul- och v\u00e4lg\u00f6renhetsm\u00e4rkena \u00e4r inte frim\u00e4rken, men bland filatelister \u00e4r de en popul\u00e4r underart, som man samlar.<\/p>\n<p><strong>Litteratur:<\/strong><\/p>\n<p>Berglund, \u00c5ke: Suomen Tuberkuloosin Vastustamisyhdistys Joulumerkit, Suomen Filatelistiliitto ry, Vaasa 1994<\/p>\n<p>Tamminen, Antti (toim.): Joulumerkkikotimme 1936\u20131973. Poimintoja joulumerkin 70-vuotiselta taipaleelta., Suomen Tuberkuloosin Vastustamisyhdistys, Helsinki 1982<\/p>\n<p>Teramo, Kari: Joulumerkkien tarina, Duodecim 2003;119:2337\u201345<\/p>\n<p><img fetchpriority=\"high\" decoding=\"async\" class=\"alignright wp-image-813 size-medium\" src=\"https:\/\/tuberkuloosi.fi\/se\/wp-content\/uploads\/sites\/9\/2023\/03\/1940_20-247x300.jpg\" alt=\"julm\u00e4rken tuberkulos 1940\" width=\"247\" height=\"300\" srcset=\"https:\/\/tuberkuloosi.fi\/se\/wp-content\/uploads\/sites\/9\/2023\/03\/1940_20-247x300.jpg 247w, https:\/\/tuberkuloosi.fi\/se\/wp-content\/uploads\/sites\/9\/2023\/03\/1940_20-768x933.jpg 768w, https:\/\/tuberkuloosi.fi\/se\/wp-content\/uploads\/sites\/9\/2023\/03\/1940_20.jpg 840w\" sizes=\"(max-width: 247px) 100vw, 247px\" \/><\/p>\n","protected":false},"excerpt":{"rendered":"<p>Julm\u00e4rken var en g\u00e5ng ett viktigt medel f\u00f6r att samla in pengar till tuberkulosarbetet. Den danska posttj\u00e4nsteman Einar Holb\u00f8l kom 1903 p\u00e5 id\u00e9n med julm\u00e4rkena \u2013 ett v\u00e4lg\u00f6renhetsm\u00e4rke som s\u00e5ldes separat f\u00f6r att klistras p\u00e5 julh\u00e4lsningar. Det Kongelige Post publicerade det f\u00f6rsta julm\u00e4rket 1904, och int\u00e4kterna fr\u00e5n f\u00f6rs\u00e4ljningen anv\u00e4ndes f\u00f6r v\u00e5rden av sv\u00e5rt sjuka, i &#8230; <a title=\"Julm\u00e4rken\" class=\"read-more\" href=\"https:\/\/tuberkuloosi.fi\/se\/annat\/julmarken\/\">L\u00e4s mer<span class=\"screen-reader-text\">Julm\u00e4rken<\/span><\/a><\/p>\n","protected":false},"author":1,"featured_media":0,"parent":879,"menu_order":0,"comment_status":"closed","ping_status":"open","template":"","meta":{"footnotes":""},"class_list":["post-282","page","type-page","status-publish"],"yoast_head":"<!-- This site is optimized with the Yoast SEO plugin v27.5 - https:\/\/yoast.com\/product\/yoast-seo-wordpress\/ -->\n<title>Julm\u00e4rken - Tuberkulos - tuberkuloosi.fi<\/title>\n<meta name=\"description\" content=\"Julm\u00e4rken var en g\u00e5ng ett viktigt medel f\u00f6r att samla in pengar till tuberkulosarbetet. H\u00e4r hittar du information om finska julm\u00e4rken.\" \/>\n<meta name=\"robots\" content=\"index, follow, max-snippet:-1, max-image-preview:large, max-video-preview:-1\" \/>\n<link rel=\"canonical\" href=\"https:\/\/tuberkuloosi.fi\/se\/annat\/julmarken\/\" \/>\n<meta property=\"og:locale\" content=\"sv_SE\" \/>\n<meta property=\"og:type\" content=\"article\" \/>\n<meta property=\"og:title\" content=\"Julm\u00e4rken - Tuberkulos - tuberkuloosi.fi\" \/>\n<meta property=\"og:description\" content=\"Julm\u00e4rken var en g\u00e5ng ett viktigt medel f\u00f6r att samla in pengar till tuberkulosarbetet. H\u00e4r hittar du information om finska julm\u00e4rken.\" \/>\n<meta property=\"og:url\" content=\"https:\/\/tuberkuloosi.fi\/se\/annat\/julmarken\/\" \/>\n<meta property=\"og:site_name\" content=\"Tuberkulos - tuberkuloosi.fi\" \/>\n<meta property=\"article:modified_time\" content=\"2025-02-18T10:43:27+00:00\" \/>\n<meta property=\"og:image\" content=\"https:\/\/tuberkuloosi.fi\/se\/wp-content\/uploads\/sites\/9\/2023\/03\/1940_20.jpg\" \/>\n\t<meta property=\"og:image:width\" content=\"840\" \/>\n\t<meta property=\"og:image:height\" content=\"1021\" \/>\n\t<meta property=\"og:image:type\" content=\"image\/jpeg\" \/>\n<meta name=\"twitter:card\" content=\"summary_large_image\" \/>\n<meta name=\"twitter:label1\" content=\"Ber\u00e4knad l\u00e4stid\" \/>\n\t<meta name=\"twitter:data1\" content=\"2 minuter\" \/>\n<script type=\"application\/ld+json\" class=\"yoast-schema-graph\">{\"@context\":\"https:\\\/\\\/schema.org\",\"@graph\":[{\"@type\":\"WebPage\",\"@id\":\"https:\\\/\\\/tuberkuloosi.fi\\\/se\\\/annat\\\/julmarken\\\/\",\"url\":\"https:\\\/\\\/tuberkuloosi.fi\\\/se\\\/annat\\\/julmarken\\\/\",\"name\":\"Julm\u00e4rken - Tuberkulos - tuberkuloosi.fi\",\"isPartOf\":{\"@id\":\"https:\\\/\\\/tuberkuloosi.fi\\\/se\\\/#website\"},\"primaryImageOfPage\":{\"@id\":\"https:\\\/\\\/tuberkuloosi.fi\\\/se\\\/annat\\\/julmarken\\\/#primaryimage\"},\"image\":{\"@id\":\"https:\\\/\\\/tuberkuloosi.fi\\\/se\\\/annat\\\/julmarken\\\/#primaryimage\"},\"thumbnailUrl\":\"https:\\\/\\\/tuberkuloosi.fi\\\/se\\\/wp-content\\\/uploads\\\/sites\\\/9\\\/2023\\\/03\\\/1940_20-247x300.jpg\",\"datePublished\":\"2016-12-19T09:20:46+00:00\",\"dateModified\":\"2025-02-18T10:43:27+00:00\",\"description\":\"Julm\u00e4rken var en g\u00e5ng ett viktigt medel f\u00f6r att samla in pengar till tuberkulosarbetet. H\u00e4r hittar du information om finska julm\u00e4rken.\",\"breadcrumb\":{\"@id\":\"https:\\\/\\\/tuberkuloosi.fi\\\/se\\\/annat\\\/julmarken\\\/#breadcrumb\"},\"inLanguage\":\"sv-SE\",\"potentialAction\":[{\"@type\":\"ReadAction\",\"target\":[\"https:\\\/\\\/tuberkuloosi.fi\\\/se\\\/annat\\\/julmarken\\\/\"]}]},{\"@type\":\"ImageObject\",\"inLanguage\":\"sv-SE\",\"@id\":\"https:\\\/\\\/tuberkuloosi.fi\\\/se\\\/annat\\\/julmarken\\\/#primaryimage\",\"url\":\"https:\\\/\\\/tuberkuloosi.fi\\\/se\\\/wp-content\\\/uploads\\\/sites\\\/9\\\/2023\\\/03\\\/1940_20.jpg\",\"contentUrl\":\"https:\\\/\\\/tuberkuloosi.fi\\\/se\\\/wp-content\\\/uploads\\\/sites\\\/9\\\/2023\\\/03\\\/1940_20.jpg\",\"width\":840,\"height\":1021,\"caption\":\"julm\u00e4rken tuberkulos 1940\"},{\"@type\":\"BreadcrumbList\",\"@id\":\"https:\\\/\\\/tuberkuloosi.fi\\\/se\\\/annat\\\/julmarken\\\/#breadcrumb\",\"itemListElement\":[{\"@type\":\"ListItem\",\"position\":1,\"name\":\"Etusivu\",\"item\":\"https:\\\/\\\/tuberkuloosi.fi\\\/se\\\/\"},{\"@type\":\"ListItem\",\"position\":2,\"name\":\"Annat\",\"item\":\"https:\\\/\\\/tuberkuloosi.fi\\\/se\\\/annat\\\/\"},{\"@type\":\"ListItem\",\"position\":3,\"name\":\"Julm\u00e4rken\"}]},{\"@type\":\"WebSite\",\"@id\":\"https:\\\/\\\/tuberkuloosi.fi\\\/se\\\/#website\",\"url\":\"https:\\\/\\\/tuberkuloosi.fi\\\/se\\\/\",\"name\":\"Tuberkulos - tuberkuloosi.fi\",\"description\":\"Tuberkulos kan botas \u2013 det klarar vi tillsammans\",\"publisher\":{\"@id\":\"https:\\\/\\\/tuberkuloosi.fi\\\/se\\\/#organization\"},\"potentialAction\":[{\"@type\":\"SearchAction\",\"target\":{\"@type\":\"EntryPoint\",\"urlTemplate\":\"https:\\\/\\\/tuberkuloosi.fi\\\/se\\\/?s={search_term_string}\"},\"query-input\":{\"@type\":\"PropertyValueSpecification\",\"valueRequired\":true,\"valueName\":\"search_term_string\"}}],\"inLanguage\":\"sv-SE\"},{\"@type\":\"Organization\",\"@id\":\"https:\\\/\\\/tuberkuloosi.fi\\\/se\\\/#organization\",\"name\":\"Tuberkulos - tuberkuloosi.fi\",\"url\":\"https:\\\/\\\/tuberkuloosi.fi\\\/se\\\/\",\"logo\":{\"@type\":\"ImageObject\",\"inLanguage\":\"sv-SE\",\"@id\":\"https:\\\/\\\/tuberkuloosi.fi\\\/se\\\/#\\\/schema\\\/logo\\\/image\\\/\",\"url\":\"https:\\\/\\\/tuberkuloosi.fi\\\/se\\\/wp-content\\\/uploads\\\/sites\\\/9\\\/2019\\\/08\\\/cropped-tuberkuloosi.fi-logo1.jpg\",\"contentUrl\":\"https:\\\/\\\/tuberkuloosi.fi\\\/se\\\/wp-content\\\/uploads\\\/sites\\\/9\\\/2019\\\/08\\\/cropped-tuberkuloosi.fi-logo1.jpg\",\"width\":1598,\"height\":321,\"caption\":\"Tuberkulos - tuberkuloosi.fi\"},\"image\":{\"@id\":\"https:\\\/\\\/tuberkuloosi.fi\\\/se\\\/#\\\/schema\\\/logo\\\/image\\\/\"}}]}<\/script>\n<!-- \/ Yoast SEO plugin. -->","yoast_head_json":{"title":"Julm\u00e4rken - Tuberkulos - tuberkuloosi.fi","description":"Julm\u00e4rken var en g\u00e5ng ett viktigt medel f\u00f6r att samla in pengar till tuberkulosarbetet. H\u00e4r hittar du information om finska julm\u00e4rken.","robots":{"index":"index","follow":"follow","max-snippet":"max-snippet:-1","max-image-preview":"max-image-preview:large","max-video-preview":"max-video-preview:-1"},"canonical":"https:\/\/tuberkuloosi.fi\/se\/annat\/julmarken\/","og_locale":"sv_SE","og_type":"article","og_title":"Julm\u00e4rken - Tuberkulos - tuberkuloosi.fi","og_description":"Julm\u00e4rken var en g\u00e5ng ett viktigt medel f\u00f6r att samla in pengar till tuberkulosarbetet. H\u00e4r hittar du information om finska julm\u00e4rken.","og_url":"https:\/\/tuberkuloosi.fi\/se\/annat\/julmarken\/","og_site_name":"Tuberkulos - tuberkuloosi.fi","article_modified_time":"2025-02-18T10:43:27+00:00","og_image":[{"width":840,"height":1021,"url":"https:\/\/tuberkuloosi.fi\/se\/wp-content\/uploads\/sites\/9\/2023\/03\/1940_20.jpg","type":"image\/jpeg"}],"twitter_card":"summary_large_image","twitter_misc":{"Ber\u00e4knad l\u00e4stid":"2 minuter"},"schema":{"@context":"https:\/\/schema.org","@graph":[{"@type":"WebPage","@id":"https:\/\/tuberkuloosi.fi\/se\/annat\/julmarken\/","url":"https:\/\/tuberkuloosi.fi\/se\/annat\/julmarken\/","name":"Julm\u00e4rken - Tuberkulos - tuberkuloosi.fi","isPartOf":{"@id":"https:\/\/tuberkuloosi.fi\/se\/#website"},"primaryImageOfPage":{"@id":"https:\/\/tuberkuloosi.fi\/se\/annat\/julmarken\/#primaryimage"},"image":{"@id":"https:\/\/tuberkuloosi.fi\/se\/annat\/julmarken\/#primaryimage"},"thumbnailUrl":"https:\/\/tuberkuloosi.fi\/se\/wp-content\/uploads\/sites\/9\/2023\/03\/1940_20-247x300.jpg","datePublished":"2016-12-19T09:20:46+00:00","dateModified":"2025-02-18T10:43:27+00:00","description":"Julm\u00e4rken var en g\u00e5ng ett viktigt medel f\u00f6r att samla in pengar till tuberkulosarbetet. H\u00e4r hittar du information om finska julm\u00e4rken.","breadcrumb":{"@id":"https:\/\/tuberkuloosi.fi\/se\/annat\/julmarken\/#breadcrumb"},"inLanguage":"sv-SE","potentialAction":[{"@type":"ReadAction","target":["https:\/\/tuberkuloosi.fi\/se\/annat\/julmarken\/"]}]},{"@type":"ImageObject","inLanguage":"sv-SE","@id":"https:\/\/tuberkuloosi.fi\/se\/annat\/julmarken\/#primaryimage","url":"https:\/\/tuberkuloosi.fi\/se\/wp-content\/uploads\/sites\/9\/2023\/03\/1940_20.jpg","contentUrl":"https:\/\/tuberkuloosi.fi\/se\/wp-content\/uploads\/sites\/9\/2023\/03\/1940_20.jpg","width":840,"height":1021,"caption":"julm\u00e4rken tuberkulos 1940"},{"@type":"BreadcrumbList","@id":"https:\/\/tuberkuloosi.fi\/se\/annat\/julmarken\/#breadcrumb","itemListElement":[{"@type":"ListItem","position":1,"name":"Etusivu","item":"https:\/\/tuberkuloosi.fi\/se\/"},{"@type":"ListItem","position":2,"name":"Annat","item":"https:\/\/tuberkuloosi.fi\/se\/annat\/"},{"@type":"ListItem","position":3,"name":"Julm\u00e4rken"}]},{"@type":"WebSite","@id":"https:\/\/tuberkuloosi.fi\/se\/#website","url":"https:\/\/tuberkuloosi.fi\/se\/","name":"Tuberkulos - tuberkuloosi.fi","description":"Tuberkulos kan botas \u2013 det klarar vi tillsammans","publisher":{"@id":"https:\/\/tuberkuloosi.fi\/se\/#organization"},"potentialAction":[{"@type":"SearchAction","target":{"@type":"EntryPoint","urlTemplate":"https:\/\/tuberkuloosi.fi\/se\/?s={search_term_string}"},"query-input":{"@type":"PropertyValueSpecification","valueRequired":true,"valueName":"search_term_string"}}],"inLanguage":"sv-SE"},{"@type":"Organization","@id":"https:\/\/tuberkuloosi.fi\/se\/#organization","name":"Tuberkulos - tuberkuloosi.fi","url":"https:\/\/tuberkuloosi.fi\/se\/","logo":{"@type":"ImageObject","inLanguage":"sv-SE","@id":"https:\/\/tuberkuloosi.fi\/se\/#\/schema\/logo\/image\/","url":"https:\/\/tuberkuloosi.fi\/se\/wp-content\/uploads\/sites\/9\/2019\/08\/cropped-tuberkuloosi.fi-logo1.jpg","contentUrl":"https:\/\/tuberkuloosi.fi\/se\/wp-content\/uploads\/sites\/9\/2019\/08\/cropped-tuberkuloosi.fi-logo1.jpg","width":1598,"height":321,"caption":"Tuberkulos - tuberkuloosi.fi"},"image":{"@id":"https:\/\/tuberkuloosi.fi\/se\/#\/schema\/logo\/image\/"}}]}},"_links":{"self":[{"href":"https:\/\/tuberkuloosi.fi\/se\/wp-json\/wp\/v2\/pages\/282","targetHints":{"allow":["GET"]}}],"collection":[{"href":"https:\/\/tuberkuloosi.fi\/se\/wp-json\/wp\/v2\/pages"}],"about":[{"href":"https:\/\/tuberkuloosi.fi\/se\/wp-json\/wp\/v2\/types\/page"}],"author":[{"embeddable":true,"href":"https:\/\/tuberkuloosi.fi\/se\/wp-json\/wp\/v2\/users\/1"}],"replies":[{"embeddable":true,"href":"https:\/\/tuberkuloosi.fi\/se\/wp-json\/wp\/v2\/comments?post=282"}],"version-history":[{"count":6,"href":"https:\/\/tuberkuloosi.fi\/se\/wp-json\/wp\/v2\/pages\/282\/revisions"}],"predecessor-version":[{"id":814,"href":"https:\/\/tuberkuloosi.fi\/se\/wp-json\/wp\/v2\/pages\/282\/revisions\/814"}],"up":[{"embeddable":true,"href":"https:\/\/tuberkuloosi.fi\/se\/wp-json\/wp\/v2\/pages\/879"}],"wp:attachment":[{"href":"https:\/\/tuberkuloosi.fi\/se\/wp-json\/wp\/v2\/media?parent=282"}],"curies":[{"name":"wp","href":"https:\/\/api.w.org\/{rel}","templated":true}]}}