{"id":36,"date":"2016-11-19T23:42:42","date_gmt":"2016-11-19T23:42:42","guid":{"rendered":"http:\/\/tuberkuloosi.fi\/se\/?page_id=36"},"modified":"2023-01-04T12:20:15","modified_gmt":"2023-01-04T12:20:15","slug":"utredning","status":"publish","type":"page","link":"https:\/\/tuberkuloosi.fi\/se\/tuberkulos\/utredning\/","title":{"rendered":"Utredning"},"content":{"rendered":"<p><img fetchpriority=\"high\" decoding=\"async\" class=\"alignright wp-image-121 size-full\" src=\"http:\/\/tuberkuloosi.fi\/wp-content\/uploads\/2014\/03\/juippi.jpg\" alt=\"utredning\" width=\"264\" height=\"504\" \/><\/p>\n<blockquote><p>Lungtuberkulos diagnostiseras med hj\u00e4lp av r\u00f6ntgen och sputumprov (upphostning).<\/p><\/blockquote>\n<p>Lungtuberkulos konstateras oftast med lungr\u00f6ntgen. \u00c5tg\u00e4rden \u00e4r ofarlig. Gravida b\u00f6r informera r\u00f6ntgenpersonalen om sitt tillst\u00e5nd f\u00f6re r\u00f6ntgning.<\/p>\n<p>Sputumprov fr\u00e5n patienten unders\u00f6ks ocks\u00e5. Sputumprovet uts\u00e4tts alltid f\u00f6r mykobakterief\u00e4rgning, &#8211; odling och ett nukleinsyradetektionstest. Resultatet av f\u00e4rgningen och nukleinsyradetektionstestet kan erh\u00e5llas inom n\u00e5gra arbetsdagar. Risken f\u00f6r infektion \u00e4r h\u00f6g om syrafasta tuberkulosbakterier ses vid sputumf\u00e4rgningsunders\u00f6kningen. Nukleinsyradetekteringstestet ger ocks\u00e5 snabb information om tuberkulosbakteriers k\u00e4nslighet f\u00f6r rifampicin. Tuberkulosodling s\u00e4kerst\u00e4ller att det \u00e4r en bakterie som orsakar tuberkulos. Resultatet av tuberkulosodlingen kommer vanligtvis inom cirka 2\u20138 veckor. Tuberkulosstammen testas alltid f\u00f6r l\u00e4kemedelsk\u00e4nslighet och genotypning.<\/p>\n<p>Sm\u00e5 barn sv\u00e4ljer sina upphostningar och kan inte ge sputumprov s\u00e5som vuxna. D\u00e4rf\u00f6r utreds lungtuberkulos hos barn med hj\u00e4lp magsaftprov som tas via en n\u00e4s-magsond p\u00e5 sjukhus.<\/p>\n<p>Ibland beh\u00f6vs bronkoskopi med ett bronkoskop som f\u00f6rs ner i luftr\u00f6ren. Datortomografi (CT) av lungorna kan \u00e4ven beh\u00f6vas.<\/p>\n<p>N\u00e4r andra organ \u00e4n lungorna unders\u00f6ks f\u00f6r m\u00f6jlig tuberkulosinfektion, anv\u00e4nds olika r\u00f6ntgenologiska metoder. Man str\u00e4var \u00e4ven till att f\u00e5 ett v\u00e4vnadsprov eller prov p\u00e5 varbildning.<\/p>\n[qa cat=&#8221;tutkimukset&#8221;]\n","protected":false},"excerpt":{"rendered":"<p>Lungtuberkulos diagnostiseras med hj\u00e4lp av r\u00f6ntgen och sputumprov (upphostning). Lungtuberkulos konstateras oftast med lungr\u00f6ntgen. \u00c5tg\u00e4rden \u00e4r ofarlig. Gravida b\u00f6r informera r\u00f6ntgenpersonalen om sitt tillst\u00e5nd f\u00f6re r\u00f6ntgning. Sputumprov fr\u00e5n patienten unders\u00f6ks ocks\u00e5. Sputumprovet uts\u00e4tts alltid f\u00f6r mykobakterief\u00e4rgning, &#8211; odling och ett nukleinsyradetektionstest. Resultatet av f\u00e4rgningen och nukleinsyradetektionstestet kan erh\u00e5llas inom n\u00e5gra arbetsdagar. Risken f\u00f6r infektion \u00e4r &#8230; <a title=\"Utredning\" class=\"read-more\" href=\"https:\/\/tuberkuloosi.fi\/se\/tuberkulos\/utredning\/\">L\u00e4s mer<span class=\"screen-reader-text\">Utredning<\/span><\/a><\/p>\n","protected":false},"author":1,"featured_media":0,"parent":5,"menu_order":8,"comment_status":"closed","ping_status":"open","template":"","meta":{"footnotes":""},"class_list":["post-36","page","type-page","status-publish"],"yoast_head":"<!-- This site is optimized with the Yoast SEO plugin v27.5 - https:\/\/yoast.com\/product\/yoast-seo-wordpress\/ -->\n<title>Utredning - Tuberkulos - tuberkuloosi.fi<\/title>\n<meta name=\"description\" content=\"Lungtuberkulos diagnostiseras med hj\u00e4lp av r\u00f6ntgen och sputumprov (upphostning).\" \/>\n<meta name=\"robots\" content=\"index, follow, max-snippet:-1, max-image-preview:large, max-video-preview:-1\" \/>\n<link rel=\"canonical\" href=\"https:\/\/tuberkuloosi.fi\/se\/tuberkulos\/utredning\/\" \/>\n<meta property=\"og:locale\" content=\"sv_SE\" \/>\n<meta property=\"og:type\" content=\"article\" \/>\n<meta property=\"og:title\" content=\"Utredning - Tuberkulos - tuberkuloosi.fi\" \/>\n<meta property=\"og:description\" content=\"Lungtuberkulos diagnostiseras med hj\u00e4lp av r\u00f6ntgen och sputumprov (upphostning).\" \/>\n<meta property=\"og:url\" content=\"https:\/\/tuberkuloosi.fi\/se\/tuberkulos\/utredning\/\" \/>\n<meta property=\"og:site_name\" content=\"Tuberkulos - tuberkuloosi.fi\" \/>\n<meta property=\"article:modified_time\" content=\"2023-01-04T12:20:15+00:00\" \/>\n<meta property=\"og:image\" content=\"http:\/\/tuberkuloosi.fi\/wp-content\/uploads\/2014\/03\/juippi.jpg\" \/>\n<meta name=\"twitter:card\" content=\"summary_large_image\" \/>\n<meta name=\"twitter:label1\" content=\"Ber\u00e4knad l\u00e4stid\" \/>\n\t<meta name=\"twitter:data1\" content=\"1 minut\" \/>\n<script type=\"application\/ld+json\" class=\"yoast-schema-graph\">{\"@context\":\"https:\\\/\\\/schema.org\",\"@graph\":[{\"@type\":\"WebPage\",\"@id\":\"https:\\\/\\\/tuberkuloosi.fi\\\/se\\\/tuberkulos\\\/utredning\\\/\",\"url\":\"https:\\\/\\\/tuberkuloosi.fi\\\/se\\\/tuberkulos\\\/utredning\\\/\",\"name\":\"Utredning - Tuberkulos - tuberkuloosi.fi\",\"isPartOf\":{\"@id\":\"https:\\\/\\\/tuberkuloosi.fi\\\/se\\\/#website\"},\"primaryImageOfPage\":{\"@id\":\"https:\\\/\\\/tuberkuloosi.fi\\\/se\\\/tuberkulos\\\/utredning\\\/#primaryimage\"},\"image\":{\"@id\":\"https:\\\/\\\/tuberkuloosi.fi\\\/se\\\/tuberkulos\\\/utredning\\\/#primaryimage\"},\"thumbnailUrl\":\"http:\\\/\\\/tuberkuloosi.fi\\\/wp-content\\\/uploads\\\/2014\\\/03\\\/juippi.jpg\",\"datePublished\":\"2016-11-19T23:42:42+00:00\",\"dateModified\":\"2023-01-04T12:20:15+00:00\",\"description\":\"Lungtuberkulos diagnostiseras med hj\u00e4lp av r\u00f6ntgen och sputumprov (upphostning).\",\"breadcrumb\":{\"@id\":\"https:\\\/\\\/tuberkuloosi.fi\\\/se\\\/tuberkulos\\\/utredning\\\/#breadcrumb\"},\"inLanguage\":\"sv-SE\",\"potentialAction\":[{\"@type\":\"ReadAction\",\"target\":[\"https:\\\/\\\/tuberkuloosi.fi\\\/se\\\/tuberkulos\\\/utredning\\\/\"]}]},{\"@type\":\"ImageObject\",\"inLanguage\":\"sv-SE\",\"@id\":\"https:\\\/\\\/tuberkuloosi.fi\\\/se\\\/tuberkulos\\\/utredning\\\/#primaryimage\",\"url\":\"http:\\\/\\\/tuberkuloosi.fi\\\/wp-content\\\/uploads\\\/2014\\\/03\\\/juippi.jpg\",\"contentUrl\":\"http:\\\/\\\/tuberkuloosi.fi\\\/wp-content\\\/uploads\\\/2014\\\/03\\\/juippi.jpg\"},{\"@type\":\"BreadcrumbList\",\"@id\":\"https:\\\/\\\/tuberkuloosi.fi\\\/se\\\/tuberkulos\\\/utredning\\\/#breadcrumb\",\"itemListElement\":[{\"@type\":\"ListItem\",\"position\":1,\"name\":\"Etusivu\",\"item\":\"https:\\\/\\\/tuberkuloosi.fi\\\/se\\\/\"},{\"@type\":\"ListItem\",\"position\":2,\"name\":\"Tuberkulos\",\"item\":\"https:\\\/\\\/tuberkuloosi.fi\\\/se\\\/tuberkulos\\\/\"},{\"@type\":\"ListItem\",\"position\":3,\"name\":\"Utredning\"}]},{\"@type\":\"WebSite\",\"@id\":\"https:\\\/\\\/tuberkuloosi.fi\\\/se\\\/#website\",\"url\":\"https:\\\/\\\/tuberkuloosi.fi\\\/se\\\/\",\"name\":\"Tuberkulos - tuberkuloosi.fi\",\"description\":\"Tuberkulos kan botas \u2013 det klarar vi tillsammans\",\"publisher\":{\"@id\":\"https:\\\/\\\/tuberkuloosi.fi\\\/se\\\/#organization\"},\"potentialAction\":[{\"@type\":\"SearchAction\",\"target\":{\"@type\":\"EntryPoint\",\"urlTemplate\":\"https:\\\/\\\/tuberkuloosi.fi\\\/se\\\/?s={search_term_string}\"},\"query-input\":{\"@type\":\"PropertyValueSpecification\",\"valueRequired\":true,\"valueName\":\"search_term_string\"}}],\"inLanguage\":\"sv-SE\"},{\"@type\":\"Organization\",\"@id\":\"https:\\\/\\\/tuberkuloosi.fi\\\/se\\\/#organization\",\"name\":\"Tuberkulos - tuberkuloosi.fi\",\"url\":\"https:\\\/\\\/tuberkuloosi.fi\\\/se\\\/\",\"logo\":{\"@type\":\"ImageObject\",\"inLanguage\":\"sv-SE\",\"@id\":\"https:\\\/\\\/tuberkuloosi.fi\\\/se\\\/#\\\/schema\\\/logo\\\/image\\\/\",\"url\":\"https:\\\/\\\/tuberkuloosi.fi\\\/se\\\/wp-content\\\/uploads\\\/sites\\\/9\\\/2019\\\/08\\\/cropped-tuberkuloosi.fi-logo1.jpg\",\"contentUrl\":\"https:\\\/\\\/tuberkuloosi.fi\\\/se\\\/wp-content\\\/uploads\\\/sites\\\/9\\\/2019\\\/08\\\/cropped-tuberkuloosi.fi-logo1.jpg\",\"width\":1598,\"height\":321,\"caption\":\"Tuberkulos - tuberkuloosi.fi\"},\"image\":{\"@id\":\"https:\\\/\\\/tuberkuloosi.fi\\\/se\\\/#\\\/schema\\\/logo\\\/image\\\/\"}}]}<\/script>\n<!-- \/ Yoast SEO plugin. -->","yoast_head_json":{"title":"Utredning - Tuberkulos - tuberkuloosi.fi","description":"Lungtuberkulos diagnostiseras med hj\u00e4lp av r\u00f6ntgen och sputumprov (upphostning).","robots":{"index":"index","follow":"follow","max-snippet":"max-snippet:-1","max-image-preview":"max-image-preview:large","max-video-preview":"max-video-preview:-1"},"canonical":"https:\/\/tuberkuloosi.fi\/se\/tuberkulos\/utredning\/","og_locale":"sv_SE","og_type":"article","og_title":"Utredning - Tuberkulos - tuberkuloosi.fi","og_description":"Lungtuberkulos diagnostiseras med hj\u00e4lp av r\u00f6ntgen och sputumprov (upphostning).","og_url":"https:\/\/tuberkuloosi.fi\/se\/tuberkulos\/utredning\/","og_site_name":"Tuberkulos - tuberkuloosi.fi","article_modified_time":"2023-01-04T12:20:15+00:00","og_image":[{"url":"http:\/\/tuberkuloosi.fi\/wp-content\/uploads\/2014\/03\/juippi.jpg","type":"","width":"","height":""}],"twitter_card":"summary_large_image","twitter_misc":{"Ber\u00e4knad l\u00e4stid":"1 minut"},"schema":{"@context":"https:\/\/schema.org","@graph":[{"@type":"WebPage","@id":"https:\/\/tuberkuloosi.fi\/se\/tuberkulos\/utredning\/","url":"https:\/\/tuberkuloosi.fi\/se\/tuberkulos\/utredning\/","name":"Utredning - Tuberkulos - tuberkuloosi.fi","isPartOf":{"@id":"https:\/\/tuberkuloosi.fi\/se\/#website"},"primaryImageOfPage":{"@id":"https:\/\/tuberkuloosi.fi\/se\/tuberkulos\/utredning\/#primaryimage"},"image":{"@id":"https:\/\/tuberkuloosi.fi\/se\/tuberkulos\/utredning\/#primaryimage"},"thumbnailUrl":"http:\/\/tuberkuloosi.fi\/wp-content\/uploads\/2014\/03\/juippi.jpg","datePublished":"2016-11-19T23:42:42+00:00","dateModified":"2023-01-04T12:20:15+00:00","description":"Lungtuberkulos diagnostiseras med hj\u00e4lp av r\u00f6ntgen och sputumprov (upphostning).","breadcrumb":{"@id":"https:\/\/tuberkuloosi.fi\/se\/tuberkulos\/utredning\/#breadcrumb"},"inLanguage":"sv-SE","potentialAction":[{"@type":"ReadAction","target":["https:\/\/tuberkuloosi.fi\/se\/tuberkulos\/utredning\/"]}]},{"@type":"ImageObject","inLanguage":"sv-SE","@id":"https:\/\/tuberkuloosi.fi\/se\/tuberkulos\/utredning\/#primaryimage","url":"http:\/\/tuberkuloosi.fi\/wp-content\/uploads\/2014\/03\/juippi.jpg","contentUrl":"http:\/\/tuberkuloosi.fi\/wp-content\/uploads\/2014\/03\/juippi.jpg"},{"@type":"BreadcrumbList","@id":"https:\/\/tuberkuloosi.fi\/se\/tuberkulos\/utredning\/#breadcrumb","itemListElement":[{"@type":"ListItem","position":1,"name":"Etusivu","item":"https:\/\/tuberkuloosi.fi\/se\/"},{"@type":"ListItem","position":2,"name":"Tuberkulos","item":"https:\/\/tuberkuloosi.fi\/se\/tuberkulos\/"},{"@type":"ListItem","position":3,"name":"Utredning"}]},{"@type":"WebSite","@id":"https:\/\/tuberkuloosi.fi\/se\/#website","url":"https:\/\/tuberkuloosi.fi\/se\/","name":"Tuberkulos - tuberkuloosi.fi","description":"Tuberkulos kan botas \u2013 det klarar vi tillsammans","publisher":{"@id":"https:\/\/tuberkuloosi.fi\/se\/#organization"},"potentialAction":[{"@type":"SearchAction","target":{"@type":"EntryPoint","urlTemplate":"https:\/\/tuberkuloosi.fi\/se\/?s={search_term_string}"},"query-input":{"@type":"PropertyValueSpecification","valueRequired":true,"valueName":"search_term_string"}}],"inLanguage":"sv-SE"},{"@type":"Organization","@id":"https:\/\/tuberkuloosi.fi\/se\/#organization","name":"Tuberkulos - tuberkuloosi.fi","url":"https:\/\/tuberkuloosi.fi\/se\/","logo":{"@type":"ImageObject","inLanguage":"sv-SE","@id":"https:\/\/tuberkuloosi.fi\/se\/#\/schema\/logo\/image\/","url":"https:\/\/tuberkuloosi.fi\/se\/wp-content\/uploads\/sites\/9\/2019\/08\/cropped-tuberkuloosi.fi-logo1.jpg","contentUrl":"https:\/\/tuberkuloosi.fi\/se\/wp-content\/uploads\/sites\/9\/2019\/08\/cropped-tuberkuloosi.fi-logo1.jpg","width":1598,"height":321,"caption":"Tuberkulos - tuberkuloosi.fi"},"image":{"@id":"https:\/\/tuberkuloosi.fi\/se\/#\/schema\/logo\/image\/"}}]}},"_links":{"self":[{"href":"https:\/\/tuberkuloosi.fi\/se\/wp-json\/wp\/v2\/pages\/36","targetHints":{"allow":["GET"]}}],"collection":[{"href":"https:\/\/tuberkuloosi.fi\/se\/wp-json\/wp\/v2\/pages"}],"about":[{"href":"https:\/\/tuberkuloosi.fi\/se\/wp-json\/wp\/v2\/types\/page"}],"author":[{"embeddable":true,"href":"https:\/\/tuberkuloosi.fi\/se\/wp-json\/wp\/v2\/users\/1"}],"replies":[{"embeddable":true,"href":"https:\/\/tuberkuloosi.fi\/se\/wp-json\/wp\/v2\/comments?post=36"}],"version-history":[{"count":4,"href":"https:\/\/tuberkuloosi.fi\/se\/wp-json\/wp\/v2\/pages\/36\/revisions"}],"predecessor-version":[{"id":577,"href":"https:\/\/tuberkuloosi.fi\/se\/wp-json\/wp\/v2\/pages\/36\/revisions\/577"}],"up":[{"embeddable":true,"href":"https:\/\/tuberkuloosi.fi\/se\/wp-json\/wp\/v2\/pages\/5"}],"wp:attachment":[{"href":"https:\/\/tuberkuloosi.fi\/se\/wp-json\/wp\/v2\/media?parent=36"}],"curies":[{"name":"wp","href":"https:\/\/api.w.org\/{rel}","templated":true}]}}