{"id":361,"date":"2017-12-22T13:39:12","date_gmt":"2017-12-22T13:39:12","guid":{"rendered":"http:\/\/tuberkuloosi.fi\/se\/?page_id=361"},"modified":"2025-10-16T12:01:44","modified_gmt":"2025-10-16T12:01:44","slug":"fragor-angaende-tuberkulos-hos-barn-och-ungdomar","status":"publish","type":"page","link":"https:\/\/tuberkuloosi.fi\/se\/fragor\/fragor-angaende-tuberkulos-hos-barn-och-ungdomar\/","title":{"rendered":"Fr\u00e5gor ang\u00e5ende tuberkulos hos barn och ungdomar"},"content":{"rendered":"<p>D\u00e5 du f\u00f6r mark\u00f6ren till fr\u00e5gan och trycker p\u00e5 den v\u00e4nstra musknappen ser du svaret.<\/p>\n<div class=\"faq-item\">\n  <button class=\"faq-question\">Hurudana kan symtomen p\u00e5 tuberkulos vara hos sm\u00e5 barn?<\/button><\/p>\n<div class=\"faq-answer\">Hos barn kan tuberkulosbakterien f\u00f6rorsaka sjukdom i lungorna eller p\u00e5 annat h\u00e5ll i kroppen, s\u00e5som i lymfk\u00f6rtlar, i bukomr\u00e5den eller i skelettet. Sjukdomen kan \u00e4ven sprida sig till hela kroppen och hj\u00e4rnan. Sjukdomens symtom beror p\u00e5 vilken del av kroppen som angripits, och p\u00e5 barnets \u00e5lder.<br \/><span style=\"text-decoration: underline;\">Hos sp\u00e4dbarn och barn under 5 \u00e5r<\/span> kan tuberkulossymtomen vara lindriga. Barnet kan ha hosta, f\u00f6refalla sjukt, ha feber och tillv\u00e4xten kan falla av. Barnets vikt kan g\u00e5 ner eller utvecklas onormalt. Barnet kan k\u00e4nna sig tr\u00f6tt och ur st\u00e5nd att leka och vara aktiv som vanligt. Hos ett litet barn kan tuberkulosen utvecklas mycket snabbare \u00e4n hos ett st\u00f6rre barn eller en vuxen. Ett barns kondition kan f\u00f6rs\u00e4mras starkt p\u00e5 n\u00e5gra veckor, och sjukdomen kan vara livshotande.<\/div>\n<\/div>\n<div class=\"faq-item\">\n  <button class=\"faq-question\">Var unders\u00f6ks barn (<= 16 \u00e5r) vid misstanke p\u00e5 tuberkulos?<\/button><\/p>\n<div class=\"faq-answer\">Om barnet har symtom, b\u00f6r man upps\u00f6ka h\u00e4lsocentral. Om l\u00e4karen misst\u00e4nker tuberkulos, skriver han en remiss till en pediatrisk poliklinik f\u00f6r utredning.<\/div>\n<\/div>\n<div class=\"faq-item\">\n  <button class=\"faq-question\">Hur och var behandlas barnets tuberkulos?<\/button><\/p>\n<div class=\"faq-answer\">Tuberkulos behandlas med mediciner. (L\u00e4s mer <a title=\"Medicinering\" href=\"https:\/\/tuberkuloosi.fi\/se\/hjalp\/lakemedelsbehandling-av-tuberkulos\/\">om medicineringen<\/a>). Behandlingen inleds p\u00e5 barnavdelningen vid ett sjukhus. Om sjukdomen \u00e4r smittsam, v\u00e5rdas barnet till en b\u00f6rjan i isoleringsrum. N\u00e4r sjukdomen inte l\u00e4ngre smittar, och barnets kondition \u00e4r bra, forts\u00e4tts medicineringen hemma. V\u00e5rdens fortskridande och effekt kontrolleras med regelbundna mellanrum p\u00e5 sjukhus. Blodprov tas med 1-2 m\u00e5naders intervaller. R\u00f6ntgenbilder tas n\u00e5gra g\u00e5nger under behandlingen och d\u00e5 behandlingen avslutas. Barnet bes\u00f6ker \u00e4ven l\u00e4karmottagning. Sputumprov tas fr\u00e5n st\u00f6rre barn och ungdomar och unders\u00f6ks. Att ta mediciner kan k\u00e4nnas sv\u00e5rt eller bli bortgl\u00f6mt, eller s\u00e5 kan medicinerna ha biverkningar. D\u00e4rf\u00f6r f\u00f6ljer en sk\u00f6tare barnets befinnande och \u00e4r n\u00e4rvarande n\u00e4r medicinen tas b\u00e5de p\u00e5 sjukhus och efter sjukhusvistelsen. Man kommer \u00f6verens med sk\u00f6taren om hur man tar medicinen hemma. Vanligen tr\u00e4ffar man sk\u00f6taren 5-7 g\u00e5nger per vecka. Allt efter behov och situation kan man ta medicin \u00e4ven vid h\u00e4lsocentralen eller till exempel vid bes\u00f6k till skolh\u00e4lsov\u00e5rden. I en del fall kan hemsjuksk\u00f6taren ocks\u00e5 ge dem hemma. P\u00e5 s\u00e5 s\u00e4tt s\u00e4kras tillfrisknandet. Man f\u00f6rhindrar \u00e4ven att bakterierna blir resistenta mot mediciner.<\/div>\n<\/div>\n<div class=\"faq-item\">\n  <button class=\"faq-question\">Kan f\u00f6r\u00e4ldrarna ge barnet TB-mediciner? Var kan man f\u00e5 hj\u00e4lp, om barnet inte tar sin medicin?<\/button><\/p>\n<div class=\"faq-answer\">Om barnet \u00e4r ovilligt att ta medicin som sk\u00f6taren ger, kan f\u00f6r\u00e4ldrarna ge medicinen. F\u00f6r att s\u00e4kra medicineringen och f\u00f6r att st\u00f6da familjen \u00e4r \u00f6vervakning av medicineringen n\u00f6dv\u00e4ndig. Om intagandet av medicin inte lyckas, informerar sk\u00f6taren den l\u00e4kare, som ansvarar f\u00f6r barnets v\u00e5rd.<\/div>\n<\/div>\n<div class=\"faq-item\">\n  <button class=\"faq-question\">Kan barnets tuberkulos smitta till den \u00f6vriga familjen?<\/button><\/p>\n<div class=\"faq-answer\">Tuberkulos hos ett litet barn \u00e4r inte smittsam, men ett barn i skol\u00e5ldern kan ha smittsam tuberkulos. Hos unga m\u00e4nniskor utvecklas l\u00e4tt en mycket smittsam sjukdom. Tuberkulosen smittar desto l\u00e4ttare ju l\u00e4ngre man inandas samma luft som den sjuka. D\u00e4rf\u00f6r \u00e4r risken f\u00f6r smitta st\u00f6rre f\u00f6r dem som bor i samma l\u00e4genhet \u00e4n f\u00f6r utomst\u00e5ende.<\/div>\n<\/div>\n<div class=\"faq-item\">\n  <button class=\"faq-question\">Kan ett barn med tuberkulos bo hemma\/sova i samma rum med sina syskon?<\/button><\/p>\n<div class=\"faq-answer\">Om barnet har smittsam tuberkulos, kan barnet inte bo hemma. N\u00e4r barnet slipper hem fr\u00e5n sjukhuset, smittar tuberkulosen inte l\u00e4ngre tack vare medicineringen. Barnet kan d\u00e5 sova tillsammans med andra.<\/div>\n<\/div>\n<div class=\"faq-item\">\n  <button class=\"faq-question\">Kan ett barn med tuberkulos vistas p\u00e5 daghem?<\/button><\/p>\n<div class=\"faq-answer\">Vanligtvis smittar sjukdomen inte fr\u00e5n ett litet barn. N\u00e4r barnet har sluppit hem och m\u00e5r bra, kan barnet \u00e4ven \u00e5terv\u00e4nda till daghemmet.<\/div>\n<\/div>\n<div class=\"faq-item\">\n  <button class=\"faq-question\">Skall man informera m\u00e4nniskor om barnets sjukdom och vad skall man d\u00e5 s\u00e4ga?<\/button><\/p>\n<div class=\"faq-answer\">Du kan ber\u00e4tta om sjukdomen f\u00f6r m\u00e4nniskor, som \u00e4r betydelsefulla f\u00f6r dig och som st\u00f6der dig. Ber\u00e4tta, att tuberkulosen behandlas med mediciner. D\u00e5 barnet f\u00e5r medicin, beh\u00f6ver man inte oroa sig f\u00f6r smitta. S\u00e5som vid andra fall av sjukfr\u00e5nvaro \u00e4r det sk\u00e4l att informera daghemspersonalen om barnets sjukdom.<\/div>\n<\/div>\n<div class=\"faq-item\">\n  <button class=\"faq-question\">Hurudana kan symtomen p\u00e5 tuberkulos vara hos barn i skol\u00e5ldern och hos ungdomar?<\/button><\/p>\n<div class=\"faq-answer\">Typiska tuberkulossymtom<span style=\"text-decoration: underline;\"> hos \u00e4ldre barn och ungdomar<\/span> \u00e4r<\/p>\n<ul>\n<li>hosta i mer \u00e4n tre veckor utan tecken p\u00e5 f\u00f6rb\u00e4ttring (lungtuberkulos)<\/li>\n<li>pyrexi (febrighet) i mer \u00e4n tv\u00e5 veckors tid<\/li>\n<li>f\u00f6rstorade lymfk\u00f6rtlar<\/li>\n<li>mag- och ryggsm\u00e4rtor<\/li>\n<li>viktminskning och aptitl\u00f6shet<\/li>\n<li>nattliga svettningar<\/li>\n<li>tr\u00f6tthet<\/li>\n<\/ul>\n<p>Till en b\u00f6rjan kan tuberkulosen \u00e4ven vara symtomfri.<\/p><\/div>\n<\/div>\n<div class=\"faq-item\">\n  <button class=\"faq-question\">Hur f\u00e5r man tiden att g\u00e5 under v\u00e5rden i sjukhusets isoleringsrum?<\/button><\/p>\n<div class=\"faq-answer\">I isoleringsrummet \u00e4r man tvungen att stanna n\u00e5gra veckor, ibland m\u00e5nader. Detta \u00e4r n\u00f6dv\u00e4ndigt f\u00f6r att inte sprida smittan. Det \u00e4r sk\u00e4l att t\u00e4nka \u00f6ver situationen och g\u00f6ra planer f\u00f6r hur man b\u00e4st klarar av tiden. Ta med n\u00e5gra f\u00f6r dig viktiga f\u00f6rem\u00e5l till isoleringsrummet. Bibeh\u00e5ll din dygnsrytm. Var aktiv dagstid: l\u00e4s b\u00f6cker och tidningar, titta p\u00e5 video och filmer, f\u00f6lj med h\u00e4ndelser p\u00e5 n\u00e4tet, meditera. N\u00e4r din kondition f\u00f6rb\u00e4ttras, kan du b\u00f6rja motionera. Fr\u00e5ga sjuksk\u00f6tarna eller fysioterapeuten ang\u00e5ende hj\u00e4lpmedel. R\u00f6r dig ute om m\u00f6jligt. Fr\u00e5ga efter och \u00e4t dina \u00e4lsklingsr\u00e4tter och -drycker. Uppeh\u00e5ll kontakt med familjemedlemmar och v\u00e4nner med hj\u00e4lp av telefon och dator. Med dem kan du \u00e4ven f\u00f6lja vad din klass studerar. G\u00f6r dina l\u00e4xor. P\u00e5 grundskolestadiet ordnar kommunen med undervisning \u00e4ven p\u00e5 sjukhuset. G\u00e4ster f\u00e5r komma p\u00e5 bes\u00f6k, men de m\u00e5ste anv\u00e4nda skyddsutrustning. Stora gruppbes\u00f6k rekommenderas inte. Sm\u00e5 barn f\u00e5r i allm\u00e4nhet inte komma p\u00e5 bes\u00f6k. Barn i grundskole\u00e5ldern f\u00e5r st\u00f6d av sjukhusskolans l\u00e4rare under sjukhusv\u00e5rden.<\/div>\n<\/div>\n","protected":false},"excerpt":{"rendered":"<p>D\u00e5 du f\u00f6r mark\u00f6ren till fr\u00e5gan och trycker p\u00e5 den v\u00e4nstra musknappen ser du svaret. Hurudana kan symtomen p\u00e5 tuberkulos vara hos sm\u00e5 barn? Hos barn kan tuberkulosbakterien f\u00f6rorsaka sjukdom i lungorna eller p\u00e5 annat h\u00e5ll i kroppen, s\u00e5som i lymfk\u00f6rtlar, i bukomr\u00e5den eller i skelettet. Sjukdomen kan \u00e4ven sprida sig till hela kroppen och &#8230; <a title=\"Fr\u00e5gor ang\u00e5ende tuberkulos hos barn och ungdomar\" class=\"read-more\" href=\"https:\/\/tuberkuloosi.fi\/se\/fragor\/fragor-angaende-tuberkulos-hos-barn-och-ungdomar\/\">L\u00e4s mer<span class=\"screen-reader-text\">Fr\u00e5gor ang\u00e5ende tuberkulos hos barn och ungdomar<\/span><\/a><\/p>\n","protected":false},"author":1,"featured_media":0,"parent":103,"menu_order":0,"comment_status":"closed","ping_status":"open","template":"","meta":{"footnotes":""},"class_list":["post-361","page","type-page","status-publish"],"yoast_head":"<!-- This site is optimized with the Yoast SEO plugin v27.5 - https:\/\/yoast.com\/product\/yoast-seo-wordpress\/ -->\n<title>Fr\u00e5gor ang\u00e5ende tuberkulos hos barn och ungdomar - Tuberkulos - tuberkuloosi.fi<\/title>\n<meta name=\"robots\" content=\"index, follow, max-snippet:-1, max-image-preview:large, max-video-preview:-1\" \/>\n<link rel=\"canonical\" href=\"https:\/\/tuberkuloosi.fi\/se\/fragor\/fragor-angaende-tuberkulos-hos-barn-och-ungdomar\/\" \/>\n<meta property=\"og:locale\" content=\"sv_SE\" \/>\n<meta property=\"og:type\" content=\"article\" \/>\n<meta property=\"og:title\" content=\"Fr\u00e5gor ang\u00e5ende tuberkulos hos barn och ungdomar - Tuberkulos - tuberkuloosi.fi\" \/>\n<meta property=\"og:description\" content=\"D\u00e5 du f\u00f6r mark\u00f6ren till fr\u00e5gan och trycker p\u00e5 den v\u00e4nstra musknappen ser du svaret. Hurudana kan symtomen p\u00e5 tuberkulos vara hos sm\u00e5 barn? Hos barn kan tuberkulosbakterien f\u00f6rorsaka sjukdom i lungorna eller p\u00e5 annat h\u00e5ll i kroppen, s\u00e5som i lymfk\u00f6rtlar, i bukomr\u00e5den eller i skelettet. Sjukdomen kan \u00e4ven sprida sig till hela kroppen och ... L\u00e4s merFr\u00e5gor ang\u00e5ende tuberkulos hos barn och ungdomar\" \/>\n<meta property=\"og:url\" content=\"https:\/\/tuberkuloosi.fi\/se\/fragor\/fragor-angaende-tuberkulos-hos-barn-och-ungdomar\/\" \/>\n<meta property=\"og:site_name\" content=\"Tuberkulos - tuberkuloosi.fi\" \/>\n<meta property=\"article:modified_time\" content=\"2025-10-16T12:01:44+00:00\" \/>\n<meta name=\"twitter:card\" content=\"summary_large_image\" \/>\n<meta name=\"twitter:label1\" content=\"Ber\u00e4knad l\u00e4stid\" \/>\n\t<meta name=\"twitter:data1\" content=\"1 minut\" \/>\n<script type=\"application\/ld+json\" class=\"yoast-schema-graph\">{\"@context\":\"https:\\\/\\\/schema.org\",\"@graph\":[{\"@type\":\"WebPage\",\"@id\":\"https:\\\/\\\/tuberkuloosi.fi\\\/se\\\/fragor\\\/fragor-angaende-tuberkulos-hos-barn-och-ungdomar\\\/\",\"url\":\"https:\\\/\\\/tuberkuloosi.fi\\\/se\\\/fragor\\\/fragor-angaende-tuberkulos-hos-barn-och-ungdomar\\\/\",\"name\":\"Fr\u00e5gor ang\u00e5ende tuberkulos hos barn och ungdomar - Tuberkulos - tuberkuloosi.fi\",\"isPartOf\":{\"@id\":\"https:\\\/\\\/tuberkuloosi.fi\\\/se\\\/#website\"},\"datePublished\":\"2017-12-22T13:39:12+00:00\",\"dateModified\":\"2025-10-16T12:01:44+00:00\",\"breadcrumb\":{\"@id\":\"https:\\\/\\\/tuberkuloosi.fi\\\/se\\\/fragor\\\/fragor-angaende-tuberkulos-hos-barn-och-ungdomar\\\/#breadcrumb\"},\"inLanguage\":\"sv-SE\",\"potentialAction\":[{\"@type\":\"ReadAction\",\"target\":[\"https:\\\/\\\/tuberkuloosi.fi\\\/se\\\/fragor\\\/fragor-angaende-tuberkulos-hos-barn-och-ungdomar\\\/\"]}]},{\"@type\":\"BreadcrumbList\",\"@id\":\"https:\\\/\\\/tuberkuloosi.fi\\\/se\\\/fragor\\\/fragor-angaende-tuberkulos-hos-barn-och-ungdomar\\\/#breadcrumb\",\"itemListElement\":[{\"@type\":\"ListItem\",\"position\":1,\"name\":\"Etusivu\",\"item\":\"https:\\\/\\\/tuberkuloosi.fi\\\/se\\\/\"},{\"@type\":\"ListItem\",\"position\":2,\"name\":\"Fr\u00e5gor\",\"item\":\"https:\\\/\\\/tuberkuloosi.fi\\\/se\\\/fragor\\\/\"},{\"@type\":\"ListItem\",\"position\":3,\"name\":\"Fr\u00e5gor ang\u00e5ende tuberkulos hos barn och ungdomar\"}]},{\"@type\":\"WebSite\",\"@id\":\"https:\\\/\\\/tuberkuloosi.fi\\\/se\\\/#website\",\"url\":\"https:\\\/\\\/tuberkuloosi.fi\\\/se\\\/\",\"name\":\"Tuberkulos - tuberkuloosi.fi\",\"description\":\"Tuberkulos kan botas \u2013 det klarar vi tillsammans\",\"publisher\":{\"@id\":\"https:\\\/\\\/tuberkuloosi.fi\\\/se\\\/#organization\"},\"potentialAction\":[{\"@type\":\"SearchAction\",\"target\":{\"@type\":\"EntryPoint\",\"urlTemplate\":\"https:\\\/\\\/tuberkuloosi.fi\\\/se\\\/?s={search_term_string}\"},\"query-input\":{\"@type\":\"PropertyValueSpecification\",\"valueRequired\":true,\"valueName\":\"search_term_string\"}}],\"inLanguage\":\"sv-SE\"},{\"@type\":\"Organization\",\"@id\":\"https:\\\/\\\/tuberkuloosi.fi\\\/se\\\/#organization\",\"name\":\"Tuberkulos - tuberkuloosi.fi\",\"url\":\"https:\\\/\\\/tuberkuloosi.fi\\\/se\\\/\",\"logo\":{\"@type\":\"ImageObject\",\"inLanguage\":\"sv-SE\",\"@id\":\"https:\\\/\\\/tuberkuloosi.fi\\\/se\\\/#\\\/schema\\\/logo\\\/image\\\/\",\"url\":\"https:\\\/\\\/tuberkuloosi.fi\\\/se\\\/wp-content\\\/uploads\\\/sites\\\/9\\\/2019\\\/08\\\/cropped-tuberkuloosi.fi-logo1.jpg\",\"contentUrl\":\"https:\\\/\\\/tuberkuloosi.fi\\\/se\\\/wp-content\\\/uploads\\\/sites\\\/9\\\/2019\\\/08\\\/cropped-tuberkuloosi.fi-logo1.jpg\",\"width\":1598,\"height\":321,\"caption\":\"Tuberkulos - tuberkuloosi.fi\"},\"image\":{\"@id\":\"https:\\\/\\\/tuberkuloosi.fi\\\/se\\\/#\\\/schema\\\/logo\\\/image\\\/\"}}]}<\/script>\n<!-- \/ Yoast SEO plugin. -->","yoast_head_json":{"title":"Fr\u00e5gor ang\u00e5ende tuberkulos hos barn och ungdomar - Tuberkulos - tuberkuloosi.fi","robots":{"index":"index","follow":"follow","max-snippet":"max-snippet:-1","max-image-preview":"max-image-preview:large","max-video-preview":"max-video-preview:-1"},"canonical":"https:\/\/tuberkuloosi.fi\/se\/fragor\/fragor-angaende-tuberkulos-hos-barn-och-ungdomar\/","og_locale":"sv_SE","og_type":"article","og_title":"Fr\u00e5gor ang\u00e5ende tuberkulos hos barn och ungdomar - Tuberkulos - tuberkuloosi.fi","og_description":"D\u00e5 du f\u00f6r mark\u00f6ren till fr\u00e5gan och trycker p\u00e5 den v\u00e4nstra musknappen ser du svaret. Hurudana kan symtomen p\u00e5 tuberkulos vara hos sm\u00e5 barn? Hos barn kan tuberkulosbakterien f\u00f6rorsaka sjukdom i lungorna eller p\u00e5 annat h\u00e5ll i kroppen, s\u00e5som i lymfk\u00f6rtlar, i bukomr\u00e5den eller i skelettet. Sjukdomen kan \u00e4ven sprida sig till hela kroppen och ... L\u00e4s merFr\u00e5gor ang\u00e5ende tuberkulos hos barn och ungdomar","og_url":"https:\/\/tuberkuloosi.fi\/se\/fragor\/fragor-angaende-tuberkulos-hos-barn-och-ungdomar\/","og_site_name":"Tuberkulos - tuberkuloosi.fi","article_modified_time":"2025-10-16T12:01:44+00:00","twitter_card":"summary_large_image","twitter_misc":{"Ber\u00e4knad l\u00e4stid":"1 minut"},"schema":{"@context":"https:\/\/schema.org","@graph":[{"@type":"WebPage","@id":"https:\/\/tuberkuloosi.fi\/se\/fragor\/fragor-angaende-tuberkulos-hos-barn-och-ungdomar\/","url":"https:\/\/tuberkuloosi.fi\/se\/fragor\/fragor-angaende-tuberkulos-hos-barn-och-ungdomar\/","name":"Fr\u00e5gor ang\u00e5ende tuberkulos hos barn och ungdomar - Tuberkulos - tuberkuloosi.fi","isPartOf":{"@id":"https:\/\/tuberkuloosi.fi\/se\/#website"},"datePublished":"2017-12-22T13:39:12+00:00","dateModified":"2025-10-16T12:01:44+00:00","breadcrumb":{"@id":"https:\/\/tuberkuloosi.fi\/se\/fragor\/fragor-angaende-tuberkulos-hos-barn-och-ungdomar\/#breadcrumb"},"inLanguage":"sv-SE","potentialAction":[{"@type":"ReadAction","target":["https:\/\/tuberkuloosi.fi\/se\/fragor\/fragor-angaende-tuberkulos-hos-barn-och-ungdomar\/"]}]},{"@type":"BreadcrumbList","@id":"https:\/\/tuberkuloosi.fi\/se\/fragor\/fragor-angaende-tuberkulos-hos-barn-och-ungdomar\/#breadcrumb","itemListElement":[{"@type":"ListItem","position":1,"name":"Etusivu","item":"https:\/\/tuberkuloosi.fi\/se\/"},{"@type":"ListItem","position":2,"name":"Fr\u00e5gor","item":"https:\/\/tuberkuloosi.fi\/se\/fragor\/"},{"@type":"ListItem","position":3,"name":"Fr\u00e5gor ang\u00e5ende tuberkulos hos barn och ungdomar"}]},{"@type":"WebSite","@id":"https:\/\/tuberkuloosi.fi\/se\/#website","url":"https:\/\/tuberkuloosi.fi\/se\/","name":"Tuberkulos - tuberkuloosi.fi","description":"Tuberkulos kan botas \u2013 det klarar vi tillsammans","publisher":{"@id":"https:\/\/tuberkuloosi.fi\/se\/#organization"},"potentialAction":[{"@type":"SearchAction","target":{"@type":"EntryPoint","urlTemplate":"https:\/\/tuberkuloosi.fi\/se\/?s={search_term_string}"},"query-input":{"@type":"PropertyValueSpecification","valueRequired":true,"valueName":"search_term_string"}}],"inLanguage":"sv-SE"},{"@type":"Organization","@id":"https:\/\/tuberkuloosi.fi\/se\/#organization","name":"Tuberkulos - tuberkuloosi.fi","url":"https:\/\/tuberkuloosi.fi\/se\/","logo":{"@type":"ImageObject","inLanguage":"sv-SE","@id":"https:\/\/tuberkuloosi.fi\/se\/#\/schema\/logo\/image\/","url":"https:\/\/tuberkuloosi.fi\/se\/wp-content\/uploads\/sites\/9\/2019\/08\/cropped-tuberkuloosi.fi-logo1.jpg","contentUrl":"https:\/\/tuberkuloosi.fi\/se\/wp-content\/uploads\/sites\/9\/2019\/08\/cropped-tuberkuloosi.fi-logo1.jpg","width":1598,"height":321,"caption":"Tuberkulos - tuberkuloosi.fi"},"image":{"@id":"https:\/\/tuberkuloosi.fi\/se\/#\/schema\/logo\/image\/"}}]}},"_links":{"self":[{"href":"https:\/\/tuberkuloosi.fi\/se\/wp-json\/wp\/v2\/pages\/361","targetHints":{"allow":["GET"]}}],"collection":[{"href":"https:\/\/tuberkuloosi.fi\/se\/wp-json\/wp\/v2\/pages"}],"about":[{"href":"https:\/\/tuberkuloosi.fi\/se\/wp-json\/wp\/v2\/types\/page"}],"author":[{"embeddable":true,"href":"https:\/\/tuberkuloosi.fi\/se\/wp-json\/wp\/v2\/users\/1"}],"replies":[{"embeddable":true,"href":"https:\/\/tuberkuloosi.fi\/se\/wp-json\/wp\/v2\/comments?post=361"}],"version-history":[{"count":4,"href":"https:\/\/tuberkuloosi.fi\/se\/wp-json\/wp\/v2\/pages\/361\/revisions"}],"predecessor-version":[{"id":917,"href":"https:\/\/tuberkuloosi.fi\/se\/wp-json\/wp\/v2\/pages\/361\/revisions\/917"}],"up":[{"embeddable":true,"href":"https:\/\/tuberkuloosi.fi\/se\/wp-json\/wp\/v2\/pages\/103"}],"wp:attachment":[{"href":"https:\/\/tuberkuloosi.fi\/se\/wp-json\/wp\/v2\/media?parent=361"}],"curies":[{"name":"wp","href":"https:\/\/api.w.org\/{rel}","templated":true}]}}