{"id":392,"date":"2018-06-27T10:22:25","date_gmt":"2018-06-27T10:22:25","guid":{"rendered":"http:\/\/tuberkuloosi.fi\/se\/?page_id=392"},"modified":"2023-01-24T11:57:19","modified_gmt":"2023-01-24T11:57:19","slug":"smittsparning","status":"publish","type":"page","link":"https:\/\/tuberkuloosi.fi\/se\/ar-jag-i-fara\/smittsparning\/","title":{"rendered":"Smittsp\u00e5rning \u2013 vad \u00e4r det?"},"content":{"rendered":"<p>Tuberkulos \u00e4r en allm\u00e4nt farlig infektionssjukdom. Det f\u00e5r inte spridas. Lagen om smittsamma sjukdomar f\u00f6reskriver att h\u00e4lsov\u00e5rdsmyndigheterna ska f\u00f6rhindra spridning av tuberkulos bland befolkningen. Detta g\u00f6rs genom smittsp\u00e5rning. Smittsp\u00e5rningen startar p\u00e5 sjukhuset och forts\u00e4tter p\u00e5 v\u00e5rdcentralen. Kommunens och sjukv\u00e5rdsdistriktets infektionsl\u00e4kare f\u00f6ljer resultatet av smittsp\u00e5rningen och ut\u00f6kar vid behov \u00e5tg\u00e4rderna.<\/p>\n<p>Med hj\u00e4lp av smittsp\u00e5rning \u00e4r syftet att hitta andra som har drabbats av sjukdomen, samt de som har blivit smittade och som har nytta av medicinsk behandling som f\u00f6rebygger sjukdomen. Dessutom, n\u00e4r ett barn eller en ung vuxen blir sjuk, s\u00f6ks k\u00e4llan till infektionen.<\/p>\n<h3>Hur g\u00e5r smittsp\u00e5rning till?<\/h3>\n<p>Smittsp\u00e5rning p\u00e5b\u00f6rjas oftast n\u00e4r patienten f\u00e5r diagnosen lungtuberkulos. Smittsp\u00e5rnings\u00e5tg\u00e4rder planeras utifr\u00e5n sjukdomens smittsamhet och situationer.<\/p>\n<p>Smittperioden f\u00f6r sjukdomen beror p\u00e5 hur l\u00e4nge den drabbade har haft luftv\u00e4gssymtom och hur omfattande f\u00f6r\u00e4ndringarna i lungbilden \u00e4r. Smittperioden kan vara fr\u00e5n n\u00e5gra veckor till mer \u00e4n ett \u00e5r. Det brukar vara runt tre m\u00e5nader.<\/p>\n<p>Enligt lagen om smittsamma sjukdomar (22 \u00a7) ska den sjuke meddela namnen p\u00e5 de personer som kan ha varit smittk\u00e4llan eller smittats. Genom att intervjua den sjuke f\u00e5r man reda p\u00e5 namn och kontaktuppgifter p\u00e5 de utsatta. Utsatta personer \u00e4r personer som den sjuke har haft mycket kontakt med under smittperioden.<\/p>\n<ul>\n<li>den sjukes familjemedlemmar och andra som bor i samma hush\u00e5ll som den sjuke<\/li>\n<li>andra personer och grupper s\u00e5som v\u00e4nner, sl\u00e4ktingar och personer i arbete eller studier och i eventuella hobbykretsar<\/li>\n<\/ul>\n<p>Genom att ge namnen hj\u00e4lper den sjuke andra i sin omgivning att h\u00e5lla sig frisk. Den information han l\u00e4mnar \u00e4r konfidentiell. Namnet p\u00e5 den sjuke meddelas inte till de inbjudna till unders\u00f6kningarna.<\/p>\n<p>Det \u00e4r inte n\u00f6dv\u00e4ndigt att unders\u00f6ka alla utsatta personer. Familjemedlemmar utreds alltid. F\u00f6r \u00f6vriga bed\u00f6ms behovet av studier utifr\u00e5n den exponeringstid som intr\u00e4ffat inomhus.<\/p>\n<p>Till unders\u00f6kning inbjudes:<\/p>\n<p>Alltid<\/p>\n<ul>\n<li>Familjemedlemmar och andra som bor i samma hush\u00e5ll som den sjuke. I familjekretsen kan \u00e4ven ing\u00e5 farf\u00f6r\u00e4ldrar eller andra sl\u00e4ktingar som har mycket kontakt med familjen. Barn under 7 \u00e5r kommer att unders\u00f6kas s\u00e5 snart som m\u00f6jligt. Ovaccinerade barn under 5 \u00e5r har st\u00f6rst risk att bli sjuka efter eventuell infektion. De kan ocks\u00e5 bli sjuka av allvarliga former av tuberkulos.<\/li>\n<\/ul>\n<p>F\u00f6r \u00f6vrigt<\/p>\n<ul>\n<li>Vid h\u00f6g smittorisk, de under 7 \u00e5r som varit exponerade i minst 8 timmar utanf\u00f6r familjen och de \u00f6ver 7 \u00e5r som varit exponerade i minst 40 timmar.<\/li>\n<li>Vid l\u00e5g infektionsrisk unders\u00f6ks endast barn under 7 \u00e5r som varit utsatta i minst 40 timmar utifr\u00e5n familjen.<\/li>\n<\/ul>\n<p>Dessutom utreds och utv\u00e4rderas de ingrepp som gjorts under smittperioden p\u00e5 den sjuke, vare sig det var en situation (t.ex. operation) eller ett riskfyllt ingrepp (t.ex. bronkoskopi, \u00e5terupplivning, intubation, inducerad slemprovtagning, respiratorisk slemsugning, obduktion, spirometri och tandv\u00e5rd) som skulle ha utsatt den anst\u00e4llde f\u00f6r infektion.<\/p>\n<h3>Hur vidarebefordras information om de utsatta?<\/h3>\n<p>Namn och kontaktuppgifter p\u00e5 utsatta personer antecknas i sjukhusets smittsp\u00e5rningsformul\u00e4r och de skickas till den l\u00e4kare som ansvarar f\u00f6r smittsamma sjukdomar vid v\u00e5rdcentralen p\u00e5 bostadsorten. De som uts\u00e4tts p\u00e5 arbetsplatsen underr\u00e4ttas p\u00e5 liknande s\u00e4tt som f\u00f6retagsh\u00e4lsov\u00e5rden.<\/p>\n<h3 class=\"sidebartext\"><strong>Var unders\u00f6ks de exponerade och vilka unders\u00f6kningar g\u00f6rs?<\/strong><\/h3>\n<p>Unders\u00f6kningsarrangemangen \u00e4r olika i olika kommuner. I allm\u00e4nhet s\u00e4nder sjukhuset eller h\u00e4lsov\u00e5rdscentralen ett brev till de exponerade och uppmanar dem att reservera mottagnings- eller telefontid vid h\u00e4lsov\u00e5rdscentralen.<\/p>\n<p>F\u00f6r vuxna arrangeras unders\u00f6kningarna i allm\u00e4nhet vid h\u00e4lsov\u00e5rdscentralen. Barn under skol\u00e5ldern och personer, som har en sjukdom eller medicinering, som \u00f6kar risken f\u00f6r insjuknande i tuberkulos, unders\u00f6ks p\u00e5 sjukhus.<\/p>\n<p>En lungr\u00f6ntgenbild (Thx-rtg) tas av alla exponerade, och de f\u00e5r information ang\u00e5ende tuberkulos. Ytterligare unders\u00f6kningar ordnas utan dr\u00f6jsm\u00e5l f\u00f6r personer med symtom.<\/p>\n<p>Personer under 35 \u00e5r testas tv\u00e5 m\u00e5nader efter den sista exponeringen med hj\u00e4lp av blodprov (IGRA, B-TbIFNg), som utvisar om organismen haft kontakt med tuberkulosbakterien. Hos friska tuberkulosexponerade personer betraktas resultatet \u2265 1 IU\/ml som tecken p\u00e5 tuberkulossmitta. Dessa personer kan ges l\u00e4kemedelsv\u00e5rd, som f\u00f6rhindrar insjuknande (v\u00e5rd av LTBI). Med hj\u00e4lp av testet kan man inte f\u00f6rutsp\u00e5 vem som insjuknar i tuberkulos. Evaluering av v\u00e5rdbehov och beslut om v\u00e5rden g\u00f6rs vid sjukhus.<\/p>\n<h3>Varf\u00f6r g\u00f6rs inte IGRA-testet f\u00f6r alla exponerade personer?<\/h3>\n<p>IGRA-testet g\u00f6rs f\u00f6r de som planeras f\u00e5 sjukdomsf\u00f6rebyggande medicinsk behandling. L\u00e4kemedelsbehandling rekommenderas inte f\u00f6r personer \u00f6ver 35 \u00e5r, eftersom risken f\u00f6r leverinfektion relaterad till l\u00e4kemedelsbehandling \u00e4r h\u00f6gre f\u00f6r dem \u00e4n f\u00f6r yngre personer. Behandling ges dock om en person \u00f6ver 35 \u00e5r har annan sjukdom eller medicin som \u00f6kar risken att drabbas av tuberkulos. D\u00e5 \u00e4r den potentiella skadan fr\u00e5n LTBI-behandling acceptabel.<\/p>\n<h3>Varf\u00f6r \u00e4r 1.0 gr\u00e4nsen f\u00f6r IGRA-testet av en frisk exponerad person som leder till behandling av latent tuberkulos, n\u00e4r laboratoriet svarar som ett positivt resultat redan fr\u00e5n en avl\u00e4sning p\u00e5 0.35?<\/h3>\n<p>Ett negativt testresultat (&lt; 0,35) utesluter tillf\u00f6rlitligt infektion hos en frisk exponerad person. Att tolka ett positivt testresultat \u00e4r sv\u00e5rare. Det \u00e4r k\u00e4nt att resultaten n\u00e4ra testtillverkarens gr\u00e4nsv\u00e4rde varierar k\u00e4nsligt av m\u00e5nga anledningar. Falskt positiva resultat \u00e4r allts\u00e5 m\u00f6jliga. I studier har risken att drabbas av tuberkulos visat sig \u00f6ka vid en resultatniv\u00e5 p\u00e5 1,0-4,0. I Finland har en grupp tuberkulosexperter kommit fram till denna rekommendation, f\u00f6r att behandlingen av latent tuberkulosinfektion med st\u00f6rre s\u00e4kerhet skulle riktas mot personer som faktiskt \u00e4r tuberkulossmittade och d\u00e4rmed har nytta av behandlingen. Om en person har en \u00f6kad risk att bli sjuk (immunf\u00f6rsvagande sjukdomar och l\u00e4kemedelsbehandlingar) anses gr\u00e4nsen f\u00f6r ett positivt provsvar vara 0,35.<\/p>\n<h3><strong>Vad \u00e4r LTBI-v\u00e5rd?<\/strong><\/h3>\n<p>Med l\u00e4kemedelsv\u00e5rd av <a href=\"https:\/\/tuberkuloosi.fi\/se\/tuberkulos\/latent-tuberkulosinfektion\/\">latent tuberkulosinfektion<\/a> kan man f\u00f6rhindra utveckling av sjukdomen tuberkulos hos flertalet v\u00e5rdade. Vid v\u00e5rden anv\u00e4nds 1-2 tuberkulosmediciner. V\u00e5rden fortg\u00e5r vanligen 3 m\u00e5nader (tv\u00e5 mediciner) eller 6\u20129 m\u00e5nader (en medicin).<\/p>\n<p>Beslut ang\u00e5ende v\u00e5rd g\u00f6rs efter individuellt \u00f6verv\u00e4gande och diskussion med patienten. V\u00e5rd ges endast, om patienten s\u00e5 \u00f6nskar och f\u00f6rbinder sig vid v\u00e5rden. Beslutet om v\u00e5rd p\u00e5verkas v\u00e4sentligt av \u00f6verv\u00e4ganden ang\u00e5ende individuell risk f\u00f6r biverkningar. V\u00e5rden inleds och uppf\u00f6ljs vid den specialiserade sjukv\u00e5rden och den \u00e4r kostnadsfri f\u00f6r den v\u00e5rdade.<\/p>\n<p class=\"pf0\"><a class=\"cf0\" href=\"https:\/\/www.tays.fi\/fi-FI\/Ohjeet\/Potilasohjeet\/Infektiosairaudet\/Tietoa_piilevasta_eli_latentista_tuberku\" target=\"_blank\" rel=\"noopener\"><span class=\"cf0\">Patientinstruktioner relaterade till smittsp\u00e5rning f\u00f6r behandling av latent tuberkulosinfektion (Tays, \u00e4ven \u00f6vers\u00e4ttningar till olika spr\u00e5k) <\/span><\/a><span class=\"cf1\">(Tays, p\u00e5 finska, \u00e4ven \u00f6vers\u00e4ttningar till andra spr\u00e5k)<\/span><\/p>\n<p class=\"pf0\"><a class=\"cf0\" href=\"https:\/\/www.tays.fi\/fi-FI\/Ohjeet\/Potilasohjeet\/Infektiosairaudet\/Tietoa_piilevan_latentin_tuberkuloosiinf(72141)\" target=\"_blank\" rel=\"noopener\"><span class=\"cf0\">Infektionssp\u00e5rningsrelaterade patientinstruktioner f\u00f6r l\u00e4kemedelsbehandling av latent tuberkulosinfektion <\/span><\/a><span class=\"cf1\">(Tays, p\u00e5 finska, ven \u00f6vers\u00e4ttningar till andra spr\u00e5k)<\/span><\/p>\n<p class=\"pf0\"><span class=\"cf1\">Filhas patientguide <\/span><a class=\"cf1\" href=\"https:\/\/www.filha.fi\/wp-content\/uploads\/2020\/06\/Potilasohje-LTBI-l%C3%A4%C3%A4kehoidon-haittavaikutuksista.pdf\" target=\"_blank\" rel=\"noopener\"><span class=\"cf0\"><span class=\"cf1\">Information om l\u00e4kemedelsbehandling av latent tuberkulosinfektion<\/span> <\/span><\/a>(p\u00e5 finska)<\/p>\n<p><strong>F\u00f6r vem arrangeras uppf\u00f6ljningsr\u00f6ntgen?<\/strong><\/p>\n<p>Endast i f\u00f6ljande situationer tas en ny lungr\u00f6ntgenbild efter ett \u00e5r:<\/p>\n<ul>\n<li>den exponerade \u00e4r \u00f6ver 35 \u00e5r och h\u00f6r till familjekretsen eller har medverkat vid en risk\u00e5tg\u00e4rd (h\u00f6g risk) eller<\/li>\n<li>personen har en latent tuberkulosinfektion, men ingen v\u00e5rd har av en eller annan orsak kunnat ges. Om personen blivit exponerad f\u00f6r l\u00e4kemedelsresistent tuberkulos eller har missbrukarproblem, uppf\u00f6ljs hennes h\u00e4lsa med lungr\u00f6ntgen i tv\u00e5 \u00e5rs tid.<\/li>\n<\/ul>\n<p><strong>Vad kostar unders\u00f6kningarna?<\/strong><\/p>\n<p>I enlighet med lagen klientavgifter inom social- och h\u00e4lsov\u00e5rden \u00e4r alla unders\u00f6kningar och behandlingar som g\u00f6rs p\u00e5 grund av tuberkulosexponering kostnadsfria f\u00f6r den unders\u00f6kte. Den faktiska kostnaden f\u00f6r klinikbes\u00f6k, unders\u00f6kningar och medicinsk behandling \u00e4r cirka 1 400 euro.<\/p>\n<p><strong>Vad b\u00f6r man ytterligare minnas om man blir utsedd att medverka vid smittsp\u00e5rning?<\/strong><\/p>\n<p>Det \u00e4r viktigt, att du minns, att du r\u00e5kat ut f\u00f6r tuberkulosexponering. Ber\u00e4tta detta f\u00f6r yrkesfolk, som i framtiden v\u00e5rdar dig. Det \u00e4r m\u00f6jligt att man insjuknar i tuberkulos f\u00f6rst tiotals \u00e5r efter exponeringen. Kontakta l\u00e4kare f\u00f6r utredning av t\u00e4nkbar tuberkulos, om du f\u00e5r f\u00f6ljande symtom:<\/p>\n<ul>\n<li>l\u00e5ngvarig hosta i mer \u00e4n tre veckor, upphostningar, slemmighet<\/li>\n<li>of\u00f6rklarlig feber eller l\u00e4tt f\u00f6rh\u00f6jd kroppstemperatur<\/li>\n<li>aptitl\u00f6shet och oavsiktlig viktminskning<\/li>\n<li>osedvanlig tr\u00f6tthet<\/li>\n<li>osedvanlig nattlig svettning<\/li>\n<\/ul>\n<p><a href=\"https:\/\/tuberkuloosi.fi\/se\/wp-content\/uploads\/sites\/9\/2023\/01\/Smittsparning-vad-ar-det.pdf\" target=\"_blank\" rel=\"noopener\">Smittsp\u00e5rning &#8211; vad \u00e4r det <\/a>(Sidans text som en utskrivbar pdf-fil)<\/p>\n<p><a title=\"Tartunnanj\u00e4ljitys - mit\u00e4 se tarkoittaa?\" href=\"https:\/\/tuberkuloosi.fi\/wp-content\/uploads\/2021\/05\/Tartunnanjaljitys-mita-se-tarkoittaa.pdf\" target=\"_blank\" rel=\"noopener noreferrer\">Tartunnanj\u00e4ljitys \u2013 mit\u00e4 se tarkoittaa? (pdf)<\/a><\/p>\n<h3>F\u00f6rkortad version p\u00e5 andra spr\u00e5k<\/h3>\n<p><a href=\"https:\/\/tuberkuloosi.fi\/wp-content\/uploads\/2019\/10\/Tartunnanj%C3%A4ljitys-mit%C3%A4-se-tarkoittaa_EN.pdf\" target=\"_blank\" rel=\"noopener noreferrer\">Contact tracing \u2013 what does it mean? (engelska)<\/a><\/p>\n<p><a href=\"https:\/\/tuberkuloosi.fi\/wp-content\/uploads\/2015\/01\/Tartunnanj%C3%A4ljitys-mit%C3%A4-se-tarkoittaa_AR.pdf\" target=\"_blank\" rel=\"noopener\">\u0645\u0627 \u0645\u0639\u0646\u0649 \u0627\u0642\u0652\u062a\u0650\u0641\u0627\u0621 \u064f \u0627\u0644\u0645\u064f\u062e\u0627\u0644\u0650\u0637\u064a\u0646\u061f (arabiska)<\/a><\/p>\n<p><a href=\"https:\/\/tuberkuloosi.fi\/wp-content\/uploads\/2015\/01\/Tartunnanj%C3%A4ljitys-mit%C3%A4-se-tarkoittaa_SO.pdf\" target=\"_blank\" rel=\"noopener\">Raad-raaca xariirka -maxaa loola jeeda? (somaliska)<\/a><\/p>\n<p><a href=\"https:\/\/tuberkuloosi.fi\/wp-content\/uploads\/2015\/01\/Tartunnanj%C3%A4ljitys-mit%C3%A4-se-tarkoittaa_ET.pdf\" target=\"_blank\" rel=\"noopener\">Mida t\u00e4hendab kontaktsete v\u00e4ljaselgitamine? (estniska)<\/a><\/p>\n<p><a href=\"https:\/\/tuberkuloosi.fi\/wp-content\/uploads\/2015\/01\/Tartunnanj%C3%A4ljitys-mit%C3%A4-se-tarkoittaa_RU.pdf\" target=\"_blank\" rel=\"noopener\">\u041e\u0442\u0441\u043b\u0435\u0436\u0438\u0432\u0430\u043d\u0438\u0435 \u043a\u043e\u043d\u0442\u0430\u043a\u0442\u043e\u0432 \u2013 \u0447\u0442\u043e \u044d\u0442\u043e \u0437\u043d\u0430\u0447\u0438\u0442? (ryska)<\/a><\/p>\n","protected":false},"excerpt":{"rendered":"<p>Tuberkulos \u00e4r en allm\u00e4nt farlig infektionssjukdom. Det f\u00e5r inte spridas. Lagen om smittsamma sjukdomar f\u00f6reskriver att h\u00e4lsov\u00e5rdsmyndigheterna ska f\u00f6rhindra spridning av tuberkulos bland befolkningen. Detta g\u00f6rs genom smittsp\u00e5rning. Smittsp\u00e5rningen startar p\u00e5 sjukhuset och forts\u00e4tter p\u00e5 v\u00e5rdcentralen. Kommunens och sjukv\u00e5rdsdistriktets infektionsl\u00e4kare f\u00f6ljer resultatet av smittsp\u00e5rningen och ut\u00f6kar vid behov \u00e5tg\u00e4rderna. Med hj\u00e4lp av smittsp\u00e5rning \u00e4r syftet &#8230; <a title=\"Smittsp\u00e5rning \u2013 vad \u00e4r det?\" class=\"read-more\" href=\"https:\/\/tuberkuloosi.fi\/se\/ar-jag-i-fara\/smittsparning\/\">L\u00e4s mer<span class=\"screen-reader-text\">Smittsp\u00e5rning \u2013 vad \u00e4r det?<\/span><\/a><\/p>\n","protected":false},"author":1,"featured_media":0,"parent":159,"menu_order":0,"comment_status":"closed","ping_status":"open","template":"","meta":{"footnotes":""},"class_list":["post-392","page","type-page","status-publish"],"yoast_head":"<!-- This site is optimized with the Yoast SEO plugin v27.5 - https:\/\/yoast.com\/product\/yoast-seo-wordpress\/ -->\n<title>Smittsp\u00e5rning \u2013 vad \u00e4r det? - Tuberkulos - tuberkuloosi.fi<\/title>\n<meta name=\"description\" content=\"Med hj\u00e4lp av smittsp\u00e5rning \u00e4r syftet att hitta andra som har drabbats av sjukdomen, samt de som har blivit smittade\" \/>\n<meta name=\"robots\" content=\"index, follow, max-snippet:-1, max-image-preview:large, max-video-preview:-1\" \/>\n<link rel=\"canonical\" href=\"https:\/\/tuberkuloosi.fi\/se\/ar-jag-i-fara\/smittsparning\/\" \/>\n<meta property=\"og:locale\" content=\"sv_SE\" \/>\n<meta property=\"og:type\" content=\"article\" \/>\n<meta property=\"og:title\" content=\"Smittsp\u00e5rning \u2013 vad \u00e4r det? - Tuberkulos - tuberkuloosi.fi\" \/>\n<meta property=\"og:description\" content=\"Med hj\u00e4lp av smittsp\u00e5rning \u00e4r syftet att hitta andra som har drabbats av sjukdomen, samt de som har blivit smittade\" \/>\n<meta property=\"og:url\" content=\"https:\/\/tuberkuloosi.fi\/se\/ar-jag-i-fara\/smittsparning\/\" \/>\n<meta property=\"og:site_name\" content=\"Tuberkulos - tuberkuloosi.fi\" \/>\n<meta property=\"article:modified_time\" content=\"2023-01-24T11:57:19+00:00\" \/>\n<meta name=\"twitter:card\" content=\"summary_large_image\" \/>\n<meta name=\"twitter:label1\" content=\"Ber\u00e4knad l\u00e4stid\" \/>\n\t<meta name=\"twitter:data1\" content=\"7 minuter\" \/>\n<script type=\"application\/ld+json\" class=\"yoast-schema-graph\">{\"@context\":\"https:\\\/\\\/schema.org\",\"@graph\":[{\"@type\":\"WebPage\",\"@id\":\"https:\\\/\\\/tuberkuloosi.fi\\\/se\\\/ar-jag-i-fara\\\/smittsparning\\\/\",\"url\":\"https:\\\/\\\/tuberkuloosi.fi\\\/se\\\/ar-jag-i-fara\\\/smittsparning\\\/\",\"name\":\"Smittsp\u00e5rning \u2013 vad \u00e4r det? - Tuberkulos - tuberkuloosi.fi\",\"isPartOf\":{\"@id\":\"https:\\\/\\\/tuberkuloosi.fi\\\/se\\\/#website\"},\"datePublished\":\"2018-06-27T10:22:25+00:00\",\"dateModified\":\"2023-01-24T11:57:19+00:00\",\"description\":\"Med hj\u00e4lp av smittsp\u00e5rning \u00e4r syftet att hitta andra som har drabbats av sjukdomen, samt de som har blivit smittade\",\"breadcrumb\":{\"@id\":\"https:\\\/\\\/tuberkuloosi.fi\\\/se\\\/ar-jag-i-fara\\\/smittsparning\\\/#breadcrumb\"},\"inLanguage\":\"sv-SE\",\"potentialAction\":[{\"@type\":\"ReadAction\",\"target\":[\"https:\\\/\\\/tuberkuloosi.fi\\\/se\\\/ar-jag-i-fara\\\/smittsparning\\\/\"]}]},{\"@type\":\"BreadcrumbList\",\"@id\":\"https:\\\/\\\/tuberkuloosi.fi\\\/se\\\/ar-jag-i-fara\\\/smittsparning\\\/#breadcrumb\",\"itemListElement\":[{\"@type\":\"ListItem\",\"position\":1,\"name\":\"Etusivu\",\"item\":\"https:\\\/\\\/tuberkuloosi.fi\\\/se\\\/\"},{\"@type\":\"ListItem\",\"position\":2,\"name\":\"\u00c4r jag i fara?\",\"item\":\"https:\\\/\\\/tuberkuloosi.fi\\\/se\\\/ar-jag-i-fara\\\/\"},{\"@type\":\"ListItem\",\"position\":3,\"name\":\"Smittsp\u00e5rning \u2013 vad \u00e4r det?\"}]},{\"@type\":\"WebSite\",\"@id\":\"https:\\\/\\\/tuberkuloosi.fi\\\/se\\\/#website\",\"url\":\"https:\\\/\\\/tuberkuloosi.fi\\\/se\\\/\",\"name\":\"Tuberkulos - tuberkuloosi.fi\",\"description\":\"Tuberkulos kan botas \u2013 det klarar vi tillsammans\",\"publisher\":{\"@id\":\"https:\\\/\\\/tuberkuloosi.fi\\\/se\\\/#organization\"},\"potentialAction\":[{\"@type\":\"SearchAction\",\"target\":{\"@type\":\"EntryPoint\",\"urlTemplate\":\"https:\\\/\\\/tuberkuloosi.fi\\\/se\\\/?s={search_term_string}\"},\"query-input\":{\"@type\":\"PropertyValueSpecification\",\"valueRequired\":true,\"valueName\":\"search_term_string\"}}],\"inLanguage\":\"sv-SE\"},{\"@type\":\"Organization\",\"@id\":\"https:\\\/\\\/tuberkuloosi.fi\\\/se\\\/#organization\",\"name\":\"Tuberkulos - tuberkuloosi.fi\",\"url\":\"https:\\\/\\\/tuberkuloosi.fi\\\/se\\\/\",\"logo\":{\"@type\":\"ImageObject\",\"inLanguage\":\"sv-SE\",\"@id\":\"https:\\\/\\\/tuberkuloosi.fi\\\/se\\\/#\\\/schema\\\/logo\\\/image\\\/\",\"url\":\"https:\\\/\\\/tuberkuloosi.fi\\\/se\\\/wp-content\\\/uploads\\\/sites\\\/9\\\/2019\\\/08\\\/cropped-tuberkuloosi.fi-logo1.jpg\",\"contentUrl\":\"https:\\\/\\\/tuberkuloosi.fi\\\/se\\\/wp-content\\\/uploads\\\/sites\\\/9\\\/2019\\\/08\\\/cropped-tuberkuloosi.fi-logo1.jpg\",\"width\":1598,\"height\":321,\"caption\":\"Tuberkulos - tuberkuloosi.fi\"},\"image\":{\"@id\":\"https:\\\/\\\/tuberkuloosi.fi\\\/se\\\/#\\\/schema\\\/logo\\\/image\\\/\"}}]}<\/script>\n<!-- \/ Yoast SEO plugin. -->","yoast_head_json":{"title":"Smittsp\u00e5rning \u2013 vad \u00e4r det? - Tuberkulos - tuberkuloosi.fi","description":"Med hj\u00e4lp av smittsp\u00e5rning \u00e4r syftet att hitta andra som har drabbats av sjukdomen, samt de som har blivit smittade","robots":{"index":"index","follow":"follow","max-snippet":"max-snippet:-1","max-image-preview":"max-image-preview:large","max-video-preview":"max-video-preview:-1"},"canonical":"https:\/\/tuberkuloosi.fi\/se\/ar-jag-i-fara\/smittsparning\/","og_locale":"sv_SE","og_type":"article","og_title":"Smittsp\u00e5rning \u2013 vad \u00e4r det? - Tuberkulos - tuberkuloosi.fi","og_description":"Med hj\u00e4lp av smittsp\u00e5rning \u00e4r syftet att hitta andra som har drabbats av sjukdomen, samt de som har blivit smittade","og_url":"https:\/\/tuberkuloosi.fi\/se\/ar-jag-i-fara\/smittsparning\/","og_site_name":"Tuberkulos - tuberkuloosi.fi","article_modified_time":"2023-01-24T11:57:19+00:00","twitter_card":"summary_large_image","twitter_misc":{"Ber\u00e4knad l\u00e4stid":"7 minuter"},"schema":{"@context":"https:\/\/schema.org","@graph":[{"@type":"WebPage","@id":"https:\/\/tuberkuloosi.fi\/se\/ar-jag-i-fara\/smittsparning\/","url":"https:\/\/tuberkuloosi.fi\/se\/ar-jag-i-fara\/smittsparning\/","name":"Smittsp\u00e5rning \u2013 vad \u00e4r det? - Tuberkulos - tuberkuloosi.fi","isPartOf":{"@id":"https:\/\/tuberkuloosi.fi\/se\/#website"},"datePublished":"2018-06-27T10:22:25+00:00","dateModified":"2023-01-24T11:57:19+00:00","description":"Med hj\u00e4lp av smittsp\u00e5rning \u00e4r syftet att hitta andra som har drabbats av sjukdomen, samt de som har blivit smittade","breadcrumb":{"@id":"https:\/\/tuberkuloosi.fi\/se\/ar-jag-i-fara\/smittsparning\/#breadcrumb"},"inLanguage":"sv-SE","potentialAction":[{"@type":"ReadAction","target":["https:\/\/tuberkuloosi.fi\/se\/ar-jag-i-fara\/smittsparning\/"]}]},{"@type":"BreadcrumbList","@id":"https:\/\/tuberkuloosi.fi\/se\/ar-jag-i-fara\/smittsparning\/#breadcrumb","itemListElement":[{"@type":"ListItem","position":1,"name":"Etusivu","item":"https:\/\/tuberkuloosi.fi\/se\/"},{"@type":"ListItem","position":2,"name":"\u00c4r jag i fara?","item":"https:\/\/tuberkuloosi.fi\/se\/ar-jag-i-fara\/"},{"@type":"ListItem","position":3,"name":"Smittsp\u00e5rning \u2013 vad \u00e4r det?"}]},{"@type":"WebSite","@id":"https:\/\/tuberkuloosi.fi\/se\/#website","url":"https:\/\/tuberkuloosi.fi\/se\/","name":"Tuberkulos - tuberkuloosi.fi","description":"Tuberkulos kan botas \u2013 det klarar vi tillsammans","publisher":{"@id":"https:\/\/tuberkuloosi.fi\/se\/#organization"},"potentialAction":[{"@type":"SearchAction","target":{"@type":"EntryPoint","urlTemplate":"https:\/\/tuberkuloosi.fi\/se\/?s={search_term_string}"},"query-input":{"@type":"PropertyValueSpecification","valueRequired":true,"valueName":"search_term_string"}}],"inLanguage":"sv-SE"},{"@type":"Organization","@id":"https:\/\/tuberkuloosi.fi\/se\/#organization","name":"Tuberkulos - tuberkuloosi.fi","url":"https:\/\/tuberkuloosi.fi\/se\/","logo":{"@type":"ImageObject","inLanguage":"sv-SE","@id":"https:\/\/tuberkuloosi.fi\/se\/#\/schema\/logo\/image\/","url":"https:\/\/tuberkuloosi.fi\/se\/wp-content\/uploads\/sites\/9\/2019\/08\/cropped-tuberkuloosi.fi-logo1.jpg","contentUrl":"https:\/\/tuberkuloosi.fi\/se\/wp-content\/uploads\/sites\/9\/2019\/08\/cropped-tuberkuloosi.fi-logo1.jpg","width":1598,"height":321,"caption":"Tuberkulos - tuberkuloosi.fi"},"image":{"@id":"https:\/\/tuberkuloosi.fi\/se\/#\/schema\/logo\/image\/"}}]}},"_links":{"self":[{"href":"https:\/\/tuberkuloosi.fi\/se\/wp-json\/wp\/v2\/pages\/392","targetHints":{"allow":["GET"]}}],"collection":[{"href":"https:\/\/tuberkuloosi.fi\/se\/wp-json\/wp\/v2\/pages"}],"about":[{"href":"https:\/\/tuberkuloosi.fi\/se\/wp-json\/wp\/v2\/types\/page"}],"author":[{"embeddable":true,"href":"https:\/\/tuberkuloosi.fi\/se\/wp-json\/wp\/v2\/users\/1"}],"replies":[{"embeddable":true,"href":"https:\/\/tuberkuloosi.fi\/se\/wp-json\/wp\/v2\/comments?post=392"}],"version-history":[{"count":14,"href":"https:\/\/tuberkuloosi.fi\/se\/wp-json\/wp\/v2\/pages\/392\/revisions"}],"predecessor-version":[{"id":766,"href":"https:\/\/tuberkuloosi.fi\/se\/wp-json\/wp\/v2\/pages\/392\/revisions\/766"}],"up":[{"embeddable":true,"href":"https:\/\/tuberkuloosi.fi\/se\/wp-json\/wp\/v2\/pages\/159"}],"wp:attachment":[{"href":"https:\/\/tuberkuloosi.fi\/se\/wp-json\/wp\/v2\/media?parent=392"}],"curies":[{"name":"wp","href":"https:\/\/api.w.org\/{rel}","templated":true}]}}