{"id":41,"date":"2016-11-19T23:46:44","date_gmt":"2016-11-19T23:46:44","guid":{"rendered":"http:\/\/tuberkuloosi.fi\/se\/?page_id=41"},"modified":"2023-01-04T12:24:41","modified_gmt":"2023-01-04T12:24:41","slug":"symtom-pa-tuberkulos","status":"publish","type":"page","link":"https:\/\/tuberkuloosi.fi\/se\/tuberkulos\/symtom-pa-tuberkulos\/","title":{"rendered":"Symtom p\u00e5 tuberkulos"},"content":{"rendered":"<p><img fetchpriority=\"high\" decoding=\"async\" class=\"alignright size-full wp-image-127\" src=\"http:\/\/tuberkuloosi.fi\/wp-content\/uploads\/2014\/03\/somali.jpg\" alt=\"symtom p\u00e5 tuberkulos\" width=\"264\" height=\"504\" \/><\/p>\n<blockquote><p>Symtomen p\u00e5 tuberkulos varierar.<\/p><\/blockquote>\n<p>De mest typiska symtomen p\u00e5 tuberkulos \u00e4r hosta i mer \u00e4n tre veckor och upphostningar (sputum, slem ur lungorna). Den sjuke kan ha feber, g\u00e5 ner i vikt och svettas kraftigt p\u00e5 natten. Hans eller hennes allm\u00e4ntillst\u00e5nd och aptit kan f\u00f6rs\u00e4mras. \u00c4ven andra symtom kan f\u00f6rekomma allt efter vilken del av kroppen som angripits.<\/p>\n<p>Symtomen framtr\u00e4der vanligen l\u00e5ngsamt. Till en b\u00f6rjan \u00e4r de ofta begr\u00e4nsade och vaga. Symtomen kan \u00e4ven utebli. Hos sm\u00e5 barn kan dock en allvarlig sjukdom utvecklas snabbt.<\/p>\n<p>Dessa symtom \u00e4r vanliga tecken \u00e4ven p\u00e5 andra sjukdomar. Med hj\u00e4lp av <a href=\"https:\/\/tuberkuloosi.fi\/se\/tuberkulos\/utredning\/\">unders\u00f6kningar<\/a> kan man avg\u00f6ra, om det r\u00f6r sig om tuberkulos. En person med ett eller flera av dessa symtom b\u00f6r upps\u00f6ka l\u00e4kare.<\/p>\n[qa cat=&#8221;oireet&#8221;]\n<p><a href=\"http:\/\/tuberkuloosi.fi\/wp-content\/uploads\/2014\/03\/oireet.png\"><img decoding=\"async\" class=\"alignnone size-full wp-image-254 lazyload\" data-src=\"http:\/\/tuberkuloosi.fi\/wp-content\/uploads\/2014\/03\/oireet.png\" alt=\"oireet\" width=\"749\" height=\"680\" src=\"data:image\/svg+xml;base64,PHN2ZyB3aWR0aD0iMSIgaGVpZ2h0PSIxIiB4bWxucz0iaHR0cDovL3d3dy53My5vcmcvMjAwMC9zdmciPjwvc3ZnPg==\" style=\"--smush-placeholder-width: 749px; --smush-placeholder-aspect-ratio: 749\/680;\" \/><\/a><\/p>\n","protected":false},"excerpt":{"rendered":"<p>Symtomen p\u00e5 tuberkulos varierar. De mest typiska symtomen p\u00e5 tuberkulos \u00e4r hosta i mer \u00e4n tre veckor och upphostningar (sputum, slem ur lungorna). Den sjuke kan ha feber, g\u00e5 ner i vikt och svettas kraftigt p\u00e5 natten. Hans eller hennes allm\u00e4ntillst\u00e5nd och aptit kan f\u00f6rs\u00e4mras. \u00c4ven andra symtom kan f\u00f6rekomma allt efter vilken del av &#8230; <a title=\"Symtom p\u00e5 tuberkulos\" class=\"read-more\" href=\"https:\/\/tuberkuloosi.fi\/se\/tuberkulos\/symtom-pa-tuberkulos\/\">L\u00e4s mer<span class=\"screen-reader-text\">Symtom p\u00e5 tuberkulos<\/span><\/a><\/p>\n","protected":false},"author":1,"featured_media":0,"parent":5,"menu_order":10,"comment_status":"closed","ping_status":"open","template":"","meta":{"footnotes":""},"class_list":["post-41","page","type-page","status-publish"],"yoast_head":"<!-- This site is optimized with the Yoast SEO plugin v27.4 - https:\/\/yoast.com\/product\/yoast-seo-wordpress\/ -->\n<title>Symtom p\u00e5 tuberkulos - Tuberkulos - tuberkuloosi.fi<\/title>\n<meta name=\"description\" content=\"De mest typiska symtomen p\u00e5 tuberkulos \u00e4r hosta i mer \u00e4n tre veckor och upphostningar (sputum, slem ur lungorna).\" \/>\n<meta name=\"robots\" content=\"index, follow, max-snippet:-1, max-image-preview:large, max-video-preview:-1\" \/>\n<link rel=\"canonical\" href=\"https:\/\/tuberkuloosi.fi\/se\/tuberkulos\/symtom-pa-tuberkulos\/\" \/>\n<meta property=\"og:locale\" content=\"sv_SE\" \/>\n<meta property=\"og:type\" content=\"article\" \/>\n<meta property=\"og:title\" content=\"Symtom p\u00e5 tuberkulos - Tuberkulos - tuberkuloosi.fi\" \/>\n<meta property=\"og:description\" content=\"De mest typiska symtomen p\u00e5 tuberkulos \u00e4r hosta i mer \u00e4n tre veckor och upphostningar (sputum, slem ur lungorna).\" \/>\n<meta property=\"og:url\" content=\"https:\/\/tuberkuloosi.fi\/se\/tuberkulos\/symtom-pa-tuberkulos\/\" \/>\n<meta property=\"og:site_name\" content=\"Tuberkulos - tuberkuloosi.fi\" \/>\n<meta property=\"article:modified_time\" content=\"2023-01-04T12:24:41+00:00\" \/>\n<meta property=\"og:image\" content=\"http:\/\/tuberkuloosi.fi\/wp-content\/uploads\/2014\/03\/somali.jpg\" \/>\n<meta name=\"twitter:card\" content=\"summary_large_image\" \/>\n<meta name=\"twitter:label1\" content=\"Ber\u00e4knad l\u00e4stid\" \/>\n\t<meta name=\"twitter:data1\" content=\"1 minut\" \/>\n<script type=\"application\/ld+json\" class=\"yoast-schema-graph\">{\"@context\":\"https:\\\/\\\/schema.org\",\"@graph\":[{\"@type\":\"WebPage\",\"@id\":\"https:\\\/\\\/tuberkuloosi.fi\\\/se\\\/tuberkulos\\\/symtom-pa-tuberkulos\\\/\",\"url\":\"https:\\\/\\\/tuberkuloosi.fi\\\/se\\\/tuberkulos\\\/symtom-pa-tuberkulos\\\/\",\"name\":\"Symtom p\u00e5 tuberkulos - Tuberkulos - tuberkuloosi.fi\",\"isPartOf\":{\"@id\":\"https:\\\/\\\/tuberkuloosi.fi\\\/se\\\/#website\"},\"primaryImageOfPage\":{\"@id\":\"https:\\\/\\\/tuberkuloosi.fi\\\/se\\\/tuberkulos\\\/symtom-pa-tuberkulos\\\/#primaryimage\"},\"image\":{\"@id\":\"https:\\\/\\\/tuberkuloosi.fi\\\/se\\\/tuberkulos\\\/symtom-pa-tuberkulos\\\/#primaryimage\"},\"thumbnailUrl\":\"http:\\\/\\\/tuberkuloosi.fi\\\/wp-content\\\/uploads\\\/2014\\\/03\\\/somali.jpg\",\"datePublished\":\"2016-11-19T23:46:44+00:00\",\"dateModified\":\"2023-01-04T12:24:41+00:00\",\"description\":\"De mest typiska symtomen p\u00e5 tuberkulos \u00e4r hosta i mer \u00e4n tre veckor och upphostningar (sputum, slem ur lungorna).\",\"breadcrumb\":{\"@id\":\"https:\\\/\\\/tuberkuloosi.fi\\\/se\\\/tuberkulos\\\/symtom-pa-tuberkulos\\\/#breadcrumb\"},\"inLanguage\":\"sv-SE\",\"potentialAction\":[{\"@type\":\"ReadAction\",\"target\":[\"https:\\\/\\\/tuberkuloosi.fi\\\/se\\\/tuberkulos\\\/symtom-pa-tuberkulos\\\/\"]}]},{\"@type\":\"ImageObject\",\"inLanguage\":\"sv-SE\",\"@id\":\"https:\\\/\\\/tuberkuloosi.fi\\\/se\\\/tuberkulos\\\/symtom-pa-tuberkulos\\\/#primaryimage\",\"url\":\"http:\\\/\\\/tuberkuloosi.fi\\\/wp-content\\\/uploads\\\/2014\\\/03\\\/somali.jpg\",\"contentUrl\":\"http:\\\/\\\/tuberkuloosi.fi\\\/wp-content\\\/uploads\\\/2014\\\/03\\\/somali.jpg\"},{\"@type\":\"BreadcrumbList\",\"@id\":\"https:\\\/\\\/tuberkuloosi.fi\\\/se\\\/tuberkulos\\\/symtom-pa-tuberkulos\\\/#breadcrumb\",\"itemListElement\":[{\"@type\":\"ListItem\",\"position\":1,\"name\":\"Etusivu\",\"item\":\"https:\\\/\\\/tuberkuloosi.fi\\\/se\\\/\"},{\"@type\":\"ListItem\",\"position\":2,\"name\":\"Tuberkulos\",\"item\":\"https:\\\/\\\/tuberkuloosi.fi\\\/se\\\/tuberkulos\\\/\"},{\"@type\":\"ListItem\",\"position\":3,\"name\":\"Symtom p\u00e5 tuberkulos\"}]},{\"@type\":\"WebSite\",\"@id\":\"https:\\\/\\\/tuberkuloosi.fi\\\/se\\\/#website\",\"url\":\"https:\\\/\\\/tuberkuloosi.fi\\\/se\\\/\",\"name\":\"Tuberkulos - tuberkuloosi.fi\",\"description\":\"Tuberkulos kan botas \u2013 det klarar vi tillsammans\",\"publisher\":{\"@id\":\"https:\\\/\\\/tuberkuloosi.fi\\\/se\\\/#organization\"},\"potentialAction\":[{\"@type\":\"SearchAction\",\"target\":{\"@type\":\"EntryPoint\",\"urlTemplate\":\"https:\\\/\\\/tuberkuloosi.fi\\\/se\\\/?s={search_term_string}\"},\"query-input\":{\"@type\":\"PropertyValueSpecification\",\"valueRequired\":true,\"valueName\":\"search_term_string\"}}],\"inLanguage\":\"sv-SE\"},{\"@type\":\"Organization\",\"@id\":\"https:\\\/\\\/tuberkuloosi.fi\\\/se\\\/#organization\",\"name\":\"Tuberkulos - tuberkuloosi.fi\",\"url\":\"https:\\\/\\\/tuberkuloosi.fi\\\/se\\\/\",\"logo\":{\"@type\":\"ImageObject\",\"inLanguage\":\"sv-SE\",\"@id\":\"https:\\\/\\\/tuberkuloosi.fi\\\/se\\\/#\\\/schema\\\/logo\\\/image\\\/\",\"url\":\"https:\\\/\\\/tuberkuloosi.fi\\\/se\\\/wp-content\\\/uploads\\\/sites\\\/9\\\/2019\\\/08\\\/cropped-tuberkuloosi.fi-logo1.jpg\",\"contentUrl\":\"https:\\\/\\\/tuberkuloosi.fi\\\/se\\\/wp-content\\\/uploads\\\/sites\\\/9\\\/2019\\\/08\\\/cropped-tuberkuloosi.fi-logo1.jpg\",\"width\":1598,\"height\":321,\"caption\":\"Tuberkulos - tuberkuloosi.fi\"},\"image\":{\"@id\":\"https:\\\/\\\/tuberkuloosi.fi\\\/se\\\/#\\\/schema\\\/logo\\\/image\\\/\"}}]}<\/script>\n<!-- \/ Yoast SEO plugin. -->","yoast_head_json":{"title":"Symtom p\u00e5 tuberkulos - Tuberkulos - tuberkuloosi.fi","description":"De mest typiska symtomen p\u00e5 tuberkulos \u00e4r hosta i mer \u00e4n tre veckor och upphostningar (sputum, slem ur lungorna).","robots":{"index":"index","follow":"follow","max-snippet":"max-snippet:-1","max-image-preview":"max-image-preview:large","max-video-preview":"max-video-preview:-1"},"canonical":"https:\/\/tuberkuloosi.fi\/se\/tuberkulos\/symtom-pa-tuberkulos\/","og_locale":"sv_SE","og_type":"article","og_title":"Symtom p\u00e5 tuberkulos - Tuberkulos - tuberkuloosi.fi","og_description":"De mest typiska symtomen p\u00e5 tuberkulos \u00e4r hosta i mer \u00e4n tre veckor och upphostningar (sputum, slem ur lungorna).","og_url":"https:\/\/tuberkuloosi.fi\/se\/tuberkulos\/symtom-pa-tuberkulos\/","og_site_name":"Tuberkulos - tuberkuloosi.fi","article_modified_time":"2023-01-04T12:24:41+00:00","og_image":[{"url":"http:\/\/tuberkuloosi.fi\/wp-content\/uploads\/2014\/03\/somali.jpg","type":"","width":"","height":""}],"twitter_card":"summary_large_image","twitter_misc":{"Ber\u00e4knad l\u00e4stid":"1 minut"},"schema":{"@context":"https:\/\/schema.org","@graph":[{"@type":"WebPage","@id":"https:\/\/tuberkuloosi.fi\/se\/tuberkulos\/symtom-pa-tuberkulos\/","url":"https:\/\/tuberkuloosi.fi\/se\/tuberkulos\/symtom-pa-tuberkulos\/","name":"Symtom p\u00e5 tuberkulos - Tuberkulos - tuberkuloosi.fi","isPartOf":{"@id":"https:\/\/tuberkuloosi.fi\/se\/#website"},"primaryImageOfPage":{"@id":"https:\/\/tuberkuloosi.fi\/se\/tuberkulos\/symtom-pa-tuberkulos\/#primaryimage"},"image":{"@id":"https:\/\/tuberkuloosi.fi\/se\/tuberkulos\/symtom-pa-tuberkulos\/#primaryimage"},"thumbnailUrl":"http:\/\/tuberkuloosi.fi\/wp-content\/uploads\/2014\/03\/somali.jpg","datePublished":"2016-11-19T23:46:44+00:00","dateModified":"2023-01-04T12:24:41+00:00","description":"De mest typiska symtomen p\u00e5 tuberkulos \u00e4r hosta i mer \u00e4n tre veckor och upphostningar (sputum, slem ur lungorna).","breadcrumb":{"@id":"https:\/\/tuberkuloosi.fi\/se\/tuberkulos\/symtom-pa-tuberkulos\/#breadcrumb"},"inLanguage":"sv-SE","potentialAction":[{"@type":"ReadAction","target":["https:\/\/tuberkuloosi.fi\/se\/tuberkulos\/symtom-pa-tuberkulos\/"]}]},{"@type":"ImageObject","inLanguage":"sv-SE","@id":"https:\/\/tuberkuloosi.fi\/se\/tuberkulos\/symtom-pa-tuberkulos\/#primaryimage","url":"http:\/\/tuberkuloosi.fi\/wp-content\/uploads\/2014\/03\/somali.jpg","contentUrl":"http:\/\/tuberkuloosi.fi\/wp-content\/uploads\/2014\/03\/somali.jpg"},{"@type":"BreadcrumbList","@id":"https:\/\/tuberkuloosi.fi\/se\/tuberkulos\/symtom-pa-tuberkulos\/#breadcrumb","itemListElement":[{"@type":"ListItem","position":1,"name":"Etusivu","item":"https:\/\/tuberkuloosi.fi\/se\/"},{"@type":"ListItem","position":2,"name":"Tuberkulos","item":"https:\/\/tuberkuloosi.fi\/se\/tuberkulos\/"},{"@type":"ListItem","position":3,"name":"Symtom p\u00e5 tuberkulos"}]},{"@type":"WebSite","@id":"https:\/\/tuberkuloosi.fi\/se\/#website","url":"https:\/\/tuberkuloosi.fi\/se\/","name":"Tuberkulos - tuberkuloosi.fi","description":"Tuberkulos kan botas \u2013 det klarar vi tillsammans","publisher":{"@id":"https:\/\/tuberkuloosi.fi\/se\/#organization"},"potentialAction":[{"@type":"SearchAction","target":{"@type":"EntryPoint","urlTemplate":"https:\/\/tuberkuloosi.fi\/se\/?s={search_term_string}"},"query-input":{"@type":"PropertyValueSpecification","valueRequired":true,"valueName":"search_term_string"}}],"inLanguage":"sv-SE"},{"@type":"Organization","@id":"https:\/\/tuberkuloosi.fi\/se\/#organization","name":"Tuberkulos - tuberkuloosi.fi","url":"https:\/\/tuberkuloosi.fi\/se\/","logo":{"@type":"ImageObject","inLanguage":"sv-SE","@id":"https:\/\/tuberkuloosi.fi\/se\/#\/schema\/logo\/image\/","url":"https:\/\/tuberkuloosi.fi\/se\/wp-content\/uploads\/sites\/9\/2019\/08\/cropped-tuberkuloosi.fi-logo1.jpg","contentUrl":"https:\/\/tuberkuloosi.fi\/se\/wp-content\/uploads\/sites\/9\/2019\/08\/cropped-tuberkuloosi.fi-logo1.jpg","width":1598,"height":321,"caption":"Tuberkulos - tuberkuloosi.fi"},"image":{"@id":"https:\/\/tuberkuloosi.fi\/se\/#\/schema\/logo\/image\/"}}]}},"_links":{"self":[{"href":"https:\/\/tuberkuloosi.fi\/se\/wp-json\/wp\/v2\/pages\/41","targetHints":{"allow":["GET"]}}],"collection":[{"href":"https:\/\/tuberkuloosi.fi\/se\/wp-json\/wp\/v2\/pages"}],"about":[{"href":"https:\/\/tuberkuloosi.fi\/se\/wp-json\/wp\/v2\/types\/page"}],"author":[{"embeddable":true,"href":"https:\/\/tuberkuloosi.fi\/se\/wp-json\/wp\/v2\/users\/1"}],"replies":[{"embeddable":true,"href":"https:\/\/tuberkuloosi.fi\/se\/wp-json\/wp\/v2\/comments?post=41"}],"version-history":[{"count":4,"href":"https:\/\/tuberkuloosi.fi\/se\/wp-json\/wp\/v2\/pages\/41\/revisions"}],"predecessor-version":[{"id":580,"href":"https:\/\/tuberkuloosi.fi\/se\/wp-json\/wp\/v2\/pages\/41\/revisions\/580"}],"up":[{"embeddable":true,"href":"https:\/\/tuberkuloosi.fi\/se\/wp-json\/wp\/v2\/pages\/5"}],"wp:attachment":[{"href":"https:\/\/tuberkuloosi.fi\/se\/wp-json\/wp\/v2\/media?parent=41"}],"curies":[{"name":"wp","href":"https:\/\/api.w.org\/{rel}","templated":true}]}}