{"id":447,"date":"2019-01-15T13:21:00","date_gmt":"2019-01-15T13:21:00","guid":{"rendered":"http:\/\/tuberkuloosi.fi\/se\/?page_id=447"},"modified":"2025-10-17T08:20:16","modified_gmt":"2025-10-17T08:20:16","slug":"riskgrupper-for-tuberkulos","status":"publish","type":"page","link":"https:\/\/tuberkuloosi.fi\/se\/ar-jag-i-fara\/riskgrupper-for-tuberkulos\/","title":{"rendered":"Riskgrupper"},"content":{"rendered":"<p><strong>I riskgrupperna \u00e4r tuberkulosen allm\u00e4nnare eller s\u00e5 \u00e4r risken att insjukna i tuberkulos h\u00f6gre efter smitta \u00e4n bland resten av befolkningen.<\/strong><\/p>\n<p>Tuberkulossmitta kommer vanligen fr\u00e5n en person med respiratorisk tuberkulos (oftast lungtuberkulos), som \u00e4nnu inte har diagnostiserats och behandlats. En s\u00e5dan person kan i den omgivande luften uts\u00f6ndra rikligt med tuberkulosbakterier d\u00e5 hon\/han hostar eller talar.<\/p>\n<p>Inneutrymmets volym och ventilation samt exponeringstiden p\u00e5verkar risken f\u00f6r smitta. Om utrymmet \u00e4r tr\u00e5ngt och d\u00e5ligt ventilerat, kan stora m\u00e4ngder tuberkulosbakterier finnas i inneluften. Ju l\u00e4ngre och ju oftare en person vistas i samma utrymme med den sjuka, desto st\u00f6rre \u00e4r risken att hon f\u00e5r tuberkulosbakterier i sina lungor med luften hon inandas. Hon exponeras f\u00f6r smitta.<\/p>\n<p>Tuberkulosen smittar inte l\u00e4tt. Mindre \u00e4n en tredjedel av de exponerade smittas. Av smittade vuxna (med normal immunitet) insjuknar endast en p\u00e5 tio. Risken f\u00f6r sjukdom \u00e4r st\u00f6rst under \u00e5ren n\u00e4rmaste efter smittan; ungef\u00e4r h\u00e4lften insjuknar inom tv\u00e5 \u00e5r, resten kan insjukna \u00e4ven efter tiotals \u00e5r.<\/p>\n<h3><strong>I Finland \u00e4r riskgrupperna f\u00f6r tuberkulos:<\/strong><\/h3>\n<h3><strong>Personer som nyligen exponerats och f\u00e5tt tuberkulossmitta<\/strong><\/h3>\n<p>St\u00f6rst \u00e4r risken f\u00f6r smitta och insjuknande f\u00f6r personer, som bor i samma hush\u00e5ll som en tuberkulossjuk. Vid smittsp\u00e5rning betonas d\u00e4rf\u00f6r unders\u00f6kandet av familjekretsen och av personer, som exponerats rikligt. S\u00e4rskild uppm\u00e4rksamhet \u00e4gnas sm\u00e5 barn och oavsett \u00e5ldern personer med \u00f6kad risk f\u00f6r insjuknande p\u00e5 grund av sjukdom eller medicinering (se sektionen om Personer med sjukdom eller medicinering, som ners\u00e4tter resistensen). Dessa har en h\u00f6gre risk \u00e4n andra att insjukna efter smitta. Tuberkulossmitta sp\u00e5ras med blodprov (IGRA) som tas fr\u00e5n personer i dessa specialgrupper samt fr\u00e5n personer under 35 \u00e5r, som exponerats kraftigt inom familjekretsen eller genom annan n\u00e4ra kontakt. De, som f\u00e5tt tuberkulossmitta, erbjuds m\u00f6jlighet till v\u00e5rd av latent tuberkulosinfektion. Mer information om detta finns <a title=\"Smittsp\u00e5rning \u2013 vad \u00e4r det?\" href=\"http:\/\/tuberkuloosi.fi\/se\/ar-jag-i-fara\/smittsparning-vad-ar-det\/\">i avsnittet Smittsp\u00e5rning<\/a>.<\/p>\n<h3><strong>\u00c4ldre personer<\/strong><\/h3>\n<p>Dessa har f\u00e5tt tuberkulossmitta i sin barndom eller ungdom och insjuknar i tuberkulos d\u00e5 immunf\u00f6rsvaret f\u00f6rsvagas till f\u00f6ljd av \u00e5ldrande eller sjukdom. Under 2010-talet har mer \u00e4n en tredjedel av tuberkulosfallen i Finland g\u00e4llt 75 \u00e5r fyllda personer som tillh\u00f6r den fasta befolkningen.<\/p>\n<h3><strong>Personer med missbrukarproblem<\/strong><\/h3>\n<p>Dessa exponeras mera och insjuknar oftare \u00e4n den \u00f6vriga befolkningen p\u00e5 grund av sin livsstil.<\/p>\n<h3><strong>Personer, som invandrat till Finland fr\u00e5n l\u00e4nder d\u00e4r tuberkulosen \u00e4r allm\u00e4n eller som vistats mer \u00e4n ett \u00e5r i s\u00e5dana l\u00e4nder <\/strong><\/h3>\n<p>N\u00e4ra h\u00e4lften av de nya tuberkulosfallen drabbade i slutet av 2010-talet personer med utl\u00e4ndsk bakgrund. Enligt en rapport fr\u00e5n Institutet f\u00f6r h\u00e4lsa och v\u00e4lf\u00e4rd \u00e4r insjuknade med utl\u00e4ndsk bakgrund yngre (medel\u00e5lder 33 \u00e5r) \u00e4n bofasta insjuknade (medel\u00e5lder 72 \u00e5r).<\/p>\n<p>Tuberkulos \u00e4r vanlig i n\u00e4stan hela Asien, Afrika, Syd- och Centralamerika och en stor del av \u00f6steuropeiska l\u00e4nder. De som invandrat till Finland fr\u00e5n dessa l\u00e4nder kan ha smittats av tuberkulos i sitt f\u00f6delse- eller transitland (asyls\u00f6kande, flyktingar), och oftast har de ingen information om sin exponering. Flera stressfaktorer relaterade till immigration p\u00e5verkar aktiveringen av <a href=\"https:\/\/tuberkuloosi.fi\/se\/tuberkulos\/latent-tuberkulosinfektion\/\">latent tuberkulosinfektion<\/a>. Risken f\u00f6r insjuknandet \u00e4r som h\u00f6gst under de fem \u00e5ren efter invandringen, men den \u00e4r fortfarande h\u00f6gre \u00e4n i den inf\u00f6dda befolkningen \u00e4ven senare.<\/p>\n<p>F\u00f6r att bek\u00e4mpa tuberkulosinfektioner och f\u00f6r invandrarens egen h\u00e4lsa har Finland b\u00e5de tvingande f\u00f6reskrifter och rekommenderade riktlinjer f\u00f6r h\u00e4lso- och tuberkuloskontroller av invandrare. L\u00e4s mer p\u00e5 sidan f\u00f6r screening av invandrartuberkulos.<\/p>\n<p>Personer med avsikt att vistas minst ett \u00e5r i l\u00e4nder med mycket h\u00f6g eller h\u00f6g tuberkulosinsidens har sk\u00e4l att beakta risken f\u00f6r tuberkulosexponering. Mer information finns <a title=\"Utlandsresor\" href=\"http:\/\/tuberkuloosi.fi\/se\/ar-jag-i-fara\/utlandsresor\/\">i avsnittet Utlandsresor<\/a>.<\/p>\n<h3><strong>Personer med sjukdom eller medicinering som f\u00f6rsvagar resistensen<\/strong><\/h3>\n<p><strong>Dammlunga (silikos) och njursvikt, som kr\u00e4ver dialysv\u00e5rd<\/strong> \u00f6kar n\u00e5got risken f\u00f6r insjuknande i tuberkulos efter ny smitta.<\/p>\n<p><strong>En obehandlad HIV-infektion <\/strong> \u00f6kar risken f\u00f6r tuberkulos betydligt. En hiv-positiv person utan effektiv hiv-medicinering har en cirka 30-faldig risk att insjukna i tuberkulos efter tuberkulossmitta. Risken att insjukna \u00e4r 100-faldig f\u00f6r en person i aids-skedet. Om hiv-patienten f\u00e5r effektiv l\u00e4kemedelsbehandling, \u00e4r risken att insjukna p\u00e5 samma niv\u00e5 som hos hiv-negativa personer. Hiv-test g\u00f6rs f\u00f6r alla tuberkulospatienter.<\/p>\n<p><strong>Medicinering, som anv\u00e4nds f\u00f6r att motverka avst\u00f6tning i samband med transplantation av organ och stamceller <\/strong> f\u00f6rsvagar organismens f\u00f6rsvarssystem v\u00e4sentligt. D\u00e4rf\u00f6r unders\u00f6ks f\u00f6rekomsten av latent tuberkulosinfektion f\u00f6re transplantation. Vid behov ges l\u00e4kemedelsbehandling, som f\u00f6rhindrar insjuknande i tuberkulos.<\/p>\n<p><strong>Medicinering med TNF-h\u00e4mmare <\/strong>\u00f6kar risken f\u00f6r tuberkulos mer \u00e4n n\u00e5gon annan l\u00e4kemedelsgrupp. TNF-h\u00e4mmare demonterar det skydd, som organismen satt upp kring tuberkulosbakterier. Efter detta kan en dittils undertryckt, latent tuberkulosinfektion aktiveras och leda till snabbt fortskridande tuberkulos. D\u00e4rf\u00f6r unders\u00f6ks f\u00f6rekomsten av latent tuberkulosinfektion f\u00f6re behandling med TNF-h\u00e4mmare. Vid behov ges l\u00e4kemedelsbehandling, som f\u00f6rhindrar insjuknandet i tuberkulos. Mer information <a href=\"https:\/\/tuberkuloosi.fi\/se\/ar-jag-i-fara\/biologisk-lakemedelsbehandling-och-jak-hammare\/\">under rubriken Biologisk medicinering<\/a>.<\/p>\n<p><strong>Andra l\u00e4kemedel, som har en negativ effekt p\u00e5 det immunologiska f\u00f6rsvaret <\/strong>\u00f6kar i viss m\u00e5n risken f\u00f6r tuberkulos. S\u00e5dana l\u00e4kemedel \u00e4r kortikosteroider i stor dos (minst 20 mg\/dygn) i minst en m\u00e5nad, cytostatika s\u00e5 l\u00e4nge de intas och \u00f6vriga biologiska l\u00e4kemedel s\u00e5som TNF-h\u00e4mmare. Se n\u00e4rmare <a href=\"https:\/\/tuberkuloosi.fi\/se\/ar-jag-i-fara\/biologisk-lakemedelsbehandling-och-jak-hammare\/\">under rubriken Biologisk l\u00e4kemedelsv\u00e5rd<\/a>.<\/p>\n<h3><strong>M\u00e4nniskor som exponeras i sitt arbete <\/strong><\/h3>\n<p>F\u00f6r tuberkulossmitta exponeras i Finland mest arbetstagare inom h\u00e4lsov\u00e5rden. F\u00f6r tuberkulos kan man ocks\u00e5 exponeras oftare \u00e4n vanligt vid arbete inom den sociala sektorn \u2013 speciellt vid kontakt med missbrukare och invandrarare.<\/p>\n<p>Om man har f\u00f6r avsikt att arbeta i mer \u00e4n tre m\u00e5nader inom social- och h\u00e4lsov\u00e5rdssektorn i l\u00e4nder med mycket h\u00f6g eller h\u00f6g tuberkulosinsidens eller i de Baltiska l\u00e4nderna, \u00e4r det sk\u00e4l att beakta m\u00f6jlig tuberkulosexponering. Se n\u00e4rmare <a title=\"Utlandsresor\" href=\"http:\/\/tuberkuloosi.fi\/se\/ar-jag-i-fara\/utlandsresor\/\">under rubriken Utlandsresor<\/a>.<\/p>\n","protected":false},"excerpt":{"rendered":"<p>I riskgrupperna \u00e4r tuberkulosen allm\u00e4nnare eller s\u00e5 \u00e4r risken att insjukna i tuberkulos h\u00f6gre efter smitta \u00e4n bland resten av befolkningen. Tuberkulossmitta kommer vanligen fr\u00e5n en person med respiratorisk tuberkulos (oftast lungtuberkulos), som \u00e4nnu inte har diagnostiserats och behandlats. En s\u00e5dan person kan i den omgivande luften uts\u00f6ndra rikligt med tuberkulosbakterier d\u00e5 hon\/han hostar eller &#8230; <a title=\"Riskgrupper\" class=\"read-more\" href=\"https:\/\/tuberkuloosi.fi\/se\/ar-jag-i-fara\/riskgrupper-for-tuberkulos\/\">L\u00e4s mer<span class=\"screen-reader-text\">Riskgrupper<\/span><\/a><\/p>\n","protected":false},"author":1,"featured_media":0,"parent":159,"menu_order":0,"comment_status":"closed","ping_status":"open","template":"","meta":{"footnotes":""},"class_list":["post-447","page","type-page","status-publish"],"yoast_head":"<!-- This site is optimized with the Yoast SEO plugin v27.5 - https:\/\/yoast.com\/product\/yoast-seo-wordpress\/ -->\n<title>Riskgrupper - Tuberkulos - tuberkuloosi.fi<\/title>\n<meta name=\"description\" content=\"Hos riskgrupper f\u00f6r tuberkulos \u00e4r sjukdomen allm\u00e4nnare eller s\u00e5 \u00e4r risken att insjukna h\u00f6gre efter smitta \u00e4n bland resten av befolkningen.\" \/>\n<meta name=\"robots\" content=\"index, follow, max-snippet:-1, max-image-preview:large, max-video-preview:-1\" \/>\n<link rel=\"canonical\" href=\"https:\/\/tuberkuloosi.fi\/se\/ar-jag-i-fara\/riskgrupper-for-tuberkulos\/\" \/>\n<meta property=\"og:locale\" content=\"sv_SE\" \/>\n<meta property=\"og:type\" content=\"article\" \/>\n<meta property=\"og:title\" content=\"Riskgrupper - Tuberkulos - tuberkuloosi.fi\" \/>\n<meta property=\"og:description\" content=\"Hos riskgrupper f\u00f6r tuberkulos \u00e4r sjukdomen allm\u00e4nnare eller s\u00e5 \u00e4r risken att insjukna h\u00f6gre efter smitta \u00e4n bland resten av befolkningen.\" \/>\n<meta property=\"og:url\" content=\"https:\/\/tuberkuloosi.fi\/se\/ar-jag-i-fara\/riskgrupper-for-tuberkulos\/\" \/>\n<meta property=\"og:site_name\" content=\"Tuberkulos - tuberkuloosi.fi\" \/>\n<meta property=\"article:modified_time\" content=\"2025-10-17T08:20:16+00:00\" \/>\n<meta name=\"twitter:card\" content=\"summary_large_image\" \/>\n<meta name=\"twitter:label1\" content=\"Ber\u00e4knad l\u00e4stid\" \/>\n\t<meta name=\"twitter:data1\" content=\"5 minuter\" \/>\n<script type=\"application\/ld+json\" class=\"yoast-schema-graph\">{\"@context\":\"https:\\\/\\\/schema.org\",\"@graph\":[{\"@type\":\"WebPage\",\"@id\":\"https:\\\/\\\/tuberkuloosi.fi\\\/se\\\/ar-jag-i-fara\\\/riskgrupper-for-tuberkulos\\\/\",\"url\":\"https:\\\/\\\/tuberkuloosi.fi\\\/se\\\/ar-jag-i-fara\\\/riskgrupper-for-tuberkulos\\\/\",\"name\":\"Riskgrupper - Tuberkulos - tuberkuloosi.fi\",\"isPartOf\":{\"@id\":\"https:\\\/\\\/tuberkuloosi.fi\\\/se\\\/#website\"},\"datePublished\":\"2019-01-15T13:21:00+00:00\",\"dateModified\":\"2025-10-17T08:20:16+00:00\",\"description\":\"Hos riskgrupper f\u00f6r tuberkulos \u00e4r sjukdomen allm\u00e4nnare eller s\u00e5 \u00e4r risken att insjukna h\u00f6gre efter smitta \u00e4n bland resten av befolkningen.\",\"breadcrumb\":{\"@id\":\"https:\\\/\\\/tuberkuloosi.fi\\\/se\\\/ar-jag-i-fara\\\/riskgrupper-for-tuberkulos\\\/#breadcrumb\"},\"inLanguage\":\"sv-SE\",\"potentialAction\":[{\"@type\":\"ReadAction\",\"target\":[\"https:\\\/\\\/tuberkuloosi.fi\\\/se\\\/ar-jag-i-fara\\\/riskgrupper-for-tuberkulos\\\/\"]}]},{\"@type\":\"BreadcrumbList\",\"@id\":\"https:\\\/\\\/tuberkuloosi.fi\\\/se\\\/ar-jag-i-fara\\\/riskgrupper-for-tuberkulos\\\/#breadcrumb\",\"itemListElement\":[{\"@type\":\"ListItem\",\"position\":1,\"name\":\"Etusivu\",\"item\":\"https:\\\/\\\/tuberkuloosi.fi\\\/se\\\/\"},{\"@type\":\"ListItem\",\"position\":2,\"name\":\"\u00c4r jag i fara?\",\"item\":\"https:\\\/\\\/tuberkuloosi.fi\\\/se\\\/ar-jag-i-fara\\\/\"},{\"@type\":\"ListItem\",\"position\":3,\"name\":\"Riskgrupper\"}]},{\"@type\":\"WebSite\",\"@id\":\"https:\\\/\\\/tuberkuloosi.fi\\\/se\\\/#website\",\"url\":\"https:\\\/\\\/tuberkuloosi.fi\\\/se\\\/\",\"name\":\"Tuberkulos - tuberkuloosi.fi\",\"description\":\"Tuberkulos kan botas \u2013 det klarar vi tillsammans\",\"publisher\":{\"@id\":\"https:\\\/\\\/tuberkuloosi.fi\\\/se\\\/#organization\"},\"potentialAction\":[{\"@type\":\"SearchAction\",\"target\":{\"@type\":\"EntryPoint\",\"urlTemplate\":\"https:\\\/\\\/tuberkuloosi.fi\\\/se\\\/?s={search_term_string}\"},\"query-input\":{\"@type\":\"PropertyValueSpecification\",\"valueRequired\":true,\"valueName\":\"search_term_string\"}}],\"inLanguage\":\"sv-SE\"},{\"@type\":\"Organization\",\"@id\":\"https:\\\/\\\/tuberkuloosi.fi\\\/se\\\/#organization\",\"name\":\"Tuberkulos - tuberkuloosi.fi\",\"url\":\"https:\\\/\\\/tuberkuloosi.fi\\\/se\\\/\",\"logo\":{\"@type\":\"ImageObject\",\"inLanguage\":\"sv-SE\",\"@id\":\"https:\\\/\\\/tuberkuloosi.fi\\\/se\\\/#\\\/schema\\\/logo\\\/image\\\/\",\"url\":\"https:\\\/\\\/tuberkuloosi.fi\\\/se\\\/wp-content\\\/uploads\\\/sites\\\/9\\\/2019\\\/08\\\/cropped-tuberkuloosi.fi-logo1.jpg\",\"contentUrl\":\"https:\\\/\\\/tuberkuloosi.fi\\\/se\\\/wp-content\\\/uploads\\\/sites\\\/9\\\/2019\\\/08\\\/cropped-tuberkuloosi.fi-logo1.jpg\",\"width\":1598,\"height\":321,\"caption\":\"Tuberkulos - tuberkuloosi.fi\"},\"image\":{\"@id\":\"https:\\\/\\\/tuberkuloosi.fi\\\/se\\\/#\\\/schema\\\/logo\\\/image\\\/\"}}]}<\/script>\n<!-- \/ Yoast SEO plugin. -->","yoast_head_json":{"title":"Riskgrupper - Tuberkulos - tuberkuloosi.fi","description":"Hos riskgrupper f\u00f6r tuberkulos \u00e4r sjukdomen allm\u00e4nnare eller s\u00e5 \u00e4r risken att insjukna h\u00f6gre efter smitta \u00e4n bland resten av befolkningen.","robots":{"index":"index","follow":"follow","max-snippet":"max-snippet:-1","max-image-preview":"max-image-preview:large","max-video-preview":"max-video-preview:-1"},"canonical":"https:\/\/tuberkuloosi.fi\/se\/ar-jag-i-fara\/riskgrupper-for-tuberkulos\/","og_locale":"sv_SE","og_type":"article","og_title":"Riskgrupper - Tuberkulos - tuberkuloosi.fi","og_description":"Hos riskgrupper f\u00f6r tuberkulos \u00e4r sjukdomen allm\u00e4nnare eller s\u00e5 \u00e4r risken att insjukna h\u00f6gre efter smitta \u00e4n bland resten av befolkningen.","og_url":"https:\/\/tuberkuloosi.fi\/se\/ar-jag-i-fara\/riskgrupper-for-tuberkulos\/","og_site_name":"Tuberkulos - tuberkuloosi.fi","article_modified_time":"2025-10-17T08:20:16+00:00","twitter_card":"summary_large_image","twitter_misc":{"Ber\u00e4knad l\u00e4stid":"5 minuter"},"schema":{"@context":"https:\/\/schema.org","@graph":[{"@type":"WebPage","@id":"https:\/\/tuberkuloosi.fi\/se\/ar-jag-i-fara\/riskgrupper-for-tuberkulos\/","url":"https:\/\/tuberkuloosi.fi\/se\/ar-jag-i-fara\/riskgrupper-for-tuberkulos\/","name":"Riskgrupper - Tuberkulos - tuberkuloosi.fi","isPartOf":{"@id":"https:\/\/tuberkuloosi.fi\/se\/#website"},"datePublished":"2019-01-15T13:21:00+00:00","dateModified":"2025-10-17T08:20:16+00:00","description":"Hos riskgrupper f\u00f6r tuberkulos \u00e4r sjukdomen allm\u00e4nnare eller s\u00e5 \u00e4r risken att insjukna h\u00f6gre efter smitta \u00e4n bland resten av befolkningen.","breadcrumb":{"@id":"https:\/\/tuberkuloosi.fi\/se\/ar-jag-i-fara\/riskgrupper-for-tuberkulos\/#breadcrumb"},"inLanguage":"sv-SE","potentialAction":[{"@type":"ReadAction","target":["https:\/\/tuberkuloosi.fi\/se\/ar-jag-i-fara\/riskgrupper-for-tuberkulos\/"]}]},{"@type":"BreadcrumbList","@id":"https:\/\/tuberkuloosi.fi\/se\/ar-jag-i-fara\/riskgrupper-for-tuberkulos\/#breadcrumb","itemListElement":[{"@type":"ListItem","position":1,"name":"Etusivu","item":"https:\/\/tuberkuloosi.fi\/se\/"},{"@type":"ListItem","position":2,"name":"\u00c4r jag i fara?","item":"https:\/\/tuberkuloosi.fi\/se\/ar-jag-i-fara\/"},{"@type":"ListItem","position":3,"name":"Riskgrupper"}]},{"@type":"WebSite","@id":"https:\/\/tuberkuloosi.fi\/se\/#website","url":"https:\/\/tuberkuloosi.fi\/se\/","name":"Tuberkulos - tuberkuloosi.fi","description":"Tuberkulos kan botas \u2013 det klarar vi tillsammans","publisher":{"@id":"https:\/\/tuberkuloosi.fi\/se\/#organization"},"potentialAction":[{"@type":"SearchAction","target":{"@type":"EntryPoint","urlTemplate":"https:\/\/tuberkuloosi.fi\/se\/?s={search_term_string}"},"query-input":{"@type":"PropertyValueSpecification","valueRequired":true,"valueName":"search_term_string"}}],"inLanguage":"sv-SE"},{"@type":"Organization","@id":"https:\/\/tuberkuloosi.fi\/se\/#organization","name":"Tuberkulos - tuberkuloosi.fi","url":"https:\/\/tuberkuloosi.fi\/se\/","logo":{"@type":"ImageObject","inLanguage":"sv-SE","@id":"https:\/\/tuberkuloosi.fi\/se\/#\/schema\/logo\/image\/","url":"https:\/\/tuberkuloosi.fi\/se\/wp-content\/uploads\/sites\/9\/2019\/08\/cropped-tuberkuloosi.fi-logo1.jpg","contentUrl":"https:\/\/tuberkuloosi.fi\/se\/wp-content\/uploads\/sites\/9\/2019\/08\/cropped-tuberkuloosi.fi-logo1.jpg","width":1598,"height":321,"caption":"Tuberkulos - tuberkuloosi.fi"},"image":{"@id":"https:\/\/tuberkuloosi.fi\/se\/#\/schema\/logo\/image\/"}}]}},"_links":{"self":[{"href":"https:\/\/tuberkuloosi.fi\/se\/wp-json\/wp\/v2\/pages\/447","targetHints":{"allow":["GET"]}}],"collection":[{"href":"https:\/\/tuberkuloosi.fi\/se\/wp-json\/wp\/v2\/pages"}],"about":[{"href":"https:\/\/tuberkuloosi.fi\/se\/wp-json\/wp\/v2\/types\/page"}],"author":[{"embeddable":true,"href":"https:\/\/tuberkuloosi.fi\/se\/wp-json\/wp\/v2\/users\/1"}],"replies":[{"embeddable":true,"href":"https:\/\/tuberkuloosi.fi\/se\/wp-json\/wp\/v2\/comments?post=447"}],"version-history":[{"count":9,"href":"https:\/\/tuberkuloosi.fi\/se\/wp-json\/wp\/v2\/pages\/447\/revisions"}],"predecessor-version":[{"id":929,"href":"https:\/\/tuberkuloosi.fi\/se\/wp-json\/wp\/v2\/pages\/447\/revisions\/929"}],"up":[{"embeddable":true,"href":"https:\/\/tuberkuloosi.fi\/se\/wp-json\/wp\/v2\/pages\/159"}],"wp:attachment":[{"href":"https:\/\/tuberkuloosi.fi\/se\/wp-json\/wp\/v2\/media?parent=447"}],"curies":[{"name":"wp","href":"https:\/\/api.w.org\/{rel}","templated":true}]}}