{"id":455,"date":"2019-01-16T11:22:46","date_gmt":"2019-01-16T11:22:46","guid":{"rendered":"http:\/\/tuberkuloosi.fi\/se\/?page_id=455"},"modified":"2023-01-24T12:03:09","modified_gmt":"2023-01-24T12:03:09","slug":"tuberkulos-bland-narstaende","status":"publish","type":"page","link":"https:\/\/tuberkuloosi.fi\/se\/ar-jag-i-fara\/tuberkulos-bland-narstaende\/","title":{"rendered":"Tuberkulos bland n\u00e4rst\u00e5ende"},"content":{"rendered":"<p>Du har f\u00e5tt veta, att n\u00e5gon n\u00e4rst\u00e5ende insjuknat i lungtuberkulos. Du kanske oroar dig \u00f6ver din egen h\u00e4lsa, undrar om du har smittats och \u00e4r r\u00e4dd f\u00f6r att insjukna i tuberkulos.<\/p>\n<p><strong><em>F\u00f6r det f\u00f6rsta: <\/em><\/strong>: Det finns inte anledning till panik, ty tuberkulosen smittar inte l\u00e4tt. Mindre \u00e4n en tredjedel av de exponerade smittas. Exponeringens f\u00f6ljder \u00e4r beroende av sjukdomens art hos smittk\u00e4llan, exponeringstiden och \u00f6vriga f\u00f6rh\u00e5llandena. Mer under <a title=\"Smittsp\u00e5rning \u2013 vad \u00e4r det?\" href=\"https:\/\/tuberkuloosi.fi\/se\/ar-jag-i-fara\/smittsparning\/\">rubriken Smittsp\u00e5rning<\/a>.<\/p>\n<p><strong><em>F\u00f6r det andra: <\/em><\/strong> Av vuxna som smittats (vuxna med normal motst\u00e5ndskraft) insjuknar endast en p\u00e5 tio. Risken att insjukna \u00e4r st\u00f6rst under \u00e5ren n\u00e4rmast efter smittan, men insjukna kan man \u00e4ven efter \u00e5rtionden. Alla exponerade \u00e4r inte lika utsatta. De som bor i samma hush\u00e5ll, inom familjen, exponeras naturligtvis mest, och d\u00e4rf\u00f6r har de \u00e4ven st\u00f6rsta risken att smittas och insjukna. Ocks\u00e5 \u00e5lder och h\u00e4lsotillst\u00e5nd har betydelse och kan \u00f6ka risken att insjukna. Barn, ton\u00e5ringar och unga vuxna l\u00f6per st\u00f6rre risk att insjukna \u00e4n \u00e4ldre. En del sjukdomar och l\u00e4kemedel som f\u00f6rsvagar f\u00f6rsvarssystemet har \u00e4ven betydelse. Din personliga situation utreds med hj\u00e4lp av ett intervjuformul\u00e4r och vid behov tas blodprov f\u00f6r att utreda smitta och behov av v\u00e5rd f\u00f6r latent tuberkulos. F\u00f6r mer information, se <a title=\"Riskgrupper\" href=\"http:\/\/tuberkuloosi.fi\/se\/ar-jag-i-fara\/riskgrupper\/\">Riskgrupper <\/a>och <a title=\"Smittsp\u00e5rning \u2013 vad \u00e4r det?\" href=\"https:\/\/tuberkuloosi.fi\/se\/ar-jag-i-fara\/smittsparning\/\">Smittsp\u00e5rning &#8211; vad det inneb\u00e4r, <\/a>och <a href=\"https:\/\/tuberkuloosi.fi\/se\/tuberkulos\/latent-tuberkulosinfektion\/\">latent tuberkulosinfektion (LTBI)<\/a>.<\/p>\n<p><strong><em>F\u00f6r det tredje: <\/em><\/strong> St\u00f6d den sjuka under sjukhusvistelsen och den l\u00e5nga medicineringen. Den sjuka \u00e4r ofta orolig, r\u00e4dd, konfys och besatt av skuldk\u00e4nslor och oro f\u00f6r n\u00e4rst\u00e5ende, som kan drabbas av smitta och sjukdom. Det \u00e4r ensamt och skr\u00e4mmande att vara sjuk. Framh\u00e5ll, att det inte \u00e4r n\u00e5gons fel att man insjuknar i tuberkulos. Ge ditt st\u00f6d och uppmuntra den sjuka genom att ringa, skriva, skicka e-post eller komma p\u00e5 bes\u00f6k d\u00e5 den sjukas tillst\u00e5nd medger.<\/p>\n<p><strong><em>F\u00f6r det fj\u00e4rde: <\/em><\/strong> Du kan st\u00e4rka din resistens med l\u00e4mplig livsstil. Ta allts\u00e5 hand om dig sj\u00e4lv. \u00c4t m\u00e5ngsidigt, motionera och sov tillr\u00e4ckligt. Sluta r\u00f6ka och var m\u00e5ttlig med alkoholen. Undvik stress. Ta D-vitamin tillskott: ljushyade \u00e5tminstone under den m\u00f6rka \u00e5rstiden oktober-april, m\u00f6rkhyade alla \u00e5rstider.<\/p>\n<p><strong><em>F\u00f6r det femte: <\/em><\/strong> Kom ih\u00e5g din exponering ocks\u00e5 i forts\u00e4ttningen, men stressa inte \u00f6ver den. Kontakta l\u00e4kare f\u00f6r utredning av eventuell tuberkulos, om du f\u00e5r n\u00e5got av f\u00f6ljande symtom:<\/p>\n<ul>\n<li>l\u00e5ngvarig hosta i mer \u00e4n tre veckor, upphostningar, slemmighet<\/li>\n<li>feber eller stegring utan tydlig orsak<\/li>\n<li>aptitl\u00f6shet och oavsiktlig viktminskning<\/li>\n<li>ovanlig tr\u00f6tthet<\/li>\n<li>avvikande nattlig svettning<\/li>\n<\/ul>\n","protected":false},"excerpt":{"rendered":"<p>Du har f\u00e5tt veta, att n\u00e5gon n\u00e4rst\u00e5ende insjuknat i lungtuberkulos. Du kanske oroar dig \u00f6ver din egen h\u00e4lsa, undrar om du har smittats och \u00e4r r\u00e4dd f\u00f6r att insjukna i tuberkulos. F\u00f6r det f\u00f6rsta: : Det finns inte anledning till panik, ty tuberkulosen smittar inte l\u00e4tt. Mindre \u00e4n en tredjedel av de exponerade smittas. Exponeringens &#8230; <a title=\"Tuberkulos bland n\u00e4rst\u00e5ende\" class=\"read-more\" href=\"https:\/\/tuberkuloosi.fi\/se\/ar-jag-i-fara\/tuberkulos-bland-narstaende\/\">L\u00e4s mer<span class=\"screen-reader-text\">Tuberkulos bland n\u00e4rst\u00e5ende<\/span><\/a><\/p>\n","protected":false},"author":1,"featured_media":0,"parent":159,"menu_order":0,"comment_status":"closed","ping_status":"open","template":"","meta":{"footnotes":""},"class_list":["post-455","page","type-page","status-publish"],"yoast_head":"<!-- This site is optimized with the Yoast SEO plugin v27.5 - https:\/\/yoast.com\/product\/yoast-seo-wordpress\/ -->\n<title>Tuberkulos bland n\u00e4rst\u00e5ende - Tuberkulos - tuberkuloosi.fi<\/title>\n<meta name=\"robots\" content=\"index, follow, max-snippet:-1, max-image-preview:large, max-video-preview:-1\" \/>\n<link rel=\"canonical\" href=\"https:\/\/tuberkuloosi.fi\/se\/ar-jag-i-fara\/tuberkulos-bland-narstaende\/\" \/>\n<meta property=\"og:locale\" content=\"sv_SE\" \/>\n<meta property=\"og:type\" content=\"article\" \/>\n<meta property=\"og:title\" content=\"Tuberkulos bland n\u00e4rst\u00e5ende - Tuberkulos - tuberkuloosi.fi\" \/>\n<meta property=\"og:description\" content=\"Du har f\u00e5tt veta, att n\u00e5gon n\u00e4rst\u00e5ende insjuknat i lungtuberkulos. Du kanske oroar dig \u00f6ver din egen h\u00e4lsa, undrar om du har smittats och \u00e4r r\u00e4dd f\u00f6r att insjukna i tuberkulos. F\u00f6r det f\u00f6rsta: : Det finns inte anledning till panik, ty tuberkulosen smittar inte l\u00e4tt. Mindre \u00e4n en tredjedel av de exponerade smittas. Exponeringens ... L\u00e4s merTuberkulos bland n\u00e4rst\u00e5ende\" \/>\n<meta property=\"og:url\" content=\"https:\/\/tuberkuloosi.fi\/se\/ar-jag-i-fara\/tuberkulos-bland-narstaende\/\" \/>\n<meta property=\"og:site_name\" content=\"Tuberkulos - tuberkuloosi.fi\" \/>\n<meta property=\"article:modified_time\" content=\"2023-01-24T12:03:09+00:00\" \/>\n<meta name=\"twitter:card\" content=\"summary_large_image\" \/>\n<meta name=\"twitter:label1\" content=\"Ber\u00e4knad l\u00e4stid\" \/>\n\t<meta name=\"twitter:data1\" content=\"2 minuter\" \/>\n<script type=\"application\/ld+json\" class=\"yoast-schema-graph\">{\"@context\":\"https:\\\/\\\/schema.org\",\"@graph\":[{\"@type\":\"WebPage\",\"@id\":\"https:\\\/\\\/tuberkuloosi.fi\\\/se\\\/ar-jag-i-fara\\\/tuberkulos-bland-narstaende\\\/\",\"url\":\"https:\\\/\\\/tuberkuloosi.fi\\\/se\\\/ar-jag-i-fara\\\/tuberkulos-bland-narstaende\\\/\",\"name\":\"Tuberkulos bland n\u00e4rst\u00e5ende - Tuberkulos - tuberkuloosi.fi\",\"isPartOf\":{\"@id\":\"https:\\\/\\\/tuberkuloosi.fi\\\/se\\\/#website\"},\"datePublished\":\"2019-01-16T11:22:46+00:00\",\"dateModified\":\"2023-01-24T12:03:09+00:00\",\"breadcrumb\":{\"@id\":\"https:\\\/\\\/tuberkuloosi.fi\\\/se\\\/ar-jag-i-fara\\\/tuberkulos-bland-narstaende\\\/#breadcrumb\"},\"inLanguage\":\"sv-SE\",\"potentialAction\":[{\"@type\":\"ReadAction\",\"target\":[\"https:\\\/\\\/tuberkuloosi.fi\\\/se\\\/ar-jag-i-fara\\\/tuberkulos-bland-narstaende\\\/\"]}]},{\"@type\":\"BreadcrumbList\",\"@id\":\"https:\\\/\\\/tuberkuloosi.fi\\\/se\\\/ar-jag-i-fara\\\/tuberkulos-bland-narstaende\\\/#breadcrumb\",\"itemListElement\":[{\"@type\":\"ListItem\",\"position\":1,\"name\":\"Etusivu\",\"item\":\"https:\\\/\\\/tuberkuloosi.fi\\\/se\\\/\"},{\"@type\":\"ListItem\",\"position\":2,\"name\":\"\u00c4r jag i fara?\",\"item\":\"https:\\\/\\\/tuberkuloosi.fi\\\/se\\\/ar-jag-i-fara\\\/\"},{\"@type\":\"ListItem\",\"position\":3,\"name\":\"Tuberkulos bland n\u00e4rst\u00e5ende\"}]},{\"@type\":\"WebSite\",\"@id\":\"https:\\\/\\\/tuberkuloosi.fi\\\/se\\\/#website\",\"url\":\"https:\\\/\\\/tuberkuloosi.fi\\\/se\\\/\",\"name\":\"Tuberkulos - tuberkuloosi.fi\",\"description\":\"Tuberkulos kan botas \u2013 det klarar vi tillsammans\",\"publisher\":{\"@id\":\"https:\\\/\\\/tuberkuloosi.fi\\\/se\\\/#organization\"},\"potentialAction\":[{\"@type\":\"SearchAction\",\"target\":{\"@type\":\"EntryPoint\",\"urlTemplate\":\"https:\\\/\\\/tuberkuloosi.fi\\\/se\\\/?s={search_term_string}\"},\"query-input\":{\"@type\":\"PropertyValueSpecification\",\"valueRequired\":true,\"valueName\":\"search_term_string\"}}],\"inLanguage\":\"sv-SE\"},{\"@type\":\"Organization\",\"@id\":\"https:\\\/\\\/tuberkuloosi.fi\\\/se\\\/#organization\",\"name\":\"Tuberkulos - tuberkuloosi.fi\",\"url\":\"https:\\\/\\\/tuberkuloosi.fi\\\/se\\\/\",\"logo\":{\"@type\":\"ImageObject\",\"inLanguage\":\"sv-SE\",\"@id\":\"https:\\\/\\\/tuberkuloosi.fi\\\/se\\\/#\\\/schema\\\/logo\\\/image\\\/\",\"url\":\"https:\\\/\\\/tuberkuloosi.fi\\\/se\\\/wp-content\\\/uploads\\\/sites\\\/9\\\/2019\\\/08\\\/cropped-tuberkuloosi.fi-logo1.jpg\",\"contentUrl\":\"https:\\\/\\\/tuberkuloosi.fi\\\/se\\\/wp-content\\\/uploads\\\/sites\\\/9\\\/2019\\\/08\\\/cropped-tuberkuloosi.fi-logo1.jpg\",\"width\":1598,\"height\":321,\"caption\":\"Tuberkulos - tuberkuloosi.fi\"},\"image\":{\"@id\":\"https:\\\/\\\/tuberkuloosi.fi\\\/se\\\/#\\\/schema\\\/logo\\\/image\\\/\"}}]}<\/script>\n<!-- \/ Yoast SEO plugin. -->","yoast_head_json":{"title":"Tuberkulos bland n\u00e4rst\u00e5ende - Tuberkulos - tuberkuloosi.fi","robots":{"index":"index","follow":"follow","max-snippet":"max-snippet:-1","max-image-preview":"max-image-preview:large","max-video-preview":"max-video-preview:-1"},"canonical":"https:\/\/tuberkuloosi.fi\/se\/ar-jag-i-fara\/tuberkulos-bland-narstaende\/","og_locale":"sv_SE","og_type":"article","og_title":"Tuberkulos bland n\u00e4rst\u00e5ende - Tuberkulos - tuberkuloosi.fi","og_description":"Du har f\u00e5tt veta, att n\u00e5gon n\u00e4rst\u00e5ende insjuknat i lungtuberkulos. Du kanske oroar dig \u00f6ver din egen h\u00e4lsa, undrar om du har smittats och \u00e4r r\u00e4dd f\u00f6r att insjukna i tuberkulos. F\u00f6r det f\u00f6rsta: : Det finns inte anledning till panik, ty tuberkulosen smittar inte l\u00e4tt. Mindre \u00e4n en tredjedel av de exponerade smittas. Exponeringens ... L\u00e4s merTuberkulos bland n\u00e4rst\u00e5ende","og_url":"https:\/\/tuberkuloosi.fi\/se\/ar-jag-i-fara\/tuberkulos-bland-narstaende\/","og_site_name":"Tuberkulos - tuberkuloosi.fi","article_modified_time":"2023-01-24T12:03:09+00:00","twitter_card":"summary_large_image","twitter_misc":{"Ber\u00e4knad l\u00e4stid":"2 minuter"},"schema":{"@context":"https:\/\/schema.org","@graph":[{"@type":"WebPage","@id":"https:\/\/tuberkuloosi.fi\/se\/ar-jag-i-fara\/tuberkulos-bland-narstaende\/","url":"https:\/\/tuberkuloosi.fi\/se\/ar-jag-i-fara\/tuberkulos-bland-narstaende\/","name":"Tuberkulos bland n\u00e4rst\u00e5ende - Tuberkulos - tuberkuloosi.fi","isPartOf":{"@id":"https:\/\/tuberkuloosi.fi\/se\/#website"},"datePublished":"2019-01-16T11:22:46+00:00","dateModified":"2023-01-24T12:03:09+00:00","breadcrumb":{"@id":"https:\/\/tuberkuloosi.fi\/se\/ar-jag-i-fara\/tuberkulos-bland-narstaende\/#breadcrumb"},"inLanguage":"sv-SE","potentialAction":[{"@type":"ReadAction","target":["https:\/\/tuberkuloosi.fi\/se\/ar-jag-i-fara\/tuberkulos-bland-narstaende\/"]}]},{"@type":"BreadcrumbList","@id":"https:\/\/tuberkuloosi.fi\/se\/ar-jag-i-fara\/tuberkulos-bland-narstaende\/#breadcrumb","itemListElement":[{"@type":"ListItem","position":1,"name":"Etusivu","item":"https:\/\/tuberkuloosi.fi\/se\/"},{"@type":"ListItem","position":2,"name":"\u00c4r jag i fara?","item":"https:\/\/tuberkuloosi.fi\/se\/ar-jag-i-fara\/"},{"@type":"ListItem","position":3,"name":"Tuberkulos bland n\u00e4rst\u00e5ende"}]},{"@type":"WebSite","@id":"https:\/\/tuberkuloosi.fi\/se\/#website","url":"https:\/\/tuberkuloosi.fi\/se\/","name":"Tuberkulos - tuberkuloosi.fi","description":"Tuberkulos kan botas \u2013 det klarar vi tillsammans","publisher":{"@id":"https:\/\/tuberkuloosi.fi\/se\/#organization"},"potentialAction":[{"@type":"SearchAction","target":{"@type":"EntryPoint","urlTemplate":"https:\/\/tuberkuloosi.fi\/se\/?s={search_term_string}"},"query-input":{"@type":"PropertyValueSpecification","valueRequired":true,"valueName":"search_term_string"}}],"inLanguage":"sv-SE"},{"@type":"Organization","@id":"https:\/\/tuberkuloosi.fi\/se\/#organization","name":"Tuberkulos - tuberkuloosi.fi","url":"https:\/\/tuberkuloosi.fi\/se\/","logo":{"@type":"ImageObject","inLanguage":"sv-SE","@id":"https:\/\/tuberkuloosi.fi\/se\/#\/schema\/logo\/image\/","url":"https:\/\/tuberkuloosi.fi\/se\/wp-content\/uploads\/sites\/9\/2019\/08\/cropped-tuberkuloosi.fi-logo1.jpg","contentUrl":"https:\/\/tuberkuloosi.fi\/se\/wp-content\/uploads\/sites\/9\/2019\/08\/cropped-tuberkuloosi.fi-logo1.jpg","width":1598,"height":321,"caption":"Tuberkulos - tuberkuloosi.fi"},"image":{"@id":"https:\/\/tuberkuloosi.fi\/se\/#\/schema\/logo\/image\/"}}]}},"_links":{"self":[{"href":"https:\/\/tuberkuloosi.fi\/se\/wp-json\/wp\/v2\/pages\/455","targetHints":{"allow":["GET"]}}],"collection":[{"href":"https:\/\/tuberkuloosi.fi\/se\/wp-json\/wp\/v2\/pages"}],"about":[{"href":"https:\/\/tuberkuloosi.fi\/se\/wp-json\/wp\/v2\/types\/page"}],"author":[{"embeddable":true,"href":"https:\/\/tuberkuloosi.fi\/se\/wp-json\/wp\/v2\/users\/1"}],"replies":[{"embeddable":true,"href":"https:\/\/tuberkuloosi.fi\/se\/wp-json\/wp\/v2\/comments?post=455"}],"version-history":[{"count":6,"href":"https:\/\/tuberkuloosi.fi\/se\/wp-json\/wp\/v2\/pages\/455\/revisions"}],"predecessor-version":[{"id":767,"href":"https:\/\/tuberkuloosi.fi\/se\/wp-json\/wp\/v2\/pages\/455\/revisions\/767"}],"up":[{"embeddable":true,"href":"https:\/\/tuberkuloosi.fi\/se\/wp-json\/wp\/v2\/pages\/159"}],"wp:attachment":[{"href":"https:\/\/tuberkuloosi.fi\/se\/wp-json\/wp\/v2\/media?parent=455"}],"curies":[{"name":"wp","href":"https:\/\/api.w.org\/{rel}","templated":true}]}}