{"id":46,"date":"2016-11-19T23:51:09","date_gmt":"2016-11-19T23:51:09","guid":{"rendered":"http:\/\/tuberkuloosi.fi\/se\/?page_id=46"},"modified":"2023-03-01T11:48:55","modified_gmt":"2023-03-01T11:48:55","slug":"behandling-av-tuberkulos","status":"publish","type":"page","link":"https:\/\/tuberkuloosi.fi\/se\/tuberkulos\/behandling-av-tuberkulos\/","title":{"rendered":"Behandling av tuberkulos"},"content":{"rendered":"<p><img fetchpriority=\"high\" decoding=\"async\" class=\"alignright wp-image-126 size-full\" src=\"http:\/\/tuberkuloosi.fi\/wp-content\/uploads\/2014\/03\/poika.jpg\" alt=\"behandling av tuberkulos\" width=\"222\" height=\"424\" \/><\/p>\n<blockquote><p>Tuberkulos behandlas med l\u00e4kemedel.<\/p><\/blockquote>\n<p>Tuberkulos behandlas alltid med <a href=\"https:\/\/tuberkuloosi.fi\/se\/hjalp\/medicinering\/\">en kombination av flera l\u00e4kemedel<\/a>. Behandlingen av tuberkulos varar i minst sex m\u00e5nader. Behandlingen kan ta l\u00e4ngre tid, om tuberkulosen \u00e4r allvarlig. Smittrisken minskar i allm\u00e4nhet snabbt n\u00e4r behandlingen har inlets.<\/p>\n<p>F\u00f6r att tillfriskna, b\u00f6r man noga f\u00f6lja givna instruktioner. Medicinerna b\u00f6r tas regelbundet. Om den tuberkulossjuka slutar f\u00f6r tidigt med medicinerna, kan sjukdomen \u00e5terkomma. Om alla mediciner inte tas p\u00e5 r\u00e4tt s\u00e4tt, kan detta leda till utveckling av tuberkelbakterier, som vanliga mediciner inte p\u00e5verkar. Sjukdomen blir d\u00e5 sv\u00e5rare att behandla.<\/p>\n<p>Om den sjuka har tuberkulos, som \u00e4r resistent mot l\u00e4kemedel, inleds v\u00e5rden med en kombination av \u00e5tminstone fem eller sex mediciner. Behandlingen tar vanligtvis tv\u00e5 \u00e5r.<\/p>\n<p>Om en person \u00e4r smittsam, v\u00e5rdas han eller hon i ett speciellt luftisolerat rum p\u00e5 sjukhuset. Isoleringen f\u00f6rhindrar att smittan sprids till andra patienter och v\u00e5rdpersonal p\u00e5 sjukhuset. D\u00e4rf\u00f6r \u00e4r patienten ensam i rummet och hans eller hennes r\u00f6relsefrihet begr\u00e4nsas. <a title=\"Eristyshoito\" href=\"http:\/\/tuberkuloosi.fi\/se\/hjalp\/isoleringsvard\/\">L\u00e4s mer om isolering.<\/a><\/p>\n<p>Tuberkulosl\u00e4kemedel har biverkningar. L\u00e4s mer <a href=\"https:\/\/tuberkuloosi.fi\/se\/hjalp\/biverkningar-av-tuberkuloslakemedel\/\">om biverkningar av tuberkulosl\u00e4kemedel h\u00e4r<\/a>.<\/p>\n[qa cat=&#8221;hoito&#8221;]\n","protected":false},"excerpt":{"rendered":"<p>Tuberkulos behandlas med l\u00e4kemedel. Tuberkulos behandlas alltid med en kombination av flera l\u00e4kemedel. Behandlingen av tuberkulos varar i minst sex m\u00e5nader. Behandlingen kan ta l\u00e4ngre tid, om tuberkulosen \u00e4r allvarlig. Smittrisken minskar i allm\u00e4nhet snabbt n\u00e4r behandlingen har inlets. F\u00f6r att tillfriskna, b\u00f6r man noga f\u00f6lja givna instruktioner. Medicinerna b\u00f6r tas regelbundet. Om den tuberkulossjuka &#8230; <a title=\"Behandling av tuberkulos\" class=\"read-more\" href=\"https:\/\/tuberkuloosi.fi\/se\/tuberkulos\/behandling-av-tuberkulos\/\">L\u00e4s mer<span class=\"screen-reader-text\">Behandling av tuberkulos<\/span><\/a><\/p>\n","protected":false},"author":1,"featured_media":0,"parent":5,"menu_order":12,"comment_status":"closed","ping_status":"open","template":"","meta":{"footnotes":""},"class_list":["post-46","page","type-page","status-publish"],"yoast_head":"<!-- This site is optimized with the Yoast SEO plugin v27.5 - https:\/\/yoast.com\/product\/yoast-seo-wordpress\/ -->\n<title>Behandling av tuberkulos - Tuberkulos - tuberkuloosi.fi<\/title>\n<meta name=\"description\" content=\"Tuberkulos behandlas alltid med en kombination av flera l\u00e4kemedel. Behandlingen varar i minst sex m\u00e5nader.\" \/>\n<meta name=\"robots\" content=\"index, follow, max-snippet:-1, max-image-preview:large, max-video-preview:-1\" \/>\n<link rel=\"canonical\" href=\"https:\/\/tuberkuloosi.fi\/se\/tuberkulos\/behandling-av-tuberkulos\/\" \/>\n<meta property=\"og:locale\" content=\"sv_SE\" \/>\n<meta property=\"og:type\" content=\"article\" \/>\n<meta property=\"og:title\" content=\"Behandling av tuberkulos - Tuberkulos - tuberkuloosi.fi\" \/>\n<meta property=\"og:description\" content=\"Tuberkulos behandlas alltid med en kombination av flera l\u00e4kemedel. Behandlingen varar i minst sex m\u00e5nader.\" \/>\n<meta property=\"og:url\" content=\"https:\/\/tuberkuloosi.fi\/se\/tuberkulos\/behandling-av-tuberkulos\/\" \/>\n<meta property=\"og:site_name\" content=\"Tuberkulos - tuberkuloosi.fi\" \/>\n<meta property=\"article:modified_time\" content=\"2023-03-01T11:48:55+00:00\" \/>\n<meta property=\"og:image\" content=\"http:\/\/tuberkuloosi.fi\/wp-content\/uploads\/2014\/03\/poika.jpg\" \/>\n<meta name=\"twitter:card\" content=\"summary_large_image\" \/>\n<meta name=\"twitter:label1\" content=\"Ber\u00e4knad l\u00e4stid\" \/>\n\t<meta name=\"twitter:data1\" content=\"1 minut\" \/>\n<script type=\"application\/ld+json\" class=\"yoast-schema-graph\">{\"@context\":\"https:\\\/\\\/schema.org\",\"@graph\":[{\"@type\":\"WebPage\",\"@id\":\"https:\\\/\\\/tuberkuloosi.fi\\\/se\\\/tuberkulos\\\/behandling-av-tuberkulos\\\/\",\"url\":\"https:\\\/\\\/tuberkuloosi.fi\\\/se\\\/tuberkulos\\\/behandling-av-tuberkulos\\\/\",\"name\":\"Behandling av tuberkulos - Tuberkulos - tuberkuloosi.fi\",\"isPartOf\":{\"@id\":\"https:\\\/\\\/tuberkuloosi.fi\\\/se\\\/#website\"},\"primaryImageOfPage\":{\"@id\":\"https:\\\/\\\/tuberkuloosi.fi\\\/se\\\/tuberkulos\\\/behandling-av-tuberkulos\\\/#primaryimage\"},\"image\":{\"@id\":\"https:\\\/\\\/tuberkuloosi.fi\\\/se\\\/tuberkulos\\\/behandling-av-tuberkulos\\\/#primaryimage\"},\"thumbnailUrl\":\"http:\\\/\\\/tuberkuloosi.fi\\\/wp-content\\\/uploads\\\/2014\\\/03\\\/poika.jpg\",\"datePublished\":\"2016-11-19T23:51:09+00:00\",\"dateModified\":\"2023-03-01T11:48:55+00:00\",\"description\":\"Tuberkulos behandlas alltid med en kombination av flera l\u00e4kemedel. Behandlingen varar i minst sex m\u00e5nader.\",\"breadcrumb\":{\"@id\":\"https:\\\/\\\/tuberkuloosi.fi\\\/se\\\/tuberkulos\\\/behandling-av-tuberkulos\\\/#breadcrumb\"},\"inLanguage\":\"sv-SE\",\"potentialAction\":[{\"@type\":\"ReadAction\",\"target\":[\"https:\\\/\\\/tuberkuloosi.fi\\\/se\\\/tuberkulos\\\/behandling-av-tuberkulos\\\/\"]}]},{\"@type\":\"ImageObject\",\"inLanguage\":\"sv-SE\",\"@id\":\"https:\\\/\\\/tuberkuloosi.fi\\\/se\\\/tuberkulos\\\/behandling-av-tuberkulos\\\/#primaryimage\",\"url\":\"http:\\\/\\\/tuberkuloosi.fi\\\/wp-content\\\/uploads\\\/2014\\\/03\\\/poika.jpg\",\"contentUrl\":\"http:\\\/\\\/tuberkuloosi.fi\\\/wp-content\\\/uploads\\\/2014\\\/03\\\/poika.jpg\"},{\"@type\":\"BreadcrumbList\",\"@id\":\"https:\\\/\\\/tuberkuloosi.fi\\\/se\\\/tuberkulos\\\/behandling-av-tuberkulos\\\/#breadcrumb\",\"itemListElement\":[{\"@type\":\"ListItem\",\"position\":1,\"name\":\"Etusivu\",\"item\":\"https:\\\/\\\/tuberkuloosi.fi\\\/se\\\/\"},{\"@type\":\"ListItem\",\"position\":2,\"name\":\"Tuberkulos\",\"item\":\"https:\\\/\\\/tuberkuloosi.fi\\\/se\\\/tuberkulos\\\/\"},{\"@type\":\"ListItem\",\"position\":3,\"name\":\"Behandling av tuberkulos\"}]},{\"@type\":\"WebSite\",\"@id\":\"https:\\\/\\\/tuberkuloosi.fi\\\/se\\\/#website\",\"url\":\"https:\\\/\\\/tuberkuloosi.fi\\\/se\\\/\",\"name\":\"Tuberkulos - tuberkuloosi.fi\",\"description\":\"Tuberkulos kan botas \u2013 det klarar vi tillsammans\",\"publisher\":{\"@id\":\"https:\\\/\\\/tuberkuloosi.fi\\\/se\\\/#organization\"},\"potentialAction\":[{\"@type\":\"SearchAction\",\"target\":{\"@type\":\"EntryPoint\",\"urlTemplate\":\"https:\\\/\\\/tuberkuloosi.fi\\\/se\\\/?s={search_term_string}\"},\"query-input\":{\"@type\":\"PropertyValueSpecification\",\"valueRequired\":true,\"valueName\":\"search_term_string\"}}],\"inLanguage\":\"sv-SE\"},{\"@type\":\"Organization\",\"@id\":\"https:\\\/\\\/tuberkuloosi.fi\\\/se\\\/#organization\",\"name\":\"Tuberkulos - tuberkuloosi.fi\",\"url\":\"https:\\\/\\\/tuberkuloosi.fi\\\/se\\\/\",\"logo\":{\"@type\":\"ImageObject\",\"inLanguage\":\"sv-SE\",\"@id\":\"https:\\\/\\\/tuberkuloosi.fi\\\/se\\\/#\\\/schema\\\/logo\\\/image\\\/\",\"url\":\"https:\\\/\\\/tuberkuloosi.fi\\\/se\\\/wp-content\\\/uploads\\\/sites\\\/9\\\/2019\\\/08\\\/cropped-tuberkuloosi.fi-logo1.jpg\",\"contentUrl\":\"https:\\\/\\\/tuberkuloosi.fi\\\/se\\\/wp-content\\\/uploads\\\/sites\\\/9\\\/2019\\\/08\\\/cropped-tuberkuloosi.fi-logo1.jpg\",\"width\":1598,\"height\":321,\"caption\":\"Tuberkulos - tuberkuloosi.fi\"},\"image\":{\"@id\":\"https:\\\/\\\/tuberkuloosi.fi\\\/se\\\/#\\\/schema\\\/logo\\\/image\\\/\"}}]}<\/script>\n<!-- \/ Yoast SEO plugin. -->","yoast_head_json":{"title":"Behandling av tuberkulos - Tuberkulos - tuberkuloosi.fi","description":"Tuberkulos behandlas alltid med en kombination av flera l\u00e4kemedel. Behandlingen varar i minst sex m\u00e5nader.","robots":{"index":"index","follow":"follow","max-snippet":"max-snippet:-1","max-image-preview":"max-image-preview:large","max-video-preview":"max-video-preview:-1"},"canonical":"https:\/\/tuberkuloosi.fi\/se\/tuberkulos\/behandling-av-tuberkulos\/","og_locale":"sv_SE","og_type":"article","og_title":"Behandling av tuberkulos - Tuberkulos - tuberkuloosi.fi","og_description":"Tuberkulos behandlas alltid med en kombination av flera l\u00e4kemedel. Behandlingen varar i minst sex m\u00e5nader.","og_url":"https:\/\/tuberkuloosi.fi\/se\/tuberkulos\/behandling-av-tuberkulos\/","og_site_name":"Tuberkulos - tuberkuloosi.fi","article_modified_time":"2023-03-01T11:48:55+00:00","og_image":[{"url":"http:\/\/tuberkuloosi.fi\/wp-content\/uploads\/2014\/03\/poika.jpg","type":"","width":"","height":""}],"twitter_card":"summary_large_image","twitter_misc":{"Ber\u00e4knad l\u00e4stid":"1 minut"},"schema":{"@context":"https:\/\/schema.org","@graph":[{"@type":"WebPage","@id":"https:\/\/tuberkuloosi.fi\/se\/tuberkulos\/behandling-av-tuberkulos\/","url":"https:\/\/tuberkuloosi.fi\/se\/tuberkulos\/behandling-av-tuberkulos\/","name":"Behandling av tuberkulos - Tuberkulos - tuberkuloosi.fi","isPartOf":{"@id":"https:\/\/tuberkuloosi.fi\/se\/#website"},"primaryImageOfPage":{"@id":"https:\/\/tuberkuloosi.fi\/se\/tuberkulos\/behandling-av-tuberkulos\/#primaryimage"},"image":{"@id":"https:\/\/tuberkuloosi.fi\/se\/tuberkulos\/behandling-av-tuberkulos\/#primaryimage"},"thumbnailUrl":"http:\/\/tuberkuloosi.fi\/wp-content\/uploads\/2014\/03\/poika.jpg","datePublished":"2016-11-19T23:51:09+00:00","dateModified":"2023-03-01T11:48:55+00:00","description":"Tuberkulos behandlas alltid med en kombination av flera l\u00e4kemedel. Behandlingen varar i minst sex m\u00e5nader.","breadcrumb":{"@id":"https:\/\/tuberkuloosi.fi\/se\/tuberkulos\/behandling-av-tuberkulos\/#breadcrumb"},"inLanguage":"sv-SE","potentialAction":[{"@type":"ReadAction","target":["https:\/\/tuberkuloosi.fi\/se\/tuberkulos\/behandling-av-tuberkulos\/"]}]},{"@type":"ImageObject","inLanguage":"sv-SE","@id":"https:\/\/tuberkuloosi.fi\/se\/tuberkulos\/behandling-av-tuberkulos\/#primaryimage","url":"http:\/\/tuberkuloosi.fi\/wp-content\/uploads\/2014\/03\/poika.jpg","contentUrl":"http:\/\/tuberkuloosi.fi\/wp-content\/uploads\/2014\/03\/poika.jpg"},{"@type":"BreadcrumbList","@id":"https:\/\/tuberkuloosi.fi\/se\/tuberkulos\/behandling-av-tuberkulos\/#breadcrumb","itemListElement":[{"@type":"ListItem","position":1,"name":"Etusivu","item":"https:\/\/tuberkuloosi.fi\/se\/"},{"@type":"ListItem","position":2,"name":"Tuberkulos","item":"https:\/\/tuberkuloosi.fi\/se\/tuberkulos\/"},{"@type":"ListItem","position":3,"name":"Behandling av tuberkulos"}]},{"@type":"WebSite","@id":"https:\/\/tuberkuloosi.fi\/se\/#website","url":"https:\/\/tuberkuloosi.fi\/se\/","name":"Tuberkulos - tuberkuloosi.fi","description":"Tuberkulos kan botas \u2013 det klarar vi tillsammans","publisher":{"@id":"https:\/\/tuberkuloosi.fi\/se\/#organization"},"potentialAction":[{"@type":"SearchAction","target":{"@type":"EntryPoint","urlTemplate":"https:\/\/tuberkuloosi.fi\/se\/?s={search_term_string}"},"query-input":{"@type":"PropertyValueSpecification","valueRequired":true,"valueName":"search_term_string"}}],"inLanguage":"sv-SE"},{"@type":"Organization","@id":"https:\/\/tuberkuloosi.fi\/se\/#organization","name":"Tuberkulos - tuberkuloosi.fi","url":"https:\/\/tuberkuloosi.fi\/se\/","logo":{"@type":"ImageObject","inLanguage":"sv-SE","@id":"https:\/\/tuberkuloosi.fi\/se\/#\/schema\/logo\/image\/","url":"https:\/\/tuberkuloosi.fi\/se\/wp-content\/uploads\/sites\/9\/2019\/08\/cropped-tuberkuloosi.fi-logo1.jpg","contentUrl":"https:\/\/tuberkuloosi.fi\/se\/wp-content\/uploads\/sites\/9\/2019\/08\/cropped-tuberkuloosi.fi-logo1.jpg","width":1598,"height":321,"caption":"Tuberkulos - tuberkuloosi.fi"},"image":{"@id":"https:\/\/tuberkuloosi.fi\/se\/#\/schema\/logo\/image\/"}}]}},"_links":{"self":[{"href":"https:\/\/tuberkuloosi.fi\/se\/wp-json\/wp\/v2\/pages\/46","targetHints":{"allow":["GET"]}}],"collection":[{"href":"https:\/\/tuberkuloosi.fi\/se\/wp-json\/wp\/v2\/pages"}],"about":[{"href":"https:\/\/tuberkuloosi.fi\/se\/wp-json\/wp\/v2\/types\/page"}],"author":[{"embeddable":true,"href":"https:\/\/tuberkuloosi.fi\/se\/wp-json\/wp\/v2\/users\/1"}],"replies":[{"embeddable":true,"href":"https:\/\/tuberkuloosi.fi\/se\/wp-json\/wp\/v2\/comments?post=46"}],"version-history":[{"count":9,"href":"https:\/\/tuberkuloosi.fi\/se\/wp-json\/wp\/v2\/pages\/46\/revisions"}],"predecessor-version":[{"id":806,"href":"https:\/\/tuberkuloosi.fi\/se\/wp-json\/wp\/v2\/pages\/46\/revisions\/806"}],"up":[{"embeddable":true,"href":"https:\/\/tuberkuloosi.fi\/se\/wp-json\/wp\/v2\/pages\/5"}],"wp:attachment":[{"href":"https:\/\/tuberkuloosi.fi\/se\/wp-json\/wp\/v2\/media?parent=46"}],"curies":[{"name":"wp","href":"https:\/\/api.w.org\/{rel}","templated":true}]}}