{"id":469,"date":"2019-01-16T11:48:59","date_gmt":"2019-01-16T11:48:59","guid":{"rendered":"http:\/\/tuberkuloosi.fi\/se\/?page_id=469"},"modified":"2023-01-24T12:09:17","modified_gmt":"2023-01-24T12:09:17","slug":"tuberkulos-vid-en-halsovardsenhet","status":"publish","type":"page","link":"https:\/\/tuberkuloosi.fi\/se\/ar-jag-i-fara\/tuberkulos-vid-en-halsovardsenhet\/","title":{"rendered":"Tuberkulos vid en h\u00e4lsov\u00e5rdsenhet"},"content":{"rendered":"<p>Du har f\u00e5tt veta att en patient med lungtuberkulos har v\u00e5rdats vid din enhet. Du kanske oroar dig \u00f6ver din h\u00e4lsa, undrar om du har smittats och \u00e4r r\u00e4dd f\u00f6r att insjukna i tuberkulos.<\/p>\n<p><strong><em>F\u00f6r det f\u00f6rsta: <\/em><\/strong>: Det finns inte anledning till panik, ty tuberkulosen smittar inte l\u00e4tt. Mindre \u00e4n en tredjedel av de exponerade smittas. Exponeringens f\u00f6ljder \u00e4r beroende av sjukdomens art hos smittk\u00e4llan, exponeringstiden och \u00f6vriga f\u00f6rh\u00e5llandena.<\/p>\n<p>Patientens l\u00e4kare bed\u00f6mer smittsamheten och perioden f\u00f6r smittsamhet. Om du har v\u00e5rdat en tuberkulospatient, som utg\u00f6r en h\u00f6g smittrisk, i sammanlagt mer \u00e4n 40 timmar eller har deltagit i en behandling som inneb\u00e4r risk <strong>utan att anv\u00e4nda FFP2- eller FFP3-andningsskydd<\/strong>, betraktas du som exponerad. Likaledes g\u00e5r man tillv\u00e4ga om ett f\u00e4rgningspositivt varigt sekret har behandlats <strong>utan att anv\u00e4nda FFP2- eller FFP3-andningsskydd<\/strong> s\u00e5, att en aerosol kan ha bildats i luften.<\/p>\n<p>Vid v\u00e5rden av en tuberkulospatient, som utg\u00f6r en l\u00e5g risk, \u00e4r exponeringen betydligt mindre, och v\u00e5rdpersonalens deltagande i potentiellt riskfulla behandlingar eller n\u00e4rkontakt fordrar vanligen inte speciella \u00e5tg\u00e4rder.<\/p>\n<p><strong><em>F\u00f6r det andra: <\/em><\/strong> Av smittade vuxna (med normal motst\u00e5ndskraft) insjuknar bara en p\u00e5 tio. Risken f\u00f6r sjukdom \u00e4r st\u00f6rst under \u00e5ren n\u00e4rmast efter smittan, men man kan insjukna \u00e4ven efter \u00e5rtionden. Risken att insjukna \u00e4r h\u00f6gre f\u00f6r ton\u00e5ringar och unga vuxna \u00e4n f\u00f6r \u00e4ldre. F\u00f6r grupper av studerande anordnas d\u00e4rf\u00f6r blodprov (IGRA) f\u00f6r utredande av tuberkulossmitta. De smittade erbjuds m\u00f6jlighet till en 3-6 m\u00e5naders v\u00e5rd f\u00f6r latent tuberkulos, som f\u00f6rhindrar insjuknande. F\u00f6r mer information, se <a title=\"Riskgrupper\" href=\"http:\/\/tuberkuloosi.fi\/se\/ar-jag-i-fara\/riskgrupper\/\">Riskgrupper<\/a> och <a title=\"Smittsp\u00e5rning \u2013 vad \u00e4r det?\" href=\"https:\/\/tuberkuloosi.fi\/se\/ar-jag-i-fara\/smittsparning\/\">Smittsp\u00e5rning &#8211; vad det inneb\u00e4r<\/a>, och<a href=\"https:\/\/tuberkuloosi.fi\/se\/tuberkulos\/latent-tuberkulosinfektion\/\" target=\"_blank\" rel=\"noopener\"> latent tuberkulosinfektion<\/a>.<\/p>\n<p><strong><em>F\u00f6r det tredje: <\/em><\/strong>Lokalt ansvariga personer utreder exponeringssituationen och identifierar exponerade till exempel i samarbete med avdelningssk\u00f6taren. Information om den exponerade v\u00e5rdpersonalen s\u00e4nds till arbetsh\u00e4lsov\u00e5rden (eller till hemkommunens h\u00e4lsov\u00e5rdscentral), som arrangerar lungr\u00f6ntgen och \u00f6vriga utredningar. L\u00e4s mer under rubriken <a title=\"Smittsp\u00e5rning \u2013 vad \u00e4r det?\" href=\"https:\/\/tuberkuloosi.fi\/se\/ar-jag-i-fara\/smittsparning\/\">Smittsp\u00e5rning &#8211; vad det inneb\u00e4r<\/a>.<\/p>\n<p>Anst\u00e4llda f\u00e5r information om h\u00e4ndelsen och anvisningar enligt lokal praxis (avdelningsm\u00f6te, cirkul\u00e4r, etc.). Inv\u00e4nta lungt anvisningar och f\u00f6lj dem.<\/p>\n<p><strong><em>F\u00f6r det fj\u00e4rde: <\/em><\/strong> Kom ih\u00e5g din absoluta tystnadsplikt g\u00e4llande patientinformation. Att man insjuknar i tuberkulos \u00e4r inte n\u00e5gons fel. Den egna exponeringen och de k\u00e4nslor den v\u00e4cker diskuteras b\u00e4st privatim. Egga inte till hysteri.<\/p>\n<p><strong><em>F\u00f6r det femte: <\/em><\/strong> Du arbetar inom h\u00e4lsov\u00e5rden, och d\u00e4r \u00e4r det alltid m\u00f6jligt att m\u00f6ta patienter med smittsam tuberkulos. Uppm\u00e4rksamma ditt eget vetande och anv\u00e4nd det till att identifiera tuberkulospatienter och till att skydda dig sj\u00e4lv. Kolla in instruktionerna inom ditt eget omr\u00e5de. <a href=\"https:\/\/www.filha.fi\/tuberkuloosi\/verkkokurssit\/\" target=\"_blank\" rel=\"noopener noreferrer\">P\u00e5 Filhas websidor finner du information om tuberkulos-webkurser<\/a>. L\u00e4r dig anv\u00e4nda andningsskydd.<\/p>\n<p>I Finland har under 2010-talet f\u00f6rekommit 2-5 fall per \u00e5r av tuberkulos, som definierats som yrkessjukdom. Detta \u00e4r klart mindre \u00e4n tidigare (6-10 fall per \u00e5r). De flesta fallen har g\u00e4llt v\u00e5rdpersonal. Risken f\u00f6r exponering och smitta vid arbete \u00e4r betydligt h\u00f6gre i l\u00e4nder med mycket tuberkulos. L\u00e4s under rubriken <a title=\"Utlandsresor\" href=\"http:\/\/tuberkuloosi.fi\/se\/ar-jag-i-fara\/utlandsresor\/\" target=\"_blank\" rel=\"noopener noreferrer\">Utlandsresor<\/a>, om du ska jobba i mer \u00e4n tre m\u00e5nader inom social- och h\u00e4lsov\u00e5rdsbranschen i l\u00e4nder med mycket h\u00f6g eller h\u00f6g tuberkulosinsidens eller i de Baltiska staterna.<\/p>\n<p><strong><em>F\u00f6r det sj\u00e4tte: <\/em><\/strong> Du kan st\u00e4rka din resistens med l\u00e4mplig livsstil. Ta allts\u00e5 hand om dig sj\u00e4lv. \u00c4t m\u00e5ngsidigt, motionera och sov tillr\u00e4ckligt. Sluta r\u00f6ka och var m\u00e5ttlig med alkoholen. Undvik stress. Ta D-vitamin tillskott: ljushyade \u00e5tminstone under den m\u00f6rka \u00e5rstiden oktober-april, m\u00f6rkhyade alla \u00e5rstider.<\/p>\n<p><strong><em>F\u00f6r det sjunde<\/em><\/strong> Kom ih\u00e5g din exponering ocks\u00e5 i forts\u00e4ttningen, men stressa inte \u00f6ver den. Kontakta l\u00e4kare f\u00f6r utredning av eventuell tuberkulos, om du f\u00e5r n\u00e5got av f\u00f6ljande symtom:<\/p>\n<ul>\n<li>l\u00e5ngvarig hosta i mer \u00e4n tre veckor, upphostningar, slemmighet<\/li>\n<li>feber eller stegring utan tydlig orsak<\/li>\n<li>aptitl\u00f6shet och oavsiktlig viktminskning<\/li>\n<li>ovanlig tr\u00f6tthet<\/li>\n<li>avvikande nattlig svettning<\/li>\n<\/ul>\n","protected":false},"excerpt":{"rendered":"<p>Du har f\u00e5tt veta att en patient med lungtuberkulos har v\u00e5rdats vid din enhet. Du kanske oroar dig \u00f6ver din h\u00e4lsa, undrar om du har smittats och \u00e4r r\u00e4dd f\u00f6r att insjukna i tuberkulos. F\u00f6r det f\u00f6rsta: : Det finns inte anledning till panik, ty tuberkulosen smittar inte l\u00e4tt. Mindre \u00e4n en tredjedel av de &#8230; <a title=\"Tuberkulos vid en h\u00e4lsov\u00e5rdsenhet\" class=\"read-more\" href=\"https:\/\/tuberkuloosi.fi\/se\/ar-jag-i-fara\/tuberkulos-vid-en-halsovardsenhet\/\">L\u00e4s mer<span class=\"screen-reader-text\">Tuberkulos vid en h\u00e4lsov\u00e5rdsenhet<\/span><\/a><\/p>\n","protected":false},"author":1,"featured_media":0,"parent":159,"menu_order":0,"comment_status":"closed","ping_status":"open","template":"","meta":{"footnotes":""},"class_list":["post-469","page","type-page","status-publish"],"yoast_head":"<!-- This site is optimized with the Yoast SEO plugin v27.5 - https:\/\/yoast.com\/product\/yoast-seo-wordpress\/ -->\n<title>Tuberkulos vid en h\u00e4lsov\u00e5rdsenhet - Tuberkulos - tuberkuloosi.fi<\/title>\n<meta name=\"robots\" content=\"index, follow, max-snippet:-1, max-image-preview:large, max-video-preview:-1\" \/>\n<link rel=\"canonical\" href=\"https:\/\/tuberkuloosi.fi\/se\/ar-jag-i-fara\/tuberkulos-vid-en-halsovardsenhet\/\" \/>\n<meta property=\"og:locale\" content=\"sv_SE\" \/>\n<meta property=\"og:type\" content=\"article\" \/>\n<meta property=\"og:title\" content=\"Tuberkulos vid en h\u00e4lsov\u00e5rdsenhet - Tuberkulos - tuberkuloosi.fi\" \/>\n<meta property=\"og:description\" content=\"Du har f\u00e5tt veta att en patient med lungtuberkulos har v\u00e5rdats vid din enhet. Du kanske oroar dig \u00f6ver din h\u00e4lsa, undrar om du har smittats och \u00e4r r\u00e4dd f\u00f6r att insjukna i tuberkulos. F\u00f6r det f\u00f6rsta: : Det finns inte anledning till panik, ty tuberkulosen smittar inte l\u00e4tt. Mindre \u00e4n en tredjedel av de ... L\u00e4s merTuberkulos vid en h\u00e4lsov\u00e5rdsenhet\" \/>\n<meta property=\"og:url\" content=\"https:\/\/tuberkuloosi.fi\/se\/ar-jag-i-fara\/tuberkulos-vid-en-halsovardsenhet\/\" \/>\n<meta property=\"og:site_name\" content=\"Tuberkulos - tuberkuloosi.fi\" \/>\n<meta property=\"article:modified_time\" content=\"2023-01-24T12:09:17+00:00\" \/>\n<meta name=\"twitter:card\" content=\"summary_large_image\" \/>\n<meta name=\"twitter:label1\" content=\"Ber\u00e4knad l\u00e4stid\" \/>\n\t<meta name=\"twitter:data1\" content=\"4 minuter\" \/>\n<script type=\"application\/ld+json\" class=\"yoast-schema-graph\">{\"@context\":\"https:\\\/\\\/schema.org\",\"@graph\":[{\"@type\":\"WebPage\",\"@id\":\"https:\\\/\\\/tuberkuloosi.fi\\\/se\\\/ar-jag-i-fara\\\/tuberkulos-vid-en-halsovardsenhet\\\/\",\"url\":\"https:\\\/\\\/tuberkuloosi.fi\\\/se\\\/ar-jag-i-fara\\\/tuberkulos-vid-en-halsovardsenhet\\\/\",\"name\":\"Tuberkulos vid en h\u00e4lsov\u00e5rdsenhet - Tuberkulos - tuberkuloosi.fi\",\"isPartOf\":{\"@id\":\"https:\\\/\\\/tuberkuloosi.fi\\\/se\\\/#website\"},\"datePublished\":\"2019-01-16T11:48:59+00:00\",\"dateModified\":\"2023-01-24T12:09:17+00:00\",\"breadcrumb\":{\"@id\":\"https:\\\/\\\/tuberkuloosi.fi\\\/se\\\/ar-jag-i-fara\\\/tuberkulos-vid-en-halsovardsenhet\\\/#breadcrumb\"},\"inLanguage\":\"sv-SE\",\"potentialAction\":[{\"@type\":\"ReadAction\",\"target\":[\"https:\\\/\\\/tuberkuloosi.fi\\\/se\\\/ar-jag-i-fara\\\/tuberkulos-vid-en-halsovardsenhet\\\/\"]}]},{\"@type\":\"BreadcrumbList\",\"@id\":\"https:\\\/\\\/tuberkuloosi.fi\\\/se\\\/ar-jag-i-fara\\\/tuberkulos-vid-en-halsovardsenhet\\\/#breadcrumb\",\"itemListElement\":[{\"@type\":\"ListItem\",\"position\":1,\"name\":\"Etusivu\",\"item\":\"https:\\\/\\\/tuberkuloosi.fi\\\/se\\\/\"},{\"@type\":\"ListItem\",\"position\":2,\"name\":\"\u00c4r jag i fara?\",\"item\":\"https:\\\/\\\/tuberkuloosi.fi\\\/se\\\/ar-jag-i-fara\\\/\"},{\"@type\":\"ListItem\",\"position\":3,\"name\":\"Tuberkulos vid en h\u00e4lsov\u00e5rdsenhet\"}]},{\"@type\":\"WebSite\",\"@id\":\"https:\\\/\\\/tuberkuloosi.fi\\\/se\\\/#website\",\"url\":\"https:\\\/\\\/tuberkuloosi.fi\\\/se\\\/\",\"name\":\"Tuberkulos - tuberkuloosi.fi\",\"description\":\"Tuberkulos kan botas \u2013 det klarar vi tillsammans\",\"publisher\":{\"@id\":\"https:\\\/\\\/tuberkuloosi.fi\\\/se\\\/#organization\"},\"potentialAction\":[{\"@type\":\"SearchAction\",\"target\":{\"@type\":\"EntryPoint\",\"urlTemplate\":\"https:\\\/\\\/tuberkuloosi.fi\\\/se\\\/?s={search_term_string}\"},\"query-input\":{\"@type\":\"PropertyValueSpecification\",\"valueRequired\":true,\"valueName\":\"search_term_string\"}}],\"inLanguage\":\"sv-SE\"},{\"@type\":\"Organization\",\"@id\":\"https:\\\/\\\/tuberkuloosi.fi\\\/se\\\/#organization\",\"name\":\"Tuberkulos - tuberkuloosi.fi\",\"url\":\"https:\\\/\\\/tuberkuloosi.fi\\\/se\\\/\",\"logo\":{\"@type\":\"ImageObject\",\"inLanguage\":\"sv-SE\",\"@id\":\"https:\\\/\\\/tuberkuloosi.fi\\\/se\\\/#\\\/schema\\\/logo\\\/image\\\/\",\"url\":\"https:\\\/\\\/tuberkuloosi.fi\\\/se\\\/wp-content\\\/uploads\\\/sites\\\/9\\\/2019\\\/08\\\/cropped-tuberkuloosi.fi-logo1.jpg\",\"contentUrl\":\"https:\\\/\\\/tuberkuloosi.fi\\\/se\\\/wp-content\\\/uploads\\\/sites\\\/9\\\/2019\\\/08\\\/cropped-tuberkuloosi.fi-logo1.jpg\",\"width\":1598,\"height\":321,\"caption\":\"Tuberkulos - tuberkuloosi.fi\"},\"image\":{\"@id\":\"https:\\\/\\\/tuberkuloosi.fi\\\/se\\\/#\\\/schema\\\/logo\\\/image\\\/\"}}]}<\/script>\n<!-- \/ Yoast SEO plugin. -->","yoast_head_json":{"title":"Tuberkulos vid en h\u00e4lsov\u00e5rdsenhet - Tuberkulos - tuberkuloosi.fi","robots":{"index":"index","follow":"follow","max-snippet":"max-snippet:-1","max-image-preview":"max-image-preview:large","max-video-preview":"max-video-preview:-1"},"canonical":"https:\/\/tuberkuloosi.fi\/se\/ar-jag-i-fara\/tuberkulos-vid-en-halsovardsenhet\/","og_locale":"sv_SE","og_type":"article","og_title":"Tuberkulos vid en h\u00e4lsov\u00e5rdsenhet - Tuberkulos - tuberkuloosi.fi","og_description":"Du har f\u00e5tt veta att en patient med lungtuberkulos har v\u00e5rdats vid din enhet. Du kanske oroar dig \u00f6ver din h\u00e4lsa, undrar om du har smittats och \u00e4r r\u00e4dd f\u00f6r att insjukna i tuberkulos. F\u00f6r det f\u00f6rsta: : Det finns inte anledning till panik, ty tuberkulosen smittar inte l\u00e4tt. Mindre \u00e4n en tredjedel av de ... L\u00e4s merTuberkulos vid en h\u00e4lsov\u00e5rdsenhet","og_url":"https:\/\/tuberkuloosi.fi\/se\/ar-jag-i-fara\/tuberkulos-vid-en-halsovardsenhet\/","og_site_name":"Tuberkulos - tuberkuloosi.fi","article_modified_time":"2023-01-24T12:09:17+00:00","twitter_card":"summary_large_image","twitter_misc":{"Ber\u00e4knad l\u00e4stid":"4 minuter"},"schema":{"@context":"https:\/\/schema.org","@graph":[{"@type":"WebPage","@id":"https:\/\/tuberkuloosi.fi\/se\/ar-jag-i-fara\/tuberkulos-vid-en-halsovardsenhet\/","url":"https:\/\/tuberkuloosi.fi\/se\/ar-jag-i-fara\/tuberkulos-vid-en-halsovardsenhet\/","name":"Tuberkulos vid en h\u00e4lsov\u00e5rdsenhet - Tuberkulos - tuberkuloosi.fi","isPartOf":{"@id":"https:\/\/tuberkuloosi.fi\/se\/#website"},"datePublished":"2019-01-16T11:48:59+00:00","dateModified":"2023-01-24T12:09:17+00:00","breadcrumb":{"@id":"https:\/\/tuberkuloosi.fi\/se\/ar-jag-i-fara\/tuberkulos-vid-en-halsovardsenhet\/#breadcrumb"},"inLanguage":"sv-SE","potentialAction":[{"@type":"ReadAction","target":["https:\/\/tuberkuloosi.fi\/se\/ar-jag-i-fara\/tuberkulos-vid-en-halsovardsenhet\/"]}]},{"@type":"BreadcrumbList","@id":"https:\/\/tuberkuloosi.fi\/se\/ar-jag-i-fara\/tuberkulos-vid-en-halsovardsenhet\/#breadcrumb","itemListElement":[{"@type":"ListItem","position":1,"name":"Etusivu","item":"https:\/\/tuberkuloosi.fi\/se\/"},{"@type":"ListItem","position":2,"name":"\u00c4r jag i fara?","item":"https:\/\/tuberkuloosi.fi\/se\/ar-jag-i-fara\/"},{"@type":"ListItem","position":3,"name":"Tuberkulos vid en h\u00e4lsov\u00e5rdsenhet"}]},{"@type":"WebSite","@id":"https:\/\/tuberkuloosi.fi\/se\/#website","url":"https:\/\/tuberkuloosi.fi\/se\/","name":"Tuberkulos - tuberkuloosi.fi","description":"Tuberkulos kan botas \u2013 det klarar vi tillsammans","publisher":{"@id":"https:\/\/tuberkuloosi.fi\/se\/#organization"},"potentialAction":[{"@type":"SearchAction","target":{"@type":"EntryPoint","urlTemplate":"https:\/\/tuberkuloosi.fi\/se\/?s={search_term_string}"},"query-input":{"@type":"PropertyValueSpecification","valueRequired":true,"valueName":"search_term_string"}}],"inLanguage":"sv-SE"},{"@type":"Organization","@id":"https:\/\/tuberkuloosi.fi\/se\/#organization","name":"Tuberkulos - tuberkuloosi.fi","url":"https:\/\/tuberkuloosi.fi\/se\/","logo":{"@type":"ImageObject","inLanguage":"sv-SE","@id":"https:\/\/tuberkuloosi.fi\/se\/#\/schema\/logo\/image\/","url":"https:\/\/tuberkuloosi.fi\/se\/wp-content\/uploads\/sites\/9\/2019\/08\/cropped-tuberkuloosi.fi-logo1.jpg","contentUrl":"https:\/\/tuberkuloosi.fi\/se\/wp-content\/uploads\/sites\/9\/2019\/08\/cropped-tuberkuloosi.fi-logo1.jpg","width":1598,"height":321,"caption":"Tuberkulos - tuberkuloosi.fi"},"image":{"@id":"https:\/\/tuberkuloosi.fi\/se\/#\/schema\/logo\/image\/"}}]}},"_links":{"self":[{"href":"https:\/\/tuberkuloosi.fi\/se\/wp-json\/wp\/v2\/pages\/469","targetHints":{"allow":["GET"]}}],"collection":[{"href":"https:\/\/tuberkuloosi.fi\/se\/wp-json\/wp\/v2\/pages"}],"about":[{"href":"https:\/\/tuberkuloosi.fi\/se\/wp-json\/wp\/v2\/types\/page"}],"author":[{"embeddable":true,"href":"https:\/\/tuberkuloosi.fi\/se\/wp-json\/wp\/v2\/users\/1"}],"replies":[{"embeddable":true,"href":"https:\/\/tuberkuloosi.fi\/se\/wp-json\/wp\/v2\/comments?post=469"}],"version-history":[{"count":7,"href":"https:\/\/tuberkuloosi.fi\/se\/wp-json\/wp\/v2\/pages\/469\/revisions"}],"predecessor-version":[{"id":769,"href":"https:\/\/tuberkuloosi.fi\/se\/wp-json\/wp\/v2\/pages\/469\/revisions\/769"}],"up":[{"embeddable":true,"href":"https:\/\/tuberkuloosi.fi\/se\/wp-json\/wp\/v2\/pages\/159"}],"wp:attachment":[{"href":"https:\/\/tuberkuloosi.fi\/se\/wp-json\/wp\/v2\/media?parent=469"}],"curies":[{"name":"wp","href":"https:\/\/api.w.org\/{rel}","templated":true}]}}