{"id":507,"date":"2019-09-02T07:42:51","date_gmt":"2019-09-02T07:42:51","guid":{"rendered":"https:\/\/tuberkuloosi.fi\/se\/?page_id=507"},"modified":"2025-10-03T07:55:35","modified_gmt":"2025-10-03T07:55:35","slug":"etusivu","status":"publish","type":"page","link":"https:\/\/tuberkuloosi.fi\/se\/","title":{"rendered":""},"content":{"rendered":"\t\t<div data-elementor-type=\"wp-page\" data-elementor-id=\"507\" class=\"elementor elementor-507\">\n\t\t\t\t\t\t<section class=\"elementor-section elementor-top-section elementor-element elementor-element-d79aec1 elementor-section-stretched elementor-section-boxed elementor-section-height-default elementor-section-height-default\" data-id=\"d79aec1\" data-element_type=\"section\" data-e-type=\"section\" data-settings=\"{&quot;stretch_section&quot;:&quot;section-stretched&quot;}\">\n\t\t\t\t\t\t<div class=\"elementor-container elementor-column-gap-default\">\n\t\t\t\t\t<div class=\"elementor-column elementor-col-100 elementor-top-column elementor-element elementor-element-8986ffa\" data-id=\"8986ffa\" data-element_type=\"column\" data-e-type=\"column\">\n\t\t\t<div class=\"elementor-widget-wrap elementor-element-populated\">\n\t\t\t\t\t\t<section class=\"elementor-section elementor-inner-section elementor-element elementor-element-b6e2c45 elementor-section-boxed elementor-section-height-default elementor-section-height-default\" data-id=\"b6e2c45\" data-element_type=\"section\" data-e-type=\"section\">\n\t\t\t\t\t\t<div class=\"elementor-container elementor-column-gap-default\">\n\t\t\t\t\t<div class=\"elementor-column elementor-col-50 elementor-inner-column elementor-element elementor-element-465abf6\" data-id=\"465abf6\" data-element_type=\"column\" data-e-type=\"column\">\n\t\t\t<div class=\"elementor-widget-wrap elementor-element-populated\">\n\t\t\t\t\t\t<div class=\"elementor-element elementor-element-a5906f4 elementor-widget elementor-widget-image\" data-id=\"a5906f4\" data-element_type=\"widget\" data-e-type=\"widget\" data-widget_type=\"image.default\">\n\t\t\t\t\t\t\t\t\t\t\t\t\t\t\t<img fetchpriority=\"high\" decoding=\"async\" width=\"900\" height=\"622\" src=\"https:\/\/tuberkuloosi.fi\/se\/wp-content\/uploads\/sites\/9\/2019\/09\/kaikki_hahmot_06-1024x708.jpg\" class=\"attachment-large size-large wp-image-509\" alt=\"tuberkulos kan botas, det klarar vi tillsammans\" srcset=\"https:\/\/tuberkuloosi.fi\/se\/wp-content\/uploads\/sites\/9\/2019\/09\/kaikki_hahmot_06-1024x708.jpg 1024w, https:\/\/tuberkuloosi.fi\/se\/wp-content\/uploads\/sites\/9\/2019\/09\/kaikki_hahmot_06-300x207.jpg 300w, https:\/\/tuberkuloosi.fi\/se\/wp-content\/uploads\/sites\/9\/2019\/09\/kaikki_hahmot_06-768x531.jpg 768w\" sizes=\"(max-width: 900px) 100vw, 900px\" \/>\t\t\t\t\t\t\t\t\t\t\t\t\t\t\t<\/div>\n\t\t\t\t\t<\/div>\n\t\t<\/div>\n\t\t\t\t<div class=\"elementor-column elementor-col-50 elementor-inner-column elementor-element elementor-element-76af853\" data-id=\"76af853\" data-element_type=\"column\" data-e-type=\"column\">\n\t\t\t<div class=\"elementor-widget-wrap elementor-element-populated\">\n\t\t\t\t\t\t<div class=\"elementor-element elementor-element-29c0a8a elementor-widget elementor-widget-text-editor\" data-id=\"29c0a8a\" data-element_type=\"widget\" data-e-type=\"widget\" data-widget_type=\"text-editor.default\">\n\t\t\t\t\t\t\t\t\t<p><span style=\"color: #fa1300;\"><span class=\"HwtZe\" lang=\"sv\"><span class=\"jCAhz ChMk0b\"><span class=\"ryNqvb\">Tuberkulos \u00e4r en m\u00e5ngfacetterad sjukdom.<\/span><\/span> <span class=\"jCAhz ChMk0b\"><span class=\"ryNqvb\">H\u00e4r kan du hitta information om tuberkulos p\u00e5 ett m\u00e5ngsidigt, enkelt och begripligt s\u00e4tt.<\/span><\/span><\/span><\/span><\/p><p>Webbplatsen tuberkuloosi.fi v\u00e4nder sig till alla som \u00e4r intresserade av \u00e4rendet, men framf\u00f6r till alla som sj\u00e4lva eller vems n\u00e4rst\u00e5ende har drabbats av tuberkulos. Webbplatsen inneh\u00e5ller ocks\u00e5 ett <a href=\"https:\/\/tuberkuloosi.fi\/se\/till-media\/tuberkulos-informationspaket\/\">omfattande informationspaket f\u00f6r media on tuberkulos<\/a>.<\/p><p>Webbplatsen har uppdaterats helt under 2022.<\/p>\t\t\t\t\t\t\t\t<\/div>\n\t\t\t\t\t<\/div>\n\t\t<\/div>\n\t\t\t\t\t<\/div>\n\t\t<\/section>\n\t\t\t\t\t<\/div>\n\t\t<\/div>\n\t\t\t\t\t<\/div>\n\t\t<\/section>\n\t\t\t\t<section class=\"elementor-section elementor-top-section elementor-element elementor-element-eecac56 elementor-section-boxed elementor-section-height-default elementor-section-height-default\" data-id=\"eecac56\" data-element_type=\"section\" data-e-type=\"section\">\n\t\t\t\t\t\t<div class=\"elementor-container elementor-column-gap-default\">\n\t\t\t\t\t<div class=\"elementor-column elementor-col-100 elementor-top-column elementor-element elementor-element-61b3f05\" data-id=\"61b3f05\" data-element_type=\"column\" data-e-type=\"column\">\n\t\t\t<div class=\"elementor-widget-wrap elementor-element-populated\">\n\t\t\t\t\t\t<div class=\"elementor-element elementor-element-8e160ce elementor-widget elementor-widget-heading\" data-id=\"8e160ce\" data-element_type=\"widget\" data-e-type=\"widget\" data-widget_type=\"heading.default\">\n\t\t\t\t\t<h1 class=\"elementor-heading-title elementor-size-default\">Tuberkulos<\/h1>\t\t\t\t<\/div>\n\t\t\t\t\t<\/div>\n\t\t<\/div>\n\t\t\t\t\t<\/div>\n\t\t<\/section>\n\t\t\t\t<section class=\"elementor-section elementor-top-section elementor-element elementor-element-ee333e2 elementor-section-stretched elementor-section-boxed elementor-section-height-default elementor-section-height-default\" data-id=\"ee333e2\" data-element_type=\"section\" data-e-type=\"section\" data-settings=\"{&quot;stretch_section&quot;:&quot;section-stretched&quot;}\">\n\t\t\t\t\t\t<div class=\"elementor-container elementor-column-gap-default\">\n\t\t\t\t\t<div class=\"elementor-column elementor-col-100 elementor-top-column elementor-element elementor-element-0208e75\" data-id=\"0208e75\" data-element_type=\"column\" data-e-type=\"column\">\n\t\t\t<div class=\"elementor-widget-wrap elementor-element-populated\">\n\t\t\t\t\t\t<section class=\"elementor-section elementor-inner-section elementor-element elementor-element-ebaf6c4 elementor-section-boxed elementor-section-height-default elementor-section-height-default\" data-id=\"ebaf6c4\" data-element_type=\"section\" data-e-type=\"section\">\n\t\t\t\t\t\t<div class=\"elementor-container elementor-column-gap-default\">\n\t\t\t\t\t<div class=\"elementor-column elementor-col-50 elementor-inner-column elementor-element elementor-element-4580991\" data-id=\"4580991\" data-element_type=\"column\" data-e-type=\"column\">\n\t\t\t<div class=\"elementor-widget-wrap elementor-element-populated\">\n\t\t\t\t\t\t<div class=\"elementor-element elementor-element-f61abe3 elementor-position-left elementor-widget__width-inherit elementor-vertical-align-top elementor-widget elementor-widget-image-box\" data-id=\"f61abe3\" data-element_type=\"widget\" data-e-type=\"widget\" data-widget_type=\"image-box.default\">\n\t\t\t\t\t<div class=\"elementor-image-box-wrapper\"><figure class=\"elementor-image-box-img\"><a href=\"https:\/\/tuberkuloosi.fi\/se\/fragor\/svar-fran-sakkunniga\/\" tabindex=\"-1\"><img decoding=\"async\" width=\"844\" height=\"1019\" data-src=\"https:\/\/tuberkuloosi.fi\/se\/wp-content\/uploads\/sites\/9\/2019\/09\/1936_20.jpg\" class=\"elementor-animation-pulse attachment-full size-full wp-image-515 lazyload\" alt=\"tuberkulos julm\u00e4rke 1936\" data-srcset=\"https:\/\/tuberkuloosi.fi\/se\/wp-content\/uploads\/sites\/9\/2019\/09\/1936_20.jpg 844w, https:\/\/tuberkuloosi.fi\/se\/wp-content\/uploads\/sites\/9\/2019\/09\/1936_20-248x300.jpg 248w, https:\/\/tuberkuloosi.fi\/se\/wp-content\/uploads\/sites\/9\/2019\/09\/1936_20-768x927.jpg 768w\" data-sizes=\"(max-width: 844px) 100vw, 844px\" src=\"data:image\/svg+xml;base64,PHN2ZyB3aWR0aD0iMSIgaGVpZ2h0PSIxIiB4bWxucz0iaHR0cDovL3d3dy53My5vcmcvMjAwMC9zdmciPjwvc3ZnPg==\" style=\"--smush-placeholder-width: 844px; --smush-placeholder-aspect-ratio: 844\/1019;\" \/><\/a><\/figure><div class=\"elementor-image-box-content\"><h2 class=\"elementor-image-box-title\"><a href=\"https:\/\/tuberkuloosi.fi\/se\/fragor\/svar-fran-sakkunniga\/\">Kolla in sakkunnigas svar<\/a><\/h2><p class=\"elementor-image-box-description\">Filhas tuberkulossakkunniga har svarat p\u00e5 mer \u00e4n 100 fr\u00e5gor. Kolla in svaren h\u00e4r.<\/p><\/div><\/div>\t\t\t\t<\/div>\n\t\t\t\t\t<\/div>\n\t\t<\/div>\n\t\t\t\t<div class=\"elementor-column elementor-col-50 elementor-inner-column elementor-element elementor-element-d0eb7c9\" data-id=\"d0eb7c9\" data-element_type=\"column\" data-e-type=\"column\">\n\t\t\t<div class=\"elementor-widget-wrap elementor-element-populated\">\n\t\t\t\t\t\t<div class=\"elementor-element elementor-element-36942e1 elementor-widget elementor-widget-image\" data-id=\"36942e1\" data-element_type=\"widget\" data-e-type=\"widget\" data-widget_type=\"image.default\">\n\t\t\t\t\t\t\t\t\t\t\t\t\t\t\t\t<a href=\"https:\/\/tuberkuloosi.fi\/se\/till-media\/statistisk-information\/\">\n\t\t\t\t\t\t\t<img decoding=\"async\" width=\"900\" height=\"506\" data-src=\"https:\/\/tuberkuloosi.fi\/se\/wp-content\/uploads\/sites\/9\/2019\/09\/information-om-tuberkulosen-i-v\u00e4rlden-och-i-finland-1024x576.png\" class=\"attachment-large size-large wp-image-519 lazyload\" alt=\"information om tuberkulosen i v\u00e4rlden och i finland\" data-srcset=\"https:\/\/tuberkuloosi.fi\/se\/wp-content\/uploads\/sites\/9\/2019\/09\/information-om-tuberkulosen-i-v\u00e4rlden-och-i-finland-1024x576.png 1024w, https:\/\/tuberkuloosi.fi\/se\/wp-content\/uploads\/sites\/9\/2019\/09\/information-om-tuberkulosen-i-v\u00e4rlden-och-i-finland-300x169.png 300w, https:\/\/tuberkuloosi.fi\/se\/wp-content\/uploads\/sites\/9\/2019\/09\/information-om-tuberkulosen-i-v\u00e4rlden-och-i-finland-768x432.png 768w, https:\/\/tuberkuloosi.fi\/se\/wp-content\/uploads\/sites\/9\/2019\/09\/information-om-tuberkulosen-i-v\u00e4rlden-och-i-finland.png 1280w\" data-sizes=\"(max-width: 900px) 100vw, 900px\" src=\"data:image\/svg+xml;base64,PHN2ZyB3aWR0aD0iMSIgaGVpZ2h0PSIxIiB4bWxucz0iaHR0cDovL3d3dy53My5vcmcvMjAwMC9zdmciPjwvc3ZnPg==\" style=\"--smush-placeholder-width: 900px; --smush-placeholder-aspect-ratio: 900\/506;\" \/>\t\t\t\t\t\t\t\t<\/a>\n\t\t\t\t\t\t\t\t\t\t\t\t\t\t\t<\/div>\n\t\t\t\t\t<\/div>\n\t\t<\/div>\n\t\t\t\t\t<\/div>\n\t\t<\/section>\n\t\t\t\t\t<\/div>\n\t\t<\/div>\n\t\t\t\t\t<\/div>\n\t\t<\/section>\n\t\t\t\t<section class=\"elementor-section elementor-top-section elementor-element elementor-element-61395df elementor-section-stretched elementor-section-boxed elementor-section-height-default elementor-section-height-default\" data-id=\"61395df\" data-element_type=\"section\" data-e-type=\"section\" data-settings=\"{&quot;stretch_section&quot;:&quot;section-stretched&quot;}\">\n\t\t\t\t\t\t<div class=\"elementor-container elementor-column-gap-default\">\n\t\t\t\t\t<div class=\"elementor-column elementor-col-50 elementor-top-column elementor-element elementor-element-09f0503\" data-id=\"09f0503\" data-element_type=\"column\" data-e-type=\"column\">\n\t\t\t<div class=\"elementor-widget-wrap elementor-element-populated\">\n\t\t\t\t\t\t<div class=\"elementor-element elementor-element-393bc6f elementor-position-left elementor-vertical-align-middle elementor-widget__width-inherit elementor-widget elementor-widget-image-box\" data-id=\"393bc6f\" data-element_type=\"widget\" data-e-type=\"widget\" data-widget_type=\"image-box.default\">\n\t\t\t\t\t<div class=\"elementor-image-box-wrapper\"><figure class=\"elementor-image-box-img\"><a href=\"https:\/\/tuberkuloosi.fi\/se\/material\/broschyrer\/\" tabindex=\"-1\"><img decoding=\"async\" width=\"941\" height=\"768\" data-src=\"https:\/\/tuberkuloosi.fi\/se\/wp-content\/uploads\/sites\/9\/2019\/09\/tb-oppaat-kannet.jpg\" class=\"attachment-full size-full wp-image-521 lazyload\" alt=\"tuberkulos broschyrer\" data-srcset=\"https:\/\/tuberkuloosi.fi\/se\/wp-content\/uploads\/sites\/9\/2019\/09\/tb-oppaat-kannet.jpg 941w, https:\/\/tuberkuloosi.fi\/se\/wp-content\/uploads\/sites\/9\/2019\/09\/tb-oppaat-kannet-300x245.jpg 300w, https:\/\/tuberkuloosi.fi\/se\/wp-content\/uploads\/sites\/9\/2019\/09\/tb-oppaat-kannet-768x627.jpg 768w\" data-sizes=\"(max-width: 941px) 100vw, 941px\" src=\"data:image\/svg+xml;base64,PHN2ZyB3aWR0aD0iMSIgaGVpZ2h0PSIxIiB4bWxucz0iaHR0cDovL3d3dy53My5vcmcvMjAwMC9zdmciPjwvc3ZnPg==\" style=\"--smush-placeholder-width: 941px; --smush-placeholder-aspect-ratio: 941\/768;\" \/><\/a><\/figure><div class=\"elementor-image-box-content\"><h2 class=\"elementor-image-box-title\"><a href=\"https:\/\/tuberkuloosi.fi\/se\/material\/broschyrer\/\">TB broschyrer<\/a><\/h2><p class=\"elementor-image-box-description\">H\u00e4r hittar du broschyrer om tuberkulos p\u00e5 olika spr\u00e5k.<\/p><\/div><\/div>\t\t\t\t<\/div>\n\t\t\t\t\t<\/div>\n\t\t<\/div>\n\t\t\t\t<div class=\"elementor-column elementor-col-50 elementor-top-column elementor-element elementor-element-864ad9c\" data-id=\"864ad9c\" data-element_type=\"column\" data-e-type=\"column\">\n\t\t\t<div class=\"elementor-widget-wrap elementor-element-populated\">\n\t\t\t\t\t\t<div class=\"elementor-element elementor-element-38e25d3 elementor-position-left elementor-vertical-align-top elementor-widget elementor-widget-image-box\" data-id=\"38e25d3\" data-element_type=\"widget\" data-e-type=\"widget\" data-widget_type=\"image-box.default\">\n\t\t\t\t\t<div class=\"elementor-image-box-wrapper\"><figure class=\"elementor-image-box-img\"><a href=\"https:\/\/tuberkuloosi.fi\/se\/hjalp\/kamratstod\/\" tabindex=\"-1\"><img decoding=\"async\" width=\"1146\" height=\"1600\" data-src=\"https:\/\/tuberkuloosi.fi\/se\/wp-content\/uploads\/sites\/9\/2023\/02\/sydan2.jpg\" class=\"elementor-animation-pulse attachment-full size-full wp-image-779 lazyload\" alt=\"tuberkulos kamratst\u00f6d\" data-srcset=\"https:\/\/tuberkuloosi.fi\/se\/wp-content\/uploads\/sites\/9\/2023\/02\/sydan2.jpg 1146w, https:\/\/tuberkuloosi.fi\/se\/wp-content\/uploads\/sites\/9\/2023\/02\/sydan2-215x300.jpg 215w, https:\/\/tuberkuloosi.fi\/se\/wp-content\/uploads\/sites\/9\/2023\/02\/sydan2-733x1024.jpg 733w, https:\/\/tuberkuloosi.fi\/se\/wp-content\/uploads\/sites\/9\/2023\/02\/sydan2-768x1072.jpg 768w, https:\/\/tuberkuloosi.fi\/se\/wp-content\/uploads\/sites\/9\/2023\/02\/sydan2-1100x1536.jpg 1100w\" data-sizes=\"(max-width: 1146px) 100vw, 1146px\" src=\"data:image\/svg+xml;base64,PHN2ZyB3aWR0aD0iMSIgaGVpZ2h0PSIxIiB4bWxucz0iaHR0cDovL3d3dy53My5vcmcvMjAwMC9zdmciPjwvc3ZnPg==\" style=\"--smush-placeholder-width: 1146px; --smush-placeholder-aspect-ratio: 1146\/1600;\" \/><\/a><\/figure><div class=\"elementor-image-box-content\"><h2 class=\"elementor-image-box-title\"><a href=\"https:\/\/tuberkuloosi.fi\/se\/hjalp\/kamratstod\/\">Kamratst\u00f6d<\/a><\/h2><p class=\"elementor-image-box-description\">Beroende p\u00e5 dina behov har du m\u00f6jlighet att prata i telefon eller kommunicera med en kamratst\u00f6djare p\u00e5 finska eller engelska p\u00e5 m\u00e5ndagar och torsdagar p\u00e5 \u00f6verenskommen tid. <\/p><\/div><\/div>\t\t\t\t<\/div>\n\t\t\t\t\t<\/div>\n\t\t<\/div>\n\t\t\t\t\t<\/div>\n\t\t<\/section>\n\t\t\t\t<\/div>\n\t\t","protected":false},"excerpt":{"rendered":"<p>Tuberkulos \u00e4r en m\u00e5ngfacetterad sjukdom. H\u00e4r kan du hitta information om tuberkulos p\u00e5 ett m\u00e5ngsidigt, enkelt och begripligt s\u00e4tt. Webbplatsen tuberkuloosi.fi v\u00e4nder sig till alla som \u00e4r intresserade av \u00e4rendet, men framf\u00f6r till alla som sj\u00e4lva eller vems n\u00e4rst\u00e5ende har drabbats av tuberkulos. Webbplatsen inneh\u00e5ller ocks\u00e5 ett omfattande informationspaket f\u00f6r media on tuberkulos. Webbplatsen har &#8230; <a title=\"\" class=\"read-more\" href=\"https:\/\/tuberkuloosi.fi\/se\/\">L\u00e4s mer<span class=\"screen-reader-text\"><\/span><\/a><\/p>\n","protected":false},"author":1,"featured_media":0,"parent":0,"menu_order":0,"comment_status":"closed","ping_status":"closed","template":"","meta":{"footnotes":""},"class_list":["post-507","page","type-page","status-publish"],"yoast_head":"<!-- This site is optimized with the Yoast SEO plugin v27.4 - https:\/\/yoast.com\/product\/yoast-seo-wordpress\/ -->\n<title>- Tuberkulos - tuberkuloosi.fi<\/title>\n<meta name=\"description\" content=\"Tuberkulos kan botas, det klarar vi tillsammans. H\u00e4r hittar du m\u00e5ngsidig information om tuberkulos p\u00e5 olika spr\u00e5k.\" \/>\n<meta name=\"robots\" content=\"index, follow, max-snippet:-1, max-image-preview:large, max-video-preview:-1\" \/>\n<link rel=\"canonical\" href=\"https:\/\/tuberkuloosi.fi\/se\/\" \/>\n<meta property=\"og:locale\" content=\"sv_SE\" \/>\n<meta property=\"og:type\" content=\"article\" \/>\n<meta property=\"og:title\" content=\"- Tuberkulos - tuberkuloosi.fi\" \/>\n<meta property=\"og:description\" content=\"Tuberkulos kan botas, det klarar vi tillsammans. H\u00e4r hittar du m\u00e5ngsidig information om tuberkulos p\u00e5 olika spr\u00e5k.\" \/>\n<meta property=\"og:url\" content=\"https:\/\/tuberkuloosi.fi\/se\/\" \/>\n<meta property=\"og:site_name\" content=\"Tuberkulos - tuberkuloosi.fi\" \/>\n<meta property=\"article:modified_time\" content=\"2025-10-03T07:55:35+00:00\" \/>\n<meta property=\"og:image\" content=\"https:\/\/tuberkuloosi.fi\/se\/wp-content\/uploads\/sites\/9\/2019\/09\/kaikki_hahmot_06-1024x708.jpg\" \/>\n\t<meta property=\"og:image:width\" content=\"1024\" \/>\n\t<meta property=\"og:image:height\" content=\"708\" \/>\n\t<meta property=\"og:image:type\" content=\"image\/jpeg\" \/>\n<meta name=\"twitter:card\" content=\"summary_large_image\" \/>\n<meta name=\"twitter:label1\" content=\"Ber\u00e4knad l\u00e4stid\" \/>\n\t<meta name=\"twitter:data1\" content=\"1 minut\" \/>\n<script type=\"application\/ld+json\" class=\"yoast-schema-graph\">{\"@context\":\"https:\\\/\\\/schema.org\",\"@graph\":[{\"@type\":\"WebPage\",\"@id\":\"https:\\\/\\\/tuberkuloosi.fi\\\/se\\\/\",\"url\":\"https:\\\/\\\/tuberkuloosi.fi\\\/se\\\/\",\"name\":\"- Tuberkulos - tuberkuloosi.fi\",\"isPartOf\":{\"@id\":\"https:\\\/\\\/tuberkuloosi.fi\\\/se\\\/#website\"},\"primaryImageOfPage\":{\"@id\":\"https:\\\/\\\/tuberkuloosi.fi\\\/se\\\/#primaryimage\"},\"image\":{\"@id\":\"https:\\\/\\\/tuberkuloosi.fi\\\/se\\\/#primaryimage\"},\"thumbnailUrl\":\"https:\\\/\\\/tuberkuloosi.fi\\\/se\\\/wp-content\\\/uploads\\\/sites\\\/9\\\/2019\\\/09\\\/kaikki_hahmot_06-1024x708.jpg\",\"datePublished\":\"2019-09-02T07:42:51+00:00\",\"dateModified\":\"2025-10-03T07:55:35+00:00\",\"description\":\"Tuberkulos kan botas, det klarar vi tillsammans. H\u00e4r hittar du m\u00e5ngsidig information om tuberkulos p\u00e5 olika spr\u00e5k.\",\"inLanguage\":\"sv-SE\",\"potentialAction\":[{\"@type\":\"ReadAction\",\"target\":[\"https:\\\/\\\/tuberkuloosi.fi\\\/se\\\/\"]}]},{\"@type\":\"ImageObject\",\"inLanguage\":\"sv-SE\",\"@id\":\"https:\\\/\\\/tuberkuloosi.fi\\\/se\\\/#primaryimage\",\"url\":\"https:\\\/\\\/tuberkuloosi.fi\\\/se\\\/wp-content\\\/uploads\\\/sites\\\/9\\\/2019\\\/09\\\/kaikki_hahmot_06.jpg\",\"contentUrl\":\"https:\\\/\\\/tuberkuloosi.fi\\\/se\\\/wp-content\\\/uploads\\\/sites\\\/9\\\/2019\\\/09\\\/kaikki_hahmot_06.jpg\",\"width\":2939,\"height\":2031,\"caption\":\"tuberkulos kan botas, det klarar vi tillsammans\"},{\"@type\":\"WebSite\",\"@id\":\"https:\\\/\\\/tuberkuloosi.fi\\\/se\\\/#website\",\"url\":\"https:\\\/\\\/tuberkuloosi.fi\\\/se\\\/\",\"name\":\"Tuberkulos - tuberkuloosi.fi\",\"description\":\"Tuberkulos kan botas \u2013 det klarar vi tillsammans\",\"publisher\":{\"@id\":\"https:\\\/\\\/tuberkuloosi.fi\\\/se\\\/#organization\"},\"potentialAction\":[{\"@type\":\"SearchAction\",\"target\":{\"@type\":\"EntryPoint\",\"urlTemplate\":\"https:\\\/\\\/tuberkuloosi.fi\\\/se\\\/?s={search_term_string}\"},\"query-input\":{\"@type\":\"PropertyValueSpecification\",\"valueRequired\":true,\"valueName\":\"search_term_string\"}}],\"inLanguage\":\"sv-SE\"},{\"@type\":\"Organization\",\"@id\":\"https:\\\/\\\/tuberkuloosi.fi\\\/se\\\/#organization\",\"name\":\"Tuberkulos - tuberkuloosi.fi\",\"url\":\"https:\\\/\\\/tuberkuloosi.fi\\\/se\\\/\",\"logo\":{\"@type\":\"ImageObject\",\"inLanguage\":\"sv-SE\",\"@id\":\"https:\\\/\\\/tuberkuloosi.fi\\\/se\\\/#\\\/schema\\\/logo\\\/image\\\/\",\"url\":\"https:\\\/\\\/tuberkuloosi.fi\\\/se\\\/wp-content\\\/uploads\\\/sites\\\/9\\\/2019\\\/08\\\/cropped-tuberkuloosi.fi-logo1.jpg\",\"contentUrl\":\"https:\\\/\\\/tuberkuloosi.fi\\\/se\\\/wp-content\\\/uploads\\\/sites\\\/9\\\/2019\\\/08\\\/cropped-tuberkuloosi.fi-logo1.jpg\",\"width\":1598,\"height\":321,\"caption\":\"Tuberkulos - tuberkuloosi.fi\"},\"image\":{\"@id\":\"https:\\\/\\\/tuberkuloosi.fi\\\/se\\\/#\\\/schema\\\/logo\\\/image\\\/\"}}]}<\/script>\n<!-- \/ Yoast SEO plugin. -->","yoast_head_json":{"title":"- Tuberkulos - tuberkuloosi.fi","description":"Tuberkulos kan botas, det klarar vi tillsammans. H\u00e4r hittar du m\u00e5ngsidig information om tuberkulos p\u00e5 olika spr\u00e5k.","robots":{"index":"index","follow":"follow","max-snippet":"max-snippet:-1","max-image-preview":"max-image-preview:large","max-video-preview":"max-video-preview:-1"},"canonical":"https:\/\/tuberkuloosi.fi\/se\/","og_locale":"sv_SE","og_type":"article","og_title":"- Tuberkulos - tuberkuloosi.fi","og_description":"Tuberkulos kan botas, det klarar vi tillsammans. H\u00e4r hittar du m\u00e5ngsidig information om tuberkulos p\u00e5 olika spr\u00e5k.","og_url":"https:\/\/tuberkuloosi.fi\/se\/","og_site_name":"Tuberkulos - tuberkuloosi.fi","article_modified_time":"2025-10-03T07:55:35+00:00","og_image":[{"width":1024,"height":708,"url":"https:\/\/tuberkuloosi.fi\/se\/wp-content\/uploads\/sites\/9\/2019\/09\/kaikki_hahmot_06-1024x708.jpg","type":"image\/jpeg"}],"twitter_card":"summary_large_image","twitter_misc":{"Ber\u00e4knad l\u00e4stid":"1 minut"},"schema":{"@context":"https:\/\/schema.org","@graph":[{"@type":"WebPage","@id":"https:\/\/tuberkuloosi.fi\/se\/","url":"https:\/\/tuberkuloosi.fi\/se\/","name":"- Tuberkulos - tuberkuloosi.fi","isPartOf":{"@id":"https:\/\/tuberkuloosi.fi\/se\/#website"},"primaryImageOfPage":{"@id":"https:\/\/tuberkuloosi.fi\/se\/#primaryimage"},"image":{"@id":"https:\/\/tuberkuloosi.fi\/se\/#primaryimage"},"thumbnailUrl":"https:\/\/tuberkuloosi.fi\/se\/wp-content\/uploads\/sites\/9\/2019\/09\/kaikki_hahmot_06-1024x708.jpg","datePublished":"2019-09-02T07:42:51+00:00","dateModified":"2025-10-03T07:55:35+00:00","description":"Tuberkulos kan botas, det klarar vi tillsammans. H\u00e4r hittar du m\u00e5ngsidig information om tuberkulos p\u00e5 olika spr\u00e5k.","inLanguage":"sv-SE","potentialAction":[{"@type":"ReadAction","target":["https:\/\/tuberkuloosi.fi\/se\/"]}]},{"@type":"ImageObject","inLanguage":"sv-SE","@id":"https:\/\/tuberkuloosi.fi\/se\/#primaryimage","url":"https:\/\/tuberkuloosi.fi\/se\/wp-content\/uploads\/sites\/9\/2019\/09\/kaikki_hahmot_06.jpg","contentUrl":"https:\/\/tuberkuloosi.fi\/se\/wp-content\/uploads\/sites\/9\/2019\/09\/kaikki_hahmot_06.jpg","width":2939,"height":2031,"caption":"tuberkulos kan botas, det klarar vi tillsammans"},{"@type":"WebSite","@id":"https:\/\/tuberkuloosi.fi\/se\/#website","url":"https:\/\/tuberkuloosi.fi\/se\/","name":"Tuberkulos - tuberkuloosi.fi","description":"Tuberkulos kan botas \u2013 det klarar vi tillsammans","publisher":{"@id":"https:\/\/tuberkuloosi.fi\/se\/#organization"},"potentialAction":[{"@type":"SearchAction","target":{"@type":"EntryPoint","urlTemplate":"https:\/\/tuberkuloosi.fi\/se\/?s={search_term_string}"},"query-input":{"@type":"PropertyValueSpecification","valueRequired":true,"valueName":"search_term_string"}}],"inLanguage":"sv-SE"},{"@type":"Organization","@id":"https:\/\/tuberkuloosi.fi\/se\/#organization","name":"Tuberkulos - tuberkuloosi.fi","url":"https:\/\/tuberkuloosi.fi\/se\/","logo":{"@type":"ImageObject","inLanguage":"sv-SE","@id":"https:\/\/tuberkuloosi.fi\/se\/#\/schema\/logo\/image\/","url":"https:\/\/tuberkuloosi.fi\/se\/wp-content\/uploads\/sites\/9\/2019\/08\/cropped-tuberkuloosi.fi-logo1.jpg","contentUrl":"https:\/\/tuberkuloosi.fi\/se\/wp-content\/uploads\/sites\/9\/2019\/08\/cropped-tuberkuloosi.fi-logo1.jpg","width":1598,"height":321,"caption":"Tuberkulos - tuberkuloosi.fi"},"image":{"@id":"https:\/\/tuberkuloosi.fi\/se\/#\/schema\/logo\/image\/"}}]}},"_links":{"self":[{"href":"https:\/\/tuberkuloosi.fi\/se\/wp-json\/wp\/v2\/pages\/507","targetHints":{"allow":["GET"]}}],"collection":[{"href":"https:\/\/tuberkuloosi.fi\/se\/wp-json\/wp\/v2\/pages"}],"about":[{"href":"https:\/\/tuberkuloosi.fi\/se\/wp-json\/wp\/v2\/types\/page"}],"author":[{"embeddable":true,"href":"https:\/\/tuberkuloosi.fi\/se\/wp-json\/wp\/v2\/users\/1"}],"replies":[{"embeddable":true,"href":"https:\/\/tuberkuloosi.fi\/se\/wp-json\/wp\/v2\/comments?post=507"}],"version-history":[{"count":33,"href":"https:\/\/tuberkuloosi.fi\/se\/wp-json\/wp\/v2\/pages\/507\/revisions"}],"predecessor-version":[{"id":908,"href":"https:\/\/tuberkuloosi.fi\/se\/wp-json\/wp\/v2\/pages\/507\/revisions\/908"}],"wp:attachment":[{"href":"https:\/\/tuberkuloosi.fi\/se\/wp-json\/wp\/v2\/media?parent=507"}],"curies":[{"name":"wp","href":"https:\/\/api.w.org\/{rel}","templated":true}]}}