{"id":567,"date":"2023-01-04T09:34:51","date_gmt":"2023-01-04T09:34:51","guid":{"rendered":"https:\/\/tuberkuloosi.fi\/se\/?page_id=567"},"modified":"2025-10-17T08:19:07","modified_gmt":"2025-10-17T08:19:07","slug":"latent-tuberkulosinfektion","status":"publish","type":"page","link":"https:\/\/tuberkuloosi.fi\/se\/tuberkulos\/latent-tuberkulosinfektion\/","title":{"rendered":"Latent tuberkulosinfektion (LTBI)"},"content":{"rendered":"<p>En smittad person kan ha tuberkulosbakterier i kroppen utan att bli sjuk. Tuberkulosbakterier har stannat kvar i kroppen i en vilande form. Man talar om latent tuberkulosinfektion (LTBI). I denna situation har personen inga symtom, \u00e4r inte sjuk och kan inte sprida sjukdomen till andra. Detta kan p\u00e5g\u00e5 under en livstid.<\/p>\n<p>Men om bakterierna aktiveras och b\u00f6rjar f\u00f6r\u00f6ka sig blir personen sjuk i tuberkulos. I det h\u00e4r fallet har han vanligtvis symtom p\u00e5 tuberkulos. Sjukdomen kan d\u00e5 ocks\u00e5 smittas till andra.<\/p>\n<p>Enligt WHO:s uppskattning b\u00e4r en fj\u00e4rdedel av v\u00e4rldens befolkning p\u00e5 tuberkulosbakterier i kroppen. De flesta av dem lever i l\u00e4nder d\u00e4r tuberkulos \u00e4r vanligt (n\u00e4stan hela Asien, Afrika, Syd- och Centralamerika, en stor del av \u00d6steuropa). Det fanns fortfarande mycket tuberkulos i Finland i mitten av 1900-talet. D\u00e4rf\u00f6r har en del av dem som \u00e4r f\u00f6dda i Finland f\u00f6re 1950 smittats av tuberkulos i sin barndom eller ungdom.<\/p>\n<h3>Hos vem s\u00f6ker man latent tuberkulosinfektion?<\/h3>\n<p>En f\u00e4rsk tuberkulosinfektion efterstr\u00e4vas <strong>alltid i samband med smittsp\u00e5rning<\/strong> (l\u00e4s mer p\u00e5 sidan <a href=\"https:\/\/tuberkuloosi.fi\/se\/ar-jag-i-fara\/smittsparning-vad-ar-det\/\">Smittsp\u00e5rning &#8211; vad betyder det?<\/a>). Unders\u00f6kningen g\u00f6rs f\u00f6r de under 35 \u00e5r som har en person i sin n\u00e4ra krets som insjuknat i lungtuberkulos och de som varit utsatta f\u00f6r ett fall av h\u00f6g smittorisk vid ett riskfyllt ingrepp i arbetet. Utsatta, som har en \u00f6kad risk att bli sjuk p\u00e5 grund av sjukdom eller medicinering, unders\u00f6ks oavsett \u00e5lder.<\/p>\n<p>Latent tuberkulosinfektion rekommenderas att s\u00f6kas vid vissa sjukdomstillst\u00e5nd som f\u00f6rsvagar immunf\u00f6rsvaret eller under l\u00e4kemedelsbehandlingar som inneb\u00e4r risk f\u00f6r aktivering av latent tuberkulosinfektion:<\/p>\n<p><strong>I samband med en hiv-diagnos<\/strong>. Om en hiv-patient \u00e4r infekterad med tuberkulos har han en 30-faldig risk att drabbas av tuberkulos. En person som har g\u00e5tt vidare till AIDS-stadiet har 100-faldig risk att bli sjuk.<\/p>\n<p><strong>N\u00e4r man \u00f6verv\u00e4ger att p\u00e5b\u00f6rja biologisk l\u00e4kemedelsbehandling eller JAK-h\u00e4mmare<\/strong>. Biologisk l\u00e4kemedelsbehandling och JAK-h\u00e4mmare kan anv\u00e4ndas vid behandling av reumatiska sjukdomar, sv\u00e5r psoriasis och kroniska tarminflammationer (Crohns sjukdom, ulcer\u00f6s kolit). Vid reumatiska sjukdomar \u00e4r TNF-blockerare associerad med en fyrfaldig risk f\u00f6r aktivering av latent tuberkulosinfektion j\u00e4mf\u00f6rt med traditionella antireumatiska l\u00e4kemedel. Effekten av andra biologiska l\u00e4kemedel och JAK-h\u00e4mmare \u00e4r mindre.<\/p>\n<p><strong>N\u00e4r man planerar en transplantation<\/strong>. Risken f\u00f6r tuberkulos hos organtransplantationspatienter p\u00e5 grund av aktiveringen av en latent tuberkulosinfektion \u00e4r minst fyra g\u00e5nger st\u00f6rre \u00e4n den allm\u00e4nna befolkningen. Vid solida organtransplantationer \u00e4r risken st\u00f6rre \u00e4n vid stamcellstransplantation. Lungtransplanterade patienter har den h\u00f6gsta risken, cirka sex g\u00e5nger j\u00e4mf\u00f6rt med andra organtransplanterade patienter.<\/p>\n<p><strong>Vid start av dialysbehandling<\/strong>.<\/p>\n<p><strong>Fr\u00e5n en person som lider av silikos (stendammslunga)<\/strong>.<\/p>\n<h3>Varf\u00f6r ska latent tuberkulosinfektion behandlas?<\/h3>\n<p>Syftet med behandlingen \u00e4r att f\u00f6rhindra tuberkulos och vidare spridning av infektioner. Latent tuberkulosinfektion kan vakna n\u00e5gon g\u00e5ng i livet, \u00e4ven decennier senare, och f\u00f6rvandlas till symptomatisk tuberkulos. Ungef\u00e4r en av tio personer som smittats av tuberkulos med normal immunitet kommer senare att utveckla tuberkulos.<\/p>\n<p>Den h\u00f6gsta sannolikheten f\u00f6r att den vilande formen utvecklas till en sjukdom \u00e4r inom tv\u00e5 \u00e5r efter infektion. Den livsl\u00e5nga risken f\u00f6r sjukdom p\u00e5verkas i huvudsak av kroppens f\u00f6rsvarsf\u00f6rm\u00e5ga. \u00c5lder spelar roll: barn under 5 \u00e5r, ton\u00e5ringar och unga vuxna l\u00f6per h\u00f6gre risk att bli sjuka. Sjukdomar och l\u00e4kemedelsbehandlingar som f\u00f6rsvagar immunf\u00f6rsvaret \u00f6kar risken f\u00f6r sjukdomar, liksom graviditeten.<\/p>\n<p>L\u00e4kemedelsbehandling kan f\u00f6rhindra utvecklingen av tuberkulos hos 60-90 % av dem som f\u00e5r full behandling.<\/p>\n<h3>Hur diagnostiseras en latent tuberkulosinfektion?<\/h3>\n<p>Testerna omfattar kartl\u00e4ggning av riskfaktorer, symtomenk\u00e4t, grundl\u00e4ggande blodprov, hiv-test, lungr\u00f6ntgen, sputumprover (vid behov) och blodprov (IGRA, Interferon Gamma Release Assay). Det finns tv\u00e5 typer av IGRA-tester. Det vanligaste testet \u00e4r interferon gamma-sekretion som orsakas av antigenet fr\u00e5n tuberkulosbakterien m\u00e4tt i helblod (B-TbIFNg). I den andra metoden ber\u00e4knas antalet interferon-gamma-uts\u00f6ndrande celler med hj\u00e4lp av isolerade lymfocyter (B-LyTbIFN).<\/p>\n<p>Vid smittsp\u00e5rning tas blodprovet tidigast tv\u00e5 m\u00e5nader efter sista exponeringen. Testet kan inte f\u00f6ruts\u00e4ga vem som kommer att utveckla tuberkulos.<\/p>\n<p>Unders\u00f6kningar s\u00e4kerst\u00e4ller att personen inte har en aktiv tuberkulossjukdom. Unders\u00f6kningarna genomf\u00f6rs inom specialiserad sjukv\u00e5rd, de \u00e4r kostnadsfria f\u00f6r examinanden.<\/p>\n<h3>Varf\u00f6r g\u00f6rs inte IGRA-testet f\u00f6r alla exponerade personer?<\/h3>\n<p>IGRA-testet g\u00f6rs f\u00f6r de som \u00e4r planerade att p\u00e5b\u00f6rja sjukdomsf\u00f6rebyggande medicinsk behandling. L\u00e4kemedelsbehandling rekommenderas inte f\u00f6r personer \u00f6ver 35 \u00e5r, eftersom risken f\u00f6r leverinfektion relaterad till l\u00e4kemedelsbehandling \u00e4r h\u00f6gre f\u00f6r dem \u00e4n f\u00f6r yngre personer. Behandlingen ges dock om en person \u00f6ver 35 \u00e5r har andra sjukdomar eller mediciner som \u00f6kar risken att drabbas av tuberkulos. D\u00e5 \u00e4r den potentiella skadan fr\u00e5n LTBI-behandling acceptabel.<\/p>\n<h3>Varf\u00f6r leder gr\u00e4nsen f\u00f6r IGRA-testresultatet (B-TbIFNg) till behandling f\u00f6r latent tuberkulosinfektion hos en frisk person 1.0, n\u00e4r laboratoriet svarar som ett positivt resultat redan fr\u00e5n en avl\u00e4sning p\u00e5 0.35?<\/h3>\n<p>Ett negativt testresultat (&lt; 0.35) utesluter tillf\u00f6rlitligt infektion hos en frisk exponerad person. Att tolka ett positivt testresultat \u00e4r sv\u00e5rare. Det \u00e4r k\u00e4nt att resultaten n\u00e4ra testtillverkarens gr\u00e4nsv\u00e4rde varierar k\u00e4nsligt av m\u00e5nga anledningar. Falskt positiva resultat \u00e4r allts\u00e5 m\u00f6jliga. I studier har risken att drabbas av tuberkulos visat sig \u00f6ka vid en resultatniv\u00e5 p\u00e5 1.0-4.0. I Finland har en grupp tuberkulosexperter kommit fram till denna rekommendation, f\u00f6r att behandlingen av latent tuberkulosinfektion med st\u00f6rre s\u00e4kerhet skulle riktas mot personer som faktiskt \u00e4r tuberkulossmittade och d\u00e4rmed har nytta av behandlingen. Om en person har en \u00f6kad risk att bli sjuk (immunf\u00f6rsvagande sjukdomar och l\u00e4kemedelsbehandlingar) anses gr\u00e4nsen f\u00f6r positivt provsvar vara 0.35.<\/p>\n<h3>Hur behandlas latent tuberkulosinfektion?<\/h3>\n<p>L\u00e4kemedelsbehandling av latent tuberkulosinfektion kan f\u00f6rhindra utvecklingen av tuberkulos hos de allra flesta som behandlas. 1-2 tuberkulosl\u00e4kemedel anv\u00e4nds i behandlingen. Behandlingen varar vanligtvis 3 m\u00e5nader (tv\u00e5 l\u00e4kemedel) eller 6-9 m\u00e5nader (ett l\u00e4kemedel).<\/p>\n<p>Behandlingsbeslutet fattas efter individuellt \u00f6verv\u00e4gande och diskussion. Behandling ges endast om personen \u00e4r villig och engagerar sig i behandlingen. Behandlingsbeslutet p\u00e5verkas i huvudsak av en individuell, behandlingsrelaterad riskbed\u00f6mning av biverkningar. Behandlingen p\u00e5b\u00f6rjas och \u00f6vervakas p\u00e5\u00a0 specialiserad sjukv\u00e4rd och \u00e4r kostnadsfri f\u00f6r patienten.<\/p>\n<h3>Kan latent tuberkulosinfektion behandlas under graviditet?<\/h3>\n<p>Risken f\u00f6r hepatit \u00e4r n\u00e5got \u00f6kad under graviditeten. Det \u00e4r s\u00e4krast att p\u00e5b\u00f6rja behandlingen 3 m\u00e5nader efter f\u00f6rlossningen. Behandlingsbeslutet fattas alltid individuellt, baserat p\u00e5 noggrant \u00f6verv\u00e4gande.<\/p>\n<h3><strong>Lue lis\u00e4\u00e4 potilasohjeista:<\/strong><\/h3>\n<p><a href=\"https:\/\/www.tays.fi\/fi-FI\/Ohjeet\/Potilasohjeet\/Infektiosairaudet\/Tietoa_piilevasta_eli_latentista_tuberku(72139)\" target=\"_blank\" rel=\"noopener\">Patientinstruktioner relaterade till smittsp\u00e5rning ang\u00e5ende behandling av latent tuberkulosinfektion<\/a> (Tays, p\u00e5 finska, \u00e4ven \u00f6vers\u00e4ttningar till andra spr\u00e5k).<\/p>\n<p><a href=\"https:\/\/www.tays.fi\/fi-FI\/Ohjeet\/Potilasohjeet\/Infektiosairaudet\/Tietoa_piilevan_latentin_tuberkuloosiinf(72141)\" target=\"_blank\" rel=\"noopener\">Information om l\u00e4kemedelsbehandling av latent tuberkulosinfektion<\/a> (Tays, p\u00e5 finska, \u00e4ven \u00f6vers\u00e4ttningar till andra spr\u00e5k)<\/p>\n<p><a href=\"https:\/\/www.reumatologinenyhdistys.fi\/app\/uploads\/2019\/11\/LTBI-ohje-SRY-p%C3%A4ivitys_15.11.2019.pdf\" target=\"_blank\" rel=\"noopener\">Reumatologf\u00f6rbundets patientguide vid \u00f6verv\u00e4gande av biologisk l\u00e4kemedelsbehandling eller JAK-h\u00e4mmande medicin<\/a> (p\u00e5 finska)<\/p>\n<p><a href=\"https:\/\/www.filha.fi\/wp-content\/uploads\/2022\/01\/Potilasohje-LTBIn-hoitoarvio-elinsiirtoa-suunniteltaessa_viimeisin.pdf\" target=\"_blank\" rel=\"noopener\">Filhas patientguide vid planering av en organtransplantation<\/a> (p\u00e5 finska)<\/p>\n<p><a href=\"https:\/\/www.filha.fi\/wp-content\/uploads\/2020\/06\/Potilasohje-LTBI-l%C3%A4%C3%A4kehoidon-haittavaikutuksista.pdf\" target=\"_blank\" rel=\"noopener\">Filhas patientguide om biverkningar av LTBI-behandling<\/a> (p\u00e5 finska)<\/p>\n","protected":false},"excerpt":{"rendered":"<p>En smittad person kan ha tuberkulosbakterier i kroppen utan att bli sjuk. Tuberkulosbakterier har stannat kvar i kroppen i en vilande form. Man talar om latent tuberkulosinfektion (LTBI). I denna situation har personen inga symtom, \u00e4r inte sjuk och kan inte sprida sjukdomen till andra. Detta kan p\u00e5g\u00e5 under en livstid. Men om bakterierna aktiveras &#8230; <a title=\"Latent tuberkulosinfektion (LTBI)\" class=\"read-more\" href=\"https:\/\/tuberkuloosi.fi\/se\/tuberkulos\/latent-tuberkulosinfektion\/\">L\u00e4s mer<span class=\"screen-reader-text\">Latent tuberkulosinfektion (LTBI)<\/span><\/a><\/p>\n","protected":false},"author":1,"featured_media":0,"parent":5,"menu_order":0,"comment_status":"closed","ping_status":"closed","template":"","meta":{"footnotes":""},"class_list":["post-567","page","type-page","status-publish"],"yoast_head":"<!-- This site is optimized with the Yoast SEO plugin v27.5 - https:\/\/yoast.com\/product\/yoast-seo-wordpress\/ -->\n<title>Latent tuberkulosinfektion (LTBI) - Tuberkulos - tuberkuloosi.fi<\/title>\n<meta name=\"description\" content=\"Man talar om latent tuberkulosinfektion, n\u00e4r en person kan ha tuberkulosbakterier i kroppen utan att bli sjuk.\" \/>\n<meta name=\"robots\" content=\"index, follow, max-snippet:-1, max-image-preview:large, max-video-preview:-1\" \/>\n<link rel=\"canonical\" href=\"https:\/\/tuberkuloosi.fi\/se\/tuberkulos\/latent-tuberkulosinfektion\/\" \/>\n<meta property=\"og:locale\" content=\"sv_SE\" \/>\n<meta property=\"og:type\" content=\"article\" \/>\n<meta property=\"og:title\" content=\"Latent tuberkulosinfektion (LTBI) - Tuberkulos - tuberkuloosi.fi\" \/>\n<meta property=\"og:description\" content=\"Man talar om latent tuberkulosinfektion, n\u00e4r en person kan ha tuberkulosbakterier i kroppen utan att bli sjuk.\" \/>\n<meta property=\"og:url\" content=\"https:\/\/tuberkuloosi.fi\/se\/tuberkulos\/latent-tuberkulosinfektion\/\" \/>\n<meta property=\"og:site_name\" content=\"Tuberkulos - tuberkuloosi.fi\" \/>\n<meta property=\"article:modified_time\" content=\"2025-10-17T08:19:07+00:00\" \/>\n<meta name=\"twitter:card\" content=\"summary_large_image\" \/>\n<meta name=\"twitter:label1\" content=\"Ber\u00e4knad l\u00e4stid\" \/>\n\t<meta name=\"twitter:data1\" content=\"6 minuter\" \/>\n<script type=\"application\/ld+json\" class=\"yoast-schema-graph\">{\"@context\":\"https:\\\/\\\/schema.org\",\"@graph\":[{\"@type\":\"WebPage\",\"@id\":\"https:\\\/\\\/tuberkuloosi.fi\\\/se\\\/tuberkulos\\\/latent-tuberkulosinfektion\\\/\",\"url\":\"https:\\\/\\\/tuberkuloosi.fi\\\/se\\\/tuberkulos\\\/latent-tuberkulosinfektion\\\/\",\"name\":\"Latent tuberkulosinfektion (LTBI) - Tuberkulos - tuberkuloosi.fi\",\"isPartOf\":{\"@id\":\"https:\\\/\\\/tuberkuloosi.fi\\\/se\\\/#website\"},\"datePublished\":\"2023-01-04T09:34:51+00:00\",\"dateModified\":\"2025-10-17T08:19:07+00:00\",\"description\":\"Man talar om latent tuberkulosinfektion, n\u00e4r en person kan ha tuberkulosbakterier i kroppen utan att bli sjuk.\",\"breadcrumb\":{\"@id\":\"https:\\\/\\\/tuberkuloosi.fi\\\/se\\\/tuberkulos\\\/latent-tuberkulosinfektion\\\/#breadcrumb\"},\"inLanguage\":\"sv-SE\",\"potentialAction\":[{\"@type\":\"ReadAction\",\"target\":[\"https:\\\/\\\/tuberkuloosi.fi\\\/se\\\/tuberkulos\\\/latent-tuberkulosinfektion\\\/\"]}]},{\"@type\":\"BreadcrumbList\",\"@id\":\"https:\\\/\\\/tuberkuloosi.fi\\\/se\\\/tuberkulos\\\/latent-tuberkulosinfektion\\\/#breadcrumb\",\"itemListElement\":[{\"@type\":\"ListItem\",\"position\":1,\"name\":\"Etusivu\",\"item\":\"https:\\\/\\\/tuberkuloosi.fi\\\/se\\\/\"},{\"@type\":\"ListItem\",\"position\":2,\"name\":\"Tuberkulos\",\"item\":\"https:\\\/\\\/tuberkuloosi.fi\\\/se\\\/tuberkulos\\\/\"},{\"@type\":\"ListItem\",\"position\":3,\"name\":\"Latent tuberkulosinfektion (LTBI)\"}]},{\"@type\":\"WebSite\",\"@id\":\"https:\\\/\\\/tuberkuloosi.fi\\\/se\\\/#website\",\"url\":\"https:\\\/\\\/tuberkuloosi.fi\\\/se\\\/\",\"name\":\"Tuberkulos - tuberkuloosi.fi\",\"description\":\"Tuberkulos kan botas \u2013 det klarar vi tillsammans\",\"publisher\":{\"@id\":\"https:\\\/\\\/tuberkuloosi.fi\\\/se\\\/#organization\"},\"potentialAction\":[{\"@type\":\"SearchAction\",\"target\":{\"@type\":\"EntryPoint\",\"urlTemplate\":\"https:\\\/\\\/tuberkuloosi.fi\\\/se\\\/?s={search_term_string}\"},\"query-input\":{\"@type\":\"PropertyValueSpecification\",\"valueRequired\":true,\"valueName\":\"search_term_string\"}}],\"inLanguage\":\"sv-SE\"},{\"@type\":\"Organization\",\"@id\":\"https:\\\/\\\/tuberkuloosi.fi\\\/se\\\/#organization\",\"name\":\"Tuberkulos - tuberkuloosi.fi\",\"url\":\"https:\\\/\\\/tuberkuloosi.fi\\\/se\\\/\",\"logo\":{\"@type\":\"ImageObject\",\"inLanguage\":\"sv-SE\",\"@id\":\"https:\\\/\\\/tuberkuloosi.fi\\\/se\\\/#\\\/schema\\\/logo\\\/image\\\/\",\"url\":\"https:\\\/\\\/tuberkuloosi.fi\\\/se\\\/wp-content\\\/uploads\\\/sites\\\/9\\\/2019\\\/08\\\/cropped-tuberkuloosi.fi-logo1.jpg\",\"contentUrl\":\"https:\\\/\\\/tuberkuloosi.fi\\\/se\\\/wp-content\\\/uploads\\\/sites\\\/9\\\/2019\\\/08\\\/cropped-tuberkuloosi.fi-logo1.jpg\",\"width\":1598,\"height\":321,\"caption\":\"Tuberkulos - tuberkuloosi.fi\"},\"image\":{\"@id\":\"https:\\\/\\\/tuberkuloosi.fi\\\/se\\\/#\\\/schema\\\/logo\\\/image\\\/\"}}]}<\/script>\n<!-- \/ Yoast SEO plugin. -->","yoast_head_json":{"title":"Latent tuberkulosinfektion (LTBI) - Tuberkulos - tuberkuloosi.fi","description":"Man talar om latent tuberkulosinfektion, n\u00e4r en person kan ha tuberkulosbakterier i kroppen utan att bli sjuk.","robots":{"index":"index","follow":"follow","max-snippet":"max-snippet:-1","max-image-preview":"max-image-preview:large","max-video-preview":"max-video-preview:-1"},"canonical":"https:\/\/tuberkuloosi.fi\/se\/tuberkulos\/latent-tuberkulosinfektion\/","og_locale":"sv_SE","og_type":"article","og_title":"Latent tuberkulosinfektion (LTBI) - Tuberkulos - tuberkuloosi.fi","og_description":"Man talar om latent tuberkulosinfektion, n\u00e4r en person kan ha tuberkulosbakterier i kroppen utan att bli sjuk.","og_url":"https:\/\/tuberkuloosi.fi\/se\/tuberkulos\/latent-tuberkulosinfektion\/","og_site_name":"Tuberkulos - tuberkuloosi.fi","article_modified_time":"2025-10-17T08:19:07+00:00","twitter_card":"summary_large_image","twitter_misc":{"Ber\u00e4knad l\u00e4stid":"6 minuter"},"schema":{"@context":"https:\/\/schema.org","@graph":[{"@type":"WebPage","@id":"https:\/\/tuberkuloosi.fi\/se\/tuberkulos\/latent-tuberkulosinfektion\/","url":"https:\/\/tuberkuloosi.fi\/se\/tuberkulos\/latent-tuberkulosinfektion\/","name":"Latent tuberkulosinfektion (LTBI) - Tuberkulos - tuberkuloosi.fi","isPartOf":{"@id":"https:\/\/tuberkuloosi.fi\/se\/#website"},"datePublished":"2023-01-04T09:34:51+00:00","dateModified":"2025-10-17T08:19:07+00:00","description":"Man talar om latent tuberkulosinfektion, n\u00e4r en person kan ha tuberkulosbakterier i kroppen utan att bli sjuk.","breadcrumb":{"@id":"https:\/\/tuberkuloosi.fi\/se\/tuberkulos\/latent-tuberkulosinfektion\/#breadcrumb"},"inLanguage":"sv-SE","potentialAction":[{"@type":"ReadAction","target":["https:\/\/tuberkuloosi.fi\/se\/tuberkulos\/latent-tuberkulosinfektion\/"]}]},{"@type":"BreadcrumbList","@id":"https:\/\/tuberkuloosi.fi\/se\/tuberkulos\/latent-tuberkulosinfektion\/#breadcrumb","itemListElement":[{"@type":"ListItem","position":1,"name":"Etusivu","item":"https:\/\/tuberkuloosi.fi\/se\/"},{"@type":"ListItem","position":2,"name":"Tuberkulos","item":"https:\/\/tuberkuloosi.fi\/se\/tuberkulos\/"},{"@type":"ListItem","position":3,"name":"Latent tuberkulosinfektion (LTBI)"}]},{"@type":"WebSite","@id":"https:\/\/tuberkuloosi.fi\/se\/#website","url":"https:\/\/tuberkuloosi.fi\/se\/","name":"Tuberkulos - tuberkuloosi.fi","description":"Tuberkulos kan botas \u2013 det klarar vi tillsammans","publisher":{"@id":"https:\/\/tuberkuloosi.fi\/se\/#organization"},"potentialAction":[{"@type":"SearchAction","target":{"@type":"EntryPoint","urlTemplate":"https:\/\/tuberkuloosi.fi\/se\/?s={search_term_string}"},"query-input":{"@type":"PropertyValueSpecification","valueRequired":true,"valueName":"search_term_string"}}],"inLanguage":"sv-SE"},{"@type":"Organization","@id":"https:\/\/tuberkuloosi.fi\/se\/#organization","name":"Tuberkulos - tuberkuloosi.fi","url":"https:\/\/tuberkuloosi.fi\/se\/","logo":{"@type":"ImageObject","inLanguage":"sv-SE","@id":"https:\/\/tuberkuloosi.fi\/se\/#\/schema\/logo\/image\/","url":"https:\/\/tuberkuloosi.fi\/se\/wp-content\/uploads\/sites\/9\/2019\/08\/cropped-tuberkuloosi.fi-logo1.jpg","contentUrl":"https:\/\/tuberkuloosi.fi\/se\/wp-content\/uploads\/sites\/9\/2019\/08\/cropped-tuberkuloosi.fi-logo1.jpg","width":1598,"height":321,"caption":"Tuberkulos - tuberkuloosi.fi"},"image":{"@id":"https:\/\/tuberkuloosi.fi\/se\/#\/schema\/logo\/image\/"}}]}},"_links":{"self":[{"href":"https:\/\/tuberkuloosi.fi\/se\/wp-json\/wp\/v2\/pages\/567","targetHints":{"allow":["GET"]}}],"collection":[{"href":"https:\/\/tuberkuloosi.fi\/se\/wp-json\/wp\/v2\/pages"}],"about":[{"href":"https:\/\/tuberkuloosi.fi\/se\/wp-json\/wp\/v2\/types\/page"}],"author":[{"embeddable":true,"href":"https:\/\/tuberkuloosi.fi\/se\/wp-json\/wp\/v2\/users\/1"}],"replies":[{"embeddable":true,"href":"https:\/\/tuberkuloosi.fi\/se\/wp-json\/wp\/v2\/comments?post=567"}],"version-history":[{"count":6,"href":"https:\/\/tuberkuloosi.fi\/se\/wp-json\/wp\/v2\/pages\/567\/revisions"}],"predecessor-version":[{"id":928,"href":"https:\/\/tuberkuloosi.fi\/se\/wp-json\/wp\/v2\/pages\/567\/revisions\/928"}],"up":[{"embeddable":true,"href":"https:\/\/tuberkuloosi.fi\/se\/wp-json\/wp\/v2\/pages\/5"}],"wp:attachment":[{"href":"https:\/\/tuberkuloosi.fi\/se\/wp-json\/wp\/v2\/media?parent=567"}],"curies":[{"name":"wp","href":"https:\/\/api.w.org\/{rel}","templated":true}]}}