{"id":589,"date":"2023-01-11T09:03:04","date_gmt":"2023-01-11T09:03:04","guid":{"rendered":"https:\/\/tuberkuloosi.fi\/se\/?page_id=589"},"modified":"2025-03-14T10:51:12","modified_gmt":"2025-03-14T10:51:12","slug":"uppsamlandet-av-sputumsprov","status":"publish","type":"page","link":"https:\/\/tuberkuloosi.fi\/se\/hjalp\/uppsamlandet-av-sputumsprov\/","title":{"rendered":"Uppsamlandet av sputumsprov"},"content":{"rendered":"<p>Instruktionerna nedan \u00f6ppnas som separata pdf-filer. Den 2-sidiga instruktionen l\u00e4mpar sig b\u00e4st f\u00f6r utskrift, den 8-sidiga instruktionen f\u00f6r visning\u00a0 p\u00e5 sk\u00e4rmen.<\/p>\n<h2>2-sidig bildinstruktion f\u00f6r uppsamlandet av sputumprov<\/h2>\n<p><a href=\"https:\/\/tuberkuloosi.fi\/wp-content\/uploads\/2021\/05\/Uppsamlandet-av-sputumsprov_SE-2-sidor.pdf\" target=\"_blank\" rel=\"noopener\">Uppsamlandet av sputumsprov p\u00e5 svenska (2 sidor)<\/a><\/p>\n<p><a href=\"https:\/\/tuberkuloosi.fi\/wp-content\/uploads\/2021\/05\/yskosnaytteen-ottaminen-2021-2-sivua.pdf\" target=\"_blank\" rel=\"noopener\">Uppsamlandet av sputumsprov p\u00e5 finska (2 sidor)<\/a><\/p>\n<h4>\u00d6vers\u00e4ttningar till andra spr\u00e5k<\/h4>\n<p><a href=\"http:\/\/tuberkuloosi.fi\/wp-content\/uploads\/2016\/07\/Collection-of-sputum-samples-for-TB_AR-2-pages.pdf\" target=\"_blank\" rel=\"noopener\">Uppsamlandet av sputumsprov p\u00e5 arabiska (2 sidor)<\/a><\/p>\n<p><a href=\"http:\/\/tuberkuloosi.fi\/wp-content\/uploads\/2016\/07\/Collection-of-sputum-samples-for-TB_Dari-2-pages.pdf\" target=\"_blank\" rel=\"noopener\">Uppsamlandet av sputumsprov p\u00e5 dari (2 sidor)<\/a><\/p>\n<p><a href=\"https:\/\/tuberkuloosi.fi\/wp-content\/uploads\/2021\/10\/Collection-of-sputum-samples-for-TB_EN-2-pages.pdf\" target=\"_blank\" rel=\"noopener\">Uppsamlandet av sputumsprov p\u00e5 engelska (2 sidor)<\/a><\/p>\n<p><a href=\"http:\/\/tuberkuloosi.fi\/wp-content\/uploads\/2016\/11\/Collection-of-sputum-samples-for-TB_ET-2-pages.pdf\" target=\"_blank\" rel=\"noopener\">Uppsamlandet av sputumsprov p\u00e5 estniska (2 sidor)<\/a><\/p>\n<p><a href=\"http:\/\/tuberkuloosi.fi\/wp-content\/uploads\/2016\/07\/Collection-of-sputum-samples-for-TB_ZH-2-pages.pdf\" target=\"_blank\" rel=\"noopener\">Uppsamlandet av sputumsprov p\u00e5 kinesiska (2 sidor)<\/a><\/p>\n<p><a href=\"https:\/\/tuberkuloosi.fi\/wp-content\/uploads\/2022\/12\/Collection-of-sputum-samples-for-TB_KU-2-pages.pdf\" target=\"_blank\" rel=\"noopener\">Uppsamlandet av sputumsprov p\u00e5 kurdiska (sorani) (2 sidor)<\/a><\/p>\n<p><a href=\"http:\/\/tuberkuloosi.fi\/wp-content\/uploads\/2016\/07\/Collection-of-sputum-samples-for-TB_RU-2-pages.pdf\" target=\"_blank\" rel=\"noopener\">Uppsamlandet av sputumsprov p\u00e5 ryska (2 sidor)<\/a><\/p>\n<p><a href=\"http:\/\/tuberkuloosi.fi\/wp-content\/uploads\/2016\/07\/Collection-of-sputum-samples-for-TB_SO-2-pages.pdf\" target=\"_blank\" rel=\"noopener\">Uppsamlandet av sputumsprov p\u00e5 somaliska (2 sidor)<\/a><\/p>\n<p><a href=\"http:\/\/tuberkuloosi.fi\/tl\/wp-content\/uploads\/sites\/14\/2025\/03\/Collection-of-sputum-samples-for-TB_TL-2-pages.pdf\" target=\"_blank\" rel=\"noopener\">Uppsamlandet av sputumsprov p\u00e5 tagalog (2 sidor)<\/a><\/p>\n<h2>8-sidig bildinstruktion f\u00f6r uppsamlandet av sputumprov<\/h2>\n<p><a href=\"https:\/\/tuberkuloosi.fi\/wp-content\/uploads\/2021\/05\/Uppsamlandet-av-sputumsprov_SE-8-sidor.pdf\" target=\"_blank\" rel=\"noopener\">Uppsamlandet av sputumsprov p\u00e5 svenska (8 sidor)<\/a><\/p>\n<p><a href=\"https:\/\/tuberkuloosi.fi\/wp-content\/uploads\/2021\/05\/Ysko\u0308sna\u0308ytteen-ottaminen-2021.pdf\" target=\"_blank\" rel=\"noopener\">Uppsamlandet av sputumsprov p\u00e5 finska (8 sidor)<br \/>\n<\/a><\/p>\n<h4>\u00d6vers\u00e4ttningar till andra spr\u00e5k<\/h4>\n<p><a href=\"http:\/\/tuberkuloosi.fi\/wp-content\/uploads\/2016\/03\/Collection-of-sputum-samples-for-TB_AR.pdf\" target=\"_blank\" rel=\"noopener\">Uppsamlandet av sputumsprov p\u00e5 arabiska (8 sidor)<\/a><\/p>\n<p><a href=\"http:\/\/tuberkuloosi.fi\/wp-content\/uploads\/2016\/03\/Collection-of-sputum-samples-for-TB_Dari.pdf\" target=\"_blank\" rel=\"noopener\">Uppsamlandet av sputumsprov p\u00e5 dari (8 sidor)<\/a><\/p>\n<p><a href=\"https:\/\/tuberkuloosi.fi\/wp-content\/uploads\/2021\/10\/Collection-of-sputum-samples-for-TB_EN.pdf\" target=\"_blank\" rel=\"noopener\">Uppsamlandet av sputumsprov p\u00e5 engelska (8 sidor)<\/a><\/p>\n<p><a href=\"http:\/\/tuberkuloosi.fi\/wp-content\/uploads\/2016\/11\/Collection-of-sputum-samples-for-TB_ET.pdf\" target=\"_blank\" rel=\"noopener\">Uppsamlandet av sputumsprov p\u00e5 estniska (8 sidor)<\/a><\/p>\n<p><a href=\"http:\/\/tuberkuloosi.fi\/wp-content\/uploads\/2016\/03\/Collection-of-sputum-samples-for-TB_ZH.pdf\" target=\"_blank\" rel=\"noopener\">Uppsamlandet av sputumsprov p\u00e5 kinesiska (8 sidor)<\/a><\/p>\n<p><a href=\"https:\/\/tuberkuloosi.fi\/wp-content\/uploads\/2022\/12\/Collection-of-sputum-samples-for-TB_KU.pdf\" target=\"_blank\" rel=\"noopener\">Uppsamlandet av sputumsprov p\u00e5 kurdiska (sorani) (8 sidor)<\/a><\/p>\n<p><a href=\"http:\/\/tuberkuloosi.fi\/wp-content\/uploads\/2016\/03\/Collection-of-sputum-samples-for-TB-8-pages_RU.pdf\" target=\"_blank\" rel=\"noopener\">Uppsamlandet av sputumsprov p\u00e5 ryska (8 sidor)<\/a><\/p>\n<p><a href=\"http:\/\/tuberkuloosi.fi\/wp-content\/uploads\/2016\/03\/Collection-of-sputum-samples-for-TB_SO-9-pages.pdf\" target=\"_blank\" rel=\"noopener\">Uppsamlandet av sputumsprov p\u00e5 somaliska (8 sidor)<\/a><\/p>\n<p><a href=\"http:\/\/tuberkuloosi.fi\/tl\/wp-content\/uploads\/sites\/14\/2025\/03\/Collection-of-sputum-samples-for-TB_TL.pdf\" target=\"_blank\" rel=\"noopener\">Uppsamlandet av sputumsprov p\u00e5 tagalog (8 sidor)<\/a><\/p>\n<h2>Birkalands sjukv\u00e5rdsdistrikts patientanvisningar f\u00f6r upphostningprov:<\/h2>\n<p><a href=\"http:\/\/tuberkuloosi.fi\/wp-content\/uploads\/2014\/03\/Potilasohje-ysk\u00f6sten-ker\u00e4ys-Ruotsi.pdf\" target=\"_blank\" rel=\"noopener\">Patientanvisning f\u00f6r upphostningprov p\u00e5 svenska (pdf)<\/a><\/p>\n<p><a href=\"http:\/\/tuberkuloosi.fi\/wp-content\/uploads\/2014\/03\/Potilasohje-ysk\u00f6sten-ker\u00e4ys.pdf\" target=\"_blank\" rel=\"noopener\">Patientanvisning f\u00f6r upphostningprov p\u00e5 finska (pdf)<\/a><\/p>\n<h4>\u00d6vers\u00e4ttningar till andra spr\u00e5k:<\/h4>\n<p><a href=\"http:\/\/tuberkuloosi.fi\/wp-content\/uploads\/2014\/03\/Potilasohje-ysk\u00f6sten-ker\u00e4ys-Albania.pdf\" target=\"_blank\" rel=\"noopener\">Patientanvisning f\u00f6r upphostningprov p\u00e5 albanska (pdf)<\/a><\/p>\n<p><a href=\"http:\/\/tuberkuloosi.fi\/wp-content\/uploads\/2014\/03\/Potilasohje-ysk\u00f6sten-ker\u00e4ys-Arabia.pdf\" target=\"_blank\" rel=\"noopener\">Patientanvisning f\u00f6r upphostningprov p\u00e5 arabiska (pdf)<\/a><\/p>\n<p><a href=\"http:\/\/tuberkuloosi.fi\/wp-content\/uploads\/2014\/03\/Potilasohje-ysk\u00f6sten-ker\u00e4ys-Bosnia.pdf\" target=\"_blank\" rel=\"noopener\">Patientanvisning f\u00f6r upphostningprov p\u00e5 bosniska (pdf)<\/a><\/p>\n<p><a href=\"http:\/\/tuberkuloosi.fi\/wp-content\/uploads\/2014\/03\/Potilasohje-ysk\u00f6sten-ker\u00e4ys-Englanti.pdf\" target=\"_blank\" rel=\"noopener\">Patientanvisning f\u00f6r upphostningprov p\u00e5 engelska (pdf)<\/a><\/p>\n<p><a href=\"http:\/\/tuberkuloosi.fi\/wp-content\/uploads\/2014\/03\/Potilasohje-ysk\u00f6sten-ker\u00e4ys-Viro.pdf\" target=\"_blank\" rel=\"noopener\">Patientanvisning f\u00f6r upphostningprov p\u00e5 estniska (pdf)<\/a><\/p>\n<p><a href=\"http:\/\/tuberkuloosi.fi\/wp-content\/uploads\/2014\/03\/Potilasohje-ysk\u00f6sten-ker\u00e4ys-Ranska.pdf\" target=\"_blank\" rel=\"noopener\">Patientanvisning f\u00f6r upphostningprov p\u00e5 franska (pdf)<\/a><\/p>\n<p><a href=\"http:\/\/tuberkuloosi.fi\/wp-content\/uploads\/2014\/03\/Potilasohje-ysk\u00f6sten-ker\u00e4ys-Kiina.pdf\" target=\"_blank\" rel=\"noopener\">Patientanvisning f\u00f6r upphostningprov p\u00e5 kinesiska (pdf)<\/a><\/p>\n<p><a href=\"http:\/\/tuberkuloosi.fi\/wp-content\/uploads\/2014\/03\/Potilasohje-ysk\u00f6sten-ker\u00e4ys-Kurdi.pdf\" target=\"_blank\" rel=\"noopener\">Patientanvisning f\u00f6r upphostningprov p\u00e5 kurdiska (pdf)<\/a><\/p>\n<p><a href=\"http:\/\/tuberkuloosi.fi\/wp-content\/uploads\/2014\/03\/Potilasohje-ysk\u00f6sten-ker\u00e4ys-Persia.pdf\" target=\"_blank\" rel=\"noopener\">Patientanvisning f\u00f6r upphostningprov p\u00e5 persiska (pdf)<\/a><\/p>\n<p><a href=\"http:\/\/tuberkuloosi.fi\/wp-content\/uploads\/2014\/03\/Potilasohje-ysk\u00f6sten-ker\u00e4ys-Somali.pdf\" target=\"_blank\" rel=\"noopener\">Patientanvisning f\u00f6r upphostningprov p\u00e5 somaliska (pdf)<\/a><\/p>\n<p><a href=\"http:\/\/tuberkuloosi.fi\/wp-content\/uploads\/2014\/03\/Potilasohje-ysk\u00f6sten-ker\u00e4ys-thai-.pdf\" target=\"_blank\" rel=\"noopener\">Patientanvisning f\u00f6r upphostningprov p\u00e5 thail\u00e4ndska (pdf)<\/a><\/p>\n<p><a href=\"http:\/\/tuberkuloosi.fi\/wp-content\/uploads\/2014\/03\/Potilasohje-ysk\u00f6sten-ker\u00e4ys-Turkki.pdf\" target=\"_blank\" rel=\"noopener\">Patientanvisning f\u00f6r upphostningprov p\u00e5 turkiska (pdf)<\/a><\/p>\n<p><a href=\"http:\/\/tuberkuloosi.fi\/wp-content\/uploads\/2014\/03\/Potilasohje-ysk\u00f6sten-ker\u00e4ys-Ven\u00e4j\u00e4.pdf\" target=\"_blank\" rel=\"noopener\">Patientanvisning f\u00f6r upphostningprov p\u00e5 ryska (pdf)<\/a><\/p>\n<p><a href=\"http:\/\/tuberkuloosi.fi\/wp-content\/uploads\/2014\/03\/Potilasohje-ysk\u00f6sten-ker\u00e4ys-Espanja.pdf\" target=\"_blank\" rel=\"noopener\">Patientanvisning f\u00f6r upphostningprov p\u00e5 spanska (pdf)<\/a><\/p>\n<p><a href=\"http:\/\/tuberkuloosi.fi\/wp-content\/uploads\/2014\/03\/Potilasohje-ysk\u00f6sten-ker\u00e4ys-Vietnam.pdf\" target=\"_blank\" rel=\"noopener\">Patientanvisning f\u00f6r upphostningprov p\u00e5 vietnamesiska(pdf)<\/a><\/p>\n<p>&nbsp;<\/p>\n","protected":false},"excerpt":{"rendered":"<p>Instruktionerna nedan \u00f6ppnas som separata pdf-filer. Den 2-sidiga instruktionen l\u00e4mpar sig b\u00e4st f\u00f6r utskrift, den 8-sidiga instruktionen f\u00f6r visning\u00a0 p\u00e5 sk\u00e4rmen. 2-sidig bildinstruktion f\u00f6r uppsamlandet av sputumprov Uppsamlandet av sputumsprov p\u00e5 svenska (2 sidor) Uppsamlandet av sputumsprov p\u00e5 finska (2 sidor) \u00d6vers\u00e4ttningar till andra spr\u00e5k Uppsamlandet av sputumsprov p\u00e5 arabiska (2 sidor) Uppsamlandet av sputumsprov &#8230; <a title=\"Uppsamlandet av sputumsprov\" class=\"read-more\" href=\"https:\/\/tuberkuloosi.fi\/se\/hjalp\/uppsamlandet-av-sputumsprov\/\">L\u00e4s mer<span class=\"screen-reader-text\">Uppsamlandet av sputumsprov<\/span><\/a><\/p>\n","protected":false},"author":1,"featured_media":0,"parent":68,"menu_order":0,"comment_status":"closed","ping_status":"closed","template":"","meta":{"footnotes":""},"class_list":["post-589","page","type-page","status-publish"],"yoast_head":"<!-- This site is optimized with the Yoast SEO plugin v27.4 - https:\/\/yoast.com\/product\/yoast-seo-wordpress\/ -->\n<title>Uppsamlandet av sputumsprov - Tuberkulos - tuberkuloosi.fi<\/title>\n<meta name=\"robots\" content=\"index, follow, max-snippet:-1, max-image-preview:large, max-video-preview:-1\" \/>\n<link rel=\"canonical\" href=\"https:\/\/tuberkuloosi.fi\/se\/hjalp\/uppsamlandet-av-sputumsprov\/\" \/>\n<meta property=\"og:locale\" content=\"sv_SE\" \/>\n<meta property=\"og:type\" content=\"article\" \/>\n<meta property=\"og:title\" content=\"Uppsamlandet av sputumsprov - Tuberkulos - tuberkuloosi.fi\" \/>\n<meta property=\"og:description\" content=\"Instruktionerna nedan \u00f6ppnas som separata pdf-filer. Den 2-sidiga instruktionen l\u00e4mpar sig b\u00e4st f\u00f6r utskrift, den 8-sidiga instruktionen f\u00f6r visning\u00a0 p\u00e5 sk\u00e4rmen. 2-sidig bildinstruktion f\u00f6r uppsamlandet av sputumprov Uppsamlandet av sputumsprov p\u00e5 svenska (2 sidor) Uppsamlandet av sputumsprov p\u00e5 finska (2 sidor) \u00d6vers\u00e4ttningar till andra spr\u00e5k Uppsamlandet av sputumsprov p\u00e5 arabiska (2 sidor) Uppsamlandet av sputumsprov ... L\u00e4s merUppsamlandet av sputumsprov\" \/>\n<meta property=\"og:url\" content=\"https:\/\/tuberkuloosi.fi\/se\/hjalp\/uppsamlandet-av-sputumsprov\/\" \/>\n<meta property=\"og:site_name\" content=\"Tuberkulos - tuberkuloosi.fi\" \/>\n<meta property=\"article:modified_time\" content=\"2025-03-14T10:51:12+00:00\" \/>\n<meta name=\"twitter:card\" content=\"summary_large_image\" \/>\n<meta name=\"twitter:label1\" content=\"Ber\u00e4knad l\u00e4stid\" \/>\n\t<meta name=\"twitter:data1\" content=\"2 minuter\" \/>\n<script type=\"application\/ld+json\" class=\"yoast-schema-graph\">{\"@context\":\"https:\\\/\\\/schema.org\",\"@graph\":[{\"@type\":\"WebPage\",\"@id\":\"https:\\\/\\\/tuberkuloosi.fi\\\/se\\\/hjalp\\\/uppsamlandet-av-sputumsprov\\\/\",\"url\":\"https:\\\/\\\/tuberkuloosi.fi\\\/se\\\/hjalp\\\/uppsamlandet-av-sputumsprov\\\/\",\"name\":\"Uppsamlandet av sputumsprov - Tuberkulos - tuberkuloosi.fi\",\"isPartOf\":{\"@id\":\"https:\\\/\\\/tuberkuloosi.fi\\\/se\\\/#website\"},\"datePublished\":\"2023-01-11T09:03:04+00:00\",\"dateModified\":\"2025-03-14T10:51:12+00:00\",\"breadcrumb\":{\"@id\":\"https:\\\/\\\/tuberkuloosi.fi\\\/se\\\/hjalp\\\/uppsamlandet-av-sputumsprov\\\/#breadcrumb\"},\"inLanguage\":\"sv-SE\",\"potentialAction\":[{\"@type\":\"ReadAction\",\"target\":[\"https:\\\/\\\/tuberkuloosi.fi\\\/se\\\/hjalp\\\/uppsamlandet-av-sputumsprov\\\/\"]}]},{\"@type\":\"BreadcrumbList\",\"@id\":\"https:\\\/\\\/tuberkuloosi.fi\\\/se\\\/hjalp\\\/uppsamlandet-av-sputumsprov\\\/#breadcrumb\",\"itemListElement\":[{\"@type\":\"ListItem\",\"position\":1,\"name\":\"Etusivu\",\"item\":\"https:\\\/\\\/tuberkuloosi.fi\\\/se\\\/\"},{\"@type\":\"ListItem\",\"position\":2,\"name\":\"Hj\u00e4lp\",\"item\":\"https:\\\/\\\/tuberkuloosi.fi\\\/se\\\/hjalp\\\/\"},{\"@type\":\"ListItem\",\"position\":3,\"name\":\"Uppsamlandet av sputumsprov\"}]},{\"@type\":\"WebSite\",\"@id\":\"https:\\\/\\\/tuberkuloosi.fi\\\/se\\\/#website\",\"url\":\"https:\\\/\\\/tuberkuloosi.fi\\\/se\\\/\",\"name\":\"Tuberkulos - tuberkuloosi.fi\",\"description\":\"Tuberkulos kan botas \u2013 det klarar vi tillsammans\",\"publisher\":{\"@id\":\"https:\\\/\\\/tuberkuloosi.fi\\\/se\\\/#organization\"},\"potentialAction\":[{\"@type\":\"SearchAction\",\"target\":{\"@type\":\"EntryPoint\",\"urlTemplate\":\"https:\\\/\\\/tuberkuloosi.fi\\\/se\\\/?s={search_term_string}\"},\"query-input\":{\"@type\":\"PropertyValueSpecification\",\"valueRequired\":true,\"valueName\":\"search_term_string\"}}],\"inLanguage\":\"sv-SE\"},{\"@type\":\"Organization\",\"@id\":\"https:\\\/\\\/tuberkuloosi.fi\\\/se\\\/#organization\",\"name\":\"Tuberkulos - tuberkuloosi.fi\",\"url\":\"https:\\\/\\\/tuberkuloosi.fi\\\/se\\\/\",\"logo\":{\"@type\":\"ImageObject\",\"inLanguage\":\"sv-SE\",\"@id\":\"https:\\\/\\\/tuberkuloosi.fi\\\/se\\\/#\\\/schema\\\/logo\\\/image\\\/\",\"url\":\"https:\\\/\\\/tuberkuloosi.fi\\\/se\\\/wp-content\\\/uploads\\\/sites\\\/9\\\/2019\\\/08\\\/cropped-tuberkuloosi.fi-logo1.jpg\",\"contentUrl\":\"https:\\\/\\\/tuberkuloosi.fi\\\/se\\\/wp-content\\\/uploads\\\/sites\\\/9\\\/2019\\\/08\\\/cropped-tuberkuloosi.fi-logo1.jpg\",\"width\":1598,\"height\":321,\"caption\":\"Tuberkulos - tuberkuloosi.fi\"},\"image\":{\"@id\":\"https:\\\/\\\/tuberkuloosi.fi\\\/se\\\/#\\\/schema\\\/logo\\\/image\\\/\"}}]}<\/script>\n<!-- \/ Yoast SEO plugin. -->","yoast_head_json":{"title":"Uppsamlandet av sputumsprov - Tuberkulos - tuberkuloosi.fi","robots":{"index":"index","follow":"follow","max-snippet":"max-snippet:-1","max-image-preview":"max-image-preview:large","max-video-preview":"max-video-preview:-1"},"canonical":"https:\/\/tuberkuloosi.fi\/se\/hjalp\/uppsamlandet-av-sputumsprov\/","og_locale":"sv_SE","og_type":"article","og_title":"Uppsamlandet av sputumsprov - Tuberkulos - tuberkuloosi.fi","og_description":"Instruktionerna nedan \u00f6ppnas som separata pdf-filer. Den 2-sidiga instruktionen l\u00e4mpar sig b\u00e4st f\u00f6r utskrift, den 8-sidiga instruktionen f\u00f6r visning\u00a0 p\u00e5 sk\u00e4rmen. 2-sidig bildinstruktion f\u00f6r uppsamlandet av sputumprov Uppsamlandet av sputumsprov p\u00e5 svenska (2 sidor) Uppsamlandet av sputumsprov p\u00e5 finska (2 sidor) \u00d6vers\u00e4ttningar till andra spr\u00e5k Uppsamlandet av sputumsprov p\u00e5 arabiska (2 sidor) Uppsamlandet av sputumsprov ... L\u00e4s merUppsamlandet av sputumsprov","og_url":"https:\/\/tuberkuloosi.fi\/se\/hjalp\/uppsamlandet-av-sputumsprov\/","og_site_name":"Tuberkulos - tuberkuloosi.fi","article_modified_time":"2025-03-14T10:51:12+00:00","twitter_card":"summary_large_image","twitter_misc":{"Ber\u00e4knad l\u00e4stid":"2 minuter"},"schema":{"@context":"https:\/\/schema.org","@graph":[{"@type":"WebPage","@id":"https:\/\/tuberkuloosi.fi\/se\/hjalp\/uppsamlandet-av-sputumsprov\/","url":"https:\/\/tuberkuloosi.fi\/se\/hjalp\/uppsamlandet-av-sputumsprov\/","name":"Uppsamlandet av sputumsprov - Tuberkulos - tuberkuloosi.fi","isPartOf":{"@id":"https:\/\/tuberkuloosi.fi\/se\/#website"},"datePublished":"2023-01-11T09:03:04+00:00","dateModified":"2025-03-14T10:51:12+00:00","breadcrumb":{"@id":"https:\/\/tuberkuloosi.fi\/se\/hjalp\/uppsamlandet-av-sputumsprov\/#breadcrumb"},"inLanguage":"sv-SE","potentialAction":[{"@type":"ReadAction","target":["https:\/\/tuberkuloosi.fi\/se\/hjalp\/uppsamlandet-av-sputumsprov\/"]}]},{"@type":"BreadcrumbList","@id":"https:\/\/tuberkuloosi.fi\/se\/hjalp\/uppsamlandet-av-sputumsprov\/#breadcrumb","itemListElement":[{"@type":"ListItem","position":1,"name":"Etusivu","item":"https:\/\/tuberkuloosi.fi\/se\/"},{"@type":"ListItem","position":2,"name":"Hj\u00e4lp","item":"https:\/\/tuberkuloosi.fi\/se\/hjalp\/"},{"@type":"ListItem","position":3,"name":"Uppsamlandet av sputumsprov"}]},{"@type":"WebSite","@id":"https:\/\/tuberkuloosi.fi\/se\/#website","url":"https:\/\/tuberkuloosi.fi\/se\/","name":"Tuberkulos - tuberkuloosi.fi","description":"Tuberkulos kan botas \u2013 det klarar vi tillsammans","publisher":{"@id":"https:\/\/tuberkuloosi.fi\/se\/#organization"},"potentialAction":[{"@type":"SearchAction","target":{"@type":"EntryPoint","urlTemplate":"https:\/\/tuberkuloosi.fi\/se\/?s={search_term_string}"},"query-input":{"@type":"PropertyValueSpecification","valueRequired":true,"valueName":"search_term_string"}}],"inLanguage":"sv-SE"},{"@type":"Organization","@id":"https:\/\/tuberkuloosi.fi\/se\/#organization","name":"Tuberkulos - tuberkuloosi.fi","url":"https:\/\/tuberkuloosi.fi\/se\/","logo":{"@type":"ImageObject","inLanguage":"sv-SE","@id":"https:\/\/tuberkuloosi.fi\/se\/#\/schema\/logo\/image\/","url":"https:\/\/tuberkuloosi.fi\/se\/wp-content\/uploads\/sites\/9\/2019\/08\/cropped-tuberkuloosi.fi-logo1.jpg","contentUrl":"https:\/\/tuberkuloosi.fi\/se\/wp-content\/uploads\/sites\/9\/2019\/08\/cropped-tuberkuloosi.fi-logo1.jpg","width":1598,"height":321,"caption":"Tuberkulos - tuberkuloosi.fi"},"image":{"@id":"https:\/\/tuberkuloosi.fi\/se\/#\/schema\/logo\/image\/"}}]}},"_links":{"self":[{"href":"https:\/\/tuberkuloosi.fi\/se\/wp-json\/wp\/v2\/pages\/589","targetHints":{"allow":["GET"]}}],"collection":[{"href":"https:\/\/tuberkuloosi.fi\/se\/wp-json\/wp\/v2\/pages"}],"about":[{"href":"https:\/\/tuberkuloosi.fi\/se\/wp-json\/wp\/v2\/types\/page"}],"author":[{"embeddable":true,"href":"https:\/\/tuberkuloosi.fi\/se\/wp-json\/wp\/v2\/users\/1"}],"replies":[{"embeddable":true,"href":"https:\/\/tuberkuloosi.fi\/se\/wp-json\/wp\/v2\/comments?post=589"}],"version-history":[{"count":15,"href":"https:\/\/tuberkuloosi.fi\/se\/wp-json\/wp\/v2\/pages\/589\/revisions"}],"predecessor-version":[{"id":887,"href":"https:\/\/tuberkuloosi.fi\/se\/wp-json\/wp\/v2\/pages\/589\/revisions\/887"}],"up":[{"embeddable":true,"href":"https:\/\/tuberkuloosi.fi\/se\/wp-json\/wp\/v2\/pages\/68"}],"wp:attachment":[{"href":"https:\/\/tuberkuloosi.fi\/se\/wp-json\/wp\/v2\/media?parent=589"}],"curies":[{"name":"wp","href":"https:\/\/api.w.org\/{rel}","templated":true}]}}