{"id":60,"date":"2016-11-20T00:00:24","date_gmt":"2016-11-20T00:00:24","guid":{"rendered":"http:\/\/tuberkuloosi.fi\/se\/?page_id=60"},"modified":"2019-08-29T07:45:17","modified_gmt":"2019-08-29T07:45:17","slug":"tuberkulosvaccination","status":"publish","type":"page","link":"https:\/\/tuberkuloosi.fi\/se\/tuberkulos\/tuberkulosvaccination\/","title":{"rendered":"Tuberkulosvaccination"},"content":{"rendered":"<p><img fetchpriority=\"high\" decoding=\"async\" class=\"alignright size-full wp-image-122\" src=\"http:\/\/tuberkuloosi.fi\/wp-content\/uploads\/2014\/03\/vauva.jpg\" alt=\"mamma\" width=\"264\" height=\"504\" \/><\/p>\n<blockquote><p>Vaccination skyddar sp\u00e4dbarn och sm\u00e5barn mot allvarliga former av tuberkulos.<\/p><\/blockquote>\n<p>BCG (Bacillus Calmette-Guerin) -vaccin skyddar sp\u00e4dbarn och sm\u00e5barn mot allvarliga former av tuberkulos. Hit h\u00f6r bland annat tuberkul\u00f6s hj\u00e4rnhinneinflammation och generaliserad tuberkulos.<\/p>\n<p>F\u00f6rr i tiden BCG-vaccinerades alla barn i Finland. Fr\u00e5n och med 2006 har man endast vaccinerat barn, som ansetts l\u00f6pa \u00f6kad risk f\u00f6r tuberkulossmitta och insjuknande. Orsaken till f\u00f6r\u00e4ndringen i vaccinationspraxis var minskningen i antalet tuberkulosfall i Finland.<\/p>\n<p>I allm\u00e4nhet ges vaccinet till nyf\u00f6dda. Barn \u00f6ver 7 \u00e5r vaccineras inte. Beslut om vaccination g\u00f6rs av l\u00e4kare. Vaccinationen \u00e4r kostnadsfri. L\u00e4s mer p\u00e5 Institutet f\u00f6r h\u00e4lsa och v\u00e4lf\u00e4rds webbplats:<br \/>\n<a title=\"http:\/\/www.thl.fi\/sv\/web\/vaccinationer\/vaccin\/bcg-vaccin\" href=\"http:\/www.thl.fi\/sv\/web\/vaccinationer\/vaccin\/bcg-vaccin\">www.thl.fi\/sv\/web\/vaccinationer\/vaccin\/bcg-vaccin<\/a><\/p>\n<p>BCG-vaccination i barna\u00e5ren skyddar inte den vuxna befolkningen.<\/p>\n<p>Nya, tryggare och b\u00e4ttre tuberkulosvacciner \u00e4r under utveckling.<\/p>\n","protected":false},"excerpt":{"rendered":"<p>Vaccination skyddar sp\u00e4dbarn och sm\u00e5barn mot allvarliga former av tuberkulos. BCG (Bacillus Calmette-Guerin) -vaccin skyddar sp\u00e4dbarn och sm\u00e5barn mot allvarliga former av tuberkulos. Hit h\u00f6r bland annat tuberkul\u00f6s hj\u00e4rnhinneinflammation och generaliserad tuberkulos. F\u00f6rr i tiden BCG-vaccinerades alla barn i Finland. Fr\u00e5n och med 2006 har man endast vaccinerat barn, som ansetts l\u00f6pa \u00f6kad risk f\u00f6r &#8230; <a title=\"Tuberkulosvaccination\" class=\"read-more\" href=\"https:\/\/tuberkuloosi.fi\/se\/tuberkulos\/tuberkulosvaccination\/\">L\u00e4s mer<span class=\"screen-reader-text\">Tuberkulosvaccination<\/span><\/a><\/p>\n","protected":false},"author":2,"featured_media":0,"parent":5,"menu_order":14,"comment_status":"closed","ping_status":"open","template":"","meta":{"footnotes":""},"class_list":["post-60","page","type-page","status-publish"],"yoast_head":"<!-- This site is optimized with the Yoast SEO plugin v27.5 - https:\/\/yoast.com\/product\/yoast-seo-wordpress\/ -->\n<title>Tuberkulosvaccination - Tuberkulos - tuberkuloosi.fi<\/title>\n<meta name=\"robots\" content=\"index, follow, max-snippet:-1, max-image-preview:large, max-video-preview:-1\" \/>\n<link rel=\"canonical\" href=\"https:\/\/tuberkuloosi.fi\/se\/tuberkulos\/tuberkulosvaccination\/\" \/>\n<meta property=\"og:locale\" content=\"sv_SE\" \/>\n<meta property=\"og:type\" content=\"article\" \/>\n<meta property=\"og:title\" content=\"Tuberkulosvaccination - Tuberkulos - tuberkuloosi.fi\" \/>\n<meta property=\"og:description\" content=\"Vaccination skyddar sp\u00e4dbarn och sm\u00e5barn mot allvarliga former av tuberkulos. BCG (Bacillus Calmette-Guerin) -vaccin skyddar sp\u00e4dbarn och sm\u00e5barn mot allvarliga former av tuberkulos. Hit h\u00f6r bland annat tuberkul\u00f6s hj\u00e4rnhinneinflammation och generaliserad tuberkulos. F\u00f6rr i tiden BCG-vaccinerades alla barn i Finland. Fr\u00e5n och med 2006 har man endast vaccinerat barn, som ansetts l\u00f6pa \u00f6kad risk f\u00f6r ... L\u00e4s merTuberkulosvaccination\" \/>\n<meta property=\"og:url\" content=\"https:\/\/tuberkuloosi.fi\/se\/tuberkulos\/tuberkulosvaccination\/\" \/>\n<meta property=\"og:site_name\" content=\"Tuberkulos - tuberkuloosi.fi\" \/>\n<meta property=\"article:modified_time\" content=\"2019-08-29T07:45:17+00:00\" \/>\n<meta property=\"og:image\" content=\"http:\/\/tuberkuloosi.fi\/wp-content\/uploads\/2014\/03\/vauva.jpg\" \/>\n<meta name=\"twitter:card\" content=\"summary_large_image\" \/>\n<meta name=\"twitter:label1\" content=\"Ber\u00e4knad l\u00e4stid\" \/>\n\t<meta name=\"twitter:data1\" content=\"1 minut\" \/>\n<script type=\"application\/ld+json\" class=\"yoast-schema-graph\">{\"@context\":\"https:\\\/\\\/schema.org\",\"@graph\":[{\"@type\":\"WebPage\",\"@id\":\"https:\\\/\\\/tuberkuloosi.fi\\\/se\\\/tuberkulos\\\/tuberkulosvaccination\\\/\",\"url\":\"https:\\\/\\\/tuberkuloosi.fi\\\/se\\\/tuberkulos\\\/tuberkulosvaccination\\\/\",\"name\":\"Tuberkulosvaccination - Tuberkulos - tuberkuloosi.fi\",\"isPartOf\":{\"@id\":\"https:\\\/\\\/tuberkuloosi.fi\\\/se\\\/#website\"},\"primaryImageOfPage\":{\"@id\":\"https:\\\/\\\/tuberkuloosi.fi\\\/se\\\/tuberkulos\\\/tuberkulosvaccination\\\/#primaryimage\"},\"image\":{\"@id\":\"https:\\\/\\\/tuberkuloosi.fi\\\/se\\\/tuberkulos\\\/tuberkulosvaccination\\\/#primaryimage\"},\"thumbnailUrl\":\"http:\\\/\\\/tuberkuloosi.fi\\\/wp-content\\\/uploads\\\/2014\\\/03\\\/vauva.jpg\",\"datePublished\":\"2016-11-20T00:00:24+00:00\",\"dateModified\":\"2019-08-29T07:45:17+00:00\",\"breadcrumb\":{\"@id\":\"https:\\\/\\\/tuberkuloosi.fi\\\/se\\\/tuberkulos\\\/tuberkulosvaccination\\\/#breadcrumb\"},\"inLanguage\":\"sv-SE\",\"potentialAction\":[{\"@type\":\"ReadAction\",\"target\":[\"https:\\\/\\\/tuberkuloosi.fi\\\/se\\\/tuberkulos\\\/tuberkulosvaccination\\\/\"]}]},{\"@type\":\"ImageObject\",\"inLanguage\":\"sv-SE\",\"@id\":\"https:\\\/\\\/tuberkuloosi.fi\\\/se\\\/tuberkulos\\\/tuberkulosvaccination\\\/#primaryimage\",\"url\":\"http:\\\/\\\/tuberkuloosi.fi\\\/wp-content\\\/uploads\\\/2014\\\/03\\\/vauva.jpg\",\"contentUrl\":\"http:\\\/\\\/tuberkuloosi.fi\\\/wp-content\\\/uploads\\\/2014\\\/03\\\/vauva.jpg\"},{\"@type\":\"BreadcrumbList\",\"@id\":\"https:\\\/\\\/tuberkuloosi.fi\\\/se\\\/tuberkulos\\\/tuberkulosvaccination\\\/#breadcrumb\",\"itemListElement\":[{\"@type\":\"ListItem\",\"position\":1,\"name\":\"Etusivu\",\"item\":\"https:\\\/\\\/tuberkuloosi.fi\\\/se\\\/\"},{\"@type\":\"ListItem\",\"position\":2,\"name\":\"Tuberkulos\",\"item\":\"https:\\\/\\\/tuberkuloosi.fi\\\/se\\\/tuberkulos\\\/\"},{\"@type\":\"ListItem\",\"position\":3,\"name\":\"Tuberkulosvaccination\"}]},{\"@type\":\"WebSite\",\"@id\":\"https:\\\/\\\/tuberkuloosi.fi\\\/se\\\/#website\",\"url\":\"https:\\\/\\\/tuberkuloosi.fi\\\/se\\\/\",\"name\":\"Tuberkulos - tuberkuloosi.fi\",\"description\":\"Tuberkulos kan botas \u2013 det klarar vi tillsammans\",\"publisher\":{\"@id\":\"https:\\\/\\\/tuberkuloosi.fi\\\/se\\\/#organization\"},\"potentialAction\":[{\"@type\":\"SearchAction\",\"target\":{\"@type\":\"EntryPoint\",\"urlTemplate\":\"https:\\\/\\\/tuberkuloosi.fi\\\/se\\\/?s={search_term_string}\"},\"query-input\":{\"@type\":\"PropertyValueSpecification\",\"valueRequired\":true,\"valueName\":\"search_term_string\"}}],\"inLanguage\":\"sv-SE\"},{\"@type\":\"Organization\",\"@id\":\"https:\\\/\\\/tuberkuloosi.fi\\\/se\\\/#organization\",\"name\":\"Tuberkulos - tuberkuloosi.fi\",\"url\":\"https:\\\/\\\/tuberkuloosi.fi\\\/se\\\/\",\"logo\":{\"@type\":\"ImageObject\",\"inLanguage\":\"sv-SE\",\"@id\":\"https:\\\/\\\/tuberkuloosi.fi\\\/se\\\/#\\\/schema\\\/logo\\\/image\\\/\",\"url\":\"https:\\\/\\\/tuberkuloosi.fi\\\/se\\\/wp-content\\\/uploads\\\/sites\\\/9\\\/2019\\\/08\\\/cropped-tuberkuloosi.fi-logo1.jpg\",\"contentUrl\":\"https:\\\/\\\/tuberkuloosi.fi\\\/se\\\/wp-content\\\/uploads\\\/sites\\\/9\\\/2019\\\/08\\\/cropped-tuberkuloosi.fi-logo1.jpg\",\"width\":1598,\"height\":321,\"caption\":\"Tuberkulos - tuberkuloosi.fi\"},\"image\":{\"@id\":\"https:\\\/\\\/tuberkuloosi.fi\\\/se\\\/#\\\/schema\\\/logo\\\/image\\\/\"}}]}<\/script>\n<!-- \/ Yoast SEO plugin. -->","yoast_head_json":{"title":"Tuberkulosvaccination - Tuberkulos - tuberkuloosi.fi","robots":{"index":"index","follow":"follow","max-snippet":"max-snippet:-1","max-image-preview":"max-image-preview:large","max-video-preview":"max-video-preview:-1"},"canonical":"https:\/\/tuberkuloosi.fi\/se\/tuberkulos\/tuberkulosvaccination\/","og_locale":"sv_SE","og_type":"article","og_title":"Tuberkulosvaccination - Tuberkulos - tuberkuloosi.fi","og_description":"Vaccination skyddar sp\u00e4dbarn och sm\u00e5barn mot allvarliga former av tuberkulos. BCG (Bacillus Calmette-Guerin) -vaccin skyddar sp\u00e4dbarn och sm\u00e5barn mot allvarliga former av tuberkulos. Hit h\u00f6r bland annat tuberkul\u00f6s hj\u00e4rnhinneinflammation och generaliserad tuberkulos. F\u00f6rr i tiden BCG-vaccinerades alla barn i Finland. Fr\u00e5n och med 2006 har man endast vaccinerat barn, som ansetts l\u00f6pa \u00f6kad risk f\u00f6r ... L\u00e4s merTuberkulosvaccination","og_url":"https:\/\/tuberkuloosi.fi\/se\/tuberkulos\/tuberkulosvaccination\/","og_site_name":"Tuberkulos - tuberkuloosi.fi","article_modified_time":"2019-08-29T07:45:17+00:00","og_image":[{"url":"http:\/\/tuberkuloosi.fi\/wp-content\/uploads\/2014\/03\/vauva.jpg","type":"","width":"","height":""}],"twitter_card":"summary_large_image","twitter_misc":{"Ber\u00e4knad l\u00e4stid":"1 minut"},"schema":{"@context":"https:\/\/schema.org","@graph":[{"@type":"WebPage","@id":"https:\/\/tuberkuloosi.fi\/se\/tuberkulos\/tuberkulosvaccination\/","url":"https:\/\/tuberkuloosi.fi\/se\/tuberkulos\/tuberkulosvaccination\/","name":"Tuberkulosvaccination - Tuberkulos - tuberkuloosi.fi","isPartOf":{"@id":"https:\/\/tuberkuloosi.fi\/se\/#website"},"primaryImageOfPage":{"@id":"https:\/\/tuberkuloosi.fi\/se\/tuberkulos\/tuberkulosvaccination\/#primaryimage"},"image":{"@id":"https:\/\/tuberkuloosi.fi\/se\/tuberkulos\/tuberkulosvaccination\/#primaryimage"},"thumbnailUrl":"http:\/\/tuberkuloosi.fi\/wp-content\/uploads\/2014\/03\/vauva.jpg","datePublished":"2016-11-20T00:00:24+00:00","dateModified":"2019-08-29T07:45:17+00:00","breadcrumb":{"@id":"https:\/\/tuberkuloosi.fi\/se\/tuberkulos\/tuberkulosvaccination\/#breadcrumb"},"inLanguage":"sv-SE","potentialAction":[{"@type":"ReadAction","target":["https:\/\/tuberkuloosi.fi\/se\/tuberkulos\/tuberkulosvaccination\/"]}]},{"@type":"ImageObject","inLanguage":"sv-SE","@id":"https:\/\/tuberkuloosi.fi\/se\/tuberkulos\/tuberkulosvaccination\/#primaryimage","url":"http:\/\/tuberkuloosi.fi\/wp-content\/uploads\/2014\/03\/vauva.jpg","contentUrl":"http:\/\/tuberkuloosi.fi\/wp-content\/uploads\/2014\/03\/vauva.jpg"},{"@type":"BreadcrumbList","@id":"https:\/\/tuberkuloosi.fi\/se\/tuberkulos\/tuberkulosvaccination\/#breadcrumb","itemListElement":[{"@type":"ListItem","position":1,"name":"Etusivu","item":"https:\/\/tuberkuloosi.fi\/se\/"},{"@type":"ListItem","position":2,"name":"Tuberkulos","item":"https:\/\/tuberkuloosi.fi\/se\/tuberkulos\/"},{"@type":"ListItem","position":3,"name":"Tuberkulosvaccination"}]},{"@type":"WebSite","@id":"https:\/\/tuberkuloosi.fi\/se\/#website","url":"https:\/\/tuberkuloosi.fi\/se\/","name":"Tuberkulos - tuberkuloosi.fi","description":"Tuberkulos kan botas \u2013 det klarar vi tillsammans","publisher":{"@id":"https:\/\/tuberkuloosi.fi\/se\/#organization"},"potentialAction":[{"@type":"SearchAction","target":{"@type":"EntryPoint","urlTemplate":"https:\/\/tuberkuloosi.fi\/se\/?s={search_term_string}"},"query-input":{"@type":"PropertyValueSpecification","valueRequired":true,"valueName":"search_term_string"}}],"inLanguage":"sv-SE"},{"@type":"Organization","@id":"https:\/\/tuberkuloosi.fi\/se\/#organization","name":"Tuberkulos - tuberkuloosi.fi","url":"https:\/\/tuberkuloosi.fi\/se\/","logo":{"@type":"ImageObject","inLanguage":"sv-SE","@id":"https:\/\/tuberkuloosi.fi\/se\/#\/schema\/logo\/image\/","url":"https:\/\/tuberkuloosi.fi\/se\/wp-content\/uploads\/sites\/9\/2019\/08\/cropped-tuberkuloosi.fi-logo1.jpg","contentUrl":"https:\/\/tuberkuloosi.fi\/se\/wp-content\/uploads\/sites\/9\/2019\/08\/cropped-tuberkuloosi.fi-logo1.jpg","width":1598,"height":321,"caption":"Tuberkulos - tuberkuloosi.fi"},"image":{"@id":"https:\/\/tuberkuloosi.fi\/se\/#\/schema\/logo\/image\/"}}]}},"_links":{"self":[{"href":"https:\/\/tuberkuloosi.fi\/se\/wp-json\/wp\/v2\/pages\/60","targetHints":{"allow":["GET"]}}],"collection":[{"href":"https:\/\/tuberkuloosi.fi\/se\/wp-json\/wp\/v2\/pages"}],"about":[{"href":"https:\/\/tuberkuloosi.fi\/se\/wp-json\/wp\/v2\/types\/page"}],"author":[{"embeddable":true,"href":"https:\/\/tuberkuloosi.fi\/se\/wp-json\/wp\/v2\/users\/2"}],"replies":[{"embeddable":true,"href":"https:\/\/tuberkuloosi.fi\/se\/wp-json\/wp\/v2\/comments?post=60"}],"version-history":[{"count":3,"href":"https:\/\/tuberkuloosi.fi\/se\/wp-json\/wp\/v2\/pages\/60\/revisions"}],"predecessor-version":[{"id":584,"href":"https:\/\/tuberkuloosi.fi\/se\/wp-json\/wp\/v2\/pages\/60\/revisions\/584"}],"up":[{"embeddable":true,"href":"https:\/\/tuberkuloosi.fi\/se\/wp-json\/wp\/v2\/pages\/5"}],"wp:attachment":[{"href":"https:\/\/tuberkuloosi.fi\/se\/wp-json\/wp\/v2\/media?parent=60"}],"curies":[{"name":"wp","href":"https:\/\/api.w.org\/{rel}","templated":true}]}}