{"id":604,"date":"2023-01-11T09:28:11","date_gmt":"2023-01-11T09:28:11","guid":{"rendered":"https:\/\/tuberkuloosi.fi\/se\/?page_id=604"},"modified":"2025-03-14T10:53:12","modified_gmt":"2025-03-14T10:53:12","slug":"lungrontgen","status":"publish","type":"page","link":"https:\/\/tuberkuloosi.fi\/se\/hjalp\/lungrontgen\/","title":{"rendered":"Lungr\u00f6ntgen"},"content":{"rendered":"<p>Instruktionerna nedan \u00f6ppnas som separata pdf-filer. Den 2-sidiga instruktionen l\u00e4mpar sig b\u00e4st f\u00f6r utskrift, den 12-sidiga instruktionen f\u00f6r visning\u00a0p\u00e5 sk\u00e4rmen.<\/p>\n<h2>2-sidig bildinstruktion f\u00f6r lungr\u00f6ntgen<\/h2>\n<p><a href=\"http:\/\/tuberkuloosi.fi\/wp-content\/uploads\/2016\/12\/Lungr\u00f6ntgen_SE-2-sidor.pdf\" target=\"_blank\" rel=\"noopener\">Lungr\u00f6ntgen p\u00e5 svenska (2 sidor)<\/a><\/p>\n<p><a href=\"http:\/\/tuberkuloosi.fi\/wp-content\/uploads\/2016\/07\/Keuhkojen-r\u00f6ntgenkuvaus-2-sivua.pdf\" target=\"_blank\" rel=\"noopener\">Lungr\u00f6ntgen p\u00e5 finska (2 sidor)<\/a><\/p>\n<h4>\u00d6vers\u00e4ttningar till andra spr\u00e5k<\/h4>\n<p><a href=\"http:\/\/tuberkuloosi.fi\/wp-content\/uploads\/2016\/07\/Chest-x-ray_AR-2-pages.pdf\" target=\"_blank\" rel=\"noopener\">Lungr\u00f6ntgen p\u00e5 arabiska (2 sidor)<\/a><\/p>\n<p><a href=\"http:\/\/tuberkuloosi.fi\/wp-content\/uploads\/2016\/07\/Chest-x-ray_Dari-2-pages.pdf\" target=\"_blank\" rel=\"noopener\">Lungr\u00f6ntgen p\u00e5 dari (2 sidor)<\/a><\/p>\n<p><a href=\"http:\/\/tuberkuloosi.fi\/wp-content\/uploads\/2016\/07\/Chest-x-ray_EN-2-pages.pdf\" target=\"_blank\" rel=\"noopener\">Lungr\u00f6ntgen p\u00e5 engelska (2 sidor)<\/a><\/p>\n<p><a href=\"http:\/\/tuberkuloosi.fi\/wp-content\/uploads\/2016\/11\/Chest-x-ray_ET-2-pages.pdf\" target=\"_blank\" rel=\"noopener\">Lungr\u00f6ntgen p\u00e5 estniska (2 sidor)<\/a><\/p>\n<p><a href=\"http:\/\/tuberkuloosi.fi\/wp-content\/uploads\/2016\/07\/Chest-x-ray_ZH-2-pages.pdf\" target=\"_blank\" rel=\"noopener\">Lungr\u00f6ntgen p\u00e5 kinesiska (2 sidor)<\/a><\/p>\n<p><a href=\"https:\/\/tuberkuloosi.fi\/wp-content\/uploads\/2022\/12\/Chest-x-ray_KU-2-pages.pdf\" target=\"_blank\" rel=\"noopener\">Lungr\u00f6ntgen p\u00e5 kurdiska (sorani) (2 sidor)<\/a><\/p>\n<p><a href=\"http:\/\/tuberkuloosi.fi\/wp-content\/uploads\/2016\/07\/Chest-x-ray_RU-2-pages.pdf\" target=\"_blank\" rel=\"noopener\">Lungr\u00f6ntgen p\u00e5 ryska (2 sidor)<\/a><\/p>\n<p><a href=\"http:\/\/tuberkuloosi.fi\/wp-content\/uploads\/2016\/07\/Chest-x-ray_SO-2-pages.pdf\" target=\"_blank\" rel=\"noopener\">Lungr\u00f6ntgen p\u00e5 somaliska (2 sidor)<\/a><\/p>\n<p><a href=\"http:\/\/tuberkuloosi.fi\/tl\/wp-content\/uploads\/sites\/14\/2025\/03\/Chest-x-ray_TL-2-pages.pdf\" target=\"_blank\" rel=\"noopener\">Lungr\u00f6ntgen p\u00e5 tagalog (2 sidor)<\/a><\/p>\n<h2>12-sidig bildinstruktion f\u00f6r lungr\u00f6ntgen<\/h2>\n<p><a href=\"http:\/\/tuberkuloosi.fi\/wp-content\/uploads\/2016\/12\/Lungr\u00f6ntgen_SE-12-sidor.pdf\" target=\"_blank\" rel=\"noopener\">Lungr\u00f6ntgen p\u00e5 svenska (12 sidor)<\/a><\/p>\n<p><a href=\"http:\/\/tuberkuloosi.fi\/wp-content\/uploads\/2016\/07\/Keuhkojen-r\u00f6ntgenkuvaus-12-sivua.pdf\" target=\"_blank\" rel=\"noopener\">Lungr\u00f6ntgen p\u00e5 finska (12 sidor)<\/a><\/p>\n<h4>K\u00e4\u00e4nn\u00f6kset muille kielille<\/h4>\n<p><a href=\"http:\/\/tuberkuloosi.fi\/wp-content\/uploads\/2016\/03\/Chest-x-ray_AR.pdf\" target=\"_blank\" rel=\"noopener\">Lungr\u00f6ntgen p\u00e5 arabiska (12 sidor)<\/a><\/p>\n<p><a href=\"http:\/\/tuberkuloosi.fi\/wp-content\/uploads\/2016\/03\/Chest-x-ray_Dari.pdf\" target=\"_blank\" rel=\"noopener\">Lungr\u00f6ntgen p\u00e5 dari (2 sidor)<\/a><\/p>\n<p><a href=\"http:\/\/tuberkuloosi.fi\/wp-content\/uploads\/2016\/03\/Chest-x-ray-12-pages.pdf\" target=\"_blank\" rel=\"noopener\">Lungr\u00f6ntgen p\u00e5 engelska (12 sidor)<\/a><\/p>\n<p><a href=\"http:\/\/tuberkuloosi.fi\/wp-content\/uploads\/2016\/11\/Chest-x-ray_ET.pdf\" target=\"_blank\" rel=\"noopener\">Lungr\u00f6ntgen p\u00e5 estniska (12 sidor)<\/a><\/p>\n<p><a href=\"http:\/\/tuberkuloosi.fi\/wp-content\/uploads\/2016\/03\/Chest-x-ray_ZH.pdf\" target=\"_blank\" rel=\"noopener\">Lungr\u00f6ntgen p\u00e5 kinesiska (12 sidor)<\/a><\/p>\n<p><a href=\"https:\/\/tuberkuloosi.fi\/olenko-vaarassa\/tuberkuloosiriski\/\" target=\"_blank\" rel=\"noopener\">Lungr\u00f6ntgen p\u00e5 kurdiska (sorani) (12 sidor)<\/a><\/p>\n<p><a href=\"http:\/\/tuberkuloosi.fi\/wp-content\/uploads\/2016\/03\/Chest-x-ray-12-pages_RU.pdf\" target=\"_blank\" rel=\"noopener\">Lungr\u00f6ntgen p\u00e5 ryska (12 sidor)<\/a><\/p>\n<p><a href=\"http:\/\/tuberkuloosi.fi\/wp-content\/uploads\/2016\/03\/Chest-x-ray_SO-12-pages.pdf\" target=\"_blank\" rel=\"noopener\">Lungr\u00f6ntgen p\u00e5 somaliska (12 sidor)<\/a><\/p>\n<p><a href=\"http:\/\/tuberkuloosi.fi\/tl\/wp-content\/uploads\/sites\/14\/2025\/03\/Chest-x-ray_TL.pdf\" target=\"_blank\" rel=\"noopener\">Lungr\u00f6ntgen p\u00e5 tagalog (12 sidor)<\/a><\/p>\n","protected":false},"excerpt":{"rendered":"<p>Instruktionerna nedan \u00f6ppnas som separata pdf-filer. Den 2-sidiga instruktionen l\u00e4mpar sig b\u00e4st f\u00f6r utskrift, den 12-sidiga instruktionen f\u00f6r visning\u00a0p\u00e5 sk\u00e4rmen. 2-sidig bildinstruktion f\u00f6r lungr\u00f6ntgen Lungr\u00f6ntgen p\u00e5 svenska (2 sidor) Lungr\u00f6ntgen p\u00e5 finska (2 sidor) \u00d6vers\u00e4ttningar till andra spr\u00e5k Lungr\u00f6ntgen p\u00e5 arabiska (2 sidor) Lungr\u00f6ntgen p\u00e5 dari (2 sidor) Lungr\u00f6ntgen p\u00e5 engelska (2 sidor) Lungr\u00f6ntgen p\u00e5 &#8230; <a title=\"Lungr\u00f6ntgen\" class=\"read-more\" href=\"https:\/\/tuberkuloosi.fi\/se\/hjalp\/lungrontgen\/\">L\u00e4s mer<span class=\"screen-reader-text\">Lungr\u00f6ntgen<\/span><\/a><\/p>\n","protected":false},"author":1,"featured_media":0,"parent":68,"menu_order":0,"comment_status":"closed","ping_status":"closed","template":"","meta":{"footnotes":""},"class_list":["post-604","page","type-page","status-publish"],"yoast_head":"<!-- This site is optimized with the Yoast SEO plugin v27.4 - https:\/\/yoast.com\/product\/yoast-seo-wordpress\/ -->\n<title>Lungr\u00f6ntgen - Tuberkulos - tuberkuloosi.fi<\/title>\n<meta name=\"robots\" content=\"index, follow, max-snippet:-1, max-image-preview:large, max-video-preview:-1\" \/>\n<link rel=\"canonical\" href=\"https:\/\/tuberkuloosi.fi\/se\/hjalp\/lungrontgen\/\" \/>\n<meta property=\"og:locale\" content=\"sv_SE\" \/>\n<meta property=\"og:type\" content=\"article\" \/>\n<meta property=\"og:title\" content=\"Lungr\u00f6ntgen - Tuberkulos - tuberkuloosi.fi\" \/>\n<meta property=\"og:description\" content=\"Instruktionerna nedan \u00f6ppnas som separata pdf-filer. Den 2-sidiga instruktionen l\u00e4mpar sig b\u00e4st f\u00f6r utskrift, den 12-sidiga instruktionen f\u00f6r visning\u00a0p\u00e5 sk\u00e4rmen. 2-sidig bildinstruktion f\u00f6r lungr\u00f6ntgen Lungr\u00f6ntgen p\u00e5 svenska (2 sidor) Lungr\u00f6ntgen p\u00e5 finska (2 sidor) \u00d6vers\u00e4ttningar till andra spr\u00e5k Lungr\u00f6ntgen p\u00e5 arabiska (2 sidor) Lungr\u00f6ntgen p\u00e5 dari (2 sidor) Lungr\u00f6ntgen p\u00e5 engelska (2 sidor) Lungr\u00f6ntgen p\u00e5 ... L\u00e4s merLungr\u00f6ntgen\" \/>\n<meta property=\"og:url\" content=\"https:\/\/tuberkuloosi.fi\/se\/hjalp\/lungrontgen\/\" \/>\n<meta property=\"og:site_name\" content=\"Tuberkulos - tuberkuloosi.fi\" \/>\n<meta property=\"article:modified_time\" content=\"2025-03-14T10:53:12+00:00\" \/>\n<meta name=\"twitter:card\" content=\"summary_large_image\" \/>\n<meta name=\"twitter:label1\" content=\"Ber\u00e4knad l\u00e4stid\" \/>\n\t<meta name=\"twitter:data1\" content=\"1 minut\" \/>\n<script type=\"application\/ld+json\" class=\"yoast-schema-graph\">{\"@context\":\"https:\\\/\\\/schema.org\",\"@graph\":[{\"@type\":\"WebPage\",\"@id\":\"https:\\\/\\\/tuberkuloosi.fi\\\/se\\\/hjalp\\\/lungrontgen\\\/\",\"url\":\"https:\\\/\\\/tuberkuloosi.fi\\\/se\\\/hjalp\\\/lungrontgen\\\/\",\"name\":\"Lungr\u00f6ntgen - Tuberkulos - tuberkuloosi.fi\",\"isPartOf\":{\"@id\":\"https:\\\/\\\/tuberkuloosi.fi\\\/se\\\/#website\"},\"datePublished\":\"2023-01-11T09:28:11+00:00\",\"dateModified\":\"2025-03-14T10:53:12+00:00\",\"breadcrumb\":{\"@id\":\"https:\\\/\\\/tuberkuloosi.fi\\\/se\\\/hjalp\\\/lungrontgen\\\/#breadcrumb\"},\"inLanguage\":\"sv-SE\",\"potentialAction\":[{\"@type\":\"ReadAction\",\"target\":[\"https:\\\/\\\/tuberkuloosi.fi\\\/se\\\/hjalp\\\/lungrontgen\\\/\"]}]},{\"@type\":\"BreadcrumbList\",\"@id\":\"https:\\\/\\\/tuberkuloosi.fi\\\/se\\\/hjalp\\\/lungrontgen\\\/#breadcrumb\",\"itemListElement\":[{\"@type\":\"ListItem\",\"position\":1,\"name\":\"Etusivu\",\"item\":\"https:\\\/\\\/tuberkuloosi.fi\\\/se\\\/\"},{\"@type\":\"ListItem\",\"position\":2,\"name\":\"Hj\u00e4lp\",\"item\":\"https:\\\/\\\/tuberkuloosi.fi\\\/se\\\/hjalp\\\/\"},{\"@type\":\"ListItem\",\"position\":3,\"name\":\"Lungr\u00f6ntgen\"}]},{\"@type\":\"WebSite\",\"@id\":\"https:\\\/\\\/tuberkuloosi.fi\\\/se\\\/#website\",\"url\":\"https:\\\/\\\/tuberkuloosi.fi\\\/se\\\/\",\"name\":\"Tuberkulos - tuberkuloosi.fi\",\"description\":\"Tuberkulos kan botas \u2013 det klarar vi tillsammans\",\"publisher\":{\"@id\":\"https:\\\/\\\/tuberkuloosi.fi\\\/se\\\/#organization\"},\"potentialAction\":[{\"@type\":\"SearchAction\",\"target\":{\"@type\":\"EntryPoint\",\"urlTemplate\":\"https:\\\/\\\/tuberkuloosi.fi\\\/se\\\/?s={search_term_string}\"},\"query-input\":{\"@type\":\"PropertyValueSpecification\",\"valueRequired\":true,\"valueName\":\"search_term_string\"}}],\"inLanguage\":\"sv-SE\"},{\"@type\":\"Organization\",\"@id\":\"https:\\\/\\\/tuberkuloosi.fi\\\/se\\\/#organization\",\"name\":\"Tuberkulos - tuberkuloosi.fi\",\"url\":\"https:\\\/\\\/tuberkuloosi.fi\\\/se\\\/\",\"logo\":{\"@type\":\"ImageObject\",\"inLanguage\":\"sv-SE\",\"@id\":\"https:\\\/\\\/tuberkuloosi.fi\\\/se\\\/#\\\/schema\\\/logo\\\/image\\\/\",\"url\":\"https:\\\/\\\/tuberkuloosi.fi\\\/se\\\/wp-content\\\/uploads\\\/sites\\\/9\\\/2019\\\/08\\\/cropped-tuberkuloosi.fi-logo1.jpg\",\"contentUrl\":\"https:\\\/\\\/tuberkuloosi.fi\\\/se\\\/wp-content\\\/uploads\\\/sites\\\/9\\\/2019\\\/08\\\/cropped-tuberkuloosi.fi-logo1.jpg\",\"width\":1598,\"height\":321,\"caption\":\"Tuberkulos - tuberkuloosi.fi\"},\"image\":{\"@id\":\"https:\\\/\\\/tuberkuloosi.fi\\\/se\\\/#\\\/schema\\\/logo\\\/image\\\/\"}}]}<\/script>\n<!-- \/ Yoast SEO plugin. -->","yoast_head_json":{"title":"Lungr\u00f6ntgen - Tuberkulos - tuberkuloosi.fi","robots":{"index":"index","follow":"follow","max-snippet":"max-snippet:-1","max-image-preview":"max-image-preview:large","max-video-preview":"max-video-preview:-1"},"canonical":"https:\/\/tuberkuloosi.fi\/se\/hjalp\/lungrontgen\/","og_locale":"sv_SE","og_type":"article","og_title":"Lungr\u00f6ntgen - Tuberkulos - tuberkuloosi.fi","og_description":"Instruktionerna nedan \u00f6ppnas som separata pdf-filer. Den 2-sidiga instruktionen l\u00e4mpar sig b\u00e4st f\u00f6r utskrift, den 12-sidiga instruktionen f\u00f6r visning\u00a0p\u00e5 sk\u00e4rmen. 2-sidig bildinstruktion f\u00f6r lungr\u00f6ntgen Lungr\u00f6ntgen p\u00e5 svenska (2 sidor) Lungr\u00f6ntgen p\u00e5 finska (2 sidor) \u00d6vers\u00e4ttningar till andra spr\u00e5k Lungr\u00f6ntgen p\u00e5 arabiska (2 sidor) Lungr\u00f6ntgen p\u00e5 dari (2 sidor) Lungr\u00f6ntgen p\u00e5 engelska (2 sidor) Lungr\u00f6ntgen p\u00e5 ... L\u00e4s merLungr\u00f6ntgen","og_url":"https:\/\/tuberkuloosi.fi\/se\/hjalp\/lungrontgen\/","og_site_name":"Tuberkulos - tuberkuloosi.fi","article_modified_time":"2025-03-14T10:53:12+00:00","twitter_card":"summary_large_image","twitter_misc":{"Ber\u00e4knad l\u00e4stid":"1 minut"},"schema":{"@context":"https:\/\/schema.org","@graph":[{"@type":"WebPage","@id":"https:\/\/tuberkuloosi.fi\/se\/hjalp\/lungrontgen\/","url":"https:\/\/tuberkuloosi.fi\/se\/hjalp\/lungrontgen\/","name":"Lungr\u00f6ntgen - Tuberkulos - tuberkuloosi.fi","isPartOf":{"@id":"https:\/\/tuberkuloosi.fi\/se\/#website"},"datePublished":"2023-01-11T09:28:11+00:00","dateModified":"2025-03-14T10:53:12+00:00","breadcrumb":{"@id":"https:\/\/tuberkuloosi.fi\/se\/hjalp\/lungrontgen\/#breadcrumb"},"inLanguage":"sv-SE","potentialAction":[{"@type":"ReadAction","target":["https:\/\/tuberkuloosi.fi\/se\/hjalp\/lungrontgen\/"]}]},{"@type":"BreadcrumbList","@id":"https:\/\/tuberkuloosi.fi\/se\/hjalp\/lungrontgen\/#breadcrumb","itemListElement":[{"@type":"ListItem","position":1,"name":"Etusivu","item":"https:\/\/tuberkuloosi.fi\/se\/"},{"@type":"ListItem","position":2,"name":"Hj\u00e4lp","item":"https:\/\/tuberkuloosi.fi\/se\/hjalp\/"},{"@type":"ListItem","position":3,"name":"Lungr\u00f6ntgen"}]},{"@type":"WebSite","@id":"https:\/\/tuberkuloosi.fi\/se\/#website","url":"https:\/\/tuberkuloosi.fi\/se\/","name":"Tuberkulos - tuberkuloosi.fi","description":"Tuberkulos kan botas \u2013 det klarar vi tillsammans","publisher":{"@id":"https:\/\/tuberkuloosi.fi\/se\/#organization"},"potentialAction":[{"@type":"SearchAction","target":{"@type":"EntryPoint","urlTemplate":"https:\/\/tuberkuloosi.fi\/se\/?s={search_term_string}"},"query-input":{"@type":"PropertyValueSpecification","valueRequired":true,"valueName":"search_term_string"}}],"inLanguage":"sv-SE"},{"@type":"Organization","@id":"https:\/\/tuberkuloosi.fi\/se\/#organization","name":"Tuberkulos - tuberkuloosi.fi","url":"https:\/\/tuberkuloosi.fi\/se\/","logo":{"@type":"ImageObject","inLanguage":"sv-SE","@id":"https:\/\/tuberkuloosi.fi\/se\/#\/schema\/logo\/image\/","url":"https:\/\/tuberkuloosi.fi\/se\/wp-content\/uploads\/sites\/9\/2019\/08\/cropped-tuberkuloosi.fi-logo1.jpg","contentUrl":"https:\/\/tuberkuloosi.fi\/se\/wp-content\/uploads\/sites\/9\/2019\/08\/cropped-tuberkuloosi.fi-logo1.jpg","width":1598,"height":321,"caption":"Tuberkulos - tuberkuloosi.fi"},"image":{"@id":"https:\/\/tuberkuloosi.fi\/se\/#\/schema\/logo\/image\/"}}]}},"_links":{"self":[{"href":"https:\/\/tuberkuloosi.fi\/se\/wp-json\/wp\/v2\/pages\/604","targetHints":{"allow":["GET"]}}],"collection":[{"href":"https:\/\/tuberkuloosi.fi\/se\/wp-json\/wp\/v2\/pages"}],"about":[{"href":"https:\/\/tuberkuloosi.fi\/se\/wp-json\/wp\/v2\/types\/page"}],"author":[{"embeddable":true,"href":"https:\/\/tuberkuloosi.fi\/se\/wp-json\/wp\/v2\/users\/1"}],"replies":[{"embeddable":true,"href":"https:\/\/tuberkuloosi.fi\/se\/wp-json\/wp\/v2\/comments?post=604"}],"version-history":[{"count":7,"href":"https:\/\/tuberkuloosi.fi\/se\/wp-json\/wp\/v2\/pages\/604\/revisions"}],"predecessor-version":[{"id":888,"href":"https:\/\/tuberkuloosi.fi\/se\/wp-json\/wp\/v2\/pages\/604\/revisions\/888"}],"up":[{"embeddable":true,"href":"https:\/\/tuberkuloosi.fi\/se\/wp-json\/wp\/v2\/pages\/68"}],"wp:attachment":[{"href":"https:\/\/tuberkuloosi.fi\/se\/wp-json\/wp\/v2\/media?parent=604"}],"curies":[{"name":"wp","href":"https:\/\/api.w.org\/{rel}","templated":true}]}}