{"id":621,"date":"2023-01-11T14:01:13","date_gmt":"2023-01-11T14:01:13","guid":{"rendered":"https:\/\/tuberkuloosi.fi\/se\/?page_id=621"},"modified":"2023-01-11T14:05:12","modified_gmt":"2023-01-11T14:05:12","slug":"ramadan-och-tuberkulos","status":"publish","type":"page","link":"https:\/\/tuberkuloosi.fi\/se\/hjalp\/ramadan-och-tuberkulos\/","title":{"rendered":"Ramadan och tuberkulos"},"content":{"rendered":"<p>Ramadan omfattar t.ex. avh\u00e5llsamhet fr\u00e5n mat och dryck. Fastan \u00e4r till f\u00f6r friska muslimer som har passerat puberteten.<\/p>\n<h3>Kan jag fasta under tuberkulosbehandling?<\/h3>\n<p>Du kan inte fasta under tuberkulosbehandling. Tuberkulosl\u00e4kemedel b\u00f6r tas regelbundet som en \u00f6vervakad medicinsk behandling. Vissa tuberkulosl\u00e4kemedel kan inte tas p\u00e5 fastande mage, eftersom det hindrar absorptionen av l\u00e4kemedlen och f\u00f6rsvagar deras effektivitet. Att inte ta medicinerna riskerar behandlingen av tuberkulos och \u00f6kar risken f\u00f6r att sjukdomen blir mer komplicerad och att medicinerna f\u00f6rlorar sin effektivitet, varf\u00f6r man inte kan fasta under tuberkulosbehandlingen. Fastan kan ers\u00e4ttas senare.<\/p>\n<h3>Hur kan jag kompensera f\u00f6r fasta och hur g\u00f6rs denna kompensation?<\/h3>\n<p>Eftersom fasta \u00e4r en del av trons pelare m\u00e5ste kompensation f\u00f6r f\u00f6rlorade ramadandagar g\u00f6ras i enlighet med religionens krav. F\u00f6rlorade dagar och ers\u00e4ttningsbara dagar \u00e4r lika. Med andra ord, om du har f\u00f6rlorat X antal dagar kommer samma antal dagar att ers\u00e4ttas.<\/p>\n<p>Om ers\u00e4ttningen inte kan g\u00f6ras genom fasta och h\u00e4lsotillst\u00e5ndet inte till\u00e5ter detta \u00e4ven under de m\u00f6rkaste m\u00e5naderna (n\u00e4r solen g\u00e5r upp sent och g\u00e5r ner tidigt) kan ers\u00e4ttningen g\u00f6ras t.ex. mata beh\u00f6vande f\u00f6r f\u00f6rlorade dagar.<\/p>\n<p><strong>Utskrivbara instruktioner p\u00e5 olika spr\u00e5k:<\/strong><\/p>\n<p><a href=\"https:\/\/www.filha.fi\/wp-content\/uploads\/2020\/04\/Ramadan-ja-tuberkuloosihoito_FI.pdf\" target=\"_blank\" rel=\"noopener noreferrer\">Finska: Ramadan ja tuberkuloosihoito<\/a><\/p>\n<p><a href=\"https:\/\/www.filha.fi\/wp-content\/uploads\/2020\/04\/Ramadan-ja-tuberkuloosihoito-EN.pdf\" target=\"_blank\" rel=\"noopener noreferrer\">Engelska: Ramadan and TB treatment<\/a><\/p>\n<p><a href=\"https:\/\/www.filha.fi\/wp-content\/uploads\/2020\/04\/Ramadan-ja-tuberkuloosihoito_AR.pdf\" target=\"_blank\" rel=\"noopener noreferrer\">Arabiska: \u0631\u0645\u0636\u0627\u0646 \u0648\u0639\u0644\u0627\u062c \u0627\u0644\u0633\u0644<\/a><\/p>\n<p><a href=\"https:\/\/www.filha.fi\/wp-content\/uploads\/2020\/05\/Ramadan-ja-tuberkuloosihoito_SO.pdf\" target=\"_blank\" rel=\"noopener noreferrer\">Somaliska: Ramadaanka iyo daryeelka qaaxada (tiibishada)<\/a><\/p>\n","protected":false},"excerpt":{"rendered":"<p>Ramadan omfattar t.ex. avh\u00e5llsamhet fr\u00e5n mat och dryck. Fastan \u00e4r till f\u00f6r friska muslimer som har passerat puberteten. Kan jag fasta under tuberkulosbehandling? Du kan inte fasta under tuberkulosbehandling. Tuberkulosl\u00e4kemedel b\u00f6r tas regelbundet som en \u00f6vervakad medicinsk behandling. Vissa tuberkulosl\u00e4kemedel kan inte tas p\u00e5 fastande mage, eftersom det hindrar absorptionen av l\u00e4kemedlen och f\u00f6rsvagar deras &#8230; <a title=\"Ramadan och tuberkulos\" class=\"read-more\" href=\"https:\/\/tuberkuloosi.fi\/se\/hjalp\/ramadan-och-tuberkulos\/\">L\u00e4s mer<span class=\"screen-reader-text\">Ramadan och tuberkulos<\/span><\/a><\/p>\n","protected":false},"author":1,"featured_media":0,"parent":68,"menu_order":0,"comment_status":"closed","ping_status":"closed","template":"","meta":{"footnotes":""},"class_list":["post-621","page","type-page","status-publish"],"yoast_head":"<!-- This site is optimized with the Yoast SEO plugin v27.4 - https:\/\/yoast.com\/product\/yoast-seo-wordpress\/ -->\n<title>Ramadan och tuberkulos - Tuberkulos - tuberkuloosi.fi<\/title>\n<meta name=\"robots\" content=\"index, follow, max-snippet:-1, max-image-preview:large, max-video-preview:-1\" \/>\n<link rel=\"canonical\" href=\"https:\/\/tuberkuloosi.fi\/se\/hjalp\/ramadan-och-tuberkulos\/\" \/>\n<meta property=\"og:locale\" content=\"sv_SE\" \/>\n<meta property=\"og:type\" content=\"article\" \/>\n<meta property=\"og:title\" content=\"Ramadan och tuberkulos - Tuberkulos - tuberkuloosi.fi\" \/>\n<meta property=\"og:description\" content=\"Ramadan omfattar t.ex. avh\u00e5llsamhet fr\u00e5n mat och dryck. Fastan \u00e4r till f\u00f6r friska muslimer som har passerat puberteten. Kan jag fasta under tuberkulosbehandling? Du kan inte fasta under tuberkulosbehandling. Tuberkulosl\u00e4kemedel b\u00f6r tas regelbundet som en \u00f6vervakad medicinsk behandling. Vissa tuberkulosl\u00e4kemedel kan inte tas p\u00e5 fastande mage, eftersom det hindrar absorptionen av l\u00e4kemedlen och f\u00f6rsvagar deras ... L\u00e4s merRamadan och tuberkulos\" \/>\n<meta property=\"og:url\" content=\"https:\/\/tuberkuloosi.fi\/se\/hjalp\/ramadan-och-tuberkulos\/\" \/>\n<meta property=\"og:site_name\" content=\"Tuberkulos - tuberkuloosi.fi\" \/>\n<meta property=\"article:modified_time\" content=\"2023-01-11T14:05:12+00:00\" \/>\n<meta name=\"twitter:card\" content=\"summary_large_image\" \/>\n<meta name=\"twitter:label1\" content=\"Ber\u00e4knad l\u00e4stid\" \/>\n\t<meta name=\"twitter:data1\" content=\"1 minut\" \/>\n<script type=\"application\/ld+json\" class=\"yoast-schema-graph\">{\"@context\":\"https:\\\/\\\/schema.org\",\"@graph\":[{\"@type\":\"WebPage\",\"@id\":\"https:\\\/\\\/tuberkuloosi.fi\\\/se\\\/hjalp\\\/ramadan-och-tuberkulos\\\/\",\"url\":\"https:\\\/\\\/tuberkuloosi.fi\\\/se\\\/hjalp\\\/ramadan-och-tuberkulos\\\/\",\"name\":\"Ramadan och tuberkulos - Tuberkulos - tuberkuloosi.fi\",\"isPartOf\":{\"@id\":\"https:\\\/\\\/tuberkuloosi.fi\\\/se\\\/#website\"},\"datePublished\":\"2023-01-11T14:01:13+00:00\",\"dateModified\":\"2023-01-11T14:05:12+00:00\",\"breadcrumb\":{\"@id\":\"https:\\\/\\\/tuberkuloosi.fi\\\/se\\\/hjalp\\\/ramadan-och-tuberkulos\\\/#breadcrumb\"},\"inLanguage\":\"sv-SE\",\"potentialAction\":[{\"@type\":\"ReadAction\",\"target\":[\"https:\\\/\\\/tuberkuloosi.fi\\\/se\\\/hjalp\\\/ramadan-och-tuberkulos\\\/\"]}]},{\"@type\":\"BreadcrumbList\",\"@id\":\"https:\\\/\\\/tuberkuloosi.fi\\\/se\\\/hjalp\\\/ramadan-och-tuberkulos\\\/#breadcrumb\",\"itemListElement\":[{\"@type\":\"ListItem\",\"position\":1,\"name\":\"Etusivu\",\"item\":\"https:\\\/\\\/tuberkuloosi.fi\\\/se\\\/\"},{\"@type\":\"ListItem\",\"position\":2,\"name\":\"Hj\u00e4lp\",\"item\":\"https:\\\/\\\/tuberkuloosi.fi\\\/se\\\/hjalp\\\/\"},{\"@type\":\"ListItem\",\"position\":3,\"name\":\"Ramadan och tuberkulos\"}]},{\"@type\":\"WebSite\",\"@id\":\"https:\\\/\\\/tuberkuloosi.fi\\\/se\\\/#website\",\"url\":\"https:\\\/\\\/tuberkuloosi.fi\\\/se\\\/\",\"name\":\"Tuberkulos - tuberkuloosi.fi\",\"description\":\"Tuberkulos kan botas \u2013 det klarar vi tillsammans\",\"publisher\":{\"@id\":\"https:\\\/\\\/tuberkuloosi.fi\\\/se\\\/#organization\"},\"potentialAction\":[{\"@type\":\"SearchAction\",\"target\":{\"@type\":\"EntryPoint\",\"urlTemplate\":\"https:\\\/\\\/tuberkuloosi.fi\\\/se\\\/?s={search_term_string}\"},\"query-input\":{\"@type\":\"PropertyValueSpecification\",\"valueRequired\":true,\"valueName\":\"search_term_string\"}}],\"inLanguage\":\"sv-SE\"},{\"@type\":\"Organization\",\"@id\":\"https:\\\/\\\/tuberkuloosi.fi\\\/se\\\/#organization\",\"name\":\"Tuberkulos - tuberkuloosi.fi\",\"url\":\"https:\\\/\\\/tuberkuloosi.fi\\\/se\\\/\",\"logo\":{\"@type\":\"ImageObject\",\"inLanguage\":\"sv-SE\",\"@id\":\"https:\\\/\\\/tuberkuloosi.fi\\\/se\\\/#\\\/schema\\\/logo\\\/image\\\/\",\"url\":\"https:\\\/\\\/tuberkuloosi.fi\\\/se\\\/wp-content\\\/uploads\\\/sites\\\/9\\\/2019\\\/08\\\/cropped-tuberkuloosi.fi-logo1.jpg\",\"contentUrl\":\"https:\\\/\\\/tuberkuloosi.fi\\\/se\\\/wp-content\\\/uploads\\\/sites\\\/9\\\/2019\\\/08\\\/cropped-tuberkuloosi.fi-logo1.jpg\",\"width\":1598,\"height\":321,\"caption\":\"Tuberkulos - tuberkuloosi.fi\"},\"image\":{\"@id\":\"https:\\\/\\\/tuberkuloosi.fi\\\/se\\\/#\\\/schema\\\/logo\\\/image\\\/\"}}]}<\/script>\n<!-- \/ Yoast SEO plugin. -->","yoast_head_json":{"title":"Ramadan och tuberkulos - Tuberkulos - tuberkuloosi.fi","robots":{"index":"index","follow":"follow","max-snippet":"max-snippet:-1","max-image-preview":"max-image-preview:large","max-video-preview":"max-video-preview:-1"},"canonical":"https:\/\/tuberkuloosi.fi\/se\/hjalp\/ramadan-och-tuberkulos\/","og_locale":"sv_SE","og_type":"article","og_title":"Ramadan och tuberkulos - Tuberkulos - tuberkuloosi.fi","og_description":"Ramadan omfattar t.ex. avh\u00e5llsamhet fr\u00e5n mat och dryck. Fastan \u00e4r till f\u00f6r friska muslimer som har passerat puberteten. Kan jag fasta under tuberkulosbehandling? Du kan inte fasta under tuberkulosbehandling. Tuberkulosl\u00e4kemedel b\u00f6r tas regelbundet som en \u00f6vervakad medicinsk behandling. Vissa tuberkulosl\u00e4kemedel kan inte tas p\u00e5 fastande mage, eftersom det hindrar absorptionen av l\u00e4kemedlen och f\u00f6rsvagar deras ... L\u00e4s merRamadan och tuberkulos","og_url":"https:\/\/tuberkuloosi.fi\/se\/hjalp\/ramadan-och-tuberkulos\/","og_site_name":"Tuberkulos - tuberkuloosi.fi","article_modified_time":"2023-01-11T14:05:12+00:00","twitter_card":"summary_large_image","twitter_misc":{"Ber\u00e4knad l\u00e4stid":"1 minut"},"schema":{"@context":"https:\/\/schema.org","@graph":[{"@type":"WebPage","@id":"https:\/\/tuberkuloosi.fi\/se\/hjalp\/ramadan-och-tuberkulos\/","url":"https:\/\/tuberkuloosi.fi\/se\/hjalp\/ramadan-och-tuberkulos\/","name":"Ramadan och tuberkulos - Tuberkulos - tuberkuloosi.fi","isPartOf":{"@id":"https:\/\/tuberkuloosi.fi\/se\/#website"},"datePublished":"2023-01-11T14:01:13+00:00","dateModified":"2023-01-11T14:05:12+00:00","breadcrumb":{"@id":"https:\/\/tuberkuloosi.fi\/se\/hjalp\/ramadan-och-tuberkulos\/#breadcrumb"},"inLanguage":"sv-SE","potentialAction":[{"@type":"ReadAction","target":["https:\/\/tuberkuloosi.fi\/se\/hjalp\/ramadan-och-tuberkulos\/"]}]},{"@type":"BreadcrumbList","@id":"https:\/\/tuberkuloosi.fi\/se\/hjalp\/ramadan-och-tuberkulos\/#breadcrumb","itemListElement":[{"@type":"ListItem","position":1,"name":"Etusivu","item":"https:\/\/tuberkuloosi.fi\/se\/"},{"@type":"ListItem","position":2,"name":"Hj\u00e4lp","item":"https:\/\/tuberkuloosi.fi\/se\/hjalp\/"},{"@type":"ListItem","position":3,"name":"Ramadan och tuberkulos"}]},{"@type":"WebSite","@id":"https:\/\/tuberkuloosi.fi\/se\/#website","url":"https:\/\/tuberkuloosi.fi\/se\/","name":"Tuberkulos - tuberkuloosi.fi","description":"Tuberkulos kan botas \u2013 det klarar vi tillsammans","publisher":{"@id":"https:\/\/tuberkuloosi.fi\/se\/#organization"},"potentialAction":[{"@type":"SearchAction","target":{"@type":"EntryPoint","urlTemplate":"https:\/\/tuberkuloosi.fi\/se\/?s={search_term_string}"},"query-input":{"@type":"PropertyValueSpecification","valueRequired":true,"valueName":"search_term_string"}}],"inLanguage":"sv-SE"},{"@type":"Organization","@id":"https:\/\/tuberkuloosi.fi\/se\/#organization","name":"Tuberkulos - tuberkuloosi.fi","url":"https:\/\/tuberkuloosi.fi\/se\/","logo":{"@type":"ImageObject","inLanguage":"sv-SE","@id":"https:\/\/tuberkuloosi.fi\/se\/#\/schema\/logo\/image\/","url":"https:\/\/tuberkuloosi.fi\/se\/wp-content\/uploads\/sites\/9\/2019\/08\/cropped-tuberkuloosi.fi-logo1.jpg","contentUrl":"https:\/\/tuberkuloosi.fi\/se\/wp-content\/uploads\/sites\/9\/2019\/08\/cropped-tuberkuloosi.fi-logo1.jpg","width":1598,"height":321,"caption":"Tuberkulos - tuberkuloosi.fi"},"image":{"@id":"https:\/\/tuberkuloosi.fi\/se\/#\/schema\/logo\/image\/"}}]}},"_links":{"self":[{"href":"https:\/\/tuberkuloosi.fi\/se\/wp-json\/wp\/v2\/pages\/621","targetHints":{"allow":["GET"]}}],"collection":[{"href":"https:\/\/tuberkuloosi.fi\/se\/wp-json\/wp\/v2\/pages"}],"about":[{"href":"https:\/\/tuberkuloosi.fi\/se\/wp-json\/wp\/v2\/types\/page"}],"author":[{"embeddable":true,"href":"https:\/\/tuberkuloosi.fi\/se\/wp-json\/wp\/v2\/users\/1"}],"replies":[{"embeddable":true,"href":"https:\/\/tuberkuloosi.fi\/se\/wp-json\/wp\/v2\/comments?post=621"}],"version-history":[{"count":4,"href":"https:\/\/tuberkuloosi.fi\/se\/wp-json\/wp\/v2\/pages\/621\/revisions"}],"predecessor-version":[{"id":625,"href":"https:\/\/tuberkuloosi.fi\/se\/wp-json\/wp\/v2\/pages\/621\/revisions\/625"}],"up":[{"embeddable":true,"href":"https:\/\/tuberkuloosi.fi\/se\/wp-json\/wp\/v2\/pages\/68"}],"wp:attachment":[{"href":"https:\/\/tuberkuloosi.fi\/se\/wp-json\/wp\/v2\/media?parent=621"}],"curies":[{"name":"wp","href":"https:\/\/api.w.org\/{rel}","templated":true}]}}