{"id":628,"date":"2023-01-11T14:13:35","date_gmt":"2023-01-11T14:13:35","guid":{"rendered":"https:\/\/tuberkuloosi.fi\/se\/?page_id=628"},"modified":"2023-01-11T14:40:44","modified_gmt":"2023-01-11T14:40:44","slug":"kamratstod","status":"publish","type":"page","link":"https:\/\/tuberkuloosi.fi\/se\/hjalp\/kamratstod\/","title":{"rendered":"Kamratst\u00f6d"},"content":{"rendered":"<p><em><a href=\"https:\/\/tuberkuloosi.fi\/wp-content\/uploads\/2021\/03\/Kuva1.png\"><img fetchpriority=\"high\" decoding=\"async\" class=\"size-medium wp-image-2274 alignright\" src=\"https:\/\/tuberkuloosi.fi\/wp-content\/uploads\/2021\/03\/Kuva1-214x300.png\" alt=\"\" width=\"214\" height=\"300\" \/><\/a><\/em><\/p>\n<p><!--<em><img decoding=\"async\" class=\"alignright size-medium wp-image-2274 lazyload\" data-src=\"https:\/\/tuberkuloosi.fi\/wp-content\/uploads\/2021\/03\/Kuva1-214x300.png\" alt=\"talvisyd\u00e4n\" width=\"214\" height=\"300\" src=\"data:image\/svg+xml;base64,PHN2ZyB3aWR0aD0iMSIgaGVpZ2h0PSIxIiB4bWxucz0iaHR0cDovL3d3dy53My5vcmcvMjAwMC9zdmciPjwvc3ZnPg==\" style=\"--smush-placeholder-width: 214px; --smush-placeholder-aspect-ratio: 214\/300;\" \/>--><br \/>\nBeroende p\u00e5 dina behov har du m\u00f6jlighet att prata i telefon eller kommunicera med en kamratst\u00f6djare p\u00e5 finska eller engelska p\u00e5 m\u00e5ndagar och torsdagar p\u00e5 \u00f6verenskommen tid. Kamratst\u00f6djaren har g\u00e5tt en kamratst\u00f6dsutbildning. Han har tid att lyssna och prata med dig om alla vardagsfr\u00e5gor.<\/p>\n<p>Kamratst\u00f6d till en sjuk person \u00e4r \u00f6msesidigt st\u00f6d fr\u00e5n personer som har g\u00e5tt igenom samma sjukdom eller liknande livserfarenheter. En kamratst\u00f6dsperson \u00e4r en f\u00f6ljeslagare och hj\u00e4lper dig att uth\u00e4rda behandlingarna relaterade till din sjukdom till slutet. Verksamheten \u00e4r konfidentiell och frivillig.<\/p>\n<p>F\u00f6r mer information och kontaktuppgifter till en kamratst\u00f6dsperson, v\u00e4nligen kontakta: Marianne Helander, tel 044 771 7712, marianne.helander@filha.fi<\/p>\n<p>Kamratst\u00f6djare har deltagit i OLKAs Toivo-coachning f\u00f6r kamratst\u00f6djare. Kamratst\u00f6d \u00e4r \u00f6msesidigt st\u00f6d till personer som lider av samma sjukdom eller som har genomg\u00e5tt liknande livserfarenheter, som fungerar vid sidan av offentliga tj\u00e4nster.<\/p>\n<p><em>Kamratst\u00f6d f\u00f6r tuberkulospatienter \u00e4r en del av Kamrathuset. <a href=\"https:\/\/www.terveyskyla.fi\/vertaistalo\/sv\" target=\"_blank\" rel=\"noopener\">Vertaistalo.fi<\/a> \u00e4r en nationell onlinetj\u00e4nst som hj\u00e4lper dig att hitta kamratst\u00f6d och p\u00e5litlig information om kamratst\u00f6d \u00e4ven lokalt. OLKA\u00ae-aktiviteten utvecklad av HNS och Hyte rf \u00e4r inneh\u00e5llsleverant\u00f6ren f\u00f6r Kamrathuset. Kamrathuset \u00e4r en del av H\u00e4ls\u00f6byn, som byggs upp som ett n\u00e4ra samarbete mellan finska universitetssjukhus och yrkesverksamma, patientorganisationer, patienter och deras anh\u00f6riga. Byggandet av H\u00e4lsobyn samordnas av HNS.<\/em><\/p>\n","protected":false},"excerpt":{"rendered":"<p>Beroende p\u00e5 dina behov har du m\u00f6jlighet att prata i telefon eller kommunicera med en kamratst\u00f6djare p\u00e5 finska eller engelska p\u00e5 m\u00e5ndagar och torsdagar p\u00e5 \u00f6verenskommen tid. Kamratst\u00f6djaren har g\u00e5tt en kamratst\u00f6dsutbildning. Han har tid att lyssna och prata med dig om alla vardagsfr\u00e5gor. Kamratst\u00f6d till en sjuk person \u00e4r \u00f6msesidigt st\u00f6d fr\u00e5n personer som &#8230; <a title=\"Kamratst\u00f6d\" class=\"read-more\" href=\"https:\/\/tuberkuloosi.fi\/se\/hjalp\/kamratstod\/\">L\u00e4s mer<span class=\"screen-reader-text\">Kamratst\u00f6d<\/span><\/a><\/p>\n","protected":false},"author":1,"featured_media":0,"parent":68,"menu_order":0,"comment_status":"closed","ping_status":"closed","template":"","meta":{"footnotes":""},"class_list":["post-628","page","type-page","status-publish"],"yoast_head":"<!-- This site is optimized with the Yoast SEO plugin v27.5 - https:\/\/yoast.com\/product\/yoast-seo-wordpress\/ -->\n<title>Kamratst\u00f6d - Tuberkulos - tuberkuloosi.fi<\/title>\n<meta name=\"description\" content=\"Kamratst\u00f6d till en sjuk person \u00e4r \u00f6msesidigt st\u00f6d fr\u00e5n personer som har g\u00e5tt igenom samma sjukdom eller liknande livserfarenheter.\" \/>\n<meta name=\"robots\" content=\"index, follow, max-snippet:-1, max-image-preview:large, max-video-preview:-1\" \/>\n<link rel=\"canonical\" href=\"https:\/\/tuberkuloosi.fi\/se\/hjalp\/kamratstod\/\" \/>\n<meta property=\"og:locale\" content=\"sv_SE\" \/>\n<meta property=\"og:type\" content=\"article\" \/>\n<meta property=\"og:title\" content=\"Kamratst\u00f6d - Tuberkulos - tuberkuloosi.fi\" \/>\n<meta property=\"og:description\" content=\"Kamratst\u00f6d till en sjuk person \u00e4r \u00f6msesidigt st\u00f6d fr\u00e5n personer som har g\u00e5tt igenom samma sjukdom eller liknande livserfarenheter.\" \/>\n<meta property=\"og:url\" content=\"https:\/\/tuberkuloosi.fi\/se\/hjalp\/kamratstod\/\" \/>\n<meta property=\"og:site_name\" content=\"Tuberkulos - tuberkuloosi.fi\" \/>\n<meta property=\"article:modified_time\" content=\"2023-01-11T14:40:44+00:00\" \/>\n<meta property=\"og:image\" content=\"https:\/\/tuberkuloosi.fi\/wp-content\/uploads\/2021\/03\/Kuva1-214x300.png\" \/>\n<meta name=\"twitter:card\" content=\"summary_large_image\" \/>\n<meta name=\"twitter:label1\" content=\"Ber\u00e4knad l\u00e4stid\" \/>\n\t<meta name=\"twitter:data1\" content=\"1 minut\" \/>\n<script type=\"application\/ld+json\" class=\"yoast-schema-graph\">{\"@context\":\"https:\\\/\\\/schema.org\",\"@graph\":[{\"@type\":\"WebPage\",\"@id\":\"https:\\\/\\\/tuberkuloosi.fi\\\/se\\\/hjalp\\\/kamratstod\\\/\",\"url\":\"https:\\\/\\\/tuberkuloosi.fi\\\/se\\\/hjalp\\\/kamratstod\\\/\",\"name\":\"Kamratst\u00f6d - Tuberkulos - tuberkuloosi.fi\",\"isPartOf\":{\"@id\":\"https:\\\/\\\/tuberkuloosi.fi\\\/se\\\/#website\"},\"primaryImageOfPage\":{\"@id\":\"https:\\\/\\\/tuberkuloosi.fi\\\/se\\\/hjalp\\\/kamratstod\\\/#primaryimage\"},\"image\":{\"@id\":\"https:\\\/\\\/tuberkuloosi.fi\\\/se\\\/hjalp\\\/kamratstod\\\/#primaryimage\"},\"thumbnailUrl\":\"https:\\\/\\\/tuberkuloosi.fi\\\/wp-content\\\/uploads\\\/2021\\\/03\\\/Kuva1-214x300.png\",\"datePublished\":\"2023-01-11T14:13:35+00:00\",\"dateModified\":\"2023-01-11T14:40:44+00:00\",\"description\":\"Kamratst\u00f6d till en sjuk person \u00e4r \u00f6msesidigt st\u00f6d fr\u00e5n personer som har g\u00e5tt igenom samma sjukdom eller liknande livserfarenheter.\",\"breadcrumb\":{\"@id\":\"https:\\\/\\\/tuberkuloosi.fi\\\/se\\\/hjalp\\\/kamratstod\\\/#breadcrumb\"},\"inLanguage\":\"sv-SE\",\"potentialAction\":[{\"@type\":\"ReadAction\",\"target\":[\"https:\\\/\\\/tuberkuloosi.fi\\\/se\\\/hjalp\\\/kamratstod\\\/\"]}]},{\"@type\":\"ImageObject\",\"inLanguage\":\"sv-SE\",\"@id\":\"https:\\\/\\\/tuberkuloosi.fi\\\/se\\\/hjalp\\\/kamratstod\\\/#primaryimage\",\"url\":\"https:\\\/\\\/tuberkuloosi.fi\\\/wp-content\\\/uploads\\\/2021\\\/03\\\/Kuva1-214x300.png\",\"contentUrl\":\"https:\\\/\\\/tuberkuloosi.fi\\\/wp-content\\\/uploads\\\/2021\\\/03\\\/Kuva1-214x300.png\"},{\"@type\":\"BreadcrumbList\",\"@id\":\"https:\\\/\\\/tuberkuloosi.fi\\\/se\\\/hjalp\\\/kamratstod\\\/#breadcrumb\",\"itemListElement\":[{\"@type\":\"ListItem\",\"position\":1,\"name\":\"Etusivu\",\"item\":\"https:\\\/\\\/tuberkuloosi.fi\\\/se\\\/\"},{\"@type\":\"ListItem\",\"position\":2,\"name\":\"Hj\u00e4lp\",\"item\":\"https:\\\/\\\/tuberkuloosi.fi\\\/se\\\/hjalp\\\/\"},{\"@type\":\"ListItem\",\"position\":3,\"name\":\"Kamratst\u00f6d\"}]},{\"@type\":\"WebSite\",\"@id\":\"https:\\\/\\\/tuberkuloosi.fi\\\/se\\\/#website\",\"url\":\"https:\\\/\\\/tuberkuloosi.fi\\\/se\\\/\",\"name\":\"Tuberkulos - tuberkuloosi.fi\",\"description\":\"Tuberkulos kan botas \u2013 det klarar vi tillsammans\",\"publisher\":{\"@id\":\"https:\\\/\\\/tuberkuloosi.fi\\\/se\\\/#organization\"},\"potentialAction\":[{\"@type\":\"SearchAction\",\"target\":{\"@type\":\"EntryPoint\",\"urlTemplate\":\"https:\\\/\\\/tuberkuloosi.fi\\\/se\\\/?s={search_term_string}\"},\"query-input\":{\"@type\":\"PropertyValueSpecification\",\"valueRequired\":true,\"valueName\":\"search_term_string\"}}],\"inLanguage\":\"sv-SE\"},{\"@type\":\"Organization\",\"@id\":\"https:\\\/\\\/tuberkuloosi.fi\\\/se\\\/#organization\",\"name\":\"Tuberkulos - tuberkuloosi.fi\",\"url\":\"https:\\\/\\\/tuberkuloosi.fi\\\/se\\\/\",\"logo\":{\"@type\":\"ImageObject\",\"inLanguage\":\"sv-SE\",\"@id\":\"https:\\\/\\\/tuberkuloosi.fi\\\/se\\\/#\\\/schema\\\/logo\\\/image\\\/\",\"url\":\"https:\\\/\\\/tuberkuloosi.fi\\\/se\\\/wp-content\\\/uploads\\\/sites\\\/9\\\/2019\\\/08\\\/cropped-tuberkuloosi.fi-logo1.jpg\",\"contentUrl\":\"https:\\\/\\\/tuberkuloosi.fi\\\/se\\\/wp-content\\\/uploads\\\/sites\\\/9\\\/2019\\\/08\\\/cropped-tuberkuloosi.fi-logo1.jpg\",\"width\":1598,\"height\":321,\"caption\":\"Tuberkulos - tuberkuloosi.fi\"},\"image\":{\"@id\":\"https:\\\/\\\/tuberkuloosi.fi\\\/se\\\/#\\\/schema\\\/logo\\\/image\\\/\"}}]}<\/script>\n<!-- \/ Yoast SEO plugin. -->","yoast_head_json":{"title":"Kamratst\u00f6d - Tuberkulos - tuberkuloosi.fi","description":"Kamratst\u00f6d till en sjuk person \u00e4r \u00f6msesidigt st\u00f6d fr\u00e5n personer som har g\u00e5tt igenom samma sjukdom eller liknande livserfarenheter.","robots":{"index":"index","follow":"follow","max-snippet":"max-snippet:-1","max-image-preview":"max-image-preview:large","max-video-preview":"max-video-preview:-1"},"canonical":"https:\/\/tuberkuloosi.fi\/se\/hjalp\/kamratstod\/","og_locale":"sv_SE","og_type":"article","og_title":"Kamratst\u00f6d - Tuberkulos - tuberkuloosi.fi","og_description":"Kamratst\u00f6d till en sjuk person \u00e4r \u00f6msesidigt st\u00f6d fr\u00e5n personer som har g\u00e5tt igenom samma sjukdom eller liknande livserfarenheter.","og_url":"https:\/\/tuberkuloosi.fi\/se\/hjalp\/kamratstod\/","og_site_name":"Tuberkulos - tuberkuloosi.fi","article_modified_time":"2023-01-11T14:40:44+00:00","og_image":[{"url":"https:\/\/tuberkuloosi.fi\/wp-content\/uploads\/2021\/03\/Kuva1-214x300.png","type":"","width":"","height":""}],"twitter_card":"summary_large_image","twitter_misc":{"Ber\u00e4knad l\u00e4stid":"1 minut"},"schema":{"@context":"https:\/\/schema.org","@graph":[{"@type":"WebPage","@id":"https:\/\/tuberkuloosi.fi\/se\/hjalp\/kamratstod\/","url":"https:\/\/tuberkuloosi.fi\/se\/hjalp\/kamratstod\/","name":"Kamratst\u00f6d - Tuberkulos - tuberkuloosi.fi","isPartOf":{"@id":"https:\/\/tuberkuloosi.fi\/se\/#website"},"primaryImageOfPage":{"@id":"https:\/\/tuberkuloosi.fi\/se\/hjalp\/kamratstod\/#primaryimage"},"image":{"@id":"https:\/\/tuberkuloosi.fi\/se\/hjalp\/kamratstod\/#primaryimage"},"thumbnailUrl":"https:\/\/tuberkuloosi.fi\/wp-content\/uploads\/2021\/03\/Kuva1-214x300.png","datePublished":"2023-01-11T14:13:35+00:00","dateModified":"2023-01-11T14:40:44+00:00","description":"Kamratst\u00f6d till en sjuk person \u00e4r \u00f6msesidigt st\u00f6d fr\u00e5n personer som har g\u00e5tt igenom samma sjukdom eller liknande livserfarenheter.","breadcrumb":{"@id":"https:\/\/tuberkuloosi.fi\/se\/hjalp\/kamratstod\/#breadcrumb"},"inLanguage":"sv-SE","potentialAction":[{"@type":"ReadAction","target":["https:\/\/tuberkuloosi.fi\/se\/hjalp\/kamratstod\/"]}]},{"@type":"ImageObject","inLanguage":"sv-SE","@id":"https:\/\/tuberkuloosi.fi\/se\/hjalp\/kamratstod\/#primaryimage","url":"https:\/\/tuberkuloosi.fi\/wp-content\/uploads\/2021\/03\/Kuva1-214x300.png","contentUrl":"https:\/\/tuberkuloosi.fi\/wp-content\/uploads\/2021\/03\/Kuva1-214x300.png"},{"@type":"BreadcrumbList","@id":"https:\/\/tuberkuloosi.fi\/se\/hjalp\/kamratstod\/#breadcrumb","itemListElement":[{"@type":"ListItem","position":1,"name":"Etusivu","item":"https:\/\/tuberkuloosi.fi\/se\/"},{"@type":"ListItem","position":2,"name":"Hj\u00e4lp","item":"https:\/\/tuberkuloosi.fi\/se\/hjalp\/"},{"@type":"ListItem","position":3,"name":"Kamratst\u00f6d"}]},{"@type":"WebSite","@id":"https:\/\/tuberkuloosi.fi\/se\/#website","url":"https:\/\/tuberkuloosi.fi\/se\/","name":"Tuberkulos - tuberkuloosi.fi","description":"Tuberkulos kan botas \u2013 det klarar vi tillsammans","publisher":{"@id":"https:\/\/tuberkuloosi.fi\/se\/#organization"},"potentialAction":[{"@type":"SearchAction","target":{"@type":"EntryPoint","urlTemplate":"https:\/\/tuberkuloosi.fi\/se\/?s={search_term_string}"},"query-input":{"@type":"PropertyValueSpecification","valueRequired":true,"valueName":"search_term_string"}}],"inLanguage":"sv-SE"},{"@type":"Organization","@id":"https:\/\/tuberkuloosi.fi\/se\/#organization","name":"Tuberkulos - tuberkuloosi.fi","url":"https:\/\/tuberkuloosi.fi\/se\/","logo":{"@type":"ImageObject","inLanguage":"sv-SE","@id":"https:\/\/tuberkuloosi.fi\/se\/#\/schema\/logo\/image\/","url":"https:\/\/tuberkuloosi.fi\/se\/wp-content\/uploads\/sites\/9\/2019\/08\/cropped-tuberkuloosi.fi-logo1.jpg","contentUrl":"https:\/\/tuberkuloosi.fi\/se\/wp-content\/uploads\/sites\/9\/2019\/08\/cropped-tuberkuloosi.fi-logo1.jpg","width":1598,"height":321,"caption":"Tuberkulos - tuberkuloosi.fi"},"image":{"@id":"https:\/\/tuberkuloosi.fi\/se\/#\/schema\/logo\/image\/"}}]}},"_links":{"self":[{"href":"https:\/\/tuberkuloosi.fi\/se\/wp-json\/wp\/v2\/pages\/628","targetHints":{"allow":["GET"]}}],"collection":[{"href":"https:\/\/tuberkuloosi.fi\/se\/wp-json\/wp\/v2\/pages"}],"about":[{"href":"https:\/\/tuberkuloosi.fi\/se\/wp-json\/wp\/v2\/types\/page"}],"author":[{"embeddable":true,"href":"https:\/\/tuberkuloosi.fi\/se\/wp-json\/wp\/v2\/users\/1"}],"replies":[{"embeddable":true,"href":"https:\/\/tuberkuloosi.fi\/se\/wp-json\/wp\/v2\/comments?post=628"}],"version-history":[{"count":3,"href":"https:\/\/tuberkuloosi.fi\/se\/wp-json\/wp\/v2\/pages\/628\/revisions"}],"predecessor-version":[{"id":638,"href":"https:\/\/tuberkuloosi.fi\/se\/wp-json\/wp\/v2\/pages\/628\/revisions\/638"}],"up":[{"embeddable":true,"href":"https:\/\/tuberkuloosi.fi\/se\/wp-json\/wp\/v2\/pages\/68"}],"wp:attachment":[{"href":"https:\/\/tuberkuloosi.fi\/se\/wp-json\/wp\/v2\/media?parent=628"}],"curies":[{"name":"wp","href":"https:\/\/api.w.org\/{rel}","templated":true}]}}