{"id":631,"date":"2023-01-11T14:19:57","date_gmt":"2023-01-11T14:19:57","guid":{"rendered":"https:\/\/tuberkuloosi.fi\/se\/?page_id=631"},"modified":"2023-01-11T14:21:48","modified_gmt":"2023-01-11T14:21:48","slug":"lankar-2","status":"publish","type":"page","link":"https:\/\/tuberkuloosi.fi\/se\/hjalp\/lankar-2\/","title":{"rendered":"L\u00e4nkar"},"content":{"rendered":"<h2><strong>Patientguider f\u00f6r tuberkulospatienter<\/strong><\/h2>\n<p>Filha har tillsammans med Andningsf\u00f6rbundet publicerat <a href=\"https:\/\/tuberkuloosi.fi\/se\/material\/broschyrer\/\">en allm\u00e4n broschyr om tuberkulos och en patientguide f\u00f6r tuberkulospatienter p\u00e5 olika spr\u00e5k<\/a>.<br \/>\n<!--\n\n\n<h2><strong>Muita tuberkuloosioppaita potilaille<\/strong><\/h2>\n\n\nNorjalainen Norwegian Heart and Lung Patient Organization (LHL) on julkaissut <a href=\"http:\/\/www2.lhl.no\/en\/lhl-international\/booklet-you-will-be-cured-of-tuberculosis\/\" target=\"_blank\" rel=\"noopener\">potilaille tarkoitetun tuberkuloosioppaan eri kielill\u00e4<\/a>.\n\n<span style=\"line-height: 1.5em;\">Norwegian:\u00a0<\/span><a style=\"line-height: 1.5em;\" href=\"http:\/\/www2.lhl.no\/PageFiles\/23074\/Brosj_Tuberkulose_2%20utg.pdf\" target=\"_blank\" rel=\"noopener\">Du blir frisk av\u00a0tuberkulose\u00a0<\/a>\n\nEnglish:\u00a0<a href=\"http:\/\/www2.lhl.no\/PageFiles\/23074\/You%20will%20be%20cured%20of%20tuberculosis%20-%20ENG.pdf\" target=\"_blank\" rel=\"noopener\">You will be cured of tuberculosis<\/a>\n\nSomali: <a href=\"http:\/\/www2.lhl.no\/PageFiles\/23074\/Waad_ka_bogsanaysaa_tiibayda_Somalisk.pdf\" target=\"_blank\" rel=\"noopener\">Waad ka bogsanaysaa tiibayda<\/a>\n\nRussian: <a href=\"http:\/\/www2.lhl.no\/PageFiles\/23074\/tuberkulose_russisk.pdf\" target=\"_blank\" rel=\"noopener\">\u0412\u044b \u0438\u0437\u043b\u0435\u0447\u0438\u0442\u0435\u0441\u044c \u043e\u0442 \u0442\u0443\u0431\u0435\u0440\u043a\u0443\u043b\u0435\u0437\u0430<\/a>\n\nAmhari: <a href=\"http:\/\/www2.lhl.no\/Global\/LHL-internasjonal\/Stopp%20tuberkulosen\/Tuberkulose%20Amharisk.pdf\" target=\"_blank\" rel=\"noopener\">You will be cured of tuberculosis<\/a>\n\nThai: <a href=\"http:\/\/www2.lhl.no\/Global\/LHL-internasjonal\/Stopp%20tuberkulosen\/Brosj%20Tuberkulose_Thai_Web.pdf\" target=\"_blank\" rel=\"noopener\">\u0e40\u0e1b\u0e47\u0e19\u0e27\u0e31\u0e13\u0e42\u0e23\u0e04\u00a0\u0e01\u0e47\u0e2b\u0e32\u0e22\u0e02\u0e32\u0e14\u0e44\u0e14\u0e49<\/a>\n\nArabic:<a href=\"http:\/\/www2.lhl.no\/Global\/LHL-internasjonal\/Dokumenter\/Brosj%20Tuberkulose_Arabisk.pdf\" target=\"_blank\" rel=\"noopener\">\u0633\u062a\u0634\u0641\u0649 \u0645\u0646 \u0645\u0631\u0636\u0627\u0644\u0633\u0644<\/a>--><\/p>\n<p>Den norska patientorganisationen LHL har publicerat <a href=\"https:\/\/www.fhi.no\/publ\/brosjyrer\/du-blir-frisk-av-tuberkulose-hovedb\/\" target=\"_blank\" rel=\"noopener\">patientguider f\u00f6r tuberkulospatienter p\u00e5 olika spr\u00e5k<\/a>.<\/p>\n","protected":false},"excerpt":{"rendered":"<p>Patientguider f\u00f6r tuberkulospatienter Filha har tillsammans med Andningsf\u00f6rbundet publicerat en allm\u00e4n broschyr om tuberkulos och en patientguide f\u00f6r tuberkulospatienter p\u00e5 olika spr\u00e5k. Den norska patientorganisationen LHL har publicerat patientguider f\u00f6r tuberkulospatienter p\u00e5 olika spr\u00e5k.<\/p>\n","protected":false},"author":1,"featured_media":0,"parent":68,"menu_order":0,"comment_status":"closed","ping_status":"closed","template":"","meta":{"footnotes":""},"class_list":["post-631","page","type-page","status-publish"],"yoast_head":"<!-- This site is optimized with the Yoast SEO plugin v27.5 - https:\/\/yoast.com\/product\/yoast-seo-wordpress\/ -->\n<title>L\u00e4nkar - Tuberkulos - tuberkuloosi.fi<\/title>\n<meta name=\"robots\" content=\"index, follow, max-snippet:-1, max-image-preview:large, max-video-preview:-1\" \/>\n<link rel=\"canonical\" href=\"https:\/\/tuberkuloosi.fi\/se\/hjalp\/lankar-2\/\" \/>\n<meta property=\"og:locale\" content=\"sv_SE\" \/>\n<meta property=\"og:type\" content=\"article\" \/>\n<meta property=\"og:title\" content=\"L\u00e4nkar - Tuberkulos - tuberkuloosi.fi\" \/>\n<meta property=\"og:description\" content=\"Patientguider f\u00f6r tuberkulospatienter Filha har tillsammans med Andningsf\u00f6rbundet publicerat en allm\u00e4n broschyr om tuberkulos och en patientguide f\u00f6r tuberkulospatienter p\u00e5 olika spr\u00e5k. Den norska patientorganisationen LHL har publicerat patientguider f\u00f6r tuberkulospatienter p\u00e5 olika spr\u00e5k.\" \/>\n<meta property=\"og:url\" content=\"https:\/\/tuberkuloosi.fi\/se\/hjalp\/lankar-2\/\" \/>\n<meta property=\"og:site_name\" content=\"Tuberkulos - tuberkuloosi.fi\" \/>\n<meta property=\"article:modified_time\" content=\"2023-01-11T14:21:48+00:00\" \/>\n<meta name=\"twitter:card\" content=\"summary_large_image\" \/>\n<script type=\"application\/ld+json\" class=\"yoast-schema-graph\">{\"@context\":\"https:\\\/\\\/schema.org\",\"@graph\":[{\"@type\":\"WebPage\",\"@id\":\"https:\\\/\\\/tuberkuloosi.fi\\\/se\\\/hjalp\\\/lankar-2\\\/\",\"url\":\"https:\\\/\\\/tuberkuloosi.fi\\\/se\\\/hjalp\\\/lankar-2\\\/\",\"name\":\"L\u00e4nkar - Tuberkulos - tuberkuloosi.fi\",\"isPartOf\":{\"@id\":\"https:\\\/\\\/tuberkuloosi.fi\\\/se\\\/#website\"},\"datePublished\":\"2023-01-11T14:19:57+00:00\",\"dateModified\":\"2023-01-11T14:21:48+00:00\",\"breadcrumb\":{\"@id\":\"https:\\\/\\\/tuberkuloosi.fi\\\/se\\\/hjalp\\\/lankar-2\\\/#breadcrumb\"},\"inLanguage\":\"sv-SE\",\"potentialAction\":[{\"@type\":\"ReadAction\",\"target\":[\"https:\\\/\\\/tuberkuloosi.fi\\\/se\\\/hjalp\\\/lankar-2\\\/\"]}]},{\"@type\":\"BreadcrumbList\",\"@id\":\"https:\\\/\\\/tuberkuloosi.fi\\\/se\\\/hjalp\\\/lankar-2\\\/#breadcrumb\",\"itemListElement\":[{\"@type\":\"ListItem\",\"position\":1,\"name\":\"Etusivu\",\"item\":\"https:\\\/\\\/tuberkuloosi.fi\\\/se\\\/\"},{\"@type\":\"ListItem\",\"position\":2,\"name\":\"Hj\u00e4lp\",\"item\":\"https:\\\/\\\/tuberkuloosi.fi\\\/se\\\/hjalp\\\/\"},{\"@type\":\"ListItem\",\"position\":3,\"name\":\"L\u00e4nkar\"}]},{\"@type\":\"WebSite\",\"@id\":\"https:\\\/\\\/tuberkuloosi.fi\\\/se\\\/#website\",\"url\":\"https:\\\/\\\/tuberkuloosi.fi\\\/se\\\/\",\"name\":\"Tuberkulos - tuberkuloosi.fi\",\"description\":\"Tuberkulos kan botas \u2013 det klarar vi tillsammans\",\"publisher\":{\"@id\":\"https:\\\/\\\/tuberkuloosi.fi\\\/se\\\/#organization\"},\"potentialAction\":[{\"@type\":\"SearchAction\",\"target\":{\"@type\":\"EntryPoint\",\"urlTemplate\":\"https:\\\/\\\/tuberkuloosi.fi\\\/se\\\/?s={search_term_string}\"},\"query-input\":{\"@type\":\"PropertyValueSpecification\",\"valueRequired\":true,\"valueName\":\"search_term_string\"}}],\"inLanguage\":\"sv-SE\"},{\"@type\":\"Organization\",\"@id\":\"https:\\\/\\\/tuberkuloosi.fi\\\/se\\\/#organization\",\"name\":\"Tuberkulos - tuberkuloosi.fi\",\"url\":\"https:\\\/\\\/tuberkuloosi.fi\\\/se\\\/\",\"logo\":{\"@type\":\"ImageObject\",\"inLanguage\":\"sv-SE\",\"@id\":\"https:\\\/\\\/tuberkuloosi.fi\\\/se\\\/#\\\/schema\\\/logo\\\/image\\\/\",\"url\":\"https:\\\/\\\/tuberkuloosi.fi\\\/se\\\/wp-content\\\/uploads\\\/sites\\\/9\\\/2019\\\/08\\\/cropped-tuberkuloosi.fi-logo1.jpg\",\"contentUrl\":\"https:\\\/\\\/tuberkuloosi.fi\\\/se\\\/wp-content\\\/uploads\\\/sites\\\/9\\\/2019\\\/08\\\/cropped-tuberkuloosi.fi-logo1.jpg\",\"width\":1598,\"height\":321,\"caption\":\"Tuberkulos - tuberkuloosi.fi\"},\"image\":{\"@id\":\"https:\\\/\\\/tuberkuloosi.fi\\\/se\\\/#\\\/schema\\\/logo\\\/image\\\/\"}}]}<\/script>\n<!-- \/ Yoast SEO plugin. -->","yoast_head_json":{"title":"L\u00e4nkar - Tuberkulos - tuberkuloosi.fi","robots":{"index":"index","follow":"follow","max-snippet":"max-snippet:-1","max-image-preview":"max-image-preview:large","max-video-preview":"max-video-preview:-1"},"canonical":"https:\/\/tuberkuloosi.fi\/se\/hjalp\/lankar-2\/","og_locale":"sv_SE","og_type":"article","og_title":"L\u00e4nkar - Tuberkulos - tuberkuloosi.fi","og_description":"Patientguider f\u00f6r tuberkulospatienter Filha har tillsammans med Andningsf\u00f6rbundet publicerat en allm\u00e4n broschyr om tuberkulos och en patientguide f\u00f6r tuberkulospatienter p\u00e5 olika spr\u00e5k. Den norska patientorganisationen LHL har publicerat patientguider f\u00f6r tuberkulospatienter p\u00e5 olika spr\u00e5k.","og_url":"https:\/\/tuberkuloosi.fi\/se\/hjalp\/lankar-2\/","og_site_name":"Tuberkulos - tuberkuloosi.fi","article_modified_time":"2023-01-11T14:21:48+00:00","twitter_card":"summary_large_image","schema":{"@context":"https:\/\/schema.org","@graph":[{"@type":"WebPage","@id":"https:\/\/tuberkuloosi.fi\/se\/hjalp\/lankar-2\/","url":"https:\/\/tuberkuloosi.fi\/se\/hjalp\/lankar-2\/","name":"L\u00e4nkar - Tuberkulos - tuberkuloosi.fi","isPartOf":{"@id":"https:\/\/tuberkuloosi.fi\/se\/#website"},"datePublished":"2023-01-11T14:19:57+00:00","dateModified":"2023-01-11T14:21:48+00:00","breadcrumb":{"@id":"https:\/\/tuberkuloosi.fi\/se\/hjalp\/lankar-2\/#breadcrumb"},"inLanguage":"sv-SE","potentialAction":[{"@type":"ReadAction","target":["https:\/\/tuberkuloosi.fi\/se\/hjalp\/lankar-2\/"]}]},{"@type":"BreadcrumbList","@id":"https:\/\/tuberkuloosi.fi\/se\/hjalp\/lankar-2\/#breadcrumb","itemListElement":[{"@type":"ListItem","position":1,"name":"Etusivu","item":"https:\/\/tuberkuloosi.fi\/se\/"},{"@type":"ListItem","position":2,"name":"Hj\u00e4lp","item":"https:\/\/tuberkuloosi.fi\/se\/hjalp\/"},{"@type":"ListItem","position":3,"name":"L\u00e4nkar"}]},{"@type":"WebSite","@id":"https:\/\/tuberkuloosi.fi\/se\/#website","url":"https:\/\/tuberkuloosi.fi\/se\/","name":"Tuberkulos - tuberkuloosi.fi","description":"Tuberkulos kan botas \u2013 det klarar vi tillsammans","publisher":{"@id":"https:\/\/tuberkuloosi.fi\/se\/#organization"},"potentialAction":[{"@type":"SearchAction","target":{"@type":"EntryPoint","urlTemplate":"https:\/\/tuberkuloosi.fi\/se\/?s={search_term_string}"},"query-input":{"@type":"PropertyValueSpecification","valueRequired":true,"valueName":"search_term_string"}}],"inLanguage":"sv-SE"},{"@type":"Organization","@id":"https:\/\/tuberkuloosi.fi\/se\/#organization","name":"Tuberkulos - tuberkuloosi.fi","url":"https:\/\/tuberkuloosi.fi\/se\/","logo":{"@type":"ImageObject","inLanguage":"sv-SE","@id":"https:\/\/tuberkuloosi.fi\/se\/#\/schema\/logo\/image\/","url":"https:\/\/tuberkuloosi.fi\/se\/wp-content\/uploads\/sites\/9\/2019\/08\/cropped-tuberkuloosi.fi-logo1.jpg","contentUrl":"https:\/\/tuberkuloosi.fi\/se\/wp-content\/uploads\/sites\/9\/2019\/08\/cropped-tuberkuloosi.fi-logo1.jpg","width":1598,"height":321,"caption":"Tuberkulos - tuberkuloosi.fi"},"image":{"@id":"https:\/\/tuberkuloosi.fi\/se\/#\/schema\/logo\/image\/"}}]}},"_links":{"self":[{"href":"https:\/\/tuberkuloosi.fi\/se\/wp-json\/wp\/v2\/pages\/631","targetHints":{"allow":["GET"]}}],"collection":[{"href":"https:\/\/tuberkuloosi.fi\/se\/wp-json\/wp\/v2\/pages"}],"about":[{"href":"https:\/\/tuberkuloosi.fi\/se\/wp-json\/wp\/v2\/types\/page"}],"author":[{"embeddable":true,"href":"https:\/\/tuberkuloosi.fi\/se\/wp-json\/wp\/v2\/users\/1"}],"replies":[{"embeddable":true,"href":"https:\/\/tuberkuloosi.fi\/se\/wp-json\/wp\/v2\/comments?post=631"}],"version-history":[{"count":3,"href":"https:\/\/tuberkuloosi.fi\/se\/wp-json\/wp\/v2\/pages\/631\/revisions"}],"predecessor-version":[{"id":634,"href":"https:\/\/tuberkuloosi.fi\/se\/wp-json\/wp\/v2\/pages\/631\/revisions\/634"}],"up":[{"embeddable":true,"href":"https:\/\/tuberkuloosi.fi\/se\/wp-json\/wp\/v2\/pages\/68"}],"wp:attachment":[{"href":"https:\/\/tuberkuloosi.fi\/se\/wp-json\/wp\/v2\/media?parent=631"}],"curies":[{"name":"wp","href":"https:\/\/api.w.org\/{rel}","templated":true}]}}