{"id":641,"date":"2023-01-13T09:36:07","date_gmt":"2023-01-13T09:36:07","guid":{"rendered":"https:\/\/tuberkuloosi.fi\/se\/?page_id=641"},"modified":"2025-10-17T08:16:52","modified_gmt":"2025-10-17T08:16:52","slug":"gravid","status":"publish","type":"page","link":"https:\/\/tuberkuloosi.fi\/se\/ar-jag-i-fara\/gravid\/","title":{"rendered":"Gravid"},"content":{"rendered":"<p>Att bli sjuk av tuberkulos under graviditeten eller efter f\u00f6rlossningen \u00e4r s\u00e4llsynt i Finland tack vare Finlands goda tuberkulossituation. Risken f\u00f6r sjukdom \u00f6kar hos m\u00f6drar som \u00e4r f\u00f6dda eller har vistats l\u00e4nge eller upprepade g\u00e5nger i l\u00e4nder d\u00e4r tuberkulos \u00e4r vanligt. \u00c4ven m\u00f6drar som exponerats f\u00f6r tuberkulos i Finland har en \u00f6kad risk. Om du vet att du var i den n\u00e4ra kretsen av en person med tuberkulos eller om du har varit utsatt f\u00f6r tuberkulos p\u00e5 jobbet, ber\u00e4tta f\u00f6r m\u00f6drav\u00e5rden. D\u00e4r kommer din situation att bed\u00f6mas och vid behov ordnas tuberkulosscreeningsunders\u00f6kningar.<\/p>\n<p>L\u00e4s mer p\u00e5 <a href=\"https:\/\/www.filha.fi\/wp-content\/uploads\/2024\/02\/Odottavan-aidin-ohje-Raskaana-olevan-tuberkuloosiseulonta_2024_01_16_SE.pdf\" target=\"_blank\" rel=\"noopener\">Filhas instruktioner f\u00f6r blivande mammor<\/a>.<\/p>\n","protected":false},"excerpt":{"rendered":"<p>Att bli sjuk av tuberkulos under graviditeten eller efter f\u00f6rlossningen \u00e4r s\u00e4llsynt i Finland tack vare Finlands goda tuberkulossituation. Risken f\u00f6r sjukdom \u00f6kar hos m\u00f6drar som \u00e4r f\u00f6dda eller har vistats l\u00e4nge eller upprepade g\u00e5nger i l\u00e4nder d\u00e4r tuberkulos \u00e4r vanligt. \u00c4ven m\u00f6drar som exponerats f\u00f6r tuberkulos i Finland har en \u00f6kad risk. Om du &#8230; <a title=\"Gravid\" class=\"read-more\" href=\"https:\/\/tuberkuloosi.fi\/se\/ar-jag-i-fara\/gravid\/\">L\u00e4s mer<span class=\"screen-reader-text\">Gravid<\/span><\/a><\/p>\n","protected":false},"author":1,"featured_media":0,"parent":159,"menu_order":0,"comment_status":"closed","ping_status":"closed","template":"","meta":{"footnotes":""},"class_list":["post-641","page","type-page","status-publish"],"yoast_head":"<!-- This site is optimized with the Yoast SEO plugin v27.5 - https:\/\/yoast.com\/product\/yoast-seo-wordpress\/ -->\n<title>Gravid - Tuberkulos - tuberkuloosi.fi<\/title>\n<meta name=\"description\" content=\"tt bli sjuk av tuberkulos under graviditeten eller efter f\u00f6rlossningen \u00e4r s\u00e4llsynt i Finland tack vare Finlands goda tuberkulossituation.\" \/>\n<meta name=\"robots\" content=\"index, follow, max-snippet:-1, max-image-preview:large, max-video-preview:-1\" \/>\n<link rel=\"canonical\" href=\"https:\/\/tuberkuloosi.fi\/se\/ar-jag-i-fara\/gravid\/\" \/>\n<meta property=\"og:locale\" content=\"sv_SE\" \/>\n<meta property=\"og:type\" content=\"article\" \/>\n<meta property=\"og:title\" content=\"Gravid - Tuberkulos - tuberkuloosi.fi\" \/>\n<meta property=\"og:description\" content=\"tt bli sjuk av tuberkulos under graviditeten eller efter f\u00f6rlossningen \u00e4r s\u00e4llsynt i Finland tack vare Finlands goda tuberkulossituation.\" \/>\n<meta property=\"og:url\" content=\"https:\/\/tuberkuloosi.fi\/se\/ar-jag-i-fara\/gravid\/\" \/>\n<meta property=\"og:site_name\" content=\"Tuberkulos - tuberkuloosi.fi\" \/>\n<meta property=\"article:modified_time\" content=\"2025-10-17T08:16:52+00:00\" \/>\n<meta name=\"twitter:card\" content=\"summary_large_image\" \/>\n<meta name=\"twitter:label1\" content=\"Ber\u00e4knad l\u00e4stid\" \/>\n\t<meta name=\"twitter:data1\" content=\"1 minut\" \/>\n<script type=\"application\/ld+json\" class=\"yoast-schema-graph\">{\"@context\":\"https:\\\/\\\/schema.org\",\"@graph\":[{\"@type\":\"WebPage\",\"@id\":\"https:\\\/\\\/tuberkuloosi.fi\\\/se\\\/ar-jag-i-fara\\\/gravid\\\/\",\"url\":\"https:\\\/\\\/tuberkuloosi.fi\\\/se\\\/ar-jag-i-fara\\\/gravid\\\/\",\"name\":\"Gravid - Tuberkulos - tuberkuloosi.fi\",\"isPartOf\":{\"@id\":\"https:\\\/\\\/tuberkuloosi.fi\\\/se\\\/#website\"},\"datePublished\":\"2023-01-13T09:36:07+00:00\",\"dateModified\":\"2025-10-17T08:16:52+00:00\",\"description\":\"tt bli sjuk av tuberkulos under graviditeten eller efter f\u00f6rlossningen \u00e4r s\u00e4llsynt i Finland tack vare Finlands goda tuberkulossituation.\",\"breadcrumb\":{\"@id\":\"https:\\\/\\\/tuberkuloosi.fi\\\/se\\\/ar-jag-i-fara\\\/gravid\\\/#breadcrumb\"},\"inLanguage\":\"sv-SE\",\"potentialAction\":[{\"@type\":\"ReadAction\",\"target\":[\"https:\\\/\\\/tuberkuloosi.fi\\\/se\\\/ar-jag-i-fara\\\/gravid\\\/\"]}]},{\"@type\":\"BreadcrumbList\",\"@id\":\"https:\\\/\\\/tuberkuloosi.fi\\\/se\\\/ar-jag-i-fara\\\/gravid\\\/#breadcrumb\",\"itemListElement\":[{\"@type\":\"ListItem\",\"position\":1,\"name\":\"Etusivu\",\"item\":\"https:\\\/\\\/tuberkuloosi.fi\\\/se\\\/\"},{\"@type\":\"ListItem\",\"position\":2,\"name\":\"\u00c4r jag i fara?\",\"item\":\"https:\\\/\\\/tuberkuloosi.fi\\\/se\\\/ar-jag-i-fara\\\/\"},{\"@type\":\"ListItem\",\"position\":3,\"name\":\"Gravid\"}]},{\"@type\":\"WebSite\",\"@id\":\"https:\\\/\\\/tuberkuloosi.fi\\\/se\\\/#website\",\"url\":\"https:\\\/\\\/tuberkuloosi.fi\\\/se\\\/\",\"name\":\"Tuberkulos - tuberkuloosi.fi\",\"description\":\"Tuberkulos kan botas \u2013 det klarar vi tillsammans\",\"publisher\":{\"@id\":\"https:\\\/\\\/tuberkuloosi.fi\\\/se\\\/#organization\"},\"potentialAction\":[{\"@type\":\"SearchAction\",\"target\":{\"@type\":\"EntryPoint\",\"urlTemplate\":\"https:\\\/\\\/tuberkuloosi.fi\\\/se\\\/?s={search_term_string}\"},\"query-input\":{\"@type\":\"PropertyValueSpecification\",\"valueRequired\":true,\"valueName\":\"search_term_string\"}}],\"inLanguage\":\"sv-SE\"},{\"@type\":\"Organization\",\"@id\":\"https:\\\/\\\/tuberkuloosi.fi\\\/se\\\/#organization\",\"name\":\"Tuberkulos - tuberkuloosi.fi\",\"url\":\"https:\\\/\\\/tuberkuloosi.fi\\\/se\\\/\",\"logo\":{\"@type\":\"ImageObject\",\"inLanguage\":\"sv-SE\",\"@id\":\"https:\\\/\\\/tuberkuloosi.fi\\\/se\\\/#\\\/schema\\\/logo\\\/image\\\/\",\"url\":\"https:\\\/\\\/tuberkuloosi.fi\\\/se\\\/wp-content\\\/uploads\\\/sites\\\/9\\\/2019\\\/08\\\/cropped-tuberkuloosi.fi-logo1.jpg\",\"contentUrl\":\"https:\\\/\\\/tuberkuloosi.fi\\\/se\\\/wp-content\\\/uploads\\\/sites\\\/9\\\/2019\\\/08\\\/cropped-tuberkuloosi.fi-logo1.jpg\",\"width\":1598,\"height\":321,\"caption\":\"Tuberkulos - tuberkuloosi.fi\"},\"image\":{\"@id\":\"https:\\\/\\\/tuberkuloosi.fi\\\/se\\\/#\\\/schema\\\/logo\\\/image\\\/\"}}]}<\/script>\n<!-- \/ Yoast SEO plugin. -->","yoast_head_json":{"title":"Gravid - Tuberkulos - tuberkuloosi.fi","description":"tt bli sjuk av tuberkulos under graviditeten eller efter f\u00f6rlossningen \u00e4r s\u00e4llsynt i Finland tack vare Finlands goda tuberkulossituation.","robots":{"index":"index","follow":"follow","max-snippet":"max-snippet:-1","max-image-preview":"max-image-preview:large","max-video-preview":"max-video-preview:-1"},"canonical":"https:\/\/tuberkuloosi.fi\/se\/ar-jag-i-fara\/gravid\/","og_locale":"sv_SE","og_type":"article","og_title":"Gravid - Tuberkulos - tuberkuloosi.fi","og_description":"tt bli sjuk av tuberkulos under graviditeten eller efter f\u00f6rlossningen \u00e4r s\u00e4llsynt i Finland tack vare Finlands goda tuberkulossituation.","og_url":"https:\/\/tuberkuloosi.fi\/se\/ar-jag-i-fara\/gravid\/","og_site_name":"Tuberkulos - tuberkuloosi.fi","article_modified_time":"2025-10-17T08:16:52+00:00","twitter_card":"summary_large_image","twitter_misc":{"Ber\u00e4knad l\u00e4stid":"1 minut"},"schema":{"@context":"https:\/\/schema.org","@graph":[{"@type":"WebPage","@id":"https:\/\/tuberkuloosi.fi\/se\/ar-jag-i-fara\/gravid\/","url":"https:\/\/tuberkuloosi.fi\/se\/ar-jag-i-fara\/gravid\/","name":"Gravid - Tuberkulos - tuberkuloosi.fi","isPartOf":{"@id":"https:\/\/tuberkuloosi.fi\/se\/#website"},"datePublished":"2023-01-13T09:36:07+00:00","dateModified":"2025-10-17T08:16:52+00:00","description":"tt bli sjuk av tuberkulos under graviditeten eller efter f\u00f6rlossningen \u00e4r s\u00e4llsynt i Finland tack vare Finlands goda tuberkulossituation.","breadcrumb":{"@id":"https:\/\/tuberkuloosi.fi\/se\/ar-jag-i-fara\/gravid\/#breadcrumb"},"inLanguage":"sv-SE","potentialAction":[{"@type":"ReadAction","target":["https:\/\/tuberkuloosi.fi\/se\/ar-jag-i-fara\/gravid\/"]}]},{"@type":"BreadcrumbList","@id":"https:\/\/tuberkuloosi.fi\/se\/ar-jag-i-fara\/gravid\/#breadcrumb","itemListElement":[{"@type":"ListItem","position":1,"name":"Etusivu","item":"https:\/\/tuberkuloosi.fi\/se\/"},{"@type":"ListItem","position":2,"name":"\u00c4r jag i fara?","item":"https:\/\/tuberkuloosi.fi\/se\/ar-jag-i-fara\/"},{"@type":"ListItem","position":3,"name":"Gravid"}]},{"@type":"WebSite","@id":"https:\/\/tuberkuloosi.fi\/se\/#website","url":"https:\/\/tuberkuloosi.fi\/se\/","name":"Tuberkulos - tuberkuloosi.fi","description":"Tuberkulos kan botas \u2013 det klarar vi tillsammans","publisher":{"@id":"https:\/\/tuberkuloosi.fi\/se\/#organization"},"potentialAction":[{"@type":"SearchAction","target":{"@type":"EntryPoint","urlTemplate":"https:\/\/tuberkuloosi.fi\/se\/?s={search_term_string}"},"query-input":{"@type":"PropertyValueSpecification","valueRequired":true,"valueName":"search_term_string"}}],"inLanguage":"sv-SE"},{"@type":"Organization","@id":"https:\/\/tuberkuloosi.fi\/se\/#organization","name":"Tuberkulos - tuberkuloosi.fi","url":"https:\/\/tuberkuloosi.fi\/se\/","logo":{"@type":"ImageObject","inLanguage":"sv-SE","@id":"https:\/\/tuberkuloosi.fi\/se\/#\/schema\/logo\/image\/","url":"https:\/\/tuberkuloosi.fi\/se\/wp-content\/uploads\/sites\/9\/2019\/08\/cropped-tuberkuloosi.fi-logo1.jpg","contentUrl":"https:\/\/tuberkuloosi.fi\/se\/wp-content\/uploads\/sites\/9\/2019\/08\/cropped-tuberkuloosi.fi-logo1.jpg","width":1598,"height":321,"caption":"Tuberkulos - tuberkuloosi.fi"},"image":{"@id":"https:\/\/tuberkuloosi.fi\/se\/#\/schema\/logo\/image\/"}}]}},"_links":{"self":[{"href":"https:\/\/tuberkuloosi.fi\/se\/wp-json\/wp\/v2\/pages\/641","targetHints":{"allow":["GET"]}}],"collection":[{"href":"https:\/\/tuberkuloosi.fi\/se\/wp-json\/wp\/v2\/pages"}],"about":[{"href":"https:\/\/tuberkuloosi.fi\/se\/wp-json\/wp\/v2\/types\/page"}],"author":[{"embeddable":true,"href":"https:\/\/tuberkuloosi.fi\/se\/wp-json\/wp\/v2\/users\/1"}],"replies":[{"embeddable":true,"href":"https:\/\/tuberkuloosi.fi\/se\/wp-json\/wp\/v2\/comments?post=641"}],"version-history":[{"count":4,"href":"https:\/\/tuberkuloosi.fi\/se\/wp-json\/wp\/v2\/pages\/641\/revisions"}],"predecessor-version":[{"id":927,"href":"https:\/\/tuberkuloosi.fi\/se\/wp-json\/wp\/v2\/pages\/641\/revisions\/927"}],"up":[{"embeddable":true,"href":"https:\/\/tuberkuloosi.fi\/se\/wp-json\/wp\/v2\/pages\/159"}],"wp:attachment":[{"href":"https:\/\/tuberkuloosi.fi\/se\/wp-json\/wp\/v2\/media?parent=641"}],"curies":[{"name":"wp","href":"https:\/\/api.w.org\/{rel}","templated":true}]}}