{"id":646,"date":"2023-01-13T09:43:53","date_gmt":"2023-01-13T09:43:53","guid":{"rendered":"https:\/\/tuberkuloosi.fi\/se\/?page_id=646"},"modified":"2023-01-13T09:43:53","modified_gmt":"2023-01-13T09:43:53","slug":"biologisk-lakemedelsbehandling-och-jak-hammare","status":"publish","type":"page","link":"https:\/\/tuberkuloosi.fi\/se\/ar-jag-i-fara\/biologisk-lakemedelsbehandling-och-jak-hammare\/","title":{"rendered":"Biologisk l\u00e4kemedelsbehandling och JAK-h\u00e4mmare"},"content":{"rendered":"<p>Biologisk l\u00e4kemedelsbehandling och JAK-h\u00e4mmare kan anv\u00e4ndas vid behandling av reumatiska sjukdomar, sv\u00e5r psoriasis och kroniska tarminflammationer (Crohns sjukdom, ulcer\u00f6s kolit). I synnerhet \u00e4r TNF-blockerare associerad med risken f\u00f6r reaktivering av vilande tuberkulosinfektion (<a href=\"https:\/\/tuberkuloosi.fi\/se\/tuberkulos\/latent-tuberkulosinfektion\/\">latent tuberkulosinfektion,\u00a0LTBI<\/a>). Effekten av andra biologiska l\u00e4kemedel \u00e4r mindre.<\/p>\n<p>Innan behandling med biologisk medicin eller JAK-h\u00e4mmare p\u00e5b\u00f6rjas kommer den behandlande l\u00e4karen att ta reda p\u00e5 om patienten har varit exponerad f\u00f6r tuberkulos och eventuellt smittad. Utifr\u00e5n riskbed\u00f6mningen kan l\u00e4kemedelsbehandling f\u00f6r att f\u00f6rebygga tuberkulos rekommenderas till patienten.<\/p>\n<p>L\u00e4s mer i <a href=\"https:\/\/www.reumatologinenyhdistys.fi\/app\/uploads\/2019\/11\/LTBI-ohje-SRY-p%C3%A4ivitys_15.11.2019.pdf\" target=\"_blank\" rel=\"noopener\">Reumatologf\u00f6rbundets patientguide<\/a> (p\u00e5 finska).<\/p>\n<p>&nbsp;<\/p>\n","protected":false},"excerpt":{"rendered":"<p>Biologisk l\u00e4kemedelsbehandling och JAK-h\u00e4mmare kan anv\u00e4ndas vid behandling av reumatiska sjukdomar, sv\u00e5r psoriasis och kroniska tarminflammationer (Crohns sjukdom, ulcer\u00f6s kolit). I synnerhet \u00e4r TNF-blockerare associerad med risken f\u00f6r reaktivering av vilande tuberkulosinfektion (latent tuberkulosinfektion,\u00a0LTBI). Effekten av andra biologiska l\u00e4kemedel \u00e4r mindre. Innan behandling med biologisk medicin eller JAK-h\u00e4mmare p\u00e5b\u00f6rjas kommer den behandlande l\u00e4karen att ta &#8230; <a title=\"Biologisk l\u00e4kemedelsbehandling och JAK-h\u00e4mmare\" class=\"read-more\" href=\"https:\/\/tuberkuloosi.fi\/se\/ar-jag-i-fara\/biologisk-lakemedelsbehandling-och-jak-hammare\/\">L\u00e4s mer<span class=\"screen-reader-text\">Biologisk l\u00e4kemedelsbehandling och JAK-h\u00e4mmare<\/span><\/a><\/p>\n","protected":false},"author":1,"featured_media":0,"parent":159,"menu_order":0,"comment_status":"closed","ping_status":"closed","template":"","meta":{"footnotes":""},"class_list":["post-646","page","type-page","status-publish"],"yoast_head":"<!-- This site is optimized with the Yoast SEO plugin v27.5 - https:\/\/yoast.com\/product\/yoast-seo-wordpress\/ -->\n<title>Biologisk l\u00e4kemedelsbehandling och JAK-h\u00e4mmare - Tuberkulos - tuberkuloosi.fi<\/title>\n<meta name=\"robots\" content=\"index, follow, max-snippet:-1, max-image-preview:large, max-video-preview:-1\" \/>\n<link rel=\"canonical\" href=\"https:\/\/tuberkuloosi.fi\/se\/ar-jag-i-fara\/biologisk-lakemedelsbehandling-och-jak-hammare\/\" \/>\n<meta property=\"og:locale\" content=\"sv_SE\" \/>\n<meta property=\"og:type\" content=\"article\" \/>\n<meta property=\"og:title\" content=\"Biologisk l\u00e4kemedelsbehandling och JAK-h\u00e4mmare - Tuberkulos - tuberkuloosi.fi\" \/>\n<meta property=\"og:description\" content=\"Biologisk l\u00e4kemedelsbehandling och JAK-h\u00e4mmare kan anv\u00e4ndas vid behandling av reumatiska sjukdomar, sv\u00e5r psoriasis och kroniska tarminflammationer (Crohns sjukdom, ulcer\u00f6s kolit). I synnerhet \u00e4r TNF-blockerare associerad med risken f\u00f6r reaktivering av vilande tuberkulosinfektion (latent tuberkulosinfektion,\u00a0LTBI). Effekten av andra biologiska l\u00e4kemedel \u00e4r mindre. Innan behandling med biologisk medicin eller JAK-h\u00e4mmare p\u00e5b\u00f6rjas kommer den behandlande l\u00e4karen att ta ... L\u00e4s merBiologisk l\u00e4kemedelsbehandling och JAK-h\u00e4mmare\" \/>\n<meta property=\"og:url\" content=\"https:\/\/tuberkuloosi.fi\/se\/ar-jag-i-fara\/biologisk-lakemedelsbehandling-och-jak-hammare\/\" \/>\n<meta property=\"og:site_name\" content=\"Tuberkulos - tuberkuloosi.fi\" \/>\n<meta name=\"twitter:card\" content=\"summary_large_image\" \/>\n<meta name=\"twitter:label1\" content=\"Ber\u00e4knad l\u00e4stid\" \/>\n\t<meta name=\"twitter:data1\" content=\"1 minut\" \/>\n<script type=\"application\/ld+json\" class=\"yoast-schema-graph\">{\"@context\":\"https:\\\/\\\/schema.org\",\"@graph\":[{\"@type\":\"WebPage\",\"@id\":\"https:\\\/\\\/tuberkuloosi.fi\\\/se\\\/ar-jag-i-fara\\\/biologisk-lakemedelsbehandling-och-jak-hammare\\\/\",\"url\":\"https:\\\/\\\/tuberkuloosi.fi\\\/se\\\/ar-jag-i-fara\\\/biologisk-lakemedelsbehandling-och-jak-hammare\\\/\",\"name\":\"Biologisk l\u00e4kemedelsbehandling och JAK-h\u00e4mmare - Tuberkulos - tuberkuloosi.fi\",\"isPartOf\":{\"@id\":\"https:\\\/\\\/tuberkuloosi.fi\\\/se\\\/#website\"},\"datePublished\":\"2023-01-13T09:43:53+00:00\",\"breadcrumb\":{\"@id\":\"https:\\\/\\\/tuberkuloosi.fi\\\/se\\\/ar-jag-i-fara\\\/biologisk-lakemedelsbehandling-och-jak-hammare\\\/#breadcrumb\"},\"inLanguage\":\"sv-SE\",\"potentialAction\":[{\"@type\":\"ReadAction\",\"target\":[\"https:\\\/\\\/tuberkuloosi.fi\\\/se\\\/ar-jag-i-fara\\\/biologisk-lakemedelsbehandling-och-jak-hammare\\\/\"]}]},{\"@type\":\"BreadcrumbList\",\"@id\":\"https:\\\/\\\/tuberkuloosi.fi\\\/se\\\/ar-jag-i-fara\\\/biologisk-lakemedelsbehandling-och-jak-hammare\\\/#breadcrumb\",\"itemListElement\":[{\"@type\":\"ListItem\",\"position\":1,\"name\":\"Etusivu\",\"item\":\"https:\\\/\\\/tuberkuloosi.fi\\\/se\\\/\"},{\"@type\":\"ListItem\",\"position\":2,\"name\":\"\u00c4r jag i fara?\",\"item\":\"https:\\\/\\\/tuberkuloosi.fi\\\/se\\\/ar-jag-i-fara\\\/\"},{\"@type\":\"ListItem\",\"position\":3,\"name\":\"Biologisk l\u00e4kemedelsbehandling och JAK-h\u00e4mmare\"}]},{\"@type\":\"WebSite\",\"@id\":\"https:\\\/\\\/tuberkuloosi.fi\\\/se\\\/#website\",\"url\":\"https:\\\/\\\/tuberkuloosi.fi\\\/se\\\/\",\"name\":\"Tuberkulos - tuberkuloosi.fi\",\"description\":\"Tuberkulos kan botas \u2013 det klarar vi tillsammans\",\"publisher\":{\"@id\":\"https:\\\/\\\/tuberkuloosi.fi\\\/se\\\/#organization\"},\"potentialAction\":[{\"@type\":\"SearchAction\",\"target\":{\"@type\":\"EntryPoint\",\"urlTemplate\":\"https:\\\/\\\/tuberkuloosi.fi\\\/se\\\/?s={search_term_string}\"},\"query-input\":{\"@type\":\"PropertyValueSpecification\",\"valueRequired\":true,\"valueName\":\"search_term_string\"}}],\"inLanguage\":\"sv-SE\"},{\"@type\":\"Organization\",\"@id\":\"https:\\\/\\\/tuberkuloosi.fi\\\/se\\\/#organization\",\"name\":\"Tuberkulos - tuberkuloosi.fi\",\"url\":\"https:\\\/\\\/tuberkuloosi.fi\\\/se\\\/\",\"logo\":{\"@type\":\"ImageObject\",\"inLanguage\":\"sv-SE\",\"@id\":\"https:\\\/\\\/tuberkuloosi.fi\\\/se\\\/#\\\/schema\\\/logo\\\/image\\\/\",\"url\":\"https:\\\/\\\/tuberkuloosi.fi\\\/se\\\/wp-content\\\/uploads\\\/sites\\\/9\\\/2019\\\/08\\\/cropped-tuberkuloosi.fi-logo1.jpg\",\"contentUrl\":\"https:\\\/\\\/tuberkuloosi.fi\\\/se\\\/wp-content\\\/uploads\\\/sites\\\/9\\\/2019\\\/08\\\/cropped-tuberkuloosi.fi-logo1.jpg\",\"width\":1598,\"height\":321,\"caption\":\"Tuberkulos - tuberkuloosi.fi\"},\"image\":{\"@id\":\"https:\\\/\\\/tuberkuloosi.fi\\\/se\\\/#\\\/schema\\\/logo\\\/image\\\/\"}}]}<\/script>\n<!-- \/ Yoast SEO plugin. -->","yoast_head_json":{"title":"Biologisk l\u00e4kemedelsbehandling och JAK-h\u00e4mmare - Tuberkulos - tuberkuloosi.fi","robots":{"index":"index","follow":"follow","max-snippet":"max-snippet:-1","max-image-preview":"max-image-preview:large","max-video-preview":"max-video-preview:-1"},"canonical":"https:\/\/tuberkuloosi.fi\/se\/ar-jag-i-fara\/biologisk-lakemedelsbehandling-och-jak-hammare\/","og_locale":"sv_SE","og_type":"article","og_title":"Biologisk l\u00e4kemedelsbehandling och JAK-h\u00e4mmare - Tuberkulos - tuberkuloosi.fi","og_description":"Biologisk l\u00e4kemedelsbehandling och JAK-h\u00e4mmare kan anv\u00e4ndas vid behandling av reumatiska sjukdomar, sv\u00e5r psoriasis och kroniska tarminflammationer (Crohns sjukdom, ulcer\u00f6s kolit). I synnerhet \u00e4r TNF-blockerare associerad med risken f\u00f6r reaktivering av vilande tuberkulosinfektion (latent tuberkulosinfektion,\u00a0LTBI). Effekten av andra biologiska l\u00e4kemedel \u00e4r mindre. Innan behandling med biologisk medicin eller JAK-h\u00e4mmare p\u00e5b\u00f6rjas kommer den behandlande l\u00e4karen att ta ... L\u00e4s merBiologisk l\u00e4kemedelsbehandling och JAK-h\u00e4mmare","og_url":"https:\/\/tuberkuloosi.fi\/se\/ar-jag-i-fara\/biologisk-lakemedelsbehandling-och-jak-hammare\/","og_site_name":"Tuberkulos - tuberkuloosi.fi","twitter_card":"summary_large_image","twitter_misc":{"Ber\u00e4knad l\u00e4stid":"1 minut"},"schema":{"@context":"https:\/\/schema.org","@graph":[{"@type":"WebPage","@id":"https:\/\/tuberkuloosi.fi\/se\/ar-jag-i-fara\/biologisk-lakemedelsbehandling-och-jak-hammare\/","url":"https:\/\/tuberkuloosi.fi\/se\/ar-jag-i-fara\/biologisk-lakemedelsbehandling-och-jak-hammare\/","name":"Biologisk l\u00e4kemedelsbehandling och JAK-h\u00e4mmare - Tuberkulos - tuberkuloosi.fi","isPartOf":{"@id":"https:\/\/tuberkuloosi.fi\/se\/#website"},"datePublished":"2023-01-13T09:43:53+00:00","breadcrumb":{"@id":"https:\/\/tuberkuloosi.fi\/se\/ar-jag-i-fara\/biologisk-lakemedelsbehandling-och-jak-hammare\/#breadcrumb"},"inLanguage":"sv-SE","potentialAction":[{"@type":"ReadAction","target":["https:\/\/tuberkuloosi.fi\/se\/ar-jag-i-fara\/biologisk-lakemedelsbehandling-och-jak-hammare\/"]}]},{"@type":"BreadcrumbList","@id":"https:\/\/tuberkuloosi.fi\/se\/ar-jag-i-fara\/biologisk-lakemedelsbehandling-och-jak-hammare\/#breadcrumb","itemListElement":[{"@type":"ListItem","position":1,"name":"Etusivu","item":"https:\/\/tuberkuloosi.fi\/se\/"},{"@type":"ListItem","position":2,"name":"\u00c4r jag i fara?","item":"https:\/\/tuberkuloosi.fi\/se\/ar-jag-i-fara\/"},{"@type":"ListItem","position":3,"name":"Biologisk l\u00e4kemedelsbehandling och JAK-h\u00e4mmare"}]},{"@type":"WebSite","@id":"https:\/\/tuberkuloosi.fi\/se\/#website","url":"https:\/\/tuberkuloosi.fi\/se\/","name":"Tuberkulos - tuberkuloosi.fi","description":"Tuberkulos kan botas \u2013 det klarar vi tillsammans","publisher":{"@id":"https:\/\/tuberkuloosi.fi\/se\/#organization"},"potentialAction":[{"@type":"SearchAction","target":{"@type":"EntryPoint","urlTemplate":"https:\/\/tuberkuloosi.fi\/se\/?s={search_term_string}"},"query-input":{"@type":"PropertyValueSpecification","valueRequired":true,"valueName":"search_term_string"}}],"inLanguage":"sv-SE"},{"@type":"Organization","@id":"https:\/\/tuberkuloosi.fi\/se\/#organization","name":"Tuberkulos - tuberkuloosi.fi","url":"https:\/\/tuberkuloosi.fi\/se\/","logo":{"@type":"ImageObject","inLanguage":"sv-SE","@id":"https:\/\/tuberkuloosi.fi\/se\/#\/schema\/logo\/image\/","url":"https:\/\/tuberkuloosi.fi\/se\/wp-content\/uploads\/sites\/9\/2019\/08\/cropped-tuberkuloosi.fi-logo1.jpg","contentUrl":"https:\/\/tuberkuloosi.fi\/se\/wp-content\/uploads\/sites\/9\/2019\/08\/cropped-tuberkuloosi.fi-logo1.jpg","width":1598,"height":321,"caption":"Tuberkulos - tuberkuloosi.fi"},"image":{"@id":"https:\/\/tuberkuloosi.fi\/se\/#\/schema\/logo\/image\/"}}]}},"_links":{"self":[{"href":"https:\/\/tuberkuloosi.fi\/se\/wp-json\/wp\/v2\/pages\/646","targetHints":{"allow":["GET"]}}],"collection":[{"href":"https:\/\/tuberkuloosi.fi\/se\/wp-json\/wp\/v2\/pages"}],"about":[{"href":"https:\/\/tuberkuloosi.fi\/se\/wp-json\/wp\/v2\/types\/page"}],"author":[{"embeddable":true,"href":"https:\/\/tuberkuloosi.fi\/se\/wp-json\/wp\/v2\/users\/1"}],"replies":[{"embeddable":true,"href":"https:\/\/tuberkuloosi.fi\/se\/wp-json\/wp\/v2\/comments?post=646"}],"version-history":[{"count":1,"href":"https:\/\/tuberkuloosi.fi\/se\/wp-json\/wp\/v2\/pages\/646\/revisions"}],"predecessor-version":[{"id":647,"href":"https:\/\/tuberkuloosi.fi\/se\/wp-json\/wp\/v2\/pages\/646\/revisions\/647"}],"up":[{"embeddable":true,"href":"https:\/\/tuberkuloosi.fi\/se\/wp-json\/wp\/v2\/pages\/159"}],"wp:attachment":[{"href":"https:\/\/tuberkuloosi.fi\/se\/wp-json\/wp\/v2\/media?parent=646"}],"curies":[{"name":"wp","href":"https:\/\/api.w.org\/{rel}","templated":true}]}}