{"id":649,"date":"2023-01-13T09:57:11","date_gmt":"2023-01-13T09:57:11","guid":{"rendered":"https:\/\/tuberkuloosi.fi\/se\/?page_id=649"},"modified":"2023-01-13T10:05:53","modified_gmt":"2023-01-13T10:05:53","slug":"instruktioner-for-invandrare","status":"publish","type":"page","link":"https:\/\/tuberkuloosi.fi\/se\/material\/instruktioner-for-invandrare\/","title":{"rendered":"Instruktioner f\u00f6r invandrare"},"content":{"rendered":"<p>Denna instruktion riktar sig till andra invandrare \u00e4n asyls\u00f6kande och flyktingar. Instruktionerna ber\u00e4ttar grunderna om tuberkulos och m\u00f6jligheten att ans\u00f6ka om lungskanning p\u00e5 v\u00e5rdcentralen d\u00e4r du bor. Anvisningarna har gjorts av Birkalands sjukv\u00e5rdsdistrikt.<\/p>\n<p><a href=\"http:\/\/tuberkuloosi.fi\/wp-content\/uploads\/2015\/11\/TB-sivustolle-Tiedote-tuberkuloosista-suomi.pdf\">Skrift om tuberkulos (finska)<\/a><\/p>\n<p><a href=\"http:\/\/tuberkuloosi.fi\/wp-content\/uploads\/2015\/11\/TB-sivustolle-Tiedote-tuberkuloosista-albania.pdf\">Skrift om tuberkulos (albanska)<\/a><\/p>\n<p><a href=\"http:\/\/tuberkuloosi.fi\/wp-content\/uploads\/2015\/11\/TB-sivustolle-Tiedote-tuberkuloosista-arabia.pdf\">Skrift om tuberkulos (arabiska)<\/a><\/p>\n<p><a href=\"http:\/\/tuberkuloosi.fi\/wp-content\/uploads\/2015\/11\/TB-sivustolle-Tiedote-tuberkuloosista-bosnia.pdf\">Skrift om tuberkulos (bosniska)<\/a><\/p>\n<p><a href=\"http:\/\/tuberkuloosi.fi\/wp-content\/uploads\/2015\/11\/TB-sivustolle-Tiedote-tuberkuloosista-dari.pdf\">Skrift om tuberkulos (dari)<\/a><\/p>\n<p><a href=\"http:\/\/tuberkuloosi.fi\/wp-content\/uploads\/2015\/11\/TB-sivustolle-Tiedote-tuberkuloosista-englanti.pdf\">Skrift om tuberkulos (engelska)<\/a><\/p>\n<p><a href=\"http:\/\/tuberkuloosi.fi\/wp-content\/uploads\/2015\/11\/TB-sivustolle-Tiedote-tuberkuloosista-viro.pdf\">Skrift om tuberkulos (estniska)<\/a><\/p>\n<p><a href=\"http:\/\/tuberkuloosi.fi\/wp-content\/uploads\/2015\/11\/TB-sivustolle-Tiedote-tuberkuloosista-farsi.pdf\">Skrift om tuberkulos (farsi\/persiska)<\/a><\/p>\n<p><a href=\"http:\/\/tuberkuloosi.fi\/wp-content\/uploads\/2015\/11\/TB-sivustolle-Tiedote-tuberkuloosista-filipino.pdf\">Skrift om tuberkulos (filippinska)<\/a><\/p>\n<p><a href=\"http:\/\/tuberkuloosi.fi\/wp-content\/uploads\/2015\/11\/TB-sivustolle-Tiedote-tuberkuloosista-ranska.pdf\">Skrift om tuberkulos (franska)<\/a><\/p>\n<p><a href=\"http:\/\/tuberkuloosi.fi\/wp-content\/uploads\/2015\/11\/TB-sivustolle-Tiedote-tuberkuloosista-hindi.pdf\">Skrift om tuberkulos (hindi)<\/a><\/p>\n<p><a href=\"http:\/\/tuberkuloosi.fi\/wp-content\/uploads\/2015\/11\/TB-sivustolle-Tiedote-tuberkuloosista-indonesia.pdf\">Skrift om tuberkulos (indonesiska)<\/a><\/p>\n<p><a href=\"http:\/\/tuberkuloosi.fi\/wp-content\/uploads\/2015\/11\/TB-sivustolle-Tiedote-tuberkuloosista-kiina.pdf\">Skrift om tuberkulos (kinesiska)<\/a><\/p>\n<p><a href=\"http:\/\/tuberkuloosi.fi\/wp-content\/uploads\/2015\/11\/TB-sivustolle-Tiedote-tuberkuloosista-kurdi.pdf\">Skrift om tuberkulos (kurdi)<\/a><\/p>\n<p><a href=\"http:\/\/tuberkuloosi.fi\/wp-content\/uploads\/2015\/11\/TB-sivustolle-Tiedote-tuberkuloosista-l\u00e4tti.pdf\">Skrift om tuberkulos (lettiska)<\/a><\/p>\n<p><a href=\"http:\/\/tuberkuloosi.fi\/wp-content\/uploads\/2015\/11\/TB-sivustolle-Tiedote-tuberkuloosista-liettua.pdf\">Skrift om tuberkulos (litauiska)<\/a><\/p>\n<p><a href=\"http:\/\/tuberkuloosi.fi\/wp-content\/uploads\/2015\/11\/TB-sivustolle-Tiedote-tuberkuloosista-pashtu.pdf\">Skrift om tuberkulos (pashto)<\/a><\/p>\n<p><a href=\"http:\/\/tuberkuloosi.fi\/wp-content\/uploads\/2015\/11\/TB-sivustolle-Tiedote-tuberkuloosista-portugali.pdf\">Skrift om tuberkulos (portugisiska)<\/a><\/p>\n<p><a href=\"http:\/\/tuberkuloosi.fi\/wp-content\/uploads\/2015\/11\/TB-sivustolle-Tiedote-tuberkuloosista-puola.pdf\">Skrift om tuberkulos (polska)<\/a><\/p>\n<p><a href=\"http:\/\/tuberkuloosi.fi\/wp-content\/uploads\/2015\/11\/TB-sivustolle-Tiedote-tuberkuloosista-romania.pdf\">Skrift om tuberkulos (rum\u00e4nska)<\/a><\/p>\n<p><a href=\"http:\/\/tuberkuloosi.fi\/wp-content\/uploads\/2015\/11\/TB-sivustolle-Tiedote-tuberkuloosista-somali.pdf\">Skrift om tuberkulos (somaliska)<\/a><\/p>\n<p><a href=\"http:\/\/tuberkuloosi.fi\/wp-content\/uploads\/2015\/11\/TB-sivustolle-Tiedote-tuberkuloosista-espanja.pdf\">Skrift om tuberkulos (spanska)<\/a><\/p>\n<p><a href=\"http:\/\/tuberkuloosi.fi\/wp-content\/uploads\/2015\/11\/TB-sivustolle-Tiedote-tuberkuloosista-swahili.pdf\">Skrift om tuberkulos (swahili)<\/a><\/p>\n<p><a href=\"http:\/\/tuberkuloosi.fi\/wp-content\/uploads\/2015\/11\/TB-sivustolle-Tiedote-tuberkuloosista-thai.pdf\">Skrift om tuberkulos (thail\u00e4ndska)<\/a><\/p>\n<p><a href=\"http:\/\/tuberkuloosi.fi\/wp-content\/uploads\/2015\/11\/TB-sivustolle-Tiedote-tuberkuloosista-ukraina.pdf\">Skrift om tuberkulos (ukrainska)<\/a><\/p>\n<p><a href=\"http:\/\/tuberkuloosi.fi\/wp-content\/uploads\/2015\/11\/TB-sivustolle-Tiedote-tuberkuloosista-ven\u00e4j\u00e4.pdf\">Skrift om tuberkulos (ryska)<\/a><\/p>\n<p><a href=\"http:\/\/tuberkuloosi.fi\/wp-content\/uploads\/2015\/11\/TB-sivustolle-Tiedote-tuberkuloosista-vietnam.pdf\">Skrift om tuberkulos (vietnamesiska)<\/a><\/p>\n<p>&nbsp;<\/p>\n<p>&nbsp;<\/p>\n","protected":false},"excerpt":{"rendered":"<p>Denna instruktion riktar sig till andra invandrare \u00e4n asyls\u00f6kande och flyktingar. Instruktionerna ber\u00e4ttar grunderna om tuberkulos och m\u00f6jligheten att ans\u00f6ka om lungskanning p\u00e5 v\u00e5rdcentralen d\u00e4r du bor. Anvisningarna har gjorts av Birkalands sjukv\u00e5rdsdistrikt. Skrift om tuberkulos (finska) Skrift om tuberkulos (albanska) Skrift om tuberkulos (arabiska) Skrift om tuberkulos (bosniska) Skrift om tuberkulos (dari) Skrift om &#8230; <a title=\"Instruktioner f\u00f6r invandrare\" class=\"read-more\" href=\"https:\/\/tuberkuloosi.fi\/se\/material\/instruktioner-for-invandrare\/\">L\u00e4s mer<span class=\"screen-reader-text\">Instruktioner f\u00f6r invandrare<\/span><\/a><\/p>\n","protected":false},"author":1,"featured_media":0,"parent":197,"menu_order":0,"comment_status":"closed","ping_status":"closed","template":"","meta":{"footnotes":""},"class_list":["post-649","page","type-page","status-publish"],"yoast_head":"<!-- This site is optimized with the Yoast SEO plugin v27.4 - https:\/\/yoast.com\/product\/yoast-seo-wordpress\/ -->\n<title>Instruktioner f\u00f6r invandrare - Tuberkulos - tuberkuloosi.fi<\/title>\n<meta name=\"robots\" content=\"index, follow, max-snippet:-1, max-image-preview:large, max-video-preview:-1\" \/>\n<link rel=\"canonical\" href=\"https:\/\/tuberkuloosi.fi\/se\/material\/instruktioner-for-invandrare\/\" \/>\n<meta property=\"og:locale\" content=\"sv_SE\" \/>\n<meta property=\"og:type\" content=\"article\" \/>\n<meta property=\"og:title\" content=\"Instruktioner f\u00f6r invandrare - Tuberkulos - tuberkuloosi.fi\" \/>\n<meta property=\"og:description\" content=\"Denna instruktion riktar sig till andra invandrare \u00e4n asyls\u00f6kande och flyktingar. Instruktionerna ber\u00e4ttar grunderna om tuberkulos och m\u00f6jligheten att ans\u00f6ka om lungskanning p\u00e5 v\u00e5rdcentralen d\u00e4r du bor. Anvisningarna har gjorts av Birkalands sjukv\u00e5rdsdistrikt. Skrift om tuberkulos (finska) Skrift om tuberkulos (albanska) Skrift om tuberkulos (arabiska) Skrift om tuberkulos (bosniska) Skrift om tuberkulos (dari) Skrift om ... L\u00e4s merInstruktioner f\u00f6r invandrare\" \/>\n<meta property=\"og:url\" content=\"https:\/\/tuberkuloosi.fi\/se\/material\/instruktioner-for-invandrare\/\" \/>\n<meta property=\"og:site_name\" content=\"Tuberkulos - tuberkuloosi.fi\" \/>\n<meta property=\"article:modified_time\" content=\"2023-01-13T10:05:53+00:00\" \/>\n<meta name=\"twitter:card\" content=\"summary_large_image\" \/>\n<meta name=\"twitter:label1\" content=\"Ber\u00e4knad l\u00e4stid\" \/>\n\t<meta name=\"twitter:data1\" content=\"1 minut\" \/>\n<script type=\"application\/ld+json\" class=\"yoast-schema-graph\">{\"@context\":\"https:\\\/\\\/schema.org\",\"@graph\":[{\"@type\":\"WebPage\",\"@id\":\"https:\\\/\\\/tuberkuloosi.fi\\\/se\\\/material\\\/instruktioner-for-invandrare\\\/\",\"url\":\"https:\\\/\\\/tuberkuloosi.fi\\\/se\\\/material\\\/instruktioner-for-invandrare\\\/\",\"name\":\"Instruktioner f\u00f6r invandrare - Tuberkulos - tuberkuloosi.fi\",\"isPartOf\":{\"@id\":\"https:\\\/\\\/tuberkuloosi.fi\\\/se\\\/#website\"},\"datePublished\":\"2023-01-13T09:57:11+00:00\",\"dateModified\":\"2023-01-13T10:05:53+00:00\",\"breadcrumb\":{\"@id\":\"https:\\\/\\\/tuberkuloosi.fi\\\/se\\\/material\\\/instruktioner-for-invandrare\\\/#breadcrumb\"},\"inLanguage\":\"sv-SE\",\"potentialAction\":[{\"@type\":\"ReadAction\",\"target\":[\"https:\\\/\\\/tuberkuloosi.fi\\\/se\\\/material\\\/instruktioner-for-invandrare\\\/\"]}]},{\"@type\":\"BreadcrumbList\",\"@id\":\"https:\\\/\\\/tuberkuloosi.fi\\\/se\\\/material\\\/instruktioner-for-invandrare\\\/#breadcrumb\",\"itemListElement\":[{\"@type\":\"ListItem\",\"position\":1,\"name\":\"Etusivu\",\"item\":\"https:\\\/\\\/tuberkuloosi.fi\\\/se\\\/\"},{\"@type\":\"ListItem\",\"position\":2,\"name\":\"Material\",\"item\":\"https:\\\/\\\/tuberkuloosi.fi\\\/se\\\/material\\\/\"},{\"@type\":\"ListItem\",\"position\":3,\"name\":\"Instruktioner f\u00f6r invandrare\"}]},{\"@type\":\"WebSite\",\"@id\":\"https:\\\/\\\/tuberkuloosi.fi\\\/se\\\/#website\",\"url\":\"https:\\\/\\\/tuberkuloosi.fi\\\/se\\\/\",\"name\":\"Tuberkulos - tuberkuloosi.fi\",\"description\":\"Tuberkulos kan botas \u2013 det klarar vi tillsammans\",\"publisher\":{\"@id\":\"https:\\\/\\\/tuberkuloosi.fi\\\/se\\\/#organization\"},\"potentialAction\":[{\"@type\":\"SearchAction\",\"target\":{\"@type\":\"EntryPoint\",\"urlTemplate\":\"https:\\\/\\\/tuberkuloosi.fi\\\/se\\\/?s={search_term_string}\"},\"query-input\":{\"@type\":\"PropertyValueSpecification\",\"valueRequired\":true,\"valueName\":\"search_term_string\"}}],\"inLanguage\":\"sv-SE\"},{\"@type\":\"Organization\",\"@id\":\"https:\\\/\\\/tuberkuloosi.fi\\\/se\\\/#organization\",\"name\":\"Tuberkulos - tuberkuloosi.fi\",\"url\":\"https:\\\/\\\/tuberkuloosi.fi\\\/se\\\/\",\"logo\":{\"@type\":\"ImageObject\",\"inLanguage\":\"sv-SE\",\"@id\":\"https:\\\/\\\/tuberkuloosi.fi\\\/se\\\/#\\\/schema\\\/logo\\\/image\\\/\",\"url\":\"https:\\\/\\\/tuberkuloosi.fi\\\/se\\\/wp-content\\\/uploads\\\/sites\\\/9\\\/2019\\\/08\\\/cropped-tuberkuloosi.fi-logo1.jpg\",\"contentUrl\":\"https:\\\/\\\/tuberkuloosi.fi\\\/se\\\/wp-content\\\/uploads\\\/sites\\\/9\\\/2019\\\/08\\\/cropped-tuberkuloosi.fi-logo1.jpg\",\"width\":1598,\"height\":321,\"caption\":\"Tuberkulos - tuberkuloosi.fi\"},\"image\":{\"@id\":\"https:\\\/\\\/tuberkuloosi.fi\\\/se\\\/#\\\/schema\\\/logo\\\/image\\\/\"}}]}<\/script>\n<!-- \/ Yoast SEO plugin. -->","yoast_head_json":{"title":"Instruktioner f\u00f6r invandrare - Tuberkulos - tuberkuloosi.fi","robots":{"index":"index","follow":"follow","max-snippet":"max-snippet:-1","max-image-preview":"max-image-preview:large","max-video-preview":"max-video-preview:-1"},"canonical":"https:\/\/tuberkuloosi.fi\/se\/material\/instruktioner-for-invandrare\/","og_locale":"sv_SE","og_type":"article","og_title":"Instruktioner f\u00f6r invandrare - Tuberkulos - tuberkuloosi.fi","og_description":"Denna instruktion riktar sig till andra invandrare \u00e4n asyls\u00f6kande och flyktingar. Instruktionerna ber\u00e4ttar grunderna om tuberkulos och m\u00f6jligheten att ans\u00f6ka om lungskanning p\u00e5 v\u00e5rdcentralen d\u00e4r du bor. Anvisningarna har gjorts av Birkalands sjukv\u00e5rdsdistrikt. Skrift om tuberkulos (finska) Skrift om tuberkulos (albanska) Skrift om tuberkulos (arabiska) Skrift om tuberkulos (bosniska) Skrift om tuberkulos (dari) Skrift om ... L\u00e4s merInstruktioner f\u00f6r invandrare","og_url":"https:\/\/tuberkuloosi.fi\/se\/material\/instruktioner-for-invandrare\/","og_site_name":"Tuberkulos - tuberkuloosi.fi","article_modified_time":"2023-01-13T10:05:53+00:00","twitter_card":"summary_large_image","twitter_misc":{"Ber\u00e4knad l\u00e4stid":"1 minut"},"schema":{"@context":"https:\/\/schema.org","@graph":[{"@type":"WebPage","@id":"https:\/\/tuberkuloosi.fi\/se\/material\/instruktioner-for-invandrare\/","url":"https:\/\/tuberkuloosi.fi\/se\/material\/instruktioner-for-invandrare\/","name":"Instruktioner f\u00f6r invandrare - Tuberkulos - tuberkuloosi.fi","isPartOf":{"@id":"https:\/\/tuberkuloosi.fi\/se\/#website"},"datePublished":"2023-01-13T09:57:11+00:00","dateModified":"2023-01-13T10:05:53+00:00","breadcrumb":{"@id":"https:\/\/tuberkuloosi.fi\/se\/material\/instruktioner-for-invandrare\/#breadcrumb"},"inLanguage":"sv-SE","potentialAction":[{"@type":"ReadAction","target":["https:\/\/tuberkuloosi.fi\/se\/material\/instruktioner-for-invandrare\/"]}]},{"@type":"BreadcrumbList","@id":"https:\/\/tuberkuloosi.fi\/se\/material\/instruktioner-for-invandrare\/#breadcrumb","itemListElement":[{"@type":"ListItem","position":1,"name":"Etusivu","item":"https:\/\/tuberkuloosi.fi\/se\/"},{"@type":"ListItem","position":2,"name":"Material","item":"https:\/\/tuberkuloosi.fi\/se\/material\/"},{"@type":"ListItem","position":3,"name":"Instruktioner f\u00f6r invandrare"}]},{"@type":"WebSite","@id":"https:\/\/tuberkuloosi.fi\/se\/#website","url":"https:\/\/tuberkuloosi.fi\/se\/","name":"Tuberkulos - tuberkuloosi.fi","description":"Tuberkulos kan botas \u2013 det klarar vi tillsammans","publisher":{"@id":"https:\/\/tuberkuloosi.fi\/se\/#organization"},"potentialAction":[{"@type":"SearchAction","target":{"@type":"EntryPoint","urlTemplate":"https:\/\/tuberkuloosi.fi\/se\/?s={search_term_string}"},"query-input":{"@type":"PropertyValueSpecification","valueRequired":true,"valueName":"search_term_string"}}],"inLanguage":"sv-SE"},{"@type":"Organization","@id":"https:\/\/tuberkuloosi.fi\/se\/#organization","name":"Tuberkulos - tuberkuloosi.fi","url":"https:\/\/tuberkuloosi.fi\/se\/","logo":{"@type":"ImageObject","inLanguage":"sv-SE","@id":"https:\/\/tuberkuloosi.fi\/se\/#\/schema\/logo\/image\/","url":"https:\/\/tuberkuloosi.fi\/se\/wp-content\/uploads\/sites\/9\/2019\/08\/cropped-tuberkuloosi.fi-logo1.jpg","contentUrl":"https:\/\/tuberkuloosi.fi\/se\/wp-content\/uploads\/sites\/9\/2019\/08\/cropped-tuberkuloosi.fi-logo1.jpg","width":1598,"height":321,"caption":"Tuberkulos - tuberkuloosi.fi"},"image":{"@id":"https:\/\/tuberkuloosi.fi\/se\/#\/schema\/logo\/image\/"}}]}},"_links":{"self":[{"href":"https:\/\/tuberkuloosi.fi\/se\/wp-json\/wp\/v2\/pages\/649","targetHints":{"allow":["GET"]}}],"collection":[{"href":"https:\/\/tuberkuloosi.fi\/se\/wp-json\/wp\/v2\/pages"}],"about":[{"href":"https:\/\/tuberkuloosi.fi\/se\/wp-json\/wp\/v2\/types\/page"}],"author":[{"embeddable":true,"href":"https:\/\/tuberkuloosi.fi\/se\/wp-json\/wp\/v2\/users\/1"}],"replies":[{"embeddable":true,"href":"https:\/\/tuberkuloosi.fi\/se\/wp-json\/wp\/v2\/comments?post=649"}],"version-history":[{"count":5,"href":"https:\/\/tuberkuloosi.fi\/se\/wp-json\/wp\/v2\/pages\/649\/revisions"}],"predecessor-version":[{"id":654,"href":"https:\/\/tuberkuloosi.fi\/se\/wp-json\/wp\/v2\/pages\/649\/revisions\/654"}],"up":[{"embeddable":true,"href":"https:\/\/tuberkuloosi.fi\/se\/wp-json\/wp\/v2\/pages\/197"}],"wp:attachment":[{"href":"https:\/\/tuberkuloosi.fi\/se\/wp-json\/wp\/v2\/media?parent=649"}],"curies":[{"name":"wp","href":"https:\/\/api.w.org\/{rel}","templated":true}]}}