{"id":774,"date":"2023-02-03T13:36:26","date_gmt":"2023-02-03T13:36:26","guid":{"rendered":"https:\/\/tuberkuloosi.fi\/se\/?page_id=774"},"modified":"2023-02-03T13:40:32","modified_gmt":"2023-02-03T13:40:32","slug":"tuberkulosscreening-av-invandrare","status":"publish","type":"page","link":"https:\/\/tuberkuloosi.fi\/se\/tuberkulosscreening-av-invandrare\/","title":{"rendered":"Tuberkulosscreening av invandrare"},"content":{"rendered":"<p>Enligt WHO:s uppskattning b\u00e4r en fj\u00e4rdedel av v\u00e4rldens befolkning p\u00e5 tuberkulosbakterier i kroppen. De flesta av dem lever i l\u00e4nder d\u00e4r tuberkulos \u00e4r vanligt (n\u00e4stan hela Asien, Afrika, Syd- och Centralamerika, en stor del av \u00f6steuropeiska l\u00e4nder). H\u00e4lften av tuberkulosfallen i Finland finns hos personer som \u00e4r f\u00f6dda utanf\u00f6r Finland.<\/p>\n<p>M\u00e4nniskor som kommer fr\u00e5n ett land med h\u00f6g tuberkulosb\u00f6rda kanske inte vet att de har varit utsatta f\u00f6r tuberkulos. Risken att drabbas av symtomatisk tuberkulos \u00e4r h\u00f6gst under de fem \u00e5ren efter immigrationen, men risken \u00e4r fortfarande h\u00f6gre \u00e4n i den inf\u00f6dda befolkningen \u00e4ven efter detta. Den psykiska och fysiska stressen i samband med att flytta och den l\u00e5nga m\u00f6rka \u00e5rstiden i Finland (D-vitaminbrist) kan bidra till aktiveringen av <a href=\"https:\/\/tuberkuloosi.fi\/se\/tuberkulos\/latent-tuberkulosinfektion\/\">latent tuberkulosinfektion<\/a> och utvecklingen av aktiv tuberkulos. Efterf\u00f6ljande bes\u00f6k i ursprungslandet \u00f6kar risken f\u00f6r ny infektion.<\/p>\n<p>Finland st\u00e4ller inga h\u00e4lsokrav f\u00f6r inresa och Finlands immigrationspolitik inneh\u00e5ller inga h\u00e4lsoutl\u00e5tanden. Att f\u00e5 uppeh\u00e5llstillst\u00e5nd \u00e4r inte heller kopplat till en persons h\u00e4lsa. \u00c5 andra sidan har Finland tvingande f\u00f6reskrifter och rekommenderade riktlinjer f\u00f6r h\u00e4lso- och tuberkuloskontroller f\u00f6r invandrare. Dessa g\u00e4ller ursprungsl\u00e4nder d\u00e4r tuberkulos \u00e4r vanligt. <a href=\"https:\/\/thl.fi\/sv\/web\/infektionssjukdomar-och-vaccinationer\/sjukdomar-och-bekampning\/forebyggande-av-infektionssjukdomar-bland-asylsokande\/screening-av-smittsamma-sjukdomar-hos-invandrare-samt-vaccination-mot-tuberkulos-och-hepatit-b-av-barn\" target=\"_blank\" rel=\"noopener\">THL f\u00f6r en landsspecifik lista<\/a> p\u00e5 sin hemsida, som visar om tuberkulosscreening rekommenderas f\u00f6r de som kommer fr\u00e5n det landet.<\/p>\n<p>M\u00e5let med tuberkulosscreening \u00e4r att skydda personens egen h\u00e4lsa och bryta smittkedjorna. Tuberkulosscreening \u00e4r frivillig. Om en person har symtom till\u00e5ter infektionssjukdomslagen ofrivillig unders\u00f6kning och behandling. Du kan inte tacka nej till den h\u00e4lsokontroll som kr\u00e4vs enligt infektionssjukdomslagen f\u00f6r praktik eller arbete inom social- och h\u00e4lsosektorn.<\/p>\n<p>Screeningpraxis varierar mycket fr\u00e5n ett sjukhusdistrikt till ett annat. <a href=\"https:\/\/www.julkari.fi\/handle\/10024\/139887\" target=\"_blank\" rel=\"noopener\">Nationella tuberkulosprogrammet 2020<\/a> kr\u00e4ver att lokala \u00f6verenskommelser och riktlinjer uppr\u00e4ttas om hur och var tuberkulosinspektioner organiseras f\u00f6r respektive m\u00e5lgrupp i regionen.<\/p>\n<p>En person som tillh\u00f6r en riskgrupp b\u00f6r identifieras vid alla sjukv\u00e5rdsm\u00f6ten, en symtomunders\u00f6kning b\u00f6r g\u00f6ras, en lungr\u00f6ntgen ska ordnas och tuberkulosinformation ska om m\u00f6jligt l\u00e4mnas p\u00e5 personens eget spr\u00e5k. Dra nytta av <a href=\"https:\/\/tuberkuloosi.fi\/se\/material\/instruktioner-for-invandrare\/\" target=\"_blank\" rel=\"noopener\">flerspr\u00e5kig tuberkulosinformation<\/a> och <a href=\"https:\/\/tuberkuloosi.fi\/se\/material\/broschyrer\/\" target=\"_blank\" rel=\"noopener\">tuberkulosguider<\/a>.<\/p>\n<h3>Lista \u00f6ver rekommendationer, instruktioner och skyldigheter:<\/h3>\n<ul>\n<li>F\u00f6r flyktingar, asyls\u00f6kande och de som kommer till Finland genom familje\u00e5terf\u00f6rening b\u00f6r en inresekontroll anordnas inom tv\u00e5 veckor efter ankomsten (<a href=\"https:\/\/julkaisut.valtioneuvosto.fi\/handle\/10024\/73989\" target=\"_blank\" rel=\"noopener\">F\u00f6rebyggande av smittproblem hos flyktingar och asyls\u00f6kande, Social- och h\u00e4lsov\u00e5rdsministeriets riktlinjer fr\u00e5n 2009<\/a>). Mottagningscentraler och kommunala immigrationstj\u00e4nster ansvarar f\u00f6r att organisera inspektionen.<\/li>\n<li>De som kommer till Finland i mer \u00e4n 3 m\u00e5nader p\u00e5 grund av arbete, studier, \u00e4ktenskap eller adoption b\u00f6r genomg\u00e5 en h\u00e4lsokontroll inom tv\u00e5 m\u00e5nader efter inresan om tuberkulosincidensen i ursprungslandet \u00e4r mycket h\u00f6g (&gt; 150\/100 000) . (<a href=\"https:\/\/www.julkari.fi\/handle\/10024\/135329\" target=\"_blank\" rel=\"noopener\">Tidig uppt\u00e4ckt av lungtuberkulos &#8211; V\u00e4gledning om h\u00e4lsokontroller f\u00f6r invandrare, rekommendation av Institutet f\u00f6r h\u00e4lsa och v\u00e4lf\u00e4rd, uppdaterad 2017<\/a>). Ansvaret f\u00f6r att organisera inspektionen ligger p\u00e5 prim\u00e4rv\u00e5rden (v\u00e5rdcentraler, m\u00f6dra- och barnmottagningar), skol- och elevh\u00e4lsov\u00e5rd, f\u00f6retagsh\u00e4lsov\u00e5rd och kommunal invandrartj\u00e4nst.<\/li>\n<li>Tuberkulosscreening f\u00f6r gravida invandrare tillh\u00f6rande riskgruppen (lungskanning under graviditetens sista trimester) b\u00f6r enligt riktlinjerna utf\u00f6ras p\u00e5 m\u00f6drav\u00e5rdsmottagningen (<a href=\"https:\/\/www.julkari.fi\/handle\/10024\/126655\" target=\"_blank\" rel=\"noopener\">Handbok f\u00f6r m\u00f6drar\u00e5dgivningen av Institutet f\u00f6r h\u00e4lsa och v\u00e4lf\u00e4rd fr\u00e5n 2013<\/a> och<a href=\"https:\/\/www.julkari.fi\/handle\/10024\/139887\" target=\"_blank\" rel=\"noopener\"> Nationella tuberkulosprogrammet, uppdatering 2020<\/a>).<\/li>\n<li><a href=\"https:\/\/finlex.fi\/sv\/laki\/ajantasa\/2016\/20161227?search%5Btype%5D=pika&amp;search%5Bpika%5D=smittsamma%20sjukdomar#L6P55\" target=\"_blank\" rel=\"noopener\">55 \u00a7 lagen om smittsamma sjukdomar (1227\/2016)<\/a> \u00e5l\u00e4gger arbetsgivaren, f\u00f6r att skydda patienter eller kunder, att kr\u00e4va en tillf\u00f6rlitliga uppgifter fr\u00e5n en arbetstagare som \u00e4r beh\u00f6rig i vissa arbetsuppgifter om att han eller hon inte har tuberkulos i andningsorganen. THL har gett ut en f\u00f6rfarandehandbok f\u00f6r h\u00e4lsoinspektioner (Riktlinje 19\/2017). H\u00e4lsoinspektionens m\u00e5lgrupp \u00e4r anst\u00e4llda, praktikanter och andra liknande personer som arbetar inom socialv\u00e5rdens eller h\u00e4lso- och sjukv\u00e5rdens operativa enheter och inom alla barnomsorgsuppgifter f\u00f6r barn under skol\u00e5ldern, som arbetar p\u00e5 arbetsplatsen utan tj\u00e4nstef\u00f6rh\u00e5llande och \u00e4r:<\/li>\n<\/ul>\n<ul>\n<li style=\"list-style-type: none;\">\n<ul>\n<li>f\u00f6dd i ett land med mycket h\u00f6g incidens av tuberkulos j\u00e4mf\u00f6rt med Finland (&gt; 150\/100 000\/\u00e5r)<\/li>\n<li>har vistats i minst 12 m\u00e5nader eller arbetat inom v\u00e5rden i minst tre m\u00e5nader i ett land med mycket h\u00f6g incidens av tuberkulos (&gt; 150\/100 000\/\u00e5r)<\/li>\n<li>behandlade tuberkulospatienter i vilket land som helst<\/li>\n<li>har varit i n\u00e4ra kontakt med en smittsam lungtuberkulospatient.<\/li>\n<\/ul>\n<\/li>\n<\/ul>\n<ul>\n<li>Om arbetet omfattar v\u00e5rd av nyf\u00f6dda \u00e4r gr\u00e4nsen f\u00f6r tuberkulosincidensen i arbetstagarens f\u00f6delseland eller anst\u00e4llningsland l\u00e4gre (&gt;50\/100 000\/\u00e5r)<\/li>\n<li>En h\u00e4lsokontroll g\u00f6rs i b\u00f6rjan av ett nytt anst\u00e4llnings- eller utbildningsf\u00f6rh\u00e5llande innan anst\u00e4llningen tilltr\u00e4der. H\u00e4lsokontrollen g\u00f6rs vid b\u00f6rjan av en ny anst\u00e4llning om det har g\u00e5tt mer \u00e4n tv\u00e5 \u00e5r sedan f\u00f6reg\u00e5ende h\u00e4lsokontroll.<\/li>\n<\/ul>\n<p><a href=\"https:\/\/tuberkuloosi.fi\/se\/material\/instruktioner-for-invandrare\/\">Instruktioner f\u00f6r invandrare om tuberkulosscreening p\u00e5 27 olika spr\u00e5k<\/a>.<\/p>\n","protected":false},"excerpt":{"rendered":"<p>Enligt WHO:s uppskattning b\u00e4r en fj\u00e4rdedel av v\u00e4rldens befolkning p\u00e5 tuberkulosbakterier i kroppen. De flesta av dem lever i l\u00e4nder d\u00e4r tuberkulos \u00e4r vanligt (n\u00e4stan hela Asien, Afrika, Syd- och Centralamerika, en stor del av \u00f6steuropeiska l\u00e4nder). H\u00e4lften av tuberkulosfallen i Finland finns hos personer som \u00e4r f\u00f6dda utanf\u00f6r Finland. M\u00e4nniskor som kommer fr\u00e5n ett &#8230; <a title=\"Tuberkulosscreening av invandrare\" class=\"read-more\" href=\"https:\/\/tuberkuloosi.fi\/se\/tuberkulosscreening-av-invandrare\/\">L\u00e4s mer<span class=\"screen-reader-text\">Tuberkulosscreening av invandrare<\/span><\/a><\/p>\n","protected":false},"author":1,"featured_media":0,"parent":0,"menu_order":0,"comment_status":"closed","ping_status":"closed","template":"","meta":{"footnotes":""},"class_list":["post-774","page","type-page","status-publish"],"yoast_head":"<!-- This site is optimized with the Yoast SEO plugin v27.5 - https:\/\/yoast.com\/product\/yoast-seo-wordpress\/ -->\n<title>Tuberkulosscreening av invandrare - Tuberkulos - tuberkuloosi.fi<\/title>\n<meta name=\"description\" content=\"Finland tvingande f\u00f6reskrifter och rekommendationer tbc-kontroller f\u00f6r invandrare. Dessa g\u00e4ller ursprungsl\u00e4nder d\u00e4r tuberkulos \u00e4r vanligt.\" \/>\n<meta name=\"robots\" content=\"index, follow, max-snippet:-1, max-image-preview:large, max-video-preview:-1\" \/>\n<link rel=\"canonical\" href=\"https:\/\/tuberkuloosi.fi\/se\/tuberkulosscreening-av-invandrare\/\" \/>\n<meta property=\"og:locale\" content=\"sv_SE\" \/>\n<meta property=\"og:type\" content=\"article\" \/>\n<meta property=\"og:title\" content=\"Tuberkulosscreening av invandrare - Tuberkulos - tuberkuloosi.fi\" \/>\n<meta property=\"og:description\" content=\"Finland tvingande f\u00f6reskrifter och rekommendationer tbc-kontroller f\u00f6r invandrare. Dessa g\u00e4ller ursprungsl\u00e4nder d\u00e4r tuberkulos \u00e4r vanligt.\" \/>\n<meta property=\"og:url\" content=\"https:\/\/tuberkuloosi.fi\/se\/tuberkulosscreening-av-invandrare\/\" \/>\n<meta property=\"og:site_name\" content=\"Tuberkulos - tuberkuloosi.fi\" \/>\n<meta property=\"article:modified_time\" content=\"2023-02-03T13:40:32+00:00\" \/>\n<meta name=\"twitter:card\" content=\"summary_large_image\" \/>\n<meta name=\"twitter:label1\" content=\"Ber\u00e4knad l\u00e4stid\" \/>\n\t<meta name=\"twitter:data1\" content=\"4 minuter\" \/>\n<script type=\"application\/ld+json\" class=\"yoast-schema-graph\">{\"@context\":\"https:\\\/\\\/schema.org\",\"@graph\":[{\"@type\":\"WebPage\",\"@id\":\"https:\\\/\\\/tuberkuloosi.fi\\\/se\\\/tuberkulosscreening-av-invandrare\\\/\",\"url\":\"https:\\\/\\\/tuberkuloosi.fi\\\/se\\\/tuberkulosscreening-av-invandrare\\\/\",\"name\":\"Tuberkulosscreening av invandrare - Tuberkulos - tuberkuloosi.fi\",\"isPartOf\":{\"@id\":\"https:\\\/\\\/tuberkuloosi.fi\\\/se\\\/#website\"},\"datePublished\":\"2023-02-03T13:36:26+00:00\",\"dateModified\":\"2023-02-03T13:40:32+00:00\",\"description\":\"Finland tvingande f\u00f6reskrifter och rekommendationer tbc-kontroller f\u00f6r invandrare. Dessa g\u00e4ller ursprungsl\u00e4nder d\u00e4r tuberkulos \u00e4r vanligt.\",\"breadcrumb\":{\"@id\":\"https:\\\/\\\/tuberkuloosi.fi\\\/se\\\/tuberkulosscreening-av-invandrare\\\/#breadcrumb\"},\"inLanguage\":\"sv-SE\",\"potentialAction\":[{\"@type\":\"ReadAction\",\"target\":[\"https:\\\/\\\/tuberkuloosi.fi\\\/se\\\/tuberkulosscreening-av-invandrare\\\/\"]}]},{\"@type\":\"BreadcrumbList\",\"@id\":\"https:\\\/\\\/tuberkuloosi.fi\\\/se\\\/tuberkulosscreening-av-invandrare\\\/#breadcrumb\",\"itemListElement\":[{\"@type\":\"ListItem\",\"position\":1,\"name\":\"Etusivu\",\"item\":\"https:\\\/\\\/tuberkuloosi.fi\\\/se\\\/\"},{\"@type\":\"ListItem\",\"position\":2,\"name\":\"Tuberkulosscreening av invandrare\"}]},{\"@type\":\"WebSite\",\"@id\":\"https:\\\/\\\/tuberkuloosi.fi\\\/se\\\/#website\",\"url\":\"https:\\\/\\\/tuberkuloosi.fi\\\/se\\\/\",\"name\":\"Tuberkulos - tuberkuloosi.fi\",\"description\":\"Tuberkulos kan botas \u2013 det klarar vi tillsammans\",\"publisher\":{\"@id\":\"https:\\\/\\\/tuberkuloosi.fi\\\/se\\\/#organization\"},\"potentialAction\":[{\"@type\":\"SearchAction\",\"target\":{\"@type\":\"EntryPoint\",\"urlTemplate\":\"https:\\\/\\\/tuberkuloosi.fi\\\/se\\\/?s={search_term_string}\"},\"query-input\":{\"@type\":\"PropertyValueSpecification\",\"valueRequired\":true,\"valueName\":\"search_term_string\"}}],\"inLanguage\":\"sv-SE\"},{\"@type\":\"Organization\",\"@id\":\"https:\\\/\\\/tuberkuloosi.fi\\\/se\\\/#organization\",\"name\":\"Tuberkulos - tuberkuloosi.fi\",\"url\":\"https:\\\/\\\/tuberkuloosi.fi\\\/se\\\/\",\"logo\":{\"@type\":\"ImageObject\",\"inLanguage\":\"sv-SE\",\"@id\":\"https:\\\/\\\/tuberkuloosi.fi\\\/se\\\/#\\\/schema\\\/logo\\\/image\\\/\",\"url\":\"https:\\\/\\\/tuberkuloosi.fi\\\/se\\\/wp-content\\\/uploads\\\/sites\\\/9\\\/2019\\\/08\\\/cropped-tuberkuloosi.fi-logo1.jpg\",\"contentUrl\":\"https:\\\/\\\/tuberkuloosi.fi\\\/se\\\/wp-content\\\/uploads\\\/sites\\\/9\\\/2019\\\/08\\\/cropped-tuberkuloosi.fi-logo1.jpg\",\"width\":1598,\"height\":321,\"caption\":\"Tuberkulos - tuberkuloosi.fi\"},\"image\":{\"@id\":\"https:\\\/\\\/tuberkuloosi.fi\\\/se\\\/#\\\/schema\\\/logo\\\/image\\\/\"}}]}<\/script>\n<!-- \/ Yoast SEO plugin. -->","yoast_head_json":{"title":"Tuberkulosscreening av invandrare - Tuberkulos - tuberkuloosi.fi","description":"Finland tvingande f\u00f6reskrifter och rekommendationer tbc-kontroller f\u00f6r invandrare. Dessa g\u00e4ller ursprungsl\u00e4nder d\u00e4r tuberkulos \u00e4r vanligt.","robots":{"index":"index","follow":"follow","max-snippet":"max-snippet:-1","max-image-preview":"max-image-preview:large","max-video-preview":"max-video-preview:-1"},"canonical":"https:\/\/tuberkuloosi.fi\/se\/tuberkulosscreening-av-invandrare\/","og_locale":"sv_SE","og_type":"article","og_title":"Tuberkulosscreening av invandrare - Tuberkulos - tuberkuloosi.fi","og_description":"Finland tvingande f\u00f6reskrifter och rekommendationer tbc-kontroller f\u00f6r invandrare. Dessa g\u00e4ller ursprungsl\u00e4nder d\u00e4r tuberkulos \u00e4r vanligt.","og_url":"https:\/\/tuberkuloosi.fi\/se\/tuberkulosscreening-av-invandrare\/","og_site_name":"Tuberkulos - tuberkuloosi.fi","article_modified_time":"2023-02-03T13:40:32+00:00","twitter_card":"summary_large_image","twitter_misc":{"Ber\u00e4knad l\u00e4stid":"4 minuter"},"schema":{"@context":"https:\/\/schema.org","@graph":[{"@type":"WebPage","@id":"https:\/\/tuberkuloosi.fi\/se\/tuberkulosscreening-av-invandrare\/","url":"https:\/\/tuberkuloosi.fi\/se\/tuberkulosscreening-av-invandrare\/","name":"Tuberkulosscreening av invandrare - Tuberkulos - tuberkuloosi.fi","isPartOf":{"@id":"https:\/\/tuberkuloosi.fi\/se\/#website"},"datePublished":"2023-02-03T13:36:26+00:00","dateModified":"2023-02-03T13:40:32+00:00","description":"Finland tvingande f\u00f6reskrifter och rekommendationer tbc-kontroller f\u00f6r invandrare. Dessa g\u00e4ller ursprungsl\u00e4nder d\u00e4r tuberkulos \u00e4r vanligt.","breadcrumb":{"@id":"https:\/\/tuberkuloosi.fi\/se\/tuberkulosscreening-av-invandrare\/#breadcrumb"},"inLanguage":"sv-SE","potentialAction":[{"@type":"ReadAction","target":["https:\/\/tuberkuloosi.fi\/se\/tuberkulosscreening-av-invandrare\/"]}]},{"@type":"BreadcrumbList","@id":"https:\/\/tuberkuloosi.fi\/se\/tuberkulosscreening-av-invandrare\/#breadcrumb","itemListElement":[{"@type":"ListItem","position":1,"name":"Etusivu","item":"https:\/\/tuberkuloosi.fi\/se\/"},{"@type":"ListItem","position":2,"name":"Tuberkulosscreening av invandrare"}]},{"@type":"WebSite","@id":"https:\/\/tuberkuloosi.fi\/se\/#website","url":"https:\/\/tuberkuloosi.fi\/se\/","name":"Tuberkulos - tuberkuloosi.fi","description":"Tuberkulos kan botas \u2013 det klarar vi tillsammans","publisher":{"@id":"https:\/\/tuberkuloosi.fi\/se\/#organization"},"potentialAction":[{"@type":"SearchAction","target":{"@type":"EntryPoint","urlTemplate":"https:\/\/tuberkuloosi.fi\/se\/?s={search_term_string}"},"query-input":{"@type":"PropertyValueSpecification","valueRequired":true,"valueName":"search_term_string"}}],"inLanguage":"sv-SE"},{"@type":"Organization","@id":"https:\/\/tuberkuloosi.fi\/se\/#organization","name":"Tuberkulos - tuberkuloosi.fi","url":"https:\/\/tuberkuloosi.fi\/se\/","logo":{"@type":"ImageObject","inLanguage":"sv-SE","@id":"https:\/\/tuberkuloosi.fi\/se\/#\/schema\/logo\/image\/","url":"https:\/\/tuberkuloosi.fi\/se\/wp-content\/uploads\/sites\/9\/2019\/08\/cropped-tuberkuloosi.fi-logo1.jpg","contentUrl":"https:\/\/tuberkuloosi.fi\/se\/wp-content\/uploads\/sites\/9\/2019\/08\/cropped-tuberkuloosi.fi-logo1.jpg","width":1598,"height":321,"caption":"Tuberkulos - tuberkuloosi.fi"},"image":{"@id":"https:\/\/tuberkuloosi.fi\/se\/#\/schema\/logo\/image\/"}}]}},"_links":{"self":[{"href":"https:\/\/tuberkuloosi.fi\/se\/wp-json\/wp\/v2\/pages\/774","targetHints":{"allow":["GET"]}}],"collection":[{"href":"https:\/\/tuberkuloosi.fi\/se\/wp-json\/wp\/v2\/pages"}],"about":[{"href":"https:\/\/tuberkuloosi.fi\/se\/wp-json\/wp\/v2\/types\/page"}],"author":[{"embeddable":true,"href":"https:\/\/tuberkuloosi.fi\/se\/wp-json\/wp\/v2\/users\/1"}],"replies":[{"embeddable":true,"href":"https:\/\/tuberkuloosi.fi\/se\/wp-json\/wp\/v2\/comments?post=774"}],"version-history":[{"count":3,"href":"https:\/\/tuberkuloosi.fi\/se\/wp-json\/wp\/v2\/pages\/774\/revisions"}],"predecessor-version":[{"id":778,"href":"https:\/\/tuberkuloosi.fi\/se\/wp-json\/wp\/v2\/pages\/774\/revisions\/778"}],"wp:attachment":[{"href":"https:\/\/tuberkuloosi.fi\/se\/wp-json\/wp\/v2\/media?parent=774"}],"curies":[{"name":"wp","href":"https:\/\/api.w.org\/{rel}","templated":true}]}}