{"id":79,"date":"2016-11-20T20:20:29","date_gmt":"2016-11-20T20:20:29","guid":{"rendered":"http:\/\/tuberkuloosi.fi\/se\/?page_id=79"},"modified":"2023-01-11T14:24:01","modified_gmt":"2023-01-11T14:24:01","slug":"halsovardstjanster","status":"publish","type":"page","link":"https:\/\/tuberkuloosi.fi\/se\/hjalp\/halsovardstjanster\/","title":{"rendered":"H\u00e4lsov\u00e5rdstj\u00e4nster"},"content":{"rendered":"<p>Om du misst\u00e4nker tuberkulos, kan du kontakta<\/p>\n<ul>\n<li>din egen h\u00e4lsocentral<\/li>\n<li>arbetsh\u00e4lsov\u00e5rden<\/li>\n<li>h\u00e4lsocentralen p\u00e5 den ort d\u00e4r du vistas eller studenth\u00e4lsov\u00e5rden (om du studerar)<\/li>\n<li>h\u00e4lsov\u00e5rdaren vid flyktingf\u00f6rl\u00e4ggningen (om du \u00e4r asyls\u00f6kande)<\/li>\n<\/ul>\n<p>H\u00e4lsocentralen b\u00f6r ge dig en bokad tid inom 1-2 dagar f\u00f6r bes\u00f6k hos h\u00e4lsov\u00e5rdare eller l\u00e4kare eller alternativt ge instruktioner f\u00f6r annat tillv\u00e4gag\u00e5ngss\u00e4tt.<\/p>\n<p>Tuberkulosutredningen inleds genom att fr\u00e5ga dig om dina symtom och m\u00f6jliga predisponerande <a title=\"Riskgrupper\" href=\"http:\/\/tuberkuloosi.fi\/se\/ar-jag-i-fara\">riskfaktorer<\/a> f\u00f6r tuberkulos. Du kommer att bli tillfr\u00e5gad om du tidigare haft tuberkulos eller om du har blivit utsatt f\u00f6r tuberkulossmitta. Om tuberkulos misst\u00e4nks, tas alltid <a title=\"Anvisningar till unders\u00f6kningar\" href=\"https:\/\/tuberkuloosi.fi\/se\/hjalp\/lungrontgen\/\">lungr\u00f6ntgen<\/a>. P\u00e5 sputum (upphostning) g\u00f6rs <a title=\"Unders\u00f6kningarna\" href=\"http:\/\/tuberkuloosi.fi\/se\/tuberkulos\/utredning\/\">tuberkulosf\u00e4rgning och -odling<\/a>. Dessutom blir du unders\u00f6kt av l\u00e4kare.<\/p>\n<p>Dessa grundl\u00e4ggande tuberkulosunders\u00f6kningar g\u00f6rs f\u00f6r vuxna i allm\u00e4nhet vid h\u00e4lsocentralen. Beroende p\u00e5 den sjukas tillst\u00e5nd och symtomens art kan utredningen ocks\u00e5 ske vid specialsjukv\u00e5rden p\u00e5 sjukhus.<\/p>\n<p>Om tuberkulos hos dig konstateras eller starkt misst\u00e4nks, blir du snarast m\u00f6jligt skickad till sjukhus f\u00f6r vidare utredning och v\u00e5rd. Om man misst\u00e4nker, att du kan smitta andra, f\u00f6rs\u00f6ker man f\u00e5 plats p\u00e5 sjukhus i br\u00e5dskande ordning (inom ett par dagar). I annat fall kan det ta l\u00e4ngre tid att f\u00e5 plats p\u00e5 sjukhuset.<\/p>\n<p>P\u00e5 sjukhuset blir du f\u00f6rst placerad i ett <a title=\"Isoleringsv\u00e5rd\" href=\"http:\/\/tuberkuloosi.fi\/se\/hjalp\/isoleringsvard\/\">isoleringsrum<\/a>, s\u00e5 att du inte smittar ner andra. P\u00e5 sjukhuset g\u00f6rs ytterligare unders\u00f6kningar allt efter situationen.<\/p>\n<p><a title=\"Medicinering\" href=\"http:\/\/tuberkuloosi.fi\/se\/hjalp\/medicinering\/\">Tuberkulosmedicinering <\/a> inleds p\u00e5 sjukhus och forts\u00e4tts hemma <a title=\"Medicinering\" href=\"http:\/\/tuberkuloosi.fi\/se\/hjalp\/medicinering#valvottuhoito\">under kontroll<\/a>. H\u00e4lsocentralen brukar i praktiken organisera medicineringen, men din specialistl\u00e4kare p\u00e5 sjukhuset \u00e4r den som fattar beslut och ansvarar f\u00f6r v\u00e5rden under hela v\u00e5rdperioden. Kontrollbes\u00f6k p\u00e5 sjukhusets poliklinik g\u00f6rs med 1-2 m\u00e5naders intervaller.<\/p>\n<p>Diagnostisering av tuberkulos hos barn \u00e4r kr\u00e4vande. Barnets tillst\u00e5nd kan f\u00f6rs\u00e4mras snabbt efter insjuknandet. D\u00e4rf\u00f6r g\u00f6rs alla utredningar f\u00f6r barn under 16 \u00e5r vid barnklinik p\u00e5 sjukhus.<\/p>\n<p>Utredning och v\u00e5rd av tuberkulos sker gratis f\u00f6r patienten. Under behandlingstiden f\u00e5r du st\u00f6d och information om v\u00e5rden av personalen som sk\u00f6ter dig. Av sjukhusets socialsk\u00f6tare f\u00e5r du information ang\u00e5ende socialf\u00f6rs\u00e4krings\u00e4renden. Dessutom har du m\u00f6jlighet till kamratst\u00f6d.<\/p>\n<p><b>Grundutredning<\/b><\/p>\n<ol>\n<li>intervju f\u00f6r uppsamlandet av sjukhistoria<\/li>\n<li>l\u00e4karunders\u00f6kning<\/li>\n<li>lungr\u00f6ntgen<\/li>\n<li>tuberkulosf\u00e4rgning och -odling av sputum, genkopieringstest f\u00f6r p\u00e5visande av nukleinsyra fr\u00e5n tuberkulosbakterien<\/li>\n<\/ol>\n<p><b>Ytterligare utredningar (vid behov)<\/b><\/p>\n<ul>\n<li>blodprov<\/li>\n<li>bronkoskopi<\/li>\n<li>tagande av biopsier (provbitar)<\/li>\n<li>kr\u00e4vande radiologi s\u00e5som r\u00f6ntgentomografi och magnetisk resonanstomografi<\/li>\n<\/ul>\n","protected":false},"excerpt":{"rendered":"<p>Om du misst\u00e4nker tuberkulos, kan du kontakta din egen h\u00e4lsocentral arbetsh\u00e4lsov\u00e5rden h\u00e4lsocentralen p\u00e5 den ort d\u00e4r du vistas eller studenth\u00e4lsov\u00e5rden (om du studerar) h\u00e4lsov\u00e5rdaren vid flyktingf\u00f6rl\u00e4ggningen (om du \u00e4r asyls\u00f6kande) H\u00e4lsocentralen b\u00f6r ge dig en bokad tid inom 1-2 dagar f\u00f6r bes\u00f6k hos h\u00e4lsov\u00e5rdare eller l\u00e4kare eller alternativt ge instruktioner f\u00f6r annat tillv\u00e4gag\u00e5ngss\u00e4tt. Tuberkulosutredningen inleds &#8230; <a title=\"H\u00e4lsov\u00e5rdstj\u00e4nster\" class=\"read-more\" href=\"https:\/\/tuberkuloosi.fi\/se\/hjalp\/halsovardstjanster\/\">L\u00e4s mer<span class=\"screen-reader-text\">H\u00e4lsov\u00e5rdstj\u00e4nster<\/span><\/a><\/p>\n","protected":false},"author":1,"featured_media":0,"parent":68,"menu_order":2,"comment_status":"closed","ping_status":"open","template":"","meta":{"footnotes":""},"class_list":["post-79","page","type-page","status-publish"],"yoast_head":"<!-- This site is optimized with the Yoast SEO plugin v27.5 - https:\/\/yoast.com\/product\/yoast-seo-wordpress\/ -->\n<title>H\u00e4lsov\u00e5rdstj\u00e4nster - Tuberkulos - tuberkuloosi.fi<\/title>\n<meta name=\"description\" content=\"Tuberkulosutredningen inleds genom att fr\u00e5ga dig om dina symtom och m\u00f6jliga predisponerande riskfaktorer f\u00f6r tuberkulos.\" \/>\n<meta name=\"robots\" content=\"index, follow, max-snippet:-1, max-image-preview:large, max-video-preview:-1\" \/>\n<link rel=\"canonical\" href=\"https:\/\/tuberkuloosi.fi\/se\/hjalp\/halsovardstjanster\/\" \/>\n<meta property=\"og:locale\" content=\"sv_SE\" \/>\n<meta property=\"og:type\" content=\"article\" \/>\n<meta property=\"og:title\" content=\"H\u00e4lsov\u00e5rdstj\u00e4nster - Tuberkulos - tuberkuloosi.fi\" \/>\n<meta property=\"og:description\" content=\"Tuberkulosutredningen inleds genom att fr\u00e5ga dig om dina symtom och m\u00f6jliga predisponerande riskfaktorer f\u00f6r tuberkulos.\" \/>\n<meta property=\"og:url\" content=\"https:\/\/tuberkuloosi.fi\/se\/hjalp\/halsovardstjanster\/\" \/>\n<meta property=\"og:site_name\" content=\"Tuberkulos - tuberkuloosi.fi\" \/>\n<meta property=\"article:modified_time\" content=\"2023-01-11T14:24:01+00:00\" \/>\n<meta name=\"twitter:card\" content=\"summary_large_image\" \/>\n<meta name=\"twitter:label1\" content=\"Ber\u00e4knad l\u00e4stid\" \/>\n\t<meta name=\"twitter:data1\" content=\"2 minuter\" \/>\n<script type=\"application\/ld+json\" class=\"yoast-schema-graph\">{\"@context\":\"https:\\\/\\\/schema.org\",\"@graph\":[{\"@type\":\"WebPage\",\"@id\":\"https:\\\/\\\/tuberkuloosi.fi\\\/se\\\/hjalp\\\/halsovardstjanster\\\/\",\"url\":\"https:\\\/\\\/tuberkuloosi.fi\\\/se\\\/hjalp\\\/halsovardstjanster\\\/\",\"name\":\"H\u00e4lsov\u00e5rdstj\u00e4nster - Tuberkulos - tuberkuloosi.fi\",\"isPartOf\":{\"@id\":\"https:\\\/\\\/tuberkuloosi.fi\\\/se\\\/#website\"},\"datePublished\":\"2016-11-20T20:20:29+00:00\",\"dateModified\":\"2023-01-11T14:24:01+00:00\",\"description\":\"Tuberkulosutredningen inleds genom att fr\u00e5ga dig om dina symtom och m\u00f6jliga predisponerande riskfaktorer f\u00f6r tuberkulos.\",\"breadcrumb\":{\"@id\":\"https:\\\/\\\/tuberkuloosi.fi\\\/se\\\/hjalp\\\/halsovardstjanster\\\/#breadcrumb\"},\"inLanguage\":\"sv-SE\",\"potentialAction\":[{\"@type\":\"ReadAction\",\"target\":[\"https:\\\/\\\/tuberkuloosi.fi\\\/se\\\/hjalp\\\/halsovardstjanster\\\/\"]}]},{\"@type\":\"BreadcrumbList\",\"@id\":\"https:\\\/\\\/tuberkuloosi.fi\\\/se\\\/hjalp\\\/halsovardstjanster\\\/#breadcrumb\",\"itemListElement\":[{\"@type\":\"ListItem\",\"position\":1,\"name\":\"Etusivu\",\"item\":\"https:\\\/\\\/tuberkuloosi.fi\\\/se\\\/\"},{\"@type\":\"ListItem\",\"position\":2,\"name\":\"Hj\u00e4lp\",\"item\":\"https:\\\/\\\/tuberkuloosi.fi\\\/se\\\/hjalp\\\/\"},{\"@type\":\"ListItem\",\"position\":3,\"name\":\"H\u00e4lsov\u00e5rdstj\u00e4nster\"}]},{\"@type\":\"WebSite\",\"@id\":\"https:\\\/\\\/tuberkuloosi.fi\\\/se\\\/#website\",\"url\":\"https:\\\/\\\/tuberkuloosi.fi\\\/se\\\/\",\"name\":\"Tuberkulos - tuberkuloosi.fi\",\"description\":\"Tuberkulos kan botas \u2013 det klarar vi tillsammans\",\"publisher\":{\"@id\":\"https:\\\/\\\/tuberkuloosi.fi\\\/se\\\/#organization\"},\"potentialAction\":[{\"@type\":\"SearchAction\",\"target\":{\"@type\":\"EntryPoint\",\"urlTemplate\":\"https:\\\/\\\/tuberkuloosi.fi\\\/se\\\/?s={search_term_string}\"},\"query-input\":{\"@type\":\"PropertyValueSpecification\",\"valueRequired\":true,\"valueName\":\"search_term_string\"}}],\"inLanguage\":\"sv-SE\"},{\"@type\":\"Organization\",\"@id\":\"https:\\\/\\\/tuberkuloosi.fi\\\/se\\\/#organization\",\"name\":\"Tuberkulos - tuberkuloosi.fi\",\"url\":\"https:\\\/\\\/tuberkuloosi.fi\\\/se\\\/\",\"logo\":{\"@type\":\"ImageObject\",\"inLanguage\":\"sv-SE\",\"@id\":\"https:\\\/\\\/tuberkuloosi.fi\\\/se\\\/#\\\/schema\\\/logo\\\/image\\\/\",\"url\":\"https:\\\/\\\/tuberkuloosi.fi\\\/se\\\/wp-content\\\/uploads\\\/sites\\\/9\\\/2019\\\/08\\\/cropped-tuberkuloosi.fi-logo1.jpg\",\"contentUrl\":\"https:\\\/\\\/tuberkuloosi.fi\\\/se\\\/wp-content\\\/uploads\\\/sites\\\/9\\\/2019\\\/08\\\/cropped-tuberkuloosi.fi-logo1.jpg\",\"width\":1598,\"height\":321,\"caption\":\"Tuberkulos - tuberkuloosi.fi\"},\"image\":{\"@id\":\"https:\\\/\\\/tuberkuloosi.fi\\\/se\\\/#\\\/schema\\\/logo\\\/image\\\/\"}}]}<\/script>\n<!-- \/ Yoast SEO plugin. -->","yoast_head_json":{"title":"H\u00e4lsov\u00e5rdstj\u00e4nster - Tuberkulos - tuberkuloosi.fi","description":"Tuberkulosutredningen inleds genom att fr\u00e5ga dig om dina symtom och m\u00f6jliga predisponerande riskfaktorer f\u00f6r tuberkulos.","robots":{"index":"index","follow":"follow","max-snippet":"max-snippet:-1","max-image-preview":"max-image-preview:large","max-video-preview":"max-video-preview:-1"},"canonical":"https:\/\/tuberkuloosi.fi\/se\/hjalp\/halsovardstjanster\/","og_locale":"sv_SE","og_type":"article","og_title":"H\u00e4lsov\u00e5rdstj\u00e4nster - Tuberkulos - tuberkuloosi.fi","og_description":"Tuberkulosutredningen inleds genom att fr\u00e5ga dig om dina symtom och m\u00f6jliga predisponerande riskfaktorer f\u00f6r tuberkulos.","og_url":"https:\/\/tuberkuloosi.fi\/se\/hjalp\/halsovardstjanster\/","og_site_name":"Tuberkulos - tuberkuloosi.fi","article_modified_time":"2023-01-11T14:24:01+00:00","twitter_card":"summary_large_image","twitter_misc":{"Ber\u00e4knad l\u00e4stid":"2 minuter"},"schema":{"@context":"https:\/\/schema.org","@graph":[{"@type":"WebPage","@id":"https:\/\/tuberkuloosi.fi\/se\/hjalp\/halsovardstjanster\/","url":"https:\/\/tuberkuloosi.fi\/se\/hjalp\/halsovardstjanster\/","name":"H\u00e4lsov\u00e5rdstj\u00e4nster - Tuberkulos - tuberkuloosi.fi","isPartOf":{"@id":"https:\/\/tuberkuloosi.fi\/se\/#website"},"datePublished":"2016-11-20T20:20:29+00:00","dateModified":"2023-01-11T14:24:01+00:00","description":"Tuberkulosutredningen inleds genom att fr\u00e5ga dig om dina symtom och m\u00f6jliga predisponerande riskfaktorer f\u00f6r tuberkulos.","breadcrumb":{"@id":"https:\/\/tuberkuloosi.fi\/se\/hjalp\/halsovardstjanster\/#breadcrumb"},"inLanguage":"sv-SE","potentialAction":[{"@type":"ReadAction","target":["https:\/\/tuberkuloosi.fi\/se\/hjalp\/halsovardstjanster\/"]}]},{"@type":"BreadcrumbList","@id":"https:\/\/tuberkuloosi.fi\/se\/hjalp\/halsovardstjanster\/#breadcrumb","itemListElement":[{"@type":"ListItem","position":1,"name":"Etusivu","item":"https:\/\/tuberkuloosi.fi\/se\/"},{"@type":"ListItem","position":2,"name":"Hj\u00e4lp","item":"https:\/\/tuberkuloosi.fi\/se\/hjalp\/"},{"@type":"ListItem","position":3,"name":"H\u00e4lsov\u00e5rdstj\u00e4nster"}]},{"@type":"WebSite","@id":"https:\/\/tuberkuloosi.fi\/se\/#website","url":"https:\/\/tuberkuloosi.fi\/se\/","name":"Tuberkulos - tuberkuloosi.fi","description":"Tuberkulos kan botas \u2013 det klarar vi tillsammans","publisher":{"@id":"https:\/\/tuberkuloosi.fi\/se\/#organization"},"potentialAction":[{"@type":"SearchAction","target":{"@type":"EntryPoint","urlTemplate":"https:\/\/tuberkuloosi.fi\/se\/?s={search_term_string}"},"query-input":{"@type":"PropertyValueSpecification","valueRequired":true,"valueName":"search_term_string"}}],"inLanguage":"sv-SE"},{"@type":"Organization","@id":"https:\/\/tuberkuloosi.fi\/se\/#organization","name":"Tuberkulos - tuberkuloosi.fi","url":"https:\/\/tuberkuloosi.fi\/se\/","logo":{"@type":"ImageObject","inLanguage":"sv-SE","@id":"https:\/\/tuberkuloosi.fi\/se\/#\/schema\/logo\/image\/","url":"https:\/\/tuberkuloosi.fi\/se\/wp-content\/uploads\/sites\/9\/2019\/08\/cropped-tuberkuloosi.fi-logo1.jpg","contentUrl":"https:\/\/tuberkuloosi.fi\/se\/wp-content\/uploads\/sites\/9\/2019\/08\/cropped-tuberkuloosi.fi-logo1.jpg","width":1598,"height":321,"caption":"Tuberkulos - tuberkuloosi.fi"},"image":{"@id":"https:\/\/tuberkuloosi.fi\/se\/#\/schema\/logo\/image\/"}}]}},"_links":{"self":[{"href":"https:\/\/tuberkuloosi.fi\/se\/wp-json\/wp\/v2\/pages\/79","targetHints":{"allow":["GET"]}}],"collection":[{"href":"https:\/\/tuberkuloosi.fi\/se\/wp-json\/wp\/v2\/pages"}],"about":[{"href":"https:\/\/tuberkuloosi.fi\/se\/wp-json\/wp\/v2\/types\/page"}],"author":[{"embeddable":true,"href":"https:\/\/tuberkuloosi.fi\/se\/wp-json\/wp\/v2\/users\/1"}],"replies":[{"embeddable":true,"href":"https:\/\/tuberkuloosi.fi\/se\/wp-json\/wp\/v2\/comments?post=79"}],"version-history":[{"count":13,"href":"https:\/\/tuberkuloosi.fi\/se\/wp-json\/wp\/v2\/pages\/79\/revisions"}],"predecessor-version":[{"id":636,"href":"https:\/\/tuberkuloosi.fi\/se\/wp-json\/wp\/v2\/pages\/79\/revisions\/636"}],"up":[{"embeddable":true,"href":"https:\/\/tuberkuloosi.fi\/se\/wp-json\/wp\/v2\/pages\/68"}],"wp:attachment":[{"href":"https:\/\/tuberkuloosi.fi\/se\/wp-json\/wp\/v2\/media?parent=79"}],"curies":[{"name":"wp","href":"https:\/\/api.w.org\/{rel}","templated":true}]}}