{"id":84,"date":"2016-11-20T20:32:49","date_gmt":"2016-11-20T20:32:49","guid":{"rendered":"http:\/\/tuberkuloosi.fi\/se\/?page_id=84"},"modified":"2023-01-11T09:59:14","modified_gmt":"2023-01-11T09:59:14","slug":"lakemedelsbehandling-av-tuberkulos","status":"publish","type":"page","link":"https:\/\/tuberkuloosi.fi\/se\/hjalp\/lakemedelsbehandling-av-tuberkulos\/","title":{"rendered":"L\u00e4kemedelsbehandling av tuberkulos"},"content":{"rendered":"<p><img fetchpriority=\"high\" decoding=\"async\" class=\"alignright wp-image-124 size-full\" src=\"http:\/\/tuberkuloosi.fi\/wp-content\/uploads\/2014\/03\/mummo.jpg\" alt=\"L\u00e4kemedelsbehandling av tuberkulos\" width=\"264\" height=\"504\" \/><\/p>\n<blockquote><p>Du beh\u00f6ver inte oroa dig. Tuberkulosen kan botas med l\u00e4kemedel utom i s\u00e4llsynta undantagsfall. Vid medicineringen m\u00e5ste du dock noggrant f\u00f6lja de instruktioner du f\u00e5tt av l\u00e4kare och sk\u00f6tare.<\/p><\/blockquote>\n<p>Tuberkelbakterien v\u00e4xer l\u00e5ngsamt, och en del av bakterierna kan f\u00f6rbli odelade l\u00e5nga tider. Antibiotika inverkar effektivast p\u00e5 bakterier som delar sig. Dessutom kan bland de m\u00e5nga tuberkelbakterierna finnas n\u00e5gra, som n\u00e5gon av medicinerna inte inverkar p\u00e5. D\u00e4rf\u00f6r ges i b\u00f6rjan av behandlingen flera l\u00e4kemedel samtidigt. P\u00e5 s\u00e5 s\u00e4tt kan man effektivare eliminera alla tuberkelbakterier och f\u00f6rhindra utvecklingen av l\u00e4kemedelsresistens i bakterierna.<\/p>\n<p>De vanligaste l\u00e4kemedlen som anv\u00e4nds vid behandling av tuberkulos \u00e4r<\/p>\n<ul>\n<li>rifampicin<\/li>\n<li>isoniazid<\/li>\n<li>pyrazinamid<\/li>\n<li>etambutol<\/li>\n<\/ul>\n<p style=\"text-align: center;\"><img decoding=\"async\" class=\"aligncenter wp-image-442 lazyload\" title=\"tuberkulosl\u00e4kemedel\" data-src=\"http:\/\/tuberkuloosi.fi\/wp-content\/uploads\/2014\/03\/Tubil\u00e4\u00e4kkeet4web-600px.jpg\" alt=\"tuberkulos, mediciner, medicinering\" width=\"360\" height=\"245\" src=\"data:image\/svg+xml;base64,PHN2ZyB3aWR0aD0iMSIgaGVpZ2h0PSIxIiB4bWxucz0iaHR0cDovL3d3dy53My5vcmcvMjAwMC9zdmciPjwvc3ZnPg==\" style=\"--smush-placeholder-width: 360px; --smush-placeholder-aspect-ratio: 360\/245;\" \/><\/p>\n<p>Att tillintetg\u00f6ra tuberkelbakterierna tar l\u00e5ng tid. Medicineringen fortg\u00e5r minst sex m\u00e5nader, ofta l\u00e4ngre. I vanliga fall anv\u00e4nds under de tv\u00e5 f\u00f6rsta m\u00e5naderna fyra l\u00e4kemedel, sedan tv\u00e5.<\/p>\n<p>I allm\u00e4nhet k\u00e4nner sig patienten b\u00e4ttre efter n\u00e5gra veckors behandling. Levande tuberkelbakterier finns dock kvar i organismen. \u00c4ven om du inte l\u00e4ngre har n\u00e5gra symtom, \u00e4r det viktigt att du forts\u00e4tter att ta medicinerna tills alla bakterier \u00e4r borta.<\/p>\n<p>Medicineringen inleds p\u00e5 sjukhus. Din l\u00e4kare planerar medicineringen individuellt f\u00f6r dig, v\u00e4ljer mediciner och best\u00e4mmer dosering och behandlingens l\u00e4ngd. Du kan fr\u00e5ga l\u00e4karen ang\u00e5ende medicineringens detaljer.<\/p>\n<h2 id=\"valvottuhoito\">\u00d6vervakad v\u00e5rd<\/h2>\n<p>Tuberkulosmedicinerna tas under kontroll. Den \u00f6vervakade v\u00e5rden kallas ocks\u00e5 DOT (directly observed treatment). I vissa fall kan \u00f6vervakningen av medicinsk behandling \u00e4ven genomf\u00f6ras som video\u00f6vervakad behandling VOT (video-observed treatment).<\/p>\n<p>Du har r\u00e4tt till st\u00f6d och v\u00e4gledning fr\u00e5n personalen under hela v\u00e5rdperioden. P\u00e5 grund av v\u00e5rdens l\u00e4ngd och den rikliga medicineringen, \u00e4r det inte s\u00e5 l\u00e4tt att regelbundet varje dag ta tuberkulosmedicinerna. Syftet med \u00f6vervakning \u00e4r att hj\u00e4lpa dig ta medicinerna regelbundet och att tillfriskna s\u00e5 snabbt som m\u00f6jligt.<\/p>\n<p>Medicinerna tas s\u00e5, att sk\u00f6taren eller n\u00e5gon annan i personalen ser, att du sv\u00e4ljer varje dos. Samtidigt uppm\u00e4rksammar han eller hon medicinernas biverkningar och ditt v\u00e4lbefinnande samt svarar p\u00e5 fr\u00e5gor. \u00c5t sm\u00e5 barn kan f\u00f6r\u00e4ldrarna ge medicinerna under \u00f6vervakning av en yrkeskunnig person.<\/p>\n<p>Beslut om inledning av den \u00f6vervakade v\u00e5rden samt f\u00f6r\u00e4ndringar och avslutande g\u00f6rs alltid av den l\u00e4kare, som har hand om v\u00e5rden. P\u00e5 sjukhuset iaktar en sk\u00f6tare ditt intag av mediciner. Innan du \u00e5terv\u00e4nder hem, kommer man \u00f6verens om hur du f\u00e5r l\u00e4kemedel fr\u00e5n sjukhuset i forts\u00e4ttningen. Medicinerna kan du inta p\u00e5 en specialistpoliklinik, p\u00e5 den egna h\u00e4lsocentralen, vid arbetsh\u00e4lsov\u00e5rden, i skolan under uppsikt av skolh\u00e4lsov\u00e5rdaren, eller vid din f\u00f6rl\u00e4ggning om du \u00e4r asyls\u00f6kande. Om ditt tillst\u00e5nd s\u00e5 kr\u00e4ver, \u00f6vervakar en hemsjuksk\u00f6tare ditt medicinintag hemma eller i den bostad d\u00e4r du bor. Beroende p\u00e5 din situation f\u00f6rs\u00f6ker man genomf\u00f6ra \u00f6vervakad v\u00e5rd p\u00e5 fem till sju dagar i veckan. Genomf\u00f6randet av den \u00f6vervakade v\u00e5rden varierar mellan olika orter.<\/p>\n<p>Det kan vara farligt att p\u00e5 egen hand avsluta behandlingen eller att d\u00e5 och d\u00e5 l\u00e4mna bort n\u00e5gon medicindos. Bakterierna f\u00f6r\u00f6kar sig, och sjukdomen kvarst\u00e5r under l\u00e4ngre tid. Bakterierna kan ocks\u00e5 bli resistenta mot de l\u00e4kemedel, med vilka du behandlas. Det kan h\u00e4nda, att du m\u00e5ste ta nya mediciner, om de tidigare f\u00f6rlorat sin effekt. Nya l\u00e4kemedel m\u00e5ste tas under en betydligt l\u00e4ngre period och i allm\u00e4nhet orsakar de <a href=\"https:\/\/tuberkuloosi.fi\/se\/hjalp\/medicinernas-biverkningar\/\">mera biverkningar<\/a>.<\/p>\n<ul>\n<li>Endast tuberkulosmediner som intas regelbundet f\u00f6rintar tuberkelbakterierna.<\/li>\n<li>Du tillfrisknar fr\u00e5n tuberkulosen om du tar medicinerna enligt anvisningar.<\/li>\n<li>\u00c4ndra inte p\u00e5 och avsluta inte v\u00e5rden.<\/li>\n<li>Forts\u00e4tt att ta medicinerna, \u00e4ven om du redan skulle k\u00e4nna dig b\u00e4ttre.<\/li>\n<li>Medicineringen eliminerar smittrisken.<\/li>\n<\/ul>\n<h2>Uppf\u00f6ljning av v\u00e5rden<\/h2>\n<p>Ditt tillfrisknande observeras noggrant vid sjukhusets poliklinik, som du bes\u00f6ker med 1-2 m\u00e5naders intervaller under behandlingen. Vid uppf\u00f6ljningsbes\u00f6ket tas vanligen lungr\u00f6ntgen och blodprov och en sputumunders\u00f6kning g\u00f6rs. Du kan ocks\u00e5 st\u00e4lla fr\u00e5gor till l\u00e4karen.<\/p>\n<p>&nbsp;<\/p>\n","protected":false},"excerpt":{"rendered":"<p>Du beh\u00f6ver inte oroa dig. Tuberkulosen kan botas med l\u00e4kemedel utom i s\u00e4llsynta undantagsfall. Vid medicineringen m\u00e5ste du dock noggrant f\u00f6lja de instruktioner du f\u00e5tt av l\u00e4kare och sk\u00f6tare. Tuberkelbakterien v\u00e4xer l\u00e5ngsamt, och en del av bakterierna kan f\u00f6rbli odelade l\u00e5nga tider. Antibiotika inverkar effektivast p\u00e5 bakterier som delar sig. Dessutom kan bland de m\u00e5nga &#8230; <a title=\"L\u00e4kemedelsbehandling av tuberkulos\" class=\"read-more\" href=\"https:\/\/tuberkuloosi.fi\/se\/hjalp\/lakemedelsbehandling-av-tuberkulos\/\">L\u00e4s mer<span class=\"screen-reader-text\">L\u00e4kemedelsbehandling av tuberkulos<\/span><\/a><\/p>\n","protected":false},"author":1,"featured_media":0,"parent":68,"menu_order":6,"comment_status":"closed","ping_status":"open","template":"","meta":{"footnotes":""},"class_list":["post-84","page","type-page","status-publish"],"yoast_head":"<!-- This site is optimized with the Yoast SEO plugin v27.5 - https:\/\/yoast.com\/product\/yoast-seo-wordpress\/ -->\n<title>L\u00e4kemedelsbehandling av tuberkulos - Tuberkulos - tuberkuloosi.fi<\/title>\n<meta name=\"description\" content=\"L\u00e4kemedelsbehandling av tuberkulos inleds alltid med flera mediciner. Tuberkulosmedicinerna b\u00f6r tas under kontroll.\" \/>\n<meta name=\"robots\" content=\"index, follow, max-snippet:-1, max-image-preview:large, max-video-preview:-1\" \/>\n<link rel=\"canonical\" href=\"https:\/\/tuberkuloosi.fi\/se\/hjalp\/lakemedelsbehandling-av-tuberkulos\/\" \/>\n<meta property=\"og:locale\" content=\"sv_SE\" \/>\n<meta property=\"og:type\" content=\"article\" \/>\n<meta property=\"og:title\" content=\"L\u00e4kemedelsbehandling av tuberkulos - Tuberkulos - tuberkuloosi.fi\" \/>\n<meta property=\"og:description\" content=\"L\u00e4kemedelsbehandling av tuberkulos inleds alltid med flera mediciner. Tuberkulosmedicinerna b\u00f6r tas under kontroll.\" \/>\n<meta property=\"og:url\" content=\"https:\/\/tuberkuloosi.fi\/se\/hjalp\/lakemedelsbehandling-av-tuberkulos\/\" \/>\n<meta property=\"og:site_name\" content=\"Tuberkulos - tuberkuloosi.fi\" \/>\n<meta property=\"article:modified_time\" content=\"2023-01-11T09:59:14+00:00\" \/>\n<meta property=\"og:image\" content=\"http:\/\/tuberkuloosi.fi\/wp-content\/uploads\/2014\/03\/mummo.jpg\" \/>\n<meta name=\"twitter:card\" content=\"summary_large_image\" \/>\n<meta name=\"twitter:label1\" content=\"Ber\u00e4knad l\u00e4stid\" \/>\n\t<meta name=\"twitter:data1\" content=\"4 minuter\" \/>\n<script type=\"application\/ld+json\" class=\"yoast-schema-graph\">{\"@context\":\"https:\\\/\\\/schema.org\",\"@graph\":[{\"@type\":\"WebPage\",\"@id\":\"https:\\\/\\\/tuberkuloosi.fi\\\/se\\\/hjalp\\\/lakemedelsbehandling-av-tuberkulos\\\/\",\"url\":\"https:\\\/\\\/tuberkuloosi.fi\\\/se\\\/hjalp\\\/lakemedelsbehandling-av-tuberkulos\\\/\",\"name\":\"L\u00e4kemedelsbehandling av tuberkulos - Tuberkulos - tuberkuloosi.fi\",\"isPartOf\":{\"@id\":\"https:\\\/\\\/tuberkuloosi.fi\\\/se\\\/#website\"},\"primaryImageOfPage\":{\"@id\":\"https:\\\/\\\/tuberkuloosi.fi\\\/se\\\/hjalp\\\/lakemedelsbehandling-av-tuberkulos\\\/#primaryimage\"},\"image\":{\"@id\":\"https:\\\/\\\/tuberkuloosi.fi\\\/se\\\/hjalp\\\/lakemedelsbehandling-av-tuberkulos\\\/#primaryimage\"},\"thumbnailUrl\":\"http:\\\/\\\/tuberkuloosi.fi\\\/wp-content\\\/uploads\\\/2014\\\/03\\\/mummo.jpg\",\"datePublished\":\"2016-11-20T20:32:49+00:00\",\"dateModified\":\"2023-01-11T09:59:14+00:00\",\"description\":\"L\u00e4kemedelsbehandling av tuberkulos inleds alltid med flera mediciner. Tuberkulosmedicinerna b\u00f6r tas under kontroll.\",\"breadcrumb\":{\"@id\":\"https:\\\/\\\/tuberkuloosi.fi\\\/se\\\/hjalp\\\/lakemedelsbehandling-av-tuberkulos\\\/#breadcrumb\"},\"inLanguage\":\"sv-SE\",\"potentialAction\":[{\"@type\":\"ReadAction\",\"target\":[\"https:\\\/\\\/tuberkuloosi.fi\\\/se\\\/hjalp\\\/lakemedelsbehandling-av-tuberkulos\\\/\"]}]},{\"@type\":\"ImageObject\",\"inLanguage\":\"sv-SE\",\"@id\":\"https:\\\/\\\/tuberkuloosi.fi\\\/se\\\/hjalp\\\/lakemedelsbehandling-av-tuberkulos\\\/#primaryimage\",\"url\":\"http:\\\/\\\/tuberkuloosi.fi\\\/wp-content\\\/uploads\\\/2014\\\/03\\\/mummo.jpg\",\"contentUrl\":\"http:\\\/\\\/tuberkuloosi.fi\\\/wp-content\\\/uploads\\\/2014\\\/03\\\/mummo.jpg\"},{\"@type\":\"BreadcrumbList\",\"@id\":\"https:\\\/\\\/tuberkuloosi.fi\\\/se\\\/hjalp\\\/lakemedelsbehandling-av-tuberkulos\\\/#breadcrumb\",\"itemListElement\":[{\"@type\":\"ListItem\",\"position\":1,\"name\":\"Etusivu\",\"item\":\"https:\\\/\\\/tuberkuloosi.fi\\\/se\\\/\"},{\"@type\":\"ListItem\",\"position\":2,\"name\":\"Hj\u00e4lp\",\"item\":\"https:\\\/\\\/tuberkuloosi.fi\\\/se\\\/hjalp\\\/\"},{\"@type\":\"ListItem\",\"position\":3,\"name\":\"L\u00e4kemedelsbehandling av tuberkulos\"}]},{\"@type\":\"WebSite\",\"@id\":\"https:\\\/\\\/tuberkuloosi.fi\\\/se\\\/#website\",\"url\":\"https:\\\/\\\/tuberkuloosi.fi\\\/se\\\/\",\"name\":\"Tuberkulos - tuberkuloosi.fi\",\"description\":\"Tuberkulos kan botas \u2013 det klarar vi tillsammans\",\"publisher\":{\"@id\":\"https:\\\/\\\/tuberkuloosi.fi\\\/se\\\/#organization\"},\"potentialAction\":[{\"@type\":\"SearchAction\",\"target\":{\"@type\":\"EntryPoint\",\"urlTemplate\":\"https:\\\/\\\/tuberkuloosi.fi\\\/se\\\/?s={search_term_string}\"},\"query-input\":{\"@type\":\"PropertyValueSpecification\",\"valueRequired\":true,\"valueName\":\"search_term_string\"}}],\"inLanguage\":\"sv-SE\"},{\"@type\":\"Organization\",\"@id\":\"https:\\\/\\\/tuberkuloosi.fi\\\/se\\\/#organization\",\"name\":\"Tuberkulos - tuberkuloosi.fi\",\"url\":\"https:\\\/\\\/tuberkuloosi.fi\\\/se\\\/\",\"logo\":{\"@type\":\"ImageObject\",\"inLanguage\":\"sv-SE\",\"@id\":\"https:\\\/\\\/tuberkuloosi.fi\\\/se\\\/#\\\/schema\\\/logo\\\/image\\\/\",\"url\":\"https:\\\/\\\/tuberkuloosi.fi\\\/se\\\/wp-content\\\/uploads\\\/sites\\\/9\\\/2019\\\/08\\\/cropped-tuberkuloosi.fi-logo1.jpg\",\"contentUrl\":\"https:\\\/\\\/tuberkuloosi.fi\\\/se\\\/wp-content\\\/uploads\\\/sites\\\/9\\\/2019\\\/08\\\/cropped-tuberkuloosi.fi-logo1.jpg\",\"width\":1598,\"height\":321,\"caption\":\"Tuberkulos - tuberkuloosi.fi\"},\"image\":{\"@id\":\"https:\\\/\\\/tuberkuloosi.fi\\\/se\\\/#\\\/schema\\\/logo\\\/image\\\/\"}}]}<\/script>\n<!-- \/ Yoast SEO plugin. -->","yoast_head_json":{"title":"L\u00e4kemedelsbehandling av tuberkulos - Tuberkulos - tuberkuloosi.fi","description":"L\u00e4kemedelsbehandling av tuberkulos inleds alltid med flera mediciner. Tuberkulosmedicinerna b\u00f6r tas under kontroll.","robots":{"index":"index","follow":"follow","max-snippet":"max-snippet:-1","max-image-preview":"max-image-preview:large","max-video-preview":"max-video-preview:-1"},"canonical":"https:\/\/tuberkuloosi.fi\/se\/hjalp\/lakemedelsbehandling-av-tuberkulos\/","og_locale":"sv_SE","og_type":"article","og_title":"L\u00e4kemedelsbehandling av tuberkulos - Tuberkulos - tuberkuloosi.fi","og_description":"L\u00e4kemedelsbehandling av tuberkulos inleds alltid med flera mediciner. Tuberkulosmedicinerna b\u00f6r tas under kontroll.","og_url":"https:\/\/tuberkuloosi.fi\/se\/hjalp\/lakemedelsbehandling-av-tuberkulos\/","og_site_name":"Tuberkulos - tuberkuloosi.fi","article_modified_time":"2023-01-11T09:59:14+00:00","og_image":[{"url":"http:\/\/tuberkuloosi.fi\/wp-content\/uploads\/2014\/03\/mummo.jpg","type":"","width":"","height":""}],"twitter_card":"summary_large_image","twitter_misc":{"Ber\u00e4knad l\u00e4stid":"4 minuter"},"schema":{"@context":"https:\/\/schema.org","@graph":[{"@type":"WebPage","@id":"https:\/\/tuberkuloosi.fi\/se\/hjalp\/lakemedelsbehandling-av-tuberkulos\/","url":"https:\/\/tuberkuloosi.fi\/se\/hjalp\/lakemedelsbehandling-av-tuberkulos\/","name":"L\u00e4kemedelsbehandling av tuberkulos - Tuberkulos - tuberkuloosi.fi","isPartOf":{"@id":"https:\/\/tuberkuloosi.fi\/se\/#website"},"primaryImageOfPage":{"@id":"https:\/\/tuberkuloosi.fi\/se\/hjalp\/lakemedelsbehandling-av-tuberkulos\/#primaryimage"},"image":{"@id":"https:\/\/tuberkuloosi.fi\/se\/hjalp\/lakemedelsbehandling-av-tuberkulos\/#primaryimage"},"thumbnailUrl":"http:\/\/tuberkuloosi.fi\/wp-content\/uploads\/2014\/03\/mummo.jpg","datePublished":"2016-11-20T20:32:49+00:00","dateModified":"2023-01-11T09:59:14+00:00","description":"L\u00e4kemedelsbehandling av tuberkulos inleds alltid med flera mediciner. Tuberkulosmedicinerna b\u00f6r tas under kontroll.","breadcrumb":{"@id":"https:\/\/tuberkuloosi.fi\/se\/hjalp\/lakemedelsbehandling-av-tuberkulos\/#breadcrumb"},"inLanguage":"sv-SE","potentialAction":[{"@type":"ReadAction","target":["https:\/\/tuberkuloosi.fi\/se\/hjalp\/lakemedelsbehandling-av-tuberkulos\/"]}]},{"@type":"ImageObject","inLanguage":"sv-SE","@id":"https:\/\/tuberkuloosi.fi\/se\/hjalp\/lakemedelsbehandling-av-tuberkulos\/#primaryimage","url":"http:\/\/tuberkuloosi.fi\/wp-content\/uploads\/2014\/03\/mummo.jpg","contentUrl":"http:\/\/tuberkuloosi.fi\/wp-content\/uploads\/2014\/03\/mummo.jpg"},{"@type":"BreadcrumbList","@id":"https:\/\/tuberkuloosi.fi\/se\/hjalp\/lakemedelsbehandling-av-tuberkulos\/#breadcrumb","itemListElement":[{"@type":"ListItem","position":1,"name":"Etusivu","item":"https:\/\/tuberkuloosi.fi\/se\/"},{"@type":"ListItem","position":2,"name":"Hj\u00e4lp","item":"https:\/\/tuberkuloosi.fi\/se\/hjalp\/"},{"@type":"ListItem","position":3,"name":"L\u00e4kemedelsbehandling av tuberkulos"}]},{"@type":"WebSite","@id":"https:\/\/tuberkuloosi.fi\/se\/#website","url":"https:\/\/tuberkuloosi.fi\/se\/","name":"Tuberkulos - tuberkuloosi.fi","description":"Tuberkulos kan botas \u2013 det klarar vi tillsammans","publisher":{"@id":"https:\/\/tuberkuloosi.fi\/se\/#organization"},"potentialAction":[{"@type":"SearchAction","target":{"@type":"EntryPoint","urlTemplate":"https:\/\/tuberkuloosi.fi\/se\/?s={search_term_string}"},"query-input":{"@type":"PropertyValueSpecification","valueRequired":true,"valueName":"search_term_string"}}],"inLanguage":"sv-SE"},{"@type":"Organization","@id":"https:\/\/tuberkuloosi.fi\/se\/#organization","name":"Tuberkulos - tuberkuloosi.fi","url":"https:\/\/tuberkuloosi.fi\/se\/","logo":{"@type":"ImageObject","inLanguage":"sv-SE","@id":"https:\/\/tuberkuloosi.fi\/se\/#\/schema\/logo\/image\/","url":"https:\/\/tuberkuloosi.fi\/se\/wp-content\/uploads\/sites\/9\/2019\/08\/cropped-tuberkuloosi.fi-logo1.jpg","contentUrl":"https:\/\/tuberkuloosi.fi\/se\/wp-content\/uploads\/sites\/9\/2019\/08\/cropped-tuberkuloosi.fi-logo1.jpg","width":1598,"height":321,"caption":"Tuberkulos - tuberkuloosi.fi"},"image":{"@id":"https:\/\/tuberkuloosi.fi\/se\/#\/schema\/logo\/image\/"}}]}},"_links":{"self":[{"href":"https:\/\/tuberkuloosi.fi\/se\/wp-json\/wp\/v2\/pages\/84","targetHints":{"allow":["GET"]}}],"collection":[{"href":"https:\/\/tuberkuloosi.fi\/se\/wp-json\/wp\/v2\/pages"}],"about":[{"href":"https:\/\/tuberkuloosi.fi\/se\/wp-json\/wp\/v2\/types\/page"}],"author":[{"embeddable":true,"href":"https:\/\/tuberkuloosi.fi\/se\/wp-json\/wp\/v2\/users\/1"}],"replies":[{"embeddable":true,"href":"https:\/\/tuberkuloosi.fi\/se\/wp-json\/wp\/v2\/comments?post=84"}],"version-history":[{"count":8,"href":"https:\/\/tuberkuloosi.fi\/se\/wp-json\/wp\/v2\/pages\/84\/revisions"}],"predecessor-version":[{"id":616,"href":"https:\/\/tuberkuloosi.fi\/se\/wp-json\/wp\/v2\/pages\/84\/revisions\/616"}],"up":[{"embeddable":true,"href":"https:\/\/tuberkuloosi.fi\/se\/wp-json\/wp\/v2\/pages\/68"}],"wp:attachment":[{"href":"https:\/\/tuberkuloosi.fi\/se\/wp-json\/wp\/v2\/media?parent=84"}],"curies":[{"name":"wp","href":"https:\/\/api.w.org\/{rel}","templated":true}]}}